{"id":96178,"date":"2023-02-28T05:14:33","date_gmt":"2023-02-28T04:14:33","guid":{"rendered":"http:\/\/shop.bantam.ch\/produit\/navigationssoftware-z-emap66-ehg7-fuer-reisemobile-7-jahre-updates\/"},"modified":"2026-04-18T21:30:26","modified_gmt":"2026-04-18T19:30:26","slug":"navigationssoftware-z-emap66-ehg7-fuer-reisemobile-7-jahre-updates","status":"publish","type":"product","link":"https:\/\/shop.bantam.ch\/de\/produkt\/navigationssoftware-z-emap66-ehg7-fuer-reisemobile-7-jahre-updates\/","title":{"rendered":"Navigationssoftware ZENEC Z-EMAP66-EHG7 f\u00fcr Reisemobile 7 Jahre Updates"},"content":{"rendered":"<p>Mit den optional erh\u00e4ltlichen Navipaketen Z-EMAP66-EHG3 oder Z-EMAP66-EHG7 wird der Z-E3766 zum gut ausgestatteten Naviceiver f\u00fcr Reisemobile.<\/p>\n<p>Eigenschaften und Funktionen:<\/p>\n<ul>\n<li>Freeontour Routen\u00fcbertragung per Bluetooth (send to car)<\/li>\n<li>Karten f\u00fcr 47 L\u00e4nder auf 16 GB microSDKarte<\/li>\n<li>Vorkonfigurierte und einstellbare Fahrzeugprofile (Eingabe von H\u00f6he, Breite, L\u00e4nge, Gewicht, etc.)<\/li>\n<li>Camping P.O.I. Paket mit mehr als 20.000 Stell- &amp; Campingpl\u00e4tzen<\/li>\n<li>mehrsprachige Camping P.O.I. Detailinfos (GER, UK, IT, FR, NL)<\/li>\n<li>EU Premium P.O.I. Paket mit \u00fcber 6,5 Millionen Sonderzielen<\/li>\n<li>Realistische 3D-Darstellung von Gel\u00e4nde, Sehensw\u00fcrdigkeiten, Innenst\u00e4dten und Abbiegungen<\/li>\n<li>Fahrspurassistent, Tunnel-Modus, AutoZoom f\u00fcr Kreuzungen<\/li>\n<li>Manuelle Zoomfaktor-Einstellung per Touchscreen<\/li>\n<li>Koppelnavigation zur pr\u00e4zisen Routenf\u00fchrung ohne GNSS Signal (Tunnel, Unterf\u00fchrungen, Parkh\u00e4user, etc.)<\/li>\n<li>Navi Splitscreen in Audioquellen mit Anzeige von Stra\u00dfennamen sowie der Distanz bis zur n\u00e4chsten Abbiegung<\/li>\n<li>Sprachf\u00fchrung in 29 Sprachen (TTS)<\/li>\n<li>TPEG free Verkehrsinfos \u00fcber DAB+ (Abdeckung l\u00e4nderspezifisch)<\/li>\n<li>TMC Verkehrsinformationen<\/li>\n<\/ul>\n","protected":false},"excerpt":{"rendered":"<p>Mit den optional erh\u00e4ltlichen Navipaketen Z-EMAP66-EHG3 oder Z-EMAP66-EHG7 wird der Z-E3766 zum gut ausgestatteten Naviceiver f\u00fcr Reisemobile. Eigenschaften und Funktionen: Freeontour Routen\u00fcbertragung per Bluetooth (send to car) Karten f\u00fcr 47 L\u00e4nder auf 16 GB microSDKarte Vorkonfigurierte und einstellbare Fahrzeugprofile (Eingabe von H\u00f6he, Breite, L\u00e4nge, Gewicht, etc.) Camping P.O.I. Paket mit mehr als 20.000 Stell- &amp; [&hellip;]<\/p>\n","protected":false},"featured_media":96174,"template":"","meta":{"_acf_changed":false},"product_featured_cat":[],"product_brand":[3213],"product_cat":[4994],"product_tag":[],"class_list":{"0":"post-96178","1":"product","2":"type-product","3":"status-publish","4":"has-post-thumbnail","6":"product_brand-zenec-de","7":"product_cat-navigationssoftware","9":"first","10":"instock","11":"taxable","12":"shipping-taxable","13":"purchasable","14":"product-type-simple"},"acf":[],"yoast_head":"<!-- This site is optimized with the Yoast SEO plugin v27.4 - https:\/\/yoast.com\/product\/yoast-seo-wordpress\/ -->\n<title>Navigationssoftware ZENEC Z-EMAP66-EHG7 f\u00fcr Reisemobile 7 Jahre Updates - Bantam Camping AG<\/title>\n<meta name=\"robots\" content=\"index, follow, max-snippet:-1, max-image-preview:large, max-video-preview:-1\" \/>\n<link rel=\"canonical\" href=\"https:\/\/shop.bantam.ch\/de\/produkt\/navigationssoftware-z-emap66-ehg7-fuer-reisemobile-7-jahre-updates\/\" \/>\n<meta property=\"og:locale\" content=\"de_DE\" \/>\n<meta property=\"og:type\" content=\"article\" \/>\n<meta property=\"og:title\" content=\"Navigationssoftware ZENEC Z-EMAP66-EHG7 f\u00fcr Reisemobile 7 Jahre Updates - Bantam Camping AG\" \/>\n<meta property=\"og:description\" content=\"Mit den optional erh\u00e4ltlichen Navipaketen Z-EMAP66-EHG3 oder Z-EMAP66-EHG7 wird der Z-E3766 zum gut ausgestatteten Naviceiver f\u00fcr Reisemobile. Eigenschaften und Funktionen: Freeontour Routen\u00fcbertragung per Bluetooth (send to car) Karten f\u00fcr 47 L\u00e4nder auf 16 GB microSDKarte Vorkonfigurierte und einstellbare Fahrzeugprofile (Eingabe von H\u00f6he, Breite, L\u00e4nge, Gewicht, etc.) Camping P.O.I. Paket mit mehr als 20.000 Stell- &amp; [&hellip;]\" \/>\n<meta property=\"og:url\" content=\"https:\/\/shop.bantam.ch\/de\/produkt\/navigationssoftware-z-emap66-ehg7-fuer-reisemobile-7-jahre-updates\/\" \/>\n<meta property=\"og:site_name\" content=\"Bantam Camping AG\" \/>\n<meta property=\"article:modified_time\" content=\"2026-04-18T19:30:26+00:00\" \/>\n<meta property=\"og:image\" content=\"https:\/\/shop.bantam.ch\/wp-content\/uploads\/2023\/02\/995583711.jpg\" \/>\n\t<meta property=\"og:image:width\" content=\"1000\" \/>\n\t<meta property=\"og:image:height\" content=\"600\" \/>\n\t<meta property=\"og:image:type\" content=\"image\/jpeg\" \/>\n<meta name=\"twitter:card\" content=\"summary_large_image\" \/>\n<meta name=\"twitter:label1\" content=\"Gesch\u00e4tzte Lesezeit\" \/>\n\t<meta name=\"twitter:data1\" content=\"1\u00a0Minute\" \/>\n<script type=\"application\/ld+json\" class=\"yoast-schema-graph\">{\"@context\":\"https:\\\/\\\/schema.org\",\"@graph\":[{\"@type\":\"WebPage\",\"@id\":\"https:\\\/\\\/shop.bantam.ch\\\/de\\\/produkt\\\/navigationssoftware-z-emap66-ehg7-fuer-reisemobile-7-jahre-updates\\\/\",\"url\":\"https:\\\/\\\/shop.bantam.ch\\\/de\\\/produkt\\\/navigationssoftware-z-emap66-ehg7-fuer-reisemobile-7-jahre-updates\\\/\",\"name\":\"Navigationssoftware ZENEC Z-EMAP66-EHG7 f\u00fcr Reisemobile 7 Jahre Updates - Bantam Camping AG\",\"isPartOf\":{\"@id\":\"https:\\\/\\\/shop.bantam.ch\\\/de\\\/#website\"},\"primaryImageOfPage\":{\"@id\":\"https:\\\/\\\/shop.bantam.ch\\\/de\\\/produkt\\\/navigationssoftware-z-emap66-ehg7-fuer-reisemobile-7-jahre-updates\\\/#primaryimage\"},\"image\":{\"@id\":\"https:\\\/\\\/shop.bantam.ch\\\/de\\\/produkt\\\/navigationssoftware-z-emap66-ehg7-fuer-reisemobile-7-jahre-updates\\\/#primaryimage\"},\"thumbnailUrl\":\"https:\\\/\\\/shop.bantam.ch\\\/wp-content\\\/uploads\\\/2023\\\/02\\\/995583711.jpg\",\"datePublished\":\"2023-02-28T04:14:33+00:00\",\"dateModified\":\"2026-04-18T19:30:26+00:00\",\"breadcrumb\":{\"@id\":\"https:\\\/\\\/shop.bantam.ch\\\/de\\\/produkt\\\/navigationssoftware-z-emap66-ehg7-fuer-reisemobile-7-jahre-updates\\\/#breadcrumb\"},\"inLanguage\":\"de\",\"potentialAction\":[{\"@type\":\"ReadAction\",\"target\":[\"https:\\\/\\\/shop.bantam.ch\\\/de\\\/produkt\\\/navigationssoftware-z-emap66-ehg7-fuer-reisemobile-7-jahre-updates\\\/\"]}]},{\"@type\":\"ImageObject\",\"inLanguage\":\"de\",\"@id\":\"https:\\\/\\\/shop.bantam.ch\\\/de\\\/produkt\\\/navigationssoftware-z-emap66-ehg7-fuer-reisemobile-7-jahre-updates\\\/#primaryimage\",\"url\":\"https:\\\/\\\/shop.bantam.ch\\\/wp-content\\\/uploads\\\/2023\\\/02\\\/995583711.jpg\",\"contentUrl\":\"https:\\\/\\\/shop.bantam.ch\\\/wp-content\\\/uploads\\\/2023\\\/02\\\/995583711.jpg\",\"width\":1000,\"height\":600},{\"@type\":\"BreadcrumbList\",\"@id\":\"https:\\\/\\\/shop.bantam.ch\\\/de\\\/produkt\\\/navigationssoftware-z-emap66-ehg7-fuer-reisemobile-7-jahre-updates\\\/#breadcrumb\",\"itemListElement\":[{\"@type\":\"ListItem\",\"position\":1,\"name\":\"Accueil\",\"item\":\"https:\\\/\\\/shop.bantam.ch\\\/de\\\/\"},{\"@type\":\"ListItem\",\"position\":2,\"name\":\"Shop\",\"item\":\"https:\\\/\\\/shop.bantam.ch\\\/de\\\/shop\\\/\"},{\"@type\":\"ListItem\",\"position\":3,\"name\":\"Navigationssoftware ZENEC Z-EMAP66-EHG7 f\u00fcr Reisemobile 7 Jahre Updates\"}]},{\"@type\":\"WebSite\",\"@id\":\"https:\\\/\\\/shop.bantam.ch\\\/de\\\/#website\",\"url\":\"https:\\\/\\\/shop.bantam.ch\\\/de\\\/\",\"name\":\"Bantam Camping AG\",\"description\":\"\",\"publisher\":{\"@id\":\"https:\\\/\\\/shop.bantam.ch\\\/de\\\/#organization\"},\"inLanguage\":\"de\"},{\"@type\":\"Organization\",\"@id\":\"https:\\\/\\\/shop.bantam.ch\\\/de\\\/#organization\",\"name\":\"Bantam Camping AG\",\"url\":\"https:\\\/\\\/shop.bantam.ch\\\/de\\\/\",\"logo\":{\"@type\":\"ImageObject\",\"inLanguage\":\"de\",\"@id\":\"https:\\\/\\\/shop.bantam.ch\\\/de\\\/#\\\/schema\\\/logo\\\/image\\\/\",\"url\":\"https:\\\/\\\/shop.bantam.ch\\\/wp-content\\\/uploads\\\/2022\\\/12\\\/bantam-logo.png\",\"contentUrl\":\"https:\\\/\\\/shop.bantam.ch\\\/wp-content\\\/uploads\\\/2022\\\/12\\\/bantam-logo.png\",\"width\":320,\"height\":71,\"caption\":\"Bantam Camping AG\"},\"image\":{\"@id\":\"https:\\\/\\\/shop.bantam.ch\\\/de\\\/#\\\/schema\\\/logo\\\/image\\\/\"}}]}<\/script>\n<!-- \/ Yoast SEO plugin. -->","yoast_head_json":{"title":"Navigationssoftware ZENEC Z-EMAP66-EHG7 f\u00fcr Reisemobile 7 Jahre Updates - Bantam Camping AG","robots":{"index":"index","follow":"follow","max-snippet":"max-snippet:-1","max-image-preview":"max-image-preview:large","max-video-preview":"max-video-preview:-1"},"canonical":"https:\/\/shop.bantam.ch\/de\/produkt\/navigationssoftware-z-emap66-ehg7-fuer-reisemobile-7-jahre-updates\/","og_locale":"de_DE","og_type":"article","og_title":"Navigationssoftware ZENEC Z-EMAP66-EHG7 f\u00fcr Reisemobile 7 Jahre Updates - Bantam Camping AG","og_description":"Mit den optional erh\u00e4ltlichen Navipaketen Z-EMAP66-EHG3 oder Z-EMAP66-EHG7 wird der Z-E3766 zum gut ausgestatteten Naviceiver f\u00fcr Reisemobile. Eigenschaften und Funktionen: Freeontour Routen\u00fcbertragung per Bluetooth (send to car) Karten f\u00fcr 47 L\u00e4nder auf 16 GB microSDKarte Vorkonfigurierte und einstellbare Fahrzeugprofile (Eingabe von H\u00f6he, Breite, L\u00e4nge, Gewicht, etc.) Camping P.O.I. Paket mit mehr als 20.000 Stell- &amp; [&hellip;]","og_url":"https:\/\/shop.bantam.ch\/de\/produkt\/navigationssoftware-z-emap66-ehg7-fuer-reisemobile-7-jahre-updates\/","og_site_name":"Bantam Camping AG","article_modified_time":"2026-04-18T19:30:26+00:00","og_image":[{"width":1000,"height":600,"url":"https:\/\/shop.bantam.ch\/wp-content\/uploads\/2023\/02\/995583711.jpg","type":"image\/jpeg"}],"twitter_card":"summary_large_image","twitter_misc":{"Gesch\u00e4tzte Lesezeit":"1\u00a0Minute"},"schema":{"@context":"https:\/\/schema.org","@graph":[{"@type":"WebPage","@id":"https:\/\/shop.bantam.ch\/de\/produkt\/navigationssoftware-z-emap66-ehg7-fuer-reisemobile-7-jahre-updates\/","url":"https:\/\/shop.bantam.ch\/de\/produkt\/navigationssoftware-z-emap66-ehg7-fuer-reisemobile-7-jahre-updates\/","name":"Navigationssoftware ZENEC Z-EMAP66-EHG7 f\u00fcr Reisemobile 7 Jahre Updates - Bantam Camping AG","isPartOf":{"@id":"https:\/\/shop.bantam.ch\/de\/#website"},"primaryImageOfPage":{"@id":"https:\/\/shop.bantam.ch\/de\/produkt\/navigationssoftware-z-emap66-ehg7-fuer-reisemobile-7-jahre-updates\/#primaryimage"},"image":{"@id":"https:\/\/shop.bantam.ch\/de\/produkt\/navigationssoftware-z-emap66-ehg7-fuer-reisemobile-7-jahre-updates\/#primaryimage"},"thumbnailUrl":"https:\/\/shop.bantam.ch\/wp-content\/uploads\/2023\/02\/995583711.jpg","datePublished":"2023-02-28T04:14:33+00:00","dateModified":"2026-04-18T19:30:26+00:00","breadcrumb":{"@id":"https:\/\/shop.bantam.ch\/de\/produkt\/navigationssoftware-z-emap66-ehg7-fuer-reisemobile-7-jahre-updates\/#breadcrumb"},"inLanguage":"de","potentialAction":[{"@type":"ReadAction","target":["https:\/\/shop.bantam.ch\/de\/produkt\/navigationssoftware-z-emap66-ehg7-fuer-reisemobile-7-jahre-updates\/"]}]},{"@type":"ImageObject","inLanguage":"de","@id":"https:\/\/shop.bantam.ch\/de\/produkt\/navigationssoftware-z-emap66-ehg7-fuer-reisemobile-7-jahre-updates\/#primaryimage","url":"https:\/\/shop.bantam.ch\/wp-content\/uploads\/2023\/02\/995583711.jpg","contentUrl":"https:\/\/shop.bantam.ch\/wp-content\/uploads\/2023\/02\/995583711.jpg","width":1000,"height":600},{"@type":"BreadcrumbList","@id":"https:\/\/shop.bantam.ch\/de\/produkt\/navigationssoftware-z-emap66-ehg7-fuer-reisemobile-7-jahre-updates\/#breadcrumb","itemListElement":[{"@type":"ListItem","position":1,"name":"Accueil","item":"https:\/\/shop.bantam.ch\/de\/"},{"@type":"ListItem","position":2,"name":"Shop","item":"https:\/\/shop.bantam.ch\/de\/shop\/"},{"@type":"ListItem","position":3,"name":"Navigationssoftware ZENEC Z-EMAP66-EHG7 f\u00fcr Reisemobile 7 Jahre Updates"}]},{"@type":"WebSite","@id":"https:\/\/shop.bantam.ch\/de\/#website","url":"https:\/\/shop.bantam.ch\/de\/","name":"Bantam Camping AG","description":"","publisher":{"@id":"https:\/\/shop.bantam.ch\/de\/#organization"},"inLanguage":"de"},{"@type":"Organization","@id":"https:\/\/shop.bantam.ch\/de\/#organization","name":"Bantam Camping AG","url":"https:\/\/shop.bantam.ch\/de\/","logo":{"@type":"ImageObject","inLanguage":"de","@id":"https:\/\/shop.bantam.ch\/de\/#\/schema\/logo\/image\/","url":"https:\/\/shop.bantam.ch\/wp-content\/uploads\/2022\/12\/bantam-logo.png","contentUrl":"https:\/\/shop.bantam.ch\/wp-content\/uploads\/2022\/12\/bantam-logo.png","width":320,"height":71,"caption":"Bantam Camping AG"},"image":{"@id":"https:\/\/shop.bantam.ch\/de\/#\/schema\/logo\/image\/"}}]}},"_links":{"self":[{"href":"https:\/\/shop.bantam.ch\/de\/wp-json\/wp\/v2\/product\/96178","targetHints":{"allow":["GET"]}}],"collection":[{"href":"https:\/\/shop.bantam.ch\/de\/wp-json\/wp\/v2\/product"}],"about":[{"href":"https:\/\/shop.bantam.ch\/de\/wp-json\/wp\/v2\/types\/product"}],"wp:featuredmedia":[{"embeddable":true,"href":"https:\/\/shop.bantam.ch\/de\/wp-json\/wp\/v2\/media\/96174"}],"wp:attachment":[{"href":"https:\/\/shop.bantam.ch\/de\/wp-json\/wp\/v2\/media?parent=96178"}],"wp:term":[{"taxonomy":"product_featured_cat","embeddable":true,"href":"https:\/\/shop.bantam.ch\/de\/wp-json\/wp\/v2\/product_featured_cat?post=96178"},{"taxonomy":"product_brand","embeddable":true,"href":"https:\/\/shop.bantam.ch\/de\/wp-json\/wp\/v2\/product_brand?post=96178"},{"taxonomy":"product_cat","embeddable":true,"href":"https:\/\/shop.bantam.ch\/de\/wp-json\/wp\/v2\/product_cat?post=96178"},{"taxonomy":"product_tag","embeddable":true,"href":"https:\/\/shop.bantam.ch\/de\/wp-json\/wp\/v2\/product_tag?post=96178"}],"curies":[{"name":"wp","href":"https:\/\/api.w.org\/{rel}","templated":true}]}}