{"id":96000,"date":"2023-02-28T05:11:14","date_gmt":"2023-02-28T04:11:14","guid":{"rendered":"http:\/\/shop.bantam.ch\/produit\/gasdruck-regleranlage-caramatic-drivetwo-vertikal-15-kg-h\/"},"modified":"2026-04-17T22:52:46","modified_gmt":"2026-04-17T20:52:46","slug":"gasdruck-regleranlage-caramatic-drivetwo-vertikal-15-kg-h","status":"publish","type":"product","link":"https:\/\/shop.bantam.ch\/de\/produkt\/gasdruck-regleranlage-caramatic-drivetwo-vertikal-15-kg-h\/","title":{"rendered":"Gasdruck-Regleranlage Caramatic DriveTwo vertikal 1,5 kg\/h"},"content":{"rendered":"<p>Sicherheits-Gasdruck-Regelanlage mit automatischem Umschaltventil zum Betrieb von Zweiflaschenanlagen in Caravans und Motorcaravans w\u00e4hrend der Fahrt, zum Anschluss an Gasflaschen mittels Hochdruck-Schlauchleitung, zur Druckregelung auf den Nenndruck des Gasger\u00e4tes.<\/p>\n<ul>\n<li>Heizen w\u00e4hrend der Fahrt durch integrierten mechanischen Crash-Sensor, der bei einem Unfall mit einer direkt auf das Ausl\u00f6seelement einwirkenden Verz\u00f6gerung von 3,5 g \u00b1 0,5 g den Gasdurchgang absperrt, dies entspricht bei einem mittleren Fahrzeuggewicht einer Aufprallgeschwindigkeit von ca. 15 bis 20 km\/h auf ein festes Hindernis.<\/li>\n<li>Automatische Umschaltung auf die Gasflasche der Reserveseite, sobald die Gasflasche der Betriebsseite leer ist.<\/li>\n<li>Ein Flaschenwechsel ist ohne Betriebsunterbrechung m\u00f6glich.<\/li>\n<li>Gasr\u00fccktrittsicherung: ein Durchschlagen des Gasstroms beim Flaschenwechsel wird verhindert.<\/li>\n<li>Gleichm\u00e4\u00dfige Gasversorgung durch optimale Ausnutzung des Gasflascheninhaltes.<\/li>\n<li>Anzeige, aus welcher Gasflasche entnommen wird.<\/li>\n<li>Europaweite Verwendung durch den Einsatz von l\u00e4nderspezifischen Hochdruck-Schlauchleitungen &#8211; Caramatic ConnectDrive (nicht im Lieferumfang enthalten).<\/li>\n<li>Pr\u00fcfeinrichtung zur Dichtheitspr\u00fcfung der Fl\u00fcssiggasanlage ohne Abbau der Druckregeleinrichtung.<\/li>\n<li>Ausf\u00fchrung mit Ausgangsanschluss RVS 10 \/ 8 ist serienm\u00e4\u00dfig mit einem \u00dcbergangsst\u00fcck zum Anschluss an 8 mm Rohrleitungen ausger\u00fcstet.<\/li>\n<\/ul>\n<p>Lieferumfang:<br \/>Automatisches Umschaltventil<br \/>Niederdruckregler mit Sicherheitsabblaseventil PRV<br \/>Mechanischer Crash-Sensor<br \/>Bedienknopf<br \/>Betriebs- und Reserveanzeige<br \/>Gasr\u00fccktrittsicherung<br \/>Pr\u00fcfeinrichtung<br \/>Wandhalterung<\/p>\n","protected":false},"excerpt":{"rendered":"<p>Sicherheits-Gasdruck-Regelanlage mit automatischem Umschaltventil zum Betrieb von Zweiflaschenanlagen in Caravans und Motorcaravans w\u00e4hrend der Fahrt, zum Anschluss an Gasflaschen mittels Hochdruck-Schlauchleitung, zur Druckregelung auf den Nenndruck des Gasger\u00e4tes. Heizen w\u00e4hrend der Fahrt durch integrierten mechanischen Crash-Sensor, der bei einem Unfall mit einer direkt auf das Ausl\u00f6seelement einwirkenden Verz\u00f6gerung von 3,5 g \u00b1 0,5 g den [&hellip;]<\/p>\n","protected":false},"featured_media":95990,"template":"","meta":{"_acf_changed":false},"product_featured_cat":[],"product_brand":[3255],"product_cat":[4492],"product_tag":[],"class_list":{"0":"post-96000","1":"product","2":"type-product","3":"status-publish","4":"has-post-thumbnail","6":"product_brand-gok-de","7":"product_cat-gasdruckregler","9":"first","10":"instock","11":"taxable","12":"shipping-taxable","13":"purchasable","14":"product-type-variable"},"acf":[],"yoast_head":"<!-- This site is optimized with the Yoast SEO plugin v27.4 - https:\/\/yoast.com\/product\/yoast-seo-wordpress\/ -->\n<title>Gasdruck-Regleranlage Caramatic DriveTwo vertikal 1,5 kg\/h - Bantam Camping AG<\/title>\n<meta name=\"robots\" content=\"index, follow, max-snippet:-1, max-image-preview:large, max-video-preview:-1\" \/>\n<link rel=\"canonical\" href=\"https:\/\/shop.bantam.ch\/de\/produkt\/gasdruck-regleranlage-caramatic-drivetwo-vertikal-15-kg-h\/\" \/>\n<meta property=\"og:locale\" content=\"de_DE\" \/>\n<meta property=\"og:type\" content=\"article\" \/>\n<meta property=\"og:title\" content=\"Gasdruck-Regleranlage Caramatic DriveTwo vertikal 1,5 kg\/h - Bantam Camping AG\" \/>\n<meta property=\"og:description\" content=\"Sicherheits-Gasdruck-Regelanlage mit automatischem Umschaltventil zum Betrieb von Zweiflaschenanlagen in Caravans und Motorcaravans w\u00e4hrend der Fahrt, zum Anschluss an Gasflaschen mittels Hochdruck-Schlauchleitung, zur Druckregelung auf den Nenndruck des Gasger\u00e4tes. Heizen w\u00e4hrend der Fahrt durch integrierten mechanischen Crash-Sensor, der bei einem Unfall mit einer direkt auf das Ausl\u00f6seelement einwirkenden Verz\u00f6gerung von 3,5 g \u00b1 0,5 g den [&hellip;]\" \/>\n<meta property=\"og:url\" content=\"https:\/\/shop.bantam.ch\/de\/produkt\/gasdruck-regleranlage-caramatic-drivetwo-vertikal-15-kg-h\/\" \/>\n<meta property=\"og:site_name\" content=\"Bantam Camping AG\" \/>\n<meta property=\"article:modified_time\" content=\"2026-04-17T20:52:46+00:00\" \/>\n<meta property=\"og:image\" content=\"https:\/\/shop.bantam.ch\/wp-content\/uploads\/2023\/02\/995595911.png\" \/>\n\t<meta property=\"og:image:width\" content=\"497\" \/>\n\t<meta property=\"og:image:height\" content=\"1000\" \/>\n\t<meta property=\"og:image:type\" content=\"image\/png\" \/>\n<meta name=\"twitter:card\" content=\"summary_large_image\" \/>\n<meta name=\"twitter:label1\" content=\"Gesch\u00e4tzte Lesezeit\" \/>\n\t<meta name=\"twitter:data1\" content=\"1\u00a0Minute\" \/>\n<script type=\"application\/ld+json\" class=\"yoast-schema-graph\">{\"@context\":\"https:\\\/\\\/schema.org\",\"@graph\":[{\"@type\":\"WebPage\",\"@id\":\"https:\\\/\\\/shop.bantam.ch\\\/de\\\/produkt\\\/gasdruck-regleranlage-caramatic-drivetwo-vertikal-15-kg-h\\\/\",\"url\":\"https:\\\/\\\/shop.bantam.ch\\\/de\\\/produkt\\\/gasdruck-regleranlage-caramatic-drivetwo-vertikal-15-kg-h\\\/\",\"name\":\"Gasdruck-Regleranlage Caramatic DriveTwo vertikal 1,5 kg\\\/h - Bantam Camping AG\",\"isPartOf\":{\"@id\":\"https:\\\/\\\/shop.bantam.ch\\\/de\\\/#website\"},\"primaryImageOfPage\":{\"@id\":\"https:\\\/\\\/shop.bantam.ch\\\/de\\\/produkt\\\/gasdruck-regleranlage-caramatic-drivetwo-vertikal-15-kg-h\\\/#primaryimage\"},\"image\":{\"@id\":\"https:\\\/\\\/shop.bantam.ch\\\/de\\\/produkt\\\/gasdruck-regleranlage-caramatic-drivetwo-vertikal-15-kg-h\\\/#primaryimage\"},\"thumbnailUrl\":\"https:\\\/\\\/shop.bantam.ch\\\/wp-content\\\/uploads\\\/2023\\\/02\\\/995595911.png\",\"datePublished\":\"2023-02-28T04:11:14+00:00\",\"dateModified\":\"2026-04-17T20:52:46+00:00\",\"breadcrumb\":{\"@id\":\"https:\\\/\\\/shop.bantam.ch\\\/de\\\/produkt\\\/gasdruck-regleranlage-caramatic-drivetwo-vertikal-15-kg-h\\\/#breadcrumb\"},\"inLanguage\":\"de\",\"potentialAction\":[{\"@type\":\"ReadAction\",\"target\":[\"https:\\\/\\\/shop.bantam.ch\\\/de\\\/produkt\\\/gasdruck-regleranlage-caramatic-drivetwo-vertikal-15-kg-h\\\/\"]}]},{\"@type\":\"ImageObject\",\"inLanguage\":\"de\",\"@id\":\"https:\\\/\\\/shop.bantam.ch\\\/de\\\/produkt\\\/gasdruck-regleranlage-caramatic-drivetwo-vertikal-15-kg-h\\\/#primaryimage\",\"url\":\"https:\\\/\\\/shop.bantam.ch\\\/wp-content\\\/uploads\\\/2023\\\/02\\\/995595911.png\",\"contentUrl\":\"https:\\\/\\\/shop.bantam.ch\\\/wp-content\\\/uploads\\\/2023\\\/02\\\/995595911.png\",\"width\":497,\"height\":1000},{\"@type\":\"BreadcrumbList\",\"@id\":\"https:\\\/\\\/shop.bantam.ch\\\/de\\\/produkt\\\/gasdruck-regleranlage-caramatic-drivetwo-vertikal-15-kg-h\\\/#breadcrumb\",\"itemListElement\":[{\"@type\":\"ListItem\",\"position\":1,\"name\":\"Accueil\",\"item\":\"https:\\\/\\\/shop.bantam.ch\\\/de\\\/\"},{\"@type\":\"ListItem\",\"position\":2,\"name\":\"Shop\",\"item\":\"https:\\\/\\\/shop.bantam.ch\\\/de\\\/shop\\\/\"},{\"@type\":\"ListItem\",\"position\":3,\"name\":\"Gasdruck-Regleranlage Caramatic DriveTwo vertikal 1,5 kg\\\/h\"}]},{\"@type\":\"WebSite\",\"@id\":\"https:\\\/\\\/shop.bantam.ch\\\/de\\\/#website\",\"url\":\"https:\\\/\\\/shop.bantam.ch\\\/de\\\/\",\"name\":\"Bantam Camping AG\",\"description\":\"\",\"publisher\":{\"@id\":\"https:\\\/\\\/shop.bantam.ch\\\/de\\\/#organization\"},\"inLanguage\":\"de\"},{\"@type\":\"Organization\",\"@id\":\"https:\\\/\\\/shop.bantam.ch\\\/de\\\/#organization\",\"name\":\"Bantam Camping AG\",\"url\":\"https:\\\/\\\/shop.bantam.ch\\\/de\\\/\",\"logo\":{\"@type\":\"ImageObject\",\"inLanguage\":\"de\",\"@id\":\"https:\\\/\\\/shop.bantam.ch\\\/de\\\/#\\\/schema\\\/logo\\\/image\\\/\",\"url\":\"https:\\\/\\\/shop.bantam.ch\\\/wp-content\\\/uploads\\\/2022\\\/12\\\/bantam-logo.png\",\"contentUrl\":\"https:\\\/\\\/shop.bantam.ch\\\/wp-content\\\/uploads\\\/2022\\\/12\\\/bantam-logo.png\",\"width\":320,\"height\":71,\"caption\":\"Bantam Camping AG\"},\"image\":{\"@id\":\"https:\\\/\\\/shop.bantam.ch\\\/de\\\/#\\\/schema\\\/logo\\\/image\\\/\"}}]}<\/script>\n<!-- \/ Yoast SEO plugin. -->","yoast_head_json":{"title":"Gasdruck-Regleranlage Caramatic DriveTwo vertikal 1,5 kg\/h - Bantam Camping AG","robots":{"index":"index","follow":"follow","max-snippet":"max-snippet:-1","max-image-preview":"max-image-preview:large","max-video-preview":"max-video-preview:-1"},"canonical":"https:\/\/shop.bantam.ch\/de\/produkt\/gasdruck-regleranlage-caramatic-drivetwo-vertikal-15-kg-h\/","og_locale":"de_DE","og_type":"article","og_title":"Gasdruck-Regleranlage Caramatic DriveTwo vertikal 1,5 kg\/h - Bantam Camping AG","og_description":"Sicherheits-Gasdruck-Regelanlage mit automatischem Umschaltventil zum Betrieb von Zweiflaschenanlagen in Caravans und Motorcaravans w\u00e4hrend der Fahrt, zum Anschluss an Gasflaschen mittels Hochdruck-Schlauchleitung, zur Druckregelung auf den Nenndruck des Gasger\u00e4tes. Heizen w\u00e4hrend der Fahrt durch integrierten mechanischen Crash-Sensor, der bei einem Unfall mit einer direkt auf das Ausl\u00f6seelement einwirkenden Verz\u00f6gerung von 3,5 g \u00b1 0,5 g den [&hellip;]","og_url":"https:\/\/shop.bantam.ch\/de\/produkt\/gasdruck-regleranlage-caramatic-drivetwo-vertikal-15-kg-h\/","og_site_name":"Bantam Camping AG","article_modified_time":"2026-04-17T20:52:46+00:00","og_image":[{"width":497,"height":1000,"url":"https:\/\/shop.bantam.ch\/wp-content\/uploads\/2023\/02\/995595911.png","type":"image\/png"}],"twitter_card":"summary_large_image","twitter_misc":{"Gesch\u00e4tzte Lesezeit":"1\u00a0Minute"},"schema":{"@context":"https:\/\/schema.org","@graph":[{"@type":"WebPage","@id":"https:\/\/shop.bantam.ch\/de\/produkt\/gasdruck-regleranlage-caramatic-drivetwo-vertikal-15-kg-h\/","url":"https:\/\/shop.bantam.ch\/de\/produkt\/gasdruck-regleranlage-caramatic-drivetwo-vertikal-15-kg-h\/","name":"Gasdruck-Regleranlage Caramatic DriveTwo vertikal 1,5 kg\/h - Bantam Camping AG","isPartOf":{"@id":"https:\/\/shop.bantam.ch\/de\/#website"},"primaryImageOfPage":{"@id":"https:\/\/shop.bantam.ch\/de\/produkt\/gasdruck-regleranlage-caramatic-drivetwo-vertikal-15-kg-h\/#primaryimage"},"image":{"@id":"https:\/\/shop.bantam.ch\/de\/produkt\/gasdruck-regleranlage-caramatic-drivetwo-vertikal-15-kg-h\/#primaryimage"},"thumbnailUrl":"https:\/\/shop.bantam.ch\/wp-content\/uploads\/2023\/02\/995595911.png","datePublished":"2023-02-28T04:11:14+00:00","dateModified":"2026-04-17T20:52:46+00:00","breadcrumb":{"@id":"https:\/\/shop.bantam.ch\/de\/produkt\/gasdruck-regleranlage-caramatic-drivetwo-vertikal-15-kg-h\/#breadcrumb"},"inLanguage":"de","potentialAction":[{"@type":"ReadAction","target":["https:\/\/shop.bantam.ch\/de\/produkt\/gasdruck-regleranlage-caramatic-drivetwo-vertikal-15-kg-h\/"]}]},{"@type":"ImageObject","inLanguage":"de","@id":"https:\/\/shop.bantam.ch\/de\/produkt\/gasdruck-regleranlage-caramatic-drivetwo-vertikal-15-kg-h\/#primaryimage","url":"https:\/\/shop.bantam.ch\/wp-content\/uploads\/2023\/02\/995595911.png","contentUrl":"https:\/\/shop.bantam.ch\/wp-content\/uploads\/2023\/02\/995595911.png","width":497,"height":1000},{"@type":"BreadcrumbList","@id":"https:\/\/shop.bantam.ch\/de\/produkt\/gasdruck-regleranlage-caramatic-drivetwo-vertikal-15-kg-h\/#breadcrumb","itemListElement":[{"@type":"ListItem","position":1,"name":"Accueil","item":"https:\/\/shop.bantam.ch\/de\/"},{"@type":"ListItem","position":2,"name":"Shop","item":"https:\/\/shop.bantam.ch\/de\/shop\/"},{"@type":"ListItem","position":3,"name":"Gasdruck-Regleranlage Caramatic DriveTwo vertikal 1,5 kg\/h"}]},{"@type":"WebSite","@id":"https:\/\/shop.bantam.ch\/de\/#website","url":"https:\/\/shop.bantam.ch\/de\/","name":"Bantam Camping AG","description":"","publisher":{"@id":"https:\/\/shop.bantam.ch\/de\/#organization"},"inLanguage":"de"},{"@type":"Organization","@id":"https:\/\/shop.bantam.ch\/de\/#organization","name":"Bantam Camping AG","url":"https:\/\/shop.bantam.ch\/de\/","logo":{"@type":"ImageObject","inLanguage":"de","@id":"https:\/\/shop.bantam.ch\/de\/#\/schema\/logo\/image\/","url":"https:\/\/shop.bantam.ch\/wp-content\/uploads\/2022\/12\/bantam-logo.png","contentUrl":"https:\/\/shop.bantam.ch\/wp-content\/uploads\/2022\/12\/bantam-logo.png","width":320,"height":71,"caption":"Bantam Camping AG"},"image":{"@id":"https:\/\/shop.bantam.ch\/de\/#\/schema\/logo\/image\/"}}]}},"_links":{"self":[{"href":"https:\/\/shop.bantam.ch\/de\/wp-json\/wp\/v2\/product\/96000","targetHints":{"allow":["GET"]}}],"collection":[{"href":"https:\/\/shop.bantam.ch\/de\/wp-json\/wp\/v2\/product"}],"about":[{"href":"https:\/\/shop.bantam.ch\/de\/wp-json\/wp\/v2\/types\/product"}],"wp:featuredmedia":[{"embeddable":true,"href":"https:\/\/shop.bantam.ch\/de\/wp-json\/wp\/v2\/media\/95990"}],"wp:attachment":[{"href":"https:\/\/shop.bantam.ch\/de\/wp-json\/wp\/v2\/media?parent=96000"}],"wp:term":[{"taxonomy":"product_featured_cat","embeddable":true,"href":"https:\/\/shop.bantam.ch\/de\/wp-json\/wp\/v2\/product_featured_cat?post=96000"},{"taxonomy":"product_brand","embeddable":true,"href":"https:\/\/shop.bantam.ch\/de\/wp-json\/wp\/v2\/product_brand?post=96000"},{"taxonomy":"product_cat","embeddable":true,"href":"https:\/\/shop.bantam.ch\/de\/wp-json\/wp\/v2\/product_cat?post=96000"},{"taxonomy":"product_tag","embeddable":true,"href":"https:\/\/shop.bantam.ch\/de\/wp-json\/wp\/v2\/product_tag?post=96000"}],"curies":[{"name":"wp","href":"https:\/\/api.w.org\/{rel}","templated":true}]}}