{"id":95894,"date":"2023-02-28T05:09:12","date_gmt":"2023-02-28T04:09:12","guid":{"rendered":"http:\/\/shop.bantam.ch\/produit\/bluetooth-vernetzungsmodul\/"},"modified":"2026-04-18T21:30:03","modified_gmt":"2026-04-18T19:30:03","slug":"bluetooth-vernetzungsmodul","status":"publish","type":"product","link":"https:\/\/shop.bantam.ch\/de\/produkt\/bluetooth-vernetzungsmodul\/","title":{"rendered":"Bluetooth Vernetzungsmodul Thitronik"},"content":{"rendered":"<p>Zusammenf\u00fchren, was zusammen geh\u00f6rt.<br \/>P\u00fcnktlich zur Saison 2020 bietet Ihnen THITRONIK einen raffinierten Baustein zum Optimieren des THITRONIK-Sicherheitssystems an: Das Vernetzungsmodul. Dieses Modul koppelt via App und Bluetooth im Nahbereich des Reisemobils das Smartphone mit der \u00adWiPro III-Alarmanlage. Von nun an k\u00f6nnen berechtigte Nutzer jederzeit bequem scharf oder unschaf schalten. Besitzern einer WiPro III safe.lock, die auch auf die vorhandene Zentralverriegelung zugreift, ist das \u00d6ffnen und Schlie\u00dfen des Fahrzeuges ohne Fahrzeugschl\u00fcssel und Handsender m\u00f6glich. Eingebunden werden kann das Vernetzungsmodul auch bei bereits verbautem Ortungssystem Pro-Finder. Eine derzeit einzigartige Funktion bietet THITRONIK durch eine Kooperation mit den Experten f\u00fcr Navigation und Smartwatches von Garmin an. Zuk\u00fcnftig gelingt es dem Sicherheitssystem von THITRONIK via Vernetzungsmodul mit Garmin-Smartwatch zu kommunizieren &#8211; auf einer absolut sicheren, verschl\u00fcsselten Frequenz. Auf der Uhr wird ebenfalls eine spezielle THITRONIK-App installiert (Garmin nennt diese Anwendungen Widgets).<br \/>\u00dcber dieses Widget gelingt es nun per einfachem Tastendruck auf die Uhr das Fahrzeug zu verriegeln oder eben zu \u00f6ffnen. Wer sich also zum Schwimmen, Biken, Wandern, Klettern oder sonst einer Freizeitaktivit\u00e4t aufmacht, muss keinen Funkschl\u00fcssel mit sich f\u00fchren &#8211; und diesen wom\u00f6glich aufw\u00e4ndig am Strand verstecken, etwa wenn er zum Schwimmen oder Surfen ins Wasser m\u00f6chte. Auch im Fahrzeug \u00fcbernimmt die Smartwatch die Aufgabe des Funkschl\u00fcssels &#8211; etwa, wenn abends vom Bett aus das Fahrzeug verschlossen werden soll. Im Krisenfall kann \u00fcber die Uhr auch schnell und unproblematisch der Panikalarm ausgel\u00f6st werden. Eine schnelle Tastenkombination reicht aus. F\u00fcr weitere Anwendungen und Vernetzungen mit zus\u00e4tzlichen Fahrzeugfunktionen ist das Vernetzungsmodul selbstverst\u00e4ndlich CI-BUS-f\u00e4hig.<\/p>\n<p>Besonderheiten:<\/p>\n<ul>\n<li>Steuerung der WiPro III per Bluetooth<\/li>\n<li>Zentralverriegelung per Smartwatch und Smatphone steuern (nur in Verbindung mit der WiPro III safe.lock)<\/li>\n<\/ul>\n","protected":false},"excerpt":{"rendered":"<p>Zusammenf\u00fchren, was zusammen geh\u00f6rt.P\u00fcnktlich zur Saison 2020 bietet Ihnen THITRONIK einen raffinierten Baustein zum Optimieren des THITRONIK-Sicherheitssystems an: Das Vernetzungsmodul. Dieses Modul koppelt via App und Bluetooth im Nahbereich des Reisemobils das Smartphone mit der \u00adWiPro III-Alarmanlage. Von nun an k\u00f6nnen berechtigte Nutzer jederzeit bequem scharf oder unschaf schalten. Besitzern einer WiPro III safe.lock, die [&hellip;]<\/p>\n","protected":false},"featured_media":95892,"template":"","meta":{"_acf_changed":false},"product_featured_cat":[],"product_brand":[3217],"product_cat":[5052],"product_tag":[],"class_list":{"0":"post-95894","1":"product","2":"type-product","3":"status-publish","4":"has-post-thumbnail","6":"product_brand-thitronik-de","7":"product_cat-alarmanlagen","9":"first","10":"instock","11":"taxable","12":"shipping-taxable","13":"purchasable","14":"product-type-simple"},"acf":[],"yoast_head":"<!-- This site is optimized with the Yoast SEO plugin v27.4 - https:\/\/yoast.com\/product\/yoast-seo-wordpress\/ -->\n<title>Bluetooth Vernetzungsmodul Thitronik - Bantam Camping AG<\/title>\n<meta name=\"robots\" content=\"index, follow, max-snippet:-1, max-image-preview:large, max-video-preview:-1\" \/>\n<link rel=\"canonical\" href=\"https:\/\/shop.bantam.ch\/de\/produkt\/bluetooth-vernetzungsmodul\/\" \/>\n<meta property=\"og:locale\" content=\"de_DE\" \/>\n<meta property=\"og:type\" content=\"article\" \/>\n<meta property=\"og:title\" content=\"Bluetooth Vernetzungsmodul Thitronik - Bantam Camping AG\" \/>\n<meta property=\"og:description\" content=\"Zusammenf\u00fchren, was zusammen geh\u00f6rt.P\u00fcnktlich zur Saison 2020 bietet Ihnen THITRONIK einen raffinierten Baustein zum Optimieren des THITRONIK-Sicherheitssystems an: Das Vernetzungsmodul. Dieses Modul koppelt via App und Bluetooth im Nahbereich des Reisemobils das Smartphone mit der \u00adWiPro III-Alarmanlage. Von nun an k\u00f6nnen berechtigte Nutzer jederzeit bequem scharf oder unschaf schalten. Besitzern einer WiPro III safe.lock, die [&hellip;]\" \/>\n<meta property=\"og:url\" content=\"https:\/\/shop.bantam.ch\/de\/produkt\/bluetooth-vernetzungsmodul\/\" \/>\n<meta property=\"og:site_name\" content=\"Bantam Camping AG\" \/>\n<meta property=\"article:modified_time\" content=\"2026-04-18T19:30:03+00:00\" \/>\n<meta property=\"og:image\" content=\"https:\/\/shop.bantam.ch\/wp-content\/uploads\/2023\/02\/994335311.jpg\" \/>\n\t<meta property=\"og:image:width\" content=\"1000\" \/>\n\t<meta property=\"og:image:height\" content=\"616\" \/>\n\t<meta property=\"og:image:type\" content=\"image\/jpeg\" \/>\n<meta name=\"twitter:card\" content=\"summary_large_image\" \/>\n<meta name=\"twitter:label1\" content=\"Gesch\u00e4tzte Lesezeit\" \/>\n\t<meta name=\"twitter:data1\" content=\"1\u00a0Minute\" \/>\n<script type=\"application\/ld+json\" class=\"yoast-schema-graph\">{\"@context\":\"https:\\\/\\\/schema.org\",\"@graph\":[{\"@type\":\"WebPage\",\"@id\":\"https:\\\/\\\/shop.bantam.ch\\\/de\\\/produkt\\\/bluetooth-vernetzungsmodul\\\/\",\"url\":\"https:\\\/\\\/shop.bantam.ch\\\/de\\\/produkt\\\/bluetooth-vernetzungsmodul\\\/\",\"name\":\"Bluetooth Vernetzungsmodul Thitronik - Bantam Camping AG\",\"isPartOf\":{\"@id\":\"https:\\\/\\\/shop.bantam.ch\\\/de\\\/#website\"},\"primaryImageOfPage\":{\"@id\":\"https:\\\/\\\/shop.bantam.ch\\\/de\\\/produkt\\\/bluetooth-vernetzungsmodul\\\/#primaryimage\"},\"image\":{\"@id\":\"https:\\\/\\\/shop.bantam.ch\\\/de\\\/produkt\\\/bluetooth-vernetzungsmodul\\\/#primaryimage\"},\"thumbnailUrl\":\"https:\\\/\\\/shop.bantam.ch\\\/wp-content\\\/uploads\\\/2023\\\/02\\\/994335311.jpg\",\"datePublished\":\"2023-02-28T04:09:12+00:00\",\"dateModified\":\"2026-04-18T19:30:03+00:00\",\"breadcrumb\":{\"@id\":\"https:\\\/\\\/shop.bantam.ch\\\/de\\\/produkt\\\/bluetooth-vernetzungsmodul\\\/#breadcrumb\"},\"inLanguage\":\"de\",\"potentialAction\":[{\"@type\":\"ReadAction\",\"target\":[\"https:\\\/\\\/shop.bantam.ch\\\/de\\\/produkt\\\/bluetooth-vernetzungsmodul\\\/\"]}]},{\"@type\":\"ImageObject\",\"inLanguage\":\"de\",\"@id\":\"https:\\\/\\\/shop.bantam.ch\\\/de\\\/produkt\\\/bluetooth-vernetzungsmodul\\\/#primaryimage\",\"url\":\"https:\\\/\\\/shop.bantam.ch\\\/wp-content\\\/uploads\\\/2023\\\/02\\\/994335311.jpg\",\"contentUrl\":\"https:\\\/\\\/shop.bantam.ch\\\/wp-content\\\/uploads\\\/2023\\\/02\\\/994335311.jpg\",\"width\":1000,\"height\":616},{\"@type\":\"BreadcrumbList\",\"@id\":\"https:\\\/\\\/shop.bantam.ch\\\/de\\\/produkt\\\/bluetooth-vernetzungsmodul\\\/#breadcrumb\",\"itemListElement\":[{\"@type\":\"ListItem\",\"position\":1,\"name\":\"Accueil\",\"item\":\"https:\\\/\\\/shop.bantam.ch\\\/de\\\/\"},{\"@type\":\"ListItem\",\"position\":2,\"name\":\"Shop\",\"item\":\"https:\\\/\\\/shop.bantam.ch\\\/de\\\/shop\\\/\"},{\"@type\":\"ListItem\",\"position\":3,\"name\":\"Bluetooth Vernetzungsmodul Thitronik\"}]},{\"@type\":\"WebSite\",\"@id\":\"https:\\\/\\\/shop.bantam.ch\\\/de\\\/#website\",\"url\":\"https:\\\/\\\/shop.bantam.ch\\\/de\\\/\",\"name\":\"Bantam Camping AG\",\"description\":\"\",\"publisher\":{\"@id\":\"https:\\\/\\\/shop.bantam.ch\\\/de\\\/#organization\"},\"inLanguage\":\"de\"},{\"@type\":\"Organization\",\"@id\":\"https:\\\/\\\/shop.bantam.ch\\\/de\\\/#organization\",\"name\":\"Bantam Camping AG\",\"url\":\"https:\\\/\\\/shop.bantam.ch\\\/de\\\/\",\"logo\":{\"@type\":\"ImageObject\",\"inLanguage\":\"de\",\"@id\":\"https:\\\/\\\/shop.bantam.ch\\\/de\\\/#\\\/schema\\\/logo\\\/image\\\/\",\"url\":\"https:\\\/\\\/shop.bantam.ch\\\/wp-content\\\/uploads\\\/2022\\\/12\\\/bantam-logo.png\",\"contentUrl\":\"https:\\\/\\\/shop.bantam.ch\\\/wp-content\\\/uploads\\\/2022\\\/12\\\/bantam-logo.png\",\"width\":320,\"height\":71,\"caption\":\"Bantam Camping AG\"},\"image\":{\"@id\":\"https:\\\/\\\/shop.bantam.ch\\\/de\\\/#\\\/schema\\\/logo\\\/image\\\/\"}}]}<\/script>\n<!-- \/ Yoast SEO plugin. -->","yoast_head_json":{"title":"Bluetooth Vernetzungsmodul Thitronik - Bantam Camping AG","robots":{"index":"index","follow":"follow","max-snippet":"max-snippet:-1","max-image-preview":"max-image-preview:large","max-video-preview":"max-video-preview:-1"},"canonical":"https:\/\/shop.bantam.ch\/de\/produkt\/bluetooth-vernetzungsmodul\/","og_locale":"de_DE","og_type":"article","og_title":"Bluetooth Vernetzungsmodul Thitronik - Bantam Camping AG","og_description":"Zusammenf\u00fchren, was zusammen geh\u00f6rt.P\u00fcnktlich zur Saison 2020 bietet Ihnen THITRONIK einen raffinierten Baustein zum Optimieren des THITRONIK-Sicherheitssystems an: Das Vernetzungsmodul. Dieses Modul koppelt via App und Bluetooth im Nahbereich des Reisemobils das Smartphone mit der \u00adWiPro III-Alarmanlage. Von nun an k\u00f6nnen berechtigte Nutzer jederzeit bequem scharf oder unschaf schalten. Besitzern einer WiPro III safe.lock, die [&hellip;]","og_url":"https:\/\/shop.bantam.ch\/de\/produkt\/bluetooth-vernetzungsmodul\/","og_site_name":"Bantam Camping AG","article_modified_time":"2026-04-18T19:30:03+00:00","og_image":[{"width":1000,"height":616,"url":"https:\/\/shop.bantam.ch\/wp-content\/uploads\/2023\/02\/994335311.jpg","type":"image\/jpeg"}],"twitter_card":"summary_large_image","twitter_misc":{"Gesch\u00e4tzte Lesezeit":"1\u00a0Minute"},"schema":{"@context":"https:\/\/schema.org","@graph":[{"@type":"WebPage","@id":"https:\/\/shop.bantam.ch\/de\/produkt\/bluetooth-vernetzungsmodul\/","url":"https:\/\/shop.bantam.ch\/de\/produkt\/bluetooth-vernetzungsmodul\/","name":"Bluetooth Vernetzungsmodul Thitronik - Bantam Camping AG","isPartOf":{"@id":"https:\/\/shop.bantam.ch\/de\/#website"},"primaryImageOfPage":{"@id":"https:\/\/shop.bantam.ch\/de\/produkt\/bluetooth-vernetzungsmodul\/#primaryimage"},"image":{"@id":"https:\/\/shop.bantam.ch\/de\/produkt\/bluetooth-vernetzungsmodul\/#primaryimage"},"thumbnailUrl":"https:\/\/shop.bantam.ch\/wp-content\/uploads\/2023\/02\/994335311.jpg","datePublished":"2023-02-28T04:09:12+00:00","dateModified":"2026-04-18T19:30:03+00:00","breadcrumb":{"@id":"https:\/\/shop.bantam.ch\/de\/produkt\/bluetooth-vernetzungsmodul\/#breadcrumb"},"inLanguage":"de","potentialAction":[{"@type":"ReadAction","target":["https:\/\/shop.bantam.ch\/de\/produkt\/bluetooth-vernetzungsmodul\/"]}]},{"@type":"ImageObject","inLanguage":"de","@id":"https:\/\/shop.bantam.ch\/de\/produkt\/bluetooth-vernetzungsmodul\/#primaryimage","url":"https:\/\/shop.bantam.ch\/wp-content\/uploads\/2023\/02\/994335311.jpg","contentUrl":"https:\/\/shop.bantam.ch\/wp-content\/uploads\/2023\/02\/994335311.jpg","width":1000,"height":616},{"@type":"BreadcrumbList","@id":"https:\/\/shop.bantam.ch\/de\/produkt\/bluetooth-vernetzungsmodul\/#breadcrumb","itemListElement":[{"@type":"ListItem","position":1,"name":"Accueil","item":"https:\/\/shop.bantam.ch\/de\/"},{"@type":"ListItem","position":2,"name":"Shop","item":"https:\/\/shop.bantam.ch\/de\/shop\/"},{"@type":"ListItem","position":3,"name":"Bluetooth Vernetzungsmodul Thitronik"}]},{"@type":"WebSite","@id":"https:\/\/shop.bantam.ch\/de\/#website","url":"https:\/\/shop.bantam.ch\/de\/","name":"Bantam Camping AG","description":"","publisher":{"@id":"https:\/\/shop.bantam.ch\/de\/#organization"},"inLanguage":"de"},{"@type":"Organization","@id":"https:\/\/shop.bantam.ch\/de\/#organization","name":"Bantam Camping AG","url":"https:\/\/shop.bantam.ch\/de\/","logo":{"@type":"ImageObject","inLanguage":"de","@id":"https:\/\/shop.bantam.ch\/de\/#\/schema\/logo\/image\/","url":"https:\/\/shop.bantam.ch\/wp-content\/uploads\/2022\/12\/bantam-logo.png","contentUrl":"https:\/\/shop.bantam.ch\/wp-content\/uploads\/2022\/12\/bantam-logo.png","width":320,"height":71,"caption":"Bantam Camping AG"},"image":{"@id":"https:\/\/shop.bantam.ch\/de\/#\/schema\/logo\/image\/"}}]}},"_links":{"self":[{"href":"https:\/\/shop.bantam.ch\/de\/wp-json\/wp\/v2\/product\/95894","targetHints":{"allow":["GET"]}}],"collection":[{"href":"https:\/\/shop.bantam.ch\/de\/wp-json\/wp\/v2\/product"}],"about":[{"href":"https:\/\/shop.bantam.ch\/de\/wp-json\/wp\/v2\/types\/product"}],"wp:featuredmedia":[{"embeddable":true,"href":"https:\/\/shop.bantam.ch\/de\/wp-json\/wp\/v2\/media\/95892"}],"wp:attachment":[{"href":"https:\/\/shop.bantam.ch\/de\/wp-json\/wp\/v2\/media?parent=95894"}],"wp:term":[{"taxonomy":"product_featured_cat","embeddable":true,"href":"https:\/\/shop.bantam.ch\/de\/wp-json\/wp\/v2\/product_featured_cat?post=95894"},{"taxonomy":"product_brand","embeddable":true,"href":"https:\/\/shop.bantam.ch\/de\/wp-json\/wp\/v2\/product_brand?post=95894"},{"taxonomy":"product_cat","embeddable":true,"href":"https:\/\/shop.bantam.ch\/de\/wp-json\/wp\/v2\/product_cat?post=95894"},{"taxonomy":"product_tag","embeddable":true,"href":"https:\/\/shop.bantam.ch\/de\/wp-json\/wp\/v2\/product_tag?post=95894"}],"curies":[{"name":"wp","href":"https:\/\/api.w.org\/{rel}","templated":true}]}}