{"id":95884,"date":"2023-02-28T05:08:49","date_gmt":"2023-02-28T04:08:49","guid":{"rendered":"http:\/\/shop.bantam.ch\/produit\/gaswarner-g-a-s-pro-iii\/"},"modified":"2026-05-02T22:49:54","modified_gmt":"2026-05-02T20:49:54","slug":"gaswarner-g-a-s-pro-iii","status":"publish","type":"product","link":"https:\/\/shop.bantam.ch\/de\/produkt\/gaswarner-g-a-s-pro-iii\/","title":{"rendered":"Gaswarner G.A.S. pro III"},"content":{"rendered":"<p>Eines unserer neuesten Produkte: die G.A.S.-pro III. Sie kommt 2020 auf den Markt und wird neben der aktuellen G.A.S.-pro unser Sortiment im exklusiven Highend- Bereich abrunden. Sie kann alles, was die Standard- G.A.S.-pro auch kann, nur eben einiges, in vielerlei Hinsicht, noch deutlich besser. Die G.A.S.-pro III wird es sogar in zwei Basis-Setups geben: einmal, wie bekannt, mit integriertem Fl\u00fcssiggas- oder Bet\u00e4ubungsgassensor und einmal mit integriertem CO-Sensor. Beide Varianten k\u00f6nnen mit einem weiteren Gas- oder CO-Sensor kombiniert werden. Ansonsten pr\u00e4sentiert sich die G.A.S.-pro III als technischer Quantensprung: So sinkt ihre Stromaufnahme in Kombination mit einem Fl\u00fcssiggas-\/KO-Gassensor auf minimale 26 mA, in Kombination mit einem CO-Gassensor auf gerade einmal neun Milliampere.<br \/>Die interne Sirene steigert sich auf durchdringende 94 dB, ein integrierter Feuchtigkeitssensor optimiert die ohnehin schon pr\u00e4zise Messung bei hoher Feuchtigkeit im Fahrzeug oder bei Atemluft in direkter N\u00e4he zum Sensor. Zudem eliminiert ein Alkoholfilter (Fl\u00fcssiggas-\/ KO-Gassensor) Fehlalarme durch Alkohol in der Luft. Last but not least: Dank integrierter Funkeinheit muss die neue G.A.S.-pro III nicht mit der Zentrale, sondern nur mit dem Bordnetz verbunden werden. Abschlie\u00dfend via easy add mit der Zentrale verbinden. Fertig.<\/p>\n","protected":false},"excerpt":{"rendered":"<p>Eines unserer neuesten Produkte: die G.A.S.-pro III. Sie kommt 2020 auf den Markt und wird neben der aktuellen G.A.S.-pro unser Sortiment im exklusiven Highend- Bereich abrunden. Sie kann alles, was die Standard- G.A.S.-pro auch kann, nur eben einiges, in vielerlei Hinsicht, noch deutlich besser. Die G.A.S.-pro III wird es sogar in zwei Basis-Setups geben: einmal, [&hellip;]<\/p>\n","protected":false},"featured_media":95874,"template":"","meta":{"_acf_changed":false},"product_featured_cat":[],"product_brand":[3217],"product_cat":[5054],"product_tag":[],"class_list":{"0":"post-95884","1":"product","2":"type-product","3":"status-publish","4":"has-post-thumbnail","6":"product_brand-thitronik-de","7":"product_cat-gaswarner","9":"first","10":"instock","11":"taxable","12":"shipping-taxable","13":"purchasable","14":"product-type-variable"},"acf":[],"yoast_head":"<!-- This site is optimized with the Yoast SEO plugin v27.5 - https:\/\/yoast.com\/product\/yoast-seo-wordpress\/ -->\n<title>Gaswarner G.A.S. pro III - Bantam<\/title>\n<meta name=\"robots\" content=\"index, follow, max-snippet:-1, max-image-preview:large, max-video-preview:-1\" \/>\n<link rel=\"canonical\" href=\"https:\/\/shop.bantam.ch\/de\/produkt\/gaswarner-g-a-s-pro-iii\/\" \/>\n<meta property=\"og:locale\" content=\"de_DE\" \/>\n<meta property=\"og:type\" content=\"article\" \/>\n<meta property=\"og:title\" content=\"Gaswarner G.A.S. pro III - Bantam\" \/>\n<meta property=\"og:description\" content=\"Eines unserer neuesten Produkte: die G.A.S.-pro III. Sie kommt 2020 auf den Markt und wird neben der aktuellen G.A.S.-pro unser Sortiment im exklusiven Highend- Bereich abrunden. Sie kann alles, was die Standard- G.A.S.-pro auch kann, nur eben einiges, in vielerlei Hinsicht, noch deutlich besser. Die G.A.S.-pro III wird es sogar in zwei Basis-Setups geben: einmal, [&hellip;]\" \/>\n<meta property=\"og:url\" content=\"https:\/\/shop.bantam.ch\/de\/produkt\/gaswarner-g-a-s-pro-iii\/\" \/>\n<meta property=\"og:site_name\" content=\"Bantam\" \/>\n<meta property=\"article:modified_time\" content=\"2026-05-02T20:49:54+00:00\" \/>\n<meta property=\"og:image\" content=\"https:\/\/shop.bantam.ch\/wp-content\/uploads\/2023\/02\/994335111.jpg\" \/>\n\t<meta property=\"og:image:width\" content=\"1000\" \/>\n\t<meta property=\"og:image:height\" content=\"763\" \/>\n\t<meta property=\"og:image:type\" content=\"image\/jpeg\" \/>\n<meta name=\"twitter:card\" content=\"summary_large_image\" \/>\n<meta name=\"twitter:label1\" content=\"Gesch\u00e4tzte Lesezeit\" \/>\n\t<meta name=\"twitter:data1\" content=\"1\u00a0Minute\" \/>\n<script type=\"application\/ld+json\" class=\"yoast-schema-graph\">{\"@context\":\"https:\\\/\\\/schema.org\",\"@graph\":[{\"@type\":\"WebPage\",\"@id\":\"https:\\\/\\\/shop.bantam.ch\\\/de\\\/produkt\\\/gaswarner-g-a-s-pro-iii\\\/\",\"url\":\"https:\\\/\\\/shop.bantam.ch\\\/de\\\/produkt\\\/gaswarner-g-a-s-pro-iii\\\/\",\"name\":\"Gaswarner G.A.S. pro III - Bantam\",\"isPartOf\":{\"@id\":\"https:\\\/\\\/shop.bantam.ch\\\/de\\\/#website\"},\"primaryImageOfPage\":{\"@id\":\"https:\\\/\\\/shop.bantam.ch\\\/de\\\/produkt\\\/gaswarner-g-a-s-pro-iii\\\/#primaryimage\"},\"image\":{\"@id\":\"https:\\\/\\\/shop.bantam.ch\\\/de\\\/produkt\\\/gaswarner-g-a-s-pro-iii\\\/#primaryimage\"},\"thumbnailUrl\":\"https:\\\/\\\/shop.bantam.ch\\\/wp-content\\\/uploads\\\/2023\\\/02\\\/994335111.jpg\",\"datePublished\":\"2023-02-28T04:08:49+00:00\",\"dateModified\":\"2026-05-02T20:49:54+00:00\",\"breadcrumb\":{\"@id\":\"https:\\\/\\\/shop.bantam.ch\\\/de\\\/produkt\\\/gaswarner-g-a-s-pro-iii\\\/#breadcrumb\"},\"inLanguage\":\"de\",\"potentialAction\":[{\"@type\":\"ReadAction\",\"target\":[\"https:\\\/\\\/shop.bantam.ch\\\/de\\\/produkt\\\/gaswarner-g-a-s-pro-iii\\\/\"]}]},{\"@type\":\"ImageObject\",\"inLanguage\":\"de\",\"@id\":\"https:\\\/\\\/shop.bantam.ch\\\/de\\\/produkt\\\/gaswarner-g-a-s-pro-iii\\\/#primaryimage\",\"url\":\"https:\\\/\\\/shop.bantam.ch\\\/wp-content\\\/uploads\\\/2023\\\/02\\\/994335111.jpg\",\"contentUrl\":\"https:\\\/\\\/shop.bantam.ch\\\/wp-content\\\/uploads\\\/2023\\\/02\\\/994335111.jpg\",\"width\":1000,\"height\":763},{\"@type\":\"BreadcrumbList\",\"@id\":\"https:\\\/\\\/shop.bantam.ch\\\/de\\\/produkt\\\/gaswarner-g-a-s-pro-iii\\\/#breadcrumb\",\"itemListElement\":[{\"@type\":\"ListItem\",\"position\":1,\"name\":\"Accueil\",\"item\":\"https:\\\/\\\/shop.bantam.ch\\\/de\\\/\"},{\"@type\":\"ListItem\",\"position\":2,\"name\":\"Shop\",\"item\":\"https:\\\/\\\/shop.bantam.ch\\\/de\\\/shop\\\/\"},{\"@type\":\"ListItem\",\"position\":3,\"name\":\"Gaswarner G.A.S. pro III\"}]},{\"@type\":\"WebSite\",\"@id\":\"https:\\\/\\\/shop.bantam.ch\\\/de\\\/#website\",\"url\":\"https:\\\/\\\/shop.bantam.ch\\\/de\\\/\",\"name\":\"Bantam\",\"description\":\"\",\"publisher\":{\"@id\":\"https:\\\/\\\/shop.bantam.ch\\\/de\\\/#organization\"},\"inLanguage\":\"de\"},{\"@type\":\"Organization\",\"@id\":\"https:\\\/\\\/shop.bantam.ch\\\/de\\\/#organization\",\"name\":\"Bantam\",\"url\":\"https:\\\/\\\/shop.bantam.ch\\\/de\\\/\",\"logo\":{\"@type\":\"ImageObject\",\"inLanguage\":\"de\",\"@id\":\"https:\\\/\\\/shop.bantam.ch\\\/de\\\/#\\\/schema\\\/logo\\\/image\\\/\",\"url\":\"https:\\\/\\\/shop.bantam.ch\\\/wp-content\\\/uploads\\\/2022\\\/12\\\/bantam-logo.png\",\"contentUrl\":\"https:\\\/\\\/shop.bantam.ch\\\/wp-content\\\/uploads\\\/2022\\\/12\\\/bantam-logo.png\",\"width\":320,\"height\":71,\"caption\":\"Bantam\"},\"image\":{\"@id\":\"https:\\\/\\\/shop.bantam.ch\\\/de\\\/#\\\/schema\\\/logo\\\/image\\\/\"}}]}<\/script>\n<!-- \/ Yoast SEO plugin. -->","yoast_head_json":{"title":"Gaswarner G.A.S. pro III - Bantam","robots":{"index":"index","follow":"follow","max-snippet":"max-snippet:-1","max-image-preview":"max-image-preview:large","max-video-preview":"max-video-preview:-1"},"canonical":"https:\/\/shop.bantam.ch\/de\/produkt\/gaswarner-g-a-s-pro-iii\/","og_locale":"de_DE","og_type":"article","og_title":"Gaswarner G.A.S. pro III - Bantam","og_description":"Eines unserer neuesten Produkte: die G.A.S.-pro III. Sie kommt 2020 auf den Markt und wird neben der aktuellen G.A.S.-pro unser Sortiment im exklusiven Highend- Bereich abrunden. Sie kann alles, was die Standard- G.A.S.-pro auch kann, nur eben einiges, in vielerlei Hinsicht, noch deutlich besser. Die G.A.S.-pro III wird es sogar in zwei Basis-Setups geben: einmal, [&hellip;]","og_url":"https:\/\/shop.bantam.ch\/de\/produkt\/gaswarner-g-a-s-pro-iii\/","og_site_name":"Bantam","article_modified_time":"2026-05-02T20:49:54+00:00","og_image":[{"width":1000,"height":763,"url":"https:\/\/shop.bantam.ch\/wp-content\/uploads\/2023\/02\/994335111.jpg","type":"image\/jpeg"}],"twitter_card":"summary_large_image","twitter_misc":{"Gesch\u00e4tzte Lesezeit":"1\u00a0Minute"},"schema":{"@context":"https:\/\/schema.org","@graph":[{"@type":"WebPage","@id":"https:\/\/shop.bantam.ch\/de\/produkt\/gaswarner-g-a-s-pro-iii\/","url":"https:\/\/shop.bantam.ch\/de\/produkt\/gaswarner-g-a-s-pro-iii\/","name":"Gaswarner G.A.S. pro III - Bantam","isPartOf":{"@id":"https:\/\/shop.bantam.ch\/de\/#website"},"primaryImageOfPage":{"@id":"https:\/\/shop.bantam.ch\/de\/produkt\/gaswarner-g-a-s-pro-iii\/#primaryimage"},"image":{"@id":"https:\/\/shop.bantam.ch\/de\/produkt\/gaswarner-g-a-s-pro-iii\/#primaryimage"},"thumbnailUrl":"https:\/\/shop.bantam.ch\/wp-content\/uploads\/2023\/02\/994335111.jpg","datePublished":"2023-02-28T04:08:49+00:00","dateModified":"2026-05-02T20:49:54+00:00","breadcrumb":{"@id":"https:\/\/shop.bantam.ch\/de\/produkt\/gaswarner-g-a-s-pro-iii\/#breadcrumb"},"inLanguage":"de","potentialAction":[{"@type":"ReadAction","target":["https:\/\/shop.bantam.ch\/de\/produkt\/gaswarner-g-a-s-pro-iii\/"]}]},{"@type":"ImageObject","inLanguage":"de","@id":"https:\/\/shop.bantam.ch\/de\/produkt\/gaswarner-g-a-s-pro-iii\/#primaryimage","url":"https:\/\/shop.bantam.ch\/wp-content\/uploads\/2023\/02\/994335111.jpg","contentUrl":"https:\/\/shop.bantam.ch\/wp-content\/uploads\/2023\/02\/994335111.jpg","width":1000,"height":763},{"@type":"BreadcrumbList","@id":"https:\/\/shop.bantam.ch\/de\/produkt\/gaswarner-g-a-s-pro-iii\/#breadcrumb","itemListElement":[{"@type":"ListItem","position":1,"name":"Accueil","item":"https:\/\/shop.bantam.ch\/de\/"},{"@type":"ListItem","position":2,"name":"Shop","item":"https:\/\/shop.bantam.ch\/de\/shop\/"},{"@type":"ListItem","position":3,"name":"Gaswarner G.A.S. pro III"}]},{"@type":"WebSite","@id":"https:\/\/shop.bantam.ch\/de\/#website","url":"https:\/\/shop.bantam.ch\/de\/","name":"Bantam","description":"","publisher":{"@id":"https:\/\/shop.bantam.ch\/de\/#organization"},"inLanguage":"de"},{"@type":"Organization","@id":"https:\/\/shop.bantam.ch\/de\/#organization","name":"Bantam","url":"https:\/\/shop.bantam.ch\/de\/","logo":{"@type":"ImageObject","inLanguage":"de","@id":"https:\/\/shop.bantam.ch\/de\/#\/schema\/logo\/image\/","url":"https:\/\/shop.bantam.ch\/wp-content\/uploads\/2022\/12\/bantam-logo.png","contentUrl":"https:\/\/shop.bantam.ch\/wp-content\/uploads\/2022\/12\/bantam-logo.png","width":320,"height":71,"caption":"Bantam"},"image":{"@id":"https:\/\/shop.bantam.ch\/de\/#\/schema\/logo\/image\/"}}]}},"_links":{"self":[{"href":"https:\/\/shop.bantam.ch\/de\/wp-json\/wp\/v2\/product\/95884","targetHints":{"allow":["GET"]}}],"collection":[{"href":"https:\/\/shop.bantam.ch\/de\/wp-json\/wp\/v2\/product"}],"about":[{"href":"https:\/\/shop.bantam.ch\/de\/wp-json\/wp\/v2\/types\/product"}],"wp:featuredmedia":[{"embeddable":true,"href":"https:\/\/shop.bantam.ch\/de\/wp-json\/wp\/v2\/media\/95874"}],"wp:attachment":[{"href":"https:\/\/shop.bantam.ch\/de\/wp-json\/wp\/v2\/media?parent=95884"}],"wp:term":[{"taxonomy":"product_featured_cat","embeddable":true,"href":"https:\/\/shop.bantam.ch\/de\/wp-json\/wp\/v2\/product_featured_cat?post=95884"},{"taxonomy":"product_brand","embeddable":true,"href":"https:\/\/shop.bantam.ch\/de\/wp-json\/wp\/v2\/product_brand?post=95884"},{"taxonomy":"product_cat","embeddable":true,"href":"https:\/\/shop.bantam.ch\/de\/wp-json\/wp\/v2\/product_cat?post=95884"},{"taxonomy":"product_tag","embeddable":true,"href":"https:\/\/shop.bantam.ch\/de\/wp-json\/wp\/v2\/product_tag?post=95884"}],"curies":[{"name":"wp","href":"https:\/\/api.w.org\/{rel}","templated":true}]}}