{"id":95546,"date":"2023-02-28T05:02:41","date_gmt":"2023-02-28T04:02:41","guid":{"rendered":"http:\/\/shop.bantam.ch\/produit\/rueckfahrvideosystem-360-camos-hd\/"},"modified":"2026-04-22T21:29:32","modified_gmt":"2026-04-22T19:29:32","slug":"rueckfahrvideosystem-360-camos-hd","status":"publish","type":"product","link":"https:\/\/shop.bantam.ch\/de\/produkt\/rueckfahrvideosystem-360-camos-hd\/","title":{"rendered":"R\u00fcckfahrvideosystem Camos 360\u00b0 Camos HD"},"content":{"rendered":"<p>Mit 360\u00b0 Camos HD sehen Sie mehr &#8211; besonders in un\u00fcbersichtlichen Situationen. Fahren, rangieren und parken Sie mit noch nie dagewesener Leichtigkeit.<\/p>\n<p>Eigenschaften und Funktionen:<\/p>\n<ul>\n<li> Ein voll digitales Netzwerk aus vier kleinen Echtzeitkameras erm\u00f6glichen Ihnen den perfekten Rundumblick.<\/li>\n<li>Dank der fotorealistischen Sicht aus der Vogelperspektive haben Sie selbst Stra\u00dfenmarkierungen und vor allem m\u00f6gliche Hindernisse vollst\u00e4ndig im Blick, selbst auf engstem Raum. Eine Innovation, die Sie vorausschauend in alle Richtungen blicken l\u00e4sst.<\/li>\n<li> Ein voll digitales Netzwerk aus vier Kameras, jeweils mit einem Blickwinkel von 190\u00b0, l\u00e4sst Ihnen mit der vollst\u00e4ndigen Sicht aus der Vogelperspektive nichts mehr entgehen.<\/li>\n<li>Im Gegensatz zu herk\u00f6mmlichen R\u00fcckfahrvideosystemen, die mit einer Kamera am Fahrzeugheck und dem sich ergebenden eingeschr\u00e4nktem Blickwinkel arbeiten, bietet Ihnen das 360\u00b0 CAMOS HD System die komplette Rundumsicht \u00fcber Ihr Fahrzeug auf einen Blick.<\/li>\n<li>Des Weiteren k\u00f6nnen Sie das System w\u00e4hrend ihres Aufenthaltes im Inneren bequem nutzen, um den Au\u00dfenbereich zu kontrollieren, ohne das Fahrzeug zu verlassen.<\/li>\n<\/ul>\n","protected":false},"excerpt":{"rendered":"<p>Mit 360\u00b0 Camos HD sehen Sie mehr &#8211; besonders in un\u00fcbersichtlichen Situationen. Fahren, rangieren und parken Sie mit noch nie dagewesener Leichtigkeit. Eigenschaften und Funktionen: Ein voll digitales Netzwerk aus vier kleinen Echtzeitkameras erm\u00f6glichen Ihnen den perfekten Rundumblick. Dank der fotorealistischen Sicht aus der Vogelperspektive haben Sie selbst Stra\u00dfenmarkierungen und vor allem m\u00f6gliche Hindernisse vollst\u00e4ndig [&hellip;]<\/p>\n","protected":false},"featured_media":95538,"template":"","meta":{"_acf_changed":false},"product_featured_cat":[],"product_brand":[3207],"product_cat":[5154],"product_tag":[],"class_list":{"0":"post-95546","1":"product","2":"type-product","3":"status-publish","4":"has-post-thumbnail","6":"product_brand-camos-de","7":"product_cat-rueckfahrvideosystem-sets","9":"first","10":"instock","11":"taxable","12":"shipping-taxable","13":"purchasable","14":"product-type-simple"},"acf":[],"yoast_head":"<!-- This site is optimized with the Yoast SEO plugin v27.4 - https:\/\/yoast.com\/product\/yoast-seo-wordpress\/ -->\n<title>R\u00fcckfahrvideosystem Camos 360\u00b0 Camos HD - Bantam Camping AG<\/title>\n<meta name=\"robots\" content=\"index, follow, max-snippet:-1, max-image-preview:large, max-video-preview:-1\" \/>\n<link rel=\"canonical\" href=\"https:\/\/shop.bantam.ch\/de\/produkt\/rueckfahrvideosystem-360-camos-hd\/\" \/>\n<meta property=\"og:locale\" content=\"de_DE\" \/>\n<meta property=\"og:type\" content=\"article\" \/>\n<meta property=\"og:title\" content=\"R\u00fcckfahrvideosystem Camos 360\u00b0 Camos HD - Bantam Camping AG\" \/>\n<meta property=\"og:description\" content=\"Mit 360\u00b0 Camos HD sehen Sie mehr &#8211; besonders in un\u00fcbersichtlichen Situationen. Fahren, rangieren und parken Sie mit noch nie dagewesener Leichtigkeit. Eigenschaften und Funktionen: Ein voll digitales Netzwerk aus vier kleinen Echtzeitkameras erm\u00f6glichen Ihnen den perfekten Rundumblick. Dank der fotorealistischen Sicht aus der Vogelperspektive haben Sie selbst Stra\u00dfenmarkierungen und vor allem m\u00f6gliche Hindernisse vollst\u00e4ndig [&hellip;]\" \/>\n<meta property=\"og:url\" content=\"https:\/\/shop.bantam.ch\/de\/produkt\/rueckfahrvideosystem-360-camos-hd\/\" \/>\n<meta property=\"og:site_name\" content=\"Bantam Camping AG\" \/>\n<meta property=\"article:modified_time\" content=\"2026-04-22T19:29:32+00:00\" \/>\n<meta property=\"og:image\" content=\"https:\/\/shop.bantam.ch\/wp-content\/uploads\/2023\/02\/995574911.jpg\" \/>\n\t<meta property=\"og:image:width\" content=\"1000\" \/>\n\t<meta property=\"og:image:height\" content=\"917\" \/>\n\t<meta property=\"og:image:type\" content=\"image\/jpeg\" \/>\n<meta name=\"twitter:card\" content=\"summary_large_image\" \/>\n<meta name=\"twitter:label1\" content=\"Gesch\u00e4tzte Lesezeit\" \/>\n\t<meta name=\"twitter:data1\" content=\"1\u00a0Minute\" \/>\n<script type=\"application\/ld+json\" class=\"yoast-schema-graph\">{\"@context\":\"https:\\\/\\\/schema.org\",\"@graph\":[{\"@type\":\"WebPage\",\"@id\":\"https:\\\/\\\/shop.bantam.ch\\\/de\\\/produkt\\\/rueckfahrvideosystem-360-camos-hd\\\/\",\"url\":\"https:\\\/\\\/shop.bantam.ch\\\/de\\\/produkt\\\/rueckfahrvideosystem-360-camos-hd\\\/\",\"name\":\"R\u00fcckfahrvideosystem Camos 360\u00b0 Camos HD - Bantam Camping AG\",\"isPartOf\":{\"@id\":\"https:\\\/\\\/shop.bantam.ch\\\/de\\\/#website\"},\"primaryImageOfPage\":{\"@id\":\"https:\\\/\\\/shop.bantam.ch\\\/de\\\/produkt\\\/rueckfahrvideosystem-360-camos-hd\\\/#primaryimage\"},\"image\":{\"@id\":\"https:\\\/\\\/shop.bantam.ch\\\/de\\\/produkt\\\/rueckfahrvideosystem-360-camos-hd\\\/#primaryimage\"},\"thumbnailUrl\":\"https:\\\/\\\/shop.bantam.ch\\\/wp-content\\\/uploads\\\/2023\\\/02\\\/995574911.jpg\",\"datePublished\":\"2023-02-28T04:02:41+00:00\",\"dateModified\":\"2026-04-22T19:29:32+00:00\",\"breadcrumb\":{\"@id\":\"https:\\\/\\\/shop.bantam.ch\\\/de\\\/produkt\\\/rueckfahrvideosystem-360-camos-hd\\\/#breadcrumb\"},\"inLanguage\":\"de\",\"potentialAction\":[{\"@type\":\"ReadAction\",\"target\":[\"https:\\\/\\\/shop.bantam.ch\\\/de\\\/produkt\\\/rueckfahrvideosystem-360-camos-hd\\\/\"]}]},{\"@type\":\"ImageObject\",\"inLanguage\":\"de\",\"@id\":\"https:\\\/\\\/shop.bantam.ch\\\/de\\\/produkt\\\/rueckfahrvideosystem-360-camos-hd\\\/#primaryimage\",\"url\":\"https:\\\/\\\/shop.bantam.ch\\\/wp-content\\\/uploads\\\/2023\\\/02\\\/995574911.jpg\",\"contentUrl\":\"https:\\\/\\\/shop.bantam.ch\\\/wp-content\\\/uploads\\\/2023\\\/02\\\/995574911.jpg\",\"width\":1000,\"height\":917},{\"@type\":\"BreadcrumbList\",\"@id\":\"https:\\\/\\\/shop.bantam.ch\\\/de\\\/produkt\\\/rueckfahrvideosystem-360-camos-hd\\\/#breadcrumb\",\"itemListElement\":[{\"@type\":\"ListItem\",\"position\":1,\"name\":\"Accueil\",\"item\":\"https:\\\/\\\/shop.bantam.ch\\\/de\\\/\"},{\"@type\":\"ListItem\",\"position\":2,\"name\":\"Shop\",\"item\":\"https:\\\/\\\/shop.bantam.ch\\\/de\\\/shop\\\/\"},{\"@type\":\"ListItem\",\"position\":3,\"name\":\"R\u00fcckfahrvideosystem Camos 360\u00b0 Camos HD\"}]},{\"@type\":\"WebSite\",\"@id\":\"https:\\\/\\\/shop.bantam.ch\\\/de\\\/#website\",\"url\":\"https:\\\/\\\/shop.bantam.ch\\\/de\\\/\",\"name\":\"Bantam Camping AG\",\"description\":\"\",\"publisher\":{\"@id\":\"https:\\\/\\\/shop.bantam.ch\\\/de\\\/#organization\"},\"inLanguage\":\"de\"},{\"@type\":\"Organization\",\"@id\":\"https:\\\/\\\/shop.bantam.ch\\\/de\\\/#organization\",\"name\":\"Bantam Camping AG\",\"url\":\"https:\\\/\\\/shop.bantam.ch\\\/de\\\/\",\"logo\":{\"@type\":\"ImageObject\",\"inLanguage\":\"de\",\"@id\":\"https:\\\/\\\/shop.bantam.ch\\\/de\\\/#\\\/schema\\\/logo\\\/image\\\/\",\"url\":\"https:\\\/\\\/shop.bantam.ch\\\/wp-content\\\/uploads\\\/2022\\\/12\\\/bantam-logo.png\",\"contentUrl\":\"https:\\\/\\\/shop.bantam.ch\\\/wp-content\\\/uploads\\\/2022\\\/12\\\/bantam-logo.png\",\"width\":320,\"height\":71,\"caption\":\"Bantam Camping AG\"},\"image\":{\"@id\":\"https:\\\/\\\/shop.bantam.ch\\\/de\\\/#\\\/schema\\\/logo\\\/image\\\/\"}}]}<\/script>\n<!-- \/ Yoast SEO plugin. -->","yoast_head_json":{"title":"R\u00fcckfahrvideosystem Camos 360\u00b0 Camos HD - Bantam Camping AG","robots":{"index":"index","follow":"follow","max-snippet":"max-snippet:-1","max-image-preview":"max-image-preview:large","max-video-preview":"max-video-preview:-1"},"canonical":"https:\/\/shop.bantam.ch\/de\/produkt\/rueckfahrvideosystem-360-camos-hd\/","og_locale":"de_DE","og_type":"article","og_title":"R\u00fcckfahrvideosystem Camos 360\u00b0 Camos HD - Bantam Camping AG","og_description":"Mit 360\u00b0 Camos HD sehen Sie mehr &#8211; besonders in un\u00fcbersichtlichen Situationen. Fahren, rangieren und parken Sie mit noch nie dagewesener Leichtigkeit. Eigenschaften und Funktionen: Ein voll digitales Netzwerk aus vier kleinen Echtzeitkameras erm\u00f6glichen Ihnen den perfekten Rundumblick. Dank der fotorealistischen Sicht aus der Vogelperspektive haben Sie selbst Stra\u00dfenmarkierungen und vor allem m\u00f6gliche Hindernisse vollst\u00e4ndig [&hellip;]","og_url":"https:\/\/shop.bantam.ch\/de\/produkt\/rueckfahrvideosystem-360-camos-hd\/","og_site_name":"Bantam Camping AG","article_modified_time":"2026-04-22T19:29:32+00:00","og_image":[{"width":1000,"height":917,"url":"https:\/\/shop.bantam.ch\/wp-content\/uploads\/2023\/02\/995574911.jpg","type":"image\/jpeg"}],"twitter_card":"summary_large_image","twitter_misc":{"Gesch\u00e4tzte Lesezeit":"1\u00a0Minute"},"schema":{"@context":"https:\/\/schema.org","@graph":[{"@type":"WebPage","@id":"https:\/\/shop.bantam.ch\/de\/produkt\/rueckfahrvideosystem-360-camos-hd\/","url":"https:\/\/shop.bantam.ch\/de\/produkt\/rueckfahrvideosystem-360-camos-hd\/","name":"R\u00fcckfahrvideosystem Camos 360\u00b0 Camos HD - Bantam Camping AG","isPartOf":{"@id":"https:\/\/shop.bantam.ch\/de\/#website"},"primaryImageOfPage":{"@id":"https:\/\/shop.bantam.ch\/de\/produkt\/rueckfahrvideosystem-360-camos-hd\/#primaryimage"},"image":{"@id":"https:\/\/shop.bantam.ch\/de\/produkt\/rueckfahrvideosystem-360-camos-hd\/#primaryimage"},"thumbnailUrl":"https:\/\/shop.bantam.ch\/wp-content\/uploads\/2023\/02\/995574911.jpg","datePublished":"2023-02-28T04:02:41+00:00","dateModified":"2026-04-22T19:29:32+00:00","breadcrumb":{"@id":"https:\/\/shop.bantam.ch\/de\/produkt\/rueckfahrvideosystem-360-camos-hd\/#breadcrumb"},"inLanguage":"de","potentialAction":[{"@type":"ReadAction","target":["https:\/\/shop.bantam.ch\/de\/produkt\/rueckfahrvideosystem-360-camos-hd\/"]}]},{"@type":"ImageObject","inLanguage":"de","@id":"https:\/\/shop.bantam.ch\/de\/produkt\/rueckfahrvideosystem-360-camos-hd\/#primaryimage","url":"https:\/\/shop.bantam.ch\/wp-content\/uploads\/2023\/02\/995574911.jpg","contentUrl":"https:\/\/shop.bantam.ch\/wp-content\/uploads\/2023\/02\/995574911.jpg","width":1000,"height":917},{"@type":"BreadcrumbList","@id":"https:\/\/shop.bantam.ch\/de\/produkt\/rueckfahrvideosystem-360-camos-hd\/#breadcrumb","itemListElement":[{"@type":"ListItem","position":1,"name":"Accueil","item":"https:\/\/shop.bantam.ch\/de\/"},{"@type":"ListItem","position":2,"name":"Shop","item":"https:\/\/shop.bantam.ch\/de\/shop\/"},{"@type":"ListItem","position":3,"name":"R\u00fcckfahrvideosystem Camos 360\u00b0 Camos HD"}]},{"@type":"WebSite","@id":"https:\/\/shop.bantam.ch\/de\/#website","url":"https:\/\/shop.bantam.ch\/de\/","name":"Bantam Camping AG","description":"","publisher":{"@id":"https:\/\/shop.bantam.ch\/de\/#organization"},"inLanguage":"de"},{"@type":"Organization","@id":"https:\/\/shop.bantam.ch\/de\/#organization","name":"Bantam Camping AG","url":"https:\/\/shop.bantam.ch\/de\/","logo":{"@type":"ImageObject","inLanguage":"de","@id":"https:\/\/shop.bantam.ch\/de\/#\/schema\/logo\/image\/","url":"https:\/\/shop.bantam.ch\/wp-content\/uploads\/2022\/12\/bantam-logo.png","contentUrl":"https:\/\/shop.bantam.ch\/wp-content\/uploads\/2022\/12\/bantam-logo.png","width":320,"height":71,"caption":"Bantam Camping AG"},"image":{"@id":"https:\/\/shop.bantam.ch\/de\/#\/schema\/logo\/image\/"}}]}},"_links":{"self":[{"href":"https:\/\/shop.bantam.ch\/de\/wp-json\/wp\/v2\/product\/95546","targetHints":{"allow":["GET"]}}],"collection":[{"href":"https:\/\/shop.bantam.ch\/de\/wp-json\/wp\/v2\/product"}],"about":[{"href":"https:\/\/shop.bantam.ch\/de\/wp-json\/wp\/v2\/types\/product"}],"wp:featuredmedia":[{"embeddable":true,"href":"https:\/\/shop.bantam.ch\/de\/wp-json\/wp\/v2\/media\/95538"}],"wp:attachment":[{"href":"https:\/\/shop.bantam.ch\/de\/wp-json\/wp\/v2\/media?parent=95546"}],"wp:term":[{"taxonomy":"product_featured_cat","embeddable":true,"href":"https:\/\/shop.bantam.ch\/de\/wp-json\/wp\/v2\/product_featured_cat?post=95546"},{"taxonomy":"product_brand","embeddable":true,"href":"https:\/\/shop.bantam.ch\/de\/wp-json\/wp\/v2\/product_brand?post=95546"},{"taxonomy":"product_cat","embeddable":true,"href":"https:\/\/shop.bantam.ch\/de\/wp-json\/wp\/v2\/product_cat?post=95546"},{"taxonomy":"product_tag","embeddable":true,"href":"https:\/\/shop.bantam.ch\/de\/wp-json\/wp\/v2\/product_tag?post=95546"}],"curies":[{"name":"wp","href":"https:\/\/api.w.org\/{rel}","templated":true}]}}