{"id":94690,"date":"2023-02-28T04:46:54","date_gmt":"2023-02-28T03:46:54","guid":{"rendered":"http:\/\/shop.bantam.ch\/produit\/fahrradtraeger-mb-sprinter-ab-2006-und-vw-crafter-ab-07-2006-2016-schwarz-2\/"},"modified":"2026-04-18T21:28:57","modified_gmt":"2026-04-18T19:28:57","slug":"fahrradtraeger-mb-sprinter-ab-2006-und-vw-crafter-ab-07-2006-2016-schwarz-2","status":"publish","type":"product","link":"https:\/\/shop.bantam.ch\/de\/produkt\/fahrradtraeger-mb-sprinter-ab-2006-und-vw-crafter-ab-07-2006-2016-schwarz-2\/","title":{"rendered":"Fahrradtr\u00e4ger EuroCarry MB Sprinter ab 2006 und VW Crafter ab 07\/2006 &#8211; 2016 2 R\u00e4der Traglast 60 kg schwarz"},"content":{"rendered":"<p>Fahrradtr\u00e4ger pulverbeschichtet schwarz zur einfachen Montage an den T\u00fcrscharnieren. Zum \u00d6ffnen der Heckt\u00fcren kann der Fahrradtr\u00e4ger seitlich nach rechts weggeschwenkt werden. Der Grundtr\u00e4ger kann als Hochlader oder mit der optional erh\u00e4ltlichen Beleuchtungsleiste als Tieflader eingesetzt werden.<\/p>\n<p>\u00a0<\/p>\n<ul>\n<li>Beladung max. 2 Fahrr\u00e4der<\/li>\n<li>Ma\u00dfe ausgeklappt: 177 x 116 x 60 (H x B x T)<\/li>\n<li>Ma\u00dfe eingeklappt: 177 x 116 x 25 cm (H x B x T)<\/li>\n<li>E-Bike geeignet<\/li>\n<\/ul>\n<p>\u00a0<\/p>\n","protected":false},"excerpt":{"rendered":"<p>Fahrradtr\u00e4ger pulverbeschichtet schwarz zur einfachen Montage an den T\u00fcrscharnieren. Zum \u00d6ffnen der Heckt\u00fcren kann der Fahrradtr\u00e4ger seitlich nach rechts weggeschwenkt werden. Der Grundtr\u00e4ger kann als Hochlader oder mit der optional erh\u00e4ltlichen Beleuchtungsleiste als Tieflader eingesetzt werden. \u00a0 Beladung max. 2 Fahrr\u00e4der Ma\u00dfe ausgeklappt: 177 x 116 x 60 (H x B x T) Ma\u00dfe eingeklappt: [&hellip;]<\/p>\n","protected":false},"featured_media":94688,"template":"","meta":{"_acf_changed":false},"product_featured_cat":[],"product_brand":[3227],"product_cat":[5138],"product_tag":[],"class_list":{"0":"post-94690","1":"product","2":"type-product","3":"status-publish","4":"has-post-thumbnail","6":"product_brand-eurocarry-de","7":"product_cat-heck-fahrradtraeger","9":"first","10":"instock","11":"taxable","12":"shipping-taxable","13":"purchasable","14":"product-type-simple"},"acf":[],"yoast_head":"<!-- This site is optimized with the Yoast SEO plugin v27.4 - https:\/\/yoast.com\/product\/yoast-seo-wordpress\/ -->\n<title>Fahrradtr\u00e4ger EuroCarry MB Sprinter ab 2006 und VW Crafter ab 07\/2006 - 2016 2 R\u00e4der Traglast 60 kg schwarz - Bantam Camping AG<\/title>\n<meta name=\"robots\" content=\"index, follow, max-snippet:-1, max-image-preview:large, max-video-preview:-1\" \/>\n<link rel=\"canonical\" href=\"https:\/\/shop.bantam.ch\/de\/produkt\/fahrradtraeger-mb-sprinter-ab-2006-und-vw-crafter-ab-07-2006-2016-schwarz-2\/\" \/>\n<meta property=\"og:locale\" content=\"de_DE\" \/>\n<meta property=\"og:type\" content=\"article\" \/>\n<meta property=\"og:title\" content=\"Fahrradtr\u00e4ger EuroCarry MB Sprinter ab 2006 und VW Crafter ab 07\/2006 - 2016 2 R\u00e4der Traglast 60 kg schwarz - Bantam Camping AG\" \/>\n<meta property=\"og:description\" content=\"Fahrradtr\u00e4ger pulverbeschichtet schwarz zur einfachen Montage an den T\u00fcrscharnieren. Zum \u00d6ffnen der Heckt\u00fcren kann der Fahrradtr\u00e4ger seitlich nach rechts weggeschwenkt werden. Der Grundtr\u00e4ger kann als Hochlader oder mit der optional erh\u00e4ltlichen Beleuchtungsleiste als Tieflader eingesetzt werden. \u00a0 Beladung max. 2 Fahrr\u00e4der Ma\u00dfe ausgeklappt: 177 x 116 x 60 (H x B x T) Ma\u00dfe eingeklappt: [&hellip;]\" \/>\n<meta property=\"og:url\" content=\"https:\/\/shop.bantam.ch\/de\/produkt\/fahrradtraeger-mb-sprinter-ab-2006-und-vw-crafter-ab-07-2006-2016-schwarz-2\/\" \/>\n<meta property=\"og:site_name\" content=\"Bantam Camping AG\" \/>\n<meta property=\"article:modified_time\" content=\"2026-04-18T19:28:57+00:00\" \/>\n<meta property=\"og:image\" content=\"https:\/\/shop.bantam.ch\/wp-content\/uploads\/2023\/02\/994329311.jpg\" \/>\n\t<meta property=\"og:image:width\" content=\"1000\" \/>\n\t<meta property=\"og:image:height\" content=\"549\" \/>\n\t<meta property=\"og:image:type\" content=\"image\/jpeg\" \/>\n<meta name=\"twitter:card\" content=\"summary_large_image\" \/>\n<script type=\"application\/ld+json\" class=\"yoast-schema-graph\">{\"@context\":\"https:\\\/\\\/schema.org\",\"@graph\":[{\"@type\":\"WebPage\",\"@id\":\"https:\\\/\\\/shop.bantam.ch\\\/de\\\/produkt\\\/fahrradtraeger-mb-sprinter-ab-2006-und-vw-crafter-ab-07-2006-2016-schwarz-2\\\/\",\"url\":\"https:\\\/\\\/shop.bantam.ch\\\/de\\\/produkt\\\/fahrradtraeger-mb-sprinter-ab-2006-und-vw-crafter-ab-07-2006-2016-schwarz-2\\\/\",\"name\":\"Fahrradtr\u00e4ger EuroCarry MB Sprinter ab 2006 und VW Crafter ab 07\\\/2006 - 2016 2 R\u00e4der Traglast 60 kg schwarz - Bantam Camping AG\",\"isPartOf\":{\"@id\":\"https:\\\/\\\/shop.bantam.ch\\\/de\\\/#website\"},\"primaryImageOfPage\":{\"@id\":\"https:\\\/\\\/shop.bantam.ch\\\/de\\\/produkt\\\/fahrradtraeger-mb-sprinter-ab-2006-und-vw-crafter-ab-07-2006-2016-schwarz-2\\\/#primaryimage\"},\"image\":{\"@id\":\"https:\\\/\\\/shop.bantam.ch\\\/de\\\/produkt\\\/fahrradtraeger-mb-sprinter-ab-2006-und-vw-crafter-ab-07-2006-2016-schwarz-2\\\/#primaryimage\"},\"thumbnailUrl\":\"https:\\\/\\\/shop.bantam.ch\\\/wp-content\\\/uploads\\\/2023\\\/02\\\/994329311.jpg\",\"datePublished\":\"2023-02-28T03:46:54+00:00\",\"dateModified\":\"2026-04-18T19:28:57+00:00\",\"breadcrumb\":{\"@id\":\"https:\\\/\\\/shop.bantam.ch\\\/de\\\/produkt\\\/fahrradtraeger-mb-sprinter-ab-2006-und-vw-crafter-ab-07-2006-2016-schwarz-2\\\/#breadcrumb\"},\"inLanguage\":\"de\",\"potentialAction\":[{\"@type\":\"ReadAction\",\"target\":[\"https:\\\/\\\/shop.bantam.ch\\\/de\\\/produkt\\\/fahrradtraeger-mb-sprinter-ab-2006-und-vw-crafter-ab-07-2006-2016-schwarz-2\\\/\"]}]},{\"@type\":\"ImageObject\",\"inLanguage\":\"de\",\"@id\":\"https:\\\/\\\/shop.bantam.ch\\\/de\\\/produkt\\\/fahrradtraeger-mb-sprinter-ab-2006-und-vw-crafter-ab-07-2006-2016-schwarz-2\\\/#primaryimage\",\"url\":\"https:\\\/\\\/shop.bantam.ch\\\/wp-content\\\/uploads\\\/2023\\\/02\\\/994329311.jpg\",\"contentUrl\":\"https:\\\/\\\/shop.bantam.ch\\\/wp-content\\\/uploads\\\/2023\\\/02\\\/994329311.jpg\",\"width\":1000,\"height\":549},{\"@type\":\"BreadcrumbList\",\"@id\":\"https:\\\/\\\/shop.bantam.ch\\\/de\\\/produkt\\\/fahrradtraeger-mb-sprinter-ab-2006-und-vw-crafter-ab-07-2006-2016-schwarz-2\\\/#breadcrumb\",\"itemListElement\":[{\"@type\":\"ListItem\",\"position\":1,\"name\":\"Accueil\",\"item\":\"https:\\\/\\\/shop.bantam.ch\\\/de\\\/\"},{\"@type\":\"ListItem\",\"position\":2,\"name\":\"Shop\",\"item\":\"https:\\\/\\\/shop.bantam.ch\\\/de\\\/shop\\\/\"},{\"@type\":\"ListItem\",\"position\":3,\"name\":\"Fahrradtr\u00e4ger EuroCarry MB Sprinter ab 2006 und VW Crafter ab 07\\\/2006 &#8211; 2016 2 R\u00e4der Traglast 60 kg schwarz\"}]},{\"@type\":\"WebSite\",\"@id\":\"https:\\\/\\\/shop.bantam.ch\\\/de\\\/#website\",\"url\":\"https:\\\/\\\/shop.bantam.ch\\\/de\\\/\",\"name\":\"Bantam Camping AG\",\"description\":\"\",\"publisher\":{\"@id\":\"https:\\\/\\\/shop.bantam.ch\\\/de\\\/#organization\"},\"inLanguage\":\"de\"},{\"@type\":\"Organization\",\"@id\":\"https:\\\/\\\/shop.bantam.ch\\\/de\\\/#organization\",\"name\":\"Bantam Camping AG\",\"url\":\"https:\\\/\\\/shop.bantam.ch\\\/de\\\/\",\"logo\":{\"@type\":\"ImageObject\",\"inLanguage\":\"de\",\"@id\":\"https:\\\/\\\/shop.bantam.ch\\\/de\\\/#\\\/schema\\\/logo\\\/image\\\/\",\"url\":\"https:\\\/\\\/shop.bantam.ch\\\/wp-content\\\/uploads\\\/2022\\\/12\\\/bantam-logo.png\",\"contentUrl\":\"https:\\\/\\\/shop.bantam.ch\\\/wp-content\\\/uploads\\\/2022\\\/12\\\/bantam-logo.png\",\"width\":320,\"height\":71,\"caption\":\"Bantam Camping AG\"},\"image\":{\"@id\":\"https:\\\/\\\/shop.bantam.ch\\\/de\\\/#\\\/schema\\\/logo\\\/image\\\/\"}}]}<\/script>\n<!-- \/ Yoast SEO plugin. -->","yoast_head_json":{"title":"Fahrradtr\u00e4ger EuroCarry MB Sprinter ab 2006 und VW Crafter ab 07\/2006 - 2016 2 R\u00e4der Traglast 60 kg schwarz - Bantam Camping AG","robots":{"index":"index","follow":"follow","max-snippet":"max-snippet:-1","max-image-preview":"max-image-preview:large","max-video-preview":"max-video-preview:-1"},"canonical":"https:\/\/shop.bantam.ch\/de\/produkt\/fahrradtraeger-mb-sprinter-ab-2006-und-vw-crafter-ab-07-2006-2016-schwarz-2\/","og_locale":"de_DE","og_type":"article","og_title":"Fahrradtr\u00e4ger EuroCarry MB Sprinter ab 2006 und VW Crafter ab 07\/2006 - 2016 2 R\u00e4der Traglast 60 kg schwarz - Bantam Camping AG","og_description":"Fahrradtr\u00e4ger pulverbeschichtet schwarz zur einfachen Montage an den T\u00fcrscharnieren. Zum \u00d6ffnen der Heckt\u00fcren kann der Fahrradtr\u00e4ger seitlich nach rechts weggeschwenkt werden. Der Grundtr\u00e4ger kann als Hochlader oder mit der optional erh\u00e4ltlichen Beleuchtungsleiste als Tieflader eingesetzt werden. \u00a0 Beladung max. 2 Fahrr\u00e4der Ma\u00dfe ausgeklappt: 177 x 116 x 60 (H x B x T) Ma\u00dfe eingeklappt: [&hellip;]","og_url":"https:\/\/shop.bantam.ch\/de\/produkt\/fahrradtraeger-mb-sprinter-ab-2006-und-vw-crafter-ab-07-2006-2016-schwarz-2\/","og_site_name":"Bantam Camping AG","article_modified_time":"2026-04-18T19:28:57+00:00","og_image":[{"width":1000,"height":549,"url":"https:\/\/shop.bantam.ch\/wp-content\/uploads\/2023\/02\/994329311.jpg","type":"image\/jpeg"}],"twitter_card":"summary_large_image","schema":{"@context":"https:\/\/schema.org","@graph":[{"@type":"WebPage","@id":"https:\/\/shop.bantam.ch\/de\/produkt\/fahrradtraeger-mb-sprinter-ab-2006-und-vw-crafter-ab-07-2006-2016-schwarz-2\/","url":"https:\/\/shop.bantam.ch\/de\/produkt\/fahrradtraeger-mb-sprinter-ab-2006-und-vw-crafter-ab-07-2006-2016-schwarz-2\/","name":"Fahrradtr\u00e4ger EuroCarry MB Sprinter ab 2006 und VW Crafter ab 07\/2006 - 2016 2 R\u00e4der Traglast 60 kg schwarz - Bantam Camping AG","isPartOf":{"@id":"https:\/\/shop.bantam.ch\/de\/#website"},"primaryImageOfPage":{"@id":"https:\/\/shop.bantam.ch\/de\/produkt\/fahrradtraeger-mb-sprinter-ab-2006-und-vw-crafter-ab-07-2006-2016-schwarz-2\/#primaryimage"},"image":{"@id":"https:\/\/shop.bantam.ch\/de\/produkt\/fahrradtraeger-mb-sprinter-ab-2006-und-vw-crafter-ab-07-2006-2016-schwarz-2\/#primaryimage"},"thumbnailUrl":"https:\/\/shop.bantam.ch\/wp-content\/uploads\/2023\/02\/994329311.jpg","datePublished":"2023-02-28T03:46:54+00:00","dateModified":"2026-04-18T19:28:57+00:00","breadcrumb":{"@id":"https:\/\/shop.bantam.ch\/de\/produkt\/fahrradtraeger-mb-sprinter-ab-2006-und-vw-crafter-ab-07-2006-2016-schwarz-2\/#breadcrumb"},"inLanguage":"de","potentialAction":[{"@type":"ReadAction","target":["https:\/\/shop.bantam.ch\/de\/produkt\/fahrradtraeger-mb-sprinter-ab-2006-und-vw-crafter-ab-07-2006-2016-schwarz-2\/"]}]},{"@type":"ImageObject","inLanguage":"de","@id":"https:\/\/shop.bantam.ch\/de\/produkt\/fahrradtraeger-mb-sprinter-ab-2006-und-vw-crafter-ab-07-2006-2016-schwarz-2\/#primaryimage","url":"https:\/\/shop.bantam.ch\/wp-content\/uploads\/2023\/02\/994329311.jpg","contentUrl":"https:\/\/shop.bantam.ch\/wp-content\/uploads\/2023\/02\/994329311.jpg","width":1000,"height":549},{"@type":"BreadcrumbList","@id":"https:\/\/shop.bantam.ch\/de\/produkt\/fahrradtraeger-mb-sprinter-ab-2006-und-vw-crafter-ab-07-2006-2016-schwarz-2\/#breadcrumb","itemListElement":[{"@type":"ListItem","position":1,"name":"Accueil","item":"https:\/\/shop.bantam.ch\/de\/"},{"@type":"ListItem","position":2,"name":"Shop","item":"https:\/\/shop.bantam.ch\/de\/shop\/"},{"@type":"ListItem","position":3,"name":"Fahrradtr\u00e4ger EuroCarry MB Sprinter ab 2006 und VW Crafter ab 07\/2006 &#8211; 2016 2 R\u00e4der Traglast 60 kg schwarz"}]},{"@type":"WebSite","@id":"https:\/\/shop.bantam.ch\/de\/#website","url":"https:\/\/shop.bantam.ch\/de\/","name":"Bantam Camping AG","description":"","publisher":{"@id":"https:\/\/shop.bantam.ch\/de\/#organization"},"inLanguage":"de"},{"@type":"Organization","@id":"https:\/\/shop.bantam.ch\/de\/#organization","name":"Bantam Camping AG","url":"https:\/\/shop.bantam.ch\/de\/","logo":{"@type":"ImageObject","inLanguage":"de","@id":"https:\/\/shop.bantam.ch\/de\/#\/schema\/logo\/image\/","url":"https:\/\/shop.bantam.ch\/wp-content\/uploads\/2022\/12\/bantam-logo.png","contentUrl":"https:\/\/shop.bantam.ch\/wp-content\/uploads\/2022\/12\/bantam-logo.png","width":320,"height":71,"caption":"Bantam Camping AG"},"image":{"@id":"https:\/\/shop.bantam.ch\/de\/#\/schema\/logo\/image\/"}}]}},"_links":{"self":[{"href":"https:\/\/shop.bantam.ch\/de\/wp-json\/wp\/v2\/product\/94690","targetHints":{"allow":["GET"]}}],"collection":[{"href":"https:\/\/shop.bantam.ch\/de\/wp-json\/wp\/v2\/product"}],"about":[{"href":"https:\/\/shop.bantam.ch\/de\/wp-json\/wp\/v2\/types\/product"}],"wp:featuredmedia":[{"embeddable":true,"href":"https:\/\/shop.bantam.ch\/de\/wp-json\/wp\/v2\/media\/94688"}],"wp:attachment":[{"href":"https:\/\/shop.bantam.ch\/de\/wp-json\/wp\/v2\/media?parent=94690"}],"wp:term":[{"taxonomy":"product_featured_cat","embeddable":true,"href":"https:\/\/shop.bantam.ch\/de\/wp-json\/wp\/v2\/product_featured_cat?post=94690"},{"taxonomy":"product_brand","embeddable":true,"href":"https:\/\/shop.bantam.ch\/de\/wp-json\/wp\/v2\/product_brand?post=94690"},{"taxonomy":"product_cat","embeddable":true,"href":"https:\/\/shop.bantam.ch\/de\/wp-json\/wp\/v2\/product_cat?post=94690"},{"taxonomy":"product_tag","embeddable":true,"href":"https:\/\/shop.bantam.ch\/de\/wp-json\/wp\/v2\/product_tag?post=94690"}],"curies":[{"name":"wp","href":"https:\/\/api.w.org\/{rel}","templated":true}]}}