{"id":94654,"date":"2023-02-28T04:46:06","date_gmt":"2023-02-28T03:46:06","guid":{"rendered":"http:\/\/shop.bantam.ch\/produit\/tuchklemmen-2-stueck\/"},"modified":"2026-04-18T21:28:57","modified_gmt":"2026-04-18T19:28:57","slug":"tuchklemmen-2-stueck","status":"publish","type":"product","link":"https:\/\/shop.bantam.ch\/de\/produkt\/tuchklemmen-2-stueck\/","title":{"rendered":"Tuchklemmen Thule 2 St\u00fcck"},"content":{"rendered":"<p>Diese Klemmen sorgen f\u00fcr eine sicherere Befestigung des Markisentuchs an der Markisen-Spannstange oder an der Blocker-Spannstange, um das unangenehme Ger\u00e4usch eines durch Wind flatternden Markisentuchs zu vermeiden. Die Klemmen passen universell auf die meisten Spannstangen, einfach einrasten lassen, das Tuch dazwischen legen und mit dem Griff festziehen. Sie k\u00f6nnen bis zu 2 Klammern auf einer Seite der Markise verwenden. Passend f\u00fcr die ovalen Blocker-Spannstange Thule Tension Rafter G2 und die Vierkant-Teleskop-Spannstange f\u00fcr TO 1200.<\/p>\n<p>Lieferumfang:<br \/>2 St\u00fcck<\/p>\n<p>\u00a0<\/p>\n","protected":false},"excerpt":{"rendered":"<p>Diese Klemmen sorgen f\u00fcr eine sicherere Befestigung des Markisentuchs an der Markisen-Spannstange oder an der Blocker-Spannstange, um das unangenehme Ger\u00e4usch eines durch Wind flatternden Markisentuchs zu vermeiden. Die Klemmen passen universell auf die meisten Spannstangen, einfach einrasten lassen, das Tuch dazwischen legen und mit dem Griff festziehen. Sie k\u00f6nnen bis zu 2 Klammern auf einer [&hellip;]<\/p>\n","protected":false},"featured_media":94650,"template":"","meta":{"_acf_changed":false},"product_featured_cat":[],"product_brand":[3047],"product_cat":[4228],"product_tag":[],"class_list":{"0":"post-94654","1":"product","2":"type-product","3":"status-publish","4":"has-post-thumbnail","6":"product_brand-thule-de","7":"product_cat-markisen-befestigung","9":"first","10":"instock","11":"taxable","12":"shipping-taxable","13":"purchasable","14":"product-type-simple"},"acf":[],"yoast_head":"<!-- This site is optimized with the Yoast SEO plugin v27.4 - https:\/\/yoast.com\/product\/yoast-seo-wordpress\/ -->\n<title>Tuchklemmen Thule 2 St\u00fcck - Bantam Camping AG<\/title>\n<meta name=\"robots\" content=\"index, follow, max-snippet:-1, max-image-preview:large, max-video-preview:-1\" \/>\n<link rel=\"canonical\" href=\"https:\/\/shop.bantam.ch\/de\/produkt\/tuchklemmen-2-stueck\/\" \/>\n<meta property=\"og:locale\" content=\"de_DE\" \/>\n<meta property=\"og:type\" content=\"article\" \/>\n<meta property=\"og:title\" content=\"Tuchklemmen Thule 2 St\u00fcck - Bantam Camping AG\" \/>\n<meta property=\"og:description\" content=\"Diese Klemmen sorgen f\u00fcr eine sicherere Befestigung des Markisentuchs an der Markisen-Spannstange oder an der Blocker-Spannstange, um das unangenehme Ger\u00e4usch eines durch Wind flatternden Markisentuchs zu vermeiden. Die Klemmen passen universell auf die meisten Spannstangen, einfach einrasten lassen, das Tuch dazwischen legen und mit dem Griff festziehen. Sie k\u00f6nnen bis zu 2 Klammern auf einer [&hellip;]\" \/>\n<meta property=\"og:url\" content=\"https:\/\/shop.bantam.ch\/de\/produkt\/tuchklemmen-2-stueck\/\" \/>\n<meta property=\"og:site_name\" content=\"Bantam Camping AG\" \/>\n<meta property=\"article:modified_time\" content=\"2026-04-18T19:28:57+00:00\" \/>\n<meta property=\"og:image\" content=\"https:\/\/shop.bantam.ch\/wp-content\/uploads\/2023\/02\/995581711.jpg\" \/>\n\t<meta property=\"og:image:width\" content=\"1000\" \/>\n\t<meta property=\"og:image:height\" content=\"667\" \/>\n\t<meta property=\"og:image:type\" content=\"image\/jpeg\" \/>\n<meta name=\"twitter:card\" content=\"summary_large_image\" \/>\n<script type=\"application\/ld+json\" class=\"yoast-schema-graph\">{\"@context\":\"https:\\\/\\\/schema.org\",\"@graph\":[{\"@type\":\"WebPage\",\"@id\":\"https:\\\/\\\/shop.bantam.ch\\\/de\\\/produkt\\\/tuchklemmen-2-stueck\\\/\",\"url\":\"https:\\\/\\\/shop.bantam.ch\\\/de\\\/produkt\\\/tuchklemmen-2-stueck\\\/\",\"name\":\"Tuchklemmen Thule 2 St\u00fcck - Bantam Camping AG\",\"isPartOf\":{\"@id\":\"https:\\\/\\\/shop.bantam.ch\\\/de\\\/#website\"},\"primaryImageOfPage\":{\"@id\":\"https:\\\/\\\/shop.bantam.ch\\\/de\\\/produkt\\\/tuchklemmen-2-stueck\\\/#primaryimage\"},\"image\":{\"@id\":\"https:\\\/\\\/shop.bantam.ch\\\/de\\\/produkt\\\/tuchklemmen-2-stueck\\\/#primaryimage\"},\"thumbnailUrl\":\"https:\\\/\\\/shop.bantam.ch\\\/wp-content\\\/uploads\\\/2023\\\/02\\\/995581711.jpg\",\"datePublished\":\"2023-02-28T03:46:06+00:00\",\"dateModified\":\"2026-04-18T19:28:57+00:00\",\"breadcrumb\":{\"@id\":\"https:\\\/\\\/shop.bantam.ch\\\/de\\\/produkt\\\/tuchklemmen-2-stueck\\\/#breadcrumb\"},\"inLanguage\":\"de\",\"potentialAction\":[{\"@type\":\"ReadAction\",\"target\":[\"https:\\\/\\\/shop.bantam.ch\\\/de\\\/produkt\\\/tuchklemmen-2-stueck\\\/\"]}]},{\"@type\":\"ImageObject\",\"inLanguage\":\"de\",\"@id\":\"https:\\\/\\\/shop.bantam.ch\\\/de\\\/produkt\\\/tuchklemmen-2-stueck\\\/#primaryimage\",\"url\":\"https:\\\/\\\/shop.bantam.ch\\\/wp-content\\\/uploads\\\/2023\\\/02\\\/995581711.jpg\",\"contentUrl\":\"https:\\\/\\\/shop.bantam.ch\\\/wp-content\\\/uploads\\\/2023\\\/02\\\/995581711.jpg\",\"width\":1000,\"height\":667},{\"@type\":\"BreadcrumbList\",\"@id\":\"https:\\\/\\\/shop.bantam.ch\\\/de\\\/produkt\\\/tuchklemmen-2-stueck\\\/#breadcrumb\",\"itemListElement\":[{\"@type\":\"ListItem\",\"position\":1,\"name\":\"Accueil\",\"item\":\"https:\\\/\\\/shop.bantam.ch\\\/de\\\/\"},{\"@type\":\"ListItem\",\"position\":2,\"name\":\"Shop\",\"item\":\"https:\\\/\\\/shop.bantam.ch\\\/de\\\/shop\\\/\"},{\"@type\":\"ListItem\",\"position\":3,\"name\":\"Tuchklemmen Thule 2 St\u00fcck\"}]},{\"@type\":\"WebSite\",\"@id\":\"https:\\\/\\\/shop.bantam.ch\\\/de\\\/#website\",\"url\":\"https:\\\/\\\/shop.bantam.ch\\\/de\\\/\",\"name\":\"Bantam Camping AG\",\"description\":\"\",\"publisher\":{\"@id\":\"https:\\\/\\\/shop.bantam.ch\\\/de\\\/#organization\"},\"inLanguage\":\"de\"},{\"@type\":\"Organization\",\"@id\":\"https:\\\/\\\/shop.bantam.ch\\\/de\\\/#organization\",\"name\":\"Bantam Camping AG\",\"url\":\"https:\\\/\\\/shop.bantam.ch\\\/de\\\/\",\"logo\":{\"@type\":\"ImageObject\",\"inLanguage\":\"de\",\"@id\":\"https:\\\/\\\/shop.bantam.ch\\\/de\\\/#\\\/schema\\\/logo\\\/image\\\/\",\"url\":\"https:\\\/\\\/shop.bantam.ch\\\/wp-content\\\/uploads\\\/2022\\\/12\\\/bantam-logo.png\",\"contentUrl\":\"https:\\\/\\\/shop.bantam.ch\\\/wp-content\\\/uploads\\\/2022\\\/12\\\/bantam-logo.png\",\"width\":320,\"height\":71,\"caption\":\"Bantam Camping AG\"},\"image\":{\"@id\":\"https:\\\/\\\/shop.bantam.ch\\\/de\\\/#\\\/schema\\\/logo\\\/image\\\/\"}}]}<\/script>\n<!-- \/ Yoast SEO plugin. -->","yoast_head_json":{"title":"Tuchklemmen Thule 2 St\u00fcck - Bantam Camping AG","robots":{"index":"index","follow":"follow","max-snippet":"max-snippet:-1","max-image-preview":"max-image-preview:large","max-video-preview":"max-video-preview:-1"},"canonical":"https:\/\/shop.bantam.ch\/de\/produkt\/tuchklemmen-2-stueck\/","og_locale":"de_DE","og_type":"article","og_title":"Tuchklemmen Thule 2 St\u00fcck - Bantam Camping AG","og_description":"Diese Klemmen sorgen f\u00fcr eine sicherere Befestigung des Markisentuchs an der Markisen-Spannstange oder an der Blocker-Spannstange, um das unangenehme Ger\u00e4usch eines durch Wind flatternden Markisentuchs zu vermeiden. Die Klemmen passen universell auf die meisten Spannstangen, einfach einrasten lassen, das Tuch dazwischen legen und mit dem Griff festziehen. Sie k\u00f6nnen bis zu 2 Klammern auf einer [&hellip;]","og_url":"https:\/\/shop.bantam.ch\/de\/produkt\/tuchklemmen-2-stueck\/","og_site_name":"Bantam Camping AG","article_modified_time":"2026-04-18T19:28:57+00:00","og_image":[{"width":1000,"height":667,"url":"https:\/\/shop.bantam.ch\/wp-content\/uploads\/2023\/02\/995581711.jpg","type":"image\/jpeg"}],"twitter_card":"summary_large_image","schema":{"@context":"https:\/\/schema.org","@graph":[{"@type":"WebPage","@id":"https:\/\/shop.bantam.ch\/de\/produkt\/tuchklemmen-2-stueck\/","url":"https:\/\/shop.bantam.ch\/de\/produkt\/tuchklemmen-2-stueck\/","name":"Tuchklemmen Thule 2 St\u00fcck - Bantam Camping AG","isPartOf":{"@id":"https:\/\/shop.bantam.ch\/de\/#website"},"primaryImageOfPage":{"@id":"https:\/\/shop.bantam.ch\/de\/produkt\/tuchklemmen-2-stueck\/#primaryimage"},"image":{"@id":"https:\/\/shop.bantam.ch\/de\/produkt\/tuchklemmen-2-stueck\/#primaryimage"},"thumbnailUrl":"https:\/\/shop.bantam.ch\/wp-content\/uploads\/2023\/02\/995581711.jpg","datePublished":"2023-02-28T03:46:06+00:00","dateModified":"2026-04-18T19:28:57+00:00","breadcrumb":{"@id":"https:\/\/shop.bantam.ch\/de\/produkt\/tuchklemmen-2-stueck\/#breadcrumb"},"inLanguage":"de","potentialAction":[{"@type":"ReadAction","target":["https:\/\/shop.bantam.ch\/de\/produkt\/tuchklemmen-2-stueck\/"]}]},{"@type":"ImageObject","inLanguage":"de","@id":"https:\/\/shop.bantam.ch\/de\/produkt\/tuchklemmen-2-stueck\/#primaryimage","url":"https:\/\/shop.bantam.ch\/wp-content\/uploads\/2023\/02\/995581711.jpg","contentUrl":"https:\/\/shop.bantam.ch\/wp-content\/uploads\/2023\/02\/995581711.jpg","width":1000,"height":667},{"@type":"BreadcrumbList","@id":"https:\/\/shop.bantam.ch\/de\/produkt\/tuchklemmen-2-stueck\/#breadcrumb","itemListElement":[{"@type":"ListItem","position":1,"name":"Accueil","item":"https:\/\/shop.bantam.ch\/de\/"},{"@type":"ListItem","position":2,"name":"Shop","item":"https:\/\/shop.bantam.ch\/de\/shop\/"},{"@type":"ListItem","position":3,"name":"Tuchklemmen Thule 2 St\u00fcck"}]},{"@type":"WebSite","@id":"https:\/\/shop.bantam.ch\/de\/#website","url":"https:\/\/shop.bantam.ch\/de\/","name":"Bantam Camping AG","description":"","publisher":{"@id":"https:\/\/shop.bantam.ch\/de\/#organization"},"inLanguage":"de"},{"@type":"Organization","@id":"https:\/\/shop.bantam.ch\/de\/#organization","name":"Bantam Camping AG","url":"https:\/\/shop.bantam.ch\/de\/","logo":{"@type":"ImageObject","inLanguage":"de","@id":"https:\/\/shop.bantam.ch\/de\/#\/schema\/logo\/image\/","url":"https:\/\/shop.bantam.ch\/wp-content\/uploads\/2022\/12\/bantam-logo.png","contentUrl":"https:\/\/shop.bantam.ch\/wp-content\/uploads\/2022\/12\/bantam-logo.png","width":320,"height":71,"caption":"Bantam Camping AG"},"image":{"@id":"https:\/\/shop.bantam.ch\/de\/#\/schema\/logo\/image\/"}}]}},"_links":{"self":[{"href":"https:\/\/shop.bantam.ch\/de\/wp-json\/wp\/v2\/product\/94654","targetHints":{"allow":["GET"]}}],"collection":[{"href":"https:\/\/shop.bantam.ch\/de\/wp-json\/wp\/v2\/product"}],"about":[{"href":"https:\/\/shop.bantam.ch\/de\/wp-json\/wp\/v2\/types\/product"}],"wp:featuredmedia":[{"embeddable":true,"href":"https:\/\/shop.bantam.ch\/de\/wp-json\/wp\/v2\/media\/94650"}],"wp:attachment":[{"href":"https:\/\/shop.bantam.ch\/de\/wp-json\/wp\/v2\/media?parent=94654"}],"wp:term":[{"taxonomy":"product_featured_cat","embeddable":true,"href":"https:\/\/shop.bantam.ch\/de\/wp-json\/wp\/v2\/product_featured_cat?post=94654"},{"taxonomy":"product_brand","embeddable":true,"href":"https:\/\/shop.bantam.ch\/de\/wp-json\/wp\/v2\/product_brand?post=94654"},{"taxonomy":"product_cat","embeddable":true,"href":"https:\/\/shop.bantam.ch\/de\/wp-json\/wp\/v2\/product_cat?post=94654"},{"taxonomy":"product_tag","embeddable":true,"href":"https:\/\/shop.bantam.ch\/de\/wp-json\/wp\/v2\/product_tag?post=94654"}],"curies":[{"name":"wp","href":"https:\/\/api.w.org\/{rel}","templated":true}]}}