{"id":94648,"date":"2023-02-28T04:46:00","date_gmt":"2023-02-28T03:46:00","guid":{"rendered":"http:\/\/shop.bantam.ch\/produit\/fahrradtraeger-fiat-ducato-citroen-jumper-peugeot-boxer-ab-07-2006-schwarz\/"},"modified":"2026-04-17T21:28:10","modified_gmt":"2026-04-17T19:28:10","slug":"fahrradtraeger-fiat-ducato-citroen-jumper-peugeot-boxer-ab-07-2006-schwarz","status":"publish","type":"product","link":"https:\/\/shop.bantam.ch\/de\/produkt\/fahrradtraeger-fiat-ducato-citroen-jumper-peugeot-boxer-ab-07-2006-schwarz\/","title":{"rendered":"Fahrradtr\u00e4ger EuroCarry Fiat Ducato Citroen Jumper, Peugeot Boxer ab 07\/2006 4 R\u00e4der Traglast 60 kg schwarz"},"content":{"rendered":"<p>Fahrradtr\u00e4ger passend f\u00fcr Fiat Ducato, Citroen Jumper, Peugeot Boxer ab 07\/2006, pulverbeschichtet schwarz zur einfachen Montage an den Befestigungsschrauben der T\u00fcrscharniere. Zum \u00d6ffnen der Heckt\u00fcren kann der Fahrradtr\u00e4ger seitlich nach rechts weggeschwenkt werden. Der Grundtr\u00e4ger kann als Hochlader oder mit der optional erh\u00e4ltlichen Beleuchtungsleiste als Tieflader eingesetzt werden.<\/p>\n<ul>\n<li>Beladung f\u00fcr max. 4 Fahrr\u00e4der<\/li>\n<li>E-Bike geeignet max. 2 St\u00fcck<\/li>\n<\/ul>\n<p>Ma\u00dfe:<br \/>Eingeklappt:177 x 116 x 25 cm (B x H x T)<br \/>Ausgeklappt: 177 x 116 x 90 cm (B x H x T)<\/p>\n","protected":false},"excerpt":{"rendered":"<p>Fahrradtr\u00e4ger passend f\u00fcr Fiat Ducato, Citroen Jumper, Peugeot Boxer ab 07\/2006, pulverbeschichtet schwarz zur einfachen Montage an den Befestigungsschrauben der T\u00fcrscharniere. Zum \u00d6ffnen der Heckt\u00fcren kann der Fahrradtr\u00e4ger seitlich nach rechts weggeschwenkt werden. Der Grundtr\u00e4ger kann als Hochlader oder mit der optional erh\u00e4ltlichen Beleuchtungsleiste als Tieflader eingesetzt werden. Beladung f\u00fcr max. 4 Fahrr\u00e4der E-Bike geeignet [&hellip;]<\/p>\n","protected":false},"featured_media":94646,"template":"","meta":{"_acf_changed":false},"product_featured_cat":[],"product_brand":[3227],"product_cat":[5138],"product_tag":[],"class_list":{"0":"post-94648","1":"product","2":"type-product","3":"status-publish","4":"has-post-thumbnail","6":"product_brand-eurocarry-de","7":"product_cat-heck-fahrradtraeger","9":"first","10":"instock","11":"taxable","12":"shipping-taxable","13":"purchasable","14":"product-type-simple"},"acf":[],"yoast_head":"<!-- This site is optimized with the Yoast SEO plugin v27.4 - https:\/\/yoast.com\/product\/yoast-seo-wordpress\/ -->\n<title>Fahrradtr\u00e4ger EuroCarry Fiat Ducato Citroen Jumper, Peugeot Boxer ab 07\/2006 4 R\u00e4der Traglast 60 kg schwarz - Bantam Camping AG<\/title>\n<meta name=\"robots\" content=\"index, follow, max-snippet:-1, max-image-preview:large, max-video-preview:-1\" \/>\n<link rel=\"canonical\" href=\"https:\/\/shop.bantam.ch\/de\/produkt\/fahrradtraeger-fiat-ducato-citroen-jumper-peugeot-boxer-ab-07-2006-schwarz\/\" \/>\n<meta property=\"og:locale\" content=\"de_DE\" \/>\n<meta property=\"og:type\" content=\"article\" \/>\n<meta property=\"og:title\" content=\"Fahrradtr\u00e4ger EuroCarry Fiat Ducato Citroen Jumper, Peugeot Boxer ab 07\/2006 4 R\u00e4der Traglast 60 kg schwarz - Bantam Camping AG\" \/>\n<meta property=\"og:description\" content=\"Fahrradtr\u00e4ger passend f\u00fcr Fiat Ducato, Citroen Jumper, Peugeot Boxer ab 07\/2006, pulverbeschichtet schwarz zur einfachen Montage an den Befestigungsschrauben der T\u00fcrscharniere. Zum \u00d6ffnen der Heckt\u00fcren kann der Fahrradtr\u00e4ger seitlich nach rechts weggeschwenkt werden. Der Grundtr\u00e4ger kann als Hochlader oder mit der optional erh\u00e4ltlichen Beleuchtungsleiste als Tieflader eingesetzt werden. Beladung f\u00fcr max. 4 Fahrr\u00e4der E-Bike geeignet [&hellip;]\" \/>\n<meta property=\"og:url\" content=\"https:\/\/shop.bantam.ch\/de\/produkt\/fahrradtraeger-fiat-ducato-citroen-jumper-peugeot-boxer-ab-07-2006-schwarz\/\" \/>\n<meta property=\"og:site_name\" content=\"Bantam Camping AG\" \/>\n<meta property=\"article:modified_time\" content=\"2026-04-17T19:28:10+00:00\" \/>\n<meta property=\"og:image\" content=\"https:\/\/shop.bantam.ch\/wp-content\/uploads\/2023\/02\/994328811.jpg\" \/>\n\t<meta property=\"og:image:width\" content=\"1000\" \/>\n\t<meta property=\"og:image:height\" content=\"615\" \/>\n\t<meta property=\"og:image:type\" content=\"image\/jpeg\" \/>\n<meta name=\"twitter:card\" content=\"summary_large_image\" \/>\n<script type=\"application\/ld+json\" class=\"yoast-schema-graph\">{\"@context\":\"https:\\\/\\\/schema.org\",\"@graph\":[{\"@type\":\"WebPage\",\"@id\":\"https:\\\/\\\/shop.bantam.ch\\\/de\\\/produkt\\\/fahrradtraeger-fiat-ducato-citroen-jumper-peugeot-boxer-ab-07-2006-schwarz\\\/\",\"url\":\"https:\\\/\\\/shop.bantam.ch\\\/de\\\/produkt\\\/fahrradtraeger-fiat-ducato-citroen-jumper-peugeot-boxer-ab-07-2006-schwarz\\\/\",\"name\":\"Fahrradtr\u00e4ger EuroCarry Fiat Ducato Citroen Jumper, Peugeot Boxer ab 07\\\/2006 4 R\u00e4der Traglast 60 kg schwarz - Bantam Camping AG\",\"isPartOf\":{\"@id\":\"https:\\\/\\\/shop.bantam.ch\\\/de\\\/#website\"},\"primaryImageOfPage\":{\"@id\":\"https:\\\/\\\/shop.bantam.ch\\\/de\\\/produkt\\\/fahrradtraeger-fiat-ducato-citroen-jumper-peugeot-boxer-ab-07-2006-schwarz\\\/#primaryimage\"},\"image\":{\"@id\":\"https:\\\/\\\/shop.bantam.ch\\\/de\\\/produkt\\\/fahrradtraeger-fiat-ducato-citroen-jumper-peugeot-boxer-ab-07-2006-schwarz\\\/#primaryimage\"},\"thumbnailUrl\":\"https:\\\/\\\/shop.bantam.ch\\\/wp-content\\\/uploads\\\/2023\\\/02\\\/994328811.jpg\",\"datePublished\":\"2023-02-28T03:46:00+00:00\",\"dateModified\":\"2026-04-17T19:28:10+00:00\",\"breadcrumb\":{\"@id\":\"https:\\\/\\\/shop.bantam.ch\\\/de\\\/produkt\\\/fahrradtraeger-fiat-ducato-citroen-jumper-peugeot-boxer-ab-07-2006-schwarz\\\/#breadcrumb\"},\"inLanguage\":\"de\",\"potentialAction\":[{\"@type\":\"ReadAction\",\"target\":[\"https:\\\/\\\/shop.bantam.ch\\\/de\\\/produkt\\\/fahrradtraeger-fiat-ducato-citroen-jumper-peugeot-boxer-ab-07-2006-schwarz\\\/\"]}]},{\"@type\":\"ImageObject\",\"inLanguage\":\"de\",\"@id\":\"https:\\\/\\\/shop.bantam.ch\\\/de\\\/produkt\\\/fahrradtraeger-fiat-ducato-citroen-jumper-peugeot-boxer-ab-07-2006-schwarz\\\/#primaryimage\",\"url\":\"https:\\\/\\\/shop.bantam.ch\\\/wp-content\\\/uploads\\\/2023\\\/02\\\/994328811.jpg\",\"contentUrl\":\"https:\\\/\\\/shop.bantam.ch\\\/wp-content\\\/uploads\\\/2023\\\/02\\\/994328811.jpg\",\"width\":1000,\"height\":615},{\"@type\":\"BreadcrumbList\",\"@id\":\"https:\\\/\\\/shop.bantam.ch\\\/de\\\/produkt\\\/fahrradtraeger-fiat-ducato-citroen-jumper-peugeot-boxer-ab-07-2006-schwarz\\\/#breadcrumb\",\"itemListElement\":[{\"@type\":\"ListItem\",\"position\":1,\"name\":\"Accueil\",\"item\":\"https:\\\/\\\/shop.bantam.ch\\\/de\\\/\"},{\"@type\":\"ListItem\",\"position\":2,\"name\":\"Shop\",\"item\":\"https:\\\/\\\/shop.bantam.ch\\\/de\\\/shop\\\/\"},{\"@type\":\"ListItem\",\"position\":3,\"name\":\"Fahrradtr\u00e4ger EuroCarry Fiat Ducato Citroen Jumper, Peugeot Boxer ab 07\\\/2006 4 R\u00e4der Traglast 60 kg schwarz\"}]},{\"@type\":\"WebSite\",\"@id\":\"https:\\\/\\\/shop.bantam.ch\\\/de\\\/#website\",\"url\":\"https:\\\/\\\/shop.bantam.ch\\\/de\\\/\",\"name\":\"Bantam Camping AG\",\"description\":\"\",\"publisher\":{\"@id\":\"https:\\\/\\\/shop.bantam.ch\\\/de\\\/#organization\"},\"inLanguage\":\"de\"},{\"@type\":\"Organization\",\"@id\":\"https:\\\/\\\/shop.bantam.ch\\\/de\\\/#organization\",\"name\":\"Bantam Camping AG\",\"url\":\"https:\\\/\\\/shop.bantam.ch\\\/de\\\/\",\"logo\":{\"@type\":\"ImageObject\",\"inLanguage\":\"de\",\"@id\":\"https:\\\/\\\/shop.bantam.ch\\\/de\\\/#\\\/schema\\\/logo\\\/image\\\/\",\"url\":\"https:\\\/\\\/shop.bantam.ch\\\/wp-content\\\/uploads\\\/2022\\\/12\\\/bantam-logo.png\",\"contentUrl\":\"https:\\\/\\\/shop.bantam.ch\\\/wp-content\\\/uploads\\\/2022\\\/12\\\/bantam-logo.png\",\"width\":320,\"height\":71,\"caption\":\"Bantam Camping AG\"},\"image\":{\"@id\":\"https:\\\/\\\/shop.bantam.ch\\\/de\\\/#\\\/schema\\\/logo\\\/image\\\/\"}}]}<\/script>\n<!-- \/ Yoast SEO plugin. -->","yoast_head_json":{"title":"Fahrradtr\u00e4ger EuroCarry Fiat Ducato Citroen Jumper, Peugeot Boxer ab 07\/2006 4 R\u00e4der Traglast 60 kg schwarz - Bantam Camping AG","robots":{"index":"index","follow":"follow","max-snippet":"max-snippet:-1","max-image-preview":"max-image-preview:large","max-video-preview":"max-video-preview:-1"},"canonical":"https:\/\/shop.bantam.ch\/de\/produkt\/fahrradtraeger-fiat-ducato-citroen-jumper-peugeot-boxer-ab-07-2006-schwarz\/","og_locale":"de_DE","og_type":"article","og_title":"Fahrradtr\u00e4ger EuroCarry Fiat Ducato Citroen Jumper, Peugeot Boxer ab 07\/2006 4 R\u00e4der Traglast 60 kg schwarz - Bantam Camping AG","og_description":"Fahrradtr\u00e4ger passend f\u00fcr Fiat Ducato, Citroen Jumper, Peugeot Boxer ab 07\/2006, pulverbeschichtet schwarz zur einfachen Montage an den Befestigungsschrauben der T\u00fcrscharniere. Zum \u00d6ffnen der Heckt\u00fcren kann der Fahrradtr\u00e4ger seitlich nach rechts weggeschwenkt werden. Der Grundtr\u00e4ger kann als Hochlader oder mit der optional erh\u00e4ltlichen Beleuchtungsleiste als Tieflader eingesetzt werden. Beladung f\u00fcr max. 4 Fahrr\u00e4der E-Bike geeignet [&hellip;]","og_url":"https:\/\/shop.bantam.ch\/de\/produkt\/fahrradtraeger-fiat-ducato-citroen-jumper-peugeot-boxer-ab-07-2006-schwarz\/","og_site_name":"Bantam Camping AG","article_modified_time":"2026-04-17T19:28:10+00:00","og_image":[{"width":1000,"height":615,"url":"https:\/\/shop.bantam.ch\/wp-content\/uploads\/2023\/02\/994328811.jpg","type":"image\/jpeg"}],"twitter_card":"summary_large_image","schema":{"@context":"https:\/\/schema.org","@graph":[{"@type":"WebPage","@id":"https:\/\/shop.bantam.ch\/de\/produkt\/fahrradtraeger-fiat-ducato-citroen-jumper-peugeot-boxer-ab-07-2006-schwarz\/","url":"https:\/\/shop.bantam.ch\/de\/produkt\/fahrradtraeger-fiat-ducato-citroen-jumper-peugeot-boxer-ab-07-2006-schwarz\/","name":"Fahrradtr\u00e4ger EuroCarry Fiat Ducato Citroen Jumper, Peugeot Boxer ab 07\/2006 4 R\u00e4der Traglast 60 kg schwarz - Bantam Camping AG","isPartOf":{"@id":"https:\/\/shop.bantam.ch\/de\/#website"},"primaryImageOfPage":{"@id":"https:\/\/shop.bantam.ch\/de\/produkt\/fahrradtraeger-fiat-ducato-citroen-jumper-peugeot-boxer-ab-07-2006-schwarz\/#primaryimage"},"image":{"@id":"https:\/\/shop.bantam.ch\/de\/produkt\/fahrradtraeger-fiat-ducato-citroen-jumper-peugeot-boxer-ab-07-2006-schwarz\/#primaryimage"},"thumbnailUrl":"https:\/\/shop.bantam.ch\/wp-content\/uploads\/2023\/02\/994328811.jpg","datePublished":"2023-02-28T03:46:00+00:00","dateModified":"2026-04-17T19:28:10+00:00","breadcrumb":{"@id":"https:\/\/shop.bantam.ch\/de\/produkt\/fahrradtraeger-fiat-ducato-citroen-jumper-peugeot-boxer-ab-07-2006-schwarz\/#breadcrumb"},"inLanguage":"de","potentialAction":[{"@type":"ReadAction","target":["https:\/\/shop.bantam.ch\/de\/produkt\/fahrradtraeger-fiat-ducato-citroen-jumper-peugeot-boxer-ab-07-2006-schwarz\/"]}]},{"@type":"ImageObject","inLanguage":"de","@id":"https:\/\/shop.bantam.ch\/de\/produkt\/fahrradtraeger-fiat-ducato-citroen-jumper-peugeot-boxer-ab-07-2006-schwarz\/#primaryimage","url":"https:\/\/shop.bantam.ch\/wp-content\/uploads\/2023\/02\/994328811.jpg","contentUrl":"https:\/\/shop.bantam.ch\/wp-content\/uploads\/2023\/02\/994328811.jpg","width":1000,"height":615},{"@type":"BreadcrumbList","@id":"https:\/\/shop.bantam.ch\/de\/produkt\/fahrradtraeger-fiat-ducato-citroen-jumper-peugeot-boxer-ab-07-2006-schwarz\/#breadcrumb","itemListElement":[{"@type":"ListItem","position":1,"name":"Accueil","item":"https:\/\/shop.bantam.ch\/de\/"},{"@type":"ListItem","position":2,"name":"Shop","item":"https:\/\/shop.bantam.ch\/de\/shop\/"},{"@type":"ListItem","position":3,"name":"Fahrradtr\u00e4ger EuroCarry Fiat Ducato Citroen Jumper, Peugeot Boxer ab 07\/2006 4 R\u00e4der Traglast 60 kg schwarz"}]},{"@type":"WebSite","@id":"https:\/\/shop.bantam.ch\/de\/#website","url":"https:\/\/shop.bantam.ch\/de\/","name":"Bantam Camping AG","description":"","publisher":{"@id":"https:\/\/shop.bantam.ch\/de\/#organization"},"inLanguage":"de"},{"@type":"Organization","@id":"https:\/\/shop.bantam.ch\/de\/#organization","name":"Bantam Camping AG","url":"https:\/\/shop.bantam.ch\/de\/","logo":{"@type":"ImageObject","inLanguage":"de","@id":"https:\/\/shop.bantam.ch\/de\/#\/schema\/logo\/image\/","url":"https:\/\/shop.bantam.ch\/wp-content\/uploads\/2022\/12\/bantam-logo.png","contentUrl":"https:\/\/shop.bantam.ch\/wp-content\/uploads\/2022\/12\/bantam-logo.png","width":320,"height":71,"caption":"Bantam Camping AG"},"image":{"@id":"https:\/\/shop.bantam.ch\/de\/#\/schema\/logo\/image\/"}}]}},"_links":{"self":[{"href":"https:\/\/shop.bantam.ch\/de\/wp-json\/wp\/v2\/product\/94648","targetHints":{"allow":["GET"]}}],"collection":[{"href":"https:\/\/shop.bantam.ch\/de\/wp-json\/wp\/v2\/product"}],"about":[{"href":"https:\/\/shop.bantam.ch\/de\/wp-json\/wp\/v2\/types\/product"}],"wp:featuredmedia":[{"embeddable":true,"href":"https:\/\/shop.bantam.ch\/de\/wp-json\/wp\/v2\/media\/94646"}],"wp:attachment":[{"href":"https:\/\/shop.bantam.ch\/de\/wp-json\/wp\/v2\/media?parent=94648"}],"wp:term":[{"taxonomy":"product_featured_cat","embeddable":true,"href":"https:\/\/shop.bantam.ch\/de\/wp-json\/wp\/v2\/product_featured_cat?post=94648"},{"taxonomy":"product_brand","embeddable":true,"href":"https:\/\/shop.bantam.ch\/de\/wp-json\/wp\/v2\/product_brand?post=94648"},{"taxonomy":"product_cat","embeddable":true,"href":"https:\/\/shop.bantam.ch\/de\/wp-json\/wp\/v2\/product_cat?post=94648"},{"taxonomy":"product_tag","embeddable":true,"href":"https:\/\/shop.bantam.ch\/de\/wp-json\/wp\/v2\/product_tag?post=94648"}],"curies":[{"name":"wp","href":"https:\/\/api.w.org\/{rel}","templated":true}]}}