{"id":94588,"date":"2023-02-28T04:44:47","date_gmt":"2023-02-28T03:44:47","guid":{"rendered":"http:\/\/shop.bantam.ch\/produit\/nomia-lithium-eisenphosphat-batterie\/"},"modified":"2026-04-17T22:47:59","modified_gmt":"2026-04-17T20:47:59","slug":"nomia-lithium-eisenphosphat-batterie","status":"publish","type":"product","link":"https:\/\/shop.bantam.ch\/de\/produkt\/nomia-lithium-eisenphosphat-batterie\/","title":{"rendered":"Nomia Lithium-Eisenphosphat-Batterie"},"content":{"rendered":"<p>Das neue Super-B-Flaggschiff, die SB12V210E-ZC, ist ein Lithium-Eisen-Phosphat-Akku mit einer Nennkapazit\u00e4t von 210 Ah. Diese neueste Erg\u00e4nzung unseres breiten Portfolios ist leicht im Gewicht und hat eine sehr hohe Kapazit\u00e4t. Die einzigartige Kombination aus modernster Technologie und intelligenter Software macht diese Lithium-Batterie zu einer robusten, sicheren und einfach zu bedienenden Energiespeicherl\u00f6sung f\u00fcr Ihr Wohnmobil. Sie wird Ihnen mehr Freiheit und Komfort geben als je zuvor.<\/p>\n<p>Leistung: 210 Ah<\/p>\n","protected":false},"excerpt":{"rendered":"<p>Das neue Super-B-Flaggschiff, die SB12V210E-ZC, ist ein Lithium-Eisen-Phosphat-Akku mit einer Nennkapazit\u00e4t von 210 Ah. Diese neueste Erg\u00e4nzung unseres breiten Portfolios ist leicht im Gewicht und hat eine sehr hohe Kapazit\u00e4t. Die einzigartige Kombination aus modernster Technologie und intelligenter Software macht diese Lithium-Batterie zu einer robusten, sicheren und einfach zu bedienenden Energiespeicherl\u00f6sung f\u00fcr Ihr Wohnmobil. Sie [&hellip;]<\/p>\n","protected":false},"featured_media":94578,"template":"","meta":{"_acf_changed":false},"product_featured_cat":[5324,5318],"product_brand":[3237],"product_cat":[5114],"product_tag":[],"class_list":{"0":"post-94588","1":"product","2":"type-product","3":"status-publish","4":"has-post-thumbnail","6":"product_featured_cat-batterie-etagnieres-de","7":"product_featured_cat-sonderangebote-lithium-batterien","8":"product_brand-super-b-de","9":"product_cat-lithium-batterien","11":"first","12":"instock","13":"sale","14":"taxable","15":"shipping-taxable","16":"purchasable","17":"product-type-variable"},"acf":[],"yoast_head":"<!-- This site is optimized with the Yoast SEO plugin v27.4 - https:\/\/yoast.com\/product\/yoast-seo-wordpress\/ -->\n<title>Nomia Lithium-Eisenphosphat-Batterie - Bantam Camping AG<\/title>\n<meta name=\"robots\" content=\"index, follow, max-snippet:-1, max-image-preview:large, max-video-preview:-1\" \/>\n<link rel=\"canonical\" href=\"https:\/\/shop.bantam.ch\/de\/produkt\/nomia-lithium-eisenphosphat-batterie\/\" \/>\n<meta property=\"og:locale\" content=\"de_DE\" \/>\n<meta property=\"og:type\" content=\"article\" \/>\n<meta property=\"og:title\" content=\"Nomia Lithium-Eisenphosphat-Batterie - Bantam Camping AG\" \/>\n<meta property=\"og:description\" content=\"Das neue Super-B-Flaggschiff, die SB12V210E-ZC, ist ein Lithium-Eisen-Phosphat-Akku mit einer Nennkapazit\u00e4t von 210 Ah. Diese neueste Erg\u00e4nzung unseres breiten Portfolios ist leicht im Gewicht und hat eine sehr hohe Kapazit\u00e4t. Die einzigartige Kombination aus modernster Technologie und intelligenter Software macht diese Lithium-Batterie zu einer robusten, sicheren und einfach zu bedienenden Energiespeicherl\u00f6sung f\u00fcr Ihr Wohnmobil. Sie [&hellip;]\" \/>\n<meta property=\"og:url\" content=\"https:\/\/shop.bantam.ch\/de\/produkt\/nomia-lithium-eisenphosphat-batterie\/\" \/>\n<meta property=\"og:site_name\" content=\"Bantam Camping AG\" \/>\n<meta property=\"article:modified_time\" content=\"2026-04-17T20:47:59+00:00\" \/>\n<meta property=\"og:image\" content=\"https:\/\/shop.bantam.ch\/wp-content\/uploads\/2023\/02\/996024611.jpg\" \/>\n\t<meta property=\"og:image:width\" content=\"250\" \/>\n\t<meta property=\"og:image:height\" content=\"215\" \/>\n\t<meta property=\"og:image:type\" content=\"image\/jpeg\" \/>\n<meta name=\"twitter:card\" content=\"summary_large_image\" \/>\n<script type=\"application\/ld+json\" class=\"yoast-schema-graph\">{\"@context\":\"https:\\\/\\\/schema.org\",\"@graph\":[{\"@type\":\"WebPage\",\"@id\":\"https:\\\/\\\/shop.bantam.ch\\\/de\\\/produkt\\\/nomia-lithium-eisenphosphat-batterie\\\/\",\"url\":\"https:\\\/\\\/shop.bantam.ch\\\/de\\\/produkt\\\/nomia-lithium-eisenphosphat-batterie\\\/\",\"name\":\"Nomia Lithium-Eisenphosphat-Batterie - Bantam Camping AG\",\"isPartOf\":{\"@id\":\"https:\\\/\\\/shop.bantam.ch\\\/de\\\/#website\"},\"primaryImageOfPage\":{\"@id\":\"https:\\\/\\\/shop.bantam.ch\\\/de\\\/produkt\\\/nomia-lithium-eisenphosphat-batterie\\\/#primaryimage\"},\"image\":{\"@id\":\"https:\\\/\\\/shop.bantam.ch\\\/de\\\/produkt\\\/nomia-lithium-eisenphosphat-batterie\\\/#primaryimage\"},\"thumbnailUrl\":\"https:\\\/\\\/shop.bantam.ch\\\/wp-content\\\/uploads\\\/2023\\\/02\\\/996024611.jpg\",\"datePublished\":\"2023-02-28T03:44:47+00:00\",\"dateModified\":\"2026-04-17T20:47:59+00:00\",\"breadcrumb\":{\"@id\":\"https:\\\/\\\/shop.bantam.ch\\\/de\\\/produkt\\\/nomia-lithium-eisenphosphat-batterie\\\/#breadcrumb\"},\"inLanguage\":\"de\",\"potentialAction\":[{\"@type\":\"ReadAction\",\"target\":[\"https:\\\/\\\/shop.bantam.ch\\\/de\\\/produkt\\\/nomia-lithium-eisenphosphat-batterie\\\/\"]}]},{\"@type\":\"ImageObject\",\"inLanguage\":\"de\",\"@id\":\"https:\\\/\\\/shop.bantam.ch\\\/de\\\/produkt\\\/nomia-lithium-eisenphosphat-batterie\\\/#primaryimage\",\"url\":\"https:\\\/\\\/shop.bantam.ch\\\/wp-content\\\/uploads\\\/2023\\\/02\\\/996024611.jpg\",\"contentUrl\":\"https:\\\/\\\/shop.bantam.ch\\\/wp-content\\\/uploads\\\/2023\\\/02\\\/996024611.jpg\",\"width\":250,\"height\":215},{\"@type\":\"BreadcrumbList\",\"@id\":\"https:\\\/\\\/shop.bantam.ch\\\/de\\\/produkt\\\/nomia-lithium-eisenphosphat-batterie\\\/#breadcrumb\",\"itemListElement\":[{\"@type\":\"ListItem\",\"position\":1,\"name\":\"Accueil\",\"item\":\"https:\\\/\\\/shop.bantam.ch\\\/de\\\/\"},{\"@type\":\"ListItem\",\"position\":2,\"name\":\"Shop\",\"item\":\"https:\\\/\\\/shop.bantam.ch\\\/de\\\/shop\\\/\"},{\"@type\":\"ListItem\",\"position\":3,\"name\":\"Nomia Lithium-Eisenphosphat-Batterie\"}]},{\"@type\":\"WebSite\",\"@id\":\"https:\\\/\\\/shop.bantam.ch\\\/de\\\/#website\",\"url\":\"https:\\\/\\\/shop.bantam.ch\\\/de\\\/\",\"name\":\"Bantam Camping AG\",\"description\":\"\",\"publisher\":{\"@id\":\"https:\\\/\\\/shop.bantam.ch\\\/de\\\/#organization\"},\"inLanguage\":\"de\"},{\"@type\":\"Organization\",\"@id\":\"https:\\\/\\\/shop.bantam.ch\\\/de\\\/#organization\",\"name\":\"Bantam Camping AG\",\"url\":\"https:\\\/\\\/shop.bantam.ch\\\/de\\\/\",\"logo\":{\"@type\":\"ImageObject\",\"inLanguage\":\"de\",\"@id\":\"https:\\\/\\\/shop.bantam.ch\\\/de\\\/#\\\/schema\\\/logo\\\/image\\\/\",\"url\":\"https:\\\/\\\/shop.bantam.ch\\\/wp-content\\\/uploads\\\/2022\\\/12\\\/bantam-logo.png\",\"contentUrl\":\"https:\\\/\\\/shop.bantam.ch\\\/wp-content\\\/uploads\\\/2022\\\/12\\\/bantam-logo.png\",\"width\":320,\"height\":71,\"caption\":\"Bantam Camping AG\"},\"image\":{\"@id\":\"https:\\\/\\\/shop.bantam.ch\\\/de\\\/#\\\/schema\\\/logo\\\/image\\\/\"}}]}<\/script>\n<!-- \/ Yoast SEO plugin. -->","yoast_head_json":{"title":"Nomia Lithium-Eisenphosphat-Batterie - Bantam Camping AG","robots":{"index":"index","follow":"follow","max-snippet":"max-snippet:-1","max-image-preview":"max-image-preview:large","max-video-preview":"max-video-preview:-1"},"canonical":"https:\/\/shop.bantam.ch\/de\/produkt\/nomia-lithium-eisenphosphat-batterie\/","og_locale":"de_DE","og_type":"article","og_title":"Nomia Lithium-Eisenphosphat-Batterie - Bantam Camping AG","og_description":"Das neue Super-B-Flaggschiff, die SB12V210E-ZC, ist ein Lithium-Eisen-Phosphat-Akku mit einer Nennkapazit\u00e4t von 210 Ah. Diese neueste Erg\u00e4nzung unseres breiten Portfolios ist leicht im Gewicht und hat eine sehr hohe Kapazit\u00e4t. Die einzigartige Kombination aus modernster Technologie und intelligenter Software macht diese Lithium-Batterie zu einer robusten, sicheren und einfach zu bedienenden Energiespeicherl\u00f6sung f\u00fcr Ihr Wohnmobil. Sie [&hellip;]","og_url":"https:\/\/shop.bantam.ch\/de\/produkt\/nomia-lithium-eisenphosphat-batterie\/","og_site_name":"Bantam Camping AG","article_modified_time":"2026-04-17T20:47:59+00:00","og_image":[{"width":250,"height":215,"url":"https:\/\/shop.bantam.ch\/wp-content\/uploads\/2023\/02\/996024611.jpg","type":"image\/jpeg"}],"twitter_card":"summary_large_image","schema":{"@context":"https:\/\/schema.org","@graph":[{"@type":"WebPage","@id":"https:\/\/shop.bantam.ch\/de\/produkt\/nomia-lithium-eisenphosphat-batterie\/","url":"https:\/\/shop.bantam.ch\/de\/produkt\/nomia-lithium-eisenphosphat-batterie\/","name":"Nomia Lithium-Eisenphosphat-Batterie - Bantam Camping AG","isPartOf":{"@id":"https:\/\/shop.bantam.ch\/de\/#website"},"primaryImageOfPage":{"@id":"https:\/\/shop.bantam.ch\/de\/produkt\/nomia-lithium-eisenphosphat-batterie\/#primaryimage"},"image":{"@id":"https:\/\/shop.bantam.ch\/de\/produkt\/nomia-lithium-eisenphosphat-batterie\/#primaryimage"},"thumbnailUrl":"https:\/\/shop.bantam.ch\/wp-content\/uploads\/2023\/02\/996024611.jpg","datePublished":"2023-02-28T03:44:47+00:00","dateModified":"2026-04-17T20:47:59+00:00","breadcrumb":{"@id":"https:\/\/shop.bantam.ch\/de\/produkt\/nomia-lithium-eisenphosphat-batterie\/#breadcrumb"},"inLanguage":"de","potentialAction":[{"@type":"ReadAction","target":["https:\/\/shop.bantam.ch\/de\/produkt\/nomia-lithium-eisenphosphat-batterie\/"]}]},{"@type":"ImageObject","inLanguage":"de","@id":"https:\/\/shop.bantam.ch\/de\/produkt\/nomia-lithium-eisenphosphat-batterie\/#primaryimage","url":"https:\/\/shop.bantam.ch\/wp-content\/uploads\/2023\/02\/996024611.jpg","contentUrl":"https:\/\/shop.bantam.ch\/wp-content\/uploads\/2023\/02\/996024611.jpg","width":250,"height":215},{"@type":"BreadcrumbList","@id":"https:\/\/shop.bantam.ch\/de\/produkt\/nomia-lithium-eisenphosphat-batterie\/#breadcrumb","itemListElement":[{"@type":"ListItem","position":1,"name":"Accueil","item":"https:\/\/shop.bantam.ch\/de\/"},{"@type":"ListItem","position":2,"name":"Shop","item":"https:\/\/shop.bantam.ch\/de\/shop\/"},{"@type":"ListItem","position":3,"name":"Nomia Lithium-Eisenphosphat-Batterie"}]},{"@type":"WebSite","@id":"https:\/\/shop.bantam.ch\/de\/#website","url":"https:\/\/shop.bantam.ch\/de\/","name":"Bantam Camping AG","description":"","publisher":{"@id":"https:\/\/shop.bantam.ch\/de\/#organization"},"inLanguage":"de"},{"@type":"Organization","@id":"https:\/\/shop.bantam.ch\/de\/#organization","name":"Bantam Camping AG","url":"https:\/\/shop.bantam.ch\/de\/","logo":{"@type":"ImageObject","inLanguage":"de","@id":"https:\/\/shop.bantam.ch\/de\/#\/schema\/logo\/image\/","url":"https:\/\/shop.bantam.ch\/wp-content\/uploads\/2022\/12\/bantam-logo.png","contentUrl":"https:\/\/shop.bantam.ch\/wp-content\/uploads\/2022\/12\/bantam-logo.png","width":320,"height":71,"caption":"Bantam Camping AG"},"image":{"@id":"https:\/\/shop.bantam.ch\/de\/#\/schema\/logo\/image\/"}}]}},"_links":{"self":[{"href":"https:\/\/shop.bantam.ch\/de\/wp-json\/wp\/v2\/product\/94588","targetHints":{"allow":["GET"]}}],"collection":[{"href":"https:\/\/shop.bantam.ch\/de\/wp-json\/wp\/v2\/product"}],"about":[{"href":"https:\/\/shop.bantam.ch\/de\/wp-json\/wp\/v2\/types\/product"}],"wp:featuredmedia":[{"embeddable":true,"href":"https:\/\/shop.bantam.ch\/de\/wp-json\/wp\/v2\/media\/94578"}],"wp:attachment":[{"href":"https:\/\/shop.bantam.ch\/de\/wp-json\/wp\/v2\/media?parent=94588"}],"wp:term":[{"taxonomy":"product_featured_cat","embeddable":true,"href":"https:\/\/shop.bantam.ch\/de\/wp-json\/wp\/v2\/product_featured_cat?post=94588"},{"taxonomy":"product_brand","embeddable":true,"href":"https:\/\/shop.bantam.ch\/de\/wp-json\/wp\/v2\/product_brand?post=94588"},{"taxonomy":"product_cat","embeddable":true,"href":"https:\/\/shop.bantam.ch\/de\/wp-json\/wp\/v2\/product_cat?post=94588"},{"taxonomy":"product_tag","embeddable":true,"href":"https:\/\/shop.bantam.ch\/de\/wp-json\/wp\/v2\/product_tag?post=94588"}],"curies":[{"name":"wp","href":"https:\/\/api.w.org\/{rel}","templated":true}]}}