{"id":94242,"date":"2023-02-28T04:39:23","date_gmt":"2023-02-28T03:39:23","guid":{"rendered":"http:\/\/shop.bantam.ch\/produit\/komplettset-rain-blocker-g2-pack-minivan\/"},"modified":"2026-04-18T21:28:36","modified_gmt":"2026-04-18T19:28:36","slug":"komplettset-rain-blocker-g2-pack-minivan","status":"publish","type":"product","link":"https:\/\/shop.bantam.ch\/de\/produkt\/komplettset-rain-blocker-g2-pack-minivan\/","title":{"rendered":"Komplettset Rain Blocker Thule G2 Pack Minivan"},"content":{"rendered":"<p>Set bestehend aus 2 Seitenw\u00e4nden und 2 Vorderw\u00e4nden (1.27 m) passend f\u00fcr auf Minivans montierten Markisen Thule Omnistor 5102 und Thule Omnistor 4900 mit Markisenl\u00e4nge 2.60 m.<br \/> Die Panele bieten Schutz vor Regen und Wind und die gro\u00dfen Fenster sorgen f\u00fcr einen lichtdurchfluteten Raum unter Ihrer Markise.<\/p>\n<p>Passend f\u00fcr<\/p>\n<ul>\n<li>Volkswagen T5\/T6<\/li>\n<li>Ford Custom<\/li>\n<li>Ford Custom Nugget<\/li>\n<li>Peugeot Traveller, Citro\u00e0\u00abn Spacetourer (Campster), Toyota Proace<\/li>\n<li>Renault Trafic<\/li>\n<li>Mercedez Benz V-Klasse Marco Polo<\/li>\n<\/ul>\n<p>Material<\/p>\n<ul>\n<li>Tuch PVC<\/li>\n<\/ul>\n<p>\u00a0<\/p>\n","protected":false},"excerpt":{"rendered":"<p>Set bestehend aus 2 Seitenw\u00e4nden und 2 Vorderw\u00e4nden (1.27 m) passend f\u00fcr auf Minivans montierten Markisen Thule Omnistor 5102 und Thule Omnistor 4900 mit Markisenl\u00e4nge 2.60 m. Die Panele bieten Schutz vor Regen und Wind und die gro\u00dfen Fenster sorgen f\u00fcr einen lichtdurchfluteten Raum unter Ihrer Markise. Passend f\u00fcr Volkswagen T5\/T6 Ford Custom Ford Custom [&hellip;]<\/p>\n","protected":false},"featured_media":94240,"template":"","meta":{"_acf_changed":false},"product_featured_cat":[],"product_brand":[3047],"product_cat":[4224],"product_tag":[],"class_list":{"0":"post-94242","1":"product","2":"type-product","3":"status-publish","4":"has-post-thumbnail","6":"product_brand-thule-de","7":"product_cat-markisen-vorzelte","9":"first","10":"instock","11":"taxable","12":"shipping-taxable","13":"purchasable","14":"product-type-simple"},"acf":[],"yoast_head":"<!-- This site is optimized with the Yoast SEO plugin v27.4 - https:\/\/yoast.com\/product\/yoast-seo-wordpress\/ -->\n<title>Komplettset Rain Blocker Thule G2 Pack Minivan - Bantam Camping AG<\/title>\n<meta name=\"robots\" content=\"index, follow, max-snippet:-1, max-image-preview:large, max-video-preview:-1\" \/>\n<link rel=\"canonical\" href=\"https:\/\/shop.bantam.ch\/de\/produkt\/komplettset-rain-blocker-g2-pack-minivan\/\" \/>\n<meta property=\"og:locale\" content=\"de_DE\" \/>\n<meta property=\"og:type\" content=\"article\" \/>\n<meta property=\"og:title\" content=\"Komplettset Rain Blocker Thule G2 Pack Minivan - Bantam Camping AG\" \/>\n<meta property=\"og:description\" content=\"Set bestehend aus 2 Seitenw\u00e4nden und 2 Vorderw\u00e4nden (1.27 m) passend f\u00fcr auf Minivans montierten Markisen Thule Omnistor 5102 und Thule Omnistor 4900 mit Markisenl\u00e4nge 2.60 m. Die Panele bieten Schutz vor Regen und Wind und die gro\u00dfen Fenster sorgen f\u00fcr einen lichtdurchfluteten Raum unter Ihrer Markise. Passend f\u00fcr Volkswagen T5\/T6 Ford Custom Ford Custom [&hellip;]\" \/>\n<meta property=\"og:url\" content=\"https:\/\/shop.bantam.ch\/de\/produkt\/komplettset-rain-blocker-g2-pack-minivan\/\" \/>\n<meta property=\"og:site_name\" content=\"Bantam Camping AG\" \/>\n<meta property=\"article:modified_time\" content=\"2026-04-18T19:28:36+00:00\" \/>\n<meta property=\"og:image\" content=\"https:\/\/shop.bantam.ch\/wp-content\/uploads\/2023\/02\/995577111.jpg\" \/>\n\t<meta property=\"og:image:width\" content=\"1000\" \/>\n\t<meta property=\"og:image:height\" content=\"749\" \/>\n\t<meta property=\"og:image:type\" content=\"image\/jpeg\" \/>\n<meta name=\"twitter:card\" content=\"summary_large_image\" \/>\n<script type=\"application\/ld+json\" class=\"yoast-schema-graph\">{\"@context\":\"https:\\\/\\\/schema.org\",\"@graph\":[{\"@type\":\"WebPage\",\"@id\":\"https:\\\/\\\/shop.bantam.ch\\\/de\\\/produkt\\\/komplettset-rain-blocker-g2-pack-minivan\\\/\",\"url\":\"https:\\\/\\\/shop.bantam.ch\\\/de\\\/produkt\\\/komplettset-rain-blocker-g2-pack-minivan\\\/\",\"name\":\"Komplettset Rain Blocker Thule G2 Pack Minivan - Bantam Camping AG\",\"isPartOf\":{\"@id\":\"https:\\\/\\\/shop.bantam.ch\\\/de\\\/#website\"},\"primaryImageOfPage\":{\"@id\":\"https:\\\/\\\/shop.bantam.ch\\\/de\\\/produkt\\\/komplettset-rain-blocker-g2-pack-minivan\\\/#primaryimage\"},\"image\":{\"@id\":\"https:\\\/\\\/shop.bantam.ch\\\/de\\\/produkt\\\/komplettset-rain-blocker-g2-pack-minivan\\\/#primaryimage\"},\"thumbnailUrl\":\"https:\\\/\\\/shop.bantam.ch\\\/wp-content\\\/uploads\\\/2023\\\/02\\\/995577111.jpg\",\"datePublished\":\"2023-02-28T03:39:23+00:00\",\"dateModified\":\"2026-04-18T19:28:36+00:00\",\"breadcrumb\":{\"@id\":\"https:\\\/\\\/shop.bantam.ch\\\/de\\\/produkt\\\/komplettset-rain-blocker-g2-pack-minivan\\\/#breadcrumb\"},\"inLanguage\":\"de\",\"potentialAction\":[{\"@type\":\"ReadAction\",\"target\":[\"https:\\\/\\\/shop.bantam.ch\\\/de\\\/produkt\\\/komplettset-rain-blocker-g2-pack-minivan\\\/\"]}]},{\"@type\":\"ImageObject\",\"inLanguage\":\"de\",\"@id\":\"https:\\\/\\\/shop.bantam.ch\\\/de\\\/produkt\\\/komplettset-rain-blocker-g2-pack-minivan\\\/#primaryimage\",\"url\":\"https:\\\/\\\/shop.bantam.ch\\\/wp-content\\\/uploads\\\/2023\\\/02\\\/995577111.jpg\",\"contentUrl\":\"https:\\\/\\\/shop.bantam.ch\\\/wp-content\\\/uploads\\\/2023\\\/02\\\/995577111.jpg\",\"width\":1000,\"height\":749},{\"@type\":\"BreadcrumbList\",\"@id\":\"https:\\\/\\\/shop.bantam.ch\\\/de\\\/produkt\\\/komplettset-rain-blocker-g2-pack-minivan\\\/#breadcrumb\",\"itemListElement\":[{\"@type\":\"ListItem\",\"position\":1,\"name\":\"Accueil\",\"item\":\"https:\\\/\\\/shop.bantam.ch\\\/de\\\/\"},{\"@type\":\"ListItem\",\"position\":2,\"name\":\"Shop\",\"item\":\"https:\\\/\\\/shop.bantam.ch\\\/de\\\/shop\\\/\"},{\"@type\":\"ListItem\",\"position\":3,\"name\":\"Komplettset Rain Blocker Thule G2 Pack Minivan\"}]},{\"@type\":\"WebSite\",\"@id\":\"https:\\\/\\\/shop.bantam.ch\\\/de\\\/#website\",\"url\":\"https:\\\/\\\/shop.bantam.ch\\\/de\\\/\",\"name\":\"Bantam Camping AG\",\"description\":\"\",\"publisher\":{\"@id\":\"https:\\\/\\\/shop.bantam.ch\\\/de\\\/#organization\"},\"inLanguage\":\"de\"},{\"@type\":\"Organization\",\"@id\":\"https:\\\/\\\/shop.bantam.ch\\\/de\\\/#organization\",\"name\":\"Bantam Camping AG\",\"url\":\"https:\\\/\\\/shop.bantam.ch\\\/de\\\/\",\"logo\":{\"@type\":\"ImageObject\",\"inLanguage\":\"de\",\"@id\":\"https:\\\/\\\/shop.bantam.ch\\\/de\\\/#\\\/schema\\\/logo\\\/image\\\/\",\"url\":\"https:\\\/\\\/shop.bantam.ch\\\/wp-content\\\/uploads\\\/2022\\\/12\\\/bantam-logo.png\",\"contentUrl\":\"https:\\\/\\\/shop.bantam.ch\\\/wp-content\\\/uploads\\\/2022\\\/12\\\/bantam-logo.png\",\"width\":320,\"height\":71,\"caption\":\"Bantam Camping AG\"},\"image\":{\"@id\":\"https:\\\/\\\/shop.bantam.ch\\\/de\\\/#\\\/schema\\\/logo\\\/image\\\/\"}}]}<\/script>\n<!-- \/ Yoast SEO plugin. -->","yoast_head_json":{"title":"Komplettset Rain Blocker Thule G2 Pack Minivan - Bantam Camping AG","robots":{"index":"index","follow":"follow","max-snippet":"max-snippet:-1","max-image-preview":"max-image-preview:large","max-video-preview":"max-video-preview:-1"},"canonical":"https:\/\/shop.bantam.ch\/de\/produkt\/komplettset-rain-blocker-g2-pack-minivan\/","og_locale":"de_DE","og_type":"article","og_title":"Komplettset Rain Blocker Thule G2 Pack Minivan - Bantam Camping AG","og_description":"Set bestehend aus 2 Seitenw\u00e4nden und 2 Vorderw\u00e4nden (1.27 m) passend f\u00fcr auf Minivans montierten Markisen Thule Omnistor 5102 und Thule Omnistor 4900 mit Markisenl\u00e4nge 2.60 m. Die Panele bieten Schutz vor Regen und Wind und die gro\u00dfen Fenster sorgen f\u00fcr einen lichtdurchfluteten Raum unter Ihrer Markise. Passend f\u00fcr Volkswagen T5\/T6 Ford Custom Ford Custom [&hellip;]","og_url":"https:\/\/shop.bantam.ch\/de\/produkt\/komplettset-rain-blocker-g2-pack-minivan\/","og_site_name":"Bantam Camping AG","article_modified_time":"2026-04-18T19:28:36+00:00","og_image":[{"width":1000,"height":749,"url":"https:\/\/shop.bantam.ch\/wp-content\/uploads\/2023\/02\/995577111.jpg","type":"image\/jpeg"}],"twitter_card":"summary_large_image","schema":{"@context":"https:\/\/schema.org","@graph":[{"@type":"WebPage","@id":"https:\/\/shop.bantam.ch\/de\/produkt\/komplettset-rain-blocker-g2-pack-minivan\/","url":"https:\/\/shop.bantam.ch\/de\/produkt\/komplettset-rain-blocker-g2-pack-minivan\/","name":"Komplettset Rain Blocker Thule G2 Pack Minivan - Bantam Camping AG","isPartOf":{"@id":"https:\/\/shop.bantam.ch\/de\/#website"},"primaryImageOfPage":{"@id":"https:\/\/shop.bantam.ch\/de\/produkt\/komplettset-rain-blocker-g2-pack-minivan\/#primaryimage"},"image":{"@id":"https:\/\/shop.bantam.ch\/de\/produkt\/komplettset-rain-blocker-g2-pack-minivan\/#primaryimage"},"thumbnailUrl":"https:\/\/shop.bantam.ch\/wp-content\/uploads\/2023\/02\/995577111.jpg","datePublished":"2023-02-28T03:39:23+00:00","dateModified":"2026-04-18T19:28:36+00:00","breadcrumb":{"@id":"https:\/\/shop.bantam.ch\/de\/produkt\/komplettset-rain-blocker-g2-pack-minivan\/#breadcrumb"},"inLanguage":"de","potentialAction":[{"@type":"ReadAction","target":["https:\/\/shop.bantam.ch\/de\/produkt\/komplettset-rain-blocker-g2-pack-minivan\/"]}]},{"@type":"ImageObject","inLanguage":"de","@id":"https:\/\/shop.bantam.ch\/de\/produkt\/komplettset-rain-blocker-g2-pack-minivan\/#primaryimage","url":"https:\/\/shop.bantam.ch\/wp-content\/uploads\/2023\/02\/995577111.jpg","contentUrl":"https:\/\/shop.bantam.ch\/wp-content\/uploads\/2023\/02\/995577111.jpg","width":1000,"height":749},{"@type":"BreadcrumbList","@id":"https:\/\/shop.bantam.ch\/de\/produkt\/komplettset-rain-blocker-g2-pack-minivan\/#breadcrumb","itemListElement":[{"@type":"ListItem","position":1,"name":"Accueil","item":"https:\/\/shop.bantam.ch\/de\/"},{"@type":"ListItem","position":2,"name":"Shop","item":"https:\/\/shop.bantam.ch\/de\/shop\/"},{"@type":"ListItem","position":3,"name":"Komplettset Rain Blocker Thule G2 Pack Minivan"}]},{"@type":"WebSite","@id":"https:\/\/shop.bantam.ch\/de\/#website","url":"https:\/\/shop.bantam.ch\/de\/","name":"Bantam Camping AG","description":"","publisher":{"@id":"https:\/\/shop.bantam.ch\/de\/#organization"},"inLanguage":"de"},{"@type":"Organization","@id":"https:\/\/shop.bantam.ch\/de\/#organization","name":"Bantam Camping AG","url":"https:\/\/shop.bantam.ch\/de\/","logo":{"@type":"ImageObject","inLanguage":"de","@id":"https:\/\/shop.bantam.ch\/de\/#\/schema\/logo\/image\/","url":"https:\/\/shop.bantam.ch\/wp-content\/uploads\/2022\/12\/bantam-logo.png","contentUrl":"https:\/\/shop.bantam.ch\/wp-content\/uploads\/2022\/12\/bantam-logo.png","width":320,"height":71,"caption":"Bantam Camping AG"},"image":{"@id":"https:\/\/shop.bantam.ch\/de\/#\/schema\/logo\/image\/"}}]}},"_links":{"self":[{"href":"https:\/\/shop.bantam.ch\/de\/wp-json\/wp\/v2\/product\/94242","targetHints":{"allow":["GET"]}}],"collection":[{"href":"https:\/\/shop.bantam.ch\/de\/wp-json\/wp\/v2\/product"}],"about":[{"href":"https:\/\/shop.bantam.ch\/de\/wp-json\/wp\/v2\/types\/product"}],"wp:featuredmedia":[{"embeddable":true,"href":"https:\/\/shop.bantam.ch\/de\/wp-json\/wp\/v2\/media\/94240"}],"wp:attachment":[{"href":"https:\/\/shop.bantam.ch\/de\/wp-json\/wp\/v2\/media?parent=94242"}],"wp:term":[{"taxonomy":"product_featured_cat","embeddable":true,"href":"https:\/\/shop.bantam.ch\/de\/wp-json\/wp\/v2\/product_featured_cat?post=94242"},{"taxonomy":"product_brand","embeddable":true,"href":"https:\/\/shop.bantam.ch\/de\/wp-json\/wp\/v2\/product_brand?post=94242"},{"taxonomy":"product_cat","embeddable":true,"href":"https:\/\/shop.bantam.ch\/de\/wp-json\/wp\/v2\/product_cat?post=94242"},{"taxonomy":"product_tag","embeddable":true,"href":"https:\/\/shop.bantam.ch\/de\/wp-json\/wp\/v2\/product_tag?post=94242"}],"curies":[{"name":"wp","href":"https:\/\/api.w.org\/{rel}","templated":true}]}}