{"id":94236,"date":"2023-02-28T04:39:05","date_gmt":"2023-02-28T03:39:05","guid":{"rendered":"http:\/\/shop.bantam.ch\/produit\/hygiene-set-fuer-frischwassersystem\/"},"modified":"2026-04-21T22:49:39","modified_gmt":"2026-04-21T20:49:39","slug":"hygiene-set-fuer-frischwassersystem","status":"publish","type":"product","link":"https:\/\/shop.bantam.ch\/de\/produkt\/hygiene-set-fuer-frischwassersystem\/","title":{"rendered":"Hygiene-Set f\u00fcr Frischwassersystem"},"content":{"rendered":"<p>Das Hygiene-Set ist ein Komplett-Set in Sachen Wasserhygiene f\u00fcr die ganze Saison. Es enth\u00e4lt je nach Ausf\u00fchrung, 250 ml Desinfektionsreiniger DEXDA Clean und 250 ml Kxpress Entkalker, sowie ein (Tanks bis 80 Liter), bzw. zwei (Tanks bis 160 Liter) Silberpads zur Konservierung von 17500 bzw. 35000 Liter Frischwassser. Die Kombination aus den Produkten DEXDA Clean und KXpress und dem Silberpad findet sowohl im Caravaning als auch im Bootsbereich Anwendung. Durch die gemeinsam anwendbare Reiniger-Kombination aus DEXDA Clean und KXpress entsteht gegen\u00fcber anderen Produkten eine erhebliche Zeit-und Arbeitsersparnis. Mit dem Silberpad wird das Frischwasser effektiv vor einer Verkeimung gesch\u00fctzt. Das Hygiene-Set ist erh\u00e4ltlich f\u00fcr Tankgr\u00f6\u00dfen bis 80 und 160 Liter.<\/p>\n","protected":false},"excerpt":{"rendered":"<p>Das Hygiene-Set ist ein Komplett-Set in Sachen Wasserhygiene f\u00fcr die ganze Saison. Es enth\u00e4lt je nach Ausf\u00fchrung, 250 ml Desinfektionsreiniger DEXDA Clean und 250 ml Kxpress Entkalker, sowie ein (Tanks bis 80 Liter), bzw. zwei (Tanks bis 160 Liter) Silberpads zur Konservierung von 17500 bzw. 35000 Liter Frischwassser. Die Kombination aus den Produkten DEXDA Clean [&hellip;]<\/p>\n","protected":false},"featured_media":94226,"template":"","meta":{"_acf_changed":false},"product_featured_cat":[],"product_brand":[3275],"product_cat":[4610],"product_tag":[],"class_list":{"0":"post-94236","1":"product","2":"type-product","3":"status-publish","4":"has-post-thumbnail","6":"product_brand-wm-aquatec-de","7":"product_cat-hygienesets","9":"first","10":"instock","11":"taxable","12":"shipping-taxable","13":"purchasable","14":"product-type-variable"},"acf":[],"yoast_head":"<!-- This site is optimized with the Yoast SEO plugin v27.4 - https:\/\/yoast.com\/product\/yoast-seo-wordpress\/ -->\n<title>Hygiene-Set f\u00fcr Frischwassersystem - Bantam Camping AG<\/title>\n<meta name=\"robots\" content=\"index, follow, max-snippet:-1, max-image-preview:large, max-video-preview:-1\" \/>\n<link rel=\"canonical\" href=\"https:\/\/shop.bantam.ch\/de\/produkt\/hygiene-set-fuer-frischwassersystem\/\" \/>\n<meta property=\"og:locale\" content=\"de_DE\" \/>\n<meta property=\"og:type\" content=\"article\" \/>\n<meta property=\"og:title\" content=\"Hygiene-Set f\u00fcr Frischwassersystem - Bantam Camping AG\" \/>\n<meta property=\"og:description\" content=\"Das Hygiene-Set ist ein Komplett-Set in Sachen Wasserhygiene f\u00fcr die ganze Saison. Es enth\u00e4lt je nach Ausf\u00fchrung, 250 ml Desinfektionsreiniger DEXDA Clean und 250 ml Kxpress Entkalker, sowie ein (Tanks bis 80 Liter), bzw. zwei (Tanks bis 160 Liter) Silberpads zur Konservierung von 17500 bzw. 35000 Liter Frischwassser. Die Kombination aus den Produkten DEXDA Clean [&hellip;]\" \/>\n<meta property=\"og:url\" content=\"https:\/\/shop.bantam.ch\/de\/produkt\/hygiene-set-fuer-frischwassersystem\/\" \/>\n<meta property=\"og:site_name\" content=\"Bantam Camping AG\" \/>\n<meta property=\"article:modified_time\" content=\"2026-04-21T20:49:39+00:00\" \/>\n<meta property=\"og:image\" content=\"https:\/\/shop.bantam.ch\/wp-content\/uploads\/2023\/02\/996023011.jpg\" \/>\n\t<meta property=\"og:image:width\" content=\"1000\" \/>\n\t<meta property=\"og:image:height\" content=\"827\" \/>\n\t<meta property=\"og:image:type\" content=\"image\/jpeg\" \/>\n<meta name=\"twitter:card\" content=\"summary_large_image\" \/>\n<meta name=\"twitter:label1\" content=\"Gesch\u00e4tzte Lesezeit\" \/>\n\t<meta name=\"twitter:data1\" content=\"1\u00a0Minute\" \/>\n<script type=\"application\/ld+json\" class=\"yoast-schema-graph\">{\"@context\":\"https:\\\/\\\/schema.org\",\"@graph\":[{\"@type\":\"WebPage\",\"@id\":\"https:\\\/\\\/shop.bantam.ch\\\/de\\\/produkt\\\/hygiene-set-fuer-frischwassersystem\\\/\",\"url\":\"https:\\\/\\\/shop.bantam.ch\\\/de\\\/produkt\\\/hygiene-set-fuer-frischwassersystem\\\/\",\"name\":\"Hygiene-Set f\u00fcr Frischwassersystem - Bantam Camping AG\",\"isPartOf\":{\"@id\":\"https:\\\/\\\/shop.bantam.ch\\\/de\\\/#website\"},\"primaryImageOfPage\":{\"@id\":\"https:\\\/\\\/shop.bantam.ch\\\/de\\\/produkt\\\/hygiene-set-fuer-frischwassersystem\\\/#primaryimage\"},\"image\":{\"@id\":\"https:\\\/\\\/shop.bantam.ch\\\/de\\\/produkt\\\/hygiene-set-fuer-frischwassersystem\\\/#primaryimage\"},\"thumbnailUrl\":\"https:\\\/\\\/shop.bantam.ch\\\/wp-content\\\/uploads\\\/2023\\\/02\\\/996023011.jpg\",\"datePublished\":\"2023-02-28T03:39:05+00:00\",\"dateModified\":\"2026-04-21T20:49:39+00:00\",\"breadcrumb\":{\"@id\":\"https:\\\/\\\/shop.bantam.ch\\\/de\\\/produkt\\\/hygiene-set-fuer-frischwassersystem\\\/#breadcrumb\"},\"inLanguage\":\"de\",\"potentialAction\":[{\"@type\":\"ReadAction\",\"target\":[\"https:\\\/\\\/shop.bantam.ch\\\/de\\\/produkt\\\/hygiene-set-fuer-frischwassersystem\\\/\"]}]},{\"@type\":\"ImageObject\",\"inLanguage\":\"de\",\"@id\":\"https:\\\/\\\/shop.bantam.ch\\\/de\\\/produkt\\\/hygiene-set-fuer-frischwassersystem\\\/#primaryimage\",\"url\":\"https:\\\/\\\/shop.bantam.ch\\\/wp-content\\\/uploads\\\/2023\\\/02\\\/996023011.jpg\",\"contentUrl\":\"https:\\\/\\\/shop.bantam.ch\\\/wp-content\\\/uploads\\\/2023\\\/02\\\/996023011.jpg\",\"width\":1000,\"height\":827},{\"@type\":\"BreadcrumbList\",\"@id\":\"https:\\\/\\\/shop.bantam.ch\\\/de\\\/produkt\\\/hygiene-set-fuer-frischwassersystem\\\/#breadcrumb\",\"itemListElement\":[{\"@type\":\"ListItem\",\"position\":1,\"name\":\"Accueil\",\"item\":\"https:\\\/\\\/shop.bantam.ch\\\/de\\\/\"},{\"@type\":\"ListItem\",\"position\":2,\"name\":\"Shop\",\"item\":\"https:\\\/\\\/shop.bantam.ch\\\/de\\\/shop\\\/\"},{\"@type\":\"ListItem\",\"position\":3,\"name\":\"Hygiene-Set f\u00fcr Frischwassersystem\"}]},{\"@type\":\"WebSite\",\"@id\":\"https:\\\/\\\/shop.bantam.ch\\\/de\\\/#website\",\"url\":\"https:\\\/\\\/shop.bantam.ch\\\/de\\\/\",\"name\":\"Bantam Camping AG\",\"description\":\"\",\"publisher\":{\"@id\":\"https:\\\/\\\/shop.bantam.ch\\\/de\\\/#organization\"},\"inLanguage\":\"de\"},{\"@type\":\"Organization\",\"@id\":\"https:\\\/\\\/shop.bantam.ch\\\/de\\\/#organization\",\"name\":\"Bantam Camping AG\",\"url\":\"https:\\\/\\\/shop.bantam.ch\\\/de\\\/\",\"logo\":{\"@type\":\"ImageObject\",\"inLanguage\":\"de\",\"@id\":\"https:\\\/\\\/shop.bantam.ch\\\/de\\\/#\\\/schema\\\/logo\\\/image\\\/\",\"url\":\"https:\\\/\\\/shop.bantam.ch\\\/wp-content\\\/uploads\\\/2022\\\/12\\\/bantam-logo.png\",\"contentUrl\":\"https:\\\/\\\/shop.bantam.ch\\\/wp-content\\\/uploads\\\/2022\\\/12\\\/bantam-logo.png\",\"width\":320,\"height\":71,\"caption\":\"Bantam Camping AG\"},\"image\":{\"@id\":\"https:\\\/\\\/shop.bantam.ch\\\/de\\\/#\\\/schema\\\/logo\\\/image\\\/\"}}]}<\/script>\n<!-- \/ Yoast SEO plugin. -->","yoast_head_json":{"title":"Hygiene-Set f\u00fcr Frischwassersystem - Bantam Camping AG","robots":{"index":"index","follow":"follow","max-snippet":"max-snippet:-1","max-image-preview":"max-image-preview:large","max-video-preview":"max-video-preview:-1"},"canonical":"https:\/\/shop.bantam.ch\/de\/produkt\/hygiene-set-fuer-frischwassersystem\/","og_locale":"de_DE","og_type":"article","og_title":"Hygiene-Set f\u00fcr Frischwassersystem - Bantam Camping AG","og_description":"Das Hygiene-Set ist ein Komplett-Set in Sachen Wasserhygiene f\u00fcr die ganze Saison. Es enth\u00e4lt je nach Ausf\u00fchrung, 250 ml Desinfektionsreiniger DEXDA Clean und 250 ml Kxpress Entkalker, sowie ein (Tanks bis 80 Liter), bzw. zwei (Tanks bis 160 Liter) Silberpads zur Konservierung von 17500 bzw. 35000 Liter Frischwassser. Die Kombination aus den Produkten DEXDA Clean [&hellip;]","og_url":"https:\/\/shop.bantam.ch\/de\/produkt\/hygiene-set-fuer-frischwassersystem\/","og_site_name":"Bantam Camping AG","article_modified_time":"2026-04-21T20:49:39+00:00","og_image":[{"width":1000,"height":827,"url":"https:\/\/shop.bantam.ch\/wp-content\/uploads\/2023\/02\/996023011.jpg","type":"image\/jpeg"}],"twitter_card":"summary_large_image","twitter_misc":{"Gesch\u00e4tzte Lesezeit":"1\u00a0Minute"},"schema":{"@context":"https:\/\/schema.org","@graph":[{"@type":"WebPage","@id":"https:\/\/shop.bantam.ch\/de\/produkt\/hygiene-set-fuer-frischwassersystem\/","url":"https:\/\/shop.bantam.ch\/de\/produkt\/hygiene-set-fuer-frischwassersystem\/","name":"Hygiene-Set f\u00fcr Frischwassersystem - Bantam Camping AG","isPartOf":{"@id":"https:\/\/shop.bantam.ch\/de\/#website"},"primaryImageOfPage":{"@id":"https:\/\/shop.bantam.ch\/de\/produkt\/hygiene-set-fuer-frischwassersystem\/#primaryimage"},"image":{"@id":"https:\/\/shop.bantam.ch\/de\/produkt\/hygiene-set-fuer-frischwassersystem\/#primaryimage"},"thumbnailUrl":"https:\/\/shop.bantam.ch\/wp-content\/uploads\/2023\/02\/996023011.jpg","datePublished":"2023-02-28T03:39:05+00:00","dateModified":"2026-04-21T20:49:39+00:00","breadcrumb":{"@id":"https:\/\/shop.bantam.ch\/de\/produkt\/hygiene-set-fuer-frischwassersystem\/#breadcrumb"},"inLanguage":"de","potentialAction":[{"@type":"ReadAction","target":["https:\/\/shop.bantam.ch\/de\/produkt\/hygiene-set-fuer-frischwassersystem\/"]}]},{"@type":"ImageObject","inLanguage":"de","@id":"https:\/\/shop.bantam.ch\/de\/produkt\/hygiene-set-fuer-frischwassersystem\/#primaryimage","url":"https:\/\/shop.bantam.ch\/wp-content\/uploads\/2023\/02\/996023011.jpg","contentUrl":"https:\/\/shop.bantam.ch\/wp-content\/uploads\/2023\/02\/996023011.jpg","width":1000,"height":827},{"@type":"BreadcrumbList","@id":"https:\/\/shop.bantam.ch\/de\/produkt\/hygiene-set-fuer-frischwassersystem\/#breadcrumb","itemListElement":[{"@type":"ListItem","position":1,"name":"Accueil","item":"https:\/\/shop.bantam.ch\/de\/"},{"@type":"ListItem","position":2,"name":"Shop","item":"https:\/\/shop.bantam.ch\/de\/shop\/"},{"@type":"ListItem","position":3,"name":"Hygiene-Set f\u00fcr Frischwassersystem"}]},{"@type":"WebSite","@id":"https:\/\/shop.bantam.ch\/de\/#website","url":"https:\/\/shop.bantam.ch\/de\/","name":"Bantam Camping AG","description":"","publisher":{"@id":"https:\/\/shop.bantam.ch\/de\/#organization"},"inLanguage":"de"},{"@type":"Organization","@id":"https:\/\/shop.bantam.ch\/de\/#organization","name":"Bantam Camping AG","url":"https:\/\/shop.bantam.ch\/de\/","logo":{"@type":"ImageObject","inLanguage":"de","@id":"https:\/\/shop.bantam.ch\/de\/#\/schema\/logo\/image\/","url":"https:\/\/shop.bantam.ch\/wp-content\/uploads\/2022\/12\/bantam-logo.png","contentUrl":"https:\/\/shop.bantam.ch\/wp-content\/uploads\/2022\/12\/bantam-logo.png","width":320,"height":71,"caption":"Bantam Camping AG"},"image":{"@id":"https:\/\/shop.bantam.ch\/de\/#\/schema\/logo\/image\/"}}]}},"_links":{"self":[{"href":"https:\/\/shop.bantam.ch\/de\/wp-json\/wp\/v2\/product\/94236","targetHints":{"allow":["GET"]}}],"collection":[{"href":"https:\/\/shop.bantam.ch\/de\/wp-json\/wp\/v2\/product"}],"about":[{"href":"https:\/\/shop.bantam.ch\/de\/wp-json\/wp\/v2\/types\/product"}],"wp:featuredmedia":[{"embeddable":true,"href":"https:\/\/shop.bantam.ch\/de\/wp-json\/wp\/v2\/media\/94226"}],"wp:attachment":[{"href":"https:\/\/shop.bantam.ch\/de\/wp-json\/wp\/v2\/media?parent=94236"}],"wp:term":[{"taxonomy":"product_featured_cat","embeddable":true,"href":"https:\/\/shop.bantam.ch\/de\/wp-json\/wp\/v2\/product_featured_cat?post=94236"},{"taxonomy":"product_brand","embeddable":true,"href":"https:\/\/shop.bantam.ch\/de\/wp-json\/wp\/v2\/product_brand?post=94236"},{"taxonomy":"product_cat","embeddable":true,"href":"https:\/\/shop.bantam.ch\/de\/wp-json\/wp\/v2\/product_cat?post=94236"},{"taxonomy":"product_tag","embeddable":true,"href":"https:\/\/shop.bantam.ch\/de\/wp-json\/wp\/v2\/product_tag?post=94236"}],"curies":[{"name":"wp","href":"https:\/\/api.w.org\/{rel}","templated":true}]}}