{"id":94046,"date":"2023-02-28T04:36:43","date_gmt":"2023-02-28T03:36:43","guid":{"rendered":"http:\/\/shop.bantam.ch\/produit\/verdunklungssystem-seitenscheiben-set\/"},"modified":"2026-04-17T22:46:53","modified_gmt":"2026-04-17T20:46:53","slug":"verdunklungssystem-seitenscheiben-set","status":"publish","type":"product","link":"https:\/\/shop.bantam.ch\/de\/produkt\/verdunklungssystem-seitenscheiben-set\/","title":{"rendered":"Verdunklungssystem, Seitenscheiben Set"},"content":{"rendered":"<p>DOMETIC SP 300 mehr Privatsph\u00e4re, besserer Klimaschutz.<br \/>Wer morgens gern l\u00e4nger schl\u00e4ft und auf Privatsphare Wert legt, wird die neue Seitenblende SP 300 lieben. Sie ist eine Ma\u00dfanfertigung f\u00fcr den Fiat Ducato und baugleiche Kastenwagen. Auf beiden Seiten montiert und mit unserem Frontscheibenrollo FP 300 kombiniert, bietet sie den perfekten Rundumschutz vor Sonne, K\u00e4lte und neugierigen Blicken.<br \/>Perfekt abgestimmt auf die Fiat Ducato Modelle X250 und X290 sowie auf die baugleichen Peugeot Boxer und Citro\u00e0\u00abn Jumper Modelle.<\/p>\n<p>\u00a0<\/p>\n<ul>\n<li>Doppelt plissiertes Wabenmaterial f\u00fcr maximale Isolierung gegen Hitze und K\u00e4lte<\/li>\n<li>Neues F\u00fchrungspanel sorgt f\u00fcr mehr Privatsph\u00e4re und bessere Verdunkelung<\/li>\n<li>Schnelle und einfache Montage ohne Ausbau von T\u00fcrkomponenten<\/li>\n<li>Ca. 40 mm Freifl\u00e4che f\u00fcr bessere Sichtbarkeit des kleinen Beifahrerspiegels<\/li>\n<li>Ultraflacher Griff f\u00fcr die komfortable Bedienung<\/li>\n<li>Makellose Optik &#8211; wie bei einer integrierten L\u00f6sung ab Werk<\/li>\n<li>Leichtes Gewicht, nur 1,2 kg pro Seite &#8211; deutlich leichter als bei Wettbewerbersystemen<\/li>\n<\/ul>\n<p><\/p>\n<p>\u00a0<\/p>\n","protected":false},"excerpt":{"rendered":"<p>DOMETIC SP 300 mehr Privatsph\u00e4re, besserer Klimaschutz.Wer morgens gern l\u00e4nger schl\u00e4ft und auf Privatsphare Wert legt, wird die neue Seitenblende SP 300 lieben. Sie ist eine Ma\u00dfanfertigung f\u00fcr den Fiat Ducato und baugleiche Kastenwagen. Auf beiden Seiten montiert und mit unserem Frontscheibenrollo FP 300 kombiniert, bietet sie den perfekten Rundumschutz vor Sonne, K\u00e4lte und neugierigen [&hellip;]<\/p>\n","protected":false},"featured_media":94036,"template":"","meta":{"_acf_changed":false},"product_featured_cat":[],"product_brand":[3029],"product_cat":[4714],"product_tag":[],"class_list":{"0":"post-94046","1":"product","2":"type-product","3":"status-publish","4":"has-post-thumbnail","6":"product_brand-dometic-de","7":"product_cat-fahrerhausverdunkelung","9":"first","10":"instock","11":"taxable","12":"shipping-taxable","13":"purchasable","14":"product-type-variable"},"acf":[],"yoast_head":"<!-- This site is optimized with the Yoast SEO plugin v27.4 - https:\/\/yoast.com\/product\/yoast-seo-wordpress\/ -->\n<title>Verdunklungssystem, Seitenscheiben Set - Bantam Camping AG<\/title>\n<meta name=\"robots\" content=\"index, follow, max-snippet:-1, max-image-preview:large, max-video-preview:-1\" \/>\n<link rel=\"canonical\" href=\"https:\/\/shop.bantam.ch\/de\/produkt\/verdunklungssystem-seitenscheiben-set\/\" \/>\n<meta property=\"og:locale\" content=\"de_DE\" \/>\n<meta property=\"og:type\" content=\"article\" \/>\n<meta property=\"og:title\" content=\"Verdunklungssystem, Seitenscheiben Set - Bantam Camping AG\" \/>\n<meta property=\"og:description\" content=\"DOMETIC SP 300 mehr Privatsph\u00e4re, besserer Klimaschutz.Wer morgens gern l\u00e4nger schl\u00e4ft und auf Privatsphare Wert legt, wird die neue Seitenblende SP 300 lieben. Sie ist eine Ma\u00dfanfertigung f\u00fcr den Fiat Ducato und baugleiche Kastenwagen. Auf beiden Seiten montiert und mit unserem Frontscheibenrollo FP 300 kombiniert, bietet sie den perfekten Rundumschutz vor Sonne, K\u00e4lte und neugierigen [&hellip;]\" \/>\n<meta property=\"og:url\" content=\"https:\/\/shop.bantam.ch\/de\/produkt\/verdunklungssystem-seitenscheiben-set\/\" \/>\n<meta property=\"og:site_name\" content=\"Bantam Camping AG\" \/>\n<meta property=\"article:modified_time\" content=\"2026-04-17T20:46:53+00:00\" \/>\n<meta property=\"og:image\" content=\"https:\/\/shop.bantam.ch\/wp-content\/uploads\/2023\/02\/994318811.jpg\" \/>\n\t<meta property=\"og:image:width\" content=\"1000\" \/>\n\t<meta property=\"og:image:height\" content=\"1000\" \/>\n\t<meta property=\"og:image:type\" content=\"image\/jpeg\" \/>\n<meta name=\"twitter:card\" content=\"summary_large_image\" \/>\n<meta name=\"twitter:label1\" content=\"Gesch\u00e4tzte Lesezeit\" \/>\n\t<meta name=\"twitter:data1\" content=\"1\u00a0Minute\" \/>\n<script type=\"application\/ld+json\" class=\"yoast-schema-graph\">{\"@context\":\"https:\\\/\\\/schema.org\",\"@graph\":[{\"@type\":\"WebPage\",\"@id\":\"https:\\\/\\\/shop.bantam.ch\\\/de\\\/produkt\\\/verdunklungssystem-seitenscheiben-set\\\/\",\"url\":\"https:\\\/\\\/shop.bantam.ch\\\/de\\\/produkt\\\/verdunklungssystem-seitenscheiben-set\\\/\",\"name\":\"Verdunklungssystem, Seitenscheiben Set - Bantam Camping AG\",\"isPartOf\":{\"@id\":\"https:\\\/\\\/shop.bantam.ch\\\/de\\\/#website\"},\"primaryImageOfPage\":{\"@id\":\"https:\\\/\\\/shop.bantam.ch\\\/de\\\/produkt\\\/verdunklungssystem-seitenscheiben-set\\\/#primaryimage\"},\"image\":{\"@id\":\"https:\\\/\\\/shop.bantam.ch\\\/de\\\/produkt\\\/verdunklungssystem-seitenscheiben-set\\\/#primaryimage\"},\"thumbnailUrl\":\"https:\\\/\\\/shop.bantam.ch\\\/wp-content\\\/uploads\\\/2023\\\/02\\\/994318811.jpg\",\"datePublished\":\"2023-02-28T03:36:43+00:00\",\"dateModified\":\"2026-04-17T20:46:53+00:00\",\"breadcrumb\":{\"@id\":\"https:\\\/\\\/shop.bantam.ch\\\/de\\\/produkt\\\/verdunklungssystem-seitenscheiben-set\\\/#breadcrumb\"},\"inLanguage\":\"de\",\"potentialAction\":[{\"@type\":\"ReadAction\",\"target\":[\"https:\\\/\\\/shop.bantam.ch\\\/de\\\/produkt\\\/verdunklungssystem-seitenscheiben-set\\\/\"]}]},{\"@type\":\"ImageObject\",\"inLanguage\":\"de\",\"@id\":\"https:\\\/\\\/shop.bantam.ch\\\/de\\\/produkt\\\/verdunklungssystem-seitenscheiben-set\\\/#primaryimage\",\"url\":\"https:\\\/\\\/shop.bantam.ch\\\/wp-content\\\/uploads\\\/2023\\\/02\\\/994318811.jpg\",\"contentUrl\":\"https:\\\/\\\/shop.bantam.ch\\\/wp-content\\\/uploads\\\/2023\\\/02\\\/994318811.jpg\",\"width\":1000,\"height\":1000},{\"@type\":\"BreadcrumbList\",\"@id\":\"https:\\\/\\\/shop.bantam.ch\\\/de\\\/produkt\\\/verdunklungssystem-seitenscheiben-set\\\/#breadcrumb\",\"itemListElement\":[{\"@type\":\"ListItem\",\"position\":1,\"name\":\"Accueil\",\"item\":\"https:\\\/\\\/shop.bantam.ch\\\/de\\\/\"},{\"@type\":\"ListItem\",\"position\":2,\"name\":\"Shop\",\"item\":\"https:\\\/\\\/shop.bantam.ch\\\/de\\\/shop\\\/\"},{\"@type\":\"ListItem\",\"position\":3,\"name\":\"Verdunklungssystem, Seitenscheiben Set\"}]},{\"@type\":\"WebSite\",\"@id\":\"https:\\\/\\\/shop.bantam.ch\\\/de\\\/#website\",\"url\":\"https:\\\/\\\/shop.bantam.ch\\\/de\\\/\",\"name\":\"Bantam Camping AG\",\"description\":\"\",\"publisher\":{\"@id\":\"https:\\\/\\\/shop.bantam.ch\\\/de\\\/#organization\"},\"inLanguage\":\"de\"},{\"@type\":\"Organization\",\"@id\":\"https:\\\/\\\/shop.bantam.ch\\\/de\\\/#organization\",\"name\":\"Bantam Camping AG\",\"url\":\"https:\\\/\\\/shop.bantam.ch\\\/de\\\/\",\"logo\":{\"@type\":\"ImageObject\",\"inLanguage\":\"de\",\"@id\":\"https:\\\/\\\/shop.bantam.ch\\\/de\\\/#\\\/schema\\\/logo\\\/image\\\/\",\"url\":\"https:\\\/\\\/shop.bantam.ch\\\/wp-content\\\/uploads\\\/2022\\\/12\\\/bantam-logo.png\",\"contentUrl\":\"https:\\\/\\\/shop.bantam.ch\\\/wp-content\\\/uploads\\\/2022\\\/12\\\/bantam-logo.png\",\"width\":320,\"height\":71,\"caption\":\"Bantam Camping AG\"},\"image\":{\"@id\":\"https:\\\/\\\/shop.bantam.ch\\\/de\\\/#\\\/schema\\\/logo\\\/image\\\/\"}}]}<\/script>\n<!-- \/ Yoast SEO plugin. -->","yoast_head_json":{"title":"Verdunklungssystem, Seitenscheiben Set - Bantam Camping AG","robots":{"index":"index","follow":"follow","max-snippet":"max-snippet:-1","max-image-preview":"max-image-preview:large","max-video-preview":"max-video-preview:-1"},"canonical":"https:\/\/shop.bantam.ch\/de\/produkt\/verdunklungssystem-seitenscheiben-set\/","og_locale":"de_DE","og_type":"article","og_title":"Verdunklungssystem, Seitenscheiben Set - Bantam Camping AG","og_description":"DOMETIC SP 300 mehr Privatsph\u00e4re, besserer Klimaschutz.Wer morgens gern l\u00e4nger schl\u00e4ft und auf Privatsphare Wert legt, wird die neue Seitenblende SP 300 lieben. Sie ist eine Ma\u00dfanfertigung f\u00fcr den Fiat Ducato und baugleiche Kastenwagen. Auf beiden Seiten montiert und mit unserem Frontscheibenrollo FP 300 kombiniert, bietet sie den perfekten Rundumschutz vor Sonne, K\u00e4lte und neugierigen [&hellip;]","og_url":"https:\/\/shop.bantam.ch\/de\/produkt\/verdunklungssystem-seitenscheiben-set\/","og_site_name":"Bantam Camping AG","article_modified_time":"2026-04-17T20:46:53+00:00","og_image":[{"width":1000,"height":1000,"url":"https:\/\/shop.bantam.ch\/wp-content\/uploads\/2023\/02\/994318811.jpg","type":"image\/jpeg"}],"twitter_card":"summary_large_image","twitter_misc":{"Gesch\u00e4tzte Lesezeit":"1\u00a0Minute"},"schema":{"@context":"https:\/\/schema.org","@graph":[{"@type":"WebPage","@id":"https:\/\/shop.bantam.ch\/de\/produkt\/verdunklungssystem-seitenscheiben-set\/","url":"https:\/\/shop.bantam.ch\/de\/produkt\/verdunklungssystem-seitenscheiben-set\/","name":"Verdunklungssystem, Seitenscheiben Set - Bantam Camping AG","isPartOf":{"@id":"https:\/\/shop.bantam.ch\/de\/#website"},"primaryImageOfPage":{"@id":"https:\/\/shop.bantam.ch\/de\/produkt\/verdunklungssystem-seitenscheiben-set\/#primaryimage"},"image":{"@id":"https:\/\/shop.bantam.ch\/de\/produkt\/verdunklungssystem-seitenscheiben-set\/#primaryimage"},"thumbnailUrl":"https:\/\/shop.bantam.ch\/wp-content\/uploads\/2023\/02\/994318811.jpg","datePublished":"2023-02-28T03:36:43+00:00","dateModified":"2026-04-17T20:46:53+00:00","breadcrumb":{"@id":"https:\/\/shop.bantam.ch\/de\/produkt\/verdunklungssystem-seitenscheiben-set\/#breadcrumb"},"inLanguage":"de","potentialAction":[{"@type":"ReadAction","target":["https:\/\/shop.bantam.ch\/de\/produkt\/verdunklungssystem-seitenscheiben-set\/"]}]},{"@type":"ImageObject","inLanguage":"de","@id":"https:\/\/shop.bantam.ch\/de\/produkt\/verdunklungssystem-seitenscheiben-set\/#primaryimage","url":"https:\/\/shop.bantam.ch\/wp-content\/uploads\/2023\/02\/994318811.jpg","contentUrl":"https:\/\/shop.bantam.ch\/wp-content\/uploads\/2023\/02\/994318811.jpg","width":1000,"height":1000},{"@type":"BreadcrumbList","@id":"https:\/\/shop.bantam.ch\/de\/produkt\/verdunklungssystem-seitenscheiben-set\/#breadcrumb","itemListElement":[{"@type":"ListItem","position":1,"name":"Accueil","item":"https:\/\/shop.bantam.ch\/de\/"},{"@type":"ListItem","position":2,"name":"Shop","item":"https:\/\/shop.bantam.ch\/de\/shop\/"},{"@type":"ListItem","position":3,"name":"Verdunklungssystem, Seitenscheiben Set"}]},{"@type":"WebSite","@id":"https:\/\/shop.bantam.ch\/de\/#website","url":"https:\/\/shop.bantam.ch\/de\/","name":"Bantam Camping AG","description":"","publisher":{"@id":"https:\/\/shop.bantam.ch\/de\/#organization"},"inLanguage":"de"},{"@type":"Organization","@id":"https:\/\/shop.bantam.ch\/de\/#organization","name":"Bantam Camping AG","url":"https:\/\/shop.bantam.ch\/de\/","logo":{"@type":"ImageObject","inLanguage":"de","@id":"https:\/\/shop.bantam.ch\/de\/#\/schema\/logo\/image\/","url":"https:\/\/shop.bantam.ch\/wp-content\/uploads\/2022\/12\/bantam-logo.png","contentUrl":"https:\/\/shop.bantam.ch\/wp-content\/uploads\/2022\/12\/bantam-logo.png","width":320,"height":71,"caption":"Bantam Camping AG"},"image":{"@id":"https:\/\/shop.bantam.ch\/de\/#\/schema\/logo\/image\/"}}]}},"_links":{"self":[{"href":"https:\/\/shop.bantam.ch\/de\/wp-json\/wp\/v2\/product\/94046","targetHints":{"allow":["GET"]}}],"collection":[{"href":"https:\/\/shop.bantam.ch\/de\/wp-json\/wp\/v2\/product"}],"about":[{"href":"https:\/\/shop.bantam.ch\/de\/wp-json\/wp\/v2\/types\/product"}],"wp:featuredmedia":[{"embeddable":true,"href":"https:\/\/shop.bantam.ch\/de\/wp-json\/wp\/v2\/media\/94036"}],"wp:attachment":[{"href":"https:\/\/shop.bantam.ch\/de\/wp-json\/wp\/v2\/media?parent=94046"}],"wp:term":[{"taxonomy":"product_featured_cat","embeddable":true,"href":"https:\/\/shop.bantam.ch\/de\/wp-json\/wp\/v2\/product_featured_cat?post=94046"},{"taxonomy":"product_brand","embeddable":true,"href":"https:\/\/shop.bantam.ch\/de\/wp-json\/wp\/v2\/product_brand?post=94046"},{"taxonomy":"product_cat","embeddable":true,"href":"https:\/\/shop.bantam.ch\/de\/wp-json\/wp\/v2\/product_cat?post=94046"},{"taxonomy":"product_tag","embeddable":true,"href":"https:\/\/shop.bantam.ch\/de\/wp-json\/wp\/v2\/product_tag?post=94046"}],"curies":[{"name":"wp","href":"https:\/\/api.w.org\/{rel}","templated":true}]}}