{"id":94012,"date":"2023-02-28T04:36:14","date_gmt":"2023-02-28T03:36:14","guid":{"rendered":"http:\/\/shop.bantam.ch\/produit\/fahrradtraeger-elite-g2-one-bike\/"},"modified":"2026-04-17T21:27:41","modified_gmt":"2026-04-17T19:27:41","slug":"fahrradtraeger-elite-g2-one-bike","status":"publish","type":"product","link":"https:\/\/shop.bantam.ch\/de\/produkt\/fahrradtraeger-elite-g2-one-bike\/","title":{"rendered":"Fahrradtr\u00e4ger THULE Elite G2 One Bike Traglast 30 kg"},"content":{"rendered":"<p>Dieses Modell entspricht dem Standard-Fahrradtr\u00e4ger Thule Elite G2 mit einer k\u00fcrzeren Plattform f\u00fcr den Transport von nur einem Fahrrad mit einer maximalen Tragf\u00e4higkeit von 30 kg. Dieser Fahrradtr\u00e4ger wurde speziell f\u00fcr die Bed\u00fcrfnisse der Caravan-Nutzer entwickelt. Diese Gruppe strebt eine gleichm\u00e4\u00dfige Beladung des Wohnwagens mit zwei Fahrr\u00e4dern an: einem Fahrrad an der R\u00fcckwand des Fahrzeugs und einem Fahrrad auf der Deichsel (z. B. Thule Caravan Smart). Die gleichm\u00e4\u00dfige Gewichtsverteilung der Fahrr\u00e4der in Kombination mit dem Thule Caravan Smart ist das wichtigste Alleinstellungsmerkmal. Dar\u00fcber hinaus ist dieser Fahrradtr\u00e4ger besonders kompakt. Alle anderen Eigenschaften des Standard Thule Elite G2 bleiben unver\u00e4ndert.<\/p>\n","protected":false},"excerpt":{"rendered":"<p>Dieses Modell entspricht dem Standard-Fahrradtr\u00e4ger Thule Elite G2 mit einer k\u00fcrzeren Plattform f\u00fcr den Transport von nur einem Fahrrad mit einer maximalen Tragf\u00e4higkeit von 30 kg. Dieser Fahrradtr\u00e4ger wurde speziell f\u00fcr die Bed\u00fcrfnisse der Caravan-Nutzer entwickelt. Diese Gruppe strebt eine gleichm\u00e4\u00dfige Beladung des Wohnwagens mit zwei Fahrr\u00e4dern an: einem Fahrrad an der R\u00fcckwand des Fahrzeugs [&hellip;]<\/p>\n","protected":false},"featured_media":94010,"template":"","meta":{"_acf_changed":false},"product_featured_cat":[],"product_brand":[3047],"product_cat":[5138],"product_tag":[],"class_list":{"0":"post-94012","1":"product","2":"type-product","3":"status-publish","4":"has-post-thumbnail","6":"product_brand-thule-de","7":"product_cat-heck-fahrradtraeger","9":"first","10":"instock","11":"taxable","12":"shipping-taxable","13":"purchasable","14":"product-type-simple"},"acf":[],"yoast_head":"<!-- This site is optimized with the Yoast SEO plugin v27.4 - https:\/\/yoast.com\/product\/yoast-seo-wordpress\/ -->\n<title>Fahrradtr\u00e4ger THULE Elite G2 One Bike Traglast 30 kg - Bantam Camping AG<\/title>\n<meta name=\"robots\" content=\"index, follow, max-snippet:-1, max-image-preview:large, max-video-preview:-1\" \/>\n<link rel=\"canonical\" href=\"https:\/\/shop.bantam.ch\/de\/produkt\/fahrradtraeger-elite-g2-one-bike\/\" \/>\n<meta property=\"og:locale\" content=\"de_DE\" \/>\n<meta property=\"og:type\" content=\"article\" \/>\n<meta property=\"og:title\" content=\"Fahrradtr\u00e4ger THULE Elite G2 One Bike Traglast 30 kg - Bantam Camping AG\" \/>\n<meta property=\"og:description\" content=\"Dieses Modell entspricht dem Standard-Fahrradtr\u00e4ger Thule Elite G2 mit einer k\u00fcrzeren Plattform f\u00fcr den Transport von nur einem Fahrrad mit einer maximalen Tragf\u00e4higkeit von 30 kg. Dieser Fahrradtr\u00e4ger wurde speziell f\u00fcr die Bed\u00fcrfnisse der Caravan-Nutzer entwickelt. Diese Gruppe strebt eine gleichm\u00e4\u00dfige Beladung des Wohnwagens mit zwei Fahrr\u00e4dern an: einem Fahrrad an der R\u00fcckwand des Fahrzeugs [&hellip;]\" \/>\n<meta property=\"og:url\" content=\"https:\/\/shop.bantam.ch\/de\/produkt\/fahrradtraeger-elite-g2-one-bike\/\" \/>\n<meta property=\"og:site_name\" content=\"Bantam Camping AG\" \/>\n<meta property=\"article:modified_time\" content=\"2026-04-17T19:27:41+00:00\" \/>\n<meta property=\"og:image\" content=\"https:\/\/shop.bantam.ch\/wp-content\/uploads\/2023\/02\/994318511.jpg\" \/>\n\t<meta property=\"og:image:width\" content=\"659\" \/>\n\t<meta property=\"og:image:height\" content=\"1000\" \/>\n\t<meta property=\"og:image:type\" content=\"image\/jpeg\" \/>\n<meta name=\"twitter:card\" content=\"summary_large_image\" \/>\n<meta name=\"twitter:label1\" content=\"Gesch\u00e4tzte Lesezeit\" \/>\n\t<meta name=\"twitter:data1\" content=\"1\u00a0Minute\" \/>\n<script type=\"application\/ld+json\" class=\"yoast-schema-graph\">{\"@context\":\"https:\\\/\\\/schema.org\",\"@graph\":[{\"@type\":\"WebPage\",\"@id\":\"https:\\\/\\\/shop.bantam.ch\\\/de\\\/produkt\\\/fahrradtraeger-elite-g2-one-bike\\\/\",\"url\":\"https:\\\/\\\/shop.bantam.ch\\\/de\\\/produkt\\\/fahrradtraeger-elite-g2-one-bike\\\/\",\"name\":\"Fahrradtr\u00e4ger THULE Elite G2 One Bike Traglast 30 kg - Bantam Camping AG\",\"isPartOf\":{\"@id\":\"https:\\\/\\\/shop.bantam.ch\\\/de\\\/#website\"},\"primaryImageOfPage\":{\"@id\":\"https:\\\/\\\/shop.bantam.ch\\\/de\\\/produkt\\\/fahrradtraeger-elite-g2-one-bike\\\/#primaryimage\"},\"image\":{\"@id\":\"https:\\\/\\\/shop.bantam.ch\\\/de\\\/produkt\\\/fahrradtraeger-elite-g2-one-bike\\\/#primaryimage\"},\"thumbnailUrl\":\"https:\\\/\\\/shop.bantam.ch\\\/wp-content\\\/uploads\\\/2023\\\/02\\\/994318511.jpg\",\"datePublished\":\"2023-02-28T03:36:14+00:00\",\"dateModified\":\"2026-04-17T19:27:41+00:00\",\"breadcrumb\":{\"@id\":\"https:\\\/\\\/shop.bantam.ch\\\/de\\\/produkt\\\/fahrradtraeger-elite-g2-one-bike\\\/#breadcrumb\"},\"inLanguage\":\"de\",\"potentialAction\":[{\"@type\":\"ReadAction\",\"target\":[\"https:\\\/\\\/shop.bantam.ch\\\/de\\\/produkt\\\/fahrradtraeger-elite-g2-one-bike\\\/\"]}]},{\"@type\":\"ImageObject\",\"inLanguage\":\"de\",\"@id\":\"https:\\\/\\\/shop.bantam.ch\\\/de\\\/produkt\\\/fahrradtraeger-elite-g2-one-bike\\\/#primaryimage\",\"url\":\"https:\\\/\\\/shop.bantam.ch\\\/wp-content\\\/uploads\\\/2023\\\/02\\\/994318511.jpg\",\"contentUrl\":\"https:\\\/\\\/shop.bantam.ch\\\/wp-content\\\/uploads\\\/2023\\\/02\\\/994318511.jpg\",\"width\":659,\"height\":1000},{\"@type\":\"BreadcrumbList\",\"@id\":\"https:\\\/\\\/shop.bantam.ch\\\/de\\\/produkt\\\/fahrradtraeger-elite-g2-one-bike\\\/#breadcrumb\",\"itemListElement\":[{\"@type\":\"ListItem\",\"position\":1,\"name\":\"Accueil\",\"item\":\"https:\\\/\\\/shop.bantam.ch\\\/de\\\/\"},{\"@type\":\"ListItem\",\"position\":2,\"name\":\"Shop\",\"item\":\"https:\\\/\\\/shop.bantam.ch\\\/de\\\/shop\\\/\"},{\"@type\":\"ListItem\",\"position\":3,\"name\":\"Fahrradtr\u00e4ger THULE Elite G2 One Bike Traglast 30 kg\"}]},{\"@type\":\"WebSite\",\"@id\":\"https:\\\/\\\/shop.bantam.ch\\\/de\\\/#website\",\"url\":\"https:\\\/\\\/shop.bantam.ch\\\/de\\\/\",\"name\":\"Bantam Camping AG\",\"description\":\"\",\"publisher\":{\"@id\":\"https:\\\/\\\/shop.bantam.ch\\\/de\\\/#organization\"},\"inLanguage\":\"de\"},{\"@type\":\"Organization\",\"@id\":\"https:\\\/\\\/shop.bantam.ch\\\/de\\\/#organization\",\"name\":\"Bantam Camping AG\",\"url\":\"https:\\\/\\\/shop.bantam.ch\\\/de\\\/\",\"logo\":{\"@type\":\"ImageObject\",\"inLanguage\":\"de\",\"@id\":\"https:\\\/\\\/shop.bantam.ch\\\/de\\\/#\\\/schema\\\/logo\\\/image\\\/\",\"url\":\"https:\\\/\\\/shop.bantam.ch\\\/wp-content\\\/uploads\\\/2022\\\/12\\\/bantam-logo.png\",\"contentUrl\":\"https:\\\/\\\/shop.bantam.ch\\\/wp-content\\\/uploads\\\/2022\\\/12\\\/bantam-logo.png\",\"width\":320,\"height\":71,\"caption\":\"Bantam Camping AG\"},\"image\":{\"@id\":\"https:\\\/\\\/shop.bantam.ch\\\/de\\\/#\\\/schema\\\/logo\\\/image\\\/\"}}]}<\/script>\n<!-- \/ Yoast SEO plugin. -->","yoast_head_json":{"title":"Fahrradtr\u00e4ger THULE Elite G2 One Bike Traglast 30 kg - Bantam Camping AG","robots":{"index":"index","follow":"follow","max-snippet":"max-snippet:-1","max-image-preview":"max-image-preview:large","max-video-preview":"max-video-preview:-1"},"canonical":"https:\/\/shop.bantam.ch\/de\/produkt\/fahrradtraeger-elite-g2-one-bike\/","og_locale":"de_DE","og_type":"article","og_title":"Fahrradtr\u00e4ger THULE Elite G2 One Bike Traglast 30 kg - Bantam Camping AG","og_description":"Dieses Modell entspricht dem Standard-Fahrradtr\u00e4ger Thule Elite G2 mit einer k\u00fcrzeren Plattform f\u00fcr den Transport von nur einem Fahrrad mit einer maximalen Tragf\u00e4higkeit von 30 kg. Dieser Fahrradtr\u00e4ger wurde speziell f\u00fcr die Bed\u00fcrfnisse der Caravan-Nutzer entwickelt. Diese Gruppe strebt eine gleichm\u00e4\u00dfige Beladung des Wohnwagens mit zwei Fahrr\u00e4dern an: einem Fahrrad an der R\u00fcckwand des Fahrzeugs [&hellip;]","og_url":"https:\/\/shop.bantam.ch\/de\/produkt\/fahrradtraeger-elite-g2-one-bike\/","og_site_name":"Bantam Camping AG","article_modified_time":"2026-04-17T19:27:41+00:00","og_image":[{"width":659,"height":1000,"url":"https:\/\/shop.bantam.ch\/wp-content\/uploads\/2023\/02\/994318511.jpg","type":"image\/jpeg"}],"twitter_card":"summary_large_image","twitter_misc":{"Gesch\u00e4tzte Lesezeit":"1\u00a0Minute"},"schema":{"@context":"https:\/\/schema.org","@graph":[{"@type":"WebPage","@id":"https:\/\/shop.bantam.ch\/de\/produkt\/fahrradtraeger-elite-g2-one-bike\/","url":"https:\/\/shop.bantam.ch\/de\/produkt\/fahrradtraeger-elite-g2-one-bike\/","name":"Fahrradtr\u00e4ger THULE Elite G2 One Bike Traglast 30 kg - Bantam Camping AG","isPartOf":{"@id":"https:\/\/shop.bantam.ch\/de\/#website"},"primaryImageOfPage":{"@id":"https:\/\/shop.bantam.ch\/de\/produkt\/fahrradtraeger-elite-g2-one-bike\/#primaryimage"},"image":{"@id":"https:\/\/shop.bantam.ch\/de\/produkt\/fahrradtraeger-elite-g2-one-bike\/#primaryimage"},"thumbnailUrl":"https:\/\/shop.bantam.ch\/wp-content\/uploads\/2023\/02\/994318511.jpg","datePublished":"2023-02-28T03:36:14+00:00","dateModified":"2026-04-17T19:27:41+00:00","breadcrumb":{"@id":"https:\/\/shop.bantam.ch\/de\/produkt\/fahrradtraeger-elite-g2-one-bike\/#breadcrumb"},"inLanguage":"de","potentialAction":[{"@type":"ReadAction","target":["https:\/\/shop.bantam.ch\/de\/produkt\/fahrradtraeger-elite-g2-one-bike\/"]}]},{"@type":"ImageObject","inLanguage":"de","@id":"https:\/\/shop.bantam.ch\/de\/produkt\/fahrradtraeger-elite-g2-one-bike\/#primaryimage","url":"https:\/\/shop.bantam.ch\/wp-content\/uploads\/2023\/02\/994318511.jpg","contentUrl":"https:\/\/shop.bantam.ch\/wp-content\/uploads\/2023\/02\/994318511.jpg","width":659,"height":1000},{"@type":"BreadcrumbList","@id":"https:\/\/shop.bantam.ch\/de\/produkt\/fahrradtraeger-elite-g2-one-bike\/#breadcrumb","itemListElement":[{"@type":"ListItem","position":1,"name":"Accueil","item":"https:\/\/shop.bantam.ch\/de\/"},{"@type":"ListItem","position":2,"name":"Shop","item":"https:\/\/shop.bantam.ch\/de\/shop\/"},{"@type":"ListItem","position":3,"name":"Fahrradtr\u00e4ger THULE Elite G2 One Bike Traglast 30 kg"}]},{"@type":"WebSite","@id":"https:\/\/shop.bantam.ch\/de\/#website","url":"https:\/\/shop.bantam.ch\/de\/","name":"Bantam Camping AG","description":"","publisher":{"@id":"https:\/\/shop.bantam.ch\/de\/#organization"},"inLanguage":"de"},{"@type":"Organization","@id":"https:\/\/shop.bantam.ch\/de\/#organization","name":"Bantam Camping AG","url":"https:\/\/shop.bantam.ch\/de\/","logo":{"@type":"ImageObject","inLanguage":"de","@id":"https:\/\/shop.bantam.ch\/de\/#\/schema\/logo\/image\/","url":"https:\/\/shop.bantam.ch\/wp-content\/uploads\/2022\/12\/bantam-logo.png","contentUrl":"https:\/\/shop.bantam.ch\/wp-content\/uploads\/2022\/12\/bantam-logo.png","width":320,"height":71,"caption":"Bantam Camping AG"},"image":{"@id":"https:\/\/shop.bantam.ch\/de\/#\/schema\/logo\/image\/"}}]}},"_links":{"self":[{"href":"https:\/\/shop.bantam.ch\/de\/wp-json\/wp\/v2\/product\/94012","targetHints":{"allow":["GET"]}}],"collection":[{"href":"https:\/\/shop.bantam.ch\/de\/wp-json\/wp\/v2\/product"}],"about":[{"href":"https:\/\/shop.bantam.ch\/de\/wp-json\/wp\/v2\/types\/product"}],"wp:featuredmedia":[{"embeddable":true,"href":"https:\/\/shop.bantam.ch\/de\/wp-json\/wp\/v2\/media\/94010"}],"wp:attachment":[{"href":"https:\/\/shop.bantam.ch\/de\/wp-json\/wp\/v2\/media?parent=94012"}],"wp:term":[{"taxonomy":"product_featured_cat","embeddable":true,"href":"https:\/\/shop.bantam.ch\/de\/wp-json\/wp\/v2\/product_featured_cat?post=94012"},{"taxonomy":"product_brand","embeddable":true,"href":"https:\/\/shop.bantam.ch\/de\/wp-json\/wp\/v2\/product_brand?post=94012"},{"taxonomy":"product_cat","embeddable":true,"href":"https:\/\/shop.bantam.ch\/de\/wp-json\/wp\/v2\/product_cat?post=94012"},{"taxonomy":"product_tag","embeddable":true,"href":"https:\/\/shop.bantam.ch\/de\/wp-json\/wp\/v2\/product_tag?post=94012"}],"curies":[{"name":"wp","href":"https:\/\/api.w.org\/{rel}","templated":true}]}}