{"id":93804,"date":"2023-02-28T04:32:52","date_gmt":"2023-02-28T03:32:52","guid":{"rendered":"http:\/\/shop.bantam.ch\/produit\/satfinder-sf-210\/"},"modified":"2026-04-19T21:29:31","modified_gmt":"2026-04-19T19:29:31","slug":"satfinder-sf-210","status":"publish","type":"product","link":"https:\/\/shop.bantam.ch\/de\/produkt\/satfinder-sf-210\/","title":{"rendered":"Satfinder MEGASAT SF-210"},"content":{"rendered":"<p>Der Satfinder besitzt eine digitale Signalanzeige zur Ausrichtung der Satellitenanlage. Mit der integrierten Hintergrundbeleuchtung des Displays kann die Anlage auch bei Dunkelheit eingestellt werden. Zus\u00e4tzlich bietet der Satfinder einen D\u00e4mpfungsregler, mit dem eine optimale Feinjustierung durchgef\u00fchrt werden kann. Mit der Buzzer-Funktion wird ein akkustisches Signal ert\u00f6nen, sobald Sie sich einem Satelliten n\u00e4hern.<\/p>\n<p>Eigenschaften:<\/p>\n<ul>\n<li>Akustische und digitale Pegelanzeige (Prozentanzeige)<\/li>\n<li>Digitales Display mit Hintergrundbeleuchtung (ein-\/ausschaltbar)<\/li>\n<li>D\u00e4mpfungsregler<\/li>\n<li>Buzzer Funktion (akkustisches Signal bei gefundenem Satelliten)<\/li>\n<li>Integrierter Kompass<\/li>\n<li>DC Stromversorgung vom Receiver<\/li>\n<li>Durchschleifung der LNB Versorgungsspannung (13-18 V DC)<\/li>\n<li>Eingangssignal min.: -40 dBm<\/li>\n<li>Eingangssignal max.: -10 dBm<\/li>\n<\/ul>\n<p>Lieferumfang:<br \/>Satfinder SF-210<br \/>20 cm Koaxialkabel (inkl. F-Stecker)<br \/>Bedienungsanleitung<\/p>\n","protected":false},"excerpt":{"rendered":"<p>Der Satfinder besitzt eine digitale Signalanzeige zur Ausrichtung der Satellitenanlage. Mit der integrierten Hintergrundbeleuchtung des Displays kann die Anlage auch bei Dunkelheit eingestellt werden. Zus\u00e4tzlich bietet der Satfinder einen D\u00e4mpfungsregler, mit dem eine optimale Feinjustierung durchgef\u00fchrt werden kann. Mit der Buzzer-Funktion wird ein akkustisches Signal ert\u00f6nen, sobald Sie sich einem Satelliten n\u00e4hern. Eigenschaften: Akustische und [&hellip;]<\/p>\n","protected":false},"featured_media":93802,"template":"","meta":{"_acf_changed":false},"product_featured_cat":[],"product_brand":[3201],"product_cat":[4526],"product_tag":[],"class_list":{"0":"post-93804","1":"product","2":"type-product","3":"status-publish","4":"has-post-thumbnail","6":"product_brand-megasat-de","7":"product_cat-sat-finder","9":"first","10":"instock","11":"taxable","12":"shipping-taxable","13":"purchasable","14":"product-type-simple"},"acf":[],"yoast_head":"<!-- This site is optimized with the Yoast SEO plugin v27.4 - https:\/\/yoast.com\/product\/yoast-seo-wordpress\/ -->\n<title>Satfinder MEGASAT SF-210 - Bantam Camping AG<\/title>\n<meta name=\"robots\" content=\"index, follow, max-snippet:-1, max-image-preview:large, max-video-preview:-1\" \/>\n<link rel=\"canonical\" href=\"https:\/\/shop.bantam.ch\/de\/produkt\/satfinder-sf-210\/\" \/>\n<meta property=\"og:locale\" content=\"de_DE\" \/>\n<meta property=\"og:type\" content=\"article\" \/>\n<meta property=\"og:title\" content=\"Satfinder MEGASAT SF-210 - Bantam Camping AG\" \/>\n<meta property=\"og:description\" content=\"Der Satfinder besitzt eine digitale Signalanzeige zur Ausrichtung der Satellitenanlage. Mit der integrierten Hintergrundbeleuchtung des Displays kann die Anlage auch bei Dunkelheit eingestellt werden. Zus\u00e4tzlich bietet der Satfinder einen D\u00e4mpfungsregler, mit dem eine optimale Feinjustierung durchgef\u00fchrt werden kann. Mit der Buzzer-Funktion wird ein akkustisches Signal ert\u00f6nen, sobald Sie sich einem Satelliten n\u00e4hern. Eigenschaften: Akustische und [&hellip;]\" \/>\n<meta property=\"og:url\" content=\"https:\/\/shop.bantam.ch\/de\/produkt\/satfinder-sf-210\/\" \/>\n<meta property=\"og:site_name\" content=\"Bantam Camping AG\" \/>\n<meta property=\"article:modified_time\" content=\"2026-04-19T19:29:31+00:00\" \/>\n<meta property=\"og:image\" content=\"https:\/\/shop.bantam.ch\/wp-content\/uploads\/2023\/02\/995570211.jpg\" \/>\n\t<meta property=\"og:image:width\" content=\"1000\" \/>\n\t<meta property=\"og:image:height\" content=\"657\" \/>\n\t<meta property=\"og:image:type\" content=\"image\/jpeg\" \/>\n<meta name=\"twitter:card\" content=\"summary_large_image\" \/>\n<meta name=\"twitter:label1\" content=\"Gesch\u00e4tzte Lesezeit\" \/>\n\t<meta name=\"twitter:data1\" content=\"1\u00a0Minute\" \/>\n<script type=\"application\/ld+json\" class=\"yoast-schema-graph\">{\"@context\":\"https:\\\/\\\/schema.org\",\"@graph\":[{\"@type\":\"WebPage\",\"@id\":\"https:\\\/\\\/shop.bantam.ch\\\/de\\\/produkt\\\/satfinder-sf-210\\\/\",\"url\":\"https:\\\/\\\/shop.bantam.ch\\\/de\\\/produkt\\\/satfinder-sf-210\\\/\",\"name\":\"Satfinder MEGASAT SF-210 - Bantam Camping AG\",\"isPartOf\":{\"@id\":\"https:\\\/\\\/shop.bantam.ch\\\/de\\\/#website\"},\"primaryImageOfPage\":{\"@id\":\"https:\\\/\\\/shop.bantam.ch\\\/de\\\/produkt\\\/satfinder-sf-210\\\/#primaryimage\"},\"image\":{\"@id\":\"https:\\\/\\\/shop.bantam.ch\\\/de\\\/produkt\\\/satfinder-sf-210\\\/#primaryimage\"},\"thumbnailUrl\":\"https:\\\/\\\/shop.bantam.ch\\\/wp-content\\\/uploads\\\/2023\\\/02\\\/995570211.jpg\",\"datePublished\":\"2023-02-28T03:32:52+00:00\",\"dateModified\":\"2026-04-19T19:29:31+00:00\",\"breadcrumb\":{\"@id\":\"https:\\\/\\\/shop.bantam.ch\\\/de\\\/produkt\\\/satfinder-sf-210\\\/#breadcrumb\"},\"inLanguage\":\"de\",\"potentialAction\":[{\"@type\":\"ReadAction\",\"target\":[\"https:\\\/\\\/shop.bantam.ch\\\/de\\\/produkt\\\/satfinder-sf-210\\\/\"]}]},{\"@type\":\"ImageObject\",\"inLanguage\":\"de\",\"@id\":\"https:\\\/\\\/shop.bantam.ch\\\/de\\\/produkt\\\/satfinder-sf-210\\\/#primaryimage\",\"url\":\"https:\\\/\\\/shop.bantam.ch\\\/wp-content\\\/uploads\\\/2023\\\/02\\\/995570211.jpg\",\"contentUrl\":\"https:\\\/\\\/shop.bantam.ch\\\/wp-content\\\/uploads\\\/2023\\\/02\\\/995570211.jpg\",\"width\":1000,\"height\":657},{\"@type\":\"BreadcrumbList\",\"@id\":\"https:\\\/\\\/shop.bantam.ch\\\/de\\\/produkt\\\/satfinder-sf-210\\\/#breadcrumb\",\"itemListElement\":[{\"@type\":\"ListItem\",\"position\":1,\"name\":\"Accueil\",\"item\":\"https:\\\/\\\/shop.bantam.ch\\\/de\\\/\"},{\"@type\":\"ListItem\",\"position\":2,\"name\":\"Shop\",\"item\":\"https:\\\/\\\/shop.bantam.ch\\\/de\\\/shop\\\/\"},{\"@type\":\"ListItem\",\"position\":3,\"name\":\"Satfinder MEGASAT SF-210\"}]},{\"@type\":\"WebSite\",\"@id\":\"https:\\\/\\\/shop.bantam.ch\\\/de\\\/#website\",\"url\":\"https:\\\/\\\/shop.bantam.ch\\\/de\\\/\",\"name\":\"Bantam Camping AG\",\"description\":\"\",\"publisher\":{\"@id\":\"https:\\\/\\\/shop.bantam.ch\\\/de\\\/#organization\"},\"inLanguage\":\"de\"},{\"@type\":\"Organization\",\"@id\":\"https:\\\/\\\/shop.bantam.ch\\\/de\\\/#organization\",\"name\":\"Bantam Camping AG\",\"url\":\"https:\\\/\\\/shop.bantam.ch\\\/de\\\/\",\"logo\":{\"@type\":\"ImageObject\",\"inLanguage\":\"de\",\"@id\":\"https:\\\/\\\/shop.bantam.ch\\\/de\\\/#\\\/schema\\\/logo\\\/image\\\/\",\"url\":\"https:\\\/\\\/shop.bantam.ch\\\/wp-content\\\/uploads\\\/2022\\\/12\\\/bantam-logo.png\",\"contentUrl\":\"https:\\\/\\\/shop.bantam.ch\\\/wp-content\\\/uploads\\\/2022\\\/12\\\/bantam-logo.png\",\"width\":320,\"height\":71,\"caption\":\"Bantam Camping AG\"},\"image\":{\"@id\":\"https:\\\/\\\/shop.bantam.ch\\\/de\\\/#\\\/schema\\\/logo\\\/image\\\/\"}}]}<\/script>\n<!-- \/ Yoast SEO plugin. -->","yoast_head_json":{"title":"Satfinder MEGASAT SF-210 - Bantam Camping AG","robots":{"index":"index","follow":"follow","max-snippet":"max-snippet:-1","max-image-preview":"max-image-preview:large","max-video-preview":"max-video-preview:-1"},"canonical":"https:\/\/shop.bantam.ch\/de\/produkt\/satfinder-sf-210\/","og_locale":"de_DE","og_type":"article","og_title":"Satfinder MEGASAT SF-210 - Bantam Camping AG","og_description":"Der Satfinder besitzt eine digitale Signalanzeige zur Ausrichtung der Satellitenanlage. Mit der integrierten Hintergrundbeleuchtung des Displays kann die Anlage auch bei Dunkelheit eingestellt werden. Zus\u00e4tzlich bietet der Satfinder einen D\u00e4mpfungsregler, mit dem eine optimale Feinjustierung durchgef\u00fchrt werden kann. Mit der Buzzer-Funktion wird ein akkustisches Signal ert\u00f6nen, sobald Sie sich einem Satelliten n\u00e4hern. Eigenschaften: Akustische und [&hellip;]","og_url":"https:\/\/shop.bantam.ch\/de\/produkt\/satfinder-sf-210\/","og_site_name":"Bantam Camping AG","article_modified_time":"2026-04-19T19:29:31+00:00","og_image":[{"width":1000,"height":657,"url":"https:\/\/shop.bantam.ch\/wp-content\/uploads\/2023\/02\/995570211.jpg","type":"image\/jpeg"}],"twitter_card":"summary_large_image","twitter_misc":{"Gesch\u00e4tzte Lesezeit":"1\u00a0Minute"},"schema":{"@context":"https:\/\/schema.org","@graph":[{"@type":"WebPage","@id":"https:\/\/shop.bantam.ch\/de\/produkt\/satfinder-sf-210\/","url":"https:\/\/shop.bantam.ch\/de\/produkt\/satfinder-sf-210\/","name":"Satfinder MEGASAT SF-210 - Bantam Camping AG","isPartOf":{"@id":"https:\/\/shop.bantam.ch\/de\/#website"},"primaryImageOfPage":{"@id":"https:\/\/shop.bantam.ch\/de\/produkt\/satfinder-sf-210\/#primaryimage"},"image":{"@id":"https:\/\/shop.bantam.ch\/de\/produkt\/satfinder-sf-210\/#primaryimage"},"thumbnailUrl":"https:\/\/shop.bantam.ch\/wp-content\/uploads\/2023\/02\/995570211.jpg","datePublished":"2023-02-28T03:32:52+00:00","dateModified":"2026-04-19T19:29:31+00:00","breadcrumb":{"@id":"https:\/\/shop.bantam.ch\/de\/produkt\/satfinder-sf-210\/#breadcrumb"},"inLanguage":"de","potentialAction":[{"@type":"ReadAction","target":["https:\/\/shop.bantam.ch\/de\/produkt\/satfinder-sf-210\/"]}]},{"@type":"ImageObject","inLanguage":"de","@id":"https:\/\/shop.bantam.ch\/de\/produkt\/satfinder-sf-210\/#primaryimage","url":"https:\/\/shop.bantam.ch\/wp-content\/uploads\/2023\/02\/995570211.jpg","contentUrl":"https:\/\/shop.bantam.ch\/wp-content\/uploads\/2023\/02\/995570211.jpg","width":1000,"height":657},{"@type":"BreadcrumbList","@id":"https:\/\/shop.bantam.ch\/de\/produkt\/satfinder-sf-210\/#breadcrumb","itemListElement":[{"@type":"ListItem","position":1,"name":"Accueil","item":"https:\/\/shop.bantam.ch\/de\/"},{"@type":"ListItem","position":2,"name":"Shop","item":"https:\/\/shop.bantam.ch\/de\/shop\/"},{"@type":"ListItem","position":3,"name":"Satfinder MEGASAT SF-210"}]},{"@type":"WebSite","@id":"https:\/\/shop.bantam.ch\/de\/#website","url":"https:\/\/shop.bantam.ch\/de\/","name":"Bantam Camping AG","description":"","publisher":{"@id":"https:\/\/shop.bantam.ch\/de\/#organization"},"inLanguage":"de"},{"@type":"Organization","@id":"https:\/\/shop.bantam.ch\/de\/#organization","name":"Bantam Camping AG","url":"https:\/\/shop.bantam.ch\/de\/","logo":{"@type":"ImageObject","inLanguage":"de","@id":"https:\/\/shop.bantam.ch\/de\/#\/schema\/logo\/image\/","url":"https:\/\/shop.bantam.ch\/wp-content\/uploads\/2022\/12\/bantam-logo.png","contentUrl":"https:\/\/shop.bantam.ch\/wp-content\/uploads\/2022\/12\/bantam-logo.png","width":320,"height":71,"caption":"Bantam Camping AG"},"image":{"@id":"https:\/\/shop.bantam.ch\/de\/#\/schema\/logo\/image\/"}}]}},"_links":{"self":[{"href":"https:\/\/shop.bantam.ch\/de\/wp-json\/wp\/v2\/product\/93804","targetHints":{"allow":["GET"]}}],"collection":[{"href":"https:\/\/shop.bantam.ch\/de\/wp-json\/wp\/v2\/product"}],"about":[{"href":"https:\/\/shop.bantam.ch\/de\/wp-json\/wp\/v2\/types\/product"}],"wp:featuredmedia":[{"embeddable":true,"href":"https:\/\/shop.bantam.ch\/de\/wp-json\/wp\/v2\/media\/93802"}],"wp:attachment":[{"href":"https:\/\/shop.bantam.ch\/de\/wp-json\/wp\/v2\/media?parent=93804"}],"wp:term":[{"taxonomy":"product_featured_cat","embeddable":true,"href":"https:\/\/shop.bantam.ch\/de\/wp-json\/wp\/v2\/product_featured_cat?post=93804"},{"taxonomy":"product_brand","embeddable":true,"href":"https:\/\/shop.bantam.ch\/de\/wp-json\/wp\/v2\/product_brand?post=93804"},{"taxonomy":"product_cat","embeddable":true,"href":"https:\/\/shop.bantam.ch\/de\/wp-json\/wp\/v2\/product_cat?post=93804"},{"taxonomy":"product_tag","embeddable":true,"href":"https:\/\/shop.bantam.ch\/de\/wp-json\/wp\/v2\/product_tag?post=93804"}],"curies":[{"name":"wp","href":"https:\/\/api.w.org\/{rel}","templated":true}]}}