{"id":93794,"date":"2023-02-28T04:32:40","date_gmt":"2023-02-28T03:32:40","guid":{"rendered":"http:\/\/shop.bantam.ch\/produit\/dvb-t-antenne-t4\/"},"modified":"2026-04-19T21:29:30","modified_gmt":"2026-04-19T19:29:30","slug":"dvb-t-antenne-t4","status":"publish","type":"product","link":"https:\/\/shop.bantam.ch\/de\/produkt\/dvb-t-antenne-t4\/","title":{"rendered":"DVB-T Antenne T4 MEGASAT"},"content":{"rendered":"<p>Die Rundstrahlantenne T4 von Megasat ist f\u00fcr den Empfang von VHF-, UHF- und FM-Signalen geeignet &#8211; egal in welche Richtung Sie unterwegs sind. Der eingebaute Low-Noise-Verst\u00e4rker sorgt f\u00fcr den besten Empfang. Der Betrieb ist mit allen herk\u00f6mmlichen SD- oder HD-DVB-T-Receivern m\u00f6glich. Das wasserdichte und UV-best\u00e4ndige Geh\u00e4use in Verbindung mit der speziellen Oberfl\u00e4chenbeschichtung h\u00e4lt auch den st\u00e4rksten Witterungsbedingungen stand. Der beste terrestrische Empfang f\u00fcr alle Boote, Caravans und Wohnmobile.<\/p>\n<p>Eigenschaften:<\/p>\n<ul>\n<li>Frequenzbereich: UHF 174 &#8211; 230 Mhz \/ VHF 470 &#8211; 790 Mhz<\/li>\n<li>Empfangsbereich: FM \/ VHF \/ UHF \/ DAB \/ DAB+<\/li>\n<li>Verst\u00e4rkung passiv: 20 &#8211; 33 dB (max. 44 dB)<\/li>\n<li>Antennenkabel: 6 m (75 \u00ce\u00a9)<\/li>\n<li>5 Volt Spannungsversorgung \u00fcber KFZ-Adapter \/ USB Adapter \/ Receiver<\/li>\n<\/ul>\n<p>Lieferumfang:<br \/>Megasat T4<br \/>Standfu\u00df<br \/>Masthalterung inkl. Mastschelle<br \/>Koaxialkabel inkl. Koax-Stecker (1,5 m)<br \/>Koaxialkabel inkl. F-Stecker (6 m)<br \/>12 Volt KFZ zu Koax Adapter<br \/>5 Volt USB zu Koax Adapter<br \/>Bedienungsanleitung<\/p>\n","protected":false},"excerpt":{"rendered":"<p>Die Rundstrahlantenne T4 von Megasat ist f\u00fcr den Empfang von VHF-, UHF- und FM-Signalen geeignet &#8211; egal in welche Richtung Sie unterwegs sind. Der eingebaute Low-Noise-Verst\u00e4rker sorgt f\u00fcr den besten Empfang. Der Betrieb ist mit allen herk\u00f6mmlichen SD- oder HD-DVB-T-Receivern m\u00f6glich. Das wasserdichte und UV-best\u00e4ndige Geh\u00e4use in Verbindung mit der speziellen Oberfl\u00e4chenbeschichtung h\u00e4lt auch den [&hellip;]<\/p>\n","protected":false},"featured_media":93790,"template":"","meta":{"_acf_changed":false},"product_featured_cat":[],"product_brand":[3201],"product_cat":[4990],"product_tag":[],"class_list":{"0":"post-93794","1":"product","2":"type-product","3":"status-publish","4":"has-post-thumbnail","6":"product_brand-megasat-de","7":"product_cat-antennen","9":"first","10":"instock","11":"taxable","12":"shipping-taxable","13":"purchasable","14":"product-type-simple"},"acf":[],"yoast_head":"<!-- This site is optimized with the Yoast SEO plugin v27.4 - https:\/\/yoast.com\/product\/yoast-seo-wordpress\/ -->\n<title>DVB-T Antenne T4 MEGASAT - Bantam Camping AG<\/title>\n<meta name=\"robots\" content=\"index, follow, max-snippet:-1, max-image-preview:large, max-video-preview:-1\" \/>\n<link rel=\"canonical\" href=\"https:\/\/shop.bantam.ch\/de\/produkt\/dvb-t-antenne-t4\/\" \/>\n<meta property=\"og:locale\" content=\"de_DE\" \/>\n<meta property=\"og:type\" content=\"article\" \/>\n<meta property=\"og:title\" content=\"DVB-T Antenne T4 MEGASAT - Bantam Camping AG\" \/>\n<meta property=\"og:description\" content=\"Die Rundstrahlantenne T4 von Megasat ist f\u00fcr den Empfang von VHF-, UHF- und FM-Signalen geeignet &#8211; egal in welche Richtung Sie unterwegs sind. Der eingebaute Low-Noise-Verst\u00e4rker sorgt f\u00fcr den besten Empfang. Der Betrieb ist mit allen herk\u00f6mmlichen SD- oder HD-DVB-T-Receivern m\u00f6glich. Das wasserdichte und UV-best\u00e4ndige Geh\u00e4use in Verbindung mit der speziellen Oberfl\u00e4chenbeschichtung h\u00e4lt auch den [&hellip;]\" \/>\n<meta property=\"og:url\" content=\"https:\/\/shop.bantam.ch\/de\/produkt\/dvb-t-antenne-t4\/\" \/>\n<meta property=\"og:site_name\" content=\"Bantam Camping AG\" \/>\n<meta property=\"article:modified_time\" content=\"2026-04-19T19:29:30+00:00\" \/>\n<meta property=\"og:image\" content=\"https:\/\/shop.bantam.ch\/wp-content\/uploads\/2023\/02\/995570011.jpg\" \/>\n\t<meta property=\"og:image:width\" content=\"1000\" \/>\n\t<meta property=\"og:image:height\" content=\"525\" \/>\n\t<meta property=\"og:image:type\" content=\"image\/jpeg\" \/>\n<meta name=\"twitter:card\" content=\"summary_large_image\" \/>\n<meta name=\"twitter:label1\" content=\"Gesch\u00e4tzte Lesezeit\" \/>\n\t<meta name=\"twitter:data1\" content=\"1\u00a0Minute\" \/>\n<script type=\"application\/ld+json\" class=\"yoast-schema-graph\">{\"@context\":\"https:\\\/\\\/schema.org\",\"@graph\":[{\"@type\":\"WebPage\",\"@id\":\"https:\\\/\\\/shop.bantam.ch\\\/de\\\/produkt\\\/dvb-t-antenne-t4\\\/\",\"url\":\"https:\\\/\\\/shop.bantam.ch\\\/de\\\/produkt\\\/dvb-t-antenne-t4\\\/\",\"name\":\"DVB-T Antenne T4 MEGASAT - Bantam Camping AG\",\"isPartOf\":{\"@id\":\"https:\\\/\\\/shop.bantam.ch\\\/de\\\/#website\"},\"primaryImageOfPage\":{\"@id\":\"https:\\\/\\\/shop.bantam.ch\\\/de\\\/produkt\\\/dvb-t-antenne-t4\\\/#primaryimage\"},\"image\":{\"@id\":\"https:\\\/\\\/shop.bantam.ch\\\/de\\\/produkt\\\/dvb-t-antenne-t4\\\/#primaryimage\"},\"thumbnailUrl\":\"https:\\\/\\\/shop.bantam.ch\\\/wp-content\\\/uploads\\\/2023\\\/02\\\/995570011.jpg\",\"datePublished\":\"2023-02-28T03:32:40+00:00\",\"dateModified\":\"2026-04-19T19:29:30+00:00\",\"breadcrumb\":{\"@id\":\"https:\\\/\\\/shop.bantam.ch\\\/de\\\/produkt\\\/dvb-t-antenne-t4\\\/#breadcrumb\"},\"inLanguage\":\"de\",\"potentialAction\":[{\"@type\":\"ReadAction\",\"target\":[\"https:\\\/\\\/shop.bantam.ch\\\/de\\\/produkt\\\/dvb-t-antenne-t4\\\/\"]}]},{\"@type\":\"ImageObject\",\"inLanguage\":\"de\",\"@id\":\"https:\\\/\\\/shop.bantam.ch\\\/de\\\/produkt\\\/dvb-t-antenne-t4\\\/#primaryimage\",\"url\":\"https:\\\/\\\/shop.bantam.ch\\\/wp-content\\\/uploads\\\/2023\\\/02\\\/995570011.jpg\",\"contentUrl\":\"https:\\\/\\\/shop.bantam.ch\\\/wp-content\\\/uploads\\\/2023\\\/02\\\/995570011.jpg\",\"width\":1000,\"height\":525},{\"@type\":\"BreadcrumbList\",\"@id\":\"https:\\\/\\\/shop.bantam.ch\\\/de\\\/produkt\\\/dvb-t-antenne-t4\\\/#breadcrumb\",\"itemListElement\":[{\"@type\":\"ListItem\",\"position\":1,\"name\":\"Accueil\",\"item\":\"https:\\\/\\\/shop.bantam.ch\\\/de\\\/\"},{\"@type\":\"ListItem\",\"position\":2,\"name\":\"Shop\",\"item\":\"https:\\\/\\\/shop.bantam.ch\\\/de\\\/shop\\\/\"},{\"@type\":\"ListItem\",\"position\":3,\"name\":\"DVB-T Antenne T4 MEGASAT\"}]},{\"@type\":\"WebSite\",\"@id\":\"https:\\\/\\\/shop.bantam.ch\\\/de\\\/#website\",\"url\":\"https:\\\/\\\/shop.bantam.ch\\\/de\\\/\",\"name\":\"Bantam Camping AG\",\"description\":\"\",\"publisher\":{\"@id\":\"https:\\\/\\\/shop.bantam.ch\\\/de\\\/#organization\"},\"inLanguage\":\"de\"},{\"@type\":\"Organization\",\"@id\":\"https:\\\/\\\/shop.bantam.ch\\\/de\\\/#organization\",\"name\":\"Bantam Camping AG\",\"url\":\"https:\\\/\\\/shop.bantam.ch\\\/de\\\/\",\"logo\":{\"@type\":\"ImageObject\",\"inLanguage\":\"de\",\"@id\":\"https:\\\/\\\/shop.bantam.ch\\\/de\\\/#\\\/schema\\\/logo\\\/image\\\/\",\"url\":\"https:\\\/\\\/shop.bantam.ch\\\/wp-content\\\/uploads\\\/2022\\\/12\\\/bantam-logo.png\",\"contentUrl\":\"https:\\\/\\\/shop.bantam.ch\\\/wp-content\\\/uploads\\\/2022\\\/12\\\/bantam-logo.png\",\"width\":320,\"height\":71,\"caption\":\"Bantam Camping AG\"},\"image\":{\"@id\":\"https:\\\/\\\/shop.bantam.ch\\\/de\\\/#\\\/schema\\\/logo\\\/image\\\/\"}}]}<\/script>\n<!-- \/ Yoast SEO plugin. -->","yoast_head_json":{"title":"DVB-T Antenne T4 MEGASAT - Bantam Camping AG","robots":{"index":"index","follow":"follow","max-snippet":"max-snippet:-1","max-image-preview":"max-image-preview:large","max-video-preview":"max-video-preview:-1"},"canonical":"https:\/\/shop.bantam.ch\/de\/produkt\/dvb-t-antenne-t4\/","og_locale":"de_DE","og_type":"article","og_title":"DVB-T Antenne T4 MEGASAT - Bantam Camping AG","og_description":"Die Rundstrahlantenne T4 von Megasat ist f\u00fcr den Empfang von VHF-, UHF- und FM-Signalen geeignet &#8211; egal in welche Richtung Sie unterwegs sind. Der eingebaute Low-Noise-Verst\u00e4rker sorgt f\u00fcr den besten Empfang. Der Betrieb ist mit allen herk\u00f6mmlichen SD- oder HD-DVB-T-Receivern m\u00f6glich. Das wasserdichte und UV-best\u00e4ndige Geh\u00e4use in Verbindung mit der speziellen Oberfl\u00e4chenbeschichtung h\u00e4lt auch den [&hellip;]","og_url":"https:\/\/shop.bantam.ch\/de\/produkt\/dvb-t-antenne-t4\/","og_site_name":"Bantam Camping AG","article_modified_time":"2026-04-19T19:29:30+00:00","og_image":[{"width":1000,"height":525,"url":"https:\/\/shop.bantam.ch\/wp-content\/uploads\/2023\/02\/995570011.jpg","type":"image\/jpeg"}],"twitter_card":"summary_large_image","twitter_misc":{"Gesch\u00e4tzte Lesezeit":"1\u00a0Minute"},"schema":{"@context":"https:\/\/schema.org","@graph":[{"@type":"WebPage","@id":"https:\/\/shop.bantam.ch\/de\/produkt\/dvb-t-antenne-t4\/","url":"https:\/\/shop.bantam.ch\/de\/produkt\/dvb-t-antenne-t4\/","name":"DVB-T Antenne T4 MEGASAT - Bantam Camping AG","isPartOf":{"@id":"https:\/\/shop.bantam.ch\/de\/#website"},"primaryImageOfPage":{"@id":"https:\/\/shop.bantam.ch\/de\/produkt\/dvb-t-antenne-t4\/#primaryimage"},"image":{"@id":"https:\/\/shop.bantam.ch\/de\/produkt\/dvb-t-antenne-t4\/#primaryimage"},"thumbnailUrl":"https:\/\/shop.bantam.ch\/wp-content\/uploads\/2023\/02\/995570011.jpg","datePublished":"2023-02-28T03:32:40+00:00","dateModified":"2026-04-19T19:29:30+00:00","breadcrumb":{"@id":"https:\/\/shop.bantam.ch\/de\/produkt\/dvb-t-antenne-t4\/#breadcrumb"},"inLanguage":"de","potentialAction":[{"@type":"ReadAction","target":["https:\/\/shop.bantam.ch\/de\/produkt\/dvb-t-antenne-t4\/"]}]},{"@type":"ImageObject","inLanguage":"de","@id":"https:\/\/shop.bantam.ch\/de\/produkt\/dvb-t-antenne-t4\/#primaryimage","url":"https:\/\/shop.bantam.ch\/wp-content\/uploads\/2023\/02\/995570011.jpg","contentUrl":"https:\/\/shop.bantam.ch\/wp-content\/uploads\/2023\/02\/995570011.jpg","width":1000,"height":525},{"@type":"BreadcrumbList","@id":"https:\/\/shop.bantam.ch\/de\/produkt\/dvb-t-antenne-t4\/#breadcrumb","itemListElement":[{"@type":"ListItem","position":1,"name":"Accueil","item":"https:\/\/shop.bantam.ch\/de\/"},{"@type":"ListItem","position":2,"name":"Shop","item":"https:\/\/shop.bantam.ch\/de\/shop\/"},{"@type":"ListItem","position":3,"name":"DVB-T Antenne T4 MEGASAT"}]},{"@type":"WebSite","@id":"https:\/\/shop.bantam.ch\/de\/#website","url":"https:\/\/shop.bantam.ch\/de\/","name":"Bantam Camping AG","description":"","publisher":{"@id":"https:\/\/shop.bantam.ch\/de\/#organization"},"inLanguage":"de"},{"@type":"Organization","@id":"https:\/\/shop.bantam.ch\/de\/#organization","name":"Bantam Camping AG","url":"https:\/\/shop.bantam.ch\/de\/","logo":{"@type":"ImageObject","inLanguage":"de","@id":"https:\/\/shop.bantam.ch\/de\/#\/schema\/logo\/image\/","url":"https:\/\/shop.bantam.ch\/wp-content\/uploads\/2022\/12\/bantam-logo.png","contentUrl":"https:\/\/shop.bantam.ch\/wp-content\/uploads\/2022\/12\/bantam-logo.png","width":320,"height":71,"caption":"Bantam Camping AG"},"image":{"@id":"https:\/\/shop.bantam.ch\/de\/#\/schema\/logo\/image\/"}}]}},"_links":{"self":[{"href":"https:\/\/shop.bantam.ch\/de\/wp-json\/wp\/v2\/product\/93794","targetHints":{"allow":["GET"]}}],"collection":[{"href":"https:\/\/shop.bantam.ch\/de\/wp-json\/wp\/v2\/product"}],"about":[{"href":"https:\/\/shop.bantam.ch\/de\/wp-json\/wp\/v2\/types\/product"}],"wp:featuredmedia":[{"embeddable":true,"href":"https:\/\/shop.bantam.ch\/de\/wp-json\/wp\/v2\/media\/93790"}],"wp:attachment":[{"href":"https:\/\/shop.bantam.ch\/de\/wp-json\/wp\/v2\/media?parent=93794"}],"wp:term":[{"taxonomy":"product_featured_cat","embeddable":true,"href":"https:\/\/shop.bantam.ch\/de\/wp-json\/wp\/v2\/product_featured_cat?post=93794"},{"taxonomy":"product_brand","embeddable":true,"href":"https:\/\/shop.bantam.ch\/de\/wp-json\/wp\/v2\/product_brand?post=93794"},{"taxonomy":"product_cat","embeddable":true,"href":"https:\/\/shop.bantam.ch\/de\/wp-json\/wp\/v2\/product_cat?post=93794"},{"taxonomy":"product_tag","embeddable":true,"href":"https:\/\/shop.bantam.ch\/de\/wp-json\/wp\/v2\/product_tag?post=93794"}],"curies":[{"name":"wp","href":"https:\/\/api.w.org\/{rel}","templated":true}]}}