{"id":93357,"date":"2023-02-28T04:24:56","date_gmt":"2023-02-28T03:24:56","guid":{"rendered":"http:\/\/shop.bantam.ch\/produit\/erstausstatterpaket-movera\/"},"modified":"2026-04-18T22:47:25","modified_gmt":"2026-04-18T20:47:25","slug":"erstausstatterpaket-movera","status":"publish","type":"product","link":"https:\/\/shop.bantam.ch\/de\/produkt\/erstausstatterpaket-movera\/","title":{"rendered":"Erstausstatterpaket Movera"},"content":{"rendered":"<p>Lieferumfang:<\/p>\n<ul>\n<li>Inklusive Auffahrkeil Level System Magnum. 1-stufig, stapelbar. Ma\u00dfe 50 x 9 x 20 cm (B x H x T), Gewicht je 1,3 kg. Lieferumfang 2 St\u00fcck. Traglast 8.000 kg pro Achse<\/li>\n<li>F\u00fcllstandsanzeiger Gaslevel Classic. Geeignet f\u00fcr 5 kg, 11 kg und 33 kg Propan-\/Butangasflaschen. Je nach F\u00fcllstand wechselt die Signalleuchte von rot auf gr\u00fcn<\/li>\n<li>Set bestehend aus: CEE-Stecker auf Schukokupplung, 0,5 m; 3 x 2,5 mm\u00b2, Ausf\u00fchrung ohne Kontrolleuchte. CEE-Kupplung auf Schukostecker 0,35 m und 3 x 2,5 mm\u00b2, Ausf\u00fchrung mit Kontrolleuchte<\/li>\n<li>Wasserwaage magnetisch<\/li>\n<li>Uni-Gewebeband, 50 m x 48 mm, silber<\/li>\n<li>Toilettenpapier Aqua Soft. Extraweiches Toilettenpapier, das sich schnell aufl\u00f6st. Verhindert Verstopfen und erleichtert das Entleeren des F\u00e4kalientanks. Inhalt 4 Rollen<\/li>\n<li>Sanit\u00e4rzusatz Power Care Tabs. Tabs in selbstaufl\u00f6sender Folie. Hochwirksamer Zusatz f\u00fcr den F\u00e4kalientank. Inhalt 16 St\u00fcck<\/li>\n<li>Trinkwasserkonservierung Micropur Classic Fl\u00fcssig 1.000F* Inhalt 100 ml Dosierung 1 ml auf 10 Liter<\/li>\n<li>Soft-Ball f\u00fcr 50 mm Kugel, schwarz<\/li>\n<li>Deichselschutzhaube Movera, Gr. 12, hellgrau<\/li>\n<\/ul>\n","protected":false},"excerpt":{"rendered":"<p>Lieferumfang: Inklusive Auffahrkeil Level System Magnum. 1-stufig, stapelbar. Ma\u00dfe 50 x 9 x 20 cm (B x H x T), Gewicht je 1,3 kg. Lieferumfang 2 St\u00fcck. Traglast 8.000 kg pro Achse F\u00fcllstandsanzeiger Gaslevel Classic. Geeignet f\u00fcr 5 kg, 11 kg und 33 kg Propan-\/Butangasflaschen. Je nach F\u00fcllstand wechselt die Signalleuchte von rot auf gr\u00fcn [&hellip;]<\/p>\n","protected":false},"featured_media":93346,"template":"","meta":{"_acf_changed":false},"product_featured_cat":[5301,5302],"product_brand":[3033],"product_cat":[4830],"product_tag":[],"class_list":{"0":"post-93357","1":"product","2":"type-product","3":"status-publish","4":"has-post-thumbnail","6":"product_featured_cat-promotions-etagnieres-fr","7":"product_featured_cat-sonderangebote-hindelbank-urdorf","8":"product_brand-standard-de","9":"product_cat-wohnwagentechnik-zubehoer","11":"first","12":"instock","13":"sale","14":"taxable","15":"shipping-taxable","16":"purchasable","17":"product-type-variable"},"acf":[],"yoast_head":"<!-- This site is optimized with the Yoast SEO plugin v27.4 - https:\/\/yoast.com\/product\/yoast-seo-wordpress\/ -->\n<title>Erstausstatterpaket Movera - Bantam Camping AG<\/title>\n<meta name=\"robots\" content=\"index, follow, max-snippet:-1, max-image-preview:large, max-video-preview:-1\" \/>\n<link rel=\"canonical\" href=\"https:\/\/shop.bantam.ch\/de\/produkt\/erstausstatterpaket-movera\/\" \/>\n<meta property=\"og:locale\" content=\"de_DE\" \/>\n<meta property=\"og:type\" content=\"article\" \/>\n<meta property=\"og:title\" content=\"Erstausstatterpaket Movera - Bantam Camping AG\" \/>\n<meta property=\"og:description\" content=\"Lieferumfang: Inklusive Auffahrkeil Level System Magnum. 1-stufig, stapelbar. Ma\u00dfe 50 x 9 x 20 cm (B x H x T), Gewicht je 1,3 kg. Lieferumfang 2 St\u00fcck. Traglast 8.000 kg pro Achse F\u00fcllstandsanzeiger Gaslevel Classic. Geeignet f\u00fcr 5 kg, 11 kg und 33 kg Propan-\/Butangasflaschen. Je nach F\u00fcllstand wechselt die Signalleuchte von rot auf gr\u00fcn [&hellip;]\" \/>\n<meta property=\"og:url\" content=\"https:\/\/shop.bantam.ch\/de\/produkt\/erstausstatterpaket-movera\/\" \/>\n<meta property=\"og:site_name\" content=\"Bantam Camping AG\" \/>\n<meta property=\"article:modified_time\" content=\"2026-04-18T20:47:25+00:00\" \/>\n<meta property=\"og:image\" content=\"https:\/\/shop.bantam.ch\/wp-content\/uploads\/2023\/02\/9948805100.jpg\" \/>\n\t<meta property=\"og:image:width\" content=\"1000\" \/>\n\t<meta property=\"og:image:height\" content=\"853\" \/>\n\t<meta property=\"og:image:type\" content=\"image\/jpeg\" \/>\n<meta name=\"twitter:card\" content=\"summary_large_image\" \/>\n<meta name=\"twitter:label1\" content=\"Gesch\u00e4tzte Lesezeit\" \/>\n\t<meta name=\"twitter:data1\" content=\"1\u00a0Minute\" \/>\n<script type=\"application\/ld+json\" class=\"yoast-schema-graph\">{\"@context\":\"https:\\\/\\\/schema.org\",\"@graph\":[{\"@type\":\"WebPage\",\"@id\":\"https:\\\/\\\/shop.bantam.ch\\\/de\\\/produkt\\\/erstausstatterpaket-movera\\\/\",\"url\":\"https:\\\/\\\/shop.bantam.ch\\\/de\\\/produkt\\\/erstausstatterpaket-movera\\\/\",\"name\":\"Erstausstatterpaket Movera - Bantam Camping AG\",\"isPartOf\":{\"@id\":\"https:\\\/\\\/shop.bantam.ch\\\/de\\\/#website\"},\"primaryImageOfPage\":{\"@id\":\"https:\\\/\\\/shop.bantam.ch\\\/de\\\/produkt\\\/erstausstatterpaket-movera\\\/#primaryimage\"},\"image\":{\"@id\":\"https:\\\/\\\/shop.bantam.ch\\\/de\\\/produkt\\\/erstausstatterpaket-movera\\\/#primaryimage\"},\"thumbnailUrl\":\"https:\\\/\\\/shop.bantam.ch\\\/wp-content\\\/uploads\\\/2023\\\/02\\\/9948805100.jpg\",\"datePublished\":\"2023-02-28T03:24:56+00:00\",\"dateModified\":\"2026-04-18T20:47:25+00:00\",\"breadcrumb\":{\"@id\":\"https:\\\/\\\/shop.bantam.ch\\\/de\\\/produkt\\\/erstausstatterpaket-movera\\\/#breadcrumb\"},\"inLanguage\":\"de\",\"potentialAction\":[{\"@type\":\"ReadAction\",\"target\":[\"https:\\\/\\\/shop.bantam.ch\\\/de\\\/produkt\\\/erstausstatterpaket-movera\\\/\"]}]},{\"@type\":\"ImageObject\",\"inLanguage\":\"de\",\"@id\":\"https:\\\/\\\/shop.bantam.ch\\\/de\\\/produkt\\\/erstausstatterpaket-movera\\\/#primaryimage\",\"url\":\"https:\\\/\\\/shop.bantam.ch\\\/wp-content\\\/uploads\\\/2023\\\/02\\\/9948805100.jpg\",\"contentUrl\":\"https:\\\/\\\/shop.bantam.ch\\\/wp-content\\\/uploads\\\/2023\\\/02\\\/9948805100.jpg\",\"width\":1000,\"height\":853},{\"@type\":\"BreadcrumbList\",\"@id\":\"https:\\\/\\\/shop.bantam.ch\\\/de\\\/produkt\\\/erstausstatterpaket-movera\\\/#breadcrumb\",\"itemListElement\":[{\"@type\":\"ListItem\",\"position\":1,\"name\":\"Accueil\",\"item\":\"https:\\\/\\\/shop.bantam.ch\\\/de\\\/\"},{\"@type\":\"ListItem\",\"position\":2,\"name\":\"Shop\",\"item\":\"https:\\\/\\\/shop.bantam.ch\\\/de\\\/shop\\\/\"},{\"@type\":\"ListItem\",\"position\":3,\"name\":\"Erstausstatterpaket Movera\"}]},{\"@type\":\"WebSite\",\"@id\":\"https:\\\/\\\/shop.bantam.ch\\\/de\\\/#website\",\"url\":\"https:\\\/\\\/shop.bantam.ch\\\/de\\\/\",\"name\":\"Bantam Camping AG\",\"description\":\"\",\"publisher\":{\"@id\":\"https:\\\/\\\/shop.bantam.ch\\\/de\\\/#organization\"},\"inLanguage\":\"de\"},{\"@type\":\"Organization\",\"@id\":\"https:\\\/\\\/shop.bantam.ch\\\/de\\\/#organization\",\"name\":\"Bantam Camping AG\",\"url\":\"https:\\\/\\\/shop.bantam.ch\\\/de\\\/\",\"logo\":{\"@type\":\"ImageObject\",\"inLanguage\":\"de\",\"@id\":\"https:\\\/\\\/shop.bantam.ch\\\/de\\\/#\\\/schema\\\/logo\\\/image\\\/\",\"url\":\"https:\\\/\\\/shop.bantam.ch\\\/wp-content\\\/uploads\\\/2022\\\/12\\\/bantam-logo.png\",\"contentUrl\":\"https:\\\/\\\/shop.bantam.ch\\\/wp-content\\\/uploads\\\/2022\\\/12\\\/bantam-logo.png\",\"width\":320,\"height\":71,\"caption\":\"Bantam Camping AG\"},\"image\":{\"@id\":\"https:\\\/\\\/shop.bantam.ch\\\/de\\\/#\\\/schema\\\/logo\\\/image\\\/\"}}]}<\/script>\n<!-- \/ Yoast SEO plugin. -->","yoast_head_json":{"title":"Erstausstatterpaket Movera - Bantam Camping AG","robots":{"index":"index","follow":"follow","max-snippet":"max-snippet:-1","max-image-preview":"max-image-preview:large","max-video-preview":"max-video-preview:-1"},"canonical":"https:\/\/shop.bantam.ch\/de\/produkt\/erstausstatterpaket-movera\/","og_locale":"de_DE","og_type":"article","og_title":"Erstausstatterpaket Movera - Bantam Camping AG","og_description":"Lieferumfang: Inklusive Auffahrkeil Level System Magnum. 1-stufig, stapelbar. Ma\u00dfe 50 x 9 x 20 cm (B x H x T), Gewicht je 1,3 kg. Lieferumfang 2 St\u00fcck. Traglast 8.000 kg pro Achse F\u00fcllstandsanzeiger Gaslevel Classic. Geeignet f\u00fcr 5 kg, 11 kg und 33 kg Propan-\/Butangasflaschen. Je nach F\u00fcllstand wechselt die Signalleuchte von rot auf gr\u00fcn [&hellip;]","og_url":"https:\/\/shop.bantam.ch\/de\/produkt\/erstausstatterpaket-movera\/","og_site_name":"Bantam Camping AG","article_modified_time":"2026-04-18T20:47:25+00:00","og_image":[{"width":1000,"height":853,"url":"https:\/\/shop.bantam.ch\/wp-content\/uploads\/2023\/02\/9948805100.jpg","type":"image\/jpeg"}],"twitter_card":"summary_large_image","twitter_misc":{"Gesch\u00e4tzte Lesezeit":"1\u00a0Minute"},"schema":{"@context":"https:\/\/schema.org","@graph":[{"@type":"WebPage","@id":"https:\/\/shop.bantam.ch\/de\/produkt\/erstausstatterpaket-movera\/","url":"https:\/\/shop.bantam.ch\/de\/produkt\/erstausstatterpaket-movera\/","name":"Erstausstatterpaket Movera - Bantam Camping AG","isPartOf":{"@id":"https:\/\/shop.bantam.ch\/de\/#website"},"primaryImageOfPage":{"@id":"https:\/\/shop.bantam.ch\/de\/produkt\/erstausstatterpaket-movera\/#primaryimage"},"image":{"@id":"https:\/\/shop.bantam.ch\/de\/produkt\/erstausstatterpaket-movera\/#primaryimage"},"thumbnailUrl":"https:\/\/shop.bantam.ch\/wp-content\/uploads\/2023\/02\/9948805100.jpg","datePublished":"2023-02-28T03:24:56+00:00","dateModified":"2026-04-18T20:47:25+00:00","breadcrumb":{"@id":"https:\/\/shop.bantam.ch\/de\/produkt\/erstausstatterpaket-movera\/#breadcrumb"},"inLanguage":"de","potentialAction":[{"@type":"ReadAction","target":["https:\/\/shop.bantam.ch\/de\/produkt\/erstausstatterpaket-movera\/"]}]},{"@type":"ImageObject","inLanguage":"de","@id":"https:\/\/shop.bantam.ch\/de\/produkt\/erstausstatterpaket-movera\/#primaryimage","url":"https:\/\/shop.bantam.ch\/wp-content\/uploads\/2023\/02\/9948805100.jpg","contentUrl":"https:\/\/shop.bantam.ch\/wp-content\/uploads\/2023\/02\/9948805100.jpg","width":1000,"height":853},{"@type":"BreadcrumbList","@id":"https:\/\/shop.bantam.ch\/de\/produkt\/erstausstatterpaket-movera\/#breadcrumb","itemListElement":[{"@type":"ListItem","position":1,"name":"Accueil","item":"https:\/\/shop.bantam.ch\/de\/"},{"@type":"ListItem","position":2,"name":"Shop","item":"https:\/\/shop.bantam.ch\/de\/shop\/"},{"@type":"ListItem","position":3,"name":"Erstausstatterpaket Movera"}]},{"@type":"WebSite","@id":"https:\/\/shop.bantam.ch\/de\/#website","url":"https:\/\/shop.bantam.ch\/de\/","name":"Bantam Camping AG","description":"","publisher":{"@id":"https:\/\/shop.bantam.ch\/de\/#organization"},"inLanguage":"de"},{"@type":"Organization","@id":"https:\/\/shop.bantam.ch\/de\/#organization","name":"Bantam Camping AG","url":"https:\/\/shop.bantam.ch\/de\/","logo":{"@type":"ImageObject","inLanguage":"de","@id":"https:\/\/shop.bantam.ch\/de\/#\/schema\/logo\/image\/","url":"https:\/\/shop.bantam.ch\/wp-content\/uploads\/2022\/12\/bantam-logo.png","contentUrl":"https:\/\/shop.bantam.ch\/wp-content\/uploads\/2022\/12\/bantam-logo.png","width":320,"height":71,"caption":"Bantam Camping AG"},"image":{"@id":"https:\/\/shop.bantam.ch\/de\/#\/schema\/logo\/image\/"}}]}},"_links":{"self":[{"href":"https:\/\/shop.bantam.ch\/de\/wp-json\/wp\/v2\/product\/93357","targetHints":{"allow":["GET"]}}],"collection":[{"href":"https:\/\/shop.bantam.ch\/de\/wp-json\/wp\/v2\/product"}],"about":[{"href":"https:\/\/shop.bantam.ch\/de\/wp-json\/wp\/v2\/types\/product"}],"wp:featuredmedia":[{"embeddable":true,"href":"https:\/\/shop.bantam.ch\/de\/wp-json\/wp\/v2\/media\/93346"}],"wp:attachment":[{"href":"https:\/\/shop.bantam.ch\/de\/wp-json\/wp\/v2\/media?parent=93357"}],"wp:term":[{"taxonomy":"product_featured_cat","embeddable":true,"href":"https:\/\/shop.bantam.ch\/de\/wp-json\/wp\/v2\/product_featured_cat?post=93357"},{"taxonomy":"product_brand","embeddable":true,"href":"https:\/\/shop.bantam.ch\/de\/wp-json\/wp\/v2\/product_brand?post=93357"},{"taxonomy":"product_cat","embeddable":true,"href":"https:\/\/shop.bantam.ch\/de\/wp-json\/wp\/v2\/product_cat?post=93357"},{"taxonomy":"product_tag","embeddable":true,"href":"https:\/\/shop.bantam.ch\/de\/wp-json\/wp\/v2\/product_tag?post=93357"}],"curies":[{"name":"wp","href":"https:\/\/api.w.org\/{rel}","templated":true}]}}