{"id":93140,"date":"2023-02-28T04:21:24","date_gmt":"2023-02-28T03:21:24","guid":{"rendered":"http:\/\/shop.bantam.ch\/produit\/grill-partygrill-400-cv\/"},"modified":"2026-04-18T21:27:20","modified_gmt":"2026-04-18T19:27:20","slug":"grill-partygrill-400-cv","status":"publish","type":"product","link":"https:\/\/shop.bantam.ch\/de\/produkt\/grill-partygrill-400-cv\/","title":{"rendered":"Grill Camping Gaz PartyGrill 400 CV"},"content":{"rendered":"<p>Die Ger\u00e4te der Linie Party Grill sind eine multifunktionale Alternative zu traditionellen Kochern und kompakten Grillger\u00e4ten. Sie sind im Nu vom Kocher zum Grill umfunktioniert. Die Ausf\u00fchrungen f\u00fcr den Betrieb mit Propan-, Butangasflaschen oder Ventilkartuschen erh\u00e4ltlich.<\/p>\n<ul>\n<li>Easy Clic Plus System f\u00fcr einfaches Verbinden und Trennen der Gaskartusche bei CV Modellen<\/li>\n<li>Nicht f\u00fcr den Einsatz in geschlossenen R\u00e4umen geeignet<\/li>\n<li>Feinregulierbare Hitzezufuhr<\/li>\n<li>Kompaktes Packma\u00df, gesch\u00fctzer Transport<\/li>\n<li>Antihaftbeschichtete Grillplatte f\u00fcr einfache Reinigung<\/li>\n<li>Gasflasche nicht im Lieferumfang enthalten<\/li>\n<\/ul>\n<p>Lieferumfang:<br \/>Deckel mit Wokfunktion<br \/>Topfkreuz<br \/>wendbare Grill-und Kontaktgrillplatte<br \/>Grillrost<br \/>Tragetasche aus Polyester<br \/>ohne Gasschlauch und Gasregler<\/p>\n<ul>\n<li>Z\u00fcndung: Piezo im Kontrollknopf<\/li>\n<li>Gasart:\u00a0CV470+, CV300+<\/li>\n<li>Siedezeit f\u00fcr 1 l Wasser: 6 Minuten und 18 Sekunden<\/li>\n<li>Ma\u00dfe: (mit Standbeinen) 36 x 42 cm (\u00d8 x H)<\/li>\n<\/ul>\n","protected":false},"excerpt":{"rendered":"<p>Die Ger\u00e4te der Linie Party Grill sind eine multifunktionale Alternative zu traditionellen Kochern und kompakten Grillger\u00e4ten. Sie sind im Nu vom Kocher zum Grill umfunktioniert. Die Ausf\u00fchrungen f\u00fcr den Betrieb mit Propan-, Butangasflaschen oder Ventilkartuschen erh\u00e4ltlich. Easy Clic Plus System f\u00fcr einfaches Verbinden und Trennen der Gaskartusche bei CV Modellen Nicht f\u00fcr den Einsatz in [&hellip;]<\/p>\n","protected":false},"featured_media":93136,"template":"","meta":{"_acf_changed":false},"product_featured_cat":[],"product_brand":[3197],"product_cat":[4280],"product_tag":[],"class_list":{"0":"post-93140","1":"product","2":"type-product","3":"status-publish","4":"has-post-thumbnail","6":"product_brand-campingaz-de","7":"product_cat-gasgrills","9":"first","10":"instock","11":"sale","12":"taxable","13":"shipping-taxable","14":"purchasable","15":"product-type-simple"},"acf":[],"yoast_head":"<!-- This site is optimized with the Yoast SEO plugin v27.4 - https:\/\/yoast.com\/product\/yoast-seo-wordpress\/ -->\n<title>Grill Camping Gaz PartyGrill 400 CV - Bantam Camping AG<\/title>\n<meta name=\"robots\" content=\"index, follow, max-snippet:-1, max-image-preview:large, max-video-preview:-1\" \/>\n<link rel=\"canonical\" href=\"https:\/\/shop.bantam.ch\/de\/produkt\/grill-partygrill-400-cv\/\" \/>\n<meta property=\"og:locale\" content=\"de_DE\" \/>\n<meta property=\"og:type\" content=\"article\" \/>\n<meta property=\"og:title\" content=\"Grill Camping Gaz PartyGrill 400 CV - Bantam Camping AG\" \/>\n<meta property=\"og:description\" content=\"Die Ger\u00e4te der Linie Party Grill sind eine multifunktionale Alternative zu traditionellen Kochern und kompakten Grillger\u00e4ten. Sie sind im Nu vom Kocher zum Grill umfunktioniert. Die Ausf\u00fchrungen f\u00fcr den Betrieb mit Propan-, Butangasflaschen oder Ventilkartuschen erh\u00e4ltlich. Easy Clic Plus System f\u00fcr einfaches Verbinden und Trennen der Gaskartusche bei CV Modellen Nicht f\u00fcr den Einsatz in [&hellip;]\" \/>\n<meta property=\"og:url\" content=\"https:\/\/shop.bantam.ch\/de\/produkt\/grill-partygrill-400-cv\/\" \/>\n<meta property=\"og:site_name\" content=\"Bantam Camping AG\" \/>\n<meta property=\"article:modified_time\" content=\"2026-04-18T19:27:20+00:00\" \/>\n<meta property=\"og:image\" content=\"https:\/\/shop.bantam.ch\/wp-content\/uploads\/2023\/02\/9951397-100-1-3.jpg\" \/>\n\t<meta property=\"og:image:width\" content=\"497\" \/>\n\t<meta property=\"og:image:height\" content=\"1000\" \/>\n\t<meta property=\"og:image:type\" content=\"image\/jpeg\" \/>\n<meta name=\"twitter:card\" content=\"summary_large_image\" \/>\n<meta name=\"twitter:label1\" content=\"Gesch\u00e4tzte Lesezeit\" \/>\n\t<meta name=\"twitter:data1\" content=\"1\u00a0Minute\" \/>\n<script type=\"application\/ld+json\" class=\"yoast-schema-graph\">{\"@context\":\"https:\\\/\\\/schema.org\",\"@graph\":[{\"@type\":\"WebPage\",\"@id\":\"https:\\\/\\\/shop.bantam.ch\\\/de\\\/produkt\\\/grill-partygrill-400-cv\\\/\",\"url\":\"https:\\\/\\\/shop.bantam.ch\\\/de\\\/produkt\\\/grill-partygrill-400-cv\\\/\",\"name\":\"Grill Camping Gaz PartyGrill 400 CV - Bantam Camping AG\",\"isPartOf\":{\"@id\":\"https:\\\/\\\/shop.bantam.ch\\\/de\\\/#website\"},\"primaryImageOfPage\":{\"@id\":\"https:\\\/\\\/shop.bantam.ch\\\/de\\\/produkt\\\/grill-partygrill-400-cv\\\/#primaryimage\"},\"image\":{\"@id\":\"https:\\\/\\\/shop.bantam.ch\\\/de\\\/produkt\\\/grill-partygrill-400-cv\\\/#primaryimage\"},\"thumbnailUrl\":\"https:\\\/\\\/shop.bantam.ch\\\/wp-content\\\/uploads\\\/2023\\\/02\\\/9951397-100-1-3.jpg\",\"datePublished\":\"2023-02-28T03:21:24+00:00\",\"dateModified\":\"2026-04-18T19:27:20+00:00\",\"breadcrumb\":{\"@id\":\"https:\\\/\\\/shop.bantam.ch\\\/de\\\/produkt\\\/grill-partygrill-400-cv\\\/#breadcrumb\"},\"inLanguage\":\"de\",\"potentialAction\":[{\"@type\":\"ReadAction\",\"target\":[\"https:\\\/\\\/shop.bantam.ch\\\/de\\\/produkt\\\/grill-partygrill-400-cv\\\/\"]}]},{\"@type\":\"ImageObject\",\"inLanguage\":\"de\",\"@id\":\"https:\\\/\\\/shop.bantam.ch\\\/de\\\/produkt\\\/grill-partygrill-400-cv\\\/#primaryimage\",\"url\":\"https:\\\/\\\/shop.bantam.ch\\\/wp-content\\\/uploads\\\/2023\\\/02\\\/9951397-100-1-3.jpg\",\"contentUrl\":\"https:\\\/\\\/shop.bantam.ch\\\/wp-content\\\/uploads\\\/2023\\\/02\\\/9951397-100-1-3.jpg\",\"width\":497,\"height\":1000},{\"@type\":\"BreadcrumbList\",\"@id\":\"https:\\\/\\\/shop.bantam.ch\\\/de\\\/produkt\\\/grill-partygrill-400-cv\\\/#breadcrumb\",\"itemListElement\":[{\"@type\":\"ListItem\",\"position\":1,\"name\":\"Accueil\",\"item\":\"https:\\\/\\\/shop.bantam.ch\\\/de\\\/\"},{\"@type\":\"ListItem\",\"position\":2,\"name\":\"Shop\",\"item\":\"https:\\\/\\\/shop.bantam.ch\\\/de\\\/shop\\\/\"},{\"@type\":\"ListItem\",\"position\":3,\"name\":\"Grill Camping Gaz PartyGrill 400 CV\"}]},{\"@type\":\"WebSite\",\"@id\":\"https:\\\/\\\/shop.bantam.ch\\\/de\\\/#website\",\"url\":\"https:\\\/\\\/shop.bantam.ch\\\/de\\\/\",\"name\":\"Bantam Camping AG\",\"description\":\"\",\"publisher\":{\"@id\":\"https:\\\/\\\/shop.bantam.ch\\\/de\\\/#organization\"},\"inLanguage\":\"de\"},{\"@type\":\"Organization\",\"@id\":\"https:\\\/\\\/shop.bantam.ch\\\/de\\\/#organization\",\"name\":\"Bantam Camping AG\",\"url\":\"https:\\\/\\\/shop.bantam.ch\\\/de\\\/\",\"logo\":{\"@type\":\"ImageObject\",\"inLanguage\":\"de\",\"@id\":\"https:\\\/\\\/shop.bantam.ch\\\/de\\\/#\\\/schema\\\/logo\\\/image\\\/\",\"url\":\"https:\\\/\\\/shop.bantam.ch\\\/wp-content\\\/uploads\\\/2022\\\/12\\\/bantam-logo.png\",\"contentUrl\":\"https:\\\/\\\/shop.bantam.ch\\\/wp-content\\\/uploads\\\/2022\\\/12\\\/bantam-logo.png\",\"width\":320,\"height\":71,\"caption\":\"Bantam Camping AG\"},\"image\":{\"@id\":\"https:\\\/\\\/shop.bantam.ch\\\/de\\\/#\\\/schema\\\/logo\\\/image\\\/\"}}]}<\/script>\n<!-- \/ Yoast SEO plugin. -->","yoast_head_json":{"title":"Grill Camping Gaz PartyGrill 400 CV - Bantam Camping AG","robots":{"index":"index","follow":"follow","max-snippet":"max-snippet:-1","max-image-preview":"max-image-preview:large","max-video-preview":"max-video-preview:-1"},"canonical":"https:\/\/shop.bantam.ch\/de\/produkt\/grill-partygrill-400-cv\/","og_locale":"de_DE","og_type":"article","og_title":"Grill Camping Gaz PartyGrill 400 CV - Bantam Camping AG","og_description":"Die Ger\u00e4te der Linie Party Grill sind eine multifunktionale Alternative zu traditionellen Kochern und kompakten Grillger\u00e4ten. Sie sind im Nu vom Kocher zum Grill umfunktioniert. Die Ausf\u00fchrungen f\u00fcr den Betrieb mit Propan-, Butangasflaschen oder Ventilkartuschen erh\u00e4ltlich. Easy Clic Plus System f\u00fcr einfaches Verbinden und Trennen der Gaskartusche bei CV Modellen Nicht f\u00fcr den Einsatz in [&hellip;]","og_url":"https:\/\/shop.bantam.ch\/de\/produkt\/grill-partygrill-400-cv\/","og_site_name":"Bantam Camping AG","article_modified_time":"2026-04-18T19:27:20+00:00","og_image":[{"width":497,"height":1000,"url":"https:\/\/shop.bantam.ch\/wp-content\/uploads\/2023\/02\/9951397-100-1-3.jpg","type":"image\/jpeg"}],"twitter_card":"summary_large_image","twitter_misc":{"Gesch\u00e4tzte Lesezeit":"1\u00a0Minute"},"schema":{"@context":"https:\/\/schema.org","@graph":[{"@type":"WebPage","@id":"https:\/\/shop.bantam.ch\/de\/produkt\/grill-partygrill-400-cv\/","url":"https:\/\/shop.bantam.ch\/de\/produkt\/grill-partygrill-400-cv\/","name":"Grill Camping Gaz PartyGrill 400 CV - Bantam Camping AG","isPartOf":{"@id":"https:\/\/shop.bantam.ch\/de\/#website"},"primaryImageOfPage":{"@id":"https:\/\/shop.bantam.ch\/de\/produkt\/grill-partygrill-400-cv\/#primaryimage"},"image":{"@id":"https:\/\/shop.bantam.ch\/de\/produkt\/grill-partygrill-400-cv\/#primaryimage"},"thumbnailUrl":"https:\/\/shop.bantam.ch\/wp-content\/uploads\/2023\/02\/9951397-100-1-3.jpg","datePublished":"2023-02-28T03:21:24+00:00","dateModified":"2026-04-18T19:27:20+00:00","breadcrumb":{"@id":"https:\/\/shop.bantam.ch\/de\/produkt\/grill-partygrill-400-cv\/#breadcrumb"},"inLanguage":"de","potentialAction":[{"@type":"ReadAction","target":["https:\/\/shop.bantam.ch\/de\/produkt\/grill-partygrill-400-cv\/"]}]},{"@type":"ImageObject","inLanguage":"de","@id":"https:\/\/shop.bantam.ch\/de\/produkt\/grill-partygrill-400-cv\/#primaryimage","url":"https:\/\/shop.bantam.ch\/wp-content\/uploads\/2023\/02\/9951397-100-1-3.jpg","contentUrl":"https:\/\/shop.bantam.ch\/wp-content\/uploads\/2023\/02\/9951397-100-1-3.jpg","width":497,"height":1000},{"@type":"BreadcrumbList","@id":"https:\/\/shop.bantam.ch\/de\/produkt\/grill-partygrill-400-cv\/#breadcrumb","itemListElement":[{"@type":"ListItem","position":1,"name":"Accueil","item":"https:\/\/shop.bantam.ch\/de\/"},{"@type":"ListItem","position":2,"name":"Shop","item":"https:\/\/shop.bantam.ch\/de\/shop\/"},{"@type":"ListItem","position":3,"name":"Grill Camping Gaz PartyGrill 400 CV"}]},{"@type":"WebSite","@id":"https:\/\/shop.bantam.ch\/de\/#website","url":"https:\/\/shop.bantam.ch\/de\/","name":"Bantam Camping AG","description":"","publisher":{"@id":"https:\/\/shop.bantam.ch\/de\/#organization"},"inLanguage":"de"},{"@type":"Organization","@id":"https:\/\/shop.bantam.ch\/de\/#organization","name":"Bantam Camping AG","url":"https:\/\/shop.bantam.ch\/de\/","logo":{"@type":"ImageObject","inLanguage":"de","@id":"https:\/\/shop.bantam.ch\/de\/#\/schema\/logo\/image\/","url":"https:\/\/shop.bantam.ch\/wp-content\/uploads\/2022\/12\/bantam-logo.png","contentUrl":"https:\/\/shop.bantam.ch\/wp-content\/uploads\/2022\/12\/bantam-logo.png","width":320,"height":71,"caption":"Bantam Camping AG"},"image":{"@id":"https:\/\/shop.bantam.ch\/de\/#\/schema\/logo\/image\/"}}]}},"_links":{"self":[{"href":"https:\/\/shop.bantam.ch\/de\/wp-json\/wp\/v2\/product\/93140","targetHints":{"allow":["GET"]}}],"collection":[{"href":"https:\/\/shop.bantam.ch\/de\/wp-json\/wp\/v2\/product"}],"about":[{"href":"https:\/\/shop.bantam.ch\/de\/wp-json\/wp\/v2\/types\/product"}],"wp:featuredmedia":[{"embeddable":true,"href":"https:\/\/shop.bantam.ch\/de\/wp-json\/wp\/v2\/media\/93136"}],"wp:attachment":[{"href":"https:\/\/shop.bantam.ch\/de\/wp-json\/wp\/v2\/media?parent=93140"}],"wp:term":[{"taxonomy":"product_featured_cat","embeddable":true,"href":"https:\/\/shop.bantam.ch\/de\/wp-json\/wp\/v2\/product_featured_cat?post=93140"},{"taxonomy":"product_brand","embeddable":true,"href":"https:\/\/shop.bantam.ch\/de\/wp-json\/wp\/v2\/product_brand?post=93140"},{"taxonomy":"product_cat","embeddable":true,"href":"https:\/\/shop.bantam.ch\/de\/wp-json\/wp\/v2\/product_cat?post=93140"},{"taxonomy":"product_tag","embeddable":true,"href":"https:\/\/shop.bantam.ch\/de\/wp-json\/wp\/v2\/product_tag?post=93140"}],"curies":[{"name":"wp","href":"https:\/\/api.w.org\/{rel}","templated":true}]}}