{"id":93006,"date":"2023-02-28T04:19:30","date_gmt":"2023-02-28T03:19:30","guid":{"rendered":"http:\/\/shop.bantam.ch\/produit\/gewuerzregal-zum-einhaengen-cupboardstore-weiss-grau\/"},"modified":"2026-05-02T21:25:55","modified_gmt":"2026-05-02T19:25:55","slug":"gewuerzregal-zum-einhaengen-cupboardstore-weiss-grau","status":"publish","type":"product","link":"https:\/\/shop.bantam.ch\/de\/produkt\/gewuerzregal-zum-einhaengen-cupboardstore-weiss-grau\/","title":{"rendered":"Gew\u00fcrzregal Joseph Joseph zum Einh\u00e4ngen CupboardStore Fb. wei\u00df \/ grau"},"content":{"rendered":"<p>Auf dem K\u00fcchenschrank ist in der Regel immer zu wenig Platz. Doch mit diesem innovativen Design k\u00f6nnen Sie auch den ansonsten ungenutzten Platz unter dem Regal nutzen. Im cleveren, herausziehbaren Fach haben bis zu sieben Gew\u00fcrzdosen in Standardgr\u00f6\u00dfe Platz (die nicht im Lieferumfang eingeschlossen sind). Mittels starkem 3M VHB Klebeband ist es einfach zu installieren. Die Einheit passt bequem unter Ihr vorhandenes Regal.<br \/>Geeignet f\u00fcr K\u00fcchenm\u00f6bel mit einer Breite von mehr als 32 cm und einer maximalen Regalst\u00e4rke von 2 cm.<\/p>\n","protected":false},"excerpt":{"rendered":"<p>Auf dem K\u00fcchenschrank ist in der Regel immer zu wenig Platz. Doch mit diesem innovativen Design k\u00f6nnen Sie auch den ansonsten ungenutzten Platz unter dem Regal nutzen. Im cleveren, herausziehbaren Fach haben bis zu sieben Gew\u00fcrzdosen in Standardgr\u00f6\u00dfe Platz (die nicht im Lieferumfang eingeschlossen sind). Mittels starkem 3M VHB Klebeband ist es einfach zu installieren. [&hellip;]<\/p>\n","protected":false},"featured_media":92996,"template":"","meta":{"_acf_changed":false},"product_featured_cat":[],"product_brand":[3413],"product_cat":[4284,4322],"product_tag":[],"class_list":{"0":"post-93006","1":"product","2":"type-product","3":"status-publish","4":"has-post-thumbnail","6":"product_brand-joseph-joseph-de","7":"product_cat-gewuerze-streuer","8":"product_cat-haengeschraenke-regale","10":"first","11":"instock","12":"taxable","13":"shipping-taxable","14":"purchasable","15":"product-type-simple"},"acf":[],"yoast_head":"<!-- This site is optimized with the Yoast SEO plugin v27.5 - https:\/\/yoast.com\/product\/yoast-seo-wordpress\/ -->\n<title>Gew\u00fcrzregal Joseph Joseph zum Einh\u00e4ngen CupboardStore Fb. wei\u00df \/ grau - Bantam<\/title>\n<meta name=\"robots\" content=\"index, follow, max-snippet:-1, max-image-preview:large, max-video-preview:-1\" \/>\n<link rel=\"canonical\" href=\"https:\/\/shop.bantam.ch\/de\/produkt\/gewuerzregal-zum-einhaengen-cupboardstore-weiss-grau\/\" \/>\n<meta property=\"og:locale\" content=\"de_DE\" \/>\n<meta property=\"og:type\" content=\"article\" \/>\n<meta property=\"og:title\" content=\"Gew\u00fcrzregal Joseph Joseph zum Einh\u00e4ngen CupboardStore Fb. wei\u00df \/ grau - Bantam\" \/>\n<meta property=\"og:description\" content=\"Auf dem K\u00fcchenschrank ist in der Regel immer zu wenig Platz. Doch mit diesem innovativen Design k\u00f6nnen Sie auch den ansonsten ungenutzten Platz unter dem Regal nutzen. Im cleveren, herausziehbaren Fach haben bis zu sieben Gew\u00fcrzdosen in Standardgr\u00f6\u00dfe Platz (die nicht im Lieferumfang eingeschlossen sind). Mittels starkem 3M VHB Klebeband ist es einfach zu installieren. [&hellip;]\" \/>\n<meta property=\"og:url\" content=\"https:\/\/shop.bantam.ch\/de\/produkt\/gewuerzregal-zum-einhaengen-cupboardstore-weiss-grau\/\" \/>\n<meta property=\"og:site_name\" content=\"Bantam\" \/>\n<meta property=\"article:modified_time\" content=\"2026-05-02T19:25:55+00:00\" \/>\n<meta property=\"og:image\" content=\"https:\/\/shop.bantam.ch\/wp-content\/uploads\/2023\/02\/995556711.jpg\" \/>\n\t<meta property=\"og:image:width\" content=\"1000\" \/>\n\t<meta property=\"og:image:height\" content=\"559\" \/>\n\t<meta property=\"og:image:type\" content=\"image\/jpeg\" \/>\n<meta name=\"twitter:card\" content=\"summary_large_image\" \/>\n<script type=\"application\/ld+json\" class=\"yoast-schema-graph\">{\"@context\":\"https:\\\/\\\/schema.org\",\"@graph\":[{\"@type\":\"WebPage\",\"@id\":\"https:\\\/\\\/shop.bantam.ch\\\/de\\\/produkt\\\/gewuerzregal-zum-einhaengen-cupboardstore-weiss-grau\\\/\",\"url\":\"https:\\\/\\\/shop.bantam.ch\\\/de\\\/produkt\\\/gewuerzregal-zum-einhaengen-cupboardstore-weiss-grau\\\/\",\"name\":\"Gew\u00fcrzregal Joseph Joseph zum Einh\u00e4ngen CupboardStore Fb. wei\u00df \\\/ grau - Bantam\",\"isPartOf\":{\"@id\":\"https:\\\/\\\/shop.bantam.ch\\\/de\\\/#website\"},\"primaryImageOfPage\":{\"@id\":\"https:\\\/\\\/shop.bantam.ch\\\/de\\\/produkt\\\/gewuerzregal-zum-einhaengen-cupboardstore-weiss-grau\\\/#primaryimage\"},\"image\":{\"@id\":\"https:\\\/\\\/shop.bantam.ch\\\/de\\\/produkt\\\/gewuerzregal-zum-einhaengen-cupboardstore-weiss-grau\\\/#primaryimage\"},\"thumbnailUrl\":\"https:\\\/\\\/shop.bantam.ch\\\/wp-content\\\/uploads\\\/2023\\\/02\\\/995556711.jpg\",\"datePublished\":\"2023-02-28T03:19:30+00:00\",\"dateModified\":\"2026-05-02T19:25:55+00:00\",\"breadcrumb\":{\"@id\":\"https:\\\/\\\/shop.bantam.ch\\\/de\\\/produkt\\\/gewuerzregal-zum-einhaengen-cupboardstore-weiss-grau\\\/#breadcrumb\"},\"inLanguage\":\"de\",\"potentialAction\":[{\"@type\":\"ReadAction\",\"target\":[\"https:\\\/\\\/shop.bantam.ch\\\/de\\\/produkt\\\/gewuerzregal-zum-einhaengen-cupboardstore-weiss-grau\\\/\"]}]},{\"@type\":\"ImageObject\",\"inLanguage\":\"de\",\"@id\":\"https:\\\/\\\/shop.bantam.ch\\\/de\\\/produkt\\\/gewuerzregal-zum-einhaengen-cupboardstore-weiss-grau\\\/#primaryimage\",\"url\":\"https:\\\/\\\/shop.bantam.ch\\\/wp-content\\\/uploads\\\/2023\\\/02\\\/995556711.jpg\",\"contentUrl\":\"https:\\\/\\\/shop.bantam.ch\\\/wp-content\\\/uploads\\\/2023\\\/02\\\/995556711.jpg\",\"width\":1000,\"height\":559},{\"@type\":\"BreadcrumbList\",\"@id\":\"https:\\\/\\\/shop.bantam.ch\\\/de\\\/produkt\\\/gewuerzregal-zum-einhaengen-cupboardstore-weiss-grau\\\/#breadcrumb\",\"itemListElement\":[{\"@type\":\"ListItem\",\"position\":1,\"name\":\"Accueil\",\"item\":\"https:\\\/\\\/shop.bantam.ch\\\/de\\\/\"},{\"@type\":\"ListItem\",\"position\":2,\"name\":\"Shop\",\"item\":\"https:\\\/\\\/shop.bantam.ch\\\/de\\\/shop\\\/\"},{\"@type\":\"ListItem\",\"position\":3,\"name\":\"Gew\u00fcrzregal Joseph Joseph zum Einh\u00e4ngen CupboardStore Fb. wei\u00df \\\/ grau\"}]},{\"@type\":\"WebSite\",\"@id\":\"https:\\\/\\\/shop.bantam.ch\\\/de\\\/#website\",\"url\":\"https:\\\/\\\/shop.bantam.ch\\\/de\\\/\",\"name\":\"Bantam\",\"description\":\"\",\"publisher\":{\"@id\":\"https:\\\/\\\/shop.bantam.ch\\\/de\\\/#organization\"},\"inLanguage\":\"de\"},{\"@type\":\"Organization\",\"@id\":\"https:\\\/\\\/shop.bantam.ch\\\/de\\\/#organization\",\"name\":\"Bantam\",\"url\":\"https:\\\/\\\/shop.bantam.ch\\\/de\\\/\",\"logo\":{\"@type\":\"ImageObject\",\"inLanguage\":\"de\",\"@id\":\"https:\\\/\\\/shop.bantam.ch\\\/de\\\/#\\\/schema\\\/logo\\\/image\\\/\",\"url\":\"https:\\\/\\\/shop.bantam.ch\\\/wp-content\\\/uploads\\\/2022\\\/12\\\/bantam-logo.png\",\"contentUrl\":\"https:\\\/\\\/shop.bantam.ch\\\/wp-content\\\/uploads\\\/2022\\\/12\\\/bantam-logo.png\",\"width\":320,\"height\":71,\"caption\":\"Bantam\"},\"image\":{\"@id\":\"https:\\\/\\\/shop.bantam.ch\\\/de\\\/#\\\/schema\\\/logo\\\/image\\\/\"}}]}<\/script>\n<!-- \/ Yoast SEO plugin. -->","yoast_head_json":{"title":"Gew\u00fcrzregal Joseph Joseph zum Einh\u00e4ngen CupboardStore Fb. wei\u00df \/ grau - Bantam","robots":{"index":"index","follow":"follow","max-snippet":"max-snippet:-1","max-image-preview":"max-image-preview:large","max-video-preview":"max-video-preview:-1"},"canonical":"https:\/\/shop.bantam.ch\/de\/produkt\/gewuerzregal-zum-einhaengen-cupboardstore-weiss-grau\/","og_locale":"de_DE","og_type":"article","og_title":"Gew\u00fcrzregal Joseph Joseph zum Einh\u00e4ngen CupboardStore Fb. wei\u00df \/ grau - Bantam","og_description":"Auf dem K\u00fcchenschrank ist in der Regel immer zu wenig Platz. Doch mit diesem innovativen Design k\u00f6nnen Sie auch den ansonsten ungenutzten Platz unter dem Regal nutzen. Im cleveren, herausziehbaren Fach haben bis zu sieben Gew\u00fcrzdosen in Standardgr\u00f6\u00dfe Platz (die nicht im Lieferumfang eingeschlossen sind). Mittels starkem 3M VHB Klebeband ist es einfach zu installieren. [&hellip;]","og_url":"https:\/\/shop.bantam.ch\/de\/produkt\/gewuerzregal-zum-einhaengen-cupboardstore-weiss-grau\/","og_site_name":"Bantam","article_modified_time":"2026-05-02T19:25:55+00:00","og_image":[{"width":1000,"height":559,"url":"https:\/\/shop.bantam.ch\/wp-content\/uploads\/2023\/02\/995556711.jpg","type":"image\/jpeg"}],"twitter_card":"summary_large_image","schema":{"@context":"https:\/\/schema.org","@graph":[{"@type":"WebPage","@id":"https:\/\/shop.bantam.ch\/de\/produkt\/gewuerzregal-zum-einhaengen-cupboardstore-weiss-grau\/","url":"https:\/\/shop.bantam.ch\/de\/produkt\/gewuerzregal-zum-einhaengen-cupboardstore-weiss-grau\/","name":"Gew\u00fcrzregal Joseph Joseph zum Einh\u00e4ngen CupboardStore Fb. wei\u00df \/ grau - Bantam","isPartOf":{"@id":"https:\/\/shop.bantam.ch\/de\/#website"},"primaryImageOfPage":{"@id":"https:\/\/shop.bantam.ch\/de\/produkt\/gewuerzregal-zum-einhaengen-cupboardstore-weiss-grau\/#primaryimage"},"image":{"@id":"https:\/\/shop.bantam.ch\/de\/produkt\/gewuerzregal-zum-einhaengen-cupboardstore-weiss-grau\/#primaryimage"},"thumbnailUrl":"https:\/\/shop.bantam.ch\/wp-content\/uploads\/2023\/02\/995556711.jpg","datePublished":"2023-02-28T03:19:30+00:00","dateModified":"2026-05-02T19:25:55+00:00","breadcrumb":{"@id":"https:\/\/shop.bantam.ch\/de\/produkt\/gewuerzregal-zum-einhaengen-cupboardstore-weiss-grau\/#breadcrumb"},"inLanguage":"de","potentialAction":[{"@type":"ReadAction","target":["https:\/\/shop.bantam.ch\/de\/produkt\/gewuerzregal-zum-einhaengen-cupboardstore-weiss-grau\/"]}]},{"@type":"ImageObject","inLanguage":"de","@id":"https:\/\/shop.bantam.ch\/de\/produkt\/gewuerzregal-zum-einhaengen-cupboardstore-weiss-grau\/#primaryimage","url":"https:\/\/shop.bantam.ch\/wp-content\/uploads\/2023\/02\/995556711.jpg","contentUrl":"https:\/\/shop.bantam.ch\/wp-content\/uploads\/2023\/02\/995556711.jpg","width":1000,"height":559},{"@type":"BreadcrumbList","@id":"https:\/\/shop.bantam.ch\/de\/produkt\/gewuerzregal-zum-einhaengen-cupboardstore-weiss-grau\/#breadcrumb","itemListElement":[{"@type":"ListItem","position":1,"name":"Accueil","item":"https:\/\/shop.bantam.ch\/de\/"},{"@type":"ListItem","position":2,"name":"Shop","item":"https:\/\/shop.bantam.ch\/de\/shop\/"},{"@type":"ListItem","position":3,"name":"Gew\u00fcrzregal Joseph Joseph zum Einh\u00e4ngen CupboardStore Fb. wei\u00df \/ grau"}]},{"@type":"WebSite","@id":"https:\/\/shop.bantam.ch\/de\/#website","url":"https:\/\/shop.bantam.ch\/de\/","name":"Bantam","description":"","publisher":{"@id":"https:\/\/shop.bantam.ch\/de\/#organization"},"inLanguage":"de"},{"@type":"Organization","@id":"https:\/\/shop.bantam.ch\/de\/#organization","name":"Bantam","url":"https:\/\/shop.bantam.ch\/de\/","logo":{"@type":"ImageObject","inLanguage":"de","@id":"https:\/\/shop.bantam.ch\/de\/#\/schema\/logo\/image\/","url":"https:\/\/shop.bantam.ch\/wp-content\/uploads\/2022\/12\/bantam-logo.png","contentUrl":"https:\/\/shop.bantam.ch\/wp-content\/uploads\/2022\/12\/bantam-logo.png","width":320,"height":71,"caption":"Bantam"},"image":{"@id":"https:\/\/shop.bantam.ch\/de\/#\/schema\/logo\/image\/"}}]}},"_links":{"self":[{"href":"https:\/\/shop.bantam.ch\/de\/wp-json\/wp\/v2\/product\/93006","targetHints":{"allow":["GET"]}}],"collection":[{"href":"https:\/\/shop.bantam.ch\/de\/wp-json\/wp\/v2\/product"}],"about":[{"href":"https:\/\/shop.bantam.ch\/de\/wp-json\/wp\/v2\/types\/product"}],"wp:featuredmedia":[{"embeddable":true,"href":"https:\/\/shop.bantam.ch\/de\/wp-json\/wp\/v2\/media\/92996"}],"wp:attachment":[{"href":"https:\/\/shop.bantam.ch\/de\/wp-json\/wp\/v2\/media?parent=93006"}],"wp:term":[{"taxonomy":"product_featured_cat","embeddable":true,"href":"https:\/\/shop.bantam.ch\/de\/wp-json\/wp\/v2\/product_featured_cat?post=93006"},{"taxonomy":"product_brand","embeddable":true,"href":"https:\/\/shop.bantam.ch\/de\/wp-json\/wp\/v2\/product_brand?post=93006"},{"taxonomy":"product_cat","embeddable":true,"href":"https:\/\/shop.bantam.ch\/de\/wp-json\/wp\/v2\/product_cat?post=93006"},{"taxonomy":"product_tag","embeddable":true,"href":"https:\/\/shop.bantam.ch\/de\/wp-json\/wp\/v2\/product_tag?post=93006"}],"curies":[{"name":"wp","href":"https:\/\/api.w.org\/{rel}","templated":true}]}}