{"id":92994,"date":"2023-02-28T04:19:24","date_gmt":"2023-02-28T03:19:24","guid":{"rendered":"http:\/\/shop.bantam.ch\/produit\/schublade-zum-anbringen-im-regal-cupboardstore-weiss-grau\/"},"modified":"2026-04-18T21:27:13","modified_gmt":"2026-04-18T19:27:13","slug":"schublade-zum-anbringen-im-regal-cupboardstore-weiss-grau","status":"publish","type":"product","link":"https:\/\/shop.bantam.ch\/de\/produkt\/schublade-zum-anbringen-im-regal-cupboardstore-weiss-grau\/","title":{"rendered":"Schublade Joseph Joseph zum Anbringen im Regal CupboardStore Fb. wei\u00df \/ grau"},"content":{"rendered":"<p>Mit diesem innovativen Design k\u00f6nnen Sie auch den ansonsten ungenutzten Platz unter dem Regal nutzen. Die praktische Schublade bietet Platz f\u00fcr Kleingegenst\u00e4nde wie lose Br\u00fchw\u00fcrfel, kleine P\u00e4ckchen und Pastentuben, die sonst leicht verloren gehen. Mittels starkem 3M VHB Klebeband einfach zu installieren. Die Einheit passt bequem unter Ihr vorhandenes Regal.<\/p>\n","protected":false},"excerpt":{"rendered":"<p>Mit diesem innovativen Design k\u00f6nnen Sie auch den ansonsten ungenutzten Platz unter dem Regal nutzen. Die praktische Schublade bietet Platz f\u00fcr Kleingegenst\u00e4nde wie lose Br\u00fchw\u00fcrfel, kleine P\u00e4ckchen und Pastentuben, die sonst leicht verloren gehen. Mittels starkem 3M VHB Klebeband einfach zu installieren. Die Einheit passt bequem unter Ihr vorhandenes Regal.<\/p>\n","protected":false},"featured_media":92984,"template":"","meta":{"_acf_changed":false},"product_featured_cat":[],"product_brand":[3413],"product_cat":[4322],"product_tag":[],"class_list":{"0":"post-92994","1":"product","2":"type-product","3":"status-publish","4":"has-post-thumbnail","6":"product_brand-joseph-joseph-de","7":"product_cat-haengeschraenke-regale","9":"first","10":"instock","11":"taxable","12":"shipping-taxable","13":"purchasable","14":"product-type-simple"},"acf":[],"yoast_head":"<!-- This site is optimized with the Yoast SEO plugin v27.4 - https:\/\/yoast.com\/product\/yoast-seo-wordpress\/ -->\n<title>Schublade Joseph Joseph zum Anbringen im Regal CupboardStore Fb. wei\u00df \/ grau - Bantam Camping AG<\/title>\n<meta name=\"robots\" content=\"index, follow, max-snippet:-1, max-image-preview:large, max-video-preview:-1\" \/>\n<link rel=\"canonical\" href=\"https:\/\/shop.bantam.ch\/de\/produkt\/schublade-zum-anbringen-im-regal-cupboardstore-weiss-grau\/\" \/>\n<meta property=\"og:locale\" content=\"de_DE\" \/>\n<meta property=\"og:type\" content=\"article\" \/>\n<meta property=\"og:title\" content=\"Schublade Joseph Joseph zum Anbringen im Regal CupboardStore Fb. wei\u00df \/ grau - Bantam Camping AG\" \/>\n<meta property=\"og:description\" content=\"Mit diesem innovativen Design k\u00f6nnen Sie auch den ansonsten ungenutzten Platz unter dem Regal nutzen. Die praktische Schublade bietet Platz f\u00fcr Kleingegenst\u00e4nde wie lose Br\u00fchw\u00fcrfel, kleine P\u00e4ckchen und Pastentuben, die sonst leicht verloren gehen. Mittels starkem 3M VHB Klebeband einfach zu installieren. Die Einheit passt bequem unter Ihr vorhandenes Regal.\" \/>\n<meta property=\"og:url\" content=\"https:\/\/shop.bantam.ch\/de\/produkt\/schublade-zum-anbringen-im-regal-cupboardstore-weiss-grau\/\" \/>\n<meta property=\"og:site_name\" content=\"Bantam Camping AG\" \/>\n<meta property=\"article:modified_time\" content=\"2026-04-18T19:27:13+00:00\" \/>\n<meta property=\"og:image\" content=\"https:\/\/shop.bantam.ch\/wp-content\/uploads\/2023\/02\/995556611.jpg\" \/>\n\t<meta property=\"og:image:width\" content=\"1000\" \/>\n\t<meta property=\"og:image:height\" content=\"637\" \/>\n\t<meta property=\"og:image:type\" content=\"image\/jpeg\" \/>\n<meta name=\"twitter:card\" content=\"summary_large_image\" \/>\n<script type=\"application\/ld+json\" class=\"yoast-schema-graph\">{\"@context\":\"https:\\\/\\\/schema.org\",\"@graph\":[{\"@type\":\"WebPage\",\"@id\":\"https:\\\/\\\/shop.bantam.ch\\\/de\\\/produkt\\\/schublade-zum-anbringen-im-regal-cupboardstore-weiss-grau\\\/\",\"url\":\"https:\\\/\\\/shop.bantam.ch\\\/de\\\/produkt\\\/schublade-zum-anbringen-im-regal-cupboardstore-weiss-grau\\\/\",\"name\":\"Schublade Joseph Joseph zum Anbringen im Regal CupboardStore Fb. wei\u00df \\\/ grau - Bantam Camping AG\",\"isPartOf\":{\"@id\":\"https:\\\/\\\/shop.bantam.ch\\\/de\\\/#website\"},\"primaryImageOfPage\":{\"@id\":\"https:\\\/\\\/shop.bantam.ch\\\/de\\\/produkt\\\/schublade-zum-anbringen-im-regal-cupboardstore-weiss-grau\\\/#primaryimage\"},\"image\":{\"@id\":\"https:\\\/\\\/shop.bantam.ch\\\/de\\\/produkt\\\/schublade-zum-anbringen-im-regal-cupboardstore-weiss-grau\\\/#primaryimage\"},\"thumbnailUrl\":\"https:\\\/\\\/shop.bantam.ch\\\/wp-content\\\/uploads\\\/2023\\\/02\\\/995556611.jpg\",\"datePublished\":\"2023-02-28T03:19:24+00:00\",\"dateModified\":\"2026-04-18T19:27:13+00:00\",\"breadcrumb\":{\"@id\":\"https:\\\/\\\/shop.bantam.ch\\\/de\\\/produkt\\\/schublade-zum-anbringen-im-regal-cupboardstore-weiss-grau\\\/#breadcrumb\"},\"inLanguage\":\"de\",\"potentialAction\":[{\"@type\":\"ReadAction\",\"target\":[\"https:\\\/\\\/shop.bantam.ch\\\/de\\\/produkt\\\/schublade-zum-anbringen-im-regal-cupboardstore-weiss-grau\\\/\"]}]},{\"@type\":\"ImageObject\",\"inLanguage\":\"de\",\"@id\":\"https:\\\/\\\/shop.bantam.ch\\\/de\\\/produkt\\\/schublade-zum-anbringen-im-regal-cupboardstore-weiss-grau\\\/#primaryimage\",\"url\":\"https:\\\/\\\/shop.bantam.ch\\\/wp-content\\\/uploads\\\/2023\\\/02\\\/995556611.jpg\",\"contentUrl\":\"https:\\\/\\\/shop.bantam.ch\\\/wp-content\\\/uploads\\\/2023\\\/02\\\/995556611.jpg\",\"width\":1000,\"height\":637},{\"@type\":\"BreadcrumbList\",\"@id\":\"https:\\\/\\\/shop.bantam.ch\\\/de\\\/produkt\\\/schublade-zum-anbringen-im-regal-cupboardstore-weiss-grau\\\/#breadcrumb\",\"itemListElement\":[{\"@type\":\"ListItem\",\"position\":1,\"name\":\"Accueil\",\"item\":\"https:\\\/\\\/shop.bantam.ch\\\/de\\\/\"},{\"@type\":\"ListItem\",\"position\":2,\"name\":\"Shop\",\"item\":\"https:\\\/\\\/shop.bantam.ch\\\/de\\\/shop\\\/\"},{\"@type\":\"ListItem\",\"position\":3,\"name\":\"Schublade Joseph Joseph zum Anbringen im Regal CupboardStore Fb. wei\u00df \\\/ grau\"}]},{\"@type\":\"WebSite\",\"@id\":\"https:\\\/\\\/shop.bantam.ch\\\/de\\\/#website\",\"url\":\"https:\\\/\\\/shop.bantam.ch\\\/de\\\/\",\"name\":\"Bantam Camping AG\",\"description\":\"\",\"publisher\":{\"@id\":\"https:\\\/\\\/shop.bantam.ch\\\/de\\\/#organization\"},\"inLanguage\":\"de\"},{\"@type\":\"Organization\",\"@id\":\"https:\\\/\\\/shop.bantam.ch\\\/de\\\/#organization\",\"name\":\"Bantam Camping AG\",\"url\":\"https:\\\/\\\/shop.bantam.ch\\\/de\\\/\",\"logo\":{\"@type\":\"ImageObject\",\"inLanguage\":\"de\",\"@id\":\"https:\\\/\\\/shop.bantam.ch\\\/de\\\/#\\\/schema\\\/logo\\\/image\\\/\",\"url\":\"https:\\\/\\\/shop.bantam.ch\\\/wp-content\\\/uploads\\\/2022\\\/12\\\/bantam-logo.png\",\"contentUrl\":\"https:\\\/\\\/shop.bantam.ch\\\/wp-content\\\/uploads\\\/2022\\\/12\\\/bantam-logo.png\",\"width\":320,\"height\":71,\"caption\":\"Bantam Camping AG\"},\"image\":{\"@id\":\"https:\\\/\\\/shop.bantam.ch\\\/de\\\/#\\\/schema\\\/logo\\\/image\\\/\"}}]}<\/script>\n<!-- \/ Yoast SEO plugin. -->","yoast_head_json":{"title":"Schublade Joseph Joseph zum Anbringen im Regal CupboardStore Fb. wei\u00df \/ grau - Bantam Camping AG","robots":{"index":"index","follow":"follow","max-snippet":"max-snippet:-1","max-image-preview":"max-image-preview:large","max-video-preview":"max-video-preview:-1"},"canonical":"https:\/\/shop.bantam.ch\/de\/produkt\/schublade-zum-anbringen-im-regal-cupboardstore-weiss-grau\/","og_locale":"de_DE","og_type":"article","og_title":"Schublade Joseph Joseph zum Anbringen im Regal CupboardStore Fb. wei\u00df \/ grau - Bantam Camping AG","og_description":"Mit diesem innovativen Design k\u00f6nnen Sie auch den ansonsten ungenutzten Platz unter dem Regal nutzen. Die praktische Schublade bietet Platz f\u00fcr Kleingegenst\u00e4nde wie lose Br\u00fchw\u00fcrfel, kleine P\u00e4ckchen und Pastentuben, die sonst leicht verloren gehen. Mittels starkem 3M VHB Klebeband einfach zu installieren. Die Einheit passt bequem unter Ihr vorhandenes Regal.","og_url":"https:\/\/shop.bantam.ch\/de\/produkt\/schublade-zum-anbringen-im-regal-cupboardstore-weiss-grau\/","og_site_name":"Bantam Camping AG","article_modified_time":"2026-04-18T19:27:13+00:00","og_image":[{"width":1000,"height":637,"url":"https:\/\/shop.bantam.ch\/wp-content\/uploads\/2023\/02\/995556611.jpg","type":"image\/jpeg"}],"twitter_card":"summary_large_image","schema":{"@context":"https:\/\/schema.org","@graph":[{"@type":"WebPage","@id":"https:\/\/shop.bantam.ch\/de\/produkt\/schublade-zum-anbringen-im-regal-cupboardstore-weiss-grau\/","url":"https:\/\/shop.bantam.ch\/de\/produkt\/schublade-zum-anbringen-im-regal-cupboardstore-weiss-grau\/","name":"Schublade Joseph Joseph zum Anbringen im Regal CupboardStore Fb. wei\u00df \/ grau - Bantam Camping AG","isPartOf":{"@id":"https:\/\/shop.bantam.ch\/de\/#website"},"primaryImageOfPage":{"@id":"https:\/\/shop.bantam.ch\/de\/produkt\/schublade-zum-anbringen-im-regal-cupboardstore-weiss-grau\/#primaryimage"},"image":{"@id":"https:\/\/shop.bantam.ch\/de\/produkt\/schublade-zum-anbringen-im-regal-cupboardstore-weiss-grau\/#primaryimage"},"thumbnailUrl":"https:\/\/shop.bantam.ch\/wp-content\/uploads\/2023\/02\/995556611.jpg","datePublished":"2023-02-28T03:19:24+00:00","dateModified":"2026-04-18T19:27:13+00:00","breadcrumb":{"@id":"https:\/\/shop.bantam.ch\/de\/produkt\/schublade-zum-anbringen-im-regal-cupboardstore-weiss-grau\/#breadcrumb"},"inLanguage":"de","potentialAction":[{"@type":"ReadAction","target":["https:\/\/shop.bantam.ch\/de\/produkt\/schublade-zum-anbringen-im-regal-cupboardstore-weiss-grau\/"]}]},{"@type":"ImageObject","inLanguage":"de","@id":"https:\/\/shop.bantam.ch\/de\/produkt\/schublade-zum-anbringen-im-regal-cupboardstore-weiss-grau\/#primaryimage","url":"https:\/\/shop.bantam.ch\/wp-content\/uploads\/2023\/02\/995556611.jpg","contentUrl":"https:\/\/shop.bantam.ch\/wp-content\/uploads\/2023\/02\/995556611.jpg","width":1000,"height":637},{"@type":"BreadcrumbList","@id":"https:\/\/shop.bantam.ch\/de\/produkt\/schublade-zum-anbringen-im-regal-cupboardstore-weiss-grau\/#breadcrumb","itemListElement":[{"@type":"ListItem","position":1,"name":"Accueil","item":"https:\/\/shop.bantam.ch\/de\/"},{"@type":"ListItem","position":2,"name":"Shop","item":"https:\/\/shop.bantam.ch\/de\/shop\/"},{"@type":"ListItem","position":3,"name":"Schublade Joseph Joseph zum Anbringen im Regal CupboardStore Fb. wei\u00df \/ grau"}]},{"@type":"WebSite","@id":"https:\/\/shop.bantam.ch\/de\/#website","url":"https:\/\/shop.bantam.ch\/de\/","name":"Bantam Camping AG","description":"","publisher":{"@id":"https:\/\/shop.bantam.ch\/de\/#organization"},"inLanguage":"de"},{"@type":"Organization","@id":"https:\/\/shop.bantam.ch\/de\/#organization","name":"Bantam Camping AG","url":"https:\/\/shop.bantam.ch\/de\/","logo":{"@type":"ImageObject","inLanguage":"de","@id":"https:\/\/shop.bantam.ch\/de\/#\/schema\/logo\/image\/","url":"https:\/\/shop.bantam.ch\/wp-content\/uploads\/2022\/12\/bantam-logo.png","contentUrl":"https:\/\/shop.bantam.ch\/wp-content\/uploads\/2022\/12\/bantam-logo.png","width":320,"height":71,"caption":"Bantam Camping AG"},"image":{"@id":"https:\/\/shop.bantam.ch\/de\/#\/schema\/logo\/image\/"}}]}},"_links":{"self":[{"href":"https:\/\/shop.bantam.ch\/de\/wp-json\/wp\/v2\/product\/92994","targetHints":{"allow":["GET"]}}],"collection":[{"href":"https:\/\/shop.bantam.ch\/de\/wp-json\/wp\/v2\/product"}],"about":[{"href":"https:\/\/shop.bantam.ch\/de\/wp-json\/wp\/v2\/types\/product"}],"wp:featuredmedia":[{"embeddable":true,"href":"https:\/\/shop.bantam.ch\/de\/wp-json\/wp\/v2\/media\/92984"}],"wp:attachment":[{"href":"https:\/\/shop.bantam.ch\/de\/wp-json\/wp\/v2\/media?parent=92994"}],"wp:term":[{"taxonomy":"product_featured_cat","embeddable":true,"href":"https:\/\/shop.bantam.ch\/de\/wp-json\/wp\/v2\/product_featured_cat?post=92994"},{"taxonomy":"product_brand","embeddable":true,"href":"https:\/\/shop.bantam.ch\/de\/wp-json\/wp\/v2\/product_brand?post=92994"},{"taxonomy":"product_cat","embeddable":true,"href":"https:\/\/shop.bantam.ch\/de\/wp-json\/wp\/v2\/product_cat?post=92994"},{"taxonomy":"product_tag","embeddable":true,"href":"https:\/\/shop.bantam.ch\/de\/wp-json\/wp\/v2\/product_tag?post=92994"}],"curies":[{"name":"wp","href":"https:\/\/api.w.org\/{rel}","templated":true}]}}