{"id":92982,"date":"2023-02-28T04:19:17","date_gmt":"2023-02-28T03:19:17","guid":{"rendered":"http:\/\/shop.bantam.ch\/produit\/topfdeckel-halterung-grau-4-stueck\/"},"modified":"2026-05-02T21:25:54","modified_gmt":"2026-05-02T19:25:54","slug":"topfdeckel-halterung-grau-4-stueck","status":"publish","type":"product","link":"https:\/\/shop.bantam.ch\/de\/produkt\/topfdeckel-halterung-grau-4-stueck\/","title":{"rendered":"Topfdeckel-Halterung Joseph Joseph Fb. grau 4 St\u00fcck"},"content":{"rendered":"<p>Topfdeckel lassen sich h\u00e4ufig nur schwierig aufbewahren. Doch mit dieser einfachen L\u00f6sung wird die Aufbewahrung von Topfdeckeln ganz einfach. Die Topfdeckel-Halterungen dieses vierteiligen Sets lassen sich einzeln an der Innenseite von Schrankt\u00fcren oder von tiefen Schubladen anbringen, um Topfdeckel praktisch zu verstauen.<br \/>Mittels starkem 3M VHB Klebeband sind sie einfach zu installieren. Die Halterungen sind geeignet f\u00fcr Standarddeckel mit einem Durchmesser von 16 bis 24 cm.<\/p>\n","protected":false},"excerpt":{"rendered":"<p>Topfdeckel lassen sich h\u00e4ufig nur schwierig aufbewahren. Doch mit dieser einfachen L\u00f6sung wird die Aufbewahrung von Topfdeckeln ganz einfach. Die Topfdeckel-Halterungen dieses vierteiligen Sets lassen sich einzeln an der Innenseite von Schrankt\u00fcren oder von tiefen Schubladen anbringen, um Topfdeckel praktisch zu verstauen.Mittels starkem 3M VHB Klebeband sind sie einfach zu installieren. Die Halterungen sind geeignet [&hellip;]<\/p>\n","protected":false},"featured_media":92972,"template":"","meta":{"_acf_changed":false},"product_featured_cat":[],"product_brand":[3413],"product_cat":[5150],"product_tag":[],"class_list":{"0":"post-92982","1":"product","2":"type-product","3":"status-publish","4":"has-post-thumbnail","6":"product_brand-joseph-joseph-de","7":"product_cat-fixiermodule","9":"first","10":"instock","11":"taxable","12":"shipping-taxable","13":"purchasable","14":"product-type-simple"},"acf":[],"yoast_head":"<!-- This site is optimized with the Yoast SEO plugin v27.5 - https:\/\/yoast.com\/product\/yoast-seo-wordpress\/ -->\n<title>Topfdeckel-Halterung Joseph Joseph Fb. grau 4 St\u00fcck - Bantam<\/title>\n<meta name=\"robots\" content=\"index, follow, max-snippet:-1, max-image-preview:large, max-video-preview:-1\" \/>\n<link rel=\"canonical\" href=\"https:\/\/shop.bantam.ch\/de\/produkt\/topfdeckel-halterung-grau-4-stueck\/\" \/>\n<meta property=\"og:locale\" content=\"de_DE\" \/>\n<meta property=\"og:type\" content=\"article\" \/>\n<meta property=\"og:title\" content=\"Topfdeckel-Halterung Joseph Joseph Fb. grau 4 St\u00fcck - Bantam\" \/>\n<meta property=\"og:description\" content=\"Topfdeckel lassen sich h\u00e4ufig nur schwierig aufbewahren. Doch mit dieser einfachen L\u00f6sung wird die Aufbewahrung von Topfdeckeln ganz einfach. Die Topfdeckel-Halterungen dieses vierteiligen Sets lassen sich einzeln an der Innenseite von Schrankt\u00fcren oder von tiefen Schubladen anbringen, um Topfdeckel praktisch zu verstauen.Mittels starkem 3M VHB Klebeband sind sie einfach zu installieren. Die Halterungen sind geeignet [&hellip;]\" \/>\n<meta property=\"og:url\" content=\"https:\/\/shop.bantam.ch\/de\/produkt\/topfdeckel-halterung-grau-4-stueck\/\" \/>\n<meta property=\"og:site_name\" content=\"Bantam\" \/>\n<meta property=\"article:modified_time\" content=\"2026-05-02T19:25:54+00:00\" \/>\n<meta property=\"og:image\" content=\"https:\/\/shop.bantam.ch\/wp-content\/uploads\/2023\/02\/995556511.jpg\" \/>\n\t<meta property=\"og:image:width\" content=\"1000\" \/>\n\t<meta property=\"og:image:height\" content=\"593\" \/>\n\t<meta property=\"og:image:type\" content=\"image\/jpeg\" \/>\n<meta name=\"twitter:card\" content=\"summary_large_image\" \/>\n<script type=\"application\/ld+json\" class=\"yoast-schema-graph\">{\"@context\":\"https:\\\/\\\/schema.org\",\"@graph\":[{\"@type\":\"WebPage\",\"@id\":\"https:\\\/\\\/shop.bantam.ch\\\/de\\\/produkt\\\/topfdeckel-halterung-grau-4-stueck\\\/\",\"url\":\"https:\\\/\\\/shop.bantam.ch\\\/de\\\/produkt\\\/topfdeckel-halterung-grau-4-stueck\\\/\",\"name\":\"Topfdeckel-Halterung Joseph Joseph Fb. grau 4 St\u00fcck - Bantam\",\"isPartOf\":{\"@id\":\"https:\\\/\\\/shop.bantam.ch\\\/de\\\/#website\"},\"primaryImageOfPage\":{\"@id\":\"https:\\\/\\\/shop.bantam.ch\\\/de\\\/produkt\\\/topfdeckel-halterung-grau-4-stueck\\\/#primaryimage\"},\"image\":{\"@id\":\"https:\\\/\\\/shop.bantam.ch\\\/de\\\/produkt\\\/topfdeckel-halterung-grau-4-stueck\\\/#primaryimage\"},\"thumbnailUrl\":\"https:\\\/\\\/shop.bantam.ch\\\/wp-content\\\/uploads\\\/2023\\\/02\\\/995556511.jpg\",\"datePublished\":\"2023-02-28T03:19:17+00:00\",\"dateModified\":\"2026-05-02T19:25:54+00:00\",\"breadcrumb\":{\"@id\":\"https:\\\/\\\/shop.bantam.ch\\\/de\\\/produkt\\\/topfdeckel-halterung-grau-4-stueck\\\/#breadcrumb\"},\"inLanguage\":\"de\",\"potentialAction\":[{\"@type\":\"ReadAction\",\"target\":[\"https:\\\/\\\/shop.bantam.ch\\\/de\\\/produkt\\\/topfdeckel-halterung-grau-4-stueck\\\/\"]}]},{\"@type\":\"ImageObject\",\"inLanguage\":\"de\",\"@id\":\"https:\\\/\\\/shop.bantam.ch\\\/de\\\/produkt\\\/topfdeckel-halterung-grau-4-stueck\\\/#primaryimage\",\"url\":\"https:\\\/\\\/shop.bantam.ch\\\/wp-content\\\/uploads\\\/2023\\\/02\\\/995556511.jpg\",\"contentUrl\":\"https:\\\/\\\/shop.bantam.ch\\\/wp-content\\\/uploads\\\/2023\\\/02\\\/995556511.jpg\",\"width\":1000,\"height\":593},{\"@type\":\"BreadcrumbList\",\"@id\":\"https:\\\/\\\/shop.bantam.ch\\\/de\\\/produkt\\\/topfdeckel-halterung-grau-4-stueck\\\/#breadcrumb\",\"itemListElement\":[{\"@type\":\"ListItem\",\"position\":1,\"name\":\"Accueil\",\"item\":\"https:\\\/\\\/shop.bantam.ch\\\/de\\\/\"},{\"@type\":\"ListItem\",\"position\":2,\"name\":\"Shop\",\"item\":\"https:\\\/\\\/shop.bantam.ch\\\/de\\\/shop\\\/\"},{\"@type\":\"ListItem\",\"position\":3,\"name\":\"Topfdeckel-Halterung Joseph Joseph Fb. grau 4 St\u00fcck\"}]},{\"@type\":\"WebSite\",\"@id\":\"https:\\\/\\\/shop.bantam.ch\\\/de\\\/#website\",\"url\":\"https:\\\/\\\/shop.bantam.ch\\\/de\\\/\",\"name\":\"Bantam\",\"description\":\"\",\"publisher\":{\"@id\":\"https:\\\/\\\/shop.bantam.ch\\\/de\\\/#organization\"},\"inLanguage\":\"de\"},{\"@type\":\"Organization\",\"@id\":\"https:\\\/\\\/shop.bantam.ch\\\/de\\\/#organization\",\"name\":\"Bantam\",\"url\":\"https:\\\/\\\/shop.bantam.ch\\\/de\\\/\",\"logo\":{\"@type\":\"ImageObject\",\"inLanguage\":\"de\",\"@id\":\"https:\\\/\\\/shop.bantam.ch\\\/de\\\/#\\\/schema\\\/logo\\\/image\\\/\",\"url\":\"https:\\\/\\\/shop.bantam.ch\\\/wp-content\\\/uploads\\\/2022\\\/12\\\/bantam-logo.png\",\"contentUrl\":\"https:\\\/\\\/shop.bantam.ch\\\/wp-content\\\/uploads\\\/2022\\\/12\\\/bantam-logo.png\",\"width\":320,\"height\":71,\"caption\":\"Bantam\"},\"image\":{\"@id\":\"https:\\\/\\\/shop.bantam.ch\\\/de\\\/#\\\/schema\\\/logo\\\/image\\\/\"}}]}<\/script>\n<!-- \/ Yoast SEO plugin. -->","yoast_head_json":{"title":"Topfdeckel-Halterung Joseph Joseph Fb. grau 4 St\u00fcck - Bantam","robots":{"index":"index","follow":"follow","max-snippet":"max-snippet:-1","max-image-preview":"max-image-preview:large","max-video-preview":"max-video-preview:-1"},"canonical":"https:\/\/shop.bantam.ch\/de\/produkt\/topfdeckel-halterung-grau-4-stueck\/","og_locale":"de_DE","og_type":"article","og_title":"Topfdeckel-Halterung Joseph Joseph Fb. grau 4 St\u00fcck - Bantam","og_description":"Topfdeckel lassen sich h\u00e4ufig nur schwierig aufbewahren. Doch mit dieser einfachen L\u00f6sung wird die Aufbewahrung von Topfdeckeln ganz einfach. Die Topfdeckel-Halterungen dieses vierteiligen Sets lassen sich einzeln an der Innenseite von Schrankt\u00fcren oder von tiefen Schubladen anbringen, um Topfdeckel praktisch zu verstauen.Mittels starkem 3M VHB Klebeband sind sie einfach zu installieren. Die Halterungen sind geeignet [&hellip;]","og_url":"https:\/\/shop.bantam.ch\/de\/produkt\/topfdeckel-halterung-grau-4-stueck\/","og_site_name":"Bantam","article_modified_time":"2026-05-02T19:25:54+00:00","og_image":[{"width":1000,"height":593,"url":"https:\/\/shop.bantam.ch\/wp-content\/uploads\/2023\/02\/995556511.jpg","type":"image\/jpeg"}],"twitter_card":"summary_large_image","schema":{"@context":"https:\/\/schema.org","@graph":[{"@type":"WebPage","@id":"https:\/\/shop.bantam.ch\/de\/produkt\/topfdeckel-halterung-grau-4-stueck\/","url":"https:\/\/shop.bantam.ch\/de\/produkt\/topfdeckel-halterung-grau-4-stueck\/","name":"Topfdeckel-Halterung Joseph Joseph Fb. grau 4 St\u00fcck - Bantam","isPartOf":{"@id":"https:\/\/shop.bantam.ch\/de\/#website"},"primaryImageOfPage":{"@id":"https:\/\/shop.bantam.ch\/de\/produkt\/topfdeckel-halterung-grau-4-stueck\/#primaryimage"},"image":{"@id":"https:\/\/shop.bantam.ch\/de\/produkt\/topfdeckel-halterung-grau-4-stueck\/#primaryimage"},"thumbnailUrl":"https:\/\/shop.bantam.ch\/wp-content\/uploads\/2023\/02\/995556511.jpg","datePublished":"2023-02-28T03:19:17+00:00","dateModified":"2026-05-02T19:25:54+00:00","breadcrumb":{"@id":"https:\/\/shop.bantam.ch\/de\/produkt\/topfdeckel-halterung-grau-4-stueck\/#breadcrumb"},"inLanguage":"de","potentialAction":[{"@type":"ReadAction","target":["https:\/\/shop.bantam.ch\/de\/produkt\/topfdeckel-halterung-grau-4-stueck\/"]}]},{"@type":"ImageObject","inLanguage":"de","@id":"https:\/\/shop.bantam.ch\/de\/produkt\/topfdeckel-halterung-grau-4-stueck\/#primaryimage","url":"https:\/\/shop.bantam.ch\/wp-content\/uploads\/2023\/02\/995556511.jpg","contentUrl":"https:\/\/shop.bantam.ch\/wp-content\/uploads\/2023\/02\/995556511.jpg","width":1000,"height":593},{"@type":"BreadcrumbList","@id":"https:\/\/shop.bantam.ch\/de\/produkt\/topfdeckel-halterung-grau-4-stueck\/#breadcrumb","itemListElement":[{"@type":"ListItem","position":1,"name":"Accueil","item":"https:\/\/shop.bantam.ch\/de\/"},{"@type":"ListItem","position":2,"name":"Shop","item":"https:\/\/shop.bantam.ch\/de\/shop\/"},{"@type":"ListItem","position":3,"name":"Topfdeckel-Halterung Joseph Joseph Fb. grau 4 St\u00fcck"}]},{"@type":"WebSite","@id":"https:\/\/shop.bantam.ch\/de\/#website","url":"https:\/\/shop.bantam.ch\/de\/","name":"Bantam","description":"","publisher":{"@id":"https:\/\/shop.bantam.ch\/de\/#organization"},"inLanguage":"de"},{"@type":"Organization","@id":"https:\/\/shop.bantam.ch\/de\/#organization","name":"Bantam","url":"https:\/\/shop.bantam.ch\/de\/","logo":{"@type":"ImageObject","inLanguage":"de","@id":"https:\/\/shop.bantam.ch\/de\/#\/schema\/logo\/image\/","url":"https:\/\/shop.bantam.ch\/wp-content\/uploads\/2022\/12\/bantam-logo.png","contentUrl":"https:\/\/shop.bantam.ch\/wp-content\/uploads\/2022\/12\/bantam-logo.png","width":320,"height":71,"caption":"Bantam"},"image":{"@id":"https:\/\/shop.bantam.ch\/de\/#\/schema\/logo\/image\/"}}]}},"_links":{"self":[{"href":"https:\/\/shop.bantam.ch\/de\/wp-json\/wp\/v2\/product\/92982","targetHints":{"allow":["GET"]}}],"collection":[{"href":"https:\/\/shop.bantam.ch\/de\/wp-json\/wp\/v2\/product"}],"about":[{"href":"https:\/\/shop.bantam.ch\/de\/wp-json\/wp\/v2\/types\/product"}],"wp:featuredmedia":[{"embeddable":true,"href":"https:\/\/shop.bantam.ch\/de\/wp-json\/wp\/v2\/media\/92972"}],"wp:attachment":[{"href":"https:\/\/shop.bantam.ch\/de\/wp-json\/wp\/v2\/media?parent=92982"}],"wp:term":[{"taxonomy":"product_featured_cat","embeddable":true,"href":"https:\/\/shop.bantam.ch\/de\/wp-json\/wp\/v2\/product_featured_cat?post=92982"},{"taxonomy":"product_brand","embeddable":true,"href":"https:\/\/shop.bantam.ch\/de\/wp-json\/wp\/v2\/product_brand?post=92982"},{"taxonomy":"product_cat","embeddable":true,"href":"https:\/\/shop.bantam.ch\/de\/wp-json\/wp\/v2\/product_cat?post=92982"},{"taxonomy":"product_tag","embeddable":true,"href":"https:\/\/shop.bantam.ch\/de\/wp-json\/wp\/v2\/product_tag?post=92982"}],"curies":[{"name":"wp","href":"https:\/\/api.w.org\/{rel}","templated":true}]}}