{"id":92964,"date":"2023-02-28T04:18:52","date_gmt":"2023-02-28T03:18:52","guid":{"rendered":"http:\/\/shop.bantam.ch\/produit\/stauleisten-fuer-schubladen\/"},"modified":"2026-04-21T22:46:44","modified_gmt":"2026-04-21T20:46:44","slug":"stauleisten-fuer-schubladen","status":"publish","type":"product","link":"https:\/\/shop.bantam.ch\/de\/produkt\/stauleisten-fuer-schubladen\/","title":{"rendered":"Stauleisten f\u00fcr Schubladen"},"content":{"rendered":"<p>Das Stecksystem besteht aus 8 Stauleisten, die einen variablen Facheinsatz ergeben. Die L\u00e4ngs- und Breitstege aus flexiblem Kunststoff bieten optimalen Trennschutz f\u00fcr verschiedene Artikel und stabilisieren dadurch ihre Gegenst\u00e4nde bruchsicher und rutschfest. An der oberen L\u00e4ngsseite einer Stauleiste befinden sich viele Zinken, die durch einfaches Zusammenstecken eine stabile und feste Verbindung ergeben. Die enge Rasterung der Zinken erm\u00f6glicht eine flexible Verstellbarkeit auf fast jeden Abstand.<\/p>\n<p>Geeignet f\u00fcr Gl\u00e4ser, Tassen, Flaschen, Haushaltsutensilien, Hygieneartikel, Lebensmittelbeh\u00e4ltnisse, B\u00fcromaterial, kleinteilige Werkzeuge,u.v.m.<\/p>\n<p>Material: ABS<\/p>\n","protected":false},"excerpt":{"rendered":"<p>Das Stecksystem besteht aus 8 Stauleisten, die einen variablen Facheinsatz ergeben. Die L\u00e4ngs- und Breitstege aus flexiblem Kunststoff bieten optimalen Trennschutz f\u00fcr verschiedene Artikel und stabilisieren dadurch ihre Gegenst\u00e4nde bruchsicher und rutschfest. An der oberen L\u00e4ngsseite einer Stauleiste befinden sich viele Zinken, die durch einfaches Zusammenstecken eine stabile und feste Verbindung ergeben. Die enge Rasterung [&hellip;]<\/p>\n","protected":false},"featured_media":92938,"template":"","meta":{"_acf_changed":false},"product_featured_cat":[],"product_brand":[3329],"product_cat":[5150],"product_tag":[],"class_list":{"0":"post-92964","1":"product","2":"type-product","3":"status-publish","4":"has-post-thumbnail","6":"product_brand-purvario-de","7":"product_cat-fixiermodule","9":"first","10":"instock","11":"taxable","12":"shipping-taxable","13":"purchasable","14":"product-type-variable"},"acf":[],"yoast_head":"<!-- This site is optimized with the Yoast SEO plugin v27.4 - https:\/\/yoast.com\/product\/yoast-seo-wordpress\/ -->\n<title>Stauleisten f\u00fcr Schubladen - Bantam Camping AG<\/title>\n<meta name=\"robots\" content=\"index, follow, max-snippet:-1, max-image-preview:large, max-video-preview:-1\" \/>\n<link rel=\"canonical\" href=\"https:\/\/shop.bantam.ch\/de\/produkt\/stauleisten-fuer-schubladen\/\" \/>\n<meta property=\"og:locale\" content=\"de_DE\" \/>\n<meta property=\"og:type\" content=\"article\" \/>\n<meta property=\"og:title\" content=\"Stauleisten f\u00fcr Schubladen - Bantam Camping AG\" \/>\n<meta property=\"og:description\" content=\"Das Stecksystem besteht aus 8 Stauleisten, die einen variablen Facheinsatz ergeben. Die L\u00e4ngs- und Breitstege aus flexiblem Kunststoff bieten optimalen Trennschutz f\u00fcr verschiedene Artikel und stabilisieren dadurch ihre Gegenst\u00e4nde bruchsicher und rutschfest. An der oberen L\u00e4ngsseite einer Stauleiste befinden sich viele Zinken, die durch einfaches Zusammenstecken eine stabile und feste Verbindung ergeben. Die enge Rasterung [&hellip;]\" \/>\n<meta property=\"og:url\" content=\"https:\/\/shop.bantam.ch\/de\/produkt\/stauleisten-fuer-schubladen\/\" \/>\n<meta property=\"og:site_name\" content=\"Bantam Camping AG\" \/>\n<meta property=\"article:modified_time\" content=\"2026-04-21T20:46:44+00:00\" \/>\n<meta property=\"og:image\" content=\"https:\/\/shop.bantam.ch\/wp-content\/uploads\/2023\/02\/9953840-100-1-3.png\" \/>\n\t<meta property=\"og:image:width\" content=\"1500\" \/>\n\t<meta property=\"og:image:height\" content=\"1189\" \/>\n\t<meta property=\"og:image:type\" content=\"image\/png\" \/>\n<meta name=\"twitter:card\" content=\"summary_large_image\" \/>\n<script type=\"application\/ld+json\" class=\"yoast-schema-graph\">{\"@context\":\"https:\\\/\\\/schema.org\",\"@graph\":[{\"@type\":\"WebPage\",\"@id\":\"https:\\\/\\\/shop.bantam.ch\\\/de\\\/produkt\\\/stauleisten-fuer-schubladen\\\/\",\"url\":\"https:\\\/\\\/shop.bantam.ch\\\/de\\\/produkt\\\/stauleisten-fuer-schubladen\\\/\",\"name\":\"Stauleisten f\u00fcr Schubladen - Bantam Camping AG\",\"isPartOf\":{\"@id\":\"https:\\\/\\\/shop.bantam.ch\\\/de\\\/#website\"},\"primaryImageOfPage\":{\"@id\":\"https:\\\/\\\/shop.bantam.ch\\\/de\\\/produkt\\\/stauleisten-fuer-schubladen\\\/#primaryimage\"},\"image\":{\"@id\":\"https:\\\/\\\/shop.bantam.ch\\\/de\\\/produkt\\\/stauleisten-fuer-schubladen\\\/#primaryimage\"},\"thumbnailUrl\":\"https:\\\/\\\/shop.bantam.ch\\\/wp-content\\\/uploads\\\/2023\\\/02\\\/9953840-100-1-3.png\",\"datePublished\":\"2023-02-28T03:18:52+00:00\",\"dateModified\":\"2026-04-21T20:46:44+00:00\",\"breadcrumb\":{\"@id\":\"https:\\\/\\\/shop.bantam.ch\\\/de\\\/produkt\\\/stauleisten-fuer-schubladen\\\/#breadcrumb\"},\"inLanguage\":\"de\",\"potentialAction\":[{\"@type\":\"ReadAction\",\"target\":[\"https:\\\/\\\/shop.bantam.ch\\\/de\\\/produkt\\\/stauleisten-fuer-schubladen\\\/\"]}]},{\"@type\":\"ImageObject\",\"inLanguage\":\"de\",\"@id\":\"https:\\\/\\\/shop.bantam.ch\\\/de\\\/produkt\\\/stauleisten-fuer-schubladen\\\/#primaryimage\",\"url\":\"https:\\\/\\\/shop.bantam.ch\\\/wp-content\\\/uploads\\\/2023\\\/02\\\/9953840-100-1-3.png\",\"contentUrl\":\"https:\\\/\\\/shop.bantam.ch\\\/wp-content\\\/uploads\\\/2023\\\/02\\\/9953840-100-1-3.png\",\"width\":1500,\"height\":1189},{\"@type\":\"BreadcrumbList\",\"@id\":\"https:\\\/\\\/shop.bantam.ch\\\/de\\\/produkt\\\/stauleisten-fuer-schubladen\\\/#breadcrumb\",\"itemListElement\":[{\"@type\":\"ListItem\",\"position\":1,\"name\":\"Accueil\",\"item\":\"https:\\\/\\\/shop.bantam.ch\\\/de\\\/\"},{\"@type\":\"ListItem\",\"position\":2,\"name\":\"Shop\",\"item\":\"https:\\\/\\\/shop.bantam.ch\\\/de\\\/shop\\\/\"},{\"@type\":\"ListItem\",\"position\":3,\"name\":\"Stauleisten f\u00fcr Schubladen\"}]},{\"@type\":\"WebSite\",\"@id\":\"https:\\\/\\\/shop.bantam.ch\\\/de\\\/#website\",\"url\":\"https:\\\/\\\/shop.bantam.ch\\\/de\\\/\",\"name\":\"Bantam Camping AG\",\"description\":\"\",\"publisher\":{\"@id\":\"https:\\\/\\\/shop.bantam.ch\\\/de\\\/#organization\"},\"inLanguage\":\"de\"},{\"@type\":\"Organization\",\"@id\":\"https:\\\/\\\/shop.bantam.ch\\\/de\\\/#organization\",\"name\":\"Bantam Camping AG\",\"url\":\"https:\\\/\\\/shop.bantam.ch\\\/de\\\/\",\"logo\":{\"@type\":\"ImageObject\",\"inLanguage\":\"de\",\"@id\":\"https:\\\/\\\/shop.bantam.ch\\\/de\\\/#\\\/schema\\\/logo\\\/image\\\/\",\"url\":\"https:\\\/\\\/shop.bantam.ch\\\/wp-content\\\/uploads\\\/2022\\\/12\\\/bantam-logo.png\",\"contentUrl\":\"https:\\\/\\\/shop.bantam.ch\\\/wp-content\\\/uploads\\\/2022\\\/12\\\/bantam-logo.png\",\"width\":320,\"height\":71,\"caption\":\"Bantam Camping AG\"},\"image\":{\"@id\":\"https:\\\/\\\/shop.bantam.ch\\\/de\\\/#\\\/schema\\\/logo\\\/image\\\/\"}}]}<\/script>\n<!-- \/ Yoast SEO plugin. -->","yoast_head_json":{"title":"Stauleisten f\u00fcr Schubladen - Bantam Camping AG","robots":{"index":"index","follow":"follow","max-snippet":"max-snippet:-1","max-image-preview":"max-image-preview:large","max-video-preview":"max-video-preview:-1"},"canonical":"https:\/\/shop.bantam.ch\/de\/produkt\/stauleisten-fuer-schubladen\/","og_locale":"de_DE","og_type":"article","og_title":"Stauleisten f\u00fcr Schubladen - Bantam Camping AG","og_description":"Das Stecksystem besteht aus 8 Stauleisten, die einen variablen Facheinsatz ergeben. Die L\u00e4ngs- und Breitstege aus flexiblem Kunststoff bieten optimalen Trennschutz f\u00fcr verschiedene Artikel und stabilisieren dadurch ihre Gegenst\u00e4nde bruchsicher und rutschfest. An der oberen L\u00e4ngsseite einer Stauleiste befinden sich viele Zinken, die durch einfaches Zusammenstecken eine stabile und feste Verbindung ergeben. Die enge Rasterung [&hellip;]","og_url":"https:\/\/shop.bantam.ch\/de\/produkt\/stauleisten-fuer-schubladen\/","og_site_name":"Bantam Camping AG","article_modified_time":"2026-04-21T20:46:44+00:00","og_image":[{"width":1500,"height":1189,"url":"https:\/\/shop.bantam.ch\/wp-content\/uploads\/2023\/02\/9953840-100-1-3.png","type":"image\/png"}],"twitter_card":"summary_large_image","schema":{"@context":"https:\/\/schema.org","@graph":[{"@type":"WebPage","@id":"https:\/\/shop.bantam.ch\/de\/produkt\/stauleisten-fuer-schubladen\/","url":"https:\/\/shop.bantam.ch\/de\/produkt\/stauleisten-fuer-schubladen\/","name":"Stauleisten f\u00fcr Schubladen - Bantam Camping AG","isPartOf":{"@id":"https:\/\/shop.bantam.ch\/de\/#website"},"primaryImageOfPage":{"@id":"https:\/\/shop.bantam.ch\/de\/produkt\/stauleisten-fuer-schubladen\/#primaryimage"},"image":{"@id":"https:\/\/shop.bantam.ch\/de\/produkt\/stauleisten-fuer-schubladen\/#primaryimage"},"thumbnailUrl":"https:\/\/shop.bantam.ch\/wp-content\/uploads\/2023\/02\/9953840-100-1-3.png","datePublished":"2023-02-28T03:18:52+00:00","dateModified":"2026-04-21T20:46:44+00:00","breadcrumb":{"@id":"https:\/\/shop.bantam.ch\/de\/produkt\/stauleisten-fuer-schubladen\/#breadcrumb"},"inLanguage":"de","potentialAction":[{"@type":"ReadAction","target":["https:\/\/shop.bantam.ch\/de\/produkt\/stauleisten-fuer-schubladen\/"]}]},{"@type":"ImageObject","inLanguage":"de","@id":"https:\/\/shop.bantam.ch\/de\/produkt\/stauleisten-fuer-schubladen\/#primaryimage","url":"https:\/\/shop.bantam.ch\/wp-content\/uploads\/2023\/02\/9953840-100-1-3.png","contentUrl":"https:\/\/shop.bantam.ch\/wp-content\/uploads\/2023\/02\/9953840-100-1-3.png","width":1500,"height":1189},{"@type":"BreadcrumbList","@id":"https:\/\/shop.bantam.ch\/de\/produkt\/stauleisten-fuer-schubladen\/#breadcrumb","itemListElement":[{"@type":"ListItem","position":1,"name":"Accueil","item":"https:\/\/shop.bantam.ch\/de\/"},{"@type":"ListItem","position":2,"name":"Shop","item":"https:\/\/shop.bantam.ch\/de\/shop\/"},{"@type":"ListItem","position":3,"name":"Stauleisten f\u00fcr Schubladen"}]},{"@type":"WebSite","@id":"https:\/\/shop.bantam.ch\/de\/#website","url":"https:\/\/shop.bantam.ch\/de\/","name":"Bantam Camping AG","description":"","publisher":{"@id":"https:\/\/shop.bantam.ch\/de\/#organization"},"inLanguage":"de"},{"@type":"Organization","@id":"https:\/\/shop.bantam.ch\/de\/#organization","name":"Bantam Camping AG","url":"https:\/\/shop.bantam.ch\/de\/","logo":{"@type":"ImageObject","inLanguage":"de","@id":"https:\/\/shop.bantam.ch\/de\/#\/schema\/logo\/image\/","url":"https:\/\/shop.bantam.ch\/wp-content\/uploads\/2022\/12\/bantam-logo.png","contentUrl":"https:\/\/shop.bantam.ch\/wp-content\/uploads\/2022\/12\/bantam-logo.png","width":320,"height":71,"caption":"Bantam Camping AG"},"image":{"@id":"https:\/\/shop.bantam.ch\/de\/#\/schema\/logo\/image\/"}}]}},"_links":{"self":[{"href":"https:\/\/shop.bantam.ch\/de\/wp-json\/wp\/v2\/product\/92964","targetHints":{"allow":["GET"]}}],"collection":[{"href":"https:\/\/shop.bantam.ch\/de\/wp-json\/wp\/v2\/product"}],"about":[{"href":"https:\/\/shop.bantam.ch\/de\/wp-json\/wp\/v2\/types\/product"}],"wp:featuredmedia":[{"embeddable":true,"href":"https:\/\/shop.bantam.ch\/de\/wp-json\/wp\/v2\/media\/92938"}],"wp:attachment":[{"href":"https:\/\/shop.bantam.ch\/de\/wp-json\/wp\/v2\/media?parent=92964"}],"wp:term":[{"taxonomy":"product_featured_cat","embeddable":true,"href":"https:\/\/shop.bantam.ch\/de\/wp-json\/wp\/v2\/product_featured_cat?post=92964"},{"taxonomy":"product_brand","embeddable":true,"href":"https:\/\/shop.bantam.ch\/de\/wp-json\/wp\/v2\/product_brand?post=92964"},{"taxonomy":"product_cat","embeddable":true,"href":"https:\/\/shop.bantam.ch\/de\/wp-json\/wp\/v2\/product_cat?post=92964"},{"taxonomy":"product_tag","embeddable":true,"href":"https:\/\/shop.bantam.ch\/de\/wp-json\/wp\/v2\/product_tag?post=92964"}],"curies":[{"name":"wp","href":"https:\/\/api.w.org\/{rel}","templated":true}]}}