{"id":92874,"date":"2023-02-28T04:17:38","date_gmt":"2023-02-28T03:17:38","guid":{"rendered":"http:\/\/shop.bantam.ch\/produit\/faltstuhl-arras\/"},"modified":"2026-04-18T22:46:16","modified_gmt":"2026-04-18T20:46:16","slug":"faltstuhl-arras","status":"publish","type":"product","link":"https:\/\/shop.bantam.ch\/de\/produkt\/faltstuhl-arras\/","title":{"rendered":"Faltstuhl Arras"},"content":{"rendered":"<p>Bequemer Klappstuhl mit stabilen Armlehnen und breiter Sitzfl\u00e4che. Der Stuhl hat ein stabiles Stahlgestell und l\u00e4sst sich leicht zusammenklappen. Der ger\u00e4umige Sitz und die hohe R\u00fcckenlehne bieten optimalen Sitzkomfort. Praktischer Getr\u00e4nkehalter, der innen zusammenklappt werden kann.<\/p>\n<p>Material: <br \/>Bezug: 100 % Polyester<br \/>Gestell: Stahl<\/p>\n<p>Lieferumfang:<br \/>Inklusive Tragetasche<\/p>\n","protected":false},"excerpt":{"rendered":"<p>Bequemer Klappstuhl mit stabilen Armlehnen und breiter Sitzfl\u00e4che. Der Stuhl hat ein stabiles Stahlgestell und l\u00e4sst sich leicht zusammenklappen. Der ger\u00e4umige Sitz und die hohe R\u00fcckenlehne bieten optimalen Sitzkomfort. Praktischer Getr\u00e4nkehalter, der innen zusammenklappt werden kann. Material: Bezug: 100 % PolyesterGestell: Stahl Lieferumfang:Inklusive Tragetasche<\/p>\n","protected":false},"featured_media":92848,"template":"","meta":{"_acf_changed":false},"product_featured_cat":[],"product_brand":[3075],"product_cat":[4972],"product_tag":[],"class_list":{"0":"post-92874","1":"product","2":"type-product","3":"status-publish","4":"has-post-thumbnail","6":"product_brand-eurotrail-de","7":"product_cat-campingstuehle","9":"first","10":"instock","11":"taxable","12":"shipping-taxable","13":"purchasable","14":"product-type-variable"},"acf":[],"yoast_head":"<!-- This site is optimized with the Yoast SEO plugin v27.4 - https:\/\/yoast.com\/product\/yoast-seo-wordpress\/ -->\n<title>Faltstuhl Arras - Bantam Camping AG<\/title>\n<meta name=\"robots\" content=\"index, follow, max-snippet:-1, max-image-preview:large, max-video-preview:-1\" \/>\n<link rel=\"canonical\" href=\"https:\/\/shop.bantam.ch\/de\/produkt\/faltstuhl-arras\/\" \/>\n<meta property=\"og:locale\" content=\"de_DE\" \/>\n<meta property=\"og:type\" content=\"article\" \/>\n<meta property=\"og:title\" content=\"Faltstuhl Arras - Bantam Camping AG\" \/>\n<meta property=\"og:description\" content=\"Bequemer Klappstuhl mit stabilen Armlehnen und breiter Sitzfl\u00e4che. Der Stuhl hat ein stabiles Stahlgestell und l\u00e4sst sich leicht zusammenklappen. Der ger\u00e4umige Sitz und die hohe R\u00fcckenlehne bieten optimalen Sitzkomfort. Praktischer Getr\u00e4nkehalter, der innen zusammenklappt werden kann. Material: Bezug: 100 % PolyesterGestell: Stahl Lieferumfang:Inklusive Tragetasche\" \/>\n<meta property=\"og:url\" content=\"https:\/\/shop.bantam.ch\/de\/produkt\/faltstuhl-arras\/\" \/>\n<meta property=\"og:site_name\" content=\"Bantam Camping AG\" \/>\n<meta property=\"article:modified_time\" content=\"2026-04-18T20:46:16+00:00\" \/>\n<meta property=\"og:image\" content=\"https:\/\/shop.bantam.ch\/wp-content\/uploads\/2023\/02\/994312411.jpg\" \/>\n\t<meta property=\"og:image:width\" content=\"797\" \/>\n\t<meta property=\"og:image:height\" content=\"1000\" \/>\n\t<meta property=\"og:image:type\" content=\"image\/jpeg\" \/>\n<meta name=\"twitter:card\" content=\"summary_large_image\" \/>\n<script type=\"application\/ld+json\" class=\"yoast-schema-graph\">{\"@context\":\"https:\\\/\\\/schema.org\",\"@graph\":[{\"@type\":\"WebPage\",\"@id\":\"https:\\\/\\\/shop.bantam.ch\\\/de\\\/produkt\\\/faltstuhl-arras\\\/\",\"url\":\"https:\\\/\\\/shop.bantam.ch\\\/de\\\/produkt\\\/faltstuhl-arras\\\/\",\"name\":\"Faltstuhl Arras - Bantam Camping AG\",\"isPartOf\":{\"@id\":\"https:\\\/\\\/shop.bantam.ch\\\/de\\\/#website\"},\"primaryImageOfPage\":{\"@id\":\"https:\\\/\\\/shop.bantam.ch\\\/de\\\/produkt\\\/faltstuhl-arras\\\/#primaryimage\"},\"image\":{\"@id\":\"https:\\\/\\\/shop.bantam.ch\\\/de\\\/produkt\\\/faltstuhl-arras\\\/#primaryimage\"},\"thumbnailUrl\":\"https:\\\/\\\/shop.bantam.ch\\\/wp-content\\\/uploads\\\/2023\\\/02\\\/994312411.jpg\",\"datePublished\":\"2023-02-28T03:17:38+00:00\",\"dateModified\":\"2026-04-18T20:46:16+00:00\",\"breadcrumb\":{\"@id\":\"https:\\\/\\\/shop.bantam.ch\\\/de\\\/produkt\\\/faltstuhl-arras\\\/#breadcrumb\"},\"inLanguage\":\"de\",\"potentialAction\":[{\"@type\":\"ReadAction\",\"target\":[\"https:\\\/\\\/shop.bantam.ch\\\/de\\\/produkt\\\/faltstuhl-arras\\\/\"]}]},{\"@type\":\"ImageObject\",\"inLanguage\":\"de\",\"@id\":\"https:\\\/\\\/shop.bantam.ch\\\/de\\\/produkt\\\/faltstuhl-arras\\\/#primaryimage\",\"url\":\"https:\\\/\\\/shop.bantam.ch\\\/wp-content\\\/uploads\\\/2023\\\/02\\\/994312411.jpg\",\"contentUrl\":\"https:\\\/\\\/shop.bantam.ch\\\/wp-content\\\/uploads\\\/2023\\\/02\\\/994312411.jpg\",\"width\":797,\"height\":1000},{\"@type\":\"BreadcrumbList\",\"@id\":\"https:\\\/\\\/shop.bantam.ch\\\/de\\\/produkt\\\/faltstuhl-arras\\\/#breadcrumb\",\"itemListElement\":[{\"@type\":\"ListItem\",\"position\":1,\"name\":\"Accueil\",\"item\":\"https:\\\/\\\/shop.bantam.ch\\\/de\\\/\"},{\"@type\":\"ListItem\",\"position\":2,\"name\":\"Shop\",\"item\":\"https:\\\/\\\/shop.bantam.ch\\\/de\\\/shop\\\/\"},{\"@type\":\"ListItem\",\"position\":3,\"name\":\"Faltstuhl Arras\"}]},{\"@type\":\"WebSite\",\"@id\":\"https:\\\/\\\/shop.bantam.ch\\\/de\\\/#website\",\"url\":\"https:\\\/\\\/shop.bantam.ch\\\/de\\\/\",\"name\":\"Bantam Camping AG\",\"description\":\"\",\"publisher\":{\"@id\":\"https:\\\/\\\/shop.bantam.ch\\\/de\\\/#organization\"},\"inLanguage\":\"de\"},{\"@type\":\"Organization\",\"@id\":\"https:\\\/\\\/shop.bantam.ch\\\/de\\\/#organization\",\"name\":\"Bantam Camping AG\",\"url\":\"https:\\\/\\\/shop.bantam.ch\\\/de\\\/\",\"logo\":{\"@type\":\"ImageObject\",\"inLanguage\":\"de\",\"@id\":\"https:\\\/\\\/shop.bantam.ch\\\/de\\\/#\\\/schema\\\/logo\\\/image\\\/\",\"url\":\"https:\\\/\\\/shop.bantam.ch\\\/wp-content\\\/uploads\\\/2022\\\/12\\\/bantam-logo.png\",\"contentUrl\":\"https:\\\/\\\/shop.bantam.ch\\\/wp-content\\\/uploads\\\/2022\\\/12\\\/bantam-logo.png\",\"width\":320,\"height\":71,\"caption\":\"Bantam Camping AG\"},\"image\":{\"@id\":\"https:\\\/\\\/shop.bantam.ch\\\/de\\\/#\\\/schema\\\/logo\\\/image\\\/\"}}]}<\/script>\n<!-- \/ Yoast SEO plugin. -->","yoast_head_json":{"title":"Faltstuhl Arras - Bantam Camping AG","robots":{"index":"index","follow":"follow","max-snippet":"max-snippet:-1","max-image-preview":"max-image-preview:large","max-video-preview":"max-video-preview:-1"},"canonical":"https:\/\/shop.bantam.ch\/de\/produkt\/faltstuhl-arras\/","og_locale":"de_DE","og_type":"article","og_title":"Faltstuhl Arras - Bantam Camping AG","og_description":"Bequemer Klappstuhl mit stabilen Armlehnen und breiter Sitzfl\u00e4che. Der Stuhl hat ein stabiles Stahlgestell und l\u00e4sst sich leicht zusammenklappen. Der ger\u00e4umige Sitz und die hohe R\u00fcckenlehne bieten optimalen Sitzkomfort. Praktischer Getr\u00e4nkehalter, der innen zusammenklappt werden kann. Material: Bezug: 100 % PolyesterGestell: Stahl Lieferumfang:Inklusive Tragetasche","og_url":"https:\/\/shop.bantam.ch\/de\/produkt\/faltstuhl-arras\/","og_site_name":"Bantam Camping AG","article_modified_time":"2026-04-18T20:46:16+00:00","og_image":[{"width":797,"height":1000,"url":"https:\/\/shop.bantam.ch\/wp-content\/uploads\/2023\/02\/994312411.jpg","type":"image\/jpeg"}],"twitter_card":"summary_large_image","schema":{"@context":"https:\/\/schema.org","@graph":[{"@type":"WebPage","@id":"https:\/\/shop.bantam.ch\/de\/produkt\/faltstuhl-arras\/","url":"https:\/\/shop.bantam.ch\/de\/produkt\/faltstuhl-arras\/","name":"Faltstuhl Arras - Bantam Camping AG","isPartOf":{"@id":"https:\/\/shop.bantam.ch\/de\/#website"},"primaryImageOfPage":{"@id":"https:\/\/shop.bantam.ch\/de\/produkt\/faltstuhl-arras\/#primaryimage"},"image":{"@id":"https:\/\/shop.bantam.ch\/de\/produkt\/faltstuhl-arras\/#primaryimage"},"thumbnailUrl":"https:\/\/shop.bantam.ch\/wp-content\/uploads\/2023\/02\/994312411.jpg","datePublished":"2023-02-28T03:17:38+00:00","dateModified":"2026-04-18T20:46:16+00:00","breadcrumb":{"@id":"https:\/\/shop.bantam.ch\/de\/produkt\/faltstuhl-arras\/#breadcrumb"},"inLanguage":"de","potentialAction":[{"@type":"ReadAction","target":["https:\/\/shop.bantam.ch\/de\/produkt\/faltstuhl-arras\/"]}]},{"@type":"ImageObject","inLanguage":"de","@id":"https:\/\/shop.bantam.ch\/de\/produkt\/faltstuhl-arras\/#primaryimage","url":"https:\/\/shop.bantam.ch\/wp-content\/uploads\/2023\/02\/994312411.jpg","contentUrl":"https:\/\/shop.bantam.ch\/wp-content\/uploads\/2023\/02\/994312411.jpg","width":797,"height":1000},{"@type":"BreadcrumbList","@id":"https:\/\/shop.bantam.ch\/de\/produkt\/faltstuhl-arras\/#breadcrumb","itemListElement":[{"@type":"ListItem","position":1,"name":"Accueil","item":"https:\/\/shop.bantam.ch\/de\/"},{"@type":"ListItem","position":2,"name":"Shop","item":"https:\/\/shop.bantam.ch\/de\/shop\/"},{"@type":"ListItem","position":3,"name":"Faltstuhl Arras"}]},{"@type":"WebSite","@id":"https:\/\/shop.bantam.ch\/de\/#website","url":"https:\/\/shop.bantam.ch\/de\/","name":"Bantam Camping AG","description":"","publisher":{"@id":"https:\/\/shop.bantam.ch\/de\/#organization"},"inLanguage":"de"},{"@type":"Organization","@id":"https:\/\/shop.bantam.ch\/de\/#organization","name":"Bantam Camping AG","url":"https:\/\/shop.bantam.ch\/de\/","logo":{"@type":"ImageObject","inLanguage":"de","@id":"https:\/\/shop.bantam.ch\/de\/#\/schema\/logo\/image\/","url":"https:\/\/shop.bantam.ch\/wp-content\/uploads\/2022\/12\/bantam-logo.png","contentUrl":"https:\/\/shop.bantam.ch\/wp-content\/uploads\/2022\/12\/bantam-logo.png","width":320,"height":71,"caption":"Bantam Camping AG"},"image":{"@id":"https:\/\/shop.bantam.ch\/de\/#\/schema\/logo\/image\/"}}]}},"_links":{"self":[{"href":"https:\/\/shop.bantam.ch\/de\/wp-json\/wp\/v2\/product\/92874","targetHints":{"allow":["GET"]}}],"collection":[{"href":"https:\/\/shop.bantam.ch\/de\/wp-json\/wp\/v2\/product"}],"about":[{"href":"https:\/\/shop.bantam.ch\/de\/wp-json\/wp\/v2\/types\/product"}],"wp:featuredmedia":[{"embeddable":true,"href":"https:\/\/shop.bantam.ch\/de\/wp-json\/wp\/v2\/media\/92848"}],"wp:attachment":[{"href":"https:\/\/shop.bantam.ch\/de\/wp-json\/wp\/v2\/media?parent=92874"}],"wp:term":[{"taxonomy":"product_featured_cat","embeddable":true,"href":"https:\/\/shop.bantam.ch\/de\/wp-json\/wp\/v2\/product_featured_cat?post=92874"},{"taxonomy":"product_brand","embeddable":true,"href":"https:\/\/shop.bantam.ch\/de\/wp-json\/wp\/v2\/product_brand?post=92874"},{"taxonomy":"product_cat","embeddable":true,"href":"https:\/\/shop.bantam.ch\/de\/wp-json\/wp\/v2\/product_cat?post=92874"},{"taxonomy":"product_tag","embeddable":true,"href":"https:\/\/shop.bantam.ch\/de\/wp-json\/wp\/v2\/product_tag?post=92874"}],"curies":[{"name":"wp","href":"https:\/\/api.w.org\/{rel}","templated":true}]}}