{"id":92748,"date":"2023-02-28T04:16:01","date_gmt":"2023-02-28T03:16:01","guid":{"rendered":"http:\/\/shop.bantam.ch\/produit\/satanlage-automatisch-flastsat-easy-bt\/"},"modified":"2026-04-17T22:44:04","modified_gmt":"2026-04-17T20:44:04","slug":"satanlage-automatisch-flastsat-easy-bt","status":"publish","type":"product","link":"https:\/\/shop.bantam.ch\/de\/produkt\/satanlage-automatisch-flastsat-easy-bt\/","title":{"rendered":"Satanlage automatisch Flastsat Easy BT"},"content":{"rendered":"<p>Automatische HD-Satellitenanlage mit 16 abgespeicherten Satelliten<\/p>\n<p>Ausgestattet mit einer Steuereinheit DVB-S2 mit OLED-Grafikdisplay und mit 2 Tasten zum Starten des Satellitensuchlaufs oder zum Senken der Parabolsch\u00fcssel. Kann mithilfe der TELECO-APP auch per Bluetooth \u00fcber Ihr Smartphone gesteuert werden. Des Weiteren ist die Steuereinheit mit einem CI-BUS-Anschluss ausgestattet. S\u00e4mtliche Softwareaktualisierungen k\u00f6nnen, sobald sie auf der TELECO App bereitgestellt werden, vom Benutzer direkt per Bluetooth vom eigenen Smartphone aus geladen werden. <br \/>Alternativ dazu kann das mit nur 2 Tasten und mit Grafikdisplay versehene Minibedienpanel verwendet werden. Des Weiteren ist die Steuereinheit mit einem CI-BUS-Anschluss ausgestattet.<br \/>Durch die Verwendung von leichtgewichtigen und dennoch \u00e4u\u00dferst strapazierf\u00e4higen Materialien hebt sich Teleco von anderen Marken ab. Dies b\u00fcrgt f\u00fcr eine dauerhafte Haltbarkeit der Ger\u00e4te, die jahrelang erhalten bleiben. Das Gewicht und die Bauh\u00f6he der automatischen Antennen der Teleco sind auf ein Minimum reduziert, ohne dadurch an Qualit\u00e4t einzub\u00fc\u00dfen.<\/p>\n<ul>\n<li>Verdrehsicherer Tragearm mit aerodynamischen Profil<\/li>\n<li>Spezial-Aluminium-Spritzgu\u00df DIE-CASTING (leichter und steifer) mit Epoxydlackierung als Korrosionsschutz<\/li>\n<li>Zahnr\u00e4der aus Stahl und Bronze<\/li>\n<li>Motorisch angetriebene Anlage mit Zahnr\u00e4dern aus Stahl und Bronze f\u00fcr eine perfekte und stets stabile Anpeilung des Satelliten<\/li>\n<li>Integrierte Sicherheitssysteme. Automatisches Senke der Antenne beim Starten des Fahrzeugmotors\n<p>Steuereinheit DVB-S2 HD:<\/p>\n<ul>\n<li>Versorgungsspannung: 12\/24 Vdc (10-31 Vdc)<\/li>\n<li>Max. Verbrauch: 3,2 A<\/li>\n<li>Abmessungen: 160 x 115 x 25 mm<\/li>\n<li>Gewicht: 250 g<\/li>\n<\/ul>\n<p>Zur Steuerung der Antenne gibt es 4 verschiedene M\u00f6glichkeiten:<\/p>\n<ul>\n<li>Bet\u00e4tigung einer Taste auf der Steuereinheit<\/li>\n<li>Mit dem neuen Minibedienpanel mit Display<\/li>\n<li>\u00dcber das CI-BUS-Bedienpanel (nicht inbegriffen)<\/li>\n<li>Wenn die Antenne mit einem Teleco Fernsehger\u00e4t Mod TEK kombiniert, kann sie direkt mit der Fernbedienung des Fernsehger\u00e4ts (Mod. Komfort und Elegance) gesteuert werden<\/li>\n<\/ul>\n<p>Lieferumfang:<br \/>1 externe Satellitenantenne<br \/>1 Steuereinheit DVB-S2 komplett mit Kabeln<br \/>1 Bedienpanel<br \/>Schutzhaube LNB<\/p>\n<\/li>\n<\/ul>\n","protected":false},"excerpt":{"rendered":"<p>Automatische HD-Satellitenanlage mit 16 abgespeicherten Satelliten Ausgestattet mit einer Steuereinheit DVB-S2 mit OLED-Grafikdisplay und mit 2 Tasten zum Starten des Satellitensuchlaufs oder zum Senken der Parabolsch\u00fcssel. Kann mithilfe der TELECO-APP auch per Bluetooth \u00fcber Ihr Smartphone gesteuert werden. Des Weiteren ist die Steuereinheit mit einem CI-BUS-Anschluss ausgestattet. S\u00e4mtliche Softwareaktualisierungen k\u00f6nnen, sobald sie auf der TELECO [&hellip;]<\/p>\n","protected":false},"featured_media":92646,"template":"","meta":{"_acf_changed":false},"product_featured_cat":[],"product_brand":[3231],"product_cat":[4524],"product_tag":[],"class_list":{"0":"post-92748","1":"product","2":"type-product","3":"status-publish","4":"has-post-thumbnail","6":"product_brand-teleco-de","7":"product_cat-sat-anlagen","9":"first","10":"instock","11":"taxable","12":"shipping-taxable","13":"purchasable","14":"product-type-variable"},"acf":[],"yoast_head":"<!-- This site is optimized with the Yoast SEO plugin v27.4 - https:\/\/yoast.com\/product\/yoast-seo-wordpress\/ -->\n<title>Satanlage automatisch Flastsat Easy BT - Bantam Camping AG<\/title>\n<meta name=\"robots\" content=\"index, follow, max-snippet:-1, max-image-preview:large, max-video-preview:-1\" \/>\n<link rel=\"canonical\" href=\"https:\/\/shop.bantam.ch\/de\/produkt\/satanlage-automatisch-flastsat-easy-bt\/\" \/>\n<meta property=\"og:locale\" content=\"de_DE\" \/>\n<meta property=\"og:type\" content=\"article\" \/>\n<meta property=\"og:title\" content=\"Satanlage automatisch Flastsat Easy BT - Bantam Camping AG\" \/>\n<meta property=\"og:description\" content=\"Automatische HD-Satellitenanlage mit 16 abgespeicherten Satelliten Ausgestattet mit einer Steuereinheit DVB-S2 mit OLED-Grafikdisplay und mit 2 Tasten zum Starten des Satellitensuchlaufs oder zum Senken der Parabolsch\u00fcssel. Kann mithilfe der TELECO-APP auch per Bluetooth \u00fcber Ihr Smartphone gesteuert werden. Des Weiteren ist die Steuereinheit mit einem CI-BUS-Anschluss ausgestattet. S\u00e4mtliche Softwareaktualisierungen k\u00f6nnen, sobald sie auf der TELECO [&hellip;]\" \/>\n<meta property=\"og:url\" content=\"https:\/\/shop.bantam.ch\/de\/produkt\/satanlage-automatisch-flastsat-easy-bt\/\" \/>\n<meta property=\"og:site_name\" content=\"Bantam Camping AG\" \/>\n<meta property=\"article:modified_time\" content=\"2026-04-17T20:44:04+00:00\" \/>\n<meta property=\"og:image\" content=\"https:\/\/shop.bantam.ch\/wp-content\/uploads\/2023\/02\/993942911.jpg\" \/>\n\t<meta property=\"og:image:width\" content=\"815\" \/>\n\t<meta property=\"og:image:height\" content=\"1000\" \/>\n\t<meta property=\"og:image:type\" content=\"image\/jpeg\" \/>\n<meta name=\"twitter:card\" content=\"summary_large_image\" \/>\n<meta name=\"twitter:label1\" content=\"Gesch\u00e4tzte Lesezeit\" \/>\n\t<meta name=\"twitter:data1\" content=\"1\u00a0Minute\" \/>\n<script type=\"application\/ld+json\" class=\"yoast-schema-graph\">{\"@context\":\"https:\\\/\\\/schema.org\",\"@graph\":[{\"@type\":\"WebPage\",\"@id\":\"https:\\\/\\\/shop.bantam.ch\\\/de\\\/produkt\\\/satanlage-automatisch-flastsat-easy-bt\\\/\",\"url\":\"https:\\\/\\\/shop.bantam.ch\\\/de\\\/produkt\\\/satanlage-automatisch-flastsat-easy-bt\\\/\",\"name\":\"Satanlage automatisch Flastsat Easy BT - Bantam Camping AG\",\"isPartOf\":{\"@id\":\"https:\\\/\\\/shop.bantam.ch\\\/de\\\/#website\"},\"primaryImageOfPage\":{\"@id\":\"https:\\\/\\\/shop.bantam.ch\\\/de\\\/produkt\\\/satanlage-automatisch-flastsat-easy-bt\\\/#primaryimage\"},\"image\":{\"@id\":\"https:\\\/\\\/shop.bantam.ch\\\/de\\\/produkt\\\/satanlage-automatisch-flastsat-easy-bt\\\/#primaryimage\"},\"thumbnailUrl\":\"https:\\\/\\\/shop.bantam.ch\\\/wp-content\\\/uploads\\\/2023\\\/02\\\/993942911.jpg\",\"datePublished\":\"2023-02-28T03:16:01+00:00\",\"dateModified\":\"2026-04-17T20:44:04+00:00\",\"breadcrumb\":{\"@id\":\"https:\\\/\\\/shop.bantam.ch\\\/de\\\/produkt\\\/satanlage-automatisch-flastsat-easy-bt\\\/#breadcrumb\"},\"inLanguage\":\"de\",\"potentialAction\":[{\"@type\":\"ReadAction\",\"target\":[\"https:\\\/\\\/shop.bantam.ch\\\/de\\\/produkt\\\/satanlage-automatisch-flastsat-easy-bt\\\/\"]}]},{\"@type\":\"ImageObject\",\"inLanguage\":\"de\",\"@id\":\"https:\\\/\\\/shop.bantam.ch\\\/de\\\/produkt\\\/satanlage-automatisch-flastsat-easy-bt\\\/#primaryimage\",\"url\":\"https:\\\/\\\/shop.bantam.ch\\\/wp-content\\\/uploads\\\/2023\\\/02\\\/993942911.jpg\",\"contentUrl\":\"https:\\\/\\\/shop.bantam.ch\\\/wp-content\\\/uploads\\\/2023\\\/02\\\/993942911.jpg\",\"width\":815,\"height\":1000},{\"@type\":\"BreadcrumbList\",\"@id\":\"https:\\\/\\\/shop.bantam.ch\\\/de\\\/produkt\\\/satanlage-automatisch-flastsat-easy-bt\\\/#breadcrumb\",\"itemListElement\":[{\"@type\":\"ListItem\",\"position\":1,\"name\":\"Accueil\",\"item\":\"https:\\\/\\\/shop.bantam.ch\\\/de\\\/\"},{\"@type\":\"ListItem\",\"position\":2,\"name\":\"Shop\",\"item\":\"https:\\\/\\\/shop.bantam.ch\\\/de\\\/shop\\\/\"},{\"@type\":\"ListItem\",\"position\":3,\"name\":\"Satanlage automatisch Flastsat Easy BT\"}]},{\"@type\":\"WebSite\",\"@id\":\"https:\\\/\\\/shop.bantam.ch\\\/de\\\/#website\",\"url\":\"https:\\\/\\\/shop.bantam.ch\\\/de\\\/\",\"name\":\"Bantam Camping AG\",\"description\":\"\",\"publisher\":{\"@id\":\"https:\\\/\\\/shop.bantam.ch\\\/de\\\/#organization\"},\"inLanguage\":\"de\"},{\"@type\":\"Organization\",\"@id\":\"https:\\\/\\\/shop.bantam.ch\\\/de\\\/#organization\",\"name\":\"Bantam Camping AG\",\"url\":\"https:\\\/\\\/shop.bantam.ch\\\/de\\\/\",\"logo\":{\"@type\":\"ImageObject\",\"inLanguage\":\"de\",\"@id\":\"https:\\\/\\\/shop.bantam.ch\\\/de\\\/#\\\/schema\\\/logo\\\/image\\\/\",\"url\":\"https:\\\/\\\/shop.bantam.ch\\\/wp-content\\\/uploads\\\/2022\\\/12\\\/bantam-logo.png\",\"contentUrl\":\"https:\\\/\\\/shop.bantam.ch\\\/wp-content\\\/uploads\\\/2022\\\/12\\\/bantam-logo.png\",\"width\":320,\"height\":71,\"caption\":\"Bantam Camping AG\"},\"image\":{\"@id\":\"https:\\\/\\\/shop.bantam.ch\\\/de\\\/#\\\/schema\\\/logo\\\/image\\\/\"}}]}<\/script>\n<!-- \/ Yoast SEO plugin. -->","yoast_head_json":{"title":"Satanlage automatisch Flastsat Easy BT - Bantam Camping AG","robots":{"index":"index","follow":"follow","max-snippet":"max-snippet:-1","max-image-preview":"max-image-preview:large","max-video-preview":"max-video-preview:-1"},"canonical":"https:\/\/shop.bantam.ch\/de\/produkt\/satanlage-automatisch-flastsat-easy-bt\/","og_locale":"de_DE","og_type":"article","og_title":"Satanlage automatisch Flastsat Easy BT - Bantam Camping AG","og_description":"Automatische HD-Satellitenanlage mit 16 abgespeicherten Satelliten Ausgestattet mit einer Steuereinheit DVB-S2 mit OLED-Grafikdisplay und mit 2 Tasten zum Starten des Satellitensuchlaufs oder zum Senken der Parabolsch\u00fcssel. Kann mithilfe der TELECO-APP auch per Bluetooth \u00fcber Ihr Smartphone gesteuert werden. Des Weiteren ist die Steuereinheit mit einem CI-BUS-Anschluss ausgestattet. S\u00e4mtliche Softwareaktualisierungen k\u00f6nnen, sobald sie auf der TELECO [&hellip;]","og_url":"https:\/\/shop.bantam.ch\/de\/produkt\/satanlage-automatisch-flastsat-easy-bt\/","og_site_name":"Bantam Camping AG","article_modified_time":"2026-04-17T20:44:04+00:00","og_image":[{"width":815,"height":1000,"url":"https:\/\/shop.bantam.ch\/wp-content\/uploads\/2023\/02\/993942911.jpg","type":"image\/jpeg"}],"twitter_card":"summary_large_image","twitter_misc":{"Gesch\u00e4tzte Lesezeit":"1\u00a0Minute"},"schema":{"@context":"https:\/\/schema.org","@graph":[{"@type":"WebPage","@id":"https:\/\/shop.bantam.ch\/de\/produkt\/satanlage-automatisch-flastsat-easy-bt\/","url":"https:\/\/shop.bantam.ch\/de\/produkt\/satanlage-automatisch-flastsat-easy-bt\/","name":"Satanlage automatisch Flastsat Easy BT - Bantam Camping AG","isPartOf":{"@id":"https:\/\/shop.bantam.ch\/de\/#website"},"primaryImageOfPage":{"@id":"https:\/\/shop.bantam.ch\/de\/produkt\/satanlage-automatisch-flastsat-easy-bt\/#primaryimage"},"image":{"@id":"https:\/\/shop.bantam.ch\/de\/produkt\/satanlage-automatisch-flastsat-easy-bt\/#primaryimage"},"thumbnailUrl":"https:\/\/shop.bantam.ch\/wp-content\/uploads\/2023\/02\/993942911.jpg","datePublished":"2023-02-28T03:16:01+00:00","dateModified":"2026-04-17T20:44:04+00:00","breadcrumb":{"@id":"https:\/\/shop.bantam.ch\/de\/produkt\/satanlage-automatisch-flastsat-easy-bt\/#breadcrumb"},"inLanguage":"de","potentialAction":[{"@type":"ReadAction","target":["https:\/\/shop.bantam.ch\/de\/produkt\/satanlage-automatisch-flastsat-easy-bt\/"]}]},{"@type":"ImageObject","inLanguage":"de","@id":"https:\/\/shop.bantam.ch\/de\/produkt\/satanlage-automatisch-flastsat-easy-bt\/#primaryimage","url":"https:\/\/shop.bantam.ch\/wp-content\/uploads\/2023\/02\/993942911.jpg","contentUrl":"https:\/\/shop.bantam.ch\/wp-content\/uploads\/2023\/02\/993942911.jpg","width":815,"height":1000},{"@type":"BreadcrumbList","@id":"https:\/\/shop.bantam.ch\/de\/produkt\/satanlage-automatisch-flastsat-easy-bt\/#breadcrumb","itemListElement":[{"@type":"ListItem","position":1,"name":"Accueil","item":"https:\/\/shop.bantam.ch\/de\/"},{"@type":"ListItem","position":2,"name":"Shop","item":"https:\/\/shop.bantam.ch\/de\/shop\/"},{"@type":"ListItem","position":3,"name":"Satanlage automatisch Flastsat Easy BT"}]},{"@type":"WebSite","@id":"https:\/\/shop.bantam.ch\/de\/#website","url":"https:\/\/shop.bantam.ch\/de\/","name":"Bantam Camping AG","description":"","publisher":{"@id":"https:\/\/shop.bantam.ch\/de\/#organization"},"inLanguage":"de"},{"@type":"Organization","@id":"https:\/\/shop.bantam.ch\/de\/#organization","name":"Bantam Camping AG","url":"https:\/\/shop.bantam.ch\/de\/","logo":{"@type":"ImageObject","inLanguage":"de","@id":"https:\/\/shop.bantam.ch\/de\/#\/schema\/logo\/image\/","url":"https:\/\/shop.bantam.ch\/wp-content\/uploads\/2022\/12\/bantam-logo.png","contentUrl":"https:\/\/shop.bantam.ch\/wp-content\/uploads\/2022\/12\/bantam-logo.png","width":320,"height":71,"caption":"Bantam Camping AG"},"image":{"@id":"https:\/\/shop.bantam.ch\/de\/#\/schema\/logo\/image\/"}}]}},"_links":{"self":[{"href":"https:\/\/shop.bantam.ch\/de\/wp-json\/wp\/v2\/product\/92748","targetHints":{"allow":["GET"]}}],"collection":[{"href":"https:\/\/shop.bantam.ch\/de\/wp-json\/wp\/v2\/product"}],"about":[{"href":"https:\/\/shop.bantam.ch\/de\/wp-json\/wp\/v2\/types\/product"}],"wp:featuredmedia":[{"embeddable":true,"href":"https:\/\/shop.bantam.ch\/de\/wp-json\/wp\/v2\/media\/92646"}],"wp:attachment":[{"href":"https:\/\/shop.bantam.ch\/de\/wp-json\/wp\/v2\/media?parent=92748"}],"wp:term":[{"taxonomy":"product_featured_cat","embeddable":true,"href":"https:\/\/shop.bantam.ch\/de\/wp-json\/wp\/v2\/product_featured_cat?post=92748"},{"taxonomy":"product_brand","embeddable":true,"href":"https:\/\/shop.bantam.ch\/de\/wp-json\/wp\/v2\/product_brand?post=92748"},{"taxonomy":"product_cat","embeddable":true,"href":"https:\/\/shop.bantam.ch\/de\/wp-json\/wp\/v2\/product_cat?post=92748"},{"taxonomy":"product_tag","embeddable":true,"href":"https:\/\/shop.bantam.ch\/de\/wp-json\/wp\/v2\/product_tag?post=92748"}],"curies":[{"name":"wp","href":"https:\/\/api.w.org\/{rel}","templated":true}]}}