{"id":92486,"date":"2023-02-28T04:13:37","date_gmt":"2023-02-28T03:13:37","guid":{"rendered":"http:\/\/shop.bantam.ch\/produit\/kuehlschrank-mit-rahmen\/"},"modified":"2026-04-18T22:45:46","modified_gmt":"2026-04-18T20:45:46","slug":"kuehlschrank-mit-rahmen","status":"publish","type":"product","link":"https:\/\/shop.bantam.ch\/de\/produkt\/kuehlschrank-mit-rahmen\/","title":{"rendered":"K\u00fchlschrank, mit Rahmen"},"content":{"rendered":"<p>Der K\u00fchlschrank N4000 ist durchgehend k\u00fchl. Ganz gleich, wie die Stromversorgung aussieht, der K\u00fchlschrank bleibt k\u00fchl &#8211; immer und \u00fcberall. Das ist der intelligenten, patentierten Elektronik zu verdanken, die eine selbstregulierende Stromversorgung sicherstellt.\u00a0 Die Automatikfunktionen, das Selbstdiagnosesystem und eine einfache Inbetriebnahme machen den K\u00fchlschrank zu einem der besten und effizientesten mobilen K\u00fchlschr\u00e4nke auf dem aktuellen Freizeitmarkt.<\/p>\n<p>CI-BUS-Verbindung:<br \/>Mit dieser Funktion ist es m\u00f6glich, den K\u00fchlschrank mit dem zentralen Display des Fahrzeugs zu verbinden (nicht m\u00f6glich bei Vewendung eines Battery Packs). \u00dcber das zentrale Displaymodul des Fahrzeugs k\u00f6nnen Sie dann Ihren K\u00fchlschrank steuern: Sie k\u00f6nnen ihn ein- und ausschalten, die Energiequelle w\u00e4hlen und die Temperatureinstellung regeln.<\/p>\n<ul>\n<li>Innenbeleuchtung<\/li>\n<li>Linker T\u00fcranschlag (inkl. Kit f\u00fcr das Wechseln des T\u00fcranschlags von links auf rechts)<\/li>\n<li>Standard CI-BUS<\/li>\n<li>Betrieb mit Gleichstrom, Wechselstrom und Gas. Stromversorgungs- und Gasanschluss an der unteren R\u00fcckseite des K\u00fchlschrankes<\/li>\n<li>Energiearten- und Fehleranzeige<\/li>\n<li>Elektrische Z\u00fcndung und Gasventil<\/li>\n<li>Diagnoseanzeige mit Fehlercode<\/li>\n<\/ul>\n<p>\u00a0<\/p>\n","protected":false},"excerpt":{"rendered":"<p>Der K\u00fchlschrank N4000 ist durchgehend k\u00fchl. Ganz gleich, wie die Stromversorgung aussieht, der K\u00fchlschrank bleibt k\u00fchl &#8211; immer und \u00fcberall. Das ist der intelligenten, patentierten Elektronik zu verdanken, die eine selbstregulierende Stromversorgung sicherstellt.\u00a0 Die Automatikfunktionen, das Selbstdiagnosesystem und eine einfache Inbetriebnahme machen den K\u00fchlschrank zu einem der besten und effizientesten mobilen K\u00fchlschr\u00e4nke auf dem aktuellen [&hellip;]<\/p>\n","protected":false},"featured_media":92458,"template":"","meta":{"_acf_changed":false},"product_featured_cat":[],"product_brand":[3067],"product_cat":[4552],"product_tag":[],"class_list":{"0":"post-92486","1":"product","2":"type-product","3":"status-publish","4":"has-post-thumbnail","6":"product_brand-thetford-de","7":"product_cat-absorber-kuehlschraenke","9":"first","10":"instock","11":"taxable","12":"shipping-taxable","13":"purchasable","14":"product-type-variable"},"acf":[],"yoast_head":"<!-- This site is optimized with the Yoast SEO plugin v27.4 - https:\/\/yoast.com\/product\/yoast-seo-wordpress\/ -->\n<title>K\u00fchlschrank, mit Rahmen - Bantam Camping AG<\/title>\n<meta name=\"robots\" content=\"index, follow, max-snippet:-1, max-image-preview:large, max-video-preview:-1\" \/>\n<link rel=\"canonical\" href=\"https:\/\/shop.bantam.ch\/de\/produkt\/kuehlschrank-mit-rahmen\/\" \/>\n<meta property=\"og:locale\" content=\"de_DE\" \/>\n<meta property=\"og:type\" content=\"article\" \/>\n<meta property=\"og:title\" content=\"K\u00fchlschrank, mit Rahmen - Bantam Camping AG\" \/>\n<meta property=\"og:description\" content=\"Der K\u00fchlschrank N4000 ist durchgehend k\u00fchl. Ganz gleich, wie die Stromversorgung aussieht, der K\u00fchlschrank bleibt k\u00fchl &#8211; immer und \u00fcberall. Das ist der intelligenten, patentierten Elektronik zu verdanken, die eine selbstregulierende Stromversorgung sicherstellt.\u00a0 Die Automatikfunktionen, das Selbstdiagnosesystem und eine einfache Inbetriebnahme machen den K\u00fchlschrank zu einem der besten und effizientesten mobilen K\u00fchlschr\u00e4nke auf dem aktuellen [&hellip;]\" \/>\n<meta property=\"og:url\" content=\"https:\/\/shop.bantam.ch\/de\/produkt\/kuehlschrank-mit-rahmen\/\" \/>\n<meta property=\"og:site_name\" content=\"Bantam Camping AG\" \/>\n<meta property=\"article:modified_time\" content=\"2026-04-18T20:45:46+00:00\" \/>\n<meta property=\"og:image\" content=\"https:\/\/shop.bantam.ch\/wp-content\/uploads\/2023\/02\/994310311.jpg\" \/>\n\t<meta property=\"og:image:width\" content=\"375\" \/>\n\t<meta property=\"og:image:height\" content=\"500\" \/>\n\t<meta property=\"og:image:type\" content=\"image\/jpeg\" \/>\n<meta name=\"twitter:card\" content=\"summary_large_image\" \/>\n<meta name=\"twitter:label1\" content=\"Gesch\u00e4tzte Lesezeit\" \/>\n\t<meta name=\"twitter:data1\" content=\"1\u00a0Minute\" \/>\n<script type=\"application\/ld+json\" class=\"yoast-schema-graph\">{\"@context\":\"https:\\\/\\\/schema.org\",\"@graph\":[{\"@type\":\"WebPage\",\"@id\":\"https:\\\/\\\/shop.bantam.ch\\\/de\\\/produkt\\\/kuehlschrank-mit-rahmen\\\/\",\"url\":\"https:\\\/\\\/shop.bantam.ch\\\/de\\\/produkt\\\/kuehlschrank-mit-rahmen\\\/\",\"name\":\"K\u00fchlschrank, mit Rahmen - Bantam Camping AG\",\"isPartOf\":{\"@id\":\"https:\\\/\\\/shop.bantam.ch\\\/de\\\/#website\"},\"primaryImageOfPage\":{\"@id\":\"https:\\\/\\\/shop.bantam.ch\\\/de\\\/produkt\\\/kuehlschrank-mit-rahmen\\\/#primaryimage\"},\"image\":{\"@id\":\"https:\\\/\\\/shop.bantam.ch\\\/de\\\/produkt\\\/kuehlschrank-mit-rahmen\\\/#primaryimage\"},\"thumbnailUrl\":\"https:\\\/\\\/shop.bantam.ch\\\/wp-content\\\/uploads\\\/2023\\\/02\\\/994310311.jpg\",\"datePublished\":\"2023-02-28T03:13:37+00:00\",\"dateModified\":\"2026-04-18T20:45:46+00:00\",\"breadcrumb\":{\"@id\":\"https:\\\/\\\/shop.bantam.ch\\\/de\\\/produkt\\\/kuehlschrank-mit-rahmen\\\/#breadcrumb\"},\"inLanguage\":\"de\",\"potentialAction\":[{\"@type\":\"ReadAction\",\"target\":[\"https:\\\/\\\/shop.bantam.ch\\\/de\\\/produkt\\\/kuehlschrank-mit-rahmen\\\/\"]}]},{\"@type\":\"ImageObject\",\"inLanguage\":\"de\",\"@id\":\"https:\\\/\\\/shop.bantam.ch\\\/de\\\/produkt\\\/kuehlschrank-mit-rahmen\\\/#primaryimage\",\"url\":\"https:\\\/\\\/shop.bantam.ch\\\/wp-content\\\/uploads\\\/2023\\\/02\\\/994310311.jpg\",\"contentUrl\":\"https:\\\/\\\/shop.bantam.ch\\\/wp-content\\\/uploads\\\/2023\\\/02\\\/994310311.jpg\",\"width\":375,\"height\":500},{\"@type\":\"BreadcrumbList\",\"@id\":\"https:\\\/\\\/shop.bantam.ch\\\/de\\\/produkt\\\/kuehlschrank-mit-rahmen\\\/#breadcrumb\",\"itemListElement\":[{\"@type\":\"ListItem\",\"position\":1,\"name\":\"Accueil\",\"item\":\"https:\\\/\\\/shop.bantam.ch\\\/de\\\/\"},{\"@type\":\"ListItem\",\"position\":2,\"name\":\"Shop\",\"item\":\"https:\\\/\\\/shop.bantam.ch\\\/de\\\/shop\\\/\"},{\"@type\":\"ListItem\",\"position\":3,\"name\":\"K\u00fchlschrank, mit Rahmen\"}]},{\"@type\":\"WebSite\",\"@id\":\"https:\\\/\\\/shop.bantam.ch\\\/de\\\/#website\",\"url\":\"https:\\\/\\\/shop.bantam.ch\\\/de\\\/\",\"name\":\"Bantam Camping AG\",\"description\":\"\",\"publisher\":{\"@id\":\"https:\\\/\\\/shop.bantam.ch\\\/de\\\/#organization\"},\"inLanguage\":\"de\"},{\"@type\":\"Organization\",\"@id\":\"https:\\\/\\\/shop.bantam.ch\\\/de\\\/#organization\",\"name\":\"Bantam Camping AG\",\"url\":\"https:\\\/\\\/shop.bantam.ch\\\/de\\\/\",\"logo\":{\"@type\":\"ImageObject\",\"inLanguage\":\"de\",\"@id\":\"https:\\\/\\\/shop.bantam.ch\\\/de\\\/#\\\/schema\\\/logo\\\/image\\\/\",\"url\":\"https:\\\/\\\/shop.bantam.ch\\\/wp-content\\\/uploads\\\/2022\\\/12\\\/bantam-logo.png\",\"contentUrl\":\"https:\\\/\\\/shop.bantam.ch\\\/wp-content\\\/uploads\\\/2022\\\/12\\\/bantam-logo.png\",\"width\":320,\"height\":71,\"caption\":\"Bantam Camping AG\"},\"image\":{\"@id\":\"https:\\\/\\\/shop.bantam.ch\\\/de\\\/#\\\/schema\\\/logo\\\/image\\\/\"}}]}<\/script>\n<!-- \/ Yoast SEO plugin. -->","yoast_head_json":{"title":"K\u00fchlschrank, mit Rahmen - Bantam Camping AG","robots":{"index":"index","follow":"follow","max-snippet":"max-snippet:-1","max-image-preview":"max-image-preview:large","max-video-preview":"max-video-preview:-1"},"canonical":"https:\/\/shop.bantam.ch\/de\/produkt\/kuehlschrank-mit-rahmen\/","og_locale":"de_DE","og_type":"article","og_title":"K\u00fchlschrank, mit Rahmen - Bantam Camping AG","og_description":"Der K\u00fchlschrank N4000 ist durchgehend k\u00fchl. Ganz gleich, wie die Stromversorgung aussieht, der K\u00fchlschrank bleibt k\u00fchl &#8211; immer und \u00fcberall. Das ist der intelligenten, patentierten Elektronik zu verdanken, die eine selbstregulierende Stromversorgung sicherstellt.\u00a0 Die Automatikfunktionen, das Selbstdiagnosesystem und eine einfache Inbetriebnahme machen den K\u00fchlschrank zu einem der besten und effizientesten mobilen K\u00fchlschr\u00e4nke auf dem aktuellen [&hellip;]","og_url":"https:\/\/shop.bantam.ch\/de\/produkt\/kuehlschrank-mit-rahmen\/","og_site_name":"Bantam Camping AG","article_modified_time":"2026-04-18T20:45:46+00:00","og_image":[{"width":375,"height":500,"url":"https:\/\/shop.bantam.ch\/wp-content\/uploads\/2023\/02\/994310311.jpg","type":"image\/jpeg"}],"twitter_card":"summary_large_image","twitter_misc":{"Gesch\u00e4tzte Lesezeit":"1\u00a0Minute"},"schema":{"@context":"https:\/\/schema.org","@graph":[{"@type":"WebPage","@id":"https:\/\/shop.bantam.ch\/de\/produkt\/kuehlschrank-mit-rahmen\/","url":"https:\/\/shop.bantam.ch\/de\/produkt\/kuehlschrank-mit-rahmen\/","name":"K\u00fchlschrank, mit Rahmen - Bantam Camping AG","isPartOf":{"@id":"https:\/\/shop.bantam.ch\/de\/#website"},"primaryImageOfPage":{"@id":"https:\/\/shop.bantam.ch\/de\/produkt\/kuehlschrank-mit-rahmen\/#primaryimage"},"image":{"@id":"https:\/\/shop.bantam.ch\/de\/produkt\/kuehlschrank-mit-rahmen\/#primaryimage"},"thumbnailUrl":"https:\/\/shop.bantam.ch\/wp-content\/uploads\/2023\/02\/994310311.jpg","datePublished":"2023-02-28T03:13:37+00:00","dateModified":"2026-04-18T20:45:46+00:00","breadcrumb":{"@id":"https:\/\/shop.bantam.ch\/de\/produkt\/kuehlschrank-mit-rahmen\/#breadcrumb"},"inLanguage":"de","potentialAction":[{"@type":"ReadAction","target":["https:\/\/shop.bantam.ch\/de\/produkt\/kuehlschrank-mit-rahmen\/"]}]},{"@type":"ImageObject","inLanguage":"de","@id":"https:\/\/shop.bantam.ch\/de\/produkt\/kuehlschrank-mit-rahmen\/#primaryimage","url":"https:\/\/shop.bantam.ch\/wp-content\/uploads\/2023\/02\/994310311.jpg","contentUrl":"https:\/\/shop.bantam.ch\/wp-content\/uploads\/2023\/02\/994310311.jpg","width":375,"height":500},{"@type":"BreadcrumbList","@id":"https:\/\/shop.bantam.ch\/de\/produkt\/kuehlschrank-mit-rahmen\/#breadcrumb","itemListElement":[{"@type":"ListItem","position":1,"name":"Accueil","item":"https:\/\/shop.bantam.ch\/de\/"},{"@type":"ListItem","position":2,"name":"Shop","item":"https:\/\/shop.bantam.ch\/de\/shop\/"},{"@type":"ListItem","position":3,"name":"K\u00fchlschrank, mit Rahmen"}]},{"@type":"WebSite","@id":"https:\/\/shop.bantam.ch\/de\/#website","url":"https:\/\/shop.bantam.ch\/de\/","name":"Bantam Camping AG","description":"","publisher":{"@id":"https:\/\/shop.bantam.ch\/de\/#organization"},"inLanguage":"de"},{"@type":"Organization","@id":"https:\/\/shop.bantam.ch\/de\/#organization","name":"Bantam Camping AG","url":"https:\/\/shop.bantam.ch\/de\/","logo":{"@type":"ImageObject","inLanguage":"de","@id":"https:\/\/shop.bantam.ch\/de\/#\/schema\/logo\/image\/","url":"https:\/\/shop.bantam.ch\/wp-content\/uploads\/2022\/12\/bantam-logo.png","contentUrl":"https:\/\/shop.bantam.ch\/wp-content\/uploads\/2022\/12\/bantam-logo.png","width":320,"height":71,"caption":"Bantam Camping AG"},"image":{"@id":"https:\/\/shop.bantam.ch\/de\/#\/schema\/logo\/image\/"}}]}},"_links":{"self":[{"href":"https:\/\/shop.bantam.ch\/de\/wp-json\/wp\/v2\/product\/92486","targetHints":{"allow":["GET"]}}],"collection":[{"href":"https:\/\/shop.bantam.ch\/de\/wp-json\/wp\/v2\/product"}],"about":[{"href":"https:\/\/shop.bantam.ch\/de\/wp-json\/wp\/v2\/types\/product"}],"wp:featuredmedia":[{"embeddable":true,"href":"https:\/\/shop.bantam.ch\/de\/wp-json\/wp\/v2\/media\/92458"}],"wp:attachment":[{"href":"https:\/\/shop.bantam.ch\/de\/wp-json\/wp\/v2\/media?parent=92486"}],"wp:term":[{"taxonomy":"product_featured_cat","embeddable":true,"href":"https:\/\/shop.bantam.ch\/de\/wp-json\/wp\/v2\/product_featured_cat?post=92486"},{"taxonomy":"product_brand","embeddable":true,"href":"https:\/\/shop.bantam.ch\/de\/wp-json\/wp\/v2\/product_brand?post=92486"},{"taxonomy":"product_cat","embeddable":true,"href":"https:\/\/shop.bantam.ch\/de\/wp-json\/wp\/v2\/product_cat?post=92486"},{"taxonomy":"product_tag","embeddable":true,"href":"https:\/\/shop.bantam.ch\/de\/wp-json\/wp\/v2\/product_tag?post=92486"}],"curies":[{"name":"wp","href":"https:\/\/api.w.org\/{rel}","templated":true}]}}