{"id":91639,"date":"2023-02-28T03:59:23","date_gmt":"2023-02-28T02:59:23","guid":{"rendered":"http:\/\/shop.bantam.ch\/produit\/kocher-appetizer-duo\/"},"modified":"2026-04-18T21:26:26","modified_gmt":"2026-04-18T19:26:26","slug":"kocher-appetizer-duo","status":"publish","type":"product","link":"https:\/\/shop.bantam.ch\/de\/produkt\/kocher-appetizer-duo\/","title":{"rendered":"Kocher Outwell Appetizer Duo"},"content":{"rendered":"<p>Klein und leistungsstark: Dank seiner schlanken, kompakten Konstruktion l\u00e4sst sich der Appetizer Duo einfach verstauen und transportieren. Zwei individuell regelbare Brenner bringen Wasser schnell zum Kochen und gleichzeitig sch\u00fctzt der seitliche Windschutz vor dem Wetter. Eine tolle Option f\u00fcr kurze Ausfl\u00fcge, Rundreisen oder als Erg\u00e4nzung f\u00fcr Ihre Grillabende. Der Kocher l\u00e4sst sich sicher an eine LGP-Gasflasche anschlie\u00dfen.<\/p>\n<ul>\n<li>Kompakten, transportablen Gaskocher<\/li>\n<li>Windschutzblech<\/li>\n<li>Antihaftbeschichteter Grillrost<\/li>\n<li>Stabile Brenner mit hoher W\u00e4rmeleistung<\/li>\n<li>Sichere Deckelverriegelung<\/li>\n<li>Brenner aus Edelstahl<\/li>\n<li>Individuell regelbare Brenner<\/li>\n<li>Rutschfeste Gummif\u00fc\u00dfe<\/li>\n<li>Gasschlauch (80 cm) im Lieferumfang enthalten<\/li>\n<\/ul>\n","protected":false},"excerpt":{"rendered":"<p>Klein und leistungsstark: Dank seiner schlanken, kompakten Konstruktion l\u00e4sst sich der Appetizer Duo einfach verstauen und transportieren. Zwei individuell regelbare Brenner bringen Wasser schnell zum Kochen und gleichzeitig sch\u00fctzt der seitliche Windschutz vor dem Wetter. Eine tolle Option f\u00fcr kurze Ausfl\u00fcge, Rundreisen oder als Erg\u00e4nzung f\u00fcr Ihre Grillabende. Der Kocher l\u00e4sst sich sicher an eine [&hellip;]<\/p>\n","protected":false},"featured_media":91635,"template":"","meta":{"_acf_changed":false},"product_featured_cat":[],"product_brand":[3297],"product_cat":[4306],"product_tag":[],"class_list":{"0":"post-91639","1":"product","2":"type-product","3":"status-publish","4":"has-post-thumbnail","6":"product_brand-outwell-de","7":"product_cat-kocher-kocher","9":"first","10":"instock","11":"taxable","12":"shipping-taxable","13":"purchasable","14":"product-type-simple"},"acf":[],"yoast_head":"<!-- This site is optimized with the Yoast SEO plugin v27.4 - https:\/\/yoast.com\/product\/yoast-seo-wordpress\/ -->\n<title>Kocher Outwell Appetizer Duo - Bantam Camping AG<\/title>\n<meta name=\"robots\" content=\"index, follow, max-snippet:-1, max-image-preview:large, max-video-preview:-1\" \/>\n<link rel=\"canonical\" href=\"https:\/\/shop.bantam.ch\/de\/produkt\/kocher-appetizer-duo\/\" \/>\n<meta property=\"og:locale\" content=\"de_DE\" \/>\n<meta property=\"og:type\" content=\"article\" \/>\n<meta property=\"og:title\" content=\"Kocher Outwell Appetizer Duo - Bantam Camping AG\" \/>\n<meta property=\"og:description\" content=\"Klein und leistungsstark: Dank seiner schlanken, kompakten Konstruktion l\u00e4sst sich der Appetizer Duo einfach verstauen und transportieren. Zwei individuell regelbare Brenner bringen Wasser schnell zum Kochen und gleichzeitig sch\u00fctzt der seitliche Windschutz vor dem Wetter. Eine tolle Option f\u00fcr kurze Ausfl\u00fcge, Rundreisen oder als Erg\u00e4nzung f\u00fcr Ihre Grillabende. Der Kocher l\u00e4sst sich sicher an eine [&hellip;]\" \/>\n<meta property=\"og:url\" content=\"https:\/\/shop.bantam.ch\/de\/produkt\/kocher-appetizer-duo\/\" \/>\n<meta property=\"og:site_name\" content=\"Bantam Camping AG\" \/>\n<meta property=\"article:modified_time\" content=\"2026-04-18T19:26:26+00:00\" \/>\n<meta property=\"og:image\" content=\"https:\/\/shop.bantam.ch\/wp-content\/uploads\/2023\/02\/993323911.jpg\" \/>\n\t<meta property=\"og:image:width\" content=\"1000\" \/>\n\t<meta property=\"og:image:height\" content=\"563\" \/>\n\t<meta property=\"og:image:type\" content=\"image\/jpeg\" \/>\n<meta name=\"twitter:card\" content=\"summary_large_image\" \/>\n<script type=\"application\/ld+json\" class=\"yoast-schema-graph\">{\"@context\":\"https:\\\/\\\/schema.org\",\"@graph\":[{\"@type\":\"WebPage\",\"@id\":\"https:\\\/\\\/shop.bantam.ch\\\/de\\\/produkt\\\/kocher-appetizer-duo\\\/\",\"url\":\"https:\\\/\\\/shop.bantam.ch\\\/de\\\/produkt\\\/kocher-appetizer-duo\\\/\",\"name\":\"Kocher Outwell Appetizer Duo - Bantam Camping AG\",\"isPartOf\":{\"@id\":\"https:\\\/\\\/shop.bantam.ch\\\/de\\\/#website\"},\"primaryImageOfPage\":{\"@id\":\"https:\\\/\\\/shop.bantam.ch\\\/de\\\/produkt\\\/kocher-appetizer-duo\\\/#primaryimage\"},\"image\":{\"@id\":\"https:\\\/\\\/shop.bantam.ch\\\/de\\\/produkt\\\/kocher-appetizer-duo\\\/#primaryimage\"},\"thumbnailUrl\":\"https:\\\/\\\/shop.bantam.ch\\\/wp-content\\\/uploads\\\/2023\\\/02\\\/993323911.jpg\",\"datePublished\":\"2023-02-28T02:59:23+00:00\",\"dateModified\":\"2026-04-18T19:26:26+00:00\",\"breadcrumb\":{\"@id\":\"https:\\\/\\\/shop.bantam.ch\\\/de\\\/produkt\\\/kocher-appetizer-duo\\\/#breadcrumb\"},\"inLanguage\":\"de\",\"potentialAction\":[{\"@type\":\"ReadAction\",\"target\":[\"https:\\\/\\\/shop.bantam.ch\\\/de\\\/produkt\\\/kocher-appetizer-duo\\\/\"]}]},{\"@type\":\"ImageObject\",\"inLanguage\":\"de\",\"@id\":\"https:\\\/\\\/shop.bantam.ch\\\/de\\\/produkt\\\/kocher-appetizer-duo\\\/#primaryimage\",\"url\":\"https:\\\/\\\/shop.bantam.ch\\\/wp-content\\\/uploads\\\/2023\\\/02\\\/993323911.jpg\",\"contentUrl\":\"https:\\\/\\\/shop.bantam.ch\\\/wp-content\\\/uploads\\\/2023\\\/02\\\/993323911.jpg\",\"width\":1000,\"height\":563},{\"@type\":\"BreadcrumbList\",\"@id\":\"https:\\\/\\\/shop.bantam.ch\\\/de\\\/produkt\\\/kocher-appetizer-duo\\\/#breadcrumb\",\"itemListElement\":[{\"@type\":\"ListItem\",\"position\":1,\"name\":\"Accueil\",\"item\":\"https:\\\/\\\/shop.bantam.ch\\\/de\\\/\"},{\"@type\":\"ListItem\",\"position\":2,\"name\":\"Shop\",\"item\":\"https:\\\/\\\/shop.bantam.ch\\\/de\\\/shop\\\/\"},{\"@type\":\"ListItem\",\"position\":3,\"name\":\"Kocher Outwell Appetizer Duo\"}]},{\"@type\":\"WebSite\",\"@id\":\"https:\\\/\\\/shop.bantam.ch\\\/de\\\/#website\",\"url\":\"https:\\\/\\\/shop.bantam.ch\\\/de\\\/\",\"name\":\"Bantam Camping AG\",\"description\":\"\",\"publisher\":{\"@id\":\"https:\\\/\\\/shop.bantam.ch\\\/de\\\/#organization\"},\"inLanguage\":\"de\"},{\"@type\":\"Organization\",\"@id\":\"https:\\\/\\\/shop.bantam.ch\\\/de\\\/#organization\",\"name\":\"Bantam Camping AG\",\"url\":\"https:\\\/\\\/shop.bantam.ch\\\/de\\\/\",\"logo\":{\"@type\":\"ImageObject\",\"inLanguage\":\"de\",\"@id\":\"https:\\\/\\\/shop.bantam.ch\\\/de\\\/#\\\/schema\\\/logo\\\/image\\\/\",\"url\":\"https:\\\/\\\/shop.bantam.ch\\\/wp-content\\\/uploads\\\/2022\\\/12\\\/bantam-logo.png\",\"contentUrl\":\"https:\\\/\\\/shop.bantam.ch\\\/wp-content\\\/uploads\\\/2022\\\/12\\\/bantam-logo.png\",\"width\":320,\"height\":71,\"caption\":\"Bantam Camping AG\"},\"image\":{\"@id\":\"https:\\\/\\\/shop.bantam.ch\\\/de\\\/#\\\/schema\\\/logo\\\/image\\\/\"}}]}<\/script>\n<!-- \/ Yoast SEO plugin. -->","yoast_head_json":{"title":"Kocher Outwell Appetizer Duo - Bantam Camping AG","robots":{"index":"index","follow":"follow","max-snippet":"max-snippet:-1","max-image-preview":"max-image-preview:large","max-video-preview":"max-video-preview:-1"},"canonical":"https:\/\/shop.bantam.ch\/de\/produkt\/kocher-appetizer-duo\/","og_locale":"de_DE","og_type":"article","og_title":"Kocher Outwell Appetizer Duo - Bantam Camping AG","og_description":"Klein und leistungsstark: Dank seiner schlanken, kompakten Konstruktion l\u00e4sst sich der Appetizer Duo einfach verstauen und transportieren. Zwei individuell regelbare Brenner bringen Wasser schnell zum Kochen und gleichzeitig sch\u00fctzt der seitliche Windschutz vor dem Wetter. Eine tolle Option f\u00fcr kurze Ausfl\u00fcge, Rundreisen oder als Erg\u00e4nzung f\u00fcr Ihre Grillabende. Der Kocher l\u00e4sst sich sicher an eine [&hellip;]","og_url":"https:\/\/shop.bantam.ch\/de\/produkt\/kocher-appetizer-duo\/","og_site_name":"Bantam Camping AG","article_modified_time":"2026-04-18T19:26:26+00:00","og_image":[{"width":1000,"height":563,"url":"https:\/\/shop.bantam.ch\/wp-content\/uploads\/2023\/02\/993323911.jpg","type":"image\/jpeg"}],"twitter_card":"summary_large_image","schema":{"@context":"https:\/\/schema.org","@graph":[{"@type":"WebPage","@id":"https:\/\/shop.bantam.ch\/de\/produkt\/kocher-appetizer-duo\/","url":"https:\/\/shop.bantam.ch\/de\/produkt\/kocher-appetizer-duo\/","name":"Kocher Outwell Appetizer Duo - Bantam Camping AG","isPartOf":{"@id":"https:\/\/shop.bantam.ch\/de\/#website"},"primaryImageOfPage":{"@id":"https:\/\/shop.bantam.ch\/de\/produkt\/kocher-appetizer-duo\/#primaryimage"},"image":{"@id":"https:\/\/shop.bantam.ch\/de\/produkt\/kocher-appetizer-duo\/#primaryimage"},"thumbnailUrl":"https:\/\/shop.bantam.ch\/wp-content\/uploads\/2023\/02\/993323911.jpg","datePublished":"2023-02-28T02:59:23+00:00","dateModified":"2026-04-18T19:26:26+00:00","breadcrumb":{"@id":"https:\/\/shop.bantam.ch\/de\/produkt\/kocher-appetizer-duo\/#breadcrumb"},"inLanguage":"de","potentialAction":[{"@type":"ReadAction","target":["https:\/\/shop.bantam.ch\/de\/produkt\/kocher-appetizer-duo\/"]}]},{"@type":"ImageObject","inLanguage":"de","@id":"https:\/\/shop.bantam.ch\/de\/produkt\/kocher-appetizer-duo\/#primaryimage","url":"https:\/\/shop.bantam.ch\/wp-content\/uploads\/2023\/02\/993323911.jpg","contentUrl":"https:\/\/shop.bantam.ch\/wp-content\/uploads\/2023\/02\/993323911.jpg","width":1000,"height":563},{"@type":"BreadcrumbList","@id":"https:\/\/shop.bantam.ch\/de\/produkt\/kocher-appetizer-duo\/#breadcrumb","itemListElement":[{"@type":"ListItem","position":1,"name":"Accueil","item":"https:\/\/shop.bantam.ch\/de\/"},{"@type":"ListItem","position":2,"name":"Shop","item":"https:\/\/shop.bantam.ch\/de\/shop\/"},{"@type":"ListItem","position":3,"name":"Kocher Outwell Appetizer Duo"}]},{"@type":"WebSite","@id":"https:\/\/shop.bantam.ch\/de\/#website","url":"https:\/\/shop.bantam.ch\/de\/","name":"Bantam Camping AG","description":"","publisher":{"@id":"https:\/\/shop.bantam.ch\/de\/#organization"},"inLanguage":"de"},{"@type":"Organization","@id":"https:\/\/shop.bantam.ch\/de\/#organization","name":"Bantam Camping AG","url":"https:\/\/shop.bantam.ch\/de\/","logo":{"@type":"ImageObject","inLanguage":"de","@id":"https:\/\/shop.bantam.ch\/de\/#\/schema\/logo\/image\/","url":"https:\/\/shop.bantam.ch\/wp-content\/uploads\/2022\/12\/bantam-logo.png","contentUrl":"https:\/\/shop.bantam.ch\/wp-content\/uploads\/2022\/12\/bantam-logo.png","width":320,"height":71,"caption":"Bantam Camping AG"},"image":{"@id":"https:\/\/shop.bantam.ch\/de\/#\/schema\/logo\/image\/"}}]}},"_links":{"self":[{"href":"https:\/\/shop.bantam.ch\/de\/wp-json\/wp\/v2\/product\/91639","targetHints":{"allow":["GET"]}}],"collection":[{"href":"https:\/\/shop.bantam.ch\/de\/wp-json\/wp\/v2\/product"}],"about":[{"href":"https:\/\/shop.bantam.ch\/de\/wp-json\/wp\/v2\/types\/product"}],"wp:featuredmedia":[{"embeddable":true,"href":"https:\/\/shop.bantam.ch\/de\/wp-json\/wp\/v2\/media\/91635"}],"wp:attachment":[{"href":"https:\/\/shop.bantam.ch\/de\/wp-json\/wp\/v2\/media?parent=91639"}],"wp:term":[{"taxonomy":"product_featured_cat","embeddable":true,"href":"https:\/\/shop.bantam.ch\/de\/wp-json\/wp\/v2\/product_featured_cat?post=91639"},{"taxonomy":"product_brand","embeddable":true,"href":"https:\/\/shop.bantam.ch\/de\/wp-json\/wp\/v2\/product_brand?post=91639"},{"taxonomy":"product_cat","embeddable":true,"href":"https:\/\/shop.bantam.ch\/de\/wp-json\/wp\/v2\/product_cat?post=91639"},{"taxonomy":"product_tag","embeddable":true,"href":"https:\/\/shop.bantam.ch\/de\/wp-json\/wp\/v2\/product_tag?post=91639"}],"curies":[{"name":"wp","href":"https:\/\/api.w.org\/{rel}","templated":true}]}}