{"id":90935,"date":"2023-02-28T03:50:25","date_gmt":"2023-02-28T02:50:25","guid":{"rendered":"http:\/\/shop.bantam.ch\/produit\/kuehlschrankdose-modula-aufschnitt-550-ml\/"},"modified":"2026-05-03T21:25:47","modified_gmt":"2026-05-03T19:25:47","slug":"kuehlschrankdose-modula-aufschnitt-550-ml","status":"publish","type":"product","link":"https:\/\/shop.bantam.ch\/de\/produkt\/kuehlschrankdose-modula-aufschnitt-550-ml\/","title":{"rendered":"K\u00fchlschrankdose MEPAL Modula Aufschnitt 550 ml 1 St\u00fcck Farbe wei\u00df"},"content":{"rendered":"<p>Die Modula K\u00fchlschrankdosen Serie ist die perfekte Erg\u00e4nzung zur Modula Vorratsdosen Serie von Rosti Mepal. Die Beh\u00e4lter \u00fcberzeugen duch die klare Formgebung und hohe Funktionalit\u00e4t. Mit den Modula Vorratsdosen pr\u00e4sentiert Rosti Mepal eine neue Generation, die den heutigen Anspr\u00fcchen an eine Vorratsdose gerecht wird. Auffallend ist der transparente Deckel, durch den Sie immer sehen k\u00f6nnen was und wie viel sich in der Dose befindet.<\/p>\n<p>Lieferumfang:<br \/>2 Dosen mit Deckel<\/p>\n","protected":false},"excerpt":{"rendered":"<p>Die Modula K\u00fchlschrankdosen Serie ist die perfekte Erg\u00e4nzung zur Modula Vorratsdosen Serie von Rosti Mepal. Die Beh\u00e4lter \u00fcberzeugen duch die klare Formgebung und hohe Funktionalit\u00e4t. Mit den Modula Vorratsdosen pr\u00e4sentiert Rosti Mepal eine neue Generation, die den heutigen Anspr\u00fcchen an eine Vorratsdose gerecht wird. Auffallend ist der transparente Deckel, durch den Sie immer sehen k\u00f6nnen [&hellip;]<\/p>\n","protected":false},"featured_media":90933,"template":"","meta":{"_acf_changed":false},"product_featured_cat":[],"product_brand":[3327],"product_cat":[4332],"product_tag":[],"class_list":{"0":"post-90935","1":"product","2":"type-product","3":"status-publish","4":"has-post-thumbnail","6":"product_brand-mepal-de","7":"product_cat-vorrats-frischaltedosen","9":"first","10":"instock","11":"taxable","12":"shipping-taxable","13":"purchasable","14":"product-type-simple"},"acf":[],"yoast_head":"<!-- This site is optimized with the Yoast SEO plugin v27.5 - https:\/\/yoast.com\/product\/yoast-seo-wordpress\/ -->\n<title>K\u00fchlschrankdose MEPAL Modula Aufschnitt 550 ml 1 St\u00fcck Farbe wei\u00df - Bantam<\/title>\n<meta name=\"robots\" content=\"index, follow, max-snippet:-1, max-image-preview:large, max-video-preview:-1\" \/>\n<link rel=\"canonical\" href=\"https:\/\/shop.bantam.ch\/de\/produkt\/kuehlschrankdose-modula-aufschnitt-550-ml\/\" \/>\n<meta property=\"og:locale\" content=\"de_DE\" \/>\n<meta property=\"og:type\" content=\"article\" \/>\n<meta property=\"og:title\" content=\"K\u00fchlschrankdose MEPAL Modula Aufschnitt 550 ml 1 St\u00fcck Farbe wei\u00df - Bantam\" \/>\n<meta property=\"og:description\" content=\"Die Modula K\u00fchlschrankdosen Serie ist die perfekte Erg\u00e4nzung zur Modula Vorratsdosen Serie von Rosti Mepal. Die Beh\u00e4lter \u00fcberzeugen duch die klare Formgebung und hohe Funktionalit\u00e4t. Mit den Modula Vorratsdosen pr\u00e4sentiert Rosti Mepal eine neue Generation, die den heutigen Anspr\u00fcchen an eine Vorratsdose gerecht wird. Auffallend ist der transparente Deckel, durch den Sie immer sehen k\u00f6nnen [&hellip;]\" \/>\n<meta property=\"og:url\" content=\"https:\/\/shop.bantam.ch\/de\/produkt\/kuehlschrankdose-modula-aufschnitt-550-ml\/\" \/>\n<meta property=\"og:site_name\" content=\"Bantam\" \/>\n<meta property=\"article:modified_time\" content=\"2026-05-03T19:25:47+00:00\" \/>\n<meta property=\"og:image\" content=\"https:\/\/shop.bantam.ch\/wp-content\/uploads\/2023\/02\/995145511.jpg\" \/>\n\t<meta property=\"og:image:width\" content=\"665\" \/>\n\t<meta property=\"og:image:height\" content=\"1000\" \/>\n\t<meta property=\"og:image:type\" content=\"image\/jpeg\" \/>\n<meta name=\"twitter:card\" content=\"summary_large_image\" \/>\n<script type=\"application\/ld+json\" class=\"yoast-schema-graph\">{\"@context\":\"https:\\\/\\\/schema.org\",\"@graph\":[{\"@type\":\"WebPage\",\"@id\":\"https:\\\/\\\/shop.bantam.ch\\\/de\\\/produkt\\\/kuehlschrankdose-modula-aufschnitt-550-ml\\\/\",\"url\":\"https:\\\/\\\/shop.bantam.ch\\\/de\\\/produkt\\\/kuehlschrankdose-modula-aufschnitt-550-ml\\\/\",\"name\":\"K\u00fchlschrankdose MEPAL Modula Aufschnitt 550 ml 1 St\u00fcck Farbe wei\u00df - Bantam\",\"isPartOf\":{\"@id\":\"https:\\\/\\\/shop.bantam.ch\\\/de\\\/#website\"},\"primaryImageOfPage\":{\"@id\":\"https:\\\/\\\/shop.bantam.ch\\\/de\\\/produkt\\\/kuehlschrankdose-modula-aufschnitt-550-ml\\\/#primaryimage\"},\"image\":{\"@id\":\"https:\\\/\\\/shop.bantam.ch\\\/de\\\/produkt\\\/kuehlschrankdose-modula-aufschnitt-550-ml\\\/#primaryimage\"},\"thumbnailUrl\":\"https:\\\/\\\/shop.bantam.ch\\\/wp-content\\\/uploads\\\/2023\\\/02\\\/995145511.jpg\",\"datePublished\":\"2023-02-28T02:50:25+00:00\",\"dateModified\":\"2026-05-03T19:25:47+00:00\",\"breadcrumb\":{\"@id\":\"https:\\\/\\\/shop.bantam.ch\\\/de\\\/produkt\\\/kuehlschrankdose-modula-aufschnitt-550-ml\\\/#breadcrumb\"},\"inLanguage\":\"de\",\"potentialAction\":[{\"@type\":\"ReadAction\",\"target\":[\"https:\\\/\\\/shop.bantam.ch\\\/de\\\/produkt\\\/kuehlschrankdose-modula-aufschnitt-550-ml\\\/\"]}]},{\"@type\":\"ImageObject\",\"inLanguage\":\"de\",\"@id\":\"https:\\\/\\\/shop.bantam.ch\\\/de\\\/produkt\\\/kuehlschrankdose-modula-aufschnitt-550-ml\\\/#primaryimage\",\"url\":\"https:\\\/\\\/shop.bantam.ch\\\/wp-content\\\/uploads\\\/2023\\\/02\\\/995145511.jpg\",\"contentUrl\":\"https:\\\/\\\/shop.bantam.ch\\\/wp-content\\\/uploads\\\/2023\\\/02\\\/995145511.jpg\",\"width\":665,\"height\":1000},{\"@type\":\"BreadcrumbList\",\"@id\":\"https:\\\/\\\/shop.bantam.ch\\\/de\\\/produkt\\\/kuehlschrankdose-modula-aufschnitt-550-ml\\\/#breadcrumb\",\"itemListElement\":[{\"@type\":\"ListItem\",\"position\":1,\"name\":\"Accueil\",\"item\":\"https:\\\/\\\/shop.bantam.ch\\\/de\\\/\"},{\"@type\":\"ListItem\",\"position\":2,\"name\":\"Shop\",\"item\":\"https:\\\/\\\/shop.bantam.ch\\\/de\\\/shop\\\/\"},{\"@type\":\"ListItem\",\"position\":3,\"name\":\"K\u00fchlschrankdose MEPAL Modula Aufschnitt 550 ml 1 St\u00fcck Farbe wei\u00df\"}]},{\"@type\":\"WebSite\",\"@id\":\"https:\\\/\\\/shop.bantam.ch\\\/de\\\/#website\",\"url\":\"https:\\\/\\\/shop.bantam.ch\\\/de\\\/\",\"name\":\"Bantam\",\"description\":\"\",\"publisher\":{\"@id\":\"https:\\\/\\\/shop.bantam.ch\\\/de\\\/#organization\"},\"inLanguage\":\"de\"},{\"@type\":\"Organization\",\"@id\":\"https:\\\/\\\/shop.bantam.ch\\\/de\\\/#organization\",\"name\":\"Bantam\",\"url\":\"https:\\\/\\\/shop.bantam.ch\\\/de\\\/\",\"logo\":{\"@type\":\"ImageObject\",\"inLanguage\":\"de\",\"@id\":\"https:\\\/\\\/shop.bantam.ch\\\/de\\\/#\\\/schema\\\/logo\\\/image\\\/\",\"url\":\"https:\\\/\\\/shop.bantam.ch\\\/wp-content\\\/uploads\\\/2022\\\/12\\\/bantam-logo.png\",\"contentUrl\":\"https:\\\/\\\/shop.bantam.ch\\\/wp-content\\\/uploads\\\/2022\\\/12\\\/bantam-logo.png\",\"width\":320,\"height\":71,\"caption\":\"Bantam\"},\"image\":{\"@id\":\"https:\\\/\\\/shop.bantam.ch\\\/de\\\/#\\\/schema\\\/logo\\\/image\\\/\"}}]}<\/script>\n<!-- \/ Yoast SEO plugin. -->","yoast_head_json":{"title":"K\u00fchlschrankdose MEPAL Modula Aufschnitt 550 ml 1 St\u00fcck Farbe wei\u00df - Bantam","robots":{"index":"index","follow":"follow","max-snippet":"max-snippet:-1","max-image-preview":"max-image-preview:large","max-video-preview":"max-video-preview:-1"},"canonical":"https:\/\/shop.bantam.ch\/de\/produkt\/kuehlschrankdose-modula-aufschnitt-550-ml\/","og_locale":"de_DE","og_type":"article","og_title":"K\u00fchlschrankdose MEPAL Modula Aufschnitt 550 ml 1 St\u00fcck Farbe wei\u00df - Bantam","og_description":"Die Modula K\u00fchlschrankdosen Serie ist die perfekte Erg\u00e4nzung zur Modula Vorratsdosen Serie von Rosti Mepal. Die Beh\u00e4lter \u00fcberzeugen duch die klare Formgebung und hohe Funktionalit\u00e4t. Mit den Modula Vorratsdosen pr\u00e4sentiert Rosti Mepal eine neue Generation, die den heutigen Anspr\u00fcchen an eine Vorratsdose gerecht wird. Auffallend ist der transparente Deckel, durch den Sie immer sehen k\u00f6nnen [&hellip;]","og_url":"https:\/\/shop.bantam.ch\/de\/produkt\/kuehlschrankdose-modula-aufschnitt-550-ml\/","og_site_name":"Bantam","article_modified_time":"2026-05-03T19:25:47+00:00","og_image":[{"width":665,"height":1000,"url":"https:\/\/shop.bantam.ch\/wp-content\/uploads\/2023\/02\/995145511.jpg","type":"image\/jpeg"}],"twitter_card":"summary_large_image","schema":{"@context":"https:\/\/schema.org","@graph":[{"@type":"WebPage","@id":"https:\/\/shop.bantam.ch\/de\/produkt\/kuehlschrankdose-modula-aufschnitt-550-ml\/","url":"https:\/\/shop.bantam.ch\/de\/produkt\/kuehlschrankdose-modula-aufschnitt-550-ml\/","name":"K\u00fchlschrankdose MEPAL Modula Aufschnitt 550 ml 1 St\u00fcck Farbe wei\u00df - Bantam","isPartOf":{"@id":"https:\/\/shop.bantam.ch\/de\/#website"},"primaryImageOfPage":{"@id":"https:\/\/shop.bantam.ch\/de\/produkt\/kuehlschrankdose-modula-aufschnitt-550-ml\/#primaryimage"},"image":{"@id":"https:\/\/shop.bantam.ch\/de\/produkt\/kuehlschrankdose-modula-aufschnitt-550-ml\/#primaryimage"},"thumbnailUrl":"https:\/\/shop.bantam.ch\/wp-content\/uploads\/2023\/02\/995145511.jpg","datePublished":"2023-02-28T02:50:25+00:00","dateModified":"2026-05-03T19:25:47+00:00","breadcrumb":{"@id":"https:\/\/shop.bantam.ch\/de\/produkt\/kuehlschrankdose-modula-aufschnitt-550-ml\/#breadcrumb"},"inLanguage":"de","potentialAction":[{"@type":"ReadAction","target":["https:\/\/shop.bantam.ch\/de\/produkt\/kuehlschrankdose-modula-aufschnitt-550-ml\/"]}]},{"@type":"ImageObject","inLanguage":"de","@id":"https:\/\/shop.bantam.ch\/de\/produkt\/kuehlschrankdose-modula-aufschnitt-550-ml\/#primaryimage","url":"https:\/\/shop.bantam.ch\/wp-content\/uploads\/2023\/02\/995145511.jpg","contentUrl":"https:\/\/shop.bantam.ch\/wp-content\/uploads\/2023\/02\/995145511.jpg","width":665,"height":1000},{"@type":"BreadcrumbList","@id":"https:\/\/shop.bantam.ch\/de\/produkt\/kuehlschrankdose-modula-aufschnitt-550-ml\/#breadcrumb","itemListElement":[{"@type":"ListItem","position":1,"name":"Accueil","item":"https:\/\/shop.bantam.ch\/de\/"},{"@type":"ListItem","position":2,"name":"Shop","item":"https:\/\/shop.bantam.ch\/de\/shop\/"},{"@type":"ListItem","position":3,"name":"K\u00fchlschrankdose MEPAL Modula Aufschnitt 550 ml 1 St\u00fcck Farbe wei\u00df"}]},{"@type":"WebSite","@id":"https:\/\/shop.bantam.ch\/de\/#website","url":"https:\/\/shop.bantam.ch\/de\/","name":"Bantam","description":"","publisher":{"@id":"https:\/\/shop.bantam.ch\/de\/#organization"},"inLanguage":"de"},{"@type":"Organization","@id":"https:\/\/shop.bantam.ch\/de\/#organization","name":"Bantam","url":"https:\/\/shop.bantam.ch\/de\/","logo":{"@type":"ImageObject","inLanguage":"de","@id":"https:\/\/shop.bantam.ch\/de\/#\/schema\/logo\/image\/","url":"https:\/\/shop.bantam.ch\/wp-content\/uploads\/2022\/12\/bantam-logo.png","contentUrl":"https:\/\/shop.bantam.ch\/wp-content\/uploads\/2022\/12\/bantam-logo.png","width":320,"height":71,"caption":"Bantam"},"image":{"@id":"https:\/\/shop.bantam.ch\/de\/#\/schema\/logo\/image\/"}}]}},"_links":{"self":[{"href":"https:\/\/shop.bantam.ch\/de\/wp-json\/wp\/v2\/product\/90935","targetHints":{"allow":["GET"]}}],"collection":[{"href":"https:\/\/shop.bantam.ch\/de\/wp-json\/wp\/v2\/product"}],"about":[{"href":"https:\/\/shop.bantam.ch\/de\/wp-json\/wp\/v2\/types\/product"}],"wp:featuredmedia":[{"embeddable":true,"href":"https:\/\/shop.bantam.ch\/de\/wp-json\/wp\/v2\/media\/90933"}],"wp:attachment":[{"href":"https:\/\/shop.bantam.ch\/de\/wp-json\/wp\/v2\/media?parent=90935"}],"wp:term":[{"taxonomy":"product_featured_cat","embeddable":true,"href":"https:\/\/shop.bantam.ch\/de\/wp-json\/wp\/v2\/product_featured_cat?post=90935"},{"taxonomy":"product_brand","embeddable":true,"href":"https:\/\/shop.bantam.ch\/de\/wp-json\/wp\/v2\/product_brand?post=90935"},{"taxonomy":"product_cat","embeddable":true,"href":"https:\/\/shop.bantam.ch\/de\/wp-json\/wp\/v2\/product_cat?post=90935"},{"taxonomy":"product_tag","embeddable":true,"href":"https:\/\/shop.bantam.ch\/de\/wp-json\/wp\/v2\/product_tag?post=90935"}],"curies":[{"name":"wp","href":"https:\/\/api.w.org\/{rel}","templated":true}]}}