{"id":90927,"date":"2023-02-28T03:50:14","date_gmt":"2023-02-28T02:50:14","guid":{"rendered":"http:\/\/shop.bantam.ch\/produit\/fahrradtraeger-excellent-kurze-version-silber\/"},"modified":"2026-04-17T21:25:39","modified_gmt":"2026-04-17T19:25:39","slug":"fahrradtraeger-excellent-kurze-version-silber","status":"publish","type":"product","link":"https:\/\/shop.bantam.ch\/de\/produkt\/fahrradtraeger-excellent-kurze-version-silber\/","title":{"rendered":"Fahrradtr\u00e4ger Thule Excellent kurze Version 2 R\u00e4der Traglast 60 kg Farbe silber"},"content":{"rendered":"<p>Thule Excellent &#8211; Das Beste in Punkto Sicherheit und Eleganz.<br \/>Der Fahrradtr\u00e4ger Thule Excellent aus Aluminium wurde mit gr\u00f6\u00dfter Sorgfalt entwickelt und benutzerfreudlich ausgestattet.<\/p>\n<ul>\n<li>Einfache Einstellung des Schienenabstandes in Breite und Tiefe<\/li>\n<li>Spanngurte mit Ratschenfunktion f\u00fcr bequeme R\u00e4derbefestigung<\/li>\n<li>Schienenb\u00fcgel in zwei Positionen verriegelbar<\/li>\n<li>Serienm\u00e4\u00dfig mit zwei abschliesbaren Abstandshalter<\/li>\n<li>Perfekt f\u00fcr E-Bikes geeignet<\/li>\n<li>Standardversion f\u00fcr 2 Fahrr\u00e4der<\/li>\n<li>Erweiterbar bis zu 4 Fahrr\u00e4der<\/li>\n<li>Traglast der Schienen 30 kg<\/li>\n<\/ul>\n","protected":false},"excerpt":{"rendered":"<p>Thule Excellent &#8211; Das Beste in Punkto Sicherheit und Eleganz.Der Fahrradtr\u00e4ger Thule Excellent aus Aluminium wurde mit gr\u00f6\u00dfter Sorgfalt entwickelt und benutzerfreudlich ausgestattet. Einfache Einstellung des Schienenabstandes in Breite und Tiefe Spanngurte mit Ratschenfunktion f\u00fcr bequeme R\u00e4derbefestigung Schienenb\u00fcgel in zwei Positionen verriegelbar Serienm\u00e4\u00dfig mit zwei abschliesbaren Abstandshalter Perfekt f\u00fcr E-Bikes geeignet Standardversion f\u00fcr 2 Fahrr\u00e4der [&hellip;]<\/p>\n","protected":false},"featured_media":90919,"template":"","meta":{"_acf_changed":false},"product_featured_cat":[],"product_brand":[3047],"product_cat":[5138],"product_tag":[],"class_list":{"0":"post-90927","1":"product","2":"type-product","3":"status-publish","4":"has-post-thumbnail","6":"product_brand-thule-de","7":"product_cat-heck-fahrradtraeger","9":"first","10":"instock","11":"taxable","12":"shipping-taxable","13":"purchasable","14":"product-type-simple"},"acf":[],"yoast_head":"<!-- This site is optimized with the Yoast SEO plugin v27.4 - https:\/\/yoast.com\/product\/yoast-seo-wordpress\/ -->\n<title>Fahrradtr\u00e4ger Thule Excellent kurze Version 2 R\u00e4der Traglast 60 kg Farbe silber - Bantam Camping AG<\/title>\n<meta name=\"robots\" content=\"index, follow, max-snippet:-1, max-image-preview:large, max-video-preview:-1\" \/>\n<link rel=\"canonical\" href=\"https:\/\/shop.bantam.ch\/de\/produkt\/fahrradtraeger-excellent-kurze-version-silber\/\" \/>\n<meta property=\"og:locale\" content=\"de_DE\" \/>\n<meta property=\"og:type\" content=\"article\" \/>\n<meta property=\"og:title\" content=\"Fahrradtr\u00e4ger Thule Excellent kurze Version 2 R\u00e4der Traglast 60 kg Farbe silber - Bantam Camping AG\" \/>\n<meta property=\"og:description\" content=\"Thule Excellent &#8211; Das Beste in Punkto Sicherheit und Eleganz.Der Fahrradtr\u00e4ger Thule Excellent aus Aluminium wurde mit gr\u00f6\u00dfter Sorgfalt entwickelt und benutzerfreudlich ausgestattet. Einfache Einstellung des Schienenabstandes in Breite und Tiefe Spanngurte mit Ratschenfunktion f\u00fcr bequeme R\u00e4derbefestigung Schienenb\u00fcgel in zwei Positionen verriegelbar Serienm\u00e4\u00dfig mit zwei abschliesbaren Abstandshalter Perfekt f\u00fcr E-Bikes geeignet Standardversion f\u00fcr 2 Fahrr\u00e4der [&hellip;]\" \/>\n<meta property=\"og:url\" content=\"https:\/\/shop.bantam.ch\/de\/produkt\/fahrradtraeger-excellent-kurze-version-silber\/\" \/>\n<meta property=\"og:site_name\" content=\"Bantam Camping AG\" \/>\n<meta property=\"article:modified_time\" content=\"2026-04-17T19:25:39+00:00\" \/>\n<meta property=\"og:image\" content=\"https:\/\/shop.bantam.ch\/wp-content\/uploads\/2023\/02\/998335211.jpg\" \/>\n\t<meta property=\"og:image:width\" content=\"1000\" \/>\n\t<meta property=\"og:image:height\" content=\"935\" \/>\n\t<meta property=\"og:image:type\" content=\"image\/jpeg\" \/>\n<meta name=\"twitter:card\" content=\"summary_large_image\" \/>\n<script type=\"application\/ld+json\" class=\"yoast-schema-graph\">{\"@context\":\"https:\\\/\\\/schema.org\",\"@graph\":[{\"@type\":\"WebPage\",\"@id\":\"https:\\\/\\\/shop.bantam.ch\\\/de\\\/produkt\\\/fahrradtraeger-excellent-kurze-version-silber\\\/\",\"url\":\"https:\\\/\\\/shop.bantam.ch\\\/de\\\/produkt\\\/fahrradtraeger-excellent-kurze-version-silber\\\/\",\"name\":\"Fahrradtr\u00e4ger Thule Excellent kurze Version 2 R\u00e4der Traglast 60 kg Farbe silber - Bantam Camping AG\",\"isPartOf\":{\"@id\":\"https:\\\/\\\/shop.bantam.ch\\\/de\\\/#website\"},\"primaryImageOfPage\":{\"@id\":\"https:\\\/\\\/shop.bantam.ch\\\/de\\\/produkt\\\/fahrradtraeger-excellent-kurze-version-silber\\\/#primaryimage\"},\"image\":{\"@id\":\"https:\\\/\\\/shop.bantam.ch\\\/de\\\/produkt\\\/fahrradtraeger-excellent-kurze-version-silber\\\/#primaryimage\"},\"thumbnailUrl\":\"https:\\\/\\\/shop.bantam.ch\\\/wp-content\\\/uploads\\\/2023\\\/02\\\/998335211.jpg\",\"datePublished\":\"2023-02-28T02:50:14+00:00\",\"dateModified\":\"2026-04-17T19:25:39+00:00\",\"breadcrumb\":{\"@id\":\"https:\\\/\\\/shop.bantam.ch\\\/de\\\/produkt\\\/fahrradtraeger-excellent-kurze-version-silber\\\/#breadcrumb\"},\"inLanguage\":\"de\",\"potentialAction\":[{\"@type\":\"ReadAction\",\"target\":[\"https:\\\/\\\/shop.bantam.ch\\\/de\\\/produkt\\\/fahrradtraeger-excellent-kurze-version-silber\\\/\"]}]},{\"@type\":\"ImageObject\",\"inLanguage\":\"de\",\"@id\":\"https:\\\/\\\/shop.bantam.ch\\\/de\\\/produkt\\\/fahrradtraeger-excellent-kurze-version-silber\\\/#primaryimage\",\"url\":\"https:\\\/\\\/shop.bantam.ch\\\/wp-content\\\/uploads\\\/2023\\\/02\\\/998335211.jpg\",\"contentUrl\":\"https:\\\/\\\/shop.bantam.ch\\\/wp-content\\\/uploads\\\/2023\\\/02\\\/998335211.jpg\",\"width\":1000,\"height\":935},{\"@type\":\"BreadcrumbList\",\"@id\":\"https:\\\/\\\/shop.bantam.ch\\\/de\\\/produkt\\\/fahrradtraeger-excellent-kurze-version-silber\\\/#breadcrumb\",\"itemListElement\":[{\"@type\":\"ListItem\",\"position\":1,\"name\":\"Accueil\",\"item\":\"https:\\\/\\\/shop.bantam.ch\\\/de\\\/\"},{\"@type\":\"ListItem\",\"position\":2,\"name\":\"Shop\",\"item\":\"https:\\\/\\\/shop.bantam.ch\\\/de\\\/shop\\\/\"},{\"@type\":\"ListItem\",\"position\":3,\"name\":\"Fahrradtr\u00e4ger Thule Excellent kurze Version 2 R\u00e4der Traglast 60 kg Farbe silber\"}]},{\"@type\":\"WebSite\",\"@id\":\"https:\\\/\\\/shop.bantam.ch\\\/de\\\/#website\",\"url\":\"https:\\\/\\\/shop.bantam.ch\\\/de\\\/\",\"name\":\"Bantam Camping AG\",\"description\":\"\",\"publisher\":{\"@id\":\"https:\\\/\\\/shop.bantam.ch\\\/de\\\/#organization\"},\"inLanguage\":\"de\"},{\"@type\":\"Organization\",\"@id\":\"https:\\\/\\\/shop.bantam.ch\\\/de\\\/#organization\",\"name\":\"Bantam Camping AG\",\"url\":\"https:\\\/\\\/shop.bantam.ch\\\/de\\\/\",\"logo\":{\"@type\":\"ImageObject\",\"inLanguage\":\"de\",\"@id\":\"https:\\\/\\\/shop.bantam.ch\\\/de\\\/#\\\/schema\\\/logo\\\/image\\\/\",\"url\":\"https:\\\/\\\/shop.bantam.ch\\\/wp-content\\\/uploads\\\/2022\\\/12\\\/bantam-logo.png\",\"contentUrl\":\"https:\\\/\\\/shop.bantam.ch\\\/wp-content\\\/uploads\\\/2022\\\/12\\\/bantam-logo.png\",\"width\":320,\"height\":71,\"caption\":\"Bantam Camping AG\"},\"image\":{\"@id\":\"https:\\\/\\\/shop.bantam.ch\\\/de\\\/#\\\/schema\\\/logo\\\/image\\\/\"}}]}<\/script>\n<!-- \/ Yoast SEO plugin. -->","yoast_head_json":{"title":"Fahrradtr\u00e4ger Thule Excellent kurze Version 2 R\u00e4der Traglast 60 kg Farbe silber - Bantam Camping AG","robots":{"index":"index","follow":"follow","max-snippet":"max-snippet:-1","max-image-preview":"max-image-preview:large","max-video-preview":"max-video-preview:-1"},"canonical":"https:\/\/shop.bantam.ch\/de\/produkt\/fahrradtraeger-excellent-kurze-version-silber\/","og_locale":"de_DE","og_type":"article","og_title":"Fahrradtr\u00e4ger Thule Excellent kurze Version 2 R\u00e4der Traglast 60 kg Farbe silber - Bantam Camping AG","og_description":"Thule Excellent &#8211; Das Beste in Punkto Sicherheit und Eleganz.Der Fahrradtr\u00e4ger Thule Excellent aus Aluminium wurde mit gr\u00f6\u00dfter Sorgfalt entwickelt und benutzerfreudlich ausgestattet. Einfache Einstellung des Schienenabstandes in Breite und Tiefe Spanngurte mit Ratschenfunktion f\u00fcr bequeme R\u00e4derbefestigung Schienenb\u00fcgel in zwei Positionen verriegelbar Serienm\u00e4\u00dfig mit zwei abschliesbaren Abstandshalter Perfekt f\u00fcr E-Bikes geeignet Standardversion f\u00fcr 2 Fahrr\u00e4der [&hellip;]","og_url":"https:\/\/shop.bantam.ch\/de\/produkt\/fahrradtraeger-excellent-kurze-version-silber\/","og_site_name":"Bantam Camping AG","article_modified_time":"2026-04-17T19:25:39+00:00","og_image":[{"width":1000,"height":935,"url":"https:\/\/shop.bantam.ch\/wp-content\/uploads\/2023\/02\/998335211.jpg","type":"image\/jpeg"}],"twitter_card":"summary_large_image","schema":{"@context":"https:\/\/schema.org","@graph":[{"@type":"WebPage","@id":"https:\/\/shop.bantam.ch\/de\/produkt\/fahrradtraeger-excellent-kurze-version-silber\/","url":"https:\/\/shop.bantam.ch\/de\/produkt\/fahrradtraeger-excellent-kurze-version-silber\/","name":"Fahrradtr\u00e4ger Thule Excellent kurze Version 2 R\u00e4der Traglast 60 kg Farbe silber - Bantam Camping AG","isPartOf":{"@id":"https:\/\/shop.bantam.ch\/de\/#website"},"primaryImageOfPage":{"@id":"https:\/\/shop.bantam.ch\/de\/produkt\/fahrradtraeger-excellent-kurze-version-silber\/#primaryimage"},"image":{"@id":"https:\/\/shop.bantam.ch\/de\/produkt\/fahrradtraeger-excellent-kurze-version-silber\/#primaryimage"},"thumbnailUrl":"https:\/\/shop.bantam.ch\/wp-content\/uploads\/2023\/02\/998335211.jpg","datePublished":"2023-02-28T02:50:14+00:00","dateModified":"2026-04-17T19:25:39+00:00","breadcrumb":{"@id":"https:\/\/shop.bantam.ch\/de\/produkt\/fahrradtraeger-excellent-kurze-version-silber\/#breadcrumb"},"inLanguage":"de","potentialAction":[{"@type":"ReadAction","target":["https:\/\/shop.bantam.ch\/de\/produkt\/fahrradtraeger-excellent-kurze-version-silber\/"]}]},{"@type":"ImageObject","inLanguage":"de","@id":"https:\/\/shop.bantam.ch\/de\/produkt\/fahrradtraeger-excellent-kurze-version-silber\/#primaryimage","url":"https:\/\/shop.bantam.ch\/wp-content\/uploads\/2023\/02\/998335211.jpg","contentUrl":"https:\/\/shop.bantam.ch\/wp-content\/uploads\/2023\/02\/998335211.jpg","width":1000,"height":935},{"@type":"BreadcrumbList","@id":"https:\/\/shop.bantam.ch\/de\/produkt\/fahrradtraeger-excellent-kurze-version-silber\/#breadcrumb","itemListElement":[{"@type":"ListItem","position":1,"name":"Accueil","item":"https:\/\/shop.bantam.ch\/de\/"},{"@type":"ListItem","position":2,"name":"Shop","item":"https:\/\/shop.bantam.ch\/de\/shop\/"},{"@type":"ListItem","position":3,"name":"Fahrradtr\u00e4ger Thule Excellent kurze Version 2 R\u00e4der Traglast 60 kg Farbe silber"}]},{"@type":"WebSite","@id":"https:\/\/shop.bantam.ch\/de\/#website","url":"https:\/\/shop.bantam.ch\/de\/","name":"Bantam Camping AG","description":"","publisher":{"@id":"https:\/\/shop.bantam.ch\/de\/#organization"},"inLanguage":"de"},{"@type":"Organization","@id":"https:\/\/shop.bantam.ch\/de\/#organization","name":"Bantam Camping AG","url":"https:\/\/shop.bantam.ch\/de\/","logo":{"@type":"ImageObject","inLanguage":"de","@id":"https:\/\/shop.bantam.ch\/de\/#\/schema\/logo\/image\/","url":"https:\/\/shop.bantam.ch\/wp-content\/uploads\/2022\/12\/bantam-logo.png","contentUrl":"https:\/\/shop.bantam.ch\/wp-content\/uploads\/2022\/12\/bantam-logo.png","width":320,"height":71,"caption":"Bantam Camping AG"},"image":{"@id":"https:\/\/shop.bantam.ch\/de\/#\/schema\/logo\/image\/"}}]}},"_links":{"self":[{"href":"https:\/\/shop.bantam.ch\/de\/wp-json\/wp\/v2\/product\/90927","targetHints":{"allow":["GET"]}}],"collection":[{"href":"https:\/\/shop.bantam.ch\/de\/wp-json\/wp\/v2\/product"}],"about":[{"href":"https:\/\/shop.bantam.ch\/de\/wp-json\/wp\/v2\/types\/product"}],"wp:featuredmedia":[{"embeddable":true,"href":"https:\/\/shop.bantam.ch\/de\/wp-json\/wp\/v2\/media\/90919"}],"wp:attachment":[{"href":"https:\/\/shop.bantam.ch\/de\/wp-json\/wp\/v2\/media?parent=90927"}],"wp:term":[{"taxonomy":"product_featured_cat","embeddable":true,"href":"https:\/\/shop.bantam.ch\/de\/wp-json\/wp\/v2\/product_featured_cat?post=90927"},{"taxonomy":"product_brand","embeddable":true,"href":"https:\/\/shop.bantam.ch\/de\/wp-json\/wp\/v2\/product_brand?post=90927"},{"taxonomy":"product_cat","embeddable":true,"href":"https:\/\/shop.bantam.ch\/de\/wp-json\/wp\/v2\/product_cat?post=90927"},{"taxonomy":"product_tag","embeddable":true,"href":"https:\/\/shop.bantam.ch\/de\/wp-json\/wp\/v2\/product_tag?post=90927"}],"curies":[{"name":"wp","href":"https:\/\/api.w.org\/{rel}","templated":true}]}}