{"id":90419,"date":"2023-02-28T03:42:21","date_gmt":"2023-02-28T02:42:21","guid":{"rendered":"http:\/\/shop.bantam.ch\/produit\/vorzelt-safari-panorama-fuer-omnistor-6200-6300\/"},"modified":"2026-04-17T22:40:18","modified_gmt":"2026-04-17T20:40:18","slug":"vorzelt-safari-panorama-fuer-omnistor-6200-6300","status":"publish","type":"product","link":"https:\/\/shop.bantam.ch\/de\/produkt\/vorzelt-safari-panorama-fuer-omnistor-6200-6300\/","title":{"rendered":"Vorzelt Safari Panorama f\u00fcr Omnistor 6200\/6300"},"content":{"rendered":"<p>Das Markisenvorzelt bietet \u00e4u\u00dferste Stabilit\u00e4t und l\u00e4sst sich gleichzeitig einfach und schnell aufbauen. Gro\u00dfe Fensterfl\u00e4chen sorgen zu dem f\u00fcr sehr viel Licht.<\/p>\n<ul>\n<li>Problemloser Aufbau<\/li>\n<li>Seitenfenster mit Moskitonetzen und Fensterfolie f\u00fcr ein angenehmes Klima<\/li>\n<li>Acht verschiedene Eingangspositionen frei w\u00e4hlbar<\/li>\n<li>Alle Fensterelemente vollst\u00e4ndig abnehmbar<\/li>\n<li>Geringes Gewicht durch Airtex Gewebe<\/li>\n<li>Wind- und Wetterdichtes Klemmprofil f\u00fcr die Seitenwandbefestigung am Tuch<\/li>\n<li>Komplett Set: Zwei Seiten- und eine Vorderwand<\/li>\n<li>Mit optionalem Montagekit<\/li>\n<li>passend f\u00fcr Thule Omnistor Markisen der Serie 5200\/5003\/6200\/6300\/8000\/9200<\/li>\n<li>f\u00fcr alle Fahrzeugtypen<\/li>\n<li>inkl. 2 Transporttaschen\u00a0<\/li>\n<\/ul>\n<p>Material<\/p>\n<ul>\n<li>100 % Polyester (mit einseitiger Acrylatbeschichtung)<\/li>\n<\/ul>\n","protected":false},"excerpt":{"rendered":"<p>Das Markisenvorzelt bietet \u00e4u\u00dferste Stabilit\u00e4t und l\u00e4sst sich gleichzeitig einfach und schnell aufbauen. Gro\u00dfe Fensterfl\u00e4chen sorgen zu dem f\u00fcr sehr viel Licht. Problemloser Aufbau Seitenfenster mit Moskitonetzen und Fensterfolie f\u00fcr ein angenehmes Klima Acht verschiedene Eingangspositionen frei w\u00e4hlbar Alle Fensterelemente vollst\u00e4ndig abnehmbar Geringes Gewicht durch Airtex Gewebe Wind- und Wetterdichtes Klemmprofil f\u00fcr die Seitenwandbefestigung am [&hellip;]<\/p>\n","protected":false},"featured_media":90389,"template":"","meta":{"_acf_changed":false},"product_featured_cat":[],"product_brand":[3047],"product_cat":[4224],"product_tag":[],"class_list":{"0":"post-90419","1":"product","2":"type-product","3":"status-publish","4":"has-post-thumbnail","6":"product_brand-thule-de","7":"product_cat-markisen-vorzelte","9":"first","10":"instock","11":"taxable","12":"shipping-taxable","13":"purchasable","14":"product-type-variable"},"acf":[],"yoast_head":"<!-- This site is optimized with the Yoast SEO plugin v27.4 - https:\/\/yoast.com\/product\/yoast-seo-wordpress\/ -->\n<title>Vorzelt Safari Panorama f\u00fcr Omnistor 6200\/6300 - Bantam Camping AG<\/title>\n<meta name=\"robots\" content=\"index, follow, max-snippet:-1, max-image-preview:large, max-video-preview:-1\" \/>\n<link rel=\"canonical\" href=\"https:\/\/shop.bantam.ch\/de\/produkt\/vorzelt-safari-panorama-fuer-omnistor-6200-6300\/\" \/>\n<meta property=\"og:locale\" content=\"de_DE\" \/>\n<meta property=\"og:type\" content=\"article\" \/>\n<meta property=\"og:title\" content=\"Vorzelt Safari Panorama f\u00fcr Omnistor 6200\/6300 - Bantam Camping AG\" \/>\n<meta property=\"og:description\" content=\"Das Markisenvorzelt bietet \u00e4u\u00dferste Stabilit\u00e4t und l\u00e4sst sich gleichzeitig einfach und schnell aufbauen. Gro\u00dfe Fensterfl\u00e4chen sorgen zu dem f\u00fcr sehr viel Licht. Problemloser Aufbau Seitenfenster mit Moskitonetzen und Fensterfolie f\u00fcr ein angenehmes Klima Acht verschiedene Eingangspositionen frei w\u00e4hlbar Alle Fensterelemente vollst\u00e4ndig abnehmbar Geringes Gewicht durch Airtex Gewebe Wind- und Wetterdichtes Klemmprofil f\u00fcr die Seitenwandbefestigung am [&hellip;]\" \/>\n<meta property=\"og:url\" content=\"https:\/\/shop.bantam.ch\/de\/produkt\/vorzelt-safari-panorama-fuer-omnistor-6200-6300\/\" \/>\n<meta property=\"og:site_name\" content=\"Bantam Camping AG\" \/>\n<meta property=\"article:modified_time\" content=\"2026-04-17T20:40:18+00:00\" \/>\n<meta property=\"og:image\" content=\"https:\/\/shop.bantam.ch\/wp-content\/uploads\/2023\/02\/991339611.png\" \/>\n\t<meta property=\"og:image:width\" content=\"1500\" \/>\n\t<meta property=\"og:image:height\" content=\"1018\" \/>\n\t<meta property=\"og:image:type\" content=\"image\/png\" \/>\n<meta name=\"twitter:card\" content=\"summary_large_image\" \/>\n<script type=\"application\/ld+json\" class=\"yoast-schema-graph\">{\"@context\":\"https:\\\/\\\/schema.org\",\"@graph\":[{\"@type\":\"WebPage\",\"@id\":\"https:\\\/\\\/shop.bantam.ch\\\/de\\\/produkt\\\/vorzelt-safari-panorama-fuer-omnistor-6200-6300\\\/\",\"url\":\"https:\\\/\\\/shop.bantam.ch\\\/de\\\/produkt\\\/vorzelt-safari-panorama-fuer-omnistor-6200-6300\\\/\",\"name\":\"Vorzelt Safari Panorama f\u00fcr Omnistor 6200\\\/6300 - Bantam Camping AG\",\"isPartOf\":{\"@id\":\"https:\\\/\\\/shop.bantam.ch\\\/de\\\/#website\"},\"primaryImageOfPage\":{\"@id\":\"https:\\\/\\\/shop.bantam.ch\\\/de\\\/produkt\\\/vorzelt-safari-panorama-fuer-omnistor-6200-6300\\\/#primaryimage\"},\"image\":{\"@id\":\"https:\\\/\\\/shop.bantam.ch\\\/de\\\/produkt\\\/vorzelt-safari-panorama-fuer-omnistor-6200-6300\\\/#primaryimage\"},\"thumbnailUrl\":\"https:\\\/\\\/shop.bantam.ch\\\/wp-content\\\/uploads\\\/2023\\\/02\\\/991339611.png\",\"datePublished\":\"2023-02-28T02:42:21+00:00\",\"dateModified\":\"2026-04-17T20:40:18+00:00\",\"breadcrumb\":{\"@id\":\"https:\\\/\\\/shop.bantam.ch\\\/de\\\/produkt\\\/vorzelt-safari-panorama-fuer-omnistor-6200-6300\\\/#breadcrumb\"},\"inLanguage\":\"de\",\"potentialAction\":[{\"@type\":\"ReadAction\",\"target\":[\"https:\\\/\\\/shop.bantam.ch\\\/de\\\/produkt\\\/vorzelt-safari-panorama-fuer-omnistor-6200-6300\\\/\"]}]},{\"@type\":\"ImageObject\",\"inLanguage\":\"de\",\"@id\":\"https:\\\/\\\/shop.bantam.ch\\\/de\\\/produkt\\\/vorzelt-safari-panorama-fuer-omnistor-6200-6300\\\/#primaryimage\",\"url\":\"https:\\\/\\\/shop.bantam.ch\\\/wp-content\\\/uploads\\\/2023\\\/02\\\/991339611.png\",\"contentUrl\":\"https:\\\/\\\/shop.bantam.ch\\\/wp-content\\\/uploads\\\/2023\\\/02\\\/991339611.png\",\"width\":1500,\"height\":1018},{\"@type\":\"BreadcrumbList\",\"@id\":\"https:\\\/\\\/shop.bantam.ch\\\/de\\\/produkt\\\/vorzelt-safari-panorama-fuer-omnistor-6200-6300\\\/#breadcrumb\",\"itemListElement\":[{\"@type\":\"ListItem\",\"position\":1,\"name\":\"Accueil\",\"item\":\"https:\\\/\\\/shop.bantam.ch\\\/de\\\/\"},{\"@type\":\"ListItem\",\"position\":2,\"name\":\"Shop\",\"item\":\"https:\\\/\\\/shop.bantam.ch\\\/de\\\/shop\\\/\"},{\"@type\":\"ListItem\",\"position\":3,\"name\":\"Vorzelt Safari Panorama f\u00fcr Omnistor 6200\\\/6300\"}]},{\"@type\":\"WebSite\",\"@id\":\"https:\\\/\\\/shop.bantam.ch\\\/de\\\/#website\",\"url\":\"https:\\\/\\\/shop.bantam.ch\\\/de\\\/\",\"name\":\"Bantam Camping AG\",\"description\":\"\",\"publisher\":{\"@id\":\"https:\\\/\\\/shop.bantam.ch\\\/de\\\/#organization\"},\"inLanguage\":\"de\"},{\"@type\":\"Organization\",\"@id\":\"https:\\\/\\\/shop.bantam.ch\\\/de\\\/#organization\",\"name\":\"Bantam Camping AG\",\"url\":\"https:\\\/\\\/shop.bantam.ch\\\/de\\\/\",\"logo\":{\"@type\":\"ImageObject\",\"inLanguage\":\"de\",\"@id\":\"https:\\\/\\\/shop.bantam.ch\\\/de\\\/#\\\/schema\\\/logo\\\/image\\\/\",\"url\":\"https:\\\/\\\/shop.bantam.ch\\\/wp-content\\\/uploads\\\/2022\\\/12\\\/bantam-logo.png\",\"contentUrl\":\"https:\\\/\\\/shop.bantam.ch\\\/wp-content\\\/uploads\\\/2022\\\/12\\\/bantam-logo.png\",\"width\":320,\"height\":71,\"caption\":\"Bantam Camping AG\"},\"image\":{\"@id\":\"https:\\\/\\\/shop.bantam.ch\\\/de\\\/#\\\/schema\\\/logo\\\/image\\\/\"}}]}<\/script>\n<!-- \/ Yoast SEO plugin. -->","yoast_head_json":{"title":"Vorzelt Safari Panorama f\u00fcr Omnistor 6200\/6300 - Bantam Camping AG","robots":{"index":"index","follow":"follow","max-snippet":"max-snippet:-1","max-image-preview":"max-image-preview:large","max-video-preview":"max-video-preview:-1"},"canonical":"https:\/\/shop.bantam.ch\/de\/produkt\/vorzelt-safari-panorama-fuer-omnistor-6200-6300\/","og_locale":"de_DE","og_type":"article","og_title":"Vorzelt Safari Panorama f\u00fcr Omnistor 6200\/6300 - Bantam Camping AG","og_description":"Das Markisenvorzelt bietet \u00e4u\u00dferste Stabilit\u00e4t und l\u00e4sst sich gleichzeitig einfach und schnell aufbauen. Gro\u00dfe Fensterfl\u00e4chen sorgen zu dem f\u00fcr sehr viel Licht. Problemloser Aufbau Seitenfenster mit Moskitonetzen und Fensterfolie f\u00fcr ein angenehmes Klima Acht verschiedene Eingangspositionen frei w\u00e4hlbar Alle Fensterelemente vollst\u00e4ndig abnehmbar Geringes Gewicht durch Airtex Gewebe Wind- und Wetterdichtes Klemmprofil f\u00fcr die Seitenwandbefestigung am [&hellip;]","og_url":"https:\/\/shop.bantam.ch\/de\/produkt\/vorzelt-safari-panorama-fuer-omnistor-6200-6300\/","og_site_name":"Bantam Camping AG","article_modified_time":"2026-04-17T20:40:18+00:00","og_image":[{"width":1500,"height":1018,"url":"https:\/\/shop.bantam.ch\/wp-content\/uploads\/2023\/02\/991339611.png","type":"image\/png"}],"twitter_card":"summary_large_image","schema":{"@context":"https:\/\/schema.org","@graph":[{"@type":"WebPage","@id":"https:\/\/shop.bantam.ch\/de\/produkt\/vorzelt-safari-panorama-fuer-omnistor-6200-6300\/","url":"https:\/\/shop.bantam.ch\/de\/produkt\/vorzelt-safari-panorama-fuer-omnistor-6200-6300\/","name":"Vorzelt Safari Panorama f\u00fcr Omnistor 6200\/6300 - Bantam Camping AG","isPartOf":{"@id":"https:\/\/shop.bantam.ch\/de\/#website"},"primaryImageOfPage":{"@id":"https:\/\/shop.bantam.ch\/de\/produkt\/vorzelt-safari-panorama-fuer-omnistor-6200-6300\/#primaryimage"},"image":{"@id":"https:\/\/shop.bantam.ch\/de\/produkt\/vorzelt-safari-panorama-fuer-omnistor-6200-6300\/#primaryimage"},"thumbnailUrl":"https:\/\/shop.bantam.ch\/wp-content\/uploads\/2023\/02\/991339611.png","datePublished":"2023-02-28T02:42:21+00:00","dateModified":"2026-04-17T20:40:18+00:00","breadcrumb":{"@id":"https:\/\/shop.bantam.ch\/de\/produkt\/vorzelt-safari-panorama-fuer-omnistor-6200-6300\/#breadcrumb"},"inLanguage":"de","potentialAction":[{"@type":"ReadAction","target":["https:\/\/shop.bantam.ch\/de\/produkt\/vorzelt-safari-panorama-fuer-omnistor-6200-6300\/"]}]},{"@type":"ImageObject","inLanguage":"de","@id":"https:\/\/shop.bantam.ch\/de\/produkt\/vorzelt-safari-panorama-fuer-omnistor-6200-6300\/#primaryimage","url":"https:\/\/shop.bantam.ch\/wp-content\/uploads\/2023\/02\/991339611.png","contentUrl":"https:\/\/shop.bantam.ch\/wp-content\/uploads\/2023\/02\/991339611.png","width":1500,"height":1018},{"@type":"BreadcrumbList","@id":"https:\/\/shop.bantam.ch\/de\/produkt\/vorzelt-safari-panorama-fuer-omnistor-6200-6300\/#breadcrumb","itemListElement":[{"@type":"ListItem","position":1,"name":"Accueil","item":"https:\/\/shop.bantam.ch\/de\/"},{"@type":"ListItem","position":2,"name":"Shop","item":"https:\/\/shop.bantam.ch\/de\/shop\/"},{"@type":"ListItem","position":3,"name":"Vorzelt Safari Panorama f\u00fcr Omnistor 6200\/6300"}]},{"@type":"WebSite","@id":"https:\/\/shop.bantam.ch\/de\/#website","url":"https:\/\/shop.bantam.ch\/de\/","name":"Bantam Camping AG","description":"","publisher":{"@id":"https:\/\/shop.bantam.ch\/de\/#organization"},"inLanguage":"de"},{"@type":"Organization","@id":"https:\/\/shop.bantam.ch\/de\/#organization","name":"Bantam Camping AG","url":"https:\/\/shop.bantam.ch\/de\/","logo":{"@type":"ImageObject","inLanguage":"de","@id":"https:\/\/shop.bantam.ch\/de\/#\/schema\/logo\/image\/","url":"https:\/\/shop.bantam.ch\/wp-content\/uploads\/2022\/12\/bantam-logo.png","contentUrl":"https:\/\/shop.bantam.ch\/wp-content\/uploads\/2022\/12\/bantam-logo.png","width":320,"height":71,"caption":"Bantam Camping AG"},"image":{"@id":"https:\/\/shop.bantam.ch\/de\/#\/schema\/logo\/image\/"}}]}},"_links":{"self":[{"href":"https:\/\/shop.bantam.ch\/de\/wp-json\/wp\/v2\/product\/90419","targetHints":{"allow":["GET"]}}],"collection":[{"href":"https:\/\/shop.bantam.ch\/de\/wp-json\/wp\/v2\/product"}],"about":[{"href":"https:\/\/shop.bantam.ch\/de\/wp-json\/wp\/v2\/types\/product"}],"wp:featuredmedia":[{"embeddable":true,"href":"https:\/\/shop.bantam.ch\/de\/wp-json\/wp\/v2\/media\/90389"}],"wp:attachment":[{"href":"https:\/\/shop.bantam.ch\/de\/wp-json\/wp\/v2\/media?parent=90419"}],"wp:term":[{"taxonomy":"product_featured_cat","embeddable":true,"href":"https:\/\/shop.bantam.ch\/de\/wp-json\/wp\/v2\/product_featured_cat?post=90419"},{"taxonomy":"product_brand","embeddable":true,"href":"https:\/\/shop.bantam.ch\/de\/wp-json\/wp\/v2\/product_brand?post=90419"},{"taxonomy":"product_cat","embeddable":true,"href":"https:\/\/shop.bantam.ch\/de\/wp-json\/wp\/v2\/product_cat?post=90419"},{"taxonomy":"product_tag","embeddable":true,"href":"https:\/\/shop.bantam.ch\/de\/wp-json\/wp\/v2\/product_tag?post=90419"}],"curies":[{"name":"wp","href":"https:\/\/api.w.org\/{rel}","templated":true}]}}