{"id":90201,"date":"2023-02-28T03:39:30","date_gmt":"2023-02-28T02:39:30","guid":{"rendered":"http:\/\/shop.bantam.ch\/produit\/sackmarkise-caravanstore-tuchfarbe-royal-blue\/"},"modified":"2026-04-18T22:41:35","modified_gmt":"2026-04-18T20:41:35","slug":"sackmarkise-caravanstore-tuchfarbe-royal-blue","status":"publish","type":"product","link":"https:\/\/shop.bantam.ch\/de\/produkt\/sackmarkise-caravanstore-tuchfarbe-royal-blue\/","title":{"rendered":"Sackmarkise Caravanstore Tuchfarbe royal blue"},"content":{"rendered":"<p>Einfach in der Bedienung &#8211; robust im Gebrauch. Innerhalb weniger Minuten, dank dem innovativem Rollsystem, einsatzbereit.<br \/>Die verst\u00e4rkte Rolle, in welcher die St\u00fctzf\u00fcsse und Spannarme untergebracht sind, verf\u00fcgt \u00fcber eine Aufrollfunktion in beide Richtungen.<br \/>Die Fiamma Caravanstore wird in die Kederschiene angebracht und kann auch w\u00e4hrend der Fahrt am Caravan verbleiben.<br \/>Die doppelte Schienen in der Markisenwalze erm\u00f6glichen eine zus\u00e4tzliche, gleichzeitige Anbringung z.B. von Markisenvorzelt (Privacy) und Blocker (beides Zubeh\u00f6r).<\/p>\n<p>Material:<br \/>aus PVC-Tuch<\/p>\n","protected":false},"excerpt":{"rendered":"<p>Einfach in der Bedienung &#8211; robust im Gebrauch. Innerhalb weniger Minuten, dank dem innovativem Rollsystem, einsatzbereit.Die verst\u00e4rkte Rolle, in welcher die St\u00fctzf\u00fcsse und Spannarme untergebracht sind, verf\u00fcgt \u00fcber eine Aufrollfunktion in beide Richtungen.Die Fiamma Caravanstore wird in die Kederschiene angebracht und kann auch w\u00e4hrend der Fahrt am Caravan verbleiben.Die doppelte Schienen in der Markisenwalze erm\u00f6glichen [&hellip;]<\/p>\n","protected":false},"featured_media":90131,"template":"","meta":{"_acf_changed":false},"product_featured_cat":[],"product_brand":[3035],"product_cat":[4216],"product_tag":[],"class_list":{"0":"post-90201","1":"product","2":"type-product","3":"status-publish","4":"has-post-thumbnail","6":"product_brand-fiamma-de","7":"product_cat-sackmarkisen","9":"first","10":"instock","11":"taxable","12":"shipping-taxable","13":"purchasable","14":"product-type-variable"},"acf":[],"yoast_head":"<!-- This site is optimized with the Yoast SEO plugin v27.4 - https:\/\/yoast.com\/product\/yoast-seo-wordpress\/ -->\n<title>Sackmarkise Caravanstore Tuchfarbe royal blue - Bantam Camping AG<\/title>\n<meta name=\"robots\" content=\"index, follow, max-snippet:-1, max-image-preview:large, max-video-preview:-1\" \/>\n<link rel=\"canonical\" href=\"https:\/\/shop.bantam.ch\/de\/produkt\/sackmarkise-caravanstore-tuchfarbe-royal-blue\/\" \/>\n<meta property=\"og:locale\" content=\"de_DE\" \/>\n<meta property=\"og:type\" content=\"article\" \/>\n<meta property=\"og:title\" content=\"Sackmarkise Caravanstore Tuchfarbe royal blue - Bantam Camping AG\" \/>\n<meta property=\"og:description\" content=\"Einfach in der Bedienung &#8211; robust im Gebrauch. Innerhalb weniger Minuten, dank dem innovativem Rollsystem, einsatzbereit.Die verst\u00e4rkte Rolle, in welcher die St\u00fctzf\u00fcsse und Spannarme untergebracht sind, verf\u00fcgt \u00fcber eine Aufrollfunktion in beide Richtungen.Die Fiamma Caravanstore wird in die Kederschiene angebracht und kann auch w\u00e4hrend der Fahrt am Caravan verbleiben.Die doppelte Schienen in der Markisenwalze erm\u00f6glichen [&hellip;]\" \/>\n<meta property=\"og:url\" content=\"https:\/\/shop.bantam.ch\/de\/produkt\/sackmarkise-caravanstore-tuchfarbe-royal-blue\/\" \/>\n<meta property=\"og:site_name\" content=\"Bantam Camping AG\" \/>\n<meta property=\"article:modified_time\" content=\"2026-04-18T20:41:35+00:00\" \/>\n<meta property=\"og:image\" content=\"https:\/\/shop.bantam.ch\/wp-content\/uploads\/2023\/02\/995197671.jpg\" \/>\n\t<meta property=\"og:image:width\" content=\"1000\" \/>\n\t<meta property=\"og:image:height\" content=\"667\" \/>\n\t<meta property=\"og:image:type\" content=\"image\/jpeg\" \/>\n<meta name=\"twitter:card\" content=\"summary_large_image\" \/>\n<script type=\"application\/ld+json\" class=\"yoast-schema-graph\">{\"@context\":\"https:\\\/\\\/schema.org\",\"@graph\":[{\"@type\":\"WebPage\",\"@id\":\"https:\\\/\\\/shop.bantam.ch\\\/de\\\/produkt\\\/sackmarkise-caravanstore-tuchfarbe-royal-blue\\\/\",\"url\":\"https:\\\/\\\/shop.bantam.ch\\\/de\\\/produkt\\\/sackmarkise-caravanstore-tuchfarbe-royal-blue\\\/\",\"name\":\"Sackmarkise Caravanstore Tuchfarbe royal blue - Bantam Camping AG\",\"isPartOf\":{\"@id\":\"https:\\\/\\\/shop.bantam.ch\\\/de\\\/#website\"},\"primaryImageOfPage\":{\"@id\":\"https:\\\/\\\/shop.bantam.ch\\\/de\\\/produkt\\\/sackmarkise-caravanstore-tuchfarbe-royal-blue\\\/#primaryimage\"},\"image\":{\"@id\":\"https:\\\/\\\/shop.bantam.ch\\\/de\\\/produkt\\\/sackmarkise-caravanstore-tuchfarbe-royal-blue\\\/#primaryimage\"},\"thumbnailUrl\":\"https:\\\/\\\/shop.bantam.ch\\\/wp-content\\\/uploads\\\/2023\\\/02\\\/995197671.jpg\",\"datePublished\":\"2023-02-28T02:39:30+00:00\",\"dateModified\":\"2026-04-18T20:41:35+00:00\",\"breadcrumb\":{\"@id\":\"https:\\\/\\\/shop.bantam.ch\\\/de\\\/produkt\\\/sackmarkise-caravanstore-tuchfarbe-royal-blue\\\/#breadcrumb\"},\"inLanguage\":\"de\",\"potentialAction\":[{\"@type\":\"ReadAction\",\"target\":[\"https:\\\/\\\/shop.bantam.ch\\\/de\\\/produkt\\\/sackmarkise-caravanstore-tuchfarbe-royal-blue\\\/\"]}]},{\"@type\":\"ImageObject\",\"inLanguage\":\"de\",\"@id\":\"https:\\\/\\\/shop.bantam.ch\\\/de\\\/produkt\\\/sackmarkise-caravanstore-tuchfarbe-royal-blue\\\/#primaryimage\",\"url\":\"https:\\\/\\\/shop.bantam.ch\\\/wp-content\\\/uploads\\\/2023\\\/02\\\/995197671.jpg\",\"contentUrl\":\"https:\\\/\\\/shop.bantam.ch\\\/wp-content\\\/uploads\\\/2023\\\/02\\\/995197671.jpg\",\"width\":1000,\"height\":667},{\"@type\":\"BreadcrumbList\",\"@id\":\"https:\\\/\\\/shop.bantam.ch\\\/de\\\/produkt\\\/sackmarkise-caravanstore-tuchfarbe-royal-blue\\\/#breadcrumb\",\"itemListElement\":[{\"@type\":\"ListItem\",\"position\":1,\"name\":\"Accueil\",\"item\":\"https:\\\/\\\/shop.bantam.ch\\\/de\\\/\"},{\"@type\":\"ListItem\",\"position\":2,\"name\":\"Shop\",\"item\":\"https:\\\/\\\/shop.bantam.ch\\\/de\\\/shop\\\/\"},{\"@type\":\"ListItem\",\"position\":3,\"name\":\"Sackmarkise Caravanstore Tuchfarbe royal blue\"}]},{\"@type\":\"WebSite\",\"@id\":\"https:\\\/\\\/shop.bantam.ch\\\/de\\\/#website\",\"url\":\"https:\\\/\\\/shop.bantam.ch\\\/de\\\/\",\"name\":\"Bantam Camping AG\",\"description\":\"\",\"publisher\":{\"@id\":\"https:\\\/\\\/shop.bantam.ch\\\/de\\\/#organization\"},\"inLanguage\":\"de\"},{\"@type\":\"Organization\",\"@id\":\"https:\\\/\\\/shop.bantam.ch\\\/de\\\/#organization\",\"name\":\"Bantam Camping AG\",\"url\":\"https:\\\/\\\/shop.bantam.ch\\\/de\\\/\",\"logo\":{\"@type\":\"ImageObject\",\"inLanguage\":\"de\",\"@id\":\"https:\\\/\\\/shop.bantam.ch\\\/de\\\/#\\\/schema\\\/logo\\\/image\\\/\",\"url\":\"https:\\\/\\\/shop.bantam.ch\\\/wp-content\\\/uploads\\\/2022\\\/12\\\/bantam-logo.png\",\"contentUrl\":\"https:\\\/\\\/shop.bantam.ch\\\/wp-content\\\/uploads\\\/2022\\\/12\\\/bantam-logo.png\",\"width\":320,\"height\":71,\"caption\":\"Bantam Camping AG\"},\"image\":{\"@id\":\"https:\\\/\\\/shop.bantam.ch\\\/de\\\/#\\\/schema\\\/logo\\\/image\\\/\"}}]}<\/script>\n<!-- \/ Yoast SEO plugin. -->","yoast_head_json":{"title":"Sackmarkise Caravanstore Tuchfarbe royal blue - Bantam Camping AG","robots":{"index":"index","follow":"follow","max-snippet":"max-snippet:-1","max-image-preview":"max-image-preview:large","max-video-preview":"max-video-preview:-1"},"canonical":"https:\/\/shop.bantam.ch\/de\/produkt\/sackmarkise-caravanstore-tuchfarbe-royal-blue\/","og_locale":"de_DE","og_type":"article","og_title":"Sackmarkise Caravanstore Tuchfarbe royal blue - Bantam Camping AG","og_description":"Einfach in der Bedienung &#8211; robust im Gebrauch. Innerhalb weniger Minuten, dank dem innovativem Rollsystem, einsatzbereit.Die verst\u00e4rkte Rolle, in welcher die St\u00fctzf\u00fcsse und Spannarme untergebracht sind, verf\u00fcgt \u00fcber eine Aufrollfunktion in beide Richtungen.Die Fiamma Caravanstore wird in die Kederschiene angebracht und kann auch w\u00e4hrend der Fahrt am Caravan verbleiben.Die doppelte Schienen in der Markisenwalze erm\u00f6glichen [&hellip;]","og_url":"https:\/\/shop.bantam.ch\/de\/produkt\/sackmarkise-caravanstore-tuchfarbe-royal-blue\/","og_site_name":"Bantam Camping AG","article_modified_time":"2026-04-18T20:41:35+00:00","og_image":[{"width":1000,"height":667,"url":"https:\/\/shop.bantam.ch\/wp-content\/uploads\/2023\/02\/995197671.jpg","type":"image\/jpeg"}],"twitter_card":"summary_large_image","schema":{"@context":"https:\/\/schema.org","@graph":[{"@type":"WebPage","@id":"https:\/\/shop.bantam.ch\/de\/produkt\/sackmarkise-caravanstore-tuchfarbe-royal-blue\/","url":"https:\/\/shop.bantam.ch\/de\/produkt\/sackmarkise-caravanstore-tuchfarbe-royal-blue\/","name":"Sackmarkise Caravanstore Tuchfarbe royal blue - Bantam Camping AG","isPartOf":{"@id":"https:\/\/shop.bantam.ch\/de\/#website"},"primaryImageOfPage":{"@id":"https:\/\/shop.bantam.ch\/de\/produkt\/sackmarkise-caravanstore-tuchfarbe-royal-blue\/#primaryimage"},"image":{"@id":"https:\/\/shop.bantam.ch\/de\/produkt\/sackmarkise-caravanstore-tuchfarbe-royal-blue\/#primaryimage"},"thumbnailUrl":"https:\/\/shop.bantam.ch\/wp-content\/uploads\/2023\/02\/995197671.jpg","datePublished":"2023-02-28T02:39:30+00:00","dateModified":"2026-04-18T20:41:35+00:00","breadcrumb":{"@id":"https:\/\/shop.bantam.ch\/de\/produkt\/sackmarkise-caravanstore-tuchfarbe-royal-blue\/#breadcrumb"},"inLanguage":"de","potentialAction":[{"@type":"ReadAction","target":["https:\/\/shop.bantam.ch\/de\/produkt\/sackmarkise-caravanstore-tuchfarbe-royal-blue\/"]}]},{"@type":"ImageObject","inLanguage":"de","@id":"https:\/\/shop.bantam.ch\/de\/produkt\/sackmarkise-caravanstore-tuchfarbe-royal-blue\/#primaryimage","url":"https:\/\/shop.bantam.ch\/wp-content\/uploads\/2023\/02\/995197671.jpg","contentUrl":"https:\/\/shop.bantam.ch\/wp-content\/uploads\/2023\/02\/995197671.jpg","width":1000,"height":667},{"@type":"BreadcrumbList","@id":"https:\/\/shop.bantam.ch\/de\/produkt\/sackmarkise-caravanstore-tuchfarbe-royal-blue\/#breadcrumb","itemListElement":[{"@type":"ListItem","position":1,"name":"Accueil","item":"https:\/\/shop.bantam.ch\/de\/"},{"@type":"ListItem","position":2,"name":"Shop","item":"https:\/\/shop.bantam.ch\/de\/shop\/"},{"@type":"ListItem","position":3,"name":"Sackmarkise Caravanstore Tuchfarbe royal blue"}]},{"@type":"WebSite","@id":"https:\/\/shop.bantam.ch\/de\/#website","url":"https:\/\/shop.bantam.ch\/de\/","name":"Bantam Camping AG","description":"","publisher":{"@id":"https:\/\/shop.bantam.ch\/de\/#organization"},"inLanguage":"de"},{"@type":"Organization","@id":"https:\/\/shop.bantam.ch\/de\/#organization","name":"Bantam Camping AG","url":"https:\/\/shop.bantam.ch\/de\/","logo":{"@type":"ImageObject","inLanguage":"de","@id":"https:\/\/shop.bantam.ch\/de\/#\/schema\/logo\/image\/","url":"https:\/\/shop.bantam.ch\/wp-content\/uploads\/2022\/12\/bantam-logo.png","contentUrl":"https:\/\/shop.bantam.ch\/wp-content\/uploads\/2022\/12\/bantam-logo.png","width":320,"height":71,"caption":"Bantam Camping AG"},"image":{"@id":"https:\/\/shop.bantam.ch\/de\/#\/schema\/logo\/image\/"}}]}},"_links":{"self":[{"href":"https:\/\/shop.bantam.ch\/de\/wp-json\/wp\/v2\/product\/90201","targetHints":{"allow":["GET"]}}],"collection":[{"href":"https:\/\/shop.bantam.ch\/de\/wp-json\/wp\/v2\/product"}],"about":[{"href":"https:\/\/shop.bantam.ch\/de\/wp-json\/wp\/v2\/types\/product"}],"wp:featuredmedia":[{"embeddable":true,"href":"https:\/\/shop.bantam.ch\/de\/wp-json\/wp\/v2\/media\/90131"}],"wp:attachment":[{"href":"https:\/\/shop.bantam.ch\/de\/wp-json\/wp\/v2\/media?parent=90201"}],"wp:term":[{"taxonomy":"product_featured_cat","embeddable":true,"href":"https:\/\/shop.bantam.ch\/de\/wp-json\/wp\/v2\/product_featured_cat?post=90201"},{"taxonomy":"product_brand","embeddable":true,"href":"https:\/\/shop.bantam.ch\/de\/wp-json\/wp\/v2\/product_brand?post=90201"},{"taxonomy":"product_cat","embeddable":true,"href":"https:\/\/shop.bantam.ch\/de\/wp-json\/wp\/v2\/product_cat?post=90201"},{"taxonomy":"product_tag","embeddable":true,"href":"https:\/\/shop.bantam.ch\/de\/wp-json\/wp\/v2\/product_tag?post=90201"}],"curies":[{"name":"wp","href":"https:\/\/api.w.org\/{rel}","templated":true}]}}