{"id":90125,"date":"2023-02-28T03:39:14","date_gmt":"2023-02-28T02:39:14","guid":{"rendered":"http:\/\/shop.bantam.ch\/produit\/monitor-lcd-m55l-ahd-5-zoll\/"},"modified":"2026-04-17T21:25:31","modified_gmt":"2026-04-17T19:25:31","slug":"monitor-lcd-m55l-ahd-5-zoll","status":"publish","type":"product","link":"https:\/\/shop.bantam.ch\/de\/produkt\/monitor-lcd-m55l-ahd-5-zoll\/","title":{"rendered":"Monitor DOMETIC LCD M55 L AHD 5 Zoll"},"content":{"rendered":"<p>Gro\u00dfe Fahrzeuge zu man\u00f6vrieren, ist kein Kinderspiel. Der Dometic PerfectView M 55L AHD LCD-Monitor sorgt beim Fahren f\u00fcr zus\u00e4tzliche Sicherheit. Selbst in Kombination mit herk\u00f6mmlichen, nicht AHD-f\u00e4higen Kameras bietet er Ihnen ein klares Bild von allem, was sich hinter Ihrem Fahrzeug abspielt. Im Zusammenspiel mit einer AHD-Kamera ist die Bildqualit\u00e4t geradezu brillant. Der 5 Zoll Monitor ist bei allen Lichtverh\u00e4ltnissen und auch bei niedrigen Temperaturen gut lesbar und kann m\u00fchelos verstellt werden. Der M 55L AHD verf\u00fcgt \u00fcber drei Kameraeing\u00e4nge. Praktischerweise k\u00f6nnen die Einstellungen der einzelnen Kameras separat gespeichert werden. Die Kameras k\u00f6nnen durch externe Signale wie Blinker ausgel\u00f6st werden. Nach Wunsch k\u00f6nnen Sie die Spiegelfunktion nutzen, die Ihnen den gewohnten R\u00fcckspiegelblick bietet.<\/p>\n","protected":false},"excerpt":{"rendered":"<p>Gro\u00dfe Fahrzeuge zu man\u00f6vrieren, ist kein Kinderspiel. Der Dometic PerfectView M 55L AHD LCD-Monitor sorgt beim Fahren f\u00fcr zus\u00e4tzliche Sicherheit. Selbst in Kombination mit herk\u00f6mmlichen, nicht AHD-f\u00e4higen Kameras bietet er Ihnen ein klares Bild von allem, was sich hinter Ihrem Fahrzeug abspielt. Im Zusammenspiel mit einer AHD-Kamera ist die Bildqualit\u00e4t geradezu brillant. Der 5 Zoll [&hellip;]<\/p>\n","protected":false},"featured_media":90123,"template":"","meta":{"_acf_changed":false},"product_featured_cat":[],"product_brand":[3029],"product_cat":[5000],"product_tag":[],"class_list":{"0":"post-90125","1":"product","2":"type-product","3":"status-publish","4":"has-post-thumbnail","6":"product_brand-dometic-de","7":"product_cat-monitore","9":"first","10":"instock","11":"taxable","12":"shipping-taxable","13":"purchasable","14":"product-type-simple"},"acf":[],"yoast_head":"<!-- This site is optimized with the Yoast SEO plugin v27.4 - https:\/\/yoast.com\/product\/yoast-seo-wordpress\/ -->\n<title>Monitor DOMETIC LCD M55 L AHD 5 Zoll - Bantam Camping AG<\/title>\n<meta name=\"robots\" content=\"index, follow, max-snippet:-1, max-image-preview:large, max-video-preview:-1\" \/>\n<link rel=\"canonical\" href=\"https:\/\/shop.bantam.ch\/de\/produkt\/monitor-lcd-m55l-ahd-5-zoll\/\" \/>\n<meta property=\"og:locale\" content=\"de_DE\" \/>\n<meta property=\"og:type\" content=\"article\" \/>\n<meta property=\"og:title\" content=\"Monitor DOMETIC LCD M55 L AHD 5 Zoll - Bantam Camping AG\" \/>\n<meta property=\"og:description\" content=\"Gro\u00dfe Fahrzeuge zu man\u00f6vrieren, ist kein Kinderspiel. Der Dometic PerfectView M 55L AHD LCD-Monitor sorgt beim Fahren f\u00fcr zus\u00e4tzliche Sicherheit. Selbst in Kombination mit herk\u00f6mmlichen, nicht AHD-f\u00e4higen Kameras bietet er Ihnen ein klares Bild von allem, was sich hinter Ihrem Fahrzeug abspielt. Im Zusammenspiel mit einer AHD-Kamera ist die Bildqualit\u00e4t geradezu brillant. Der 5 Zoll [&hellip;]\" \/>\n<meta property=\"og:url\" content=\"https:\/\/shop.bantam.ch\/de\/produkt\/monitor-lcd-m55l-ahd-5-zoll\/\" \/>\n<meta property=\"og:site_name\" content=\"Bantam Camping AG\" \/>\n<meta property=\"article:modified_time\" content=\"2026-04-17T19:25:31+00:00\" \/>\n<meta property=\"og:image\" content=\"https:\/\/shop.bantam.ch\/wp-content\/uploads\/2023\/02\/993284811.jpg\" \/>\n\t<meta property=\"og:image:width\" content=\"1000\" \/>\n\t<meta property=\"og:image:height\" content=\"596\" \/>\n\t<meta property=\"og:image:type\" content=\"image\/jpeg\" \/>\n<meta name=\"twitter:card\" content=\"summary_large_image\" \/>\n<meta name=\"twitter:label1\" content=\"Gesch\u00e4tzte Lesezeit\" \/>\n\t<meta name=\"twitter:data1\" content=\"1\u00a0Minute\" \/>\n<script type=\"application\/ld+json\" class=\"yoast-schema-graph\">{\"@context\":\"https:\\\/\\\/schema.org\",\"@graph\":[{\"@type\":\"WebPage\",\"@id\":\"https:\\\/\\\/shop.bantam.ch\\\/de\\\/produkt\\\/monitor-lcd-m55l-ahd-5-zoll\\\/\",\"url\":\"https:\\\/\\\/shop.bantam.ch\\\/de\\\/produkt\\\/monitor-lcd-m55l-ahd-5-zoll\\\/\",\"name\":\"Monitor DOMETIC LCD M55 L AHD 5 Zoll - Bantam Camping AG\",\"isPartOf\":{\"@id\":\"https:\\\/\\\/shop.bantam.ch\\\/de\\\/#website\"},\"primaryImageOfPage\":{\"@id\":\"https:\\\/\\\/shop.bantam.ch\\\/de\\\/produkt\\\/monitor-lcd-m55l-ahd-5-zoll\\\/#primaryimage\"},\"image\":{\"@id\":\"https:\\\/\\\/shop.bantam.ch\\\/de\\\/produkt\\\/monitor-lcd-m55l-ahd-5-zoll\\\/#primaryimage\"},\"thumbnailUrl\":\"https:\\\/\\\/shop.bantam.ch\\\/wp-content\\\/uploads\\\/2023\\\/02\\\/993284811.jpg\",\"datePublished\":\"2023-02-28T02:39:14+00:00\",\"dateModified\":\"2026-04-17T19:25:31+00:00\",\"breadcrumb\":{\"@id\":\"https:\\\/\\\/shop.bantam.ch\\\/de\\\/produkt\\\/monitor-lcd-m55l-ahd-5-zoll\\\/#breadcrumb\"},\"inLanguage\":\"de\",\"potentialAction\":[{\"@type\":\"ReadAction\",\"target\":[\"https:\\\/\\\/shop.bantam.ch\\\/de\\\/produkt\\\/monitor-lcd-m55l-ahd-5-zoll\\\/\"]}]},{\"@type\":\"ImageObject\",\"inLanguage\":\"de\",\"@id\":\"https:\\\/\\\/shop.bantam.ch\\\/de\\\/produkt\\\/monitor-lcd-m55l-ahd-5-zoll\\\/#primaryimage\",\"url\":\"https:\\\/\\\/shop.bantam.ch\\\/wp-content\\\/uploads\\\/2023\\\/02\\\/993284811.jpg\",\"contentUrl\":\"https:\\\/\\\/shop.bantam.ch\\\/wp-content\\\/uploads\\\/2023\\\/02\\\/993284811.jpg\",\"width\":1000,\"height\":596},{\"@type\":\"BreadcrumbList\",\"@id\":\"https:\\\/\\\/shop.bantam.ch\\\/de\\\/produkt\\\/monitor-lcd-m55l-ahd-5-zoll\\\/#breadcrumb\",\"itemListElement\":[{\"@type\":\"ListItem\",\"position\":1,\"name\":\"Accueil\",\"item\":\"https:\\\/\\\/shop.bantam.ch\\\/de\\\/\"},{\"@type\":\"ListItem\",\"position\":2,\"name\":\"Shop\",\"item\":\"https:\\\/\\\/shop.bantam.ch\\\/de\\\/shop\\\/\"},{\"@type\":\"ListItem\",\"position\":3,\"name\":\"Monitor DOMETIC LCD M55 L AHD 5 Zoll\"}]},{\"@type\":\"WebSite\",\"@id\":\"https:\\\/\\\/shop.bantam.ch\\\/de\\\/#website\",\"url\":\"https:\\\/\\\/shop.bantam.ch\\\/de\\\/\",\"name\":\"Bantam Camping AG\",\"description\":\"\",\"publisher\":{\"@id\":\"https:\\\/\\\/shop.bantam.ch\\\/de\\\/#organization\"},\"inLanguage\":\"de\"},{\"@type\":\"Organization\",\"@id\":\"https:\\\/\\\/shop.bantam.ch\\\/de\\\/#organization\",\"name\":\"Bantam Camping AG\",\"url\":\"https:\\\/\\\/shop.bantam.ch\\\/de\\\/\",\"logo\":{\"@type\":\"ImageObject\",\"inLanguage\":\"de\",\"@id\":\"https:\\\/\\\/shop.bantam.ch\\\/de\\\/#\\\/schema\\\/logo\\\/image\\\/\",\"url\":\"https:\\\/\\\/shop.bantam.ch\\\/wp-content\\\/uploads\\\/2022\\\/12\\\/bantam-logo.png\",\"contentUrl\":\"https:\\\/\\\/shop.bantam.ch\\\/wp-content\\\/uploads\\\/2022\\\/12\\\/bantam-logo.png\",\"width\":320,\"height\":71,\"caption\":\"Bantam Camping AG\"},\"image\":{\"@id\":\"https:\\\/\\\/shop.bantam.ch\\\/de\\\/#\\\/schema\\\/logo\\\/image\\\/\"}}]}<\/script>\n<!-- \/ Yoast SEO plugin. -->","yoast_head_json":{"title":"Monitor DOMETIC LCD M55 L AHD 5 Zoll - Bantam Camping AG","robots":{"index":"index","follow":"follow","max-snippet":"max-snippet:-1","max-image-preview":"max-image-preview:large","max-video-preview":"max-video-preview:-1"},"canonical":"https:\/\/shop.bantam.ch\/de\/produkt\/monitor-lcd-m55l-ahd-5-zoll\/","og_locale":"de_DE","og_type":"article","og_title":"Monitor DOMETIC LCD M55 L AHD 5 Zoll - Bantam Camping AG","og_description":"Gro\u00dfe Fahrzeuge zu man\u00f6vrieren, ist kein Kinderspiel. Der Dometic PerfectView M 55L AHD LCD-Monitor sorgt beim Fahren f\u00fcr zus\u00e4tzliche Sicherheit. Selbst in Kombination mit herk\u00f6mmlichen, nicht AHD-f\u00e4higen Kameras bietet er Ihnen ein klares Bild von allem, was sich hinter Ihrem Fahrzeug abspielt. Im Zusammenspiel mit einer AHD-Kamera ist die Bildqualit\u00e4t geradezu brillant. Der 5 Zoll [&hellip;]","og_url":"https:\/\/shop.bantam.ch\/de\/produkt\/monitor-lcd-m55l-ahd-5-zoll\/","og_site_name":"Bantam Camping AG","article_modified_time":"2026-04-17T19:25:31+00:00","og_image":[{"width":1000,"height":596,"url":"https:\/\/shop.bantam.ch\/wp-content\/uploads\/2023\/02\/993284811.jpg","type":"image\/jpeg"}],"twitter_card":"summary_large_image","twitter_misc":{"Gesch\u00e4tzte Lesezeit":"1\u00a0Minute"},"schema":{"@context":"https:\/\/schema.org","@graph":[{"@type":"WebPage","@id":"https:\/\/shop.bantam.ch\/de\/produkt\/monitor-lcd-m55l-ahd-5-zoll\/","url":"https:\/\/shop.bantam.ch\/de\/produkt\/monitor-lcd-m55l-ahd-5-zoll\/","name":"Monitor DOMETIC LCD M55 L AHD 5 Zoll - Bantam Camping AG","isPartOf":{"@id":"https:\/\/shop.bantam.ch\/de\/#website"},"primaryImageOfPage":{"@id":"https:\/\/shop.bantam.ch\/de\/produkt\/monitor-lcd-m55l-ahd-5-zoll\/#primaryimage"},"image":{"@id":"https:\/\/shop.bantam.ch\/de\/produkt\/monitor-lcd-m55l-ahd-5-zoll\/#primaryimage"},"thumbnailUrl":"https:\/\/shop.bantam.ch\/wp-content\/uploads\/2023\/02\/993284811.jpg","datePublished":"2023-02-28T02:39:14+00:00","dateModified":"2026-04-17T19:25:31+00:00","breadcrumb":{"@id":"https:\/\/shop.bantam.ch\/de\/produkt\/monitor-lcd-m55l-ahd-5-zoll\/#breadcrumb"},"inLanguage":"de","potentialAction":[{"@type":"ReadAction","target":["https:\/\/shop.bantam.ch\/de\/produkt\/monitor-lcd-m55l-ahd-5-zoll\/"]}]},{"@type":"ImageObject","inLanguage":"de","@id":"https:\/\/shop.bantam.ch\/de\/produkt\/monitor-lcd-m55l-ahd-5-zoll\/#primaryimage","url":"https:\/\/shop.bantam.ch\/wp-content\/uploads\/2023\/02\/993284811.jpg","contentUrl":"https:\/\/shop.bantam.ch\/wp-content\/uploads\/2023\/02\/993284811.jpg","width":1000,"height":596},{"@type":"BreadcrumbList","@id":"https:\/\/shop.bantam.ch\/de\/produkt\/monitor-lcd-m55l-ahd-5-zoll\/#breadcrumb","itemListElement":[{"@type":"ListItem","position":1,"name":"Accueil","item":"https:\/\/shop.bantam.ch\/de\/"},{"@type":"ListItem","position":2,"name":"Shop","item":"https:\/\/shop.bantam.ch\/de\/shop\/"},{"@type":"ListItem","position":3,"name":"Monitor DOMETIC LCD M55 L AHD 5 Zoll"}]},{"@type":"WebSite","@id":"https:\/\/shop.bantam.ch\/de\/#website","url":"https:\/\/shop.bantam.ch\/de\/","name":"Bantam Camping AG","description":"","publisher":{"@id":"https:\/\/shop.bantam.ch\/de\/#organization"},"inLanguage":"de"},{"@type":"Organization","@id":"https:\/\/shop.bantam.ch\/de\/#organization","name":"Bantam Camping AG","url":"https:\/\/shop.bantam.ch\/de\/","logo":{"@type":"ImageObject","inLanguage":"de","@id":"https:\/\/shop.bantam.ch\/de\/#\/schema\/logo\/image\/","url":"https:\/\/shop.bantam.ch\/wp-content\/uploads\/2022\/12\/bantam-logo.png","contentUrl":"https:\/\/shop.bantam.ch\/wp-content\/uploads\/2022\/12\/bantam-logo.png","width":320,"height":71,"caption":"Bantam Camping AG"},"image":{"@id":"https:\/\/shop.bantam.ch\/de\/#\/schema\/logo\/image\/"}}]}},"_links":{"self":[{"href":"https:\/\/shop.bantam.ch\/de\/wp-json\/wp\/v2\/product\/90125","targetHints":{"allow":["GET"]}}],"collection":[{"href":"https:\/\/shop.bantam.ch\/de\/wp-json\/wp\/v2\/product"}],"about":[{"href":"https:\/\/shop.bantam.ch\/de\/wp-json\/wp\/v2\/types\/product"}],"wp:featuredmedia":[{"embeddable":true,"href":"https:\/\/shop.bantam.ch\/de\/wp-json\/wp\/v2\/media\/90123"}],"wp:attachment":[{"href":"https:\/\/shop.bantam.ch\/de\/wp-json\/wp\/v2\/media?parent=90125"}],"wp:term":[{"taxonomy":"product_featured_cat","embeddable":true,"href":"https:\/\/shop.bantam.ch\/de\/wp-json\/wp\/v2\/product_featured_cat?post=90125"},{"taxonomy":"product_brand","embeddable":true,"href":"https:\/\/shop.bantam.ch\/de\/wp-json\/wp\/v2\/product_brand?post=90125"},{"taxonomy":"product_cat","embeddable":true,"href":"https:\/\/shop.bantam.ch\/de\/wp-json\/wp\/v2\/product_cat?post=90125"},{"taxonomy":"product_tag","embeddable":true,"href":"https:\/\/shop.bantam.ch\/de\/wp-json\/wp\/v2\/product_tag?post=90125"}],"curies":[{"name":"wp","href":"https:\/\/api.w.org\/{rel}","templated":true}]}}