{"id":88361,"date":"2023-02-28T03:22:21","date_gmt":"2023-02-28T02:22:21","guid":{"rendered":"http:\/\/shop.bantam.ch\/produit\/busvorzelt-beyond\/"},"modified":"2026-04-16T21:30:14","modified_gmt":"2026-04-16T19:30:14","slug":"busvorzelt-beyond","status":"publish","type":"product","link":"https:\/\/shop.bantam.ch\/de\/produkt\/busvorzelt-beyond\/","title":{"rendered":"Busvorzelt BRUNNER Beyond Fb. dunkelgrau \/ hellgrau"},"content":{"rendered":"<p>Freistehendes Buszelt mit ausgezeichnetem Preis-Leistungsverh\u00e4ltnis<\/p>\n<p>Verbindungsm\u00f6glichkeiten zum Fahrzeug:<\/p>\n<ul>\n<li>Mit Keder<\/li>\n<li>Mit Schleusenstab an der Regenrinne<\/li>\n<li>Mit Klettb\u00e4ndern an der Reling<\/li>\n<li>Hohlsaum f\u00fcr ein optionales Kederadapterset<\/li>\n<\/ul>\n<p>\u00a0<\/p>\n<p>Material:<br \/>100% Polyester (mit PU-Beschichtung)<\/p>\n<p>Lieferumfang:<br \/>Dachhaut<br \/>Gest\u00e4nge<br \/>Schleusenstab<br \/>Spannleinen<br \/>Heringe<br \/>Packsack<\/p>\n","protected":false},"excerpt":{"rendered":"<p>Freistehendes Buszelt mit ausgezeichnetem Preis-Leistungsverh\u00e4ltnis Verbindungsm\u00f6glichkeiten zum Fahrzeug: Mit Keder Mit Schleusenstab an der Regenrinne Mit Klettb\u00e4ndern an der Reling Hohlsaum f\u00fcr ein optionales Kederadapterset \u00a0 Material:100% Polyester (mit PU-Beschichtung) Lieferumfang:DachhautGest\u00e4ngeSchleusenstabSpannleinenHeringePacksack<\/p>\n","protected":false},"featured_media":88355,"template":"","meta":{"_acf_changed":false},"product_featured_cat":[],"product_brand":[3081],"product_cat":[4916],"product_tag":[],"class_list":{"0":"post-88361","1":"product","2":"type-product","3":"status-publish","4":"has-post-thumbnail","6":"product_brand-brunner-de","7":"product_cat-wohnmobil-bus-vorzelte","9":"first","10":"instock","11":"taxable","12":"shipping-taxable","13":"purchasable","14":"product-type-simple"},"acf":[],"yoast_head":"<!-- This site is optimized with the Yoast SEO plugin v27.4 - https:\/\/yoast.com\/product\/yoast-seo-wordpress\/ -->\n<title>Busvorzelt BRUNNER Beyond Fb. dunkelgrau \/ hellgrau - Bantam Camping AG<\/title>\n<meta name=\"robots\" content=\"index, follow, max-snippet:-1, max-image-preview:large, max-video-preview:-1\" \/>\n<link rel=\"canonical\" href=\"https:\/\/shop.bantam.ch\/de\/produkt\/busvorzelt-beyond\/\" \/>\n<meta property=\"og:locale\" content=\"de_DE\" \/>\n<meta property=\"og:type\" content=\"article\" \/>\n<meta property=\"og:title\" content=\"Busvorzelt BRUNNER Beyond Fb. dunkelgrau \/ hellgrau - Bantam Camping AG\" \/>\n<meta property=\"og:description\" content=\"Freistehendes Buszelt mit ausgezeichnetem Preis-Leistungsverh\u00e4ltnis Verbindungsm\u00f6glichkeiten zum Fahrzeug: Mit Keder Mit Schleusenstab an der Regenrinne Mit Klettb\u00e4ndern an der Reling Hohlsaum f\u00fcr ein optionales Kederadapterset \u00a0 Material:100% Polyester (mit PU-Beschichtung) Lieferumfang:DachhautGest\u00e4ngeSchleusenstabSpannleinenHeringePacksack\" \/>\n<meta property=\"og:url\" content=\"https:\/\/shop.bantam.ch\/de\/produkt\/busvorzelt-beyond\/\" \/>\n<meta property=\"og:site_name\" content=\"Bantam Camping AG\" \/>\n<meta property=\"article:modified_time\" content=\"2026-04-16T19:30:14+00:00\" \/>\n<meta property=\"og:image\" content=\"https:\/\/shop.bantam.ch\/wp-content\/uploads\/2023\/02\/993225311NeLtnG4i69ECP.jpg\" \/>\n\t<meta property=\"og:image:width\" content=\"1000\" \/>\n\t<meta property=\"og:image:height\" content=\"667\" \/>\n\t<meta property=\"og:image:type\" content=\"image\/jpeg\" \/>\n<meta name=\"twitter:card\" content=\"summary_large_image\" \/>\n<script type=\"application\/ld+json\" class=\"yoast-schema-graph\">{\"@context\":\"https:\\\/\\\/schema.org\",\"@graph\":[{\"@type\":\"WebPage\",\"@id\":\"https:\\\/\\\/shop.bantam.ch\\\/de\\\/produkt\\\/busvorzelt-beyond\\\/\",\"url\":\"https:\\\/\\\/shop.bantam.ch\\\/de\\\/produkt\\\/busvorzelt-beyond\\\/\",\"name\":\"Busvorzelt BRUNNER Beyond Fb. dunkelgrau \\\/ hellgrau - Bantam Camping AG\",\"isPartOf\":{\"@id\":\"https:\\\/\\\/shop.bantam.ch\\\/de\\\/#website\"},\"primaryImageOfPage\":{\"@id\":\"https:\\\/\\\/shop.bantam.ch\\\/de\\\/produkt\\\/busvorzelt-beyond\\\/#primaryimage\"},\"image\":{\"@id\":\"https:\\\/\\\/shop.bantam.ch\\\/de\\\/produkt\\\/busvorzelt-beyond\\\/#primaryimage\"},\"thumbnailUrl\":\"https:\\\/\\\/shop.bantam.ch\\\/wp-content\\\/uploads\\\/2023\\\/02\\\/993225311NeLtnG4i69ECP.jpg\",\"datePublished\":\"2023-02-28T02:22:21+00:00\",\"dateModified\":\"2026-04-16T19:30:14+00:00\",\"breadcrumb\":{\"@id\":\"https:\\\/\\\/shop.bantam.ch\\\/de\\\/produkt\\\/busvorzelt-beyond\\\/#breadcrumb\"},\"inLanguage\":\"de\",\"potentialAction\":[{\"@type\":\"ReadAction\",\"target\":[\"https:\\\/\\\/shop.bantam.ch\\\/de\\\/produkt\\\/busvorzelt-beyond\\\/\"]}]},{\"@type\":\"ImageObject\",\"inLanguage\":\"de\",\"@id\":\"https:\\\/\\\/shop.bantam.ch\\\/de\\\/produkt\\\/busvorzelt-beyond\\\/#primaryimage\",\"url\":\"https:\\\/\\\/shop.bantam.ch\\\/wp-content\\\/uploads\\\/2023\\\/02\\\/993225311NeLtnG4i69ECP.jpg\",\"contentUrl\":\"https:\\\/\\\/shop.bantam.ch\\\/wp-content\\\/uploads\\\/2023\\\/02\\\/993225311NeLtnG4i69ECP.jpg\",\"width\":1000,\"height\":667},{\"@type\":\"BreadcrumbList\",\"@id\":\"https:\\\/\\\/shop.bantam.ch\\\/de\\\/produkt\\\/busvorzelt-beyond\\\/#breadcrumb\",\"itemListElement\":[{\"@type\":\"ListItem\",\"position\":1,\"name\":\"Accueil\",\"item\":\"https:\\\/\\\/shop.bantam.ch\\\/de\\\/\"},{\"@type\":\"ListItem\",\"position\":2,\"name\":\"Shop\",\"item\":\"https:\\\/\\\/shop.bantam.ch\\\/de\\\/shop\\\/\"},{\"@type\":\"ListItem\",\"position\":3,\"name\":\"Busvorzelt BRUNNER Beyond Fb. dunkelgrau \\\/ hellgrau\"}]},{\"@type\":\"WebSite\",\"@id\":\"https:\\\/\\\/shop.bantam.ch\\\/de\\\/#website\",\"url\":\"https:\\\/\\\/shop.bantam.ch\\\/de\\\/\",\"name\":\"Bantam Camping AG\",\"description\":\"\",\"publisher\":{\"@id\":\"https:\\\/\\\/shop.bantam.ch\\\/de\\\/#organization\"},\"inLanguage\":\"de\"},{\"@type\":\"Organization\",\"@id\":\"https:\\\/\\\/shop.bantam.ch\\\/de\\\/#organization\",\"name\":\"Bantam Camping AG\",\"url\":\"https:\\\/\\\/shop.bantam.ch\\\/de\\\/\",\"logo\":{\"@type\":\"ImageObject\",\"inLanguage\":\"de\",\"@id\":\"https:\\\/\\\/shop.bantam.ch\\\/de\\\/#\\\/schema\\\/logo\\\/image\\\/\",\"url\":\"https:\\\/\\\/shop.bantam.ch\\\/wp-content\\\/uploads\\\/2022\\\/12\\\/bantam-logo.png\",\"contentUrl\":\"https:\\\/\\\/shop.bantam.ch\\\/wp-content\\\/uploads\\\/2022\\\/12\\\/bantam-logo.png\",\"width\":320,\"height\":71,\"caption\":\"Bantam Camping AG\"},\"image\":{\"@id\":\"https:\\\/\\\/shop.bantam.ch\\\/de\\\/#\\\/schema\\\/logo\\\/image\\\/\"}}]}<\/script>\n<!-- \/ Yoast SEO plugin. -->","yoast_head_json":{"title":"Busvorzelt BRUNNER Beyond Fb. dunkelgrau \/ hellgrau - Bantam Camping AG","robots":{"index":"index","follow":"follow","max-snippet":"max-snippet:-1","max-image-preview":"max-image-preview:large","max-video-preview":"max-video-preview:-1"},"canonical":"https:\/\/shop.bantam.ch\/de\/produkt\/busvorzelt-beyond\/","og_locale":"de_DE","og_type":"article","og_title":"Busvorzelt BRUNNER Beyond Fb. dunkelgrau \/ hellgrau - Bantam Camping AG","og_description":"Freistehendes Buszelt mit ausgezeichnetem Preis-Leistungsverh\u00e4ltnis Verbindungsm\u00f6glichkeiten zum Fahrzeug: Mit Keder Mit Schleusenstab an der Regenrinne Mit Klettb\u00e4ndern an der Reling Hohlsaum f\u00fcr ein optionales Kederadapterset \u00a0 Material:100% Polyester (mit PU-Beschichtung) Lieferumfang:DachhautGest\u00e4ngeSchleusenstabSpannleinenHeringePacksack","og_url":"https:\/\/shop.bantam.ch\/de\/produkt\/busvorzelt-beyond\/","og_site_name":"Bantam Camping AG","article_modified_time":"2026-04-16T19:30:14+00:00","og_image":[{"width":1000,"height":667,"url":"https:\/\/shop.bantam.ch\/wp-content\/uploads\/2023\/02\/993225311NeLtnG4i69ECP.jpg","type":"image\/jpeg"}],"twitter_card":"summary_large_image","schema":{"@context":"https:\/\/schema.org","@graph":[{"@type":"WebPage","@id":"https:\/\/shop.bantam.ch\/de\/produkt\/busvorzelt-beyond\/","url":"https:\/\/shop.bantam.ch\/de\/produkt\/busvorzelt-beyond\/","name":"Busvorzelt BRUNNER Beyond Fb. dunkelgrau \/ hellgrau - Bantam Camping AG","isPartOf":{"@id":"https:\/\/shop.bantam.ch\/de\/#website"},"primaryImageOfPage":{"@id":"https:\/\/shop.bantam.ch\/de\/produkt\/busvorzelt-beyond\/#primaryimage"},"image":{"@id":"https:\/\/shop.bantam.ch\/de\/produkt\/busvorzelt-beyond\/#primaryimage"},"thumbnailUrl":"https:\/\/shop.bantam.ch\/wp-content\/uploads\/2023\/02\/993225311NeLtnG4i69ECP.jpg","datePublished":"2023-02-28T02:22:21+00:00","dateModified":"2026-04-16T19:30:14+00:00","breadcrumb":{"@id":"https:\/\/shop.bantam.ch\/de\/produkt\/busvorzelt-beyond\/#breadcrumb"},"inLanguage":"de","potentialAction":[{"@type":"ReadAction","target":["https:\/\/shop.bantam.ch\/de\/produkt\/busvorzelt-beyond\/"]}]},{"@type":"ImageObject","inLanguage":"de","@id":"https:\/\/shop.bantam.ch\/de\/produkt\/busvorzelt-beyond\/#primaryimage","url":"https:\/\/shop.bantam.ch\/wp-content\/uploads\/2023\/02\/993225311NeLtnG4i69ECP.jpg","contentUrl":"https:\/\/shop.bantam.ch\/wp-content\/uploads\/2023\/02\/993225311NeLtnG4i69ECP.jpg","width":1000,"height":667},{"@type":"BreadcrumbList","@id":"https:\/\/shop.bantam.ch\/de\/produkt\/busvorzelt-beyond\/#breadcrumb","itemListElement":[{"@type":"ListItem","position":1,"name":"Accueil","item":"https:\/\/shop.bantam.ch\/de\/"},{"@type":"ListItem","position":2,"name":"Shop","item":"https:\/\/shop.bantam.ch\/de\/shop\/"},{"@type":"ListItem","position":3,"name":"Busvorzelt BRUNNER Beyond Fb. dunkelgrau \/ hellgrau"}]},{"@type":"WebSite","@id":"https:\/\/shop.bantam.ch\/de\/#website","url":"https:\/\/shop.bantam.ch\/de\/","name":"Bantam Camping AG","description":"","publisher":{"@id":"https:\/\/shop.bantam.ch\/de\/#organization"},"inLanguage":"de"},{"@type":"Organization","@id":"https:\/\/shop.bantam.ch\/de\/#organization","name":"Bantam Camping AG","url":"https:\/\/shop.bantam.ch\/de\/","logo":{"@type":"ImageObject","inLanguage":"de","@id":"https:\/\/shop.bantam.ch\/de\/#\/schema\/logo\/image\/","url":"https:\/\/shop.bantam.ch\/wp-content\/uploads\/2022\/12\/bantam-logo.png","contentUrl":"https:\/\/shop.bantam.ch\/wp-content\/uploads\/2022\/12\/bantam-logo.png","width":320,"height":71,"caption":"Bantam Camping AG"},"image":{"@id":"https:\/\/shop.bantam.ch\/de\/#\/schema\/logo\/image\/"}}]}},"_links":{"self":[{"href":"https:\/\/shop.bantam.ch\/de\/wp-json\/wp\/v2\/product\/88361","targetHints":{"allow":["GET"]}}],"collection":[{"href":"https:\/\/shop.bantam.ch\/de\/wp-json\/wp\/v2\/product"}],"about":[{"href":"https:\/\/shop.bantam.ch\/de\/wp-json\/wp\/v2\/types\/product"}],"wp:featuredmedia":[{"embeddable":true,"href":"https:\/\/shop.bantam.ch\/de\/wp-json\/wp\/v2\/media\/88355"}],"wp:attachment":[{"href":"https:\/\/shop.bantam.ch\/de\/wp-json\/wp\/v2\/media?parent=88361"}],"wp:term":[{"taxonomy":"product_featured_cat","embeddable":true,"href":"https:\/\/shop.bantam.ch\/de\/wp-json\/wp\/v2\/product_featured_cat?post=88361"},{"taxonomy":"product_brand","embeddable":true,"href":"https:\/\/shop.bantam.ch\/de\/wp-json\/wp\/v2\/product_brand?post=88361"},{"taxonomy":"product_cat","embeddable":true,"href":"https:\/\/shop.bantam.ch\/de\/wp-json\/wp\/v2\/product_cat?post=88361"},{"taxonomy":"product_tag","embeddable":true,"href":"https:\/\/shop.bantam.ch\/de\/wp-json\/wp\/v2\/product_tag?post=88361"}],"curies":[{"name":"wp","href":"https:\/\/api.w.org\/{rel}","templated":true}]}}