{"id":87957,"date":"2023-02-28T03:12:46","date_gmt":"2023-02-28T02:12:46","guid":{"rendered":"http:\/\/shop.bantam.ch\/produit\/soundbar\/"},"modified":"2026-05-11T21:24:30","modified_gmt":"2026-05-11T19:24:30","slug":"soundbar","status":"publish","type":"product","link":"https:\/\/shop.bantam.ch\/de\/produkt\/soundbar\/","title":{"rendered":"Soundbar Oyster"},"content":{"rendered":"<p>Entdecken Sie die Vorteile der Oyster Soundbar mit einem beeindruckenden Klang, vielseitigen Anschlussm\u00f6glichkeiten und edlem Design. Die Oyster Soundbar verf\u00fcgt \u00fcber ein 2-Wege-Lautsprechersystem und ist die ideale Erg\u00e4nzung zum &#8222;Oyster TV&#8220;. Zudem ist sie auch mit anderen Fernsehger\u00e4ten kompatibel. Die Installation ist simpel, der Anschluss erfolgt per AUX, COAXIAL oder gegebenenfalls per HDMI ARC, was f\u00fcr eine optimale Leistungs\u00fcbertragung sorgt. Ein Display zeigt die aktuelle Signalquelle an, die per Tastendruck direkt an der Soundbar oder per Fernbedienung ausgew\u00e4hlt werden kann. Dar\u00fcber hinaus ist ein direktes Abspielen von Musik vom Smartphone per Bluetooth oder per USB m\u00f6glich.<\/p>\n<ul>\n<li>Edles Design kombiniert mit starkem und klarem Sound<\/p>\n<\/li>\n<li>Ideale Erg\u00e4nzung zum &#8222;Oyster TV&#8220;<\/p>\n<\/li>\n<li>Einfache Installation<\/p>\n<\/li>\n<li>Anzeigedisplay f\u00fcr die aktuelle Signalquelle<\/p>\n<\/li>\n<li>3 Sound-Effekte w\u00e4hlbar (EQ): News, Normal, Music<\/p>\n<\/li>\n<li>Fernbedienung<\/p>\n<\/li>\n<li>Kompatibel mit den meisten Fernsehger\u00e4ten<\/p>\n<\/li>\n<li>2-Wege-Lautsprechersystem<\/p>\n<\/li>\n<li>Anschl\u00fcsse: COAXIAL, AUX, USB und HDMI ARC<\/p>\n<\/li>\n<li>Leistung 2 x 10 W Sinus<\/li>\n<\/ul>\n<p>Lieferumfang:<\/p>\n<p>Soundbar, Fernbedienung, Montagewinkel zur direkten Montage an &#8222;Oyster TV&#8220; (19&#8243;, 21,5&#8243; und 24&#8243;), AUX-Kabel, COAXIAL-Kabel, HDMI ARC Kabel, Netz Adapter 110 V \u20ac\u00a6 240 V AC mit EUROSchuko-Stecker, Stromanschlusskabel 12 V \/ 24 V.<\/p>\n","protected":false},"excerpt":{"rendered":"<p>Entdecken Sie die Vorteile der Oyster Soundbar mit einem beeindruckenden Klang, vielseitigen Anschlussm\u00f6glichkeiten und edlem Design. Die Oyster Soundbar verf\u00fcgt \u00fcber ein 2-Wege-Lautsprechersystem und ist die ideale Erg\u00e4nzung zum &#8222;Oyster TV&#8220;. Zudem ist sie auch mit anderen Fernsehger\u00e4ten kompatibel. Die Installation ist simpel, der Anschluss erfolgt per AUX, COAXIAL oder gegebenenfalls per HDMI ARC, was [&hellip;]<\/p>\n","protected":false},"featured_media":87951,"template":"","meta":{"_acf_changed":false},"product_featured_cat":[],"product_brand":[3127],"product_cat":[4498],"product_tag":[],"class_list":{"0":"post-87957","1":"product","2":"type-product","3":"status-publish","4":"has-post-thumbnail","6":"product_brand-oyster-de","7":"product_cat-soundbars","9":"first","10":"instock","11":"taxable","12":"shipping-taxable","13":"purchasable","14":"product-type-simple"},"acf":[],"yoast_head":"<!-- This site is optimized with the Yoast SEO plugin v27.5 - https:\/\/yoast.com\/product\/yoast-seo-wordpress\/ -->\n<title>Soundbar Oyster - Bantam<\/title>\n<meta name=\"robots\" content=\"index, follow, max-snippet:-1, max-image-preview:large, max-video-preview:-1\" \/>\n<link rel=\"canonical\" href=\"https:\/\/shop.bantam.ch\/de\/produkt\/soundbar\/\" \/>\n<meta property=\"og:locale\" content=\"de_DE\" \/>\n<meta property=\"og:type\" content=\"article\" \/>\n<meta property=\"og:title\" content=\"Soundbar Oyster - Bantam\" \/>\n<meta property=\"og:description\" content=\"Entdecken Sie die Vorteile der Oyster Soundbar mit einem beeindruckenden Klang, vielseitigen Anschlussm\u00f6glichkeiten und edlem Design. Die Oyster Soundbar verf\u00fcgt \u00fcber ein 2-Wege-Lautsprechersystem und ist die ideale Erg\u00e4nzung zum &#8222;Oyster TV&#8220;. Zudem ist sie auch mit anderen Fernsehger\u00e4ten kompatibel. Die Installation ist simpel, der Anschluss erfolgt per AUX, COAXIAL oder gegebenenfalls per HDMI ARC, was [&hellip;]\" \/>\n<meta property=\"og:url\" content=\"https:\/\/shop.bantam.ch\/de\/produkt\/soundbar\/\" \/>\n<meta property=\"og:site_name\" content=\"Bantam\" \/>\n<meta property=\"article:modified_time\" content=\"2026-05-11T19:24:30+00:00\" \/>\n<meta property=\"og:image\" content=\"https:\/\/shop.bantam.ch\/wp-content\/uploads\/2023\/02\/995517811Va7FqFGgVbQzD-scaled.jpg\" \/>\n\t<meta property=\"og:image:width\" content=\"1024\" \/>\n\t<meta property=\"og:image:height\" content=\"154\" \/>\n\t<meta property=\"og:image:type\" content=\"image\/jpeg\" \/>\n<meta name=\"twitter:card\" content=\"summary_large_image\" \/>\n<meta name=\"twitter:label1\" content=\"Gesch\u00e4tzte Lesezeit\" \/>\n\t<meta name=\"twitter:data1\" content=\"1\u00a0Minute\" \/>\n<script type=\"application\/ld+json\" class=\"yoast-schema-graph\">{\"@context\":\"https:\\\/\\\/schema.org\",\"@graph\":[{\"@type\":\"WebPage\",\"@id\":\"https:\\\/\\\/shop.bantam.ch\\\/de\\\/produkt\\\/soundbar\\\/\",\"url\":\"https:\\\/\\\/shop.bantam.ch\\\/de\\\/produkt\\\/soundbar\\\/\",\"name\":\"Soundbar Oyster - Bantam\",\"isPartOf\":{\"@id\":\"https:\\\/\\\/shop.bantam.ch\\\/de\\\/#website\"},\"primaryImageOfPage\":{\"@id\":\"https:\\\/\\\/shop.bantam.ch\\\/de\\\/produkt\\\/soundbar\\\/#primaryimage\"},\"image\":{\"@id\":\"https:\\\/\\\/shop.bantam.ch\\\/de\\\/produkt\\\/soundbar\\\/#primaryimage\"},\"thumbnailUrl\":\"https:\\\/\\\/shop.bantam.ch\\\/wp-content\\\/uploads\\\/2023\\\/02\\\/995517811Va7FqFGgVbQzD-scaled-scaled.jpg\",\"datePublished\":\"2023-02-28T02:12:46+00:00\",\"dateModified\":\"2026-05-11T19:24:30+00:00\",\"breadcrumb\":{\"@id\":\"https:\\\/\\\/shop.bantam.ch\\\/de\\\/produkt\\\/soundbar\\\/#breadcrumb\"},\"inLanguage\":\"de\",\"potentialAction\":[{\"@type\":\"ReadAction\",\"target\":[\"https:\\\/\\\/shop.bantam.ch\\\/de\\\/produkt\\\/soundbar\\\/\"]}]},{\"@type\":\"ImageObject\",\"inLanguage\":\"de\",\"@id\":\"https:\\\/\\\/shop.bantam.ch\\\/de\\\/produkt\\\/soundbar\\\/#primaryimage\",\"url\":\"https:\\\/\\\/shop.bantam.ch\\\/wp-content\\\/uploads\\\/2023\\\/02\\\/995517811Va7FqFGgVbQzD-scaled-scaled.jpg\",\"contentUrl\":\"https:\\\/\\\/shop.bantam.ch\\\/wp-content\\\/uploads\\\/2023\\\/02\\\/995517811Va7FqFGgVbQzD-scaled-scaled.jpg\",\"width\":2048,\"height\":307},{\"@type\":\"BreadcrumbList\",\"@id\":\"https:\\\/\\\/shop.bantam.ch\\\/de\\\/produkt\\\/soundbar\\\/#breadcrumb\",\"itemListElement\":[{\"@type\":\"ListItem\",\"position\":1,\"name\":\"Accueil\",\"item\":\"https:\\\/\\\/shop.bantam.ch\\\/de\\\/\"},{\"@type\":\"ListItem\",\"position\":2,\"name\":\"Shop\",\"item\":\"https:\\\/\\\/shop.bantam.ch\\\/de\\\/shop\\\/\"},{\"@type\":\"ListItem\",\"position\":3,\"name\":\"Soundbar Oyster\"}]},{\"@type\":\"WebSite\",\"@id\":\"https:\\\/\\\/shop.bantam.ch\\\/de\\\/#website\",\"url\":\"https:\\\/\\\/shop.bantam.ch\\\/de\\\/\",\"name\":\"Bantam\",\"description\":\"\",\"publisher\":{\"@id\":\"https:\\\/\\\/shop.bantam.ch\\\/de\\\/#organization\"},\"inLanguage\":\"de\"},{\"@type\":\"Organization\",\"@id\":\"https:\\\/\\\/shop.bantam.ch\\\/de\\\/#organization\",\"name\":\"Bantam\",\"url\":\"https:\\\/\\\/shop.bantam.ch\\\/de\\\/\",\"logo\":{\"@type\":\"ImageObject\",\"inLanguage\":\"de\",\"@id\":\"https:\\\/\\\/shop.bantam.ch\\\/de\\\/#\\\/schema\\\/logo\\\/image\\\/\",\"url\":\"https:\\\/\\\/shop.bantam.ch\\\/wp-content\\\/uploads\\\/2022\\\/12\\\/bantam-logo.png\",\"contentUrl\":\"https:\\\/\\\/shop.bantam.ch\\\/wp-content\\\/uploads\\\/2022\\\/12\\\/bantam-logo.png\",\"width\":320,\"height\":71,\"caption\":\"Bantam\"},\"image\":{\"@id\":\"https:\\\/\\\/shop.bantam.ch\\\/de\\\/#\\\/schema\\\/logo\\\/image\\\/\"}}]}<\/script>\n<!-- \/ Yoast SEO plugin. -->","yoast_head_json":{"title":"Soundbar Oyster - Bantam","robots":{"index":"index","follow":"follow","max-snippet":"max-snippet:-1","max-image-preview":"max-image-preview:large","max-video-preview":"max-video-preview:-1"},"canonical":"https:\/\/shop.bantam.ch\/de\/produkt\/soundbar\/","og_locale":"de_DE","og_type":"article","og_title":"Soundbar Oyster - Bantam","og_description":"Entdecken Sie die Vorteile der Oyster Soundbar mit einem beeindruckenden Klang, vielseitigen Anschlussm\u00f6glichkeiten und edlem Design. Die Oyster Soundbar verf\u00fcgt \u00fcber ein 2-Wege-Lautsprechersystem und ist die ideale Erg\u00e4nzung zum &#8222;Oyster TV&#8220;. Zudem ist sie auch mit anderen Fernsehger\u00e4ten kompatibel. Die Installation ist simpel, der Anschluss erfolgt per AUX, COAXIAL oder gegebenenfalls per HDMI ARC, was [&hellip;]","og_url":"https:\/\/shop.bantam.ch\/de\/produkt\/soundbar\/","og_site_name":"Bantam","article_modified_time":"2026-05-11T19:24:30+00:00","og_image":[{"url":"https:\/\/shop.bantam.ch\/wp-content\/uploads\/2023\/02\/995517811Va7FqFGgVbQzD-scaled.jpg","width":1024,"height":154,"type":"image\/jpeg"}],"twitter_card":"summary_large_image","twitter_misc":{"Gesch\u00e4tzte Lesezeit":"1\u00a0Minute"},"schema":{"@context":"https:\/\/schema.org","@graph":[{"@type":"WebPage","@id":"https:\/\/shop.bantam.ch\/de\/produkt\/soundbar\/","url":"https:\/\/shop.bantam.ch\/de\/produkt\/soundbar\/","name":"Soundbar Oyster - Bantam","isPartOf":{"@id":"https:\/\/shop.bantam.ch\/de\/#website"},"primaryImageOfPage":{"@id":"https:\/\/shop.bantam.ch\/de\/produkt\/soundbar\/#primaryimage"},"image":{"@id":"https:\/\/shop.bantam.ch\/de\/produkt\/soundbar\/#primaryimage"},"thumbnailUrl":"https:\/\/shop.bantam.ch\/wp-content\/uploads\/2023\/02\/995517811Va7FqFGgVbQzD-scaled-scaled.jpg","datePublished":"2023-02-28T02:12:46+00:00","dateModified":"2026-05-11T19:24:30+00:00","breadcrumb":{"@id":"https:\/\/shop.bantam.ch\/de\/produkt\/soundbar\/#breadcrumb"},"inLanguage":"de","potentialAction":[{"@type":"ReadAction","target":["https:\/\/shop.bantam.ch\/de\/produkt\/soundbar\/"]}]},{"@type":"ImageObject","inLanguage":"de","@id":"https:\/\/shop.bantam.ch\/de\/produkt\/soundbar\/#primaryimage","url":"https:\/\/shop.bantam.ch\/wp-content\/uploads\/2023\/02\/995517811Va7FqFGgVbQzD-scaled-scaled.jpg","contentUrl":"https:\/\/shop.bantam.ch\/wp-content\/uploads\/2023\/02\/995517811Va7FqFGgVbQzD-scaled-scaled.jpg","width":2048,"height":307},{"@type":"BreadcrumbList","@id":"https:\/\/shop.bantam.ch\/de\/produkt\/soundbar\/#breadcrumb","itemListElement":[{"@type":"ListItem","position":1,"name":"Accueil","item":"https:\/\/shop.bantam.ch\/de\/"},{"@type":"ListItem","position":2,"name":"Shop","item":"https:\/\/shop.bantam.ch\/de\/shop\/"},{"@type":"ListItem","position":3,"name":"Soundbar Oyster"}]},{"@type":"WebSite","@id":"https:\/\/shop.bantam.ch\/de\/#website","url":"https:\/\/shop.bantam.ch\/de\/","name":"Bantam","description":"","publisher":{"@id":"https:\/\/shop.bantam.ch\/de\/#organization"},"inLanguage":"de"},{"@type":"Organization","@id":"https:\/\/shop.bantam.ch\/de\/#organization","name":"Bantam","url":"https:\/\/shop.bantam.ch\/de\/","logo":{"@type":"ImageObject","inLanguage":"de","@id":"https:\/\/shop.bantam.ch\/de\/#\/schema\/logo\/image\/","url":"https:\/\/shop.bantam.ch\/wp-content\/uploads\/2022\/12\/bantam-logo.png","contentUrl":"https:\/\/shop.bantam.ch\/wp-content\/uploads\/2022\/12\/bantam-logo.png","width":320,"height":71,"caption":"Bantam"},"image":{"@id":"https:\/\/shop.bantam.ch\/de\/#\/schema\/logo\/image\/"}}]}},"_links":{"self":[{"href":"https:\/\/shop.bantam.ch\/de\/wp-json\/wp\/v2\/product\/87957","targetHints":{"allow":["GET"]}}],"collection":[{"href":"https:\/\/shop.bantam.ch\/de\/wp-json\/wp\/v2\/product"}],"about":[{"href":"https:\/\/shop.bantam.ch\/de\/wp-json\/wp\/v2\/types\/product"}],"wp:featuredmedia":[{"embeddable":true,"href":"https:\/\/shop.bantam.ch\/de\/wp-json\/wp\/v2\/media\/87951"}],"wp:attachment":[{"href":"https:\/\/shop.bantam.ch\/de\/wp-json\/wp\/v2\/media?parent=87957"}],"wp:term":[{"taxonomy":"product_featured_cat","embeddable":true,"href":"https:\/\/shop.bantam.ch\/de\/wp-json\/wp\/v2\/product_featured_cat?post=87957"},{"taxonomy":"product_brand","embeddable":true,"href":"https:\/\/shop.bantam.ch\/de\/wp-json\/wp\/v2\/product_brand?post=87957"},{"taxonomy":"product_cat","embeddable":true,"href":"https:\/\/shop.bantam.ch\/de\/wp-json\/wp\/v2\/product_cat?post=87957"},{"taxonomy":"product_tag","embeddable":true,"href":"https:\/\/shop.bantam.ch\/de\/wp-json\/wp\/v2\/product_tag?post=87957"}],"curies":[{"name":"wp","href":"https:\/\/api.w.org\/{rel}","templated":true}]}}