{"id":86772,"date":"2023-02-28T02:52:16","date_gmt":"2023-02-28T01:52:16","guid":{"rendered":"http:\/\/shop.bantam.ch\/produit\/batterie-yellow-top\/"},"modified":"2026-04-19T22:39:41","modified_gmt":"2026-04-19T20:39:41","slug":"batterie-yellow-top","status":"publish","type":"product","link":"https:\/\/shop.bantam.ch\/de\/produkt\/batterie-yellow-top\/","title":{"rendered":"Batterie Yellow Top"},"content":{"rendered":"<p>Die patentierte AGM SpiralCell-Technologie ist die derzeit fortschrittlichste Batterietechnik f\u00fcr den Einsatz im Caravaning-Bereich und weist eine gro\u00dfe Anzahl von Merkmalen auf, die in herk\u00f6mmlichen Batterien nicht zu finden sind. Das Prinzip dieser Technik: Statt der Flachplatten normaler Batterien, werden zwei d\u00fcnne hochreine Bleiplatten zusammen mit einem Glasvlies zu einer Spiralzelle gewickelt. Durch die einzigartige Bauart, die massiv gegossenen Zellverbindungen und die h\u00f6here Elektrolytdichte, entsteht ein \u00e4u\u00dferst geringer Innenwiderstand, sodass die Batterie gewaltige Str\u00f6me akzeptiert. Die Wicklung erlaubt zudem die Verwendung nahezu reinen Bleis, was sich in der Haltbarkeit in \u00fcber 1.000 Lade- und Entladezyklen widerspiegelt.<br \/>Diese Kombination von Hochstromf\u00e4higkeit und Zyklenfestigkeit ist bisher einzigartig. Das spart l\u00e4ngerfristig Geld und ist wesentlich umweltschonender, als kurzlebige Batterien zu verwenden, die einem st\u00e4ndigen Wechsel oder permanentem und langwierigem Aufladen unterliegen.<\/p>\n<p>\u00a0<\/p>\n<ul>\n<li>Absolut wartungsfrei<\/li>\n<li>Extrem wirtschaftlich (es k\u00f6nnen bis zu 100 % der angegebenen Kapazit\u00e4t entnommen werden)<\/li>\n<li>Kaum messbarer Elektrolytverbrauch<\/li>\n<li>Au\u00dferordentlich zyklenfest (zyklenfester als herk\u00f6mmliche Batterien bei gleichzeitig bis zu 2-mal l\u00e4ngerer Lebensdauer)<\/li>\n<li>Extrem niedrige Selbstentladung<\/li>\n<li>Hervorragend f\u00fcr den Saisonbetrieb geeignet<\/li>\n<li>Schnelle Wiederaufladung durch geringen Innenwiderstand<\/li>\n<li>Extrem schnelle Wiederaufladung mit g\u00e4ngigen geregelten Ladeger\u00e4ten<\/li>\n<li>Au\u00dfergew\u00f6hnlich robust (15-mal r\u00fcttelfester als eine herk\u00f6mmliche Batterie und in jeder Lage einbaubar)<\/li>\n<\/ul>\n<p>\u00a0<\/p>\n","protected":false},"excerpt":{"rendered":"<p>Die patentierte AGM SpiralCell-Technologie ist die derzeit fortschrittlichste Batterietechnik f\u00fcr den Einsatz im Caravaning-Bereich und weist eine gro\u00dfe Anzahl von Merkmalen auf, die in herk\u00f6mmlichen Batterien nicht zu finden sind. Das Prinzip dieser Technik: Statt der Flachplatten normaler Batterien, werden zwei d\u00fcnne hochreine Bleiplatten zusammen mit einem Glasvlies zu einer Spiralzelle gewickelt. Durch die einzigartige [&hellip;]<\/p>\n","protected":false},"featured_media":86751,"template":"","meta":{"_acf_changed":false},"product_featured_cat":[],"product_brand":[3501],"product_cat":[5108],"product_tag":[],"class_list":{"0":"post-86772","1":"product","2":"type-product","3":"status-publish","4":"has-post-thumbnail","6":"product_brand-optima-de","7":"product_cat-agm-batterien","9":"first","10":"instock","11":"taxable","12":"shipping-taxable","13":"purchasable","14":"product-type-variable"},"acf":[],"yoast_head":"<!-- This site is optimized with the Yoast SEO plugin v27.4 - https:\/\/yoast.com\/product\/yoast-seo-wordpress\/ -->\n<title>Batterie Yellow Top - Bantam Camping AG<\/title>\n<meta name=\"robots\" content=\"index, follow, max-snippet:-1, max-image-preview:large, max-video-preview:-1\" \/>\n<link rel=\"canonical\" href=\"https:\/\/shop.bantam.ch\/de\/produkt\/batterie-yellow-top\/\" \/>\n<meta property=\"og:locale\" content=\"de_DE\" \/>\n<meta property=\"og:type\" content=\"article\" \/>\n<meta property=\"og:title\" content=\"Batterie Yellow Top - Bantam Camping AG\" \/>\n<meta property=\"og:description\" content=\"Die patentierte AGM SpiralCell-Technologie ist die derzeit fortschrittlichste Batterietechnik f\u00fcr den Einsatz im Caravaning-Bereich und weist eine gro\u00dfe Anzahl von Merkmalen auf, die in herk\u00f6mmlichen Batterien nicht zu finden sind. Das Prinzip dieser Technik: Statt der Flachplatten normaler Batterien, werden zwei d\u00fcnne hochreine Bleiplatten zusammen mit einem Glasvlies zu einer Spiralzelle gewickelt. Durch die einzigartige [&hellip;]\" \/>\n<meta property=\"og:url\" content=\"https:\/\/shop.bantam.ch\/de\/produkt\/batterie-yellow-top\/\" \/>\n<meta property=\"og:site_name\" content=\"Bantam Camping AG\" \/>\n<meta property=\"article:modified_time\" content=\"2026-04-19T20:39:41+00:00\" \/>\n<meta property=\"og:image\" content=\"https:\/\/shop.bantam.ch\/wp-content\/uploads\/2023\/02\/9952550-Batterie_OPTIMA_YELLOW_Top_YTS_4_2-Standard-01.jpg\" \/>\n\t<meta property=\"og:image:width\" content=\"1000\" \/>\n\t<meta property=\"og:image:height\" content=\"924\" \/>\n\t<meta property=\"og:image:type\" content=\"image\/jpeg\" \/>\n<meta name=\"twitter:card\" content=\"summary_large_image\" \/>\n<meta name=\"twitter:label1\" content=\"Gesch\u00e4tzte Lesezeit\" \/>\n\t<meta name=\"twitter:data1\" content=\"1\u00a0Minute\" \/>\n<script type=\"application\/ld+json\" class=\"yoast-schema-graph\">{\"@context\":\"https:\\\/\\\/schema.org\",\"@graph\":[{\"@type\":\"WebPage\",\"@id\":\"https:\\\/\\\/shop.bantam.ch\\\/de\\\/produkt\\\/batterie-yellow-top\\\/\",\"url\":\"https:\\\/\\\/shop.bantam.ch\\\/de\\\/produkt\\\/batterie-yellow-top\\\/\",\"name\":\"Batterie Yellow Top - Bantam Camping AG\",\"isPartOf\":{\"@id\":\"https:\\\/\\\/shop.bantam.ch\\\/de\\\/#website\"},\"primaryImageOfPage\":{\"@id\":\"https:\\\/\\\/shop.bantam.ch\\\/de\\\/produkt\\\/batterie-yellow-top\\\/#primaryimage\"},\"image\":{\"@id\":\"https:\\\/\\\/shop.bantam.ch\\\/de\\\/produkt\\\/batterie-yellow-top\\\/#primaryimage\"},\"thumbnailUrl\":\"https:\\\/\\\/shop.bantam.ch\\\/wp-content\\\/uploads\\\/2023\\\/02\\\/9952550-Batterie_OPTIMA_YELLOW_Top_YTS_4_2-Standard-01.jpg\",\"datePublished\":\"2023-02-28T01:52:16+00:00\",\"dateModified\":\"2026-04-19T20:39:41+00:00\",\"breadcrumb\":{\"@id\":\"https:\\\/\\\/shop.bantam.ch\\\/de\\\/produkt\\\/batterie-yellow-top\\\/#breadcrumb\"},\"inLanguage\":\"de\",\"potentialAction\":[{\"@type\":\"ReadAction\",\"target\":[\"https:\\\/\\\/shop.bantam.ch\\\/de\\\/produkt\\\/batterie-yellow-top\\\/\"]}]},{\"@type\":\"ImageObject\",\"inLanguage\":\"de\",\"@id\":\"https:\\\/\\\/shop.bantam.ch\\\/de\\\/produkt\\\/batterie-yellow-top\\\/#primaryimage\",\"url\":\"https:\\\/\\\/shop.bantam.ch\\\/wp-content\\\/uploads\\\/2023\\\/02\\\/9952550-Batterie_OPTIMA_YELLOW_Top_YTS_4_2-Standard-01.jpg\",\"contentUrl\":\"https:\\\/\\\/shop.bantam.ch\\\/wp-content\\\/uploads\\\/2023\\\/02\\\/9952550-Batterie_OPTIMA_YELLOW_Top_YTS_4_2-Standard-01.jpg\",\"width\":1000,\"height\":924},{\"@type\":\"BreadcrumbList\",\"@id\":\"https:\\\/\\\/shop.bantam.ch\\\/de\\\/produkt\\\/batterie-yellow-top\\\/#breadcrumb\",\"itemListElement\":[{\"@type\":\"ListItem\",\"position\":1,\"name\":\"Accueil\",\"item\":\"https:\\\/\\\/shop.bantam.ch\\\/de\\\/\"},{\"@type\":\"ListItem\",\"position\":2,\"name\":\"Shop\",\"item\":\"https:\\\/\\\/shop.bantam.ch\\\/de\\\/shop\\\/\"},{\"@type\":\"ListItem\",\"position\":3,\"name\":\"Batterie Yellow Top\"}]},{\"@type\":\"WebSite\",\"@id\":\"https:\\\/\\\/shop.bantam.ch\\\/de\\\/#website\",\"url\":\"https:\\\/\\\/shop.bantam.ch\\\/de\\\/\",\"name\":\"Bantam Camping AG\",\"description\":\"\",\"publisher\":{\"@id\":\"https:\\\/\\\/shop.bantam.ch\\\/de\\\/#organization\"},\"inLanguage\":\"de\"},{\"@type\":\"Organization\",\"@id\":\"https:\\\/\\\/shop.bantam.ch\\\/de\\\/#organization\",\"name\":\"Bantam Camping AG\",\"url\":\"https:\\\/\\\/shop.bantam.ch\\\/de\\\/\",\"logo\":{\"@type\":\"ImageObject\",\"inLanguage\":\"de\",\"@id\":\"https:\\\/\\\/shop.bantam.ch\\\/de\\\/#\\\/schema\\\/logo\\\/image\\\/\",\"url\":\"https:\\\/\\\/shop.bantam.ch\\\/wp-content\\\/uploads\\\/2022\\\/12\\\/bantam-logo.png\",\"contentUrl\":\"https:\\\/\\\/shop.bantam.ch\\\/wp-content\\\/uploads\\\/2022\\\/12\\\/bantam-logo.png\",\"width\":320,\"height\":71,\"caption\":\"Bantam Camping AG\"},\"image\":{\"@id\":\"https:\\\/\\\/shop.bantam.ch\\\/de\\\/#\\\/schema\\\/logo\\\/image\\\/\"}}]}<\/script>\n<!-- \/ Yoast SEO plugin. -->","yoast_head_json":{"title":"Batterie Yellow Top - Bantam Camping AG","robots":{"index":"index","follow":"follow","max-snippet":"max-snippet:-1","max-image-preview":"max-image-preview:large","max-video-preview":"max-video-preview:-1"},"canonical":"https:\/\/shop.bantam.ch\/de\/produkt\/batterie-yellow-top\/","og_locale":"de_DE","og_type":"article","og_title":"Batterie Yellow Top - Bantam Camping AG","og_description":"Die patentierte AGM SpiralCell-Technologie ist die derzeit fortschrittlichste Batterietechnik f\u00fcr den Einsatz im Caravaning-Bereich und weist eine gro\u00dfe Anzahl von Merkmalen auf, die in herk\u00f6mmlichen Batterien nicht zu finden sind. Das Prinzip dieser Technik: Statt der Flachplatten normaler Batterien, werden zwei d\u00fcnne hochreine Bleiplatten zusammen mit einem Glasvlies zu einer Spiralzelle gewickelt. Durch die einzigartige [&hellip;]","og_url":"https:\/\/shop.bantam.ch\/de\/produkt\/batterie-yellow-top\/","og_site_name":"Bantam Camping AG","article_modified_time":"2026-04-19T20:39:41+00:00","og_image":[{"width":1000,"height":924,"url":"https:\/\/shop.bantam.ch\/wp-content\/uploads\/2023\/02\/9952550-Batterie_OPTIMA_YELLOW_Top_YTS_4_2-Standard-01.jpg","type":"image\/jpeg"}],"twitter_card":"summary_large_image","twitter_misc":{"Gesch\u00e4tzte Lesezeit":"1\u00a0Minute"},"schema":{"@context":"https:\/\/schema.org","@graph":[{"@type":"WebPage","@id":"https:\/\/shop.bantam.ch\/de\/produkt\/batterie-yellow-top\/","url":"https:\/\/shop.bantam.ch\/de\/produkt\/batterie-yellow-top\/","name":"Batterie Yellow Top - Bantam Camping AG","isPartOf":{"@id":"https:\/\/shop.bantam.ch\/de\/#website"},"primaryImageOfPage":{"@id":"https:\/\/shop.bantam.ch\/de\/produkt\/batterie-yellow-top\/#primaryimage"},"image":{"@id":"https:\/\/shop.bantam.ch\/de\/produkt\/batterie-yellow-top\/#primaryimage"},"thumbnailUrl":"https:\/\/shop.bantam.ch\/wp-content\/uploads\/2023\/02\/9952550-Batterie_OPTIMA_YELLOW_Top_YTS_4_2-Standard-01.jpg","datePublished":"2023-02-28T01:52:16+00:00","dateModified":"2026-04-19T20:39:41+00:00","breadcrumb":{"@id":"https:\/\/shop.bantam.ch\/de\/produkt\/batterie-yellow-top\/#breadcrumb"},"inLanguage":"de","potentialAction":[{"@type":"ReadAction","target":["https:\/\/shop.bantam.ch\/de\/produkt\/batterie-yellow-top\/"]}]},{"@type":"ImageObject","inLanguage":"de","@id":"https:\/\/shop.bantam.ch\/de\/produkt\/batterie-yellow-top\/#primaryimage","url":"https:\/\/shop.bantam.ch\/wp-content\/uploads\/2023\/02\/9952550-Batterie_OPTIMA_YELLOW_Top_YTS_4_2-Standard-01.jpg","contentUrl":"https:\/\/shop.bantam.ch\/wp-content\/uploads\/2023\/02\/9952550-Batterie_OPTIMA_YELLOW_Top_YTS_4_2-Standard-01.jpg","width":1000,"height":924},{"@type":"BreadcrumbList","@id":"https:\/\/shop.bantam.ch\/de\/produkt\/batterie-yellow-top\/#breadcrumb","itemListElement":[{"@type":"ListItem","position":1,"name":"Accueil","item":"https:\/\/shop.bantam.ch\/de\/"},{"@type":"ListItem","position":2,"name":"Shop","item":"https:\/\/shop.bantam.ch\/de\/shop\/"},{"@type":"ListItem","position":3,"name":"Batterie Yellow Top"}]},{"@type":"WebSite","@id":"https:\/\/shop.bantam.ch\/de\/#website","url":"https:\/\/shop.bantam.ch\/de\/","name":"Bantam Camping AG","description":"","publisher":{"@id":"https:\/\/shop.bantam.ch\/de\/#organization"},"inLanguage":"de"},{"@type":"Organization","@id":"https:\/\/shop.bantam.ch\/de\/#organization","name":"Bantam Camping AG","url":"https:\/\/shop.bantam.ch\/de\/","logo":{"@type":"ImageObject","inLanguage":"de","@id":"https:\/\/shop.bantam.ch\/de\/#\/schema\/logo\/image\/","url":"https:\/\/shop.bantam.ch\/wp-content\/uploads\/2022\/12\/bantam-logo.png","contentUrl":"https:\/\/shop.bantam.ch\/wp-content\/uploads\/2022\/12\/bantam-logo.png","width":320,"height":71,"caption":"Bantam Camping AG"},"image":{"@id":"https:\/\/shop.bantam.ch\/de\/#\/schema\/logo\/image\/"}}]}},"_links":{"self":[{"href":"https:\/\/shop.bantam.ch\/de\/wp-json\/wp\/v2\/product\/86772","targetHints":{"allow":["GET"]}}],"collection":[{"href":"https:\/\/shop.bantam.ch\/de\/wp-json\/wp\/v2\/product"}],"about":[{"href":"https:\/\/shop.bantam.ch\/de\/wp-json\/wp\/v2\/types\/product"}],"wp:featuredmedia":[{"embeddable":true,"href":"https:\/\/shop.bantam.ch\/de\/wp-json\/wp\/v2\/media\/86751"}],"wp:attachment":[{"href":"https:\/\/shop.bantam.ch\/de\/wp-json\/wp\/v2\/media?parent=86772"}],"wp:term":[{"taxonomy":"product_featured_cat","embeddable":true,"href":"https:\/\/shop.bantam.ch\/de\/wp-json\/wp\/v2\/product_featured_cat?post=86772"},{"taxonomy":"product_brand","embeddable":true,"href":"https:\/\/shop.bantam.ch\/de\/wp-json\/wp\/v2\/product_brand?post=86772"},{"taxonomy":"product_cat","embeddable":true,"href":"https:\/\/shop.bantam.ch\/de\/wp-json\/wp\/v2\/product_cat?post=86772"},{"taxonomy":"product_tag","embeddable":true,"href":"https:\/\/shop.bantam.ch\/de\/wp-json\/wp\/v2\/product_tag?post=86772"}],"curies":[{"name":"wp","href":"https:\/\/api.w.org\/{rel}","templated":true}]}}