{"id":85150,"date":"2023-02-28T02:35:05","date_gmt":"2023-02-28T01:35:05","guid":{"rendered":"http:\/\/shop.bantam.ch\/produit\/fahrradschutzhuelle-universal-zwoo\/"},"modified":"2026-05-11T22:32:47","modified_gmt":"2026-05-11T20:32:47","slug":"fahrradschutzhuelle-universal-zwoo","status":"publish","type":"product","link":"https:\/\/shop.bantam.ch\/de\/produkt\/fahrradschutzhuelle-universal-zwoo\/","title":{"rendered":"Fahrradschutzh\u00fclle Universal Zwoo"},"content":{"rendered":"<p>Die Schutzh\u00fclle ist in erster Linie konzipiert f\u00fcr auf Deichseln montierte Fahrradtr\u00e4ger, aber durch die Kastenform ist sie universell einsetzbar, z. B. f\u00fcr Motorroller auf der B\u00fchne. Sie wird von oben her \u00fcber die Fahrr\u00e4der gezogen. Entlang der Unterkante ist ein Hohlsaum f\u00fcr den lose beigelegten Gummizug eingearbeitet. F\u00fcr die Anwendung am Reisemobil ist eine Glasklartasche f\u00fcr die Warntafel eingearbeitet. zus\u00e4tzlich ist ein Reflexionsstreifen eingen\u00e4ht.<\/p>\n<p>Lieferumfang:<br \/>Inkl. 2 Gummispanner mit Haken<\/p>\n<p>\u00a0Material: <br \/>100 % Polyester (mit r\u00fcckseitiger PU-Beschichtung)<\/p>\n","protected":false},"excerpt":{"rendered":"<p>Die Schutzh\u00fclle ist in erster Linie konzipiert f\u00fcr auf Deichseln montierte Fahrradtr\u00e4ger, aber durch die Kastenform ist sie universell einsetzbar, z. B. f\u00fcr Motorroller auf der B\u00fchne. Sie wird von oben her \u00fcber die Fahrr\u00e4der gezogen. Entlang der Unterkante ist ein Hohlsaum f\u00fcr den lose beigelegten Gummizug eingearbeitet. F\u00fcr die Anwendung am Reisemobil ist eine [&hellip;]<\/p>\n","protected":false},"featured_media":85127,"template":"","meta":{"_acf_changed":false},"product_featured_cat":[],"product_brand":[3041],"product_cat":[5140],"product_tag":[],"class_list":{"0":"post-85150","1":"product","2":"type-product","3":"status-publish","4":"has-post-thumbnail","6":"product_brand-hindermann-de","7":"product_cat-fahrradschutzhuellen","9":"first","10":"instock","11":"taxable","12":"shipping-taxable","13":"purchasable","14":"product-type-variable"},"acf":[],"yoast_head":"<!-- This site is optimized with the Yoast SEO plugin v27.5 - https:\/\/yoast.com\/product\/yoast-seo-wordpress\/ -->\n<title>Fahrradschutzh\u00fclle Universal Zwoo - Bantam<\/title>\n<meta name=\"robots\" content=\"index, follow, max-snippet:-1, max-image-preview:large, max-video-preview:-1\" \/>\n<link rel=\"canonical\" href=\"https:\/\/shop.bantam.ch\/de\/produkt\/fahrradschutzhuelle-universal-zwoo\/\" \/>\n<meta property=\"og:locale\" content=\"de_DE\" \/>\n<meta property=\"og:type\" content=\"article\" \/>\n<meta property=\"og:title\" content=\"Fahrradschutzh\u00fclle Universal Zwoo - Bantam\" \/>\n<meta property=\"og:description\" content=\"Die Schutzh\u00fclle ist in erster Linie konzipiert f\u00fcr auf Deichseln montierte Fahrradtr\u00e4ger, aber durch die Kastenform ist sie universell einsetzbar, z. B. f\u00fcr Motorroller auf der B\u00fchne. Sie wird von oben her \u00fcber die Fahrr\u00e4der gezogen. Entlang der Unterkante ist ein Hohlsaum f\u00fcr den lose beigelegten Gummizug eingearbeitet. F\u00fcr die Anwendung am Reisemobil ist eine [&hellip;]\" \/>\n<meta property=\"og:url\" content=\"https:\/\/shop.bantam.ch\/de\/produkt\/fahrradschutzhuelle-universal-zwoo\/\" \/>\n<meta property=\"og:site_name\" content=\"Bantam\" \/>\n<meta property=\"article:modified_time\" content=\"2026-05-11T20:32:47+00:00\" \/>\n<meta property=\"og:image\" content=\"https:\/\/shop.bantam.ch\/wp-content\/uploads\/2023\/02\/9942628-402-1-3.jpg\" \/>\n\t<meta property=\"og:image:width\" content=\"500\" \/>\n\t<meta property=\"og:image:height\" content=\"424\" \/>\n\t<meta property=\"og:image:type\" content=\"image\/jpeg\" \/>\n<meta name=\"twitter:card\" content=\"summary_large_image\" \/>\n<script type=\"application\/ld+json\" class=\"yoast-schema-graph\">{\"@context\":\"https:\\\/\\\/schema.org\",\"@graph\":[{\"@type\":\"WebPage\",\"@id\":\"https:\\\/\\\/shop.bantam.ch\\\/de\\\/produkt\\\/fahrradschutzhuelle-universal-zwoo\\\/\",\"url\":\"https:\\\/\\\/shop.bantam.ch\\\/de\\\/produkt\\\/fahrradschutzhuelle-universal-zwoo\\\/\",\"name\":\"Fahrradschutzh\u00fclle Universal Zwoo - Bantam\",\"isPartOf\":{\"@id\":\"https:\\\/\\\/shop.bantam.ch\\\/de\\\/#website\"},\"primaryImageOfPage\":{\"@id\":\"https:\\\/\\\/shop.bantam.ch\\\/de\\\/produkt\\\/fahrradschutzhuelle-universal-zwoo\\\/#primaryimage\"},\"image\":{\"@id\":\"https:\\\/\\\/shop.bantam.ch\\\/de\\\/produkt\\\/fahrradschutzhuelle-universal-zwoo\\\/#primaryimage\"},\"thumbnailUrl\":\"https:\\\/\\\/shop.bantam.ch\\\/wp-content\\\/uploads\\\/2023\\\/02\\\/9942628-402-1-3.jpg\",\"datePublished\":\"2023-02-28T01:35:05+00:00\",\"dateModified\":\"2026-05-11T20:32:47+00:00\",\"breadcrumb\":{\"@id\":\"https:\\\/\\\/shop.bantam.ch\\\/de\\\/produkt\\\/fahrradschutzhuelle-universal-zwoo\\\/#breadcrumb\"},\"inLanguage\":\"de\",\"potentialAction\":[{\"@type\":\"ReadAction\",\"target\":[\"https:\\\/\\\/shop.bantam.ch\\\/de\\\/produkt\\\/fahrradschutzhuelle-universal-zwoo\\\/\"]}]},{\"@type\":\"ImageObject\",\"inLanguage\":\"de\",\"@id\":\"https:\\\/\\\/shop.bantam.ch\\\/de\\\/produkt\\\/fahrradschutzhuelle-universal-zwoo\\\/#primaryimage\",\"url\":\"https:\\\/\\\/shop.bantam.ch\\\/wp-content\\\/uploads\\\/2023\\\/02\\\/9942628-402-1-3.jpg\",\"contentUrl\":\"https:\\\/\\\/shop.bantam.ch\\\/wp-content\\\/uploads\\\/2023\\\/02\\\/9942628-402-1-3.jpg\",\"width\":500,\"height\":424},{\"@type\":\"BreadcrumbList\",\"@id\":\"https:\\\/\\\/shop.bantam.ch\\\/de\\\/produkt\\\/fahrradschutzhuelle-universal-zwoo\\\/#breadcrumb\",\"itemListElement\":[{\"@type\":\"ListItem\",\"position\":1,\"name\":\"Accueil\",\"item\":\"https:\\\/\\\/shop.bantam.ch\\\/de\\\/\"},{\"@type\":\"ListItem\",\"position\":2,\"name\":\"Shop\",\"item\":\"https:\\\/\\\/shop.bantam.ch\\\/de\\\/shop\\\/\"},{\"@type\":\"ListItem\",\"position\":3,\"name\":\"Fahrradschutzh\u00fclle Universal Zwoo\"}]},{\"@type\":\"WebSite\",\"@id\":\"https:\\\/\\\/shop.bantam.ch\\\/de\\\/#website\",\"url\":\"https:\\\/\\\/shop.bantam.ch\\\/de\\\/\",\"name\":\"Bantam\",\"description\":\"\",\"publisher\":{\"@id\":\"https:\\\/\\\/shop.bantam.ch\\\/de\\\/#organization\"},\"inLanguage\":\"de\"},{\"@type\":\"Organization\",\"@id\":\"https:\\\/\\\/shop.bantam.ch\\\/de\\\/#organization\",\"name\":\"Bantam\",\"url\":\"https:\\\/\\\/shop.bantam.ch\\\/de\\\/\",\"logo\":{\"@type\":\"ImageObject\",\"inLanguage\":\"de\",\"@id\":\"https:\\\/\\\/shop.bantam.ch\\\/de\\\/#\\\/schema\\\/logo\\\/image\\\/\",\"url\":\"https:\\\/\\\/shop.bantam.ch\\\/wp-content\\\/uploads\\\/2022\\\/12\\\/bantam-logo.png\",\"contentUrl\":\"https:\\\/\\\/shop.bantam.ch\\\/wp-content\\\/uploads\\\/2022\\\/12\\\/bantam-logo.png\",\"width\":320,\"height\":71,\"caption\":\"Bantam\"},\"image\":{\"@id\":\"https:\\\/\\\/shop.bantam.ch\\\/de\\\/#\\\/schema\\\/logo\\\/image\\\/\"}}]}<\/script>\n<!-- \/ Yoast SEO plugin. -->","yoast_head_json":{"title":"Fahrradschutzh\u00fclle Universal Zwoo - Bantam","robots":{"index":"index","follow":"follow","max-snippet":"max-snippet:-1","max-image-preview":"max-image-preview:large","max-video-preview":"max-video-preview:-1"},"canonical":"https:\/\/shop.bantam.ch\/de\/produkt\/fahrradschutzhuelle-universal-zwoo\/","og_locale":"de_DE","og_type":"article","og_title":"Fahrradschutzh\u00fclle Universal Zwoo - Bantam","og_description":"Die Schutzh\u00fclle ist in erster Linie konzipiert f\u00fcr auf Deichseln montierte Fahrradtr\u00e4ger, aber durch die Kastenform ist sie universell einsetzbar, z. B. f\u00fcr Motorroller auf der B\u00fchne. Sie wird von oben her \u00fcber die Fahrr\u00e4der gezogen. Entlang der Unterkante ist ein Hohlsaum f\u00fcr den lose beigelegten Gummizug eingearbeitet. F\u00fcr die Anwendung am Reisemobil ist eine [&hellip;]","og_url":"https:\/\/shop.bantam.ch\/de\/produkt\/fahrradschutzhuelle-universal-zwoo\/","og_site_name":"Bantam","article_modified_time":"2026-05-11T20:32:47+00:00","og_image":[{"width":500,"height":424,"url":"https:\/\/shop.bantam.ch\/wp-content\/uploads\/2023\/02\/9942628-402-1-3.jpg","type":"image\/jpeg"}],"twitter_card":"summary_large_image","schema":{"@context":"https:\/\/schema.org","@graph":[{"@type":"WebPage","@id":"https:\/\/shop.bantam.ch\/de\/produkt\/fahrradschutzhuelle-universal-zwoo\/","url":"https:\/\/shop.bantam.ch\/de\/produkt\/fahrradschutzhuelle-universal-zwoo\/","name":"Fahrradschutzh\u00fclle Universal Zwoo - Bantam","isPartOf":{"@id":"https:\/\/shop.bantam.ch\/de\/#website"},"primaryImageOfPage":{"@id":"https:\/\/shop.bantam.ch\/de\/produkt\/fahrradschutzhuelle-universal-zwoo\/#primaryimage"},"image":{"@id":"https:\/\/shop.bantam.ch\/de\/produkt\/fahrradschutzhuelle-universal-zwoo\/#primaryimage"},"thumbnailUrl":"https:\/\/shop.bantam.ch\/wp-content\/uploads\/2023\/02\/9942628-402-1-3.jpg","datePublished":"2023-02-28T01:35:05+00:00","dateModified":"2026-05-11T20:32:47+00:00","breadcrumb":{"@id":"https:\/\/shop.bantam.ch\/de\/produkt\/fahrradschutzhuelle-universal-zwoo\/#breadcrumb"},"inLanguage":"de","potentialAction":[{"@type":"ReadAction","target":["https:\/\/shop.bantam.ch\/de\/produkt\/fahrradschutzhuelle-universal-zwoo\/"]}]},{"@type":"ImageObject","inLanguage":"de","@id":"https:\/\/shop.bantam.ch\/de\/produkt\/fahrradschutzhuelle-universal-zwoo\/#primaryimage","url":"https:\/\/shop.bantam.ch\/wp-content\/uploads\/2023\/02\/9942628-402-1-3.jpg","contentUrl":"https:\/\/shop.bantam.ch\/wp-content\/uploads\/2023\/02\/9942628-402-1-3.jpg","width":500,"height":424},{"@type":"BreadcrumbList","@id":"https:\/\/shop.bantam.ch\/de\/produkt\/fahrradschutzhuelle-universal-zwoo\/#breadcrumb","itemListElement":[{"@type":"ListItem","position":1,"name":"Accueil","item":"https:\/\/shop.bantam.ch\/de\/"},{"@type":"ListItem","position":2,"name":"Shop","item":"https:\/\/shop.bantam.ch\/de\/shop\/"},{"@type":"ListItem","position":3,"name":"Fahrradschutzh\u00fclle Universal Zwoo"}]},{"@type":"WebSite","@id":"https:\/\/shop.bantam.ch\/de\/#website","url":"https:\/\/shop.bantam.ch\/de\/","name":"Bantam","description":"","publisher":{"@id":"https:\/\/shop.bantam.ch\/de\/#organization"},"inLanguage":"de"},{"@type":"Organization","@id":"https:\/\/shop.bantam.ch\/de\/#organization","name":"Bantam","url":"https:\/\/shop.bantam.ch\/de\/","logo":{"@type":"ImageObject","inLanguage":"de","@id":"https:\/\/shop.bantam.ch\/de\/#\/schema\/logo\/image\/","url":"https:\/\/shop.bantam.ch\/wp-content\/uploads\/2022\/12\/bantam-logo.png","contentUrl":"https:\/\/shop.bantam.ch\/wp-content\/uploads\/2022\/12\/bantam-logo.png","width":320,"height":71,"caption":"Bantam"},"image":{"@id":"https:\/\/shop.bantam.ch\/de\/#\/schema\/logo\/image\/"}}]}},"_links":{"self":[{"href":"https:\/\/shop.bantam.ch\/de\/wp-json\/wp\/v2\/product\/85150","targetHints":{"allow":["GET"]}}],"collection":[{"href":"https:\/\/shop.bantam.ch\/de\/wp-json\/wp\/v2\/product"}],"about":[{"href":"https:\/\/shop.bantam.ch\/de\/wp-json\/wp\/v2\/types\/product"}],"wp:featuredmedia":[{"embeddable":true,"href":"https:\/\/shop.bantam.ch\/de\/wp-json\/wp\/v2\/media\/85127"}],"wp:attachment":[{"href":"https:\/\/shop.bantam.ch\/de\/wp-json\/wp\/v2\/media?parent=85150"}],"wp:term":[{"taxonomy":"product_featured_cat","embeddable":true,"href":"https:\/\/shop.bantam.ch\/de\/wp-json\/wp\/v2\/product_featured_cat?post=85150"},{"taxonomy":"product_brand","embeddable":true,"href":"https:\/\/shop.bantam.ch\/de\/wp-json\/wp\/v2\/product_brand?post=85150"},{"taxonomy":"product_cat","embeddable":true,"href":"https:\/\/shop.bantam.ch\/de\/wp-json\/wp\/v2\/product_cat?post=85150"},{"taxonomy":"product_tag","embeddable":true,"href":"https:\/\/shop.bantam.ch\/de\/wp-json\/wp\/v2\/product_tag?post=85150"}],"curies":[{"name":"wp","href":"https:\/\/api.w.org\/{rel}","templated":true}]}}