{"id":83219,"date":"2023-02-28T02:12:08","date_gmt":"2023-02-28T01:12:08","guid":{"rendered":"http:\/\/shop.bantam.ch\/produit\/auffrisch-set-fresh-up-set-mit-raeder\/"},"modified":"2026-04-19T22:34:08","modified_gmt":"2026-04-19T20:34:08","slug":"auffrisch-set-fresh-up-set-mit-raeder","status":"publish","type":"product","link":"https:\/\/shop.bantam.ch\/de\/produkt\/auffrisch-set-fresh-up-set-mit-raeder\/","title":{"rendered":"Auffrisch-Set Fresh up Set mit R\u00e4der"},"content":{"rendered":"<p>Thetford bietet den K\u00e4ufern von Gebrauchtfahrzeugen eine einfache und wirtschaftliche M\u00f6glichkeit, die eingebaute Cassettentoilette wieder wie neu zu machen. Auch die Eigner von Wohnwagen und Wohnmobilen, die eine \u00e4ltere Cassettentoilette einfach wieder auffrischen wollen, k\u00f6nnen dieses Produkt nutzen. Das Toilettenset enth\u00e4lt einen Sitz &amp; Deckel, Halterung f\u00fcr Sitz \/ Deckel \/Toilettensch\u00fcssel und einen neuen F\u00e4kalientank.<\/p>\n","protected":false},"excerpt":{"rendered":"<p>Thetford bietet den K\u00e4ufern von Gebrauchtfahrzeugen eine einfache und wirtschaftliche M\u00f6glichkeit, die eingebaute Cassettentoilette wieder wie neu zu machen. Auch die Eigner von Wohnwagen und Wohnmobilen, die eine \u00e4ltere Cassettentoilette einfach wieder auffrischen wollen, k\u00f6nnen dieses Produkt nutzen. Das Toilettenset enth\u00e4lt einen Sitz &amp; Deckel, Halterung f\u00fcr Sitz \/ Deckel \/Toilettensch\u00fcssel und einen neuen F\u00e4kalientank.<\/p>\n","protected":false},"featured_media":83177,"template":"","meta":{"_acf_changed":false},"product_featured_cat":[],"product_brand":[3067],"product_cat":[5156],"product_tag":[],"class_list":{"0":"post-83219","1":"product","2":"type-product","3":"status-publish","4":"has-post-thumbnail","6":"product_brand-thetford-de","7":"product_cat-sonstiges-zubehoer-fuer-campingtoiletten","9":"first","10":"instock","11":"taxable","12":"shipping-taxable","13":"purchasable","14":"product-type-variable"},"acf":[],"yoast_head":"<!-- This site is optimized with the Yoast SEO plugin v27.4 - https:\/\/yoast.com\/product\/yoast-seo-wordpress\/ -->\n<title>Auffrisch-Set Fresh up Set mit R\u00e4der - Bantam Camping AG<\/title>\n<meta name=\"robots\" content=\"index, follow, max-snippet:-1, max-image-preview:large, max-video-preview:-1\" \/>\n<link rel=\"canonical\" href=\"https:\/\/shop.bantam.ch\/de\/produkt\/auffrisch-set-fresh-up-set-mit-raeder\/\" \/>\n<meta property=\"og:locale\" content=\"de_DE\" \/>\n<meta property=\"og:type\" content=\"article\" \/>\n<meta property=\"og:title\" content=\"Auffrisch-Set Fresh up Set mit R\u00e4der - Bantam Camping AG\" \/>\n<meta property=\"og:description\" content=\"Thetford bietet den K\u00e4ufern von Gebrauchtfahrzeugen eine einfache und wirtschaftliche M\u00f6glichkeit, die eingebaute Cassettentoilette wieder wie neu zu machen. Auch die Eigner von Wohnwagen und Wohnmobilen, die eine \u00e4ltere Cassettentoilette einfach wieder auffrischen wollen, k\u00f6nnen dieses Produkt nutzen. Das Toilettenset enth\u00e4lt einen Sitz &amp; Deckel, Halterung f\u00fcr Sitz \/ Deckel \/Toilettensch\u00fcssel und einen neuen F\u00e4kalientank.\" \/>\n<meta property=\"og:url\" content=\"https:\/\/shop.bantam.ch\/de\/produkt\/auffrisch-set-fresh-up-set-mit-raeder\/\" \/>\n<meta property=\"og:site_name\" content=\"Bantam Camping AG\" \/>\n<meta property=\"article:modified_time\" content=\"2026-04-19T20:34:08+00:00\" \/>\n<meta property=\"og:image\" content=\"https:\/\/shop.bantam.ch\/wp-content\/uploads\/2023\/02\/99321641.jpg\" \/>\n\t<meta property=\"og:image:width\" content=\"1000\" \/>\n\t<meta property=\"og:image:height\" content=\"297\" \/>\n\t<meta property=\"og:image:type\" content=\"image\/jpeg\" \/>\n<meta name=\"twitter:card\" content=\"summary_large_image\" \/>\n<script type=\"application\/ld+json\" class=\"yoast-schema-graph\">{\"@context\":\"https:\\\/\\\/schema.org\",\"@graph\":[{\"@type\":\"WebPage\",\"@id\":\"https:\\\/\\\/shop.bantam.ch\\\/de\\\/produkt\\\/auffrisch-set-fresh-up-set-mit-raeder\\\/\",\"url\":\"https:\\\/\\\/shop.bantam.ch\\\/de\\\/produkt\\\/auffrisch-set-fresh-up-set-mit-raeder\\\/\",\"name\":\"Auffrisch-Set Fresh up Set mit R\u00e4der - Bantam Camping AG\",\"isPartOf\":{\"@id\":\"https:\\\/\\\/shop.bantam.ch\\\/de\\\/#website\"},\"primaryImageOfPage\":{\"@id\":\"https:\\\/\\\/shop.bantam.ch\\\/de\\\/produkt\\\/auffrisch-set-fresh-up-set-mit-raeder\\\/#primaryimage\"},\"image\":{\"@id\":\"https:\\\/\\\/shop.bantam.ch\\\/de\\\/produkt\\\/auffrisch-set-fresh-up-set-mit-raeder\\\/#primaryimage\"},\"thumbnailUrl\":\"https:\\\/\\\/shop.bantam.ch\\\/wp-content\\\/uploads\\\/2023\\\/02\\\/99321641.jpg\",\"datePublished\":\"2023-02-28T01:12:08+00:00\",\"dateModified\":\"2026-04-19T20:34:08+00:00\",\"breadcrumb\":{\"@id\":\"https:\\\/\\\/shop.bantam.ch\\\/de\\\/produkt\\\/auffrisch-set-fresh-up-set-mit-raeder\\\/#breadcrumb\"},\"inLanguage\":\"de\",\"potentialAction\":[{\"@type\":\"ReadAction\",\"target\":[\"https:\\\/\\\/shop.bantam.ch\\\/de\\\/produkt\\\/auffrisch-set-fresh-up-set-mit-raeder\\\/\"]}]},{\"@type\":\"ImageObject\",\"inLanguage\":\"de\",\"@id\":\"https:\\\/\\\/shop.bantam.ch\\\/de\\\/produkt\\\/auffrisch-set-fresh-up-set-mit-raeder\\\/#primaryimage\",\"url\":\"https:\\\/\\\/shop.bantam.ch\\\/wp-content\\\/uploads\\\/2023\\\/02\\\/99321641.jpg\",\"contentUrl\":\"https:\\\/\\\/shop.bantam.ch\\\/wp-content\\\/uploads\\\/2023\\\/02\\\/99321641.jpg\",\"width\":1000,\"height\":297},{\"@type\":\"BreadcrumbList\",\"@id\":\"https:\\\/\\\/shop.bantam.ch\\\/de\\\/produkt\\\/auffrisch-set-fresh-up-set-mit-raeder\\\/#breadcrumb\",\"itemListElement\":[{\"@type\":\"ListItem\",\"position\":1,\"name\":\"Accueil\",\"item\":\"https:\\\/\\\/shop.bantam.ch\\\/de\\\/\"},{\"@type\":\"ListItem\",\"position\":2,\"name\":\"Shop\",\"item\":\"https:\\\/\\\/shop.bantam.ch\\\/de\\\/shop\\\/\"},{\"@type\":\"ListItem\",\"position\":3,\"name\":\"Auffrisch-Set Fresh up Set mit R\u00e4der\"}]},{\"@type\":\"WebSite\",\"@id\":\"https:\\\/\\\/shop.bantam.ch\\\/de\\\/#website\",\"url\":\"https:\\\/\\\/shop.bantam.ch\\\/de\\\/\",\"name\":\"Bantam Camping AG\",\"description\":\"\",\"publisher\":{\"@id\":\"https:\\\/\\\/shop.bantam.ch\\\/de\\\/#organization\"},\"inLanguage\":\"de\"},{\"@type\":\"Organization\",\"@id\":\"https:\\\/\\\/shop.bantam.ch\\\/de\\\/#organization\",\"name\":\"Bantam Camping AG\",\"url\":\"https:\\\/\\\/shop.bantam.ch\\\/de\\\/\",\"logo\":{\"@type\":\"ImageObject\",\"inLanguage\":\"de\",\"@id\":\"https:\\\/\\\/shop.bantam.ch\\\/de\\\/#\\\/schema\\\/logo\\\/image\\\/\",\"url\":\"https:\\\/\\\/shop.bantam.ch\\\/wp-content\\\/uploads\\\/2022\\\/12\\\/bantam-logo.png\",\"contentUrl\":\"https:\\\/\\\/shop.bantam.ch\\\/wp-content\\\/uploads\\\/2022\\\/12\\\/bantam-logo.png\",\"width\":320,\"height\":71,\"caption\":\"Bantam Camping AG\"},\"image\":{\"@id\":\"https:\\\/\\\/shop.bantam.ch\\\/de\\\/#\\\/schema\\\/logo\\\/image\\\/\"}}]}<\/script>\n<!-- \/ Yoast SEO plugin. -->","yoast_head_json":{"title":"Auffrisch-Set Fresh up Set mit R\u00e4der - Bantam Camping AG","robots":{"index":"index","follow":"follow","max-snippet":"max-snippet:-1","max-image-preview":"max-image-preview:large","max-video-preview":"max-video-preview:-1"},"canonical":"https:\/\/shop.bantam.ch\/de\/produkt\/auffrisch-set-fresh-up-set-mit-raeder\/","og_locale":"de_DE","og_type":"article","og_title":"Auffrisch-Set Fresh up Set mit R\u00e4der - Bantam Camping AG","og_description":"Thetford bietet den K\u00e4ufern von Gebrauchtfahrzeugen eine einfache und wirtschaftliche M\u00f6glichkeit, die eingebaute Cassettentoilette wieder wie neu zu machen. Auch die Eigner von Wohnwagen und Wohnmobilen, die eine \u00e4ltere Cassettentoilette einfach wieder auffrischen wollen, k\u00f6nnen dieses Produkt nutzen. Das Toilettenset enth\u00e4lt einen Sitz &amp; Deckel, Halterung f\u00fcr Sitz \/ Deckel \/Toilettensch\u00fcssel und einen neuen F\u00e4kalientank.","og_url":"https:\/\/shop.bantam.ch\/de\/produkt\/auffrisch-set-fresh-up-set-mit-raeder\/","og_site_name":"Bantam Camping AG","article_modified_time":"2026-04-19T20:34:08+00:00","og_image":[{"width":1000,"height":297,"url":"https:\/\/shop.bantam.ch\/wp-content\/uploads\/2023\/02\/99321641.jpg","type":"image\/jpeg"}],"twitter_card":"summary_large_image","schema":{"@context":"https:\/\/schema.org","@graph":[{"@type":"WebPage","@id":"https:\/\/shop.bantam.ch\/de\/produkt\/auffrisch-set-fresh-up-set-mit-raeder\/","url":"https:\/\/shop.bantam.ch\/de\/produkt\/auffrisch-set-fresh-up-set-mit-raeder\/","name":"Auffrisch-Set Fresh up Set mit R\u00e4der - Bantam Camping AG","isPartOf":{"@id":"https:\/\/shop.bantam.ch\/de\/#website"},"primaryImageOfPage":{"@id":"https:\/\/shop.bantam.ch\/de\/produkt\/auffrisch-set-fresh-up-set-mit-raeder\/#primaryimage"},"image":{"@id":"https:\/\/shop.bantam.ch\/de\/produkt\/auffrisch-set-fresh-up-set-mit-raeder\/#primaryimage"},"thumbnailUrl":"https:\/\/shop.bantam.ch\/wp-content\/uploads\/2023\/02\/99321641.jpg","datePublished":"2023-02-28T01:12:08+00:00","dateModified":"2026-04-19T20:34:08+00:00","breadcrumb":{"@id":"https:\/\/shop.bantam.ch\/de\/produkt\/auffrisch-set-fresh-up-set-mit-raeder\/#breadcrumb"},"inLanguage":"de","potentialAction":[{"@type":"ReadAction","target":["https:\/\/shop.bantam.ch\/de\/produkt\/auffrisch-set-fresh-up-set-mit-raeder\/"]}]},{"@type":"ImageObject","inLanguage":"de","@id":"https:\/\/shop.bantam.ch\/de\/produkt\/auffrisch-set-fresh-up-set-mit-raeder\/#primaryimage","url":"https:\/\/shop.bantam.ch\/wp-content\/uploads\/2023\/02\/99321641.jpg","contentUrl":"https:\/\/shop.bantam.ch\/wp-content\/uploads\/2023\/02\/99321641.jpg","width":1000,"height":297},{"@type":"BreadcrumbList","@id":"https:\/\/shop.bantam.ch\/de\/produkt\/auffrisch-set-fresh-up-set-mit-raeder\/#breadcrumb","itemListElement":[{"@type":"ListItem","position":1,"name":"Accueil","item":"https:\/\/shop.bantam.ch\/de\/"},{"@type":"ListItem","position":2,"name":"Shop","item":"https:\/\/shop.bantam.ch\/de\/shop\/"},{"@type":"ListItem","position":3,"name":"Auffrisch-Set Fresh up Set mit R\u00e4der"}]},{"@type":"WebSite","@id":"https:\/\/shop.bantam.ch\/de\/#website","url":"https:\/\/shop.bantam.ch\/de\/","name":"Bantam Camping AG","description":"","publisher":{"@id":"https:\/\/shop.bantam.ch\/de\/#organization"},"inLanguage":"de"},{"@type":"Organization","@id":"https:\/\/shop.bantam.ch\/de\/#organization","name":"Bantam Camping AG","url":"https:\/\/shop.bantam.ch\/de\/","logo":{"@type":"ImageObject","inLanguage":"de","@id":"https:\/\/shop.bantam.ch\/de\/#\/schema\/logo\/image\/","url":"https:\/\/shop.bantam.ch\/wp-content\/uploads\/2022\/12\/bantam-logo.png","contentUrl":"https:\/\/shop.bantam.ch\/wp-content\/uploads\/2022\/12\/bantam-logo.png","width":320,"height":71,"caption":"Bantam Camping AG"},"image":{"@id":"https:\/\/shop.bantam.ch\/de\/#\/schema\/logo\/image\/"}}]}},"_links":{"self":[{"href":"https:\/\/shop.bantam.ch\/de\/wp-json\/wp\/v2\/product\/83219","targetHints":{"allow":["GET"]}}],"collection":[{"href":"https:\/\/shop.bantam.ch\/de\/wp-json\/wp\/v2\/product"}],"about":[{"href":"https:\/\/shop.bantam.ch\/de\/wp-json\/wp\/v2\/types\/product"}],"wp:featuredmedia":[{"embeddable":true,"href":"https:\/\/shop.bantam.ch\/de\/wp-json\/wp\/v2\/media\/83177"}],"wp:attachment":[{"href":"https:\/\/shop.bantam.ch\/de\/wp-json\/wp\/v2\/media?parent=83219"}],"wp:term":[{"taxonomy":"product_featured_cat","embeddable":true,"href":"https:\/\/shop.bantam.ch\/de\/wp-json\/wp\/v2\/product_featured_cat?post=83219"},{"taxonomy":"product_brand","embeddable":true,"href":"https:\/\/shop.bantam.ch\/de\/wp-json\/wp\/v2\/product_brand?post=83219"},{"taxonomy":"product_cat","embeddable":true,"href":"https:\/\/shop.bantam.ch\/de\/wp-json\/wp\/v2\/product_cat?post=83219"},{"taxonomy":"product_tag","embeddable":true,"href":"https:\/\/shop.bantam.ch\/de\/wp-json\/wp\/v2\/product_tag?post=83219"}],"curies":[{"name":"wp","href":"https:\/\/api.w.org\/{rel}","templated":true}]}}