{"id":83121,"date":"2023-02-28T02:11:00","date_gmt":"2023-02-28T01:11:00","guid":{"rendered":"http:\/\/shop.bantam.ch\/produit\/fahrradtraeger-esse4-cd-3-raeder\/"},"modified":"2026-04-17T21:24:45","modified_gmt":"2026-04-17T19:24:45","slug":"fahrradtraeger-esse4-cd-3-raeder","status":"publish","type":"product","link":"https:\/\/shop.bantam.ch\/de\/produkt\/fahrradtraeger-esse4-cd-3-raeder\/","title":{"rendered":"Fahrradtr\u00e4ger Thule Esse4 CD f. Carado, Sunlight, Dethleffs 3 R\u00e4der Traglast 60 kg"},"content":{"rendered":"<p>F\u00fcr die vertikale R\u00fcckwand von Reisemobilen \/Wohnwagen, passend f\u00fcr Carado, Sunlight. Dethleffs. Verstellbare Schienen von links nach rechts. Die Felgenhalteb\u00e4nder blockieren die Fahrr\u00e4der w\u00e4hrend dem Transport und die verschiebbare Fahrradrahmenhalter halten die R\u00e4der in Position. Die Plattform wird manuell verriegelt und kann leicht in der Aufw\u00e4rtsbewegung eingerastet werden, wenn sie nicht in Gebrauch ist.\u00a0<\/p>\n<ul>\n<li>3 R\u00e4der<\/li>\n<li>auf 4 R\u00e4der erweiterbar<\/li>\n<li>Traglast pro Schiene 19 kg<\/li>\n<li>Abstand Radschienen 15 cm<\/li>\n<\/ul>\n","protected":false},"excerpt":{"rendered":"<p>F\u00fcr die vertikale R\u00fcckwand von Reisemobilen \/Wohnwagen, passend f\u00fcr Carado, Sunlight. Dethleffs. Verstellbare Schienen von links nach rechts. Die Felgenhalteb\u00e4nder blockieren die Fahrr\u00e4der w\u00e4hrend dem Transport und die verschiebbare Fahrradrahmenhalter halten die R\u00e4der in Position. Die Plattform wird manuell verriegelt und kann leicht in der Aufw\u00e4rtsbewegung eingerastet werden, wenn sie nicht in Gebrauch ist.\u00a0 3 [&hellip;]<\/p>\n","protected":false},"featured_media":83117,"template":"","meta":{"_acf_changed":false},"product_featured_cat":[],"product_brand":[3047],"product_cat":[5138],"product_tag":[],"class_list":{"0":"post-83121","1":"product","2":"type-product","3":"status-publish","4":"has-post-thumbnail","6":"product_brand-thule-de","7":"product_cat-heck-fahrradtraeger","9":"first","10":"instock","11":"taxable","12":"shipping-taxable","13":"purchasable","14":"product-type-simple"},"acf":[],"yoast_head":"<!-- This site is optimized with the Yoast SEO plugin v27.4 - https:\/\/yoast.com\/product\/yoast-seo-wordpress\/ -->\n<title>Fahrradtr\u00e4ger Thule Esse4 CD f. Carado, Sunlight, Dethleffs 3 R\u00e4der Traglast 60 kg - Bantam Camping AG<\/title>\n<meta name=\"robots\" content=\"index, follow, max-snippet:-1, max-image-preview:large, max-video-preview:-1\" \/>\n<link rel=\"canonical\" href=\"https:\/\/shop.bantam.ch\/de\/produkt\/fahrradtraeger-esse4-cd-3-raeder\/\" \/>\n<meta property=\"og:locale\" content=\"de_DE\" \/>\n<meta property=\"og:type\" content=\"article\" \/>\n<meta property=\"og:title\" content=\"Fahrradtr\u00e4ger Thule Esse4 CD f. Carado, Sunlight, Dethleffs 3 R\u00e4der Traglast 60 kg - Bantam Camping AG\" \/>\n<meta property=\"og:description\" content=\"F\u00fcr die vertikale R\u00fcckwand von Reisemobilen \/Wohnwagen, passend f\u00fcr Carado, Sunlight. Dethleffs. Verstellbare Schienen von links nach rechts. Die Felgenhalteb\u00e4nder blockieren die Fahrr\u00e4der w\u00e4hrend dem Transport und die verschiebbare Fahrradrahmenhalter halten die R\u00e4der in Position. Die Plattform wird manuell verriegelt und kann leicht in der Aufw\u00e4rtsbewegung eingerastet werden, wenn sie nicht in Gebrauch ist.\u00a0 3 [&hellip;]\" \/>\n<meta property=\"og:url\" content=\"https:\/\/shop.bantam.ch\/de\/produkt\/fahrradtraeger-esse4-cd-3-raeder\/\" \/>\n<meta property=\"og:site_name\" content=\"Bantam Camping AG\" \/>\n<meta property=\"article:modified_time\" content=\"2026-04-17T19:24:45+00:00\" \/>\n<meta property=\"og:image\" content=\"https:\/\/shop.bantam.ch\/wp-content\/uploads\/2023\/02\/994590511.jpg\" \/>\n\t<meta property=\"og:image:width\" content=\"1000\" \/>\n\t<meta property=\"og:image:height\" content=\"686\" \/>\n\t<meta property=\"og:image:type\" content=\"image\/jpeg\" \/>\n<meta name=\"twitter:card\" content=\"summary_large_image\" \/>\n<script type=\"application\/ld+json\" class=\"yoast-schema-graph\">{\"@context\":\"https:\\\/\\\/schema.org\",\"@graph\":[{\"@type\":\"WebPage\",\"@id\":\"https:\\\/\\\/shop.bantam.ch\\\/de\\\/produkt\\\/fahrradtraeger-esse4-cd-3-raeder\\\/\",\"url\":\"https:\\\/\\\/shop.bantam.ch\\\/de\\\/produkt\\\/fahrradtraeger-esse4-cd-3-raeder\\\/\",\"name\":\"Fahrradtr\u00e4ger Thule Esse4 CD f. Carado, Sunlight, Dethleffs 3 R\u00e4der Traglast 60 kg - Bantam Camping AG\",\"isPartOf\":{\"@id\":\"https:\\\/\\\/shop.bantam.ch\\\/de\\\/#website\"},\"primaryImageOfPage\":{\"@id\":\"https:\\\/\\\/shop.bantam.ch\\\/de\\\/produkt\\\/fahrradtraeger-esse4-cd-3-raeder\\\/#primaryimage\"},\"image\":{\"@id\":\"https:\\\/\\\/shop.bantam.ch\\\/de\\\/produkt\\\/fahrradtraeger-esse4-cd-3-raeder\\\/#primaryimage\"},\"thumbnailUrl\":\"https:\\\/\\\/shop.bantam.ch\\\/wp-content\\\/uploads\\\/2023\\\/02\\\/994590511.jpg\",\"datePublished\":\"2023-02-28T01:11:00+00:00\",\"dateModified\":\"2026-04-17T19:24:45+00:00\",\"breadcrumb\":{\"@id\":\"https:\\\/\\\/shop.bantam.ch\\\/de\\\/produkt\\\/fahrradtraeger-esse4-cd-3-raeder\\\/#breadcrumb\"},\"inLanguage\":\"de\",\"potentialAction\":[{\"@type\":\"ReadAction\",\"target\":[\"https:\\\/\\\/shop.bantam.ch\\\/de\\\/produkt\\\/fahrradtraeger-esse4-cd-3-raeder\\\/\"]}]},{\"@type\":\"ImageObject\",\"inLanguage\":\"de\",\"@id\":\"https:\\\/\\\/shop.bantam.ch\\\/de\\\/produkt\\\/fahrradtraeger-esse4-cd-3-raeder\\\/#primaryimage\",\"url\":\"https:\\\/\\\/shop.bantam.ch\\\/wp-content\\\/uploads\\\/2023\\\/02\\\/994590511.jpg\",\"contentUrl\":\"https:\\\/\\\/shop.bantam.ch\\\/wp-content\\\/uploads\\\/2023\\\/02\\\/994590511.jpg\",\"width\":1000,\"height\":686},{\"@type\":\"BreadcrumbList\",\"@id\":\"https:\\\/\\\/shop.bantam.ch\\\/de\\\/produkt\\\/fahrradtraeger-esse4-cd-3-raeder\\\/#breadcrumb\",\"itemListElement\":[{\"@type\":\"ListItem\",\"position\":1,\"name\":\"Accueil\",\"item\":\"https:\\\/\\\/shop.bantam.ch\\\/de\\\/\"},{\"@type\":\"ListItem\",\"position\":2,\"name\":\"Shop\",\"item\":\"https:\\\/\\\/shop.bantam.ch\\\/de\\\/shop\\\/\"},{\"@type\":\"ListItem\",\"position\":3,\"name\":\"Fahrradtr\u00e4ger Thule Esse4 CD f. Carado, Sunlight, Dethleffs 3 R\u00e4der Traglast 60 kg\"}]},{\"@type\":\"WebSite\",\"@id\":\"https:\\\/\\\/shop.bantam.ch\\\/de\\\/#website\",\"url\":\"https:\\\/\\\/shop.bantam.ch\\\/de\\\/\",\"name\":\"Bantam Camping AG\",\"description\":\"\",\"publisher\":{\"@id\":\"https:\\\/\\\/shop.bantam.ch\\\/de\\\/#organization\"},\"inLanguage\":\"de\"},{\"@type\":\"Organization\",\"@id\":\"https:\\\/\\\/shop.bantam.ch\\\/de\\\/#organization\",\"name\":\"Bantam Camping AG\",\"url\":\"https:\\\/\\\/shop.bantam.ch\\\/de\\\/\",\"logo\":{\"@type\":\"ImageObject\",\"inLanguage\":\"de\",\"@id\":\"https:\\\/\\\/shop.bantam.ch\\\/de\\\/#\\\/schema\\\/logo\\\/image\\\/\",\"url\":\"https:\\\/\\\/shop.bantam.ch\\\/wp-content\\\/uploads\\\/2022\\\/12\\\/bantam-logo.png\",\"contentUrl\":\"https:\\\/\\\/shop.bantam.ch\\\/wp-content\\\/uploads\\\/2022\\\/12\\\/bantam-logo.png\",\"width\":320,\"height\":71,\"caption\":\"Bantam Camping AG\"},\"image\":{\"@id\":\"https:\\\/\\\/shop.bantam.ch\\\/de\\\/#\\\/schema\\\/logo\\\/image\\\/\"}}]}<\/script>\n<!-- \/ Yoast SEO plugin. -->","yoast_head_json":{"title":"Fahrradtr\u00e4ger Thule Esse4 CD f. Carado, Sunlight, Dethleffs 3 R\u00e4der Traglast 60 kg - Bantam Camping AG","robots":{"index":"index","follow":"follow","max-snippet":"max-snippet:-1","max-image-preview":"max-image-preview:large","max-video-preview":"max-video-preview:-1"},"canonical":"https:\/\/shop.bantam.ch\/de\/produkt\/fahrradtraeger-esse4-cd-3-raeder\/","og_locale":"de_DE","og_type":"article","og_title":"Fahrradtr\u00e4ger Thule Esse4 CD f. Carado, Sunlight, Dethleffs 3 R\u00e4der Traglast 60 kg - Bantam Camping AG","og_description":"F\u00fcr die vertikale R\u00fcckwand von Reisemobilen \/Wohnwagen, passend f\u00fcr Carado, Sunlight. Dethleffs. Verstellbare Schienen von links nach rechts. Die Felgenhalteb\u00e4nder blockieren die Fahrr\u00e4der w\u00e4hrend dem Transport und die verschiebbare Fahrradrahmenhalter halten die R\u00e4der in Position. Die Plattform wird manuell verriegelt und kann leicht in der Aufw\u00e4rtsbewegung eingerastet werden, wenn sie nicht in Gebrauch ist.\u00a0 3 [&hellip;]","og_url":"https:\/\/shop.bantam.ch\/de\/produkt\/fahrradtraeger-esse4-cd-3-raeder\/","og_site_name":"Bantam Camping AG","article_modified_time":"2026-04-17T19:24:45+00:00","og_image":[{"width":1000,"height":686,"url":"https:\/\/shop.bantam.ch\/wp-content\/uploads\/2023\/02\/994590511.jpg","type":"image\/jpeg"}],"twitter_card":"summary_large_image","schema":{"@context":"https:\/\/schema.org","@graph":[{"@type":"WebPage","@id":"https:\/\/shop.bantam.ch\/de\/produkt\/fahrradtraeger-esse4-cd-3-raeder\/","url":"https:\/\/shop.bantam.ch\/de\/produkt\/fahrradtraeger-esse4-cd-3-raeder\/","name":"Fahrradtr\u00e4ger Thule Esse4 CD f. Carado, Sunlight, Dethleffs 3 R\u00e4der Traglast 60 kg - Bantam Camping AG","isPartOf":{"@id":"https:\/\/shop.bantam.ch\/de\/#website"},"primaryImageOfPage":{"@id":"https:\/\/shop.bantam.ch\/de\/produkt\/fahrradtraeger-esse4-cd-3-raeder\/#primaryimage"},"image":{"@id":"https:\/\/shop.bantam.ch\/de\/produkt\/fahrradtraeger-esse4-cd-3-raeder\/#primaryimage"},"thumbnailUrl":"https:\/\/shop.bantam.ch\/wp-content\/uploads\/2023\/02\/994590511.jpg","datePublished":"2023-02-28T01:11:00+00:00","dateModified":"2026-04-17T19:24:45+00:00","breadcrumb":{"@id":"https:\/\/shop.bantam.ch\/de\/produkt\/fahrradtraeger-esse4-cd-3-raeder\/#breadcrumb"},"inLanguage":"de","potentialAction":[{"@type":"ReadAction","target":["https:\/\/shop.bantam.ch\/de\/produkt\/fahrradtraeger-esse4-cd-3-raeder\/"]}]},{"@type":"ImageObject","inLanguage":"de","@id":"https:\/\/shop.bantam.ch\/de\/produkt\/fahrradtraeger-esse4-cd-3-raeder\/#primaryimage","url":"https:\/\/shop.bantam.ch\/wp-content\/uploads\/2023\/02\/994590511.jpg","contentUrl":"https:\/\/shop.bantam.ch\/wp-content\/uploads\/2023\/02\/994590511.jpg","width":1000,"height":686},{"@type":"BreadcrumbList","@id":"https:\/\/shop.bantam.ch\/de\/produkt\/fahrradtraeger-esse4-cd-3-raeder\/#breadcrumb","itemListElement":[{"@type":"ListItem","position":1,"name":"Accueil","item":"https:\/\/shop.bantam.ch\/de\/"},{"@type":"ListItem","position":2,"name":"Shop","item":"https:\/\/shop.bantam.ch\/de\/shop\/"},{"@type":"ListItem","position":3,"name":"Fahrradtr\u00e4ger Thule Esse4 CD f. Carado, Sunlight, Dethleffs 3 R\u00e4der Traglast 60 kg"}]},{"@type":"WebSite","@id":"https:\/\/shop.bantam.ch\/de\/#website","url":"https:\/\/shop.bantam.ch\/de\/","name":"Bantam Camping AG","description":"","publisher":{"@id":"https:\/\/shop.bantam.ch\/de\/#organization"},"inLanguage":"de"},{"@type":"Organization","@id":"https:\/\/shop.bantam.ch\/de\/#organization","name":"Bantam Camping AG","url":"https:\/\/shop.bantam.ch\/de\/","logo":{"@type":"ImageObject","inLanguage":"de","@id":"https:\/\/shop.bantam.ch\/de\/#\/schema\/logo\/image\/","url":"https:\/\/shop.bantam.ch\/wp-content\/uploads\/2022\/12\/bantam-logo.png","contentUrl":"https:\/\/shop.bantam.ch\/wp-content\/uploads\/2022\/12\/bantam-logo.png","width":320,"height":71,"caption":"Bantam Camping AG"},"image":{"@id":"https:\/\/shop.bantam.ch\/de\/#\/schema\/logo\/image\/"}}]}},"_links":{"self":[{"href":"https:\/\/shop.bantam.ch\/de\/wp-json\/wp\/v2\/product\/83121","targetHints":{"allow":["GET"]}}],"collection":[{"href":"https:\/\/shop.bantam.ch\/de\/wp-json\/wp\/v2\/product"}],"about":[{"href":"https:\/\/shop.bantam.ch\/de\/wp-json\/wp\/v2\/types\/product"}],"wp:featuredmedia":[{"embeddable":true,"href":"https:\/\/shop.bantam.ch\/de\/wp-json\/wp\/v2\/media\/83117"}],"wp:attachment":[{"href":"https:\/\/shop.bantam.ch\/de\/wp-json\/wp\/v2\/media?parent=83121"}],"wp:term":[{"taxonomy":"product_featured_cat","embeddable":true,"href":"https:\/\/shop.bantam.ch\/de\/wp-json\/wp\/v2\/product_featured_cat?post=83121"},{"taxonomy":"product_brand","embeddable":true,"href":"https:\/\/shop.bantam.ch\/de\/wp-json\/wp\/v2\/product_brand?post=83121"},{"taxonomy":"product_cat","embeddable":true,"href":"https:\/\/shop.bantam.ch\/de\/wp-json\/wp\/v2\/product_cat?post=83121"},{"taxonomy":"product_tag","embeddable":true,"href":"https:\/\/shop.bantam.ch\/de\/wp-json\/wp\/v2\/product_tag?post=83121"}],"curies":[{"name":"wp","href":"https:\/\/api.w.org\/{rel}","templated":true}]}}