{"id":83063,"date":"2023-02-28T02:10:09","date_gmt":"2023-02-28T01:10:09","guid":{"rendered":"http:\/\/shop.bantam.ch\/produit\/sup-traeger-taxi-xt\/"},"modified":"2026-04-17T21:24:38","modified_gmt":"2026-04-17T19:24:38","slug":"sup-traeger-taxi-xt","status":"publish","type":"product","link":"https:\/\/shop.bantam.ch\/de\/produkt\/sup-traeger-taxi-xt\/","title":{"rendered":"SUP Tr\u00e4ger Thule Taxi XT"},"content":{"rendered":"<p>Neu entwickeltes Drucktasten-Verschlusssystem sorgt f\u00fcr schnelle und einfache Bedienung bei h\u00f6chster Sicherheit. Mit dem exklusiven Teleskop-Design nach Ma\u00df anpassbar auf Brettbreiten bis 34 Zoll Stahlverst\u00e4rkte Sicherheitsgurte und einen benutzerfreundlichen Schlie\u00dfmechanismus.<\/p>\n<ul>\n<li>Mit weicher, wetterfester Polsterung<\/li>\n<li>Abschlie\u00dfbar<\/li>\n<li>Kompatibel mit One-Key System<\/li>\n<li>Passend f\u00fcr SquareBar und f\u00fcr WingBar<\/li>\n<\/ul>\n","protected":false},"excerpt":{"rendered":"<p>Neu entwickeltes Drucktasten-Verschlusssystem sorgt f\u00fcr schnelle und einfache Bedienung bei h\u00f6chster Sicherheit. Mit dem exklusiven Teleskop-Design nach Ma\u00df anpassbar auf Brettbreiten bis 34 Zoll Stahlverst\u00e4rkte Sicherheitsgurte und einen benutzerfreundlichen Schlie\u00dfmechanismus. Mit weicher, wetterfester Polsterung Abschlie\u00dfbar Kompatibel mit One-Key System Passend f\u00fcr SquareBar und f\u00fcr WingBar<\/p>\n","protected":false},"featured_media":83057,"template":"","meta":{"_acf_changed":false},"product_featured_cat":[],"product_brand":[3047],"product_cat":[4798],"product_tag":[],"class_list":{"0":"post-83063","1":"product","2":"type-product","3":"status-publish","4":"has-post-thumbnail","6":"product_brand-thule-de","7":"product_cat-dachrelinge-traeger","9":"first","10":"instock","11":"taxable","12":"shipping-taxable","13":"purchasable","14":"product-type-simple"},"acf":[],"yoast_head":"<!-- This site is optimized with the Yoast SEO plugin v27.4 - https:\/\/yoast.com\/product\/yoast-seo-wordpress\/ -->\n<title>SUP Tr\u00e4ger Thule Taxi XT - Bantam Camping AG<\/title>\n<meta name=\"robots\" content=\"index, follow, max-snippet:-1, max-image-preview:large, max-video-preview:-1\" \/>\n<link rel=\"canonical\" href=\"https:\/\/shop.bantam.ch\/de\/produkt\/sup-traeger-taxi-xt\/\" \/>\n<meta property=\"og:locale\" content=\"de_DE\" \/>\n<meta property=\"og:type\" content=\"article\" \/>\n<meta property=\"og:title\" content=\"SUP Tr\u00e4ger Thule Taxi XT - Bantam Camping AG\" \/>\n<meta property=\"og:description\" content=\"Neu entwickeltes Drucktasten-Verschlusssystem sorgt f\u00fcr schnelle und einfache Bedienung bei h\u00f6chster Sicherheit. Mit dem exklusiven Teleskop-Design nach Ma\u00df anpassbar auf Brettbreiten bis 34 Zoll Stahlverst\u00e4rkte Sicherheitsgurte und einen benutzerfreundlichen Schlie\u00dfmechanismus. Mit weicher, wetterfester Polsterung Abschlie\u00dfbar Kompatibel mit One-Key System Passend f\u00fcr SquareBar und f\u00fcr WingBar\" \/>\n<meta property=\"og:url\" content=\"https:\/\/shop.bantam.ch\/de\/produkt\/sup-traeger-taxi-xt\/\" \/>\n<meta property=\"og:site_name\" content=\"Bantam Camping AG\" \/>\n<meta property=\"article:modified_time\" content=\"2026-04-17T19:24:38+00:00\" \/>\n<meta property=\"og:image\" content=\"https:\/\/shop.bantam.ch\/wp-content\/uploads\/2023\/02\/994285911.jpg\" \/>\n\t<meta property=\"og:image:width\" content=\"1000\" \/>\n\t<meta property=\"og:image:height\" content=\"707\" \/>\n\t<meta property=\"og:image:type\" content=\"image\/jpeg\" \/>\n<meta name=\"twitter:card\" content=\"summary_large_image\" \/>\n<script type=\"application\/ld+json\" class=\"yoast-schema-graph\">{\"@context\":\"https:\\\/\\\/schema.org\",\"@graph\":[{\"@type\":\"WebPage\",\"@id\":\"https:\\\/\\\/shop.bantam.ch\\\/de\\\/produkt\\\/sup-traeger-taxi-xt\\\/\",\"url\":\"https:\\\/\\\/shop.bantam.ch\\\/de\\\/produkt\\\/sup-traeger-taxi-xt\\\/\",\"name\":\"SUP Tr\u00e4ger Thule Taxi XT - Bantam Camping AG\",\"isPartOf\":{\"@id\":\"https:\\\/\\\/shop.bantam.ch\\\/de\\\/#website\"},\"primaryImageOfPage\":{\"@id\":\"https:\\\/\\\/shop.bantam.ch\\\/de\\\/produkt\\\/sup-traeger-taxi-xt\\\/#primaryimage\"},\"image\":{\"@id\":\"https:\\\/\\\/shop.bantam.ch\\\/de\\\/produkt\\\/sup-traeger-taxi-xt\\\/#primaryimage\"},\"thumbnailUrl\":\"https:\\\/\\\/shop.bantam.ch\\\/wp-content\\\/uploads\\\/2023\\\/02\\\/994285911.jpg\",\"datePublished\":\"2023-02-28T01:10:09+00:00\",\"dateModified\":\"2026-04-17T19:24:38+00:00\",\"breadcrumb\":{\"@id\":\"https:\\\/\\\/shop.bantam.ch\\\/de\\\/produkt\\\/sup-traeger-taxi-xt\\\/#breadcrumb\"},\"inLanguage\":\"de\",\"potentialAction\":[{\"@type\":\"ReadAction\",\"target\":[\"https:\\\/\\\/shop.bantam.ch\\\/de\\\/produkt\\\/sup-traeger-taxi-xt\\\/\"]}]},{\"@type\":\"ImageObject\",\"inLanguage\":\"de\",\"@id\":\"https:\\\/\\\/shop.bantam.ch\\\/de\\\/produkt\\\/sup-traeger-taxi-xt\\\/#primaryimage\",\"url\":\"https:\\\/\\\/shop.bantam.ch\\\/wp-content\\\/uploads\\\/2023\\\/02\\\/994285911.jpg\",\"contentUrl\":\"https:\\\/\\\/shop.bantam.ch\\\/wp-content\\\/uploads\\\/2023\\\/02\\\/994285911.jpg\",\"width\":1000,\"height\":707},{\"@type\":\"BreadcrumbList\",\"@id\":\"https:\\\/\\\/shop.bantam.ch\\\/de\\\/produkt\\\/sup-traeger-taxi-xt\\\/#breadcrumb\",\"itemListElement\":[{\"@type\":\"ListItem\",\"position\":1,\"name\":\"Accueil\",\"item\":\"https:\\\/\\\/shop.bantam.ch\\\/de\\\/\"},{\"@type\":\"ListItem\",\"position\":2,\"name\":\"Shop\",\"item\":\"https:\\\/\\\/shop.bantam.ch\\\/de\\\/shop\\\/\"},{\"@type\":\"ListItem\",\"position\":3,\"name\":\"SUP Tr\u00e4ger Thule Taxi XT\"}]},{\"@type\":\"WebSite\",\"@id\":\"https:\\\/\\\/shop.bantam.ch\\\/de\\\/#website\",\"url\":\"https:\\\/\\\/shop.bantam.ch\\\/de\\\/\",\"name\":\"Bantam Camping AG\",\"description\":\"\",\"publisher\":{\"@id\":\"https:\\\/\\\/shop.bantam.ch\\\/de\\\/#organization\"},\"inLanguage\":\"de\"},{\"@type\":\"Organization\",\"@id\":\"https:\\\/\\\/shop.bantam.ch\\\/de\\\/#organization\",\"name\":\"Bantam Camping AG\",\"url\":\"https:\\\/\\\/shop.bantam.ch\\\/de\\\/\",\"logo\":{\"@type\":\"ImageObject\",\"inLanguage\":\"de\",\"@id\":\"https:\\\/\\\/shop.bantam.ch\\\/de\\\/#\\\/schema\\\/logo\\\/image\\\/\",\"url\":\"https:\\\/\\\/shop.bantam.ch\\\/wp-content\\\/uploads\\\/2022\\\/12\\\/bantam-logo.png\",\"contentUrl\":\"https:\\\/\\\/shop.bantam.ch\\\/wp-content\\\/uploads\\\/2022\\\/12\\\/bantam-logo.png\",\"width\":320,\"height\":71,\"caption\":\"Bantam Camping AG\"},\"image\":{\"@id\":\"https:\\\/\\\/shop.bantam.ch\\\/de\\\/#\\\/schema\\\/logo\\\/image\\\/\"}}]}<\/script>\n<!-- \/ Yoast SEO plugin. -->","yoast_head_json":{"title":"SUP Tr\u00e4ger Thule Taxi XT - Bantam Camping AG","robots":{"index":"index","follow":"follow","max-snippet":"max-snippet:-1","max-image-preview":"max-image-preview:large","max-video-preview":"max-video-preview:-1"},"canonical":"https:\/\/shop.bantam.ch\/de\/produkt\/sup-traeger-taxi-xt\/","og_locale":"de_DE","og_type":"article","og_title":"SUP Tr\u00e4ger Thule Taxi XT - Bantam Camping AG","og_description":"Neu entwickeltes Drucktasten-Verschlusssystem sorgt f\u00fcr schnelle und einfache Bedienung bei h\u00f6chster Sicherheit. Mit dem exklusiven Teleskop-Design nach Ma\u00df anpassbar auf Brettbreiten bis 34 Zoll Stahlverst\u00e4rkte Sicherheitsgurte und einen benutzerfreundlichen Schlie\u00dfmechanismus. Mit weicher, wetterfester Polsterung Abschlie\u00dfbar Kompatibel mit One-Key System Passend f\u00fcr SquareBar und f\u00fcr WingBar","og_url":"https:\/\/shop.bantam.ch\/de\/produkt\/sup-traeger-taxi-xt\/","og_site_name":"Bantam Camping AG","article_modified_time":"2026-04-17T19:24:38+00:00","og_image":[{"width":1000,"height":707,"url":"https:\/\/shop.bantam.ch\/wp-content\/uploads\/2023\/02\/994285911.jpg","type":"image\/jpeg"}],"twitter_card":"summary_large_image","schema":{"@context":"https:\/\/schema.org","@graph":[{"@type":"WebPage","@id":"https:\/\/shop.bantam.ch\/de\/produkt\/sup-traeger-taxi-xt\/","url":"https:\/\/shop.bantam.ch\/de\/produkt\/sup-traeger-taxi-xt\/","name":"SUP Tr\u00e4ger Thule Taxi XT - Bantam Camping AG","isPartOf":{"@id":"https:\/\/shop.bantam.ch\/de\/#website"},"primaryImageOfPage":{"@id":"https:\/\/shop.bantam.ch\/de\/produkt\/sup-traeger-taxi-xt\/#primaryimage"},"image":{"@id":"https:\/\/shop.bantam.ch\/de\/produkt\/sup-traeger-taxi-xt\/#primaryimage"},"thumbnailUrl":"https:\/\/shop.bantam.ch\/wp-content\/uploads\/2023\/02\/994285911.jpg","datePublished":"2023-02-28T01:10:09+00:00","dateModified":"2026-04-17T19:24:38+00:00","breadcrumb":{"@id":"https:\/\/shop.bantam.ch\/de\/produkt\/sup-traeger-taxi-xt\/#breadcrumb"},"inLanguage":"de","potentialAction":[{"@type":"ReadAction","target":["https:\/\/shop.bantam.ch\/de\/produkt\/sup-traeger-taxi-xt\/"]}]},{"@type":"ImageObject","inLanguage":"de","@id":"https:\/\/shop.bantam.ch\/de\/produkt\/sup-traeger-taxi-xt\/#primaryimage","url":"https:\/\/shop.bantam.ch\/wp-content\/uploads\/2023\/02\/994285911.jpg","contentUrl":"https:\/\/shop.bantam.ch\/wp-content\/uploads\/2023\/02\/994285911.jpg","width":1000,"height":707},{"@type":"BreadcrumbList","@id":"https:\/\/shop.bantam.ch\/de\/produkt\/sup-traeger-taxi-xt\/#breadcrumb","itemListElement":[{"@type":"ListItem","position":1,"name":"Accueil","item":"https:\/\/shop.bantam.ch\/de\/"},{"@type":"ListItem","position":2,"name":"Shop","item":"https:\/\/shop.bantam.ch\/de\/shop\/"},{"@type":"ListItem","position":3,"name":"SUP Tr\u00e4ger Thule Taxi XT"}]},{"@type":"WebSite","@id":"https:\/\/shop.bantam.ch\/de\/#website","url":"https:\/\/shop.bantam.ch\/de\/","name":"Bantam Camping AG","description":"","publisher":{"@id":"https:\/\/shop.bantam.ch\/de\/#organization"},"inLanguage":"de"},{"@type":"Organization","@id":"https:\/\/shop.bantam.ch\/de\/#organization","name":"Bantam Camping AG","url":"https:\/\/shop.bantam.ch\/de\/","logo":{"@type":"ImageObject","inLanguage":"de","@id":"https:\/\/shop.bantam.ch\/de\/#\/schema\/logo\/image\/","url":"https:\/\/shop.bantam.ch\/wp-content\/uploads\/2022\/12\/bantam-logo.png","contentUrl":"https:\/\/shop.bantam.ch\/wp-content\/uploads\/2022\/12\/bantam-logo.png","width":320,"height":71,"caption":"Bantam Camping AG"},"image":{"@id":"https:\/\/shop.bantam.ch\/de\/#\/schema\/logo\/image\/"}}]}},"_links":{"self":[{"href":"https:\/\/shop.bantam.ch\/de\/wp-json\/wp\/v2\/product\/83063","targetHints":{"allow":["GET"]}}],"collection":[{"href":"https:\/\/shop.bantam.ch\/de\/wp-json\/wp\/v2\/product"}],"about":[{"href":"https:\/\/shop.bantam.ch\/de\/wp-json\/wp\/v2\/types\/product"}],"wp:featuredmedia":[{"embeddable":true,"href":"https:\/\/shop.bantam.ch\/de\/wp-json\/wp\/v2\/media\/83057"}],"wp:attachment":[{"href":"https:\/\/shop.bantam.ch\/de\/wp-json\/wp\/v2\/media?parent=83063"}],"wp:term":[{"taxonomy":"product_featured_cat","embeddable":true,"href":"https:\/\/shop.bantam.ch\/de\/wp-json\/wp\/v2\/product_featured_cat?post=83063"},{"taxonomy":"product_brand","embeddable":true,"href":"https:\/\/shop.bantam.ch\/de\/wp-json\/wp\/v2\/product_brand?post=83063"},{"taxonomy":"product_cat","embeddable":true,"href":"https:\/\/shop.bantam.ch\/de\/wp-json\/wp\/v2\/product_cat?post=83063"},{"taxonomy":"product_tag","embeddable":true,"href":"https:\/\/shop.bantam.ch\/de\/wp-json\/wp\/v2\/product_tag?post=83063"}],"curies":[{"name":"wp","href":"https:\/\/api.w.org\/{rel}","templated":true}]}}