{"id":83033,"date":"2023-02-28T02:09:38","date_gmt":"2023-02-28T01:09:38","guid":{"rendered":"http:\/\/shop.bantam.ch\/produit\/boiler-elektro-inkl-wasserset-abo\/"},"modified":"2026-05-02T21:23:47","modified_gmt":"2026-05-02T19:23:47","slug":"boiler-elektro-inkl-wasserset-abo","status":"publish","type":"product","link":"https:\/\/shop.bantam.ch\/de\/produkt\/boiler-elektro-inkl-wasserset-abo\/","title":{"rendered":"Boiler Truma Elektro inkl. Wasserset ABO"},"content":{"rendered":"<p>Der elektrische Boiler mit einem Fassungsverm\u00f6gen von 14 Litern erhitzt das Wasser \u00fcber ein Elektroheizelement. Das Wasser wird von ca. 15 auf 70 \u00b0C in ca. 70 min aufgeheizt. Das innovative EPP-Geh\u00e4use isoliert den Boiler gegen W\u00e4rmeverlust. Dank dieser speziellen Isolierung sinkt die Wassertemperatur nur um 1 \u00b0C pro Stunde.<\/p>\n<ul>\n<li>Schnelle Aufheizzeit durch elektrischen Heizstab <\/li>\n<li>Stromverbrauch bei 230 V: 3,7 A<\/li>\n<li>Geringe Stillstandsverluste von nur 1,1 K\/h durch Isolierung aus EPP-Schaum, &#8211; das hei\u00dft erneutes Einschalten nach dem Aufheizen erst nach ca. 9 Stunden<\/li>\n<li>Maximaler Pumpendruck bis 2,8 bar &#8211; dadurch k\u00f6nnen alle g\u00e4ngigen Druck- oder Tauchpumpen verwendet werden<\/li>\n<li>Temperaturbegrenzung bei 70 \u00b0C<\/li>\n<li>\u00dcbertemperatursicherung bei 90 \u00b0C<\/li>\n<li>14-Liter-Edelstahlbeh\u00e4lter &#8211; korrosionsbest\u00e4ndig und trinkwasserecht<\/li>\n<li>Einfache Montage &#8211; auch nachtr\u00e4glich in bestehende Wassersysteme<\/li>\n<li>Serienm\u00e4\u00dfiger Anschluss f\u00fcr flexible Wasserschl\u00e4uche mit 10 mm Innendurchmesser oder f\u00fcr feste Wasserrohrverlegung (z. B. John Guest System)<\/li>\n<li>Umfangreiches Zubeh\u00f6r<\/li>\n<\/ul>\n<p>Lieferumfang:<br \/>Bedienteil<br \/>3 m Kabel<br \/>Ablass- und Bel\u00fcftungsventil (ABO)<\/p>\n<p>\u00a0<\/p>\n","protected":false},"excerpt":{"rendered":"<p>Der elektrische Boiler mit einem Fassungsverm\u00f6gen von 14 Litern erhitzt das Wasser \u00fcber ein Elektroheizelement. Das Wasser wird von ca. 15 auf 70 \u00b0C in ca. 70 min aufgeheizt. Das innovative EPP-Geh\u00e4use isoliert den Boiler gegen W\u00e4rmeverlust. Dank dieser speziellen Isolierung sinkt die Wassertemperatur nur um 1 \u00b0C pro Stunde. Schnelle Aufheizzeit durch elektrischen Heizstab [&hellip;]<\/p>\n","protected":false},"featured_media":83029,"template":"","meta":{"_acf_changed":false},"product_featured_cat":[],"product_brand":[3027],"product_cat":[4588],"product_tag":[],"class_list":{"0":"post-83033","1":"product","2":"type-product","3":"status-publish","4":"has-post-thumbnail","6":"product_brand-truma-de","7":"product_cat-elektroboiler","9":"first","10":"instock","11":"taxable","12":"shipping-taxable","13":"purchasable","14":"product-type-simple"},"acf":[],"yoast_head":"<!-- This site is optimized with the Yoast SEO plugin v27.5 - https:\/\/yoast.com\/product\/yoast-seo-wordpress\/ -->\n<title>Boiler Truma Elektro inkl. Wasserset ABO - Bantam<\/title>\n<meta name=\"robots\" content=\"index, follow, max-snippet:-1, max-image-preview:large, max-video-preview:-1\" \/>\n<link rel=\"canonical\" href=\"https:\/\/shop.bantam.ch\/de\/produkt\/boiler-elektro-inkl-wasserset-abo\/\" \/>\n<meta property=\"og:locale\" content=\"de_DE\" \/>\n<meta property=\"og:type\" content=\"article\" \/>\n<meta property=\"og:title\" content=\"Boiler Truma Elektro inkl. Wasserset ABO - Bantam\" \/>\n<meta property=\"og:description\" content=\"Der elektrische Boiler mit einem Fassungsverm\u00f6gen von 14 Litern erhitzt das Wasser \u00fcber ein Elektroheizelement. Das Wasser wird von ca. 15 auf 70 \u00b0C in ca. 70 min aufgeheizt. Das innovative EPP-Geh\u00e4use isoliert den Boiler gegen W\u00e4rmeverlust. Dank dieser speziellen Isolierung sinkt die Wassertemperatur nur um 1 \u00b0C pro Stunde. Schnelle Aufheizzeit durch elektrischen Heizstab [&hellip;]\" \/>\n<meta property=\"og:url\" content=\"https:\/\/shop.bantam.ch\/de\/produkt\/boiler-elektro-inkl-wasserset-abo\/\" \/>\n<meta property=\"og:site_name\" content=\"Bantam\" \/>\n<meta property=\"article:modified_time\" content=\"2026-05-02T19:23:47+00:00\" \/>\n<meta property=\"og:image\" content=\"https:\/\/shop.bantam.ch\/wp-content\/uploads\/2023\/02\/997770011.jpg\" \/>\n\t<meta property=\"og:image:width\" content=\"333\" \/>\n\t<meta property=\"og:image:height\" content=\"500\" \/>\n\t<meta property=\"og:image:type\" content=\"image\/jpeg\" \/>\n<meta name=\"twitter:card\" content=\"summary_large_image\" \/>\n<meta name=\"twitter:label1\" content=\"Gesch\u00e4tzte Lesezeit\" \/>\n\t<meta name=\"twitter:data1\" content=\"1\u00a0Minute\" \/>\n<script type=\"application\/ld+json\" class=\"yoast-schema-graph\">{\"@context\":\"https:\\\/\\\/schema.org\",\"@graph\":[{\"@type\":\"WebPage\",\"@id\":\"https:\\\/\\\/shop.bantam.ch\\\/de\\\/produkt\\\/boiler-elektro-inkl-wasserset-abo\\\/\",\"url\":\"https:\\\/\\\/shop.bantam.ch\\\/de\\\/produkt\\\/boiler-elektro-inkl-wasserset-abo\\\/\",\"name\":\"Boiler Truma Elektro inkl. Wasserset ABO - Bantam\",\"isPartOf\":{\"@id\":\"https:\\\/\\\/shop.bantam.ch\\\/de\\\/#website\"},\"primaryImageOfPage\":{\"@id\":\"https:\\\/\\\/shop.bantam.ch\\\/de\\\/produkt\\\/boiler-elektro-inkl-wasserset-abo\\\/#primaryimage\"},\"image\":{\"@id\":\"https:\\\/\\\/shop.bantam.ch\\\/de\\\/produkt\\\/boiler-elektro-inkl-wasserset-abo\\\/#primaryimage\"},\"thumbnailUrl\":\"https:\\\/\\\/shop.bantam.ch\\\/wp-content\\\/uploads\\\/2023\\\/02\\\/997770011.jpg\",\"datePublished\":\"2023-02-28T01:09:38+00:00\",\"dateModified\":\"2026-05-02T19:23:47+00:00\",\"breadcrumb\":{\"@id\":\"https:\\\/\\\/shop.bantam.ch\\\/de\\\/produkt\\\/boiler-elektro-inkl-wasserset-abo\\\/#breadcrumb\"},\"inLanguage\":\"de\",\"potentialAction\":[{\"@type\":\"ReadAction\",\"target\":[\"https:\\\/\\\/shop.bantam.ch\\\/de\\\/produkt\\\/boiler-elektro-inkl-wasserset-abo\\\/\"]}]},{\"@type\":\"ImageObject\",\"inLanguage\":\"de\",\"@id\":\"https:\\\/\\\/shop.bantam.ch\\\/de\\\/produkt\\\/boiler-elektro-inkl-wasserset-abo\\\/#primaryimage\",\"url\":\"https:\\\/\\\/shop.bantam.ch\\\/wp-content\\\/uploads\\\/2023\\\/02\\\/997770011.jpg\",\"contentUrl\":\"https:\\\/\\\/shop.bantam.ch\\\/wp-content\\\/uploads\\\/2023\\\/02\\\/997770011.jpg\",\"width\":333,\"height\":500},{\"@type\":\"BreadcrumbList\",\"@id\":\"https:\\\/\\\/shop.bantam.ch\\\/de\\\/produkt\\\/boiler-elektro-inkl-wasserset-abo\\\/#breadcrumb\",\"itemListElement\":[{\"@type\":\"ListItem\",\"position\":1,\"name\":\"Accueil\",\"item\":\"https:\\\/\\\/shop.bantam.ch\\\/de\\\/\"},{\"@type\":\"ListItem\",\"position\":2,\"name\":\"Shop\",\"item\":\"https:\\\/\\\/shop.bantam.ch\\\/de\\\/shop\\\/\"},{\"@type\":\"ListItem\",\"position\":3,\"name\":\"Boiler Truma Elektro inkl. Wasserset ABO\"}]},{\"@type\":\"WebSite\",\"@id\":\"https:\\\/\\\/shop.bantam.ch\\\/de\\\/#website\",\"url\":\"https:\\\/\\\/shop.bantam.ch\\\/de\\\/\",\"name\":\"Bantam\",\"description\":\"\",\"publisher\":{\"@id\":\"https:\\\/\\\/shop.bantam.ch\\\/de\\\/#organization\"},\"inLanguage\":\"de\"},{\"@type\":\"Organization\",\"@id\":\"https:\\\/\\\/shop.bantam.ch\\\/de\\\/#organization\",\"name\":\"Bantam\",\"url\":\"https:\\\/\\\/shop.bantam.ch\\\/de\\\/\",\"logo\":{\"@type\":\"ImageObject\",\"inLanguage\":\"de\",\"@id\":\"https:\\\/\\\/shop.bantam.ch\\\/de\\\/#\\\/schema\\\/logo\\\/image\\\/\",\"url\":\"https:\\\/\\\/shop.bantam.ch\\\/wp-content\\\/uploads\\\/2022\\\/12\\\/bantam-logo.png\",\"contentUrl\":\"https:\\\/\\\/shop.bantam.ch\\\/wp-content\\\/uploads\\\/2022\\\/12\\\/bantam-logo.png\",\"width\":320,\"height\":71,\"caption\":\"Bantam\"},\"image\":{\"@id\":\"https:\\\/\\\/shop.bantam.ch\\\/de\\\/#\\\/schema\\\/logo\\\/image\\\/\"}}]}<\/script>\n<!-- \/ Yoast SEO plugin. -->","yoast_head_json":{"title":"Boiler Truma Elektro inkl. Wasserset ABO - Bantam","robots":{"index":"index","follow":"follow","max-snippet":"max-snippet:-1","max-image-preview":"max-image-preview:large","max-video-preview":"max-video-preview:-1"},"canonical":"https:\/\/shop.bantam.ch\/de\/produkt\/boiler-elektro-inkl-wasserset-abo\/","og_locale":"de_DE","og_type":"article","og_title":"Boiler Truma Elektro inkl. Wasserset ABO - Bantam","og_description":"Der elektrische Boiler mit einem Fassungsverm\u00f6gen von 14 Litern erhitzt das Wasser \u00fcber ein Elektroheizelement. Das Wasser wird von ca. 15 auf 70 \u00b0C in ca. 70 min aufgeheizt. Das innovative EPP-Geh\u00e4use isoliert den Boiler gegen W\u00e4rmeverlust. Dank dieser speziellen Isolierung sinkt die Wassertemperatur nur um 1 \u00b0C pro Stunde. Schnelle Aufheizzeit durch elektrischen Heizstab [&hellip;]","og_url":"https:\/\/shop.bantam.ch\/de\/produkt\/boiler-elektro-inkl-wasserset-abo\/","og_site_name":"Bantam","article_modified_time":"2026-05-02T19:23:47+00:00","og_image":[{"width":333,"height":500,"url":"https:\/\/shop.bantam.ch\/wp-content\/uploads\/2023\/02\/997770011.jpg","type":"image\/jpeg"}],"twitter_card":"summary_large_image","twitter_misc":{"Gesch\u00e4tzte Lesezeit":"1\u00a0Minute"},"schema":{"@context":"https:\/\/schema.org","@graph":[{"@type":"WebPage","@id":"https:\/\/shop.bantam.ch\/de\/produkt\/boiler-elektro-inkl-wasserset-abo\/","url":"https:\/\/shop.bantam.ch\/de\/produkt\/boiler-elektro-inkl-wasserset-abo\/","name":"Boiler Truma Elektro inkl. Wasserset ABO - Bantam","isPartOf":{"@id":"https:\/\/shop.bantam.ch\/de\/#website"},"primaryImageOfPage":{"@id":"https:\/\/shop.bantam.ch\/de\/produkt\/boiler-elektro-inkl-wasserset-abo\/#primaryimage"},"image":{"@id":"https:\/\/shop.bantam.ch\/de\/produkt\/boiler-elektro-inkl-wasserset-abo\/#primaryimage"},"thumbnailUrl":"https:\/\/shop.bantam.ch\/wp-content\/uploads\/2023\/02\/997770011.jpg","datePublished":"2023-02-28T01:09:38+00:00","dateModified":"2026-05-02T19:23:47+00:00","breadcrumb":{"@id":"https:\/\/shop.bantam.ch\/de\/produkt\/boiler-elektro-inkl-wasserset-abo\/#breadcrumb"},"inLanguage":"de","potentialAction":[{"@type":"ReadAction","target":["https:\/\/shop.bantam.ch\/de\/produkt\/boiler-elektro-inkl-wasserset-abo\/"]}]},{"@type":"ImageObject","inLanguage":"de","@id":"https:\/\/shop.bantam.ch\/de\/produkt\/boiler-elektro-inkl-wasserset-abo\/#primaryimage","url":"https:\/\/shop.bantam.ch\/wp-content\/uploads\/2023\/02\/997770011.jpg","contentUrl":"https:\/\/shop.bantam.ch\/wp-content\/uploads\/2023\/02\/997770011.jpg","width":333,"height":500},{"@type":"BreadcrumbList","@id":"https:\/\/shop.bantam.ch\/de\/produkt\/boiler-elektro-inkl-wasserset-abo\/#breadcrumb","itemListElement":[{"@type":"ListItem","position":1,"name":"Accueil","item":"https:\/\/shop.bantam.ch\/de\/"},{"@type":"ListItem","position":2,"name":"Shop","item":"https:\/\/shop.bantam.ch\/de\/shop\/"},{"@type":"ListItem","position":3,"name":"Boiler Truma Elektro inkl. Wasserset ABO"}]},{"@type":"WebSite","@id":"https:\/\/shop.bantam.ch\/de\/#website","url":"https:\/\/shop.bantam.ch\/de\/","name":"Bantam","description":"","publisher":{"@id":"https:\/\/shop.bantam.ch\/de\/#organization"},"inLanguage":"de"},{"@type":"Organization","@id":"https:\/\/shop.bantam.ch\/de\/#organization","name":"Bantam","url":"https:\/\/shop.bantam.ch\/de\/","logo":{"@type":"ImageObject","inLanguage":"de","@id":"https:\/\/shop.bantam.ch\/de\/#\/schema\/logo\/image\/","url":"https:\/\/shop.bantam.ch\/wp-content\/uploads\/2022\/12\/bantam-logo.png","contentUrl":"https:\/\/shop.bantam.ch\/wp-content\/uploads\/2022\/12\/bantam-logo.png","width":320,"height":71,"caption":"Bantam"},"image":{"@id":"https:\/\/shop.bantam.ch\/de\/#\/schema\/logo\/image\/"}}]}},"_links":{"self":[{"href":"https:\/\/shop.bantam.ch\/de\/wp-json\/wp\/v2\/product\/83033","targetHints":{"allow":["GET"]}}],"collection":[{"href":"https:\/\/shop.bantam.ch\/de\/wp-json\/wp\/v2\/product"}],"about":[{"href":"https:\/\/shop.bantam.ch\/de\/wp-json\/wp\/v2\/types\/product"}],"wp:featuredmedia":[{"embeddable":true,"href":"https:\/\/shop.bantam.ch\/de\/wp-json\/wp\/v2\/media\/83029"}],"wp:attachment":[{"href":"https:\/\/shop.bantam.ch\/de\/wp-json\/wp\/v2\/media?parent=83033"}],"wp:term":[{"taxonomy":"product_featured_cat","embeddable":true,"href":"https:\/\/shop.bantam.ch\/de\/wp-json\/wp\/v2\/product_featured_cat?post=83033"},{"taxonomy":"product_brand","embeddable":true,"href":"https:\/\/shop.bantam.ch\/de\/wp-json\/wp\/v2\/product_brand?post=83033"},{"taxonomy":"product_cat","embeddable":true,"href":"https:\/\/shop.bantam.ch\/de\/wp-json\/wp\/v2\/product_cat?post=83033"},{"taxonomy":"product_tag","embeddable":true,"href":"https:\/\/shop.bantam.ch\/de\/wp-json\/wp\/v2\/product_tag?post=83033"}],"curies":[{"name":"wp","href":"https:\/\/api.w.org\/{rel}","templated":true}]}}