{"id":83023,"date":"2023-02-28T02:09:26","date_gmt":"2023-02-28T01:09:26","guid":{"rendered":"http:\/\/shop.bantam.ch\/produit\/boiler-gas-elektro-inkl-wasserset-abo-tannenbaum-system\/"},"modified":"2026-04-20T21:24:49","modified_gmt":"2026-04-20T19:24:49","slug":"boiler-gas-elektro-inkl-wasserset-abo-tannenbaum-system","status":"publish","type":"product","link":"https:\/\/shop.bantam.ch\/de\/produkt\/boiler-gas-elektro-inkl-wasserset-abo-tannenbaum-system\/","title":{"rendered":"Boiler Truma Gas \/ Elektro inkl. Wasserset ABO Tannenbaum System"},"content":{"rendered":"<p>Duschen, Sp\u00fclen, H\u00e4nde waschen &#8211; die Truma Boiler und Boiler Elektro sorgen f\u00fcr eine zuverl\u00e4ssige Warmwasserversorgung im Freizeitfahrzeug. Jetzt hat Truma die bew\u00e4hrten Boiler weiterentwickelt und an die stetig steigenden normativen Anforderungen angepasst. Der Boiler Gas \/ Elektro \u00fcberzeugt mit einer st\u00e4rkeren Heizleistung, kompakten Abmessungen und einem schwarzen Design.<\/p>\n<p><\/p>\n<ul>\n<li>Sehr kurze Aufheizzeiten nur 16 Minuten im Mischbetrieb<\/li>\n<li>Leistungsstarkes, elektrisches Heizelement mit zwei Leistungsstufen (850 W oder 1300 W)<\/li>\n<li>Netzunabh\u00e4ngiger Betrieb mit starkem 1500 W-Gasbrenner<\/li>\n<li>Gasverbrauch: 120 g \/ h<\/li>\n<li>Leistung Gas \/ Elektro: 1500 W \/ 850\/1300 W<\/li>\n<li>Stromverbrauch bei 230 V: 3,7 A<\/li>\n<li>Stromverbrauch bei 12 V in A: Z\u00fcnden: 0,16, Aufheizen: 0,12, Bereitschaft: 0,05<\/li>\n<li>Aufheizzeit Wasser: Gasbetrieb: 31 min. Elektrobetrieb:29 min. Mischbetrieb: 16 min.<\/li>\n<li>Temperaturbegrenzer: 70 \u00b0C<\/li>\n<li>Modernes Design<\/li>\n<li>Platzsparende Abmessungen<\/li>\n<li>schneller und sicherer Einbau<\/li>\n<li>Einfacher Austausch gegen alten Boiler aufgrund \u00e4hnlicher Dimensionen und nahezu identischem Einbau<\/li>\n<li>Einfaches Aufstecken der Winkelanschl\u00fcsse durch das selbstsichernde System<\/li>\n<li>Sichere Befestigung der Heizelementkabel am Geh\u00e4use<\/li>\n<li>10-Liter-Edelstahlbeh\u00e4lter<\/li>\n<li>Ausreichende Warmwassermenge f\u00fcr mindestens drei hei\u00dfe Duschvorg\u00e4nge hintereinander<\/li>\n<li>Korrosionsbest\u00e4ndig und trinkwasserecht<\/li>\n<li>Bew\u00e4hrter Truma Service<\/li>\n<li>Magnetventil mit zus\u00e4tzlicher Absicherung<\/li>\n<\/ul>\n<p>Lieferumfang:<br \/>Boiler<br \/>Wandkamin<br \/>Kaminklappe (KBS 3)<br \/>Sicherheits-\/Ablassventil (ABO)<br \/>Bedienteil mit 3 m Kabel<br \/>Magnetventil mit zus\u00e4tzlicher Absicherung<\/p>\n","protected":false},"excerpt":{"rendered":"<p>Duschen, Sp\u00fclen, H\u00e4nde waschen &#8211; die Truma Boiler und Boiler Elektro sorgen f\u00fcr eine zuverl\u00e4ssige Warmwasserversorgung im Freizeitfahrzeug. Jetzt hat Truma die bew\u00e4hrten Boiler weiterentwickelt und an die stetig steigenden normativen Anforderungen angepasst. Der Boiler Gas \/ Elektro \u00fcberzeugt mit einer st\u00e4rkeren Heizleistung, kompakten Abmessungen und einem schwarzen Design. Sehr kurze Aufheizzeiten nur 16 Minuten [&hellip;]<\/p>\n","protected":false},"featured_media":83021,"template":"","meta":{"_acf_changed":false},"product_featured_cat":[],"product_brand":[3027],"product_cat":[4586],"product_tag":[],"class_list":{"0":"post-83023","1":"product","2":"type-product","3":"status-publish","4":"has-post-thumbnail","6":"product_brand-truma-de","7":"product_cat-gasboiler","9":"first","10":"instock","11":"taxable","12":"shipping-taxable","13":"purchasable","14":"product-type-simple"},"acf":[],"yoast_head":"<!-- This site is optimized with the Yoast SEO plugin v27.4 - https:\/\/yoast.com\/product\/yoast-seo-wordpress\/ -->\n<title>Boiler Truma Gas \/ Elektro inkl. Wasserset ABO Tannenbaum System - Bantam Camping AG<\/title>\n<meta name=\"robots\" content=\"index, follow, max-snippet:-1, max-image-preview:large, max-video-preview:-1\" \/>\n<link rel=\"canonical\" href=\"https:\/\/shop.bantam.ch\/de\/produkt\/boiler-gas-elektro-inkl-wasserset-abo-tannenbaum-system\/\" \/>\n<meta property=\"og:locale\" content=\"de_DE\" \/>\n<meta property=\"og:type\" content=\"article\" \/>\n<meta property=\"og:title\" content=\"Boiler Truma Gas \/ Elektro inkl. Wasserset ABO Tannenbaum System - Bantam Camping AG\" \/>\n<meta property=\"og:description\" content=\"Duschen, Sp\u00fclen, H\u00e4nde waschen &#8211; die Truma Boiler und Boiler Elektro sorgen f\u00fcr eine zuverl\u00e4ssige Warmwasserversorgung im Freizeitfahrzeug. Jetzt hat Truma die bew\u00e4hrten Boiler weiterentwickelt und an die stetig steigenden normativen Anforderungen angepasst. Der Boiler Gas \/ Elektro \u00fcberzeugt mit einer st\u00e4rkeren Heizleistung, kompakten Abmessungen und einem schwarzen Design. Sehr kurze Aufheizzeiten nur 16 Minuten [&hellip;]\" \/>\n<meta property=\"og:url\" content=\"https:\/\/shop.bantam.ch\/de\/produkt\/boiler-gas-elektro-inkl-wasserset-abo-tannenbaum-system\/\" \/>\n<meta property=\"og:site_name\" content=\"Bantam Camping AG\" \/>\n<meta property=\"article:modified_time\" content=\"2026-04-20T19:24:49+00:00\" \/>\n<meta property=\"og:image\" content=\"https:\/\/shop.bantam.ch\/wp-content\/uploads\/2023\/02\/995513611.jpg\" \/>\n\t<meta property=\"og:image:width\" content=\"1000\" \/>\n\t<meta property=\"og:image:height\" content=\"667\" \/>\n\t<meta property=\"og:image:type\" content=\"image\/jpeg\" \/>\n<meta name=\"twitter:card\" content=\"summary_large_image\" \/>\n<meta name=\"twitter:label1\" content=\"Gesch\u00e4tzte Lesezeit\" \/>\n\t<meta name=\"twitter:data1\" content=\"1\u00a0Minute\" \/>\n<script type=\"application\/ld+json\" class=\"yoast-schema-graph\">{\"@context\":\"https:\\\/\\\/schema.org\",\"@graph\":[{\"@type\":\"WebPage\",\"@id\":\"https:\\\/\\\/shop.bantam.ch\\\/de\\\/produkt\\\/boiler-gas-elektro-inkl-wasserset-abo-tannenbaum-system\\\/\",\"url\":\"https:\\\/\\\/shop.bantam.ch\\\/de\\\/produkt\\\/boiler-gas-elektro-inkl-wasserset-abo-tannenbaum-system\\\/\",\"name\":\"Boiler Truma Gas \\\/ Elektro inkl. Wasserset ABO Tannenbaum System - Bantam Camping AG\",\"isPartOf\":{\"@id\":\"https:\\\/\\\/shop.bantam.ch\\\/de\\\/#website\"},\"primaryImageOfPage\":{\"@id\":\"https:\\\/\\\/shop.bantam.ch\\\/de\\\/produkt\\\/boiler-gas-elektro-inkl-wasserset-abo-tannenbaum-system\\\/#primaryimage\"},\"image\":{\"@id\":\"https:\\\/\\\/shop.bantam.ch\\\/de\\\/produkt\\\/boiler-gas-elektro-inkl-wasserset-abo-tannenbaum-system\\\/#primaryimage\"},\"thumbnailUrl\":\"https:\\\/\\\/shop.bantam.ch\\\/wp-content\\\/uploads\\\/2023\\\/02\\\/995513611.jpg\",\"datePublished\":\"2023-02-28T01:09:26+00:00\",\"dateModified\":\"2026-04-20T19:24:49+00:00\",\"breadcrumb\":{\"@id\":\"https:\\\/\\\/shop.bantam.ch\\\/de\\\/produkt\\\/boiler-gas-elektro-inkl-wasserset-abo-tannenbaum-system\\\/#breadcrumb\"},\"inLanguage\":\"de\",\"potentialAction\":[{\"@type\":\"ReadAction\",\"target\":[\"https:\\\/\\\/shop.bantam.ch\\\/de\\\/produkt\\\/boiler-gas-elektro-inkl-wasserset-abo-tannenbaum-system\\\/\"]}]},{\"@type\":\"ImageObject\",\"inLanguage\":\"de\",\"@id\":\"https:\\\/\\\/shop.bantam.ch\\\/de\\\/produkt\\\/boiler-gas-elektro-inkl-wasserset-abo-tannenbaum-system\\\/#primaryimage\",\"url\":\"https:\\\/\\\/shop.bantam.ch\\\/wp-content\\\/uploads\\\/2023\\\/02\\\/995513611.jpg\",\"contentUrl\":\"https:\\\/\\\/shop.bantam.ch\\\/wp-content\\\/uploads\\\/2023\\\/02\\\/995513611.jpg\",\"width\":1000,\"height\":667},{\"@type\":\"BreadcrumbList\",\"@id\":\"https:\\\/\\\/shop.bantam.ch\\\/de\\\/produkt\\\/boiler-gas-elektro-inkl-wasserset-abo-tannenbaum-system\\\/#breadcrumb\",\"itemListElement\":[{\"@type\":\"ListItem\",\"position\":1,\"name\":\"Accueil\",\"item\":\"https:\\\/\\\/shop.bantam.ch\\\/de\\\/\"},{\"@type\":\"ListItem\",\"position\":2,\"name\":\"Shop\",\"item\":\"https:\\\/\\\/shop.bantam.ch\\\/de\\\/shop\\\/\"},{\"@type\":\"ListItem\",\"position\":3,\"name\":\"Boiler Truma Gas \\\/ Elektro inkl. Wasserset ABO Tannenbaum System\"}]},{\"@type\":\"WebSite\",\"@id\":\"https:\\\/\\\/shop.bantam.ch\\\/de\\\/#website\",\"url\":\"https:\\\/\\\/shop.bantam.ch\\\/de\\\/\",\"name\":\"Bantam Camping AG\",\"description\":\"\",\"publisher\":{\"@id\":\"https:\\\/\\\/shop.bantam.ch\\\/de\\\/#organization\"},\"inLanguage\":\"de\"},{\"@type\":\"Organization\",\"@id\":\"https:\\\/\\\/shop.bantam.ch\\\/de\\\/#organization\",\"name\":\"Bantam Camping AG\",\"url\":\"https:\\\/\\\/shop.bantam.ch\\\/de\\\/\",\"logo\":{\"@type\":\"ImageObject\",\"inLanguage\":\"de\",\"@id\":\"https:\\\/\\\/shop.bantam.ch\\\/de\\\/#\\\/schema\\\/logo\\\/image\\\/\",\"url\":\"https:\\\/\\\/shop.bantam.ch\\\/wp-content\\\/uploads\\\/2022\\\/12\\\/bantam-logo.png\",\"contentUrl\":\"https:\\\/\\\/shop.bantam.ch\\\/wp-content\\\/uploads\\\/2022\\\/12\\\/bantam-logo.png\",\"width\":320,\"height\":71,\"caption\":\"Bantam Camping AG\"},\"image\":{\"@id\":\"https:\\\/\\\/shop.bantam.ch\\\/de\\\/#\\\/schema\\\/logo\\\/image\\\/\"}}]}<\/script>\n<!-- \/ Yoast SEO plugin. -->","yoast_head_json":{"title":"Boiler Truma Gas \/ Elektro inkl. Wasserset ABO Tannenbaum System - Bantam Camping AG","robots":{"index":"index","follow":"follow","max-snippet":"max-snippet:-1","max-image-preview":"max-image-preview:large","max-video-preview":"max-video-preview:-1"},"canonical":"https:\/\/shop.bantam.ch\/de\/produkt\/boiler-gas-elektro-inkl-wasserset-abo-tannenbaum-system\/","og_locale":"de_DE","og_type":"article","og_title":"Boiler Truma Gas \/ Elektro inkl. Wasserset ABO Tannenbaum System - Bantam Camping AG","og_description":"Duschen, Sp\u00fclen, H\u00e4nde waschen &#8211; die Truma Boiler und Boiler Elektro sorgen f\u00fcr eine zuverl\u00e4ssige Warmwasserversorgung im Freizeitfahrzeug. Jetzt hat Truma die bew\u00e4hrten Boiler weiterentwickelt und an die stetig steigenden normativen Anforderungen angepasst. Der Boiler Gas \/ Elektro \u00fcberzeugt mit einer st\u00e4rkeren Heizleistung, kompakten Abmessungen und einem schwarzen Design. Sehr kurze Aufheizzeiten nur 16 Minuten [&hellip;]","og_url":"https:\/\/shop.bantam.ch\/de\/produkt\/boiler-gas-elektro-inkl-wasserset-abo-tannenbaum-system\/","og_site_name":"Bantam Camping AG","article_modified_time":"2026-04-20T19:24:49+00:00","og_image":[{"width":1000,"height":667,"url":"https:\/\/shop.bantam.ch\/wp-content\/uploads\/2023\/02\/995513611.jpg","type":"image\/jpeg"}],"twitter_card":"summary_large_image","twitter_misc":{"Gesch\u00e4tzte Lesezeit":"1\u00a0Minute"},"schema":{"@context":"https:\/\/schema.org","@graph":[{"@type":"WebPage","@id":"https:\/\/shop.bantam.ch\/de\/produkt\/boiler-gas-elektro-inkl-wasserset-abo-tannenbaum-system\/","url":"https:\/\/shop.bantam.ch\/de\/produkt\/boiler-gas-elektro-inkl-wasserset-abo-tannenbaum-system\/","name":"Boiler Truma Gas \/ Elektro inkl. Wasserset ABO Tannenbaum System - Bantam Camping AG","isPartOf":{"@id":"https:\/\/shop.bantam.ch\/de\/#website"},"primaryImageOfPage":{"@id":"https:\/\/shop.bantam.ch\/de\/produkt\/boiler-gas-elektro-inkl-wasserset-abo-tannenbaum-system\/#primaryimage"},"image":{"@id":"https:\/\/shop.bantam.ch\/de\/produkt\/boiler-gas-elektro-inkl-wasserset-abo-tannenbaum-system\/#primaryimage"},"thumbnailUrl":"https:\/\/shop.bantam.ch\/wp-content\/uploads\/2023\/02\/995513611.jpg","datePublished":"2023-02-28T01:09:26+00:00","dateModified":"2026-04-20T19:24:49+00:00","breadcrumb":{"@id":"https:\/\/shop.bantam.ch\/de\/produkt\/boiler-gas-elektro-inkl-wasserset-abo-tannenbaum-system\/#breadcrumb"},"inLanguage":"de","potentialAction":[{"@type":"ReadAction","target":["https:\/\/shop.bantam.ch\/de\/produkt\/boiler-gas-elektro-inkl-wasserset-abo-tannenbaum-system\/"]}]},{"@type":"ImageObject","inLanguage":"de","@id":"https:\/\/shop.bantam.ch\/de\/produkt\/boiler-gas-elektro-inkl-wasserset-abo-tannenbaum-system\/#primaryimage","url":"https:\/\/shop.bantam.ch\/wp-content\/uploads\/2023\/02\/995513611.jpg","contentUrl":"https:\/\/shop.bantam.ch\/wp-content\/uploads\/2023\/02\/995513611.jpg","width":1000,"height":667},{"@type":"BreadcrumbList","@id":"https:\/\/shop.bantam.ch\/de\/produkt\/boiler-gas-elektro-inkl-wasserset-abo-tannenbaum-system\/#breadcrumb","itemListElement":[{"@type":"ListItem","position":1,"name":"Accueil","item":"https:\/\/shop.bantam.ch\/de\/"},{"@type":"ListItem","position":2,"name":"Shop","item":"https:\/\/shop.bantam.ch\/de\/shop\/"},{"@type":"ListItem","position":3,"name":"Boiler Truma Gas \/ Elektro inkl. Wasserset ABO Tannenbaum System"}]},{"@type":"WebSite","@id":"https:\/\/shop.bantam.ch\/de\/#website","url":"https:\/\/shop.bantam.ch\/de\/","name":"Bantam Camping AG","description":"","publisher":{"@id":"https:\/\/shop.bantam.ch\/de\/#organization"},"inLanguage":"de"},{"@type":"Organization","@id":"https:\/\/shop.bantam.ch\/de\/#organization","name":"Bantam Camping AG","url":"https:\/\/shop.bantam.ch\/de\/","logo":{"@type":"ImageObject","inLanguage":"de","@id":"https:\/\/shop.bantam.ch\/de\/#\/schema\/logo\/image\/","url":"https:\/\/shop.bantam.ch\/wp-content\/uploads\/2022\/12\/bantam-logo.png","contentUrl":"https:\/\/shop.bantam.ch\/wp-content\/uploads\/2022\/12\/bantam-logo.png","width":320,"height":71,"caption":"Bantam Camping AG"},"image":{"@id":"https:\/\/shop.bantam.ch\/de\/#\/schema\/logo\/image\/"}}]}},"_links":{"self":[{"href":"https:\/\/shop.bantam.ch\/de\/wp-json\/wp\/v2\/product\/83023","targetHints":{"allow":["GET"]}}],"collection":[{"href":"https:\/\/shop.bantam.ch\/de\/wp-json\/wp\/v2\/product"}],"about":[{"href":"https:\/\/shop.bantam.ch\/de\/wp-json\/wp\/v2\/types\/product"}],"wp:featuredmedia":[{"embeddable":true,"href":"https:\/\/shop.bantam.ch\/de\/wp-json\/wp\/v2\/media\/83021"}],"wp:attachment":[{"href":"https:\/\/shop.bantam.ch\/de\/wp-json\/wp\/v2\/media?parent=83023"}],"wp:term":[{"taxonomy":"product_featured_cat","embeddable":true,"href":"https:\/\/shop.bantam.ch\/de\/wp-json\/wp\/v2\/product_featured_cat?post=83023"},{"taxonomy":"product_brand","embeddable":true,"href":"https:\/\/shop.bantam.ch\/de\/wp-json\/wp\/v2\/product_brand?post=83023"},{"taxonomy":"product_cat","embeddable":true,"href":"https:\/\/shop.bantam.ch\/de\/wp-json\/wp\/v2\/product_cat?post=83023"},{"taxonomy":"product_tag","embeddable":true,"href":"https:\/\/shop.bantam.ch\/de\/wp-json\/wp\/v2\/product_tag?post=83023"}],"curies":[{"name":"wp","href":"https:\/\/api.w.org\/{rel}","templated":true}]}}