{"id":82825,"date":"2023-02-28T02:06:56","date_gmt":"2023-02-28T01:06:56","guid":{"rendered":"http:\/\/shop.bantam.ch\/produit\/adaptersatz-fiat-ducato-x250-x290-autolift-4er-anlage\/"},"modified":"2026-04-18T21:25:02","modified_gmt":"2026-04-18T19:25:02","slug":"adaptersatz-fiat-ducato-x250-x290-autolift-4er-anlage","status":"publish","type":"product","link":"https:\/\/shop.bantam.ch\/de\/produkt\/adaptersatz-fiat-ducato-x250-x290-autolift-4er-anlage\/","title":{"rendered":"Adaptersatz Fiat Ducato X250\/X290 Autolift 4er Anlage"},"content":{"rendered":"<p>Mit Hilfe der diversen Adapter gelingt die Montage der Autolift Anlage problemlos. Bei Standardmontagen bieten sich die fahrzeugspezifischen Adapter an, f\u00fcr anspruchsvollere Montagen empfehlen sich die Universalwinkel. F\u00fcr Fiat Ducato X250\/X290 mit nicht tragf\u00e4higer Rahmenverl\u00e4ngerung.<\/p>\n<p>Sonstige Hinweise:<br \/>Weitere Adapters\u00e4tze auf Anfrage erh\u00e4ltlich.<\/p>\n","protected":false},"excerpt":{"rendered":"<p>Mit Hilfe der diversen Adapter gelingt die Montage der Autolift Anlage problemlos. Bei Standardmontagen bieten sich die fahrzeugspezifischen Adapter an, f\u00fcr anspruchsvollere Montagen empfehlen sich die Universalwinkel. F\u00fcr Fiat Ducato X250\/X290 mit nicht tragf\u00e4higer Rahmenverl\u00e4ngerung. Sonstige Hinweise:Weitere Adapters\u00e4tze auf Anfrage erh\u00e4ltlich.<\/p>\n","protected":false},"featured_media":205875,"template":"","meta":{"_acf_changed":false},"product_featured_cat":[],"product_brand":[3147],"product_cat":[4772],"product_tag":[],"class_list":{"0":"post-82825","1":"product","2":"type-product","3":"status-publish","4":"has-post-thumbnail","6":"product_brand-linnepe-de","7":"product_cat-elektrische-mechanische-hubstuetzen","9":"first","10":"instock","11":"taxable","12":"shipping-taxable","13":"purchasable","14":"product-type-simple"},"acf":[],"yoast_head":"<!-- This site is optimized with the Yoast SEO plugin v27.4 - https:\/\/yoast.com\/product\/yoast-seo-wordpress\/ -->\n<title>Adaptersatz Fiat Ducato X250\/X290 Autolift 4er Anlage - Bantam Camping AG<\/title>\n<meta name=\"robots\" content=\"index, follow, max-snippet:-1, max-image-preview:large, max-video-preview:-1\" \/>\n<link rel=\"canonical\" href=\"https:\/\/shop.bantam.ch\/de\/produkt\/adaptersatz-fiat-ducato-x250-x290-autolift-4er-anlage\/\" \/>\n<meta property=\"og:locale\" content=\"de_DE\" \/>\n<meta property=\"og:type\" content=\"article\" \/>\n<meta property=\"og:title\" content=\"Adaptersatz Fiat Ducato X250\/X290 Autolift 4er Anlage - Bantam Camping AG\" \/>\n<meta property=\"og:description\" content=\"Mit Hilfe der diversen Adapter gelingt die Montage der Autolift Anlage problemlos. Bei Standardmontagen bieten sich die fahrzeugspezifischen Adapter an, f\u00fcr anspruchsvollere Montagen empfehlen sich die Universalwinkel. F\u00fcr Fiat Ducato X250\/X290 mit nicht tragf\u00e4higer Rahmenverl\u00e4ngerung. Sonstige Hinweise:Weitere Adapters\u00e4tze auf Anfrage erh\u00e4ltlich.\" \/>\n<meta property=\"og:url\" content=\"https:\/\/shop.bantam.ch\/de\/produkt\/adaptersatz-fiat-ducato-x250-x290-autolift-4er-anlage\/\" \/>\n<meta property=\"og:site_name\" content=\"Bantam Camping AG\" \/>\n<meta property=\"article:modified_time\" content=\"2026-04-18T19:25:02+00:00\" \/>\n<meta name=\"twitter:card\" content=\"summary_large_image\" \/>\n<script type=\"application\/ld+json\" class=\"yoast-schema-graph\">{\"@context\":\"https:\\\/\\\/schema.org\",\"@graph\":[{\"@type\":\"WebPage\",\"@id\":\"https:\\\/\\\/shop.bantam.ch\\\/de\\\/produkt\\\/adaptersatz-fiat-ducato-x250-x290-autolift-4er-anlage\\\/\",\"url\":\"https:\\\/\\\/shop.bantam.ch\\\/de\\\/produkt\\\/adaptersatz-fiat-ducato-x250-x290-autolift-4er-anlage\\\/\",\"name\":\"Adaptersatz Fiat Ducato X250\\\/X290 Autolift 4er Anlage - Bantam Camping AG\",\"isPartOf\":{\"@id\":\"https:\\\/\\\/shop.bantam.ch\\\/de\\\/#website\"},\"primaryImageOfPage\":{\"@id\":\"https:\\\/\\\/shop.bantam.ch\\\/de\\\/produkt\\\/adaptersatz-fiat-ducato-x250-x290-autolift-4er-anlage\\\/#primaryimage\"},\"image\":{\"@id\":\"https:\\\/\\\/shop.bantam.ch\\\/de\\\/produkt\\\/adaptersatz-fiat-ducato-x250-x290-autolift-4er-anlage\\\/#primaryimage\"},\"thumbnailUrl\":\"https:\\\/\\\/shop.bantam.ch\\\/wp-content\\\/uploads\\\/2024\\\/09\\\/Movera-L-9942847100.jpg\",\"datePublished\":\"2023-02-28T01:06:56+00:00\",\"dateModified\":\"2026-04-18T19:25:02+00:00\",\"breadcrumb\":{\"@id\":\"https:\\\/\\\/shop.bantam.ch\\\/de\\\/produkt\\\/adaptersatz-fiat-ducato-x250-x290-autolift-4er-anlage\\\/#breadcrumb\"},\"inLanguage\":\"de\",\"potentialAction\":[{\"@type\":\"ReadAction\",\"target\":[\"https:\\\/\\\/shop.bantam.ch\\\/de\\\/produkt\\\/adaptersatz-fiat-ducato-x250-x290-autolift-4er-anlage\\\/\"]}]},{\"@type\":\"ImageObject\",\"inLanguage\":\"de\",\"@id\":\"https:\\\/\\\/shop.bantam.ch\\\/de\\\/produkt\\\/adaptersatz-fiat-ducato-x250-x290-autolift-4er-anlage\\\/#primaryimage\",\"url\":\"https:\\\/\\\/shop.bantam.ch\\\/wp-content\\\/uploads\\\/2024\\\/09\\\/Movera-L-9942847100.jpg\",\"contentUrl\":\"https:\\\/\\\/shop.bantam.ch\\\/wp-content\\\/uploads\\\/2024\\\/09\\\/Movera-L-9942847100.jpg\",\"width\":640,\"height\":640},{\"@type\":\"BreadcrumbList\",\"@id\":\"https:\\\/\\\/shop.bantam.ch\\\/de\\\/produkt\\\/adaptersatz-fiat-ducato-x250-x290-autolift-4er-anlage\\\/#breadcrumb\",\"itemListElement\":[{\"@type\":\"ListItem\",\"position\":1,\"name\":\"Accueil\",\"item\":\"https:\\\/\\\/shop.bantam.ch\\\/de\\\/\"},{\"@type\":\"ListItem\",\"position\":2,\"name\":\"Shop\",\"item\":\"https:\\\/\\\/shop.bantam.ch\\\/de\\\/shop\\\/\"},{\"@type\":\"ListItem\",\"position\":3,\"name\":\"Adaptersatz Fiat Ducato X250\\\/X290 Autolift 4er Anlage\"}]},{\"@type\":\"WebSite\",\"@id\":\"https:\\\/\\\/shop.bantam.ch\\\/de\\\/#website\",\"url\":\"https:\\\/\\\/shop.bantam.ch\\\/de\\\/\",\"name\":\"Bantam Camping AG\",\"description\":\"\",\"publisher\":{\"@id\":\"https:\\\/\\\/shop.bantam.ch\\\/de\\\/#organization\"},\"inLanguage\":\"de\"},{\"@type\":\"Organization\",\"@id\":\"https:\\\/\\\/shop.bantam.ch\\\/de\\\/#organization\",\"name\":\"Bantam Camping AG\",\"url\":\"https:\\\/\\\/shop.bantam.ch\\\/de\\\/\",\"logo\":{\"@type\":\"ImageObject\",\"inLanguage\":\"de\",\"@id\":\"https:\\\/\\\/shop.bantam.ch\\\/de\\\/#\\\/schema\\\/logo\\\/image\\\/\",\"url\":\"https:\\\/\\\/shop.bantam.ch\\\/wp-content\\\/uploads\\\/2022\\\/12\\\/bantam-logo.png\",\"contentUrl\":\"https:\\\/\\\/shop.bantam.ch\\\/wp-content\\\/uploads\\\/2022\\\/12\\\/bantam-logo.png\",\"width\":320,\"height\":71,\"caption\":\"Bantam Camping AG\"},\"image\":{\"@id\":\"https:\\\/\\\/shop.bantam.ch\\\/de\\\/#\\\/schema\\\/logo\\\/image\\\/\"}}]}<\/script>\n<!-- \/ Yoast SEO plugin. -->","yoast_head_json":{"title":"Adaptersatz Fiat Ducato X250\/X290 Autolift 4er Anlage - Bantam Camping AG","robots":{"index":"index","follow":"follow","max-snippet":"max-snippet:-1","max-image-preview":"max-image-preview:large","max-video-preview":"max-video-preview:-1"},"canonical":"https:\/\/shop.bantam.ch\/de\/produkt\/adaptersatz-fiat-ducato-x250-x290-autolift-4er-anlage\/","og_locale":"de_DE","og_type":"article","og_title":"Adaptersatz Fiat Ducato X250\/X290 Autolift 4er Anlage - Bantam Camping AG","og_description":"Mit Hilfe der diversen Adapter gelingt die Montage der Autolift Anlage problemlos. Bei Standardmontagen bieten sich die fahrzeugspezifischen Adapter an, f\u00fcr anspruchsvollere Montagen empfehlen sich die Universalwinkel. F\u00fcr Fiat Ducato X250\/X290 mit nicht tragf\u00e4higer Rahmenverl\u00e4ngerung. Sonstige Hinweise:Weitere Adapters\u00e4tze auf Anfrage erh\u00e4ltlich.","og_url":"https:\/\/shop.bantam.ch\/de\/produkt\/adaptersatz-fiat-ducato-x250-x290-autolift-4er-anlage\/","og_site_name":"Bantam Camping AG","article_modified_time":"2026-04-18T19:25:02+00:00","twitter_card":"summary_large_image","schema":{"@context":"https:\/\/schema.org","@graph":[{"@type":"WebPage","@id":"https:\/\/shop.bantam.ch\/de\/produkt\/adaptersatz-fiat-ducato-x250-x290-autolift-4er-anlage\/","url":"https:\/\/shop.bantam.ch\/de\/produkt\/adaptersatz-fiat-ducato-x250-x290-autolift-4er-anlage\/","name":"Adaptersatz Fiat Ducato X250\/X290 Autolift 4er Anlage - Bantam Camping AG","isPartOf":{"@id":"https:\/\/shop.bantam.ch\/de\/#website"},"primaryImageOfPage":{"@id":"https:\/\/shop.bantam.ch\/de\/produkt\/adaptersatz-fiat-ducato-x250-x290-autolift-4er-anlage\/#primaryimage"},"image":{"@id":"https:\/\/shop.bantam.ch\/de\/produkt\/adaptersatz-fiat-ducato-x250-x290-autolift-4er-anlage\/#primaryimage"},"thumbnailUrl":"https:\/\/shop.bantam.ch\/wp-content\/uploads\/2024\/09\/Movera-L-9942847100.jpg","datePublished":"2023-02-28T01:06:56+00:00","dateModified":"2026-04-18T19:25:02+00:00","breadcrumb":{"@id":"https:\/\/shop.bantam.ch\/de\/produkt\/adaptersatz-fiat-ducato-x250-x290-autolift-4er-anlage\/#breadcrumb"},"inLanguage":"de","potentialAction":[{"@type":"ReadAction","target":["https:\/\/shop.bantam.ch\/de\/produkt\/adaptersatz-fiat-ducato-x250-x290-autolift-4er-anlage\/"]}]},{"@type":"ImageObject","inLanguage":"de","@id":"https:\/\/shop.bantam.ch\/de\/produkt\/adaptersatz-fiat-ducato-x250-x290-autolift-4er-anlage\/#primaryimage","url":"https:\/\/shop.bantam.ch\/wp-content\/uploads\/2024\/09\/Movera-L-9942847100.jpg","contentUrl":"https:\/\/shop.bantam.ch\/wp-content\/uploads\/2024\/09\/Movera-L-9942847100.jpg","width":640,"height":640},{"@type":"BreadcrumbList","@id":"https:\/\/shop.bantam.ch\/de\/produkt\/adaptersatz-fiat-ducato-x250-x290-autolift-4er-anlage\/#breadcrumb","itemListElement":[{"@type":"ListItem","position":1,"name":"Accueil","item":"https:\/\/shop.bantam.ch\/de\/"},{"@type":"ListItem","position":2,"name":"Shop","item":"https:\/\/shop.bantam.ch\/de\/shop\/"},{"@type":"ListItem","position":3,"name":"Adaptersatz Fiat Ducato X250\/X290 Autolift 4er Anlage"}]},{"@type":"WebSite","@id":"https:\/\/shop.bantam.ch\/de\/#website","url":"https:\/\/shop.bantam.ch\/de\/","name":"Bantam Camping AG","description":"","publisher":{"@id":"https:\/\/shop.bantam.ch\/de\/#organization"},"inLanguage":"de"},{"@type":"Organization","@id":"https:\/\/shop.bantam.ch\/de\/#organization","name":"Bantam Camping AG","url":"https:\/\/shop.bantam.ch\/de\/","logo":{"@type":"ImageObject","inLanguage":"de","@id":"https:\/\/shop.bantam.ch\/de\/#\/schema\/logo\/image\/","url":"https:\/\/shop.bantam.ch\/wp-content\/uploads\/2022\/12\/bantam-logo.png","contentUrl":"https:\/\/shop.bantam.ch\/wp-content\/uploads\/2022\/12\/bantam-logo.png","width":320,"height":71,"caption":"Bantam Camping AG"},"image":{"@id":"https:\/\/shop.bantam.ch\/de\/#\/schema\/logo\/image\/"}}]}},"_links":{"self":[{"href":"https:\/\/shop.bantam.ch\/de\/wp-json\/wp\/v2\/product\/82825","targetHints":{"allow":["GET"]}}],"collection":[{"href":"https:\/\/shop.bantam.ch\/de\/wp-json\/wp\/v2\/product"}],"about":[{"href":"https:\/\/shop.bantam.ch\/de\/wp-json\/wp\/v2\/types\/product"}],"wp:featuredmedia":[{"embeddable":true,"href":"https:\/\/shop.bantam.ch\/de\/wp-json\/wp\/v2\/media\/205875"}],"wp:attachment":[{"href":"https:\/\/shop.bantam.ch\/de\/wp-json\/wp\/v2\/media?parent=82825"}],"wp:term":[{"taxonomy":"product_featured_cat","embeddable":true,"href":"https:\/\/shop.bantam.ch\/de\/wp-json\/wp\/v2\/product_featured_cat?post=82825"},{"taxonomy":"product_brand","embeddable":true,"href":"https:\/\/shop.bantam.ch\/de\/wp-json\/wp\/v2\/product_brand?post=82825"},{"taxonomy":"product_cat","embeddable":true,"href":"https:\/\/shop.bantam.ch\/de\/wp-json\/wp\/v2\/product_cat?post=82825"},{"taxonomy":"product_tag","embeddable":true,"href":"https:\/\/shop.bantam.ch\/de\/wp-json\/wp\/v2\/product_tag?post=82825"}],"curies":[{"name":"wp","href":"https:\/\/api.w.org\/{rel}","templated":true}]}}