{"id":82701,"date":"2023-02-28T02:04:25","date_gmt":"2023-02-28T01:04:25","guid":{"rendered":"http:\/\/shop.bantam.ch\/produit\/rueckfahrkamera-ze-rvsc200-doppelsensor\/"},"modified":"2026-04-18T21:24:48","modified_gmt":"2026-04-18T19:24:48","slug":"rueckfahrkamera-ze-rvsc200-doppelsensor","status":"publish","type":"product","link":"https:\/\/shop.bantam.ch\/de\/produkt\/rueckfahrkamera-ze-rvsc200-doppelsensor\/","title":{"rendered":"R\u00fcckfahrkamera ZE-RVSC200 Doppelsensor"},"content":{"rendered":"<p>Die R\u00fcckfahrkamera ZE-RVSC200 ist speziell f\u00fcr den Einsatz am Reisemobil, Caravan &amp; Camper-Van entwickelt und \u00fcberzeugt mit praxisgerechter Ausstattung. <br \/>Die sehr kompakte ZE-RVSC200 ist als Dual Sensor Modell konzipiert und verf\u00fcgt \u00fcber zwei Kameramodule mit unterschiedlichen Brennweiten. Den Bereich weiter entfernter Objekte \u00fcbernimmt Cam1, die mit einem horizontalen Sichtfeld von 45\u00b0 zum Beobachten des Verkehrs hinter dem Fahrzeug als Ersatz f\u00fcr den R\u00fcckspiegel eingesetzt wird. Cam2 liefert mit einem horizontalen Betrachtungswinkel von 100\u00b0 ein optimales Bild im Nahbereich hinter dem Fahrzeug und eignet sich perfekt zum Einparken oder Rangieren des Fahrzeugs. Die vertikalen und horizontalen Bildausschnitte von Cam1 und Cam2 sind am Kamerageh\u00e4use unabh\u00e4ngig voneinander manuell einstellbar.<br \/>ZENECs R\u00fcckfahrkamera ist mit empfindlichen CMOS Sensoren ausgestattet, die sehr kontrastreiche Bilder liefern. Starke Nachtsicht IRLEDs (Cam2) mit dynamischer LDR Helligkeitssteuerung, die den Bereich hinter dem Fahrzeug ausleuchten, sorgen selbst im Dunkeln f\u00fcr eine gute Sicht.<br \/>Die Cam2 hat ein integriertes Mikrofon, damit man beim Rangieren h\u00f6ren kann, was hinter dem Fahrzeug passiert.<br \/>Ausgestattet mit einer Fast-Mount Clickbefestigung und einem 3-teiligen auftrennbaren Systemkabel mit 17 Meter Hauptkabell\u00e4nge, l\u00e4sst sich diese ZENEC R\u00fcckfahrkamera flexibel montieren. Dem Set liegen 2 Adapterkabel bei, die bei bereits verlegten DOMETIC\/WAECO Systemkabeln mit Schraubanschluss einen einfachen Anschluss garantieren, ohne dass ein neues Hauptkabel gezogen werden muss.<br \/>Die ZE-RVSC200 ist kompatibel mit Monitoren und 2-DIN Moni-\/Naviceivern, die \u00fcber zwei Kameraeing\u00e4nge (Cinch) verf\u00fcgen; f\u00fcr Ger\u00e4te mit einem Kameraeingang wird zus\u00e4tzlich ein optionaler Kameraswitch ben\u00f6tigt.<\/p>\n<p><strong>Hauptmerkmale<\/strong><\/p>\n<ul>\n<li>Kompakte und formsch\u00f6ne Doppelsensor R\u00fcckfahrkamera<\/li>\n<li>Fast-Mount Clickbefestigung der Kamerahaupteinheit auf der Befestigungsplatte <\/li>\n<li>Cam1 Sensor mit 45\u00e0\u00b8 und Cam2 Sensor mit 100\u00e0\u00b8 horizontalem Betrachtungswinkel <\/li>\n<li>Vertikaler und horizontaler Bildausschnitt von Cam1 und Cam2 manuell einstellbar<\/li>\n<li>IR-LED Nachtbeleuchtungssystem f\u00fcr Cam2 mit dynamischer LDR Helligkeitssteuerung<\/li>\n<li>Integriertes Mikrofon (Cam2)<\/li>\n<li>3-teiliges Systemkabel mit 17 m Hauptkabel<\/li>\n<li>Adaptierung auf vorverlegtes DOMETIC\/WAECO Systemkabel mit Schraubanschluss<\/li>\n<\/ul>\n","protected":false},"excerpt":{"rendered":"<p>Die R\u00fcckfahrkamera ZE-RVSC200 ist speziell f\u00fcr den Einsatz am Reisemobil, Caravan &amp; Camper-Van entwickelt und \u00fcberzeugt mit praxisgerechter Ausstattung. Die sehr kompakte ZE-RVSC200 ist als Dual Sensor Modell konzipiert und verf\u00fcgt \u00fcber zwei Kameramodule mit unterschiedlichen Brennweiten. Den Bereich weiter entfernter Objekte \u00fcbernimmt Cam1, die mit einem horizontalen Sichtfeld von 45\u00b0 zum Beobachten des Verkehrs [&hellip;]<\/p>\n","protected":false},"featured_media":82699,"template":"","meta":{"_acf_changed":false},"product_featured_cat":[],"product_brand":[3213],"product_cat":[5002],"product_tag":[],"class_list":{"0":"post-82701","1":"product","2":"type-product","3":"status-publish","4":"has-post-thumbnail","6":"product_brand-zenec-de","7":"product_cat-kameras","9":"first","10":"instock","11":"featured","12":"taxable","13":"shipping-taxable","14":"purchasable","15":"product-type-simple"},"acf":[],"yoast_head":"<!-- This site is optimized with the Yoast SEO plugin v27.4 - https:\/\/yoast.com\/product\/yoast-seo-wordpress\/ -->\n<title>R\u00fcckfahrkamera ZE-RVSC200 Doppelsensor - Bantam Camping AG<\/title>\n<meta name=\"robots\" content=\"index, follow, max-snippet:-1, max-image-preview:large, max-video-preview:-1\" \/>\n<link rel=\"canonical\" href=\"https:\/\/shop.bantam.ch\/de\/produkt\/rueckfahrkamera-ze-rvsc200-doppelsensor\/\" \/>\n<meta property=\"og:locale\" content=\"de_DE\" \/>\n<meta property=\"og:type\" content=\"article\" \/>\n<meta property=\"og:title\" content=\"R\u00fcckfahrkamera ZE-RVSC200 Doppelsensor - Bantam Camping AG\" \/>\n<meta property=\"og:description\" content=\"Die R\u00fcckfahrkamera ZE-RVSC200 ist speziell f\u00fcr den Einsatz am Reisemobil, Caravan &amp; Camper-Van entwickelt und \u00fcberzeugt mit praxisgerechter Ausstattung. Die sehr kompakte ZE-RVSC200 ist als Dual Sensor Modell konzipiert und verf\u00fcgt \u00fcber zwei Kameramodule mit unterschiedlichen Brennweiten. Den Bereich weiter entfernter Objekte \u00fcbernimmt Cam1, die mit einem horizontalen Sichtfeld von 45\u00b0 zum Beobachten des Verkehrs [&hellip;]\" \/>\n<meta property=\"og:url\" content=\"https:\/\/shop.bantam.ch\/de\/produkt\/rueckfahrkamera-ze-rvsc200-doppelsensor\/\" \/>\n<meta property=\"og:site_name\" content=\"Bantam Camping AG\" \/>\n<meta property=\"article:modified_time\" content=\"2026-04-18T19:24:48+00:00\" \/>\n<meta property=\"og:image\" content=\"https:\/\/shop.bantam.ch\/wp-content\/uploads\/2023\/02\/995507611.jpg\" \/>\n\t<meta property=\"og:image:width\" content=\"450\" \/>\n\t<meta property=\"og:image:height\" content=\"500\" \/>\n\t<meta property=\"og:image:type\" content=\"image\/jpeg\" \/>\n<meta name=\"twitter:card\" content=\"summary_large_image\" \/>\n<meta name=\"twitter:label1\" content=\"Gesch\u00e4tzte Lesezeit\" \/>\n\t<meta name=\"twitter:data1\" content=\"2\u00a0Minuten\" \/>\n<script type=\"application\/ld+json\" class=\"yoast-schema-graph\">{\"@context\":\"https:\\\/\\\/schema.org\",\"@graph\":[{\"@type\":\"WebPage\",\"@id\":\"https:\\\/\\\/shop.bantam.ch\\\/de\\\/produkt\\\/rueckfahrkamera-ze-rvsc200-doppelsensor\\\/\",\"url\":\"https:\\\/\\\/shop.bantam.ch\\\/de\\\/produkt\\\/rueckfahrkamera-ze-rvsc200-doppelsensor\\\/\",\"name\":\"R\u00fcckfahrkamera ZE-RVSC200 Doppelsensor - Bantam Camping AG\",\"isPartOf\":{\"@id\":\"https:\\\/\\\/shop.bantam.ch\\\/de\\\/#website\"},\"primaryImageOfPage\":{\"@id\":\"https:\\\/\\\/shop.bantam.ch\\\/de\\\/produkt\\\/rueckfahrkamera-ze-rvsc200-doppelsensor\\\/#primaryimage\"},\"image\":{\"@id\":\"https:\\\/\\\/shop.bantam.ch\\\/de\\\/produkt\\\/rueckfahrkamera-ze-rvsc200-doppelsensor\\\/#primaryimage\"},\"thumbnailUrl\":\"https:\\\/\\\/shop.bantam.ch\\\/wp-content\\\/uploads\\\/2023\\\/02\\\/995507611.jpg\",\"datePublished\":\"2023-02-28T01:04:25+00:00\",\"dateModified\":\"2026-04-18T19:24:48+00:00\",\"breadcrumb\":{\"@id\":\"https:\\\/\\\/shop.bantam.ch\\\/de\\\/produkt\\\/rueckfahrkamera-ze-rvsc200-doppelsensor\\\/#breadcrumb\"},\"inLanguage\":\"de\",\"potentialAction\":[{\"@type\":\"ReadAction\",\"target\":[\"https:\\\/\\\/shop.bantam.ch\\\/de\\\/produkt\\\/rueckfahrkamera-ze-rvsc200-doppelsensor\\\/\"]}]},{\"@type\":\"ImageObject\",\"inLanguage\":\"de\",\"@id\":\"https:\\\/\\\/shop.bantam.ch\\\/de\\\/produkt\\\/rueckfahrkamera-ze-rvsc200-doppelsensor\\\/#primaryimage\",\"url\":\"https:\\\/\\\/shop.bantam.ch\\\/wp-content\\\/uploads\\\/2023\\\/02\\\/995507611.jpg\",\"contentUrl\":\"https:\\\/\\\/shop.bantam.ch\\\/wp-content\\\/uploads\\\/2023\\\/02\\\/995507611.jpg\",\"width\":450,\"height\":500},{\"@type\":\"BreadcrumbList\",\"@id\":\"https:\\\/\\\/shop.bantam.ch\\\/de\\\/produkt\\\/rueckfahrkamera-ze-rvsc200-doppelsensor\\\/#breadcrumb\",\"itemListElement\":[{\"@type\":\"ListItem\",\"position\":1,\"name\":\"Accueil\",\"item\":\"https:\\\/\\\/shop.bantam.ch\\\/de\\\/\"},{\"@type\":\"ListItem\",\"position\":2,\"name\":\"Shop\",\"item\":\"https:\\\/\\\/shop.bantam.ch\\\/de\\\/shop\\\/\"},{\"@type\":\"ListItem\",\"position\":3,\"name\":\"R\u00fcckfahrkamera ZE-RVSC200 Doppelsensor\"}]},{\"@type\":\"WebSite\",\"@id\":\"https:\\\/\\\/shop.bantam.ch\\\/de\\\/#website\",\"url\":\"https:\\\/\\\/shop.bantam.ch\\\/de\\\/\",\"name\":\"Bantam Camping AG\",\"description\":\"\",\"publisher\":{\"@id\":\"https:\\\/\\\/shop.bantam.ch\\\/de\\\/#organization\"},\"inLanguage\":\"de\"},{\"@type\":\"Organization\",\"@id\":\"https:\\\/\\\/shop.bantam.ch\\\/de\\\/#organization\",\"name\":\"Bantam Camping AG\",\"url\":\"https:\\\/\\\/shop.bantam.ch\\\/de\\\/\",\"logo\":{\"@type\":\"ImageObject\",\"inLanguage\":\"de\",\"@id\":\"https:\\\/\\\/shop.bantam.ch\\\/de\\\/#\\\/schema\\\/logo\\\/image\\\/\",\"url\":\"https:\\\/\\\/shop.bantam.ch\\\/wp-content\\\/uploads\\\/2022\\\/12\\\/bantam-logo.png\",\"contentUrl\":\"https:\\\/\\\/shop.bantam.ch\\\/wp-content\\\/uploads\\\/2022\\\/12\\\/bantam-logo.png\",\"width\":320,\"height\":71,\"caption\":\"Bantam Camping AG\"},\"image\":{\"@id\":\"https:\\\/\\\/shop.bantam.ch\\\/de\\\/#\\\/schema\\\/logo\\\/image\\\/\"}}]}<\/script>\n<!-- \/ Yoast SEO plugin. -->","yoast_head_json":{"title":"R\u00fcckfahrkamera ZE-RVSC200 Doppelsensor - Bantam Camping AG","robots":{"index":"index","follow":"follow","max-snippet":"max-snippet:-1","max-image-preview":"max-image-preview:large","max-video-preview":"max-video-preview:-1"},"canonical":"https:\/\/shop.bantam.ch\/de\/produkt\/rueckfahrkamera-ze-rvsc200-doppelsensor\/","og_locale":"de_DE","og_type":"article","og_title":"R\u00fcckfahrkamera ZE-RVSC200 Doppelsensor - Bantam Camping AG","og_description":"Die R\u00fcckfahrkamera ZE-RVSC200 ist speziell f\u00fcr den Einsatz am Reisemobil, Caravan &amp; Camper-Van entwickelt und \u00fcberzeugt mit praxisgerechter Ausstattung. Die sehr kompakte ZE-RVSC200 ist als Dual Sensor Modell konzipiert und verf\u00fcgt \u00fcber zwei Kameramodule mit unterschiedlichen Brennweiten. Den Bereich weiter entfernter Objekte \u00fcbernimmt Cam1, die mit einem horizontalen Sichtfeld von 45\u00b0 zum Beobachten des Verkehrs [&hellip;]","og_url":"https:\/\/shop.bantam.ch\/de\/produkt\/rueckfahrkamera-ze-rvsc200-doppelsensor\/","og_site_name":"Bantam Camping AG","article_modified_time":"2026-04-18T19:24:48+00:00","og_image":[{"width":450,"height":500,"url":"https:\/\/shop.bantam.ch\/wp-content\/uploads\/2023\/02\/995507611.jpg","type":"image\/jpeg"}],"twitter_card":"summary_large_image","twitter_misc":{"Gesch\u00e4tzte Lesezeit":"2\u00a0Minuten"},"schema":{"@context":"https:\/\/schema.org","@graph":[{"@type":"WebPage","@id":"https:\/\/shop.bantam.ch\/de\/produkt\/rueckfahrkamera-ze-rvsc200-doppelsensor\/","url":"https:\/\/shop.bantam.ch\/de\/produkt\/rueckfahrkamera-ze-rvsc200-doppelsensor\/","name":"R\u00fcckfahrkamera ZE-RVSC200 Doppelsensor - Bantam Camping AG","isPartOf":{"@id":"https:\/\/shop.bantam.ch\/de\/#website"},"primaryImageOfPage":{"@id":"https:\/\/shop.bantam.ch\/de\/produkt\/rueckfahrkamera-ze-rvsc200-doppelsensor\/#primaryimage"},"image":{"@id":"https:\/\/shop.bantam.ch\/de\/produkt\/rueckfahrkamera-ze-rvsc200-doppelsensor\/#primaryimage"},"thumbnailUrl":"https:\/\/shop.bantam.ch\/wp-content\/uploads\/2023\/02\/995507611.jpg","datePublished":"2023-02-28T01:04:25+00:00","dateModified":"2026-04-18T19:24:48+00:00","breadcrumb":{"@id":"https:\/\/shop.bantam.ch\/de\/produkt\/rueckfahrkamera-ze-rvsc200-doppelsensor\/#breadcrumb"},"inLanguage":"de","potentialAction":[{"@type":"ReadAction","target":["https:\/\/shop.bantam.ch\/de\/produkt\/rueckfahrkamera-ze-rvsc200-doppelsensor\/"]}]},{"@type":"ImageObject","inLanguage":"de","@id":"https:\/\/shop.bantam.ch\/de\/produkt\/rueckfahrkamera-ze-rvsc200-doppelsensor\/#primaryimage","url":"https:\/\/shop.bantam.ch\/wp-content\/uploads\/2023\/02\/995507611.jpg","contentUrl":"https:\/\/shop.bantam.ch\/wp-content\/uploads\/2023\/02\/995507611.jpg","width":450,"height":500},{"@type":"BreadcrumbList","@id":"https:\/\/shop.bantam.ch\/de\/produkt\/rueckfahrkamera-ze-rvsc200-doppelsensor\/#breadcrumb","itemListElement":[{"@type":"ListItem","position":1,"name":"Accueil","item":"https:\/\/shop.bantam.ch\/de\/"},{"@type":"ListItem","position":2,"name":"Shop","item":"https:\/\/shop.bantam.ch\/de\/shop\/"},{"@type":"ListItem","position":3,"name":"R\u00fcckfahrkamera ZE-RVSC200 Doppelsensor"}]},{"@type":"WebSite","@id":"https:\/\/shop.bantam.ch\/de\/#website","url":"https:\/\/shop.bantam.ch\/de\/","name":"Bantam Camping AG","description":"","publisher":{"@id":"https:\/\/shop.bantam.ch\/de\/#organization"},"inLanguage":"de"},{"@type":"Organization","@id":"https:\/\/shop.bantam.ch\/de\/#organization","name":"Bantam Camping AG","url":"https:\/\/shop.bantam.ch\/de\/","logo":{"@type":"ImageObject","inLanguage":"de","@id":"https:\/\/shop.bantam.ch\/de\/#\/schema\/logo\/image\/","url":"https:\/\/shop.bantam.ch\/wp-content\/uploads\/2022\/12\/bantam-logo.png","contentUrl":"https:\/\/shop.bantam.ch\/wp-content\/uploads\/2022\/12\/bantam-logo.png","width":320,"height":71,"caption":"Bantam Camping AG"},"image":{"@id":"https:\/\/shop.bantam.ch\/de\/#\/schema\/logo\/image\/"}}]}},"_links":{"self":[{"href":"https:\/\/shop.bantam.ch\/de\/wp-json\/wp\/v2\/product\/82701","targetHints":{"allow":["GET"]}}],"collection":[{"href":"https:\/\/shop.bantam.ch\/de\/wp-json\/wp\/v2\/product"}],"about":[{"href":"https:\/\/shop.bantam.ch\/de\/wp-json\/wp\/v2\/types\/product"}],"wp:featuredmedia":[{"embeddable":true,"href":"https:\/\/shop.bantam.ch\/de\/wp-json\/wp\/v2\/media\/82699"}],"wp:attachment":[{"href":"https:\/\/shop.bantam.ch\/de\/wp-json\/wp\/v2\/media?parent=82701"}],"wp:term":[{"taxonomy":"product_featured_cat","embeddable":true,"href":"https:\/\/shop.bantam.ch\/de\/wp-json\/wp\/v2\/product_featured_cat?post=82701"},{"taxonomy":"product_brand","embeddable":true,"href":"https:\/\/shop.bantam.ch\/de\/wp-json\/wp\/v2\/product_brand?post=82701"},{"taxonomy":"product_cat","embeddable":true,"href":"https:\/\/shop.bantam.ch\/de\/wp-json\/wp\/v2\/product_cat?post=82701"},{"taxonomy":"product_tag","embeddable":true,"href":"https:\/\/shop.bantam.ch\/de\/wp-json\/wp\/v2\/product_tag?post=82701"}],"curies":[{"name":"wp","href":"https:\/\/api.w.org\/{rel}","templated":true}]}}