{"id":82621,"date":"2023-02-28T02:02:36","date_gmt":"2023-02-28T01:02:36","guid":{"rendered":"http:\/\/shop.bantam.ch\/produit\/satanlage-automatisch-as4-80-ultrawhite-hd-skew-gps-inkl-s-s-c-hd-steuermodul\/"},"modified":"2026-04-18T21:24:41","modified_gmt":"2026-04-18T19:24:41","slug":"satanlage-automatisch-as4-80-ultrawhite-hd-skew-gps-inkl-s-s-c-hd-steuermodul","status":"publish","type":"product","link":"https:\/\/shop.bantam.ch\/de\/produkt\/satanlage-automatisch-as4-80-ultrawhite-hd-skew-gps-inkl-s-s-c-hd-steuermodul\/","title":{"rendered":"Satanlage automatisch Alden AS4 80 Ultrawhite Skew\/GPS inkl. S.S.C. HD-Steuermodul receiverunabh\u00e4ngig"},"content":{"rendered":"<p><strong>AS4 HD SKEW Platinium High-End Anlag<\/strong>e<br \/>Alden pr\u00e4sentiert mit der AS HD Serie vollautomatische Satellitenanlagen mit lebenslanger Garantie auf die Dreheinheiten. Die AS-Antennenserie wird den anspruchsvollsten und kritischsten Anspr\u00fcchen gerecht. Diese High-End Anlage verbindet Qualit\u00e4t und Funktionalit\u00e4t mit einfachster Bedienung. Die AS4 ist die wahrscheinlich schnellste, leiseste und stromsparendste Antenne am Markt. Im Wesentlichen unterscheiden sich die beiden AS-Typen (AS2 und AS4) nur in ihrer Drehgeschwindigkeit. Das moderne Design wird durch den Einsatz von unauff\u00e4lligen Platinium-Spieglen unterstrichen. Die AS4 HD 60 ist serienm\u00e4\u00dfig mit dem neuen Alden Auto Skew\/GPS System f\u00fcr noch gr\u00f6\u00dfere Empfangsreichweite ausgestattet.<\/p>\n<p>Merkmale:<\/p>\n<ul>\n<li>AS4 80 Au\u00dfeneinheit mit Single-LNB<\/li>\n<li>&#8222;Lebenslange Garantie&#8220; auf die Dreheinheit <\/li>\n<li>Vollautomatische Ausrichtung <\/li>\n<li>80 cm Platinium SKEW \/ GPSSpiegel (weiss) (gesiept) zur Windlastreduzierung <\/li>\n<li>Gro\u00dfe Empfangsreichweite durch Oval Spiegel<\/li>\n<li>Elegante unauff\u00e4llige Optik durch Platinium SKEW \/ GPSSpiegel<\/li>\n<li>S.D.P. Schutz vor mechanische \u00dcberlastung <\/li>\n<li>Zukunftssicher da Steuerelektronik kompl. im Fahrzeug untergebracht ist <\/li>\n<li>Gewicht ca. 11,5 kg<\/li>\n<li>Ma\u00dfe L x B x H ca. 71 x 77 x 21 cm<\/li>\n<li>Auch als Twin Anlage lieferbar (verschiedene Sendungen auf zwei TVs schauen)<\/li>\n<\/ul>\n<p><strong>S.S.C. HD-Steuermodul<\/strong><br \/>Das Steuermodul ist zu verwenden, wenn der eigene Receiver bzw. das vorhandene TV-Ger\u00e4t mit Triple-Tuner eingesetzt werden m\u00f6chte. Die leichte Bedienbarkeit macht die S.C.C. HD-Steuermodule sehr attraktiv. Die Positionierung erfolgt automatisch (receiverunabh\u00e4ngig). Updates k\u00f6nnen selbst ausgef\u00fchrt werden.<\/p>\n<p>Merkmale:<\/p>\n<ul>\n<li>Receiverunabh\u00e4ngig<\/li>\n<li>Vollautomatische Satellitensuche nach HDTV-Standard<\/li>\n<li>8 Satelliten vorprogrammiert: Astra 19, Astra 23, Eurobird 9, Hotbird 13, AB3, Thor 0.8, Astra 4 usw.<\/li>\n<li>Netzschalter (Ein\/Aus)<\/li>\n<li>Selbstst\u00e4ndiges Einfahren bei Fahrzeugstart<\/li>\n<li>Updates leicht selber durchf\u00fchrbar<\/li>\n<li>Stromaufnahme ca. 4 Watt \/ Standby <\/li>\n<li>Ma\u00dfe: B x H x T 17 x 4,5 x 12 cm \/ 0,4 kg<\/li>\n<\/ul>\n","protected":false},"excerpt":{"rendered":"<p>AS4 HD SKEW Platinium High-End AnlageAlden pr\u00e4sentiert mit der AS HD Serie vollautomatische Satellitenanlagen mit lebenslanger Garantie auf die Dreheinheiten. Die AS-Antennenserie wird den anspruchsvollsten und kritischsten Anspr\u00fcchen gerecht. Diese High-End Anlage verbindet Qualit\u00e4t und Funktionalit\u00e4t mit einfachster Bedienung. Die AS4 ist die wahrscheinlich schnellste, leiseste und stromsparendste Antenne am Markt. Im Wesentlichen unterscheiden sich [&hellip;]<\/p>\n","protected":false},"featured_media":82617,"template":"","meta":{"_acf_changed":false},"product_featured_cat":[],"product_brand":[3077],"product_cat":[4524],"product_tag":[],"class_list":{"0":"post-82621","1":"product","2":"type-product","3":"status-publish","4":"has-post-thumbnail","6":"product_brand-alden-de","7":"product_cat-sat-anlagen","9":"first","10":"instock","11":"taxable","12":"shipping-taxable","13":"purchasable","14":"product-type-simple"},"acf":[],"yoast_head":"<!-- This site is optimized with the Yoast SEO plugin v27.4 - https:\/\/yoast.com\/product\/yoast-seo-wordpress\/ -->\n<title>Satanlage automatisch Alden AS4 80 Ultrawhite Skew\/GPS inkl. S.S.C. HD-Steuermodul receiverunabh\u00e4ngig - Bantam Camping AG<\/title>\n<meta name=\"robots\" content=\"index, follow, max-snippet:-1, max-image-preview:large, max-video-preview:-1\" \/>\n<link rel=\"canonical\" href=\"https:\/\/shop.bantam.ch\/de\/produkt\/satanlage-automatisch-as4-80-ultrawhite-hd-skew-gps-inkl-s-s-c-hd-steuermodul\/\" \/>\n<meta property=\"og:locale\" content=\"de_DE\" \/>\n<meta property=\"og:type\" content=\"article\" \/>\n<meta property=\"og:title\" content=\"Satanlage automatisch Alden AS4 80 Ultrawhite Skew\/GPS inkl. S.S.C. HD-Steuermodul receiverunabh\u00e4ngig - Bantam Camping AG\" \/>\n<meta property=\"og:description\" content=\"AS4 HD SKEW Platinium High-End AnlageAlden pr\u00e4sentiert mit der AS HD Serie vollautomatische Satellitenanlagen mit lebenslanger Garantie auf die Dreheinheiten. Die AS-Antennenserie wird den anspruchsvollsten und kritischsten Anspr\u00fcchen gerecht. Diese High-End Anlage verbindet Qualit\u00e4t und Funktionalit\u00e4t mit einfachster Bedienung. Die AS4 ist die wahrscheinlich schnellste, leiseste und stromsparendste Antenne am Markt. Im Wesentlichen unterscheiden sich [&hellip;]\" \/>\n<meta property=\"og:url\" content=\"https:\/\/shop.bantam.ch\/de\/produkt\/satanlage-automatisch-as4-80-ultrawhite-hd-skew-gps-inkl-s-s-c-hd-steuermodul\/\" \/>\n<meta property=\"og:site_name\" content=\"Bantam Camping AG\" \/>\n<meta property=\"article:modified_time\" content=\"2026-04-18T19:24:41+00:00\" \/>\n<meta property=\"og:image\" content=\"https:\/\/shop.bantam.ch\/wp-content\/uploads\/2023\/02\/9954983-411.jpg\" \/>\n\t<meta property=\"og:image:width\" content=\"450\" \/>\n\t<meta property=\"og:image:height\" content=\"500\" \/>\n\t<meta property=\"og:image:type\" content=\"image\/jpeg\" \/>\n<meta name=\"twitter:card\" content=\"summary_large_image\" \/>\n<meta name=\"twitter:label1\" content=\"Gesch\u00e4tzte Lesezeit\" \/>\n\t<meta name=\"twitter:data1\" content=\"1\u00a0Minute\" \/>\n<script type=\"application\/ld+json\" class=\"yoast-schema-graph\">{\"@context\":\"https:\\\/\\\/schema.org\",\"@graph\":[{\"@type\":\"WebPage\",\"@id\":\"https:\\\/\\\/shop.bantam.ch\\\/de\\\/produkt\\\/satanlage-automatisch-as4-80-ultrawhite-hd-skew-gps-inkl-s-s-c-hd-steuermodul\\\/\",\"url\":\"https:\\\/\\\/shop.bantam.ch\\\/de\\\/produkt\\\/satanlage-automatisch-as4-80-ultrawhite-hd-skew-gps-inkl-s-s-c-hd-steuermodul\\\/\",\"name\":\"Satanlage automatisch Alden AS4 80 Ultrawhite Skew\\\/GPS inkl. S.S.C. HD-Steuermodul receiverunabh\u00e4ngig - Bantam Camping AG\",\"isPartOf\":{\"@id\":\"https:\\\/\\\/shop.bantam.ch\\\/de\\\/#website\"},\"primaryImageOfPage\":{\"@id\":\"https:\\\/\\\/shop.bantam.ch\\\/de\\\/produkt\\\/satanlage-automatisch-as4-80-ultrawhite-hd-skew-gps-inkl-s-s-c-hd-steuermodul\\\/#primaryimage\"},\"image\":{\"@id\":\"https:\\\/\\\/shop.bantam.ch\\\/de\\\/produkt\\\/satanlage-automatisch-as4-80-ultrawhite-hd-skew-gps-inkl-s-s-c-hd-steuermodul\\\/#primaryimage\"},\"thumbnailUrl\":\"https:\\\/\\\/shop.bantam.ch\\\/wp-content\\\/uploads\\\/2023\\\/02\\\/9954983-411.jpg\",\"datePublished\":\"2023-02-28T01:02:36+00:00\",\"dateModified\":\"2026-04-18T19:24:41+00:00\",\"breadcrumb\":{\"@id\":\"https:\\\/\\\/shop.bantam.ch\\\/de\\\/produkt\\\/satanlage-automatisch-as4-80-ultrawhite-hd-skew-gps-inkl-s-s-c-hd-steuermodul\\\/#breadcrumb\"},\"inLanguage\":\"de\",\"potentialAction\":[{\"@type\":\"ReadAction\",\"target\":[\"https:\\\/\\\/shop.bantam.ch\\\/de\\\/produkt\\\/satanlage-automatisch-as4-80-ultrawhite-hd-skew-gps-inkl-s-s-c-hd-steuermodul\\\/\"]}]},{\"@type\":\"ImageObject\",\"inLanguage\":\"de\",\"@id\":\"https:\\\/\\\/shop.bantam.ch\\\/de\\\/produkt\\\/satanlage-automatisch-as4-80-ultrawhite-hd-skew-gps-inkl-s-s-c-hd-steuermodul\\\/#primaryimage\",\"url\":\"https:\\\/\\\/shop.bantam.ch\\\/wp-content\\\/uploads\\\/2023\\\/02\\\/9954983-411.jpg\",\"contentUrl\":\"https:\\\/\\\/shop.bantam.ch\\\/wp-content\\\/uploads\\\/2023\\\/02\\\/9954983-411.jpg\",\"width\":450,\"height\":500},{\"@type\":\"BreadcrumbList\",\"@id\":\"https:\\\/\\\/shop.bantam.ch\\\/de\\\/produkt\\\/satanlage-automatisch-as4-80-ultrawhite-hd-skew-gps-inkl-s-s-c-hd-steuermodul\\\/#breadcrumb\",\"itemListElement\":[{\"@type\":\"ListItem\",\"position\":1,\"name\":\"Accueil\",\"item\":\"https:\\\/\\\/shop.bantam.ch\\\/de\\\/\"},{\"@type\":\"ListItem\",\"position\":2,\"name\":\"Shop\",\"item\":\"https:\\\/\\\/shop.bantam.ch\\\/de\\\/shop\\\/\"},{\"@type\":\"ListItem\",\"position\":3,\"name\":\"Satanlage automatisch Alden AS4 80 Ultrawhite Skew\\\/GPS inkl. S.S.C. HD-Steuermodul receiverunabh\u00e4ngig\"}]},{\"@type\":\"WebSite\",\"@id\":\"https:\\\/\\\/shop.bantam.ch\\\/de\\\/#website\",\"url\":\"https:\\\/\\\/shop.bantam.ch\\\/de\\\/\",\"name\":\"Bantam Camping AG\",\"description\":\"\",\"publisher\":{\"@id\":\"https:\\\/\\\/shop.bantam.ch\\\/de\\\/#organization\"},\"inLanguage\":\"de\"},{\"@type\":\"Organization\",\"@id\":\"https:\\\/\\\/shop.bantam.ch\\\/de\\\/#organization\",\"name\":\"Bantam Camping AG\",\"url\":\"https:\\\/\\\/shop.bantam.ch\\\/de\\\/\",\"logo\":{\"@type\":\"ImageObject\",\"inLanguage\":\"de\",\"@id\":\"https:\\\/\\\/shop.bantam.ch\\\/de\\\/#\\\/schema\\\/logo\\\/image\\\/\",\"url\":\"https:\\\/\\\/shop.bantam.ch\\\/wp-content\\\/uploads\\\/2022\\\/12\\\/bantam-logo.png\",\"contentUrl\":\"https:\\\/\\\/shop.bantam.ch\\\/wp-content\\\/uploads\\\/2022\\\/12\\\/bantam-logo.png\",\"width\":320,\"height\":71,\"caption\":\"Bantam Camping AG\"},\"image\":{\"@id\":\"https:\\\/\\\/shop.bantam.ch\\\/de\\\/#\\\/schema\\\/logo\\\/image\\\/\"}}]}<\/script>\n<!-- \/ Yoast SEO plugin. -->","yoast_head_json":{"title":"Satanlage automatisch Alden AS4 80 Ultrawhite Skew\/GPS inkl. S.S.C. HD-Steuermodul receiverunabh\u00e4ngig - Bantam Camping AG","robots":{"index":"index","follow":"follow","max-snippet":"max-snippet:-1","max-image-preview":"max-image-preview:large","max-video-preview":"max-video-preview:-1"},"canonical":"https:\/\/shop.bantam.ch\/de\/produkt\/satanlage-automatisch-as4-80-ultrawhite-hd-skew-gps-inkl-s-s-c-hd-steuermodul\/","og_locale":"de_DE","og_type":"article","og_title":"Satanlage automatisch Alden AS4 80 Ultrawhite Skew\/GPS inkl. S.S.C. HD-Steuermodul receiverunabh\u00e4ngig - Bantam Camping AG","og_description":"AS4 HD SKEW Platinium High-End AnlageAlden pr\u00e4sentiert mit der AS HD Serie vollautomatische Satellitenanlagen mit lebenslanger Garantie auf die Dreheinheiten. Die AS-Antennenserie wird den anspruchsvollsten und kritischsten Anspr\u00fcchen gerecht. Diese High-End Anlage verbindet Qualit\u00e4t und Funktionalit\u00e4t mit einfachster Bedienung. Die AS4 ist die wahrscheinlich schnellste, leiseste und stromsparendste Antenne am Markt. Im Wesentlichen unterscheiden sich [&hellip;]","og_url":"https:\/\/shop.bantam.ch\/de\/produkt\/satanlage-automatisch-as4-80-ultrawhite-hd-skew-gps-inkl-s-s-c-hd-steuermodul\/","og_site_name":"Bantam Camping AG","article_modified_time":"2026-04-18T19:24:41+00:00","og_image":[{"width":450,"height":500,"url":"https:\/\/shop.bantam.ch\/wp-content\/uploads\/2023\/02\/9954983-411.jpg","type":"image\/jpeg"}],"twitter_card":"summary_large_image","twitter_misc":{"Gesch\u00e4tzte Lesezeit":"1\u00a0Minute"},"schema":{"@context":"https:\/\/schema.org","@graph":[{"@type":"WebPage","@id":"https:\/\/shop.bantam.ch\/de\/produkt\/satanlage-automatisch-as4-80-ultrawhite-hd-skew-gps-inkl-s-s-c-hd-steuermodul\/","url":"https:\/\/shop.bantam.ch\/de\/produkt\/satanlage-automatisch-as4-80-ultrawhite-hd-skew-gps-inkl-s-s-c-hd-steuermodul\/","name":"Satanlage automatisch Alden AS4 80 Ultrawhite Skew\/GPS inkl. S.S.C. HD-Steuermodul receiverunabh\u00e4ngig - Bantam Camping AG","isPartOf":{"@id":"https:\/\/shop.bantam.ch\/de\/#website"},"primaryImageOfPage":{"@id":"https:\/\/shop.bantam.ch\/de\/produkt\/satanlage-automatisch-as4-80-ultrawhite-hd-skew-gps-inkl-s-s-c-hd-steuermodul\/#primaryimage"},"image":{"@id":"https:\/\/shop.bantam.ch\/de\/produkt\/satanlage-automatisch-as4-80-ultrawhite-hd-skew-gps-inkl-s-s-c-hd-steuermodul\/#primaryimage"},"thumbnailUrl":"https:\/\/shop.bantam.ch\/wp-content\/uploads\/2023\/02\/9954983-411.jpg","datePublished":"2023-02-28T01:02:36+00:00","dateModified":"2026-04-18T19:24:41+00:00","breadcrumb":{"@id":"https:\/\/shop.bantam.ch\/de\/produkt\/satanlage-automatisch-as4-80-ultrawhite-hd-skew-gps-inkl-s-s-c-hd-steuermodul\/#breadcrumb"},"inLanguage":"de","potentialAction":[{"@type":"ReadAction","target":["https:\/\/shop.bantam.ch\/de\/produkt\/satanlage-automatisch-as4-80-ultrawhite-hd-skew-gps-inkl-s-s-c-hd-steuermodul\/"]}]},{"@type":"ImageObject","inLanguage":"de","@id":"https:\/\/shop.bantam.ch\/de\/produkt\/satanlage-automatisch-as4-80-ultrawhite-hd-skew-gps-inkl-s-s-c-hd-steuermodul\/#primaryimage","url":"https:\/\/shop.bantam.ch\/wp-content\/uploads\/2023\/02\/9954983-411.jpg","contentUrl":"https:\/\/shop.bantam.ch\/wp-content\/uploads\/2023\/02\/9954983-411.jpg","width":450,"height":500},{"@type":"BreadcrumbList","@id":"https:\/\/shop.bantam.ch\/de\/produkt\/satanlage-automatisch-as4-80-ultrawhite-hd-skew-gps-inkl-s-s-c-hd-steuermodul\/#breadcrumb","itemListElement":[{"@type":"ListItem","position":1,"name":"Accueil","item":"https:\/\/shop.bantam.ch\/de\/"},{"@type":"ListItem","position":2,"name":"Shop","item":"https:\/\/shop.bantam.ch\/de\/shop\/"},{"@type":"ListItem","position":3,"name":"Satanlage automatisch Alden AS4 80 Ultrawhite Skew\/GPS inkl. S.S.C. HD-Steuermodul receiverunabh\u00e4ngig"}]},{"@type":"WebSite","@id":"https:\/\/shop.bantam.ch\/de\/#website","url":"https:\/\/shop.bantam.ch\/de\/","name":"Bantam Camping AG","description":"","publisher":{"@id":"https:\/\/shop.bantam.ch\/de\/#organization"},"inLanguage":"de"},{"@type":"Organization","@id":"https:\/\/shop.bantam.ch\/de\/#organization","name":"Bantam Camping AG","url":"https:\/\/shop.bantam.ch\/de\/","logo":{"@type":"ImageObject","inLanguage":"de","@id":"https:\/\/shop.bantam.ch\/de\/#\/schema\/logo\/image\/","url":"https:\/\/shop.bantam.ch\/wp-content\/uploads\/2022\/12\/bantam-logo.png","contentUrl":"https:\/\/shop.bantam.ch\/wp-content\/uploads\/2022\/12\/bantam-logo.png","width":320,"height":71,"caption":"Bantam Camping AG"},"image":{"@id":"https:\/\/shop.bantam.ch\/de\/#\/schema\/logo\/image\/"}}]}},"_links":{"self":[{"href":"https:\/\/shop.bantam.ch\/de\/wp-json\/wp\/v2\/product\/82621","targetHints":{"allow":["GET"]}}],"collection":[{"href":"https:\/\/shop.bantam.ch\/de\/wp-json\/wp\/v2\/product"}],"about":[{"href":"https:\/\/shop.bantam.ch\/de\/wp-json\/wp\/v2\/types\/product"}],"wp:featuredmedia":[{"embeddable":true,"href":"https:\/\/shop.bantam.ch\/de\/wp-json\/wp\/v2\/media\/82617"}],"wp:attachment":[{"href":"https:\/\/shop.bantam.ch\/de\/wp-json\/wp\/v2\/media?parent=82621"}],"wp:term":[{"taxonomy":"product_featured_cat","embeddable":true,"href":"https:\/\/shop.bantam.ch\/de\/wp-json\/wp\/v2\/product_featured_cat?post=82621"},{"taxonomy":"product_brand","embeddable":true,"href":"https:\/\/shop.bantam.ch\/de\/wp-json\/wp\/v2\/product_brand?post=82621"},{"taxonomy":"product_cat","embeddable":true,"href":"https:\/\/shop.bantam.ch\/de\/wp-json\/wp\/v2\/product_cat?post=82621"},{"taxonomy":"product_tag","embeddable":true,"href":"https:\/\/shop.bantam.ch\/de\/wp-json\/wp\/v2\/product_tag?post=82621"}],"curies":[{"name":"wp","href":"https:\/\/api.w.org\/{rel}","templated":true}]}}