{"id":82453,"date":"2023-02-28T01:58:53","date_gmt":"2023-02-28T00:58:53","guid":{"rendered":"http:\/\/shop.bantam.ch\/produit\/thermo-innenmatte-marco-polo-mj-2014\/"},"modified":"2026-04-18T21:24:40","modified_gmt":"2026-04-18T19:24:40","slug":"thermo-innenmatte-marco-polo-mj-2014","status":"publish","type":"product","link":"https:\/\/shop.bantam.ch\/de\/produkt\/thermo-innenmatte-marco-polo-mj-2014\/","title":{"rendered":"Thermo-Innenmatte Tecon Isotherm de luxe Marco Polo MJ 2014"},"content":{"rendered":"<p>Thermo-Innenmatte Isotherm De Luxe f\u00fcr die Fahrerhausfenster. Sind der ideale Schutz gegen Hitze und K\u00e4lte und dienen zugleich als Sichtschutz. Durch den Einsatz eines mehrlagigen D\u00e4mmstoffs wird eine hohe W\u00e4rmed\u00e4mmung im Winter erzielt. Die \u00e4u\u00dfere Silberbeschichtung gew\u00e4hrleistet im Sommer eine hohe Sonnenreflexion und verhindert das Aufheizen des Fahrzeugs.<\/p>\n<p>Befestigung mit Magneten und Spannst\u00e4ben. 8-lagig.<\/p>\n","protected":false},"excerpt":{"rendered":"<p>Thermo-Innenmatte Isotherm De Luxe f\u00fcr die Fahrerhausfenster. Sind der ideale Schutz gegen Hitze und K\u00e4lte und dienen zugleich als Sichtschutz. Durch den Einsatz eines mehrlagigen D\u00e4mmstoffs wird eine hohe W\u00e4rmed\u00e4mmung im Winter erzielt. Die \u00e4u\u00dfere Silberbeschichtung gew\u00e4hrleistet im Sommer eine hohe Sonnenreflexion und verhindert das Aufheizen des Fahrzeugs. Befestigung mit Magneten und Spannst\u00e4ben. 8-lagig.<\/p>\n","protected":false},"featured_media":82451,"template":"","meta":{"_acf_changed":false},"product_featured_cat":[],"product_brand":[3031],"product_cat":[4642],"product_tag":[],"class_list":{"0":"post-82453","1":"product","2":"type-product","3":"status-publish","4":"has-post-thumbnail","6":"product_brand-tecon-covercraft-de","7":"product_cat-thermomatten-vorhaenge","9":"first","10":"instock","11":"taxable","12":"shipping-taxable","13":"purchasable","14":"product-type-simple"},"acf":[],"yoast_head":"<!-- This site is optimized with the Yoast SEO plugin v27.4 - https:\/\/yoast.com\/product\/yoast-seo-wordpress\/ -->\n<title>Thermo-Innenmatte Tecon Isotherm de luxe Marco Polo MJ 2014 - Bantam Camping AG<\/title>\n<meta name=\"robots\" content=\"index, follow, max-snippet:-1, max-image-preview:large, max-video-preview:-1\" \/>\n<link rel=\"canonical\" href=\"https:\/\/shop.bantam.ch\/de\/produkt\/thermo-innenmatte-marco-polo-mj-2014\/\" \/>\n<meta property=\"og:locale\" content=\"de_DE\" \/>\n<meta property=\"og:type\" content=\"article\" \/>\n<meta property=\"og:title\" content=\"Thermo-Innenmatte Tecon Isotherm de luxe Marco Polo MJ 2014 - Bantam Camping AG\" \/>\n<meta property=\"og:description\" content=\"Thermo-Innenmatte Isotherm De Luxe f\u00fcr die Fahrerhausfenster. Sind der ideale Schutz gegen Hitze und K\u00e4lte und dienen zugleich als Sichtschutz. Durch den Einsatz eines mehrlagigen D\u00e4mmstoffs wird eine hohe W\u00e4rmed\u00e4mmung im Winter erzielt. Die \u00e4u\u00dfere Silberbeschichtung gew\u00e4hrleistet im Sommer eine hohe Sonnenreflexion und verhindert das Aufheizen des Fahrzeugs. Befestigung mit Magneten und Spannst\u00e4ben. 8-lagig.\" \/>\n<meta property=\"og:url\" content=\"https:\/\/shop.bantam.ch\/de\/produkt\/thermo-innenmatte-marco-polo-mj-2014\/\" \/>\n<meta property=\"og:site_name\" content=\"Bantam Camping AG\" \/>\n<meta property=\"article:modified_time\" content=\"2026-04-18T19:24:40+00:00\" \/>\n<meta property=\"og:image\" content=\"https:\/\/shop.bantam.ch\/wp-content\/uploads\/2023\/02\/994283211.jpg\" \/>\n\t<meta property=\"og:image:width\" content=\"500\" \/>\n\t<meta property=\"og:image:height\" content=\"326\" \/>\n\t<meta property=\"og:image:type\" content=\"image\/jpeg\" \/>\n<meta name=\"twitter:card\" content=\"summary_large_image\" \/>\n<script type=\"application\/ld+json\" class=\"yoast-schema-graph\">{\"@context\":\"https:\\\/\\\/schema.org\",\"@graph\":[{\"@type\":\"WebPage\",\"@id\":\"https:\\\/\\\/shop.bantam.ch\\\/de\\\/produkt\\\/thermo-innenmatte-marco-polo-mj-2014\\\/\",\"url\":\"https:\\\/\\\/shop.bantam.ch\\\/de\\\/produkt\\\/thermo-innenmatte-marco-polo-mj-2014\\\/\",\"name\":\"Thermo-Innenmatte Tecon Isotherm de luxe Marco Polo MJ 2014 - Bantam Camping AG\",\"isPartOf\":{\"@id\":\"https:\\\/\\\/shop.bantam.ch\\\/de\\\/#website\"},\"primaryImageOfPage\":{\"@id\":\"https:\\\/\\\/shop.bantam.ch\\\/de\\\/produkt\\\/thermo-innenmatte-marco-polo-mj-2014\\\/#primaryimage\"},\"image\":{\"@id\":\"https:\\\/\\\/shop.bantam.ch\\\/de\\\/produkt\\\/thermo-innenmatte-marco-polo-mj-2014\\\/#primaryimage\"},\"thumbnailUrl\":\"https:\\\/\\\/shop.bantam.ch\\\/wp-content\\\/uploads\\\/2023\\\/02\\\/994283211.jpg\",\"datePublished\":\"2023-02-28T00:58:53+00:00\",\"dateModified\":\"2026-04-18T19:24:40+00:00\",\"breadcrumb\":{\"@id\":\"https:\\\/\\\/shop.bantam.ch\\\/de\\\/produkt\\\/thermo-innenmatte-marco-polo-mj-2014\\\/#breadcrumb\"},\"inLanguage\":\"de\",\"potentialAction\":[{\"@type\":\"ReadAction\",\"target\":[\"https:\\\/\\\/shop.bantam.ch\\\/de\\\/produkt\\\/thermo-innenmatte-marco-polo-mj-2014\\\/\"]}]},{\"@type\":\"ImageObject\",\"inLanguage\":\"de\",\"@id\":\"https:\\\/\\\/shop.bantam.ch\\\/de\\\/produkt\\\/thermo-innenmatte-marco-polo-mj-2014\\\/#primaryimage\",\"url\":\"https:\\\/\\\/shop.bantam.ch\\\/wp-content\\\/uploads\\\/2023\\\/02\\\/994283211.jpg\",\"contentUrl\":\"https:\\\/\\\/shop.bantam.ch\\\/wp-content\\\/uploads\\\/2023\\\/02\\\/994283211.jpg\",\"width\":500,\"height\":326},{\"@type\":\"BreadcrumbList\",\"@id\":\"https:\\\/\\\/shop.bantam.ch\\\/de\\\/produkt\\\/thermo-innenmatte-marco-polo-mj-2014\\\/#breadcrumb\",\"itemListElement\":[{\"@type\":\"ListItem\",\"position\":1,\"name\":\"Accueil\",\"item\":\"https:\\\/\\\/shop.bantam.ch\\\/de\\\/\"},{\"@type\":\"ListItem\",\"position\":2,\"name\":\"Shop\",\"item\":\"https:\\\/\\\/shop.bantam.ch\\\/de\\\/shop\\\/\"},{\"@type\":\"ListItem\",\"position\":3,\"name\":\"Thermo-Innenmatte Tecon Isotherm de luxe Marco Polo MJ 2014\"}]},{\"@type\":\"WebSite\",\"@id\":\"https:\\\/\\\/shop.bantam.ch\\\/de\\\/#website\",\"url\":\"https:\\\/\\\/shop.bantam.ch\\\/de\\\/\",\"name\":\"Bantam Camping AG\",\"description\":\"\",\"publisher\":{\"@id\":\"https:\\\/\\\/shop.bantam.ch\\\/de\\\/#organization\"},\"inLanguage\":\"de\"},{\"@type\":\"Organization\",\"@id\":\"https:\\\/\\\/shop.bantam.ch\\\/de\\\/#organization\",\"name\":\"Bantam Camping AG\",\"url\":\"https:\\\/\\\/shop.bantam.ch\\\/de\\\/\",\"logo\":{\"@type\":\"ImageObject\",\"inLanguage\":\"de\",\"@id\":\"https:\\\/\\\/shop.bantam.ch\\\/de\\\/#\\\/schema\\\/logo\\\/image\\\/\",\"url\":\"https:\\\/\\\/shop.bantam.ch\\\/wp-content\\\/uploads\\\/2022\\\/12\\\/bantam-logo.png\",\"contentUrl\":\"https:\\\/\\\/shop.bantam.ch\\\/wp-content\\\/uploads\\\/2022\\\/12\\\/bantam-logo.png\",\"width\":320,\"height\":71,\"caption\":\"Bantam Camping AG\"},\"image\":{\"@id\":\"https:\\\/\\\/shop.bantam.ch\\\/de\\\/#\\\/schema\\\/logo\\\/image\\\/\"}}]}<\/script>\n<!-- \/ Yoast SEO plugin. -->","yoast_head_json":{"title":"Thermo-Innenmatte Tecon Isotherm de luxe Marco Polo MJ 2014 - Bantam Camping AG","robots":{"index":"index","follow":"follow","max-snippet":"max-snippet:-1","max-image-preview":"max-image-preview:large","max-video-preview":"max-video-preview:-1"},"canonical":"https:\/\/shop.bantam.ch\/de\/produkt\/thermo-innenmatte-marco-polo-mj-2014\/","og_locale":"de_DE","og_type":"article","og_title":"Thermo-Innenmatte Tecon Isotherm de luxe Marco Polo MJ 2014 - Bantam Camping AG","og_description":"Thermo-Innenmatte Isotherm De Luxe f\u00fcr die Fahrerhausfenster. Sind der ideale Schutz gegen Hitze und K\u00e4lte und dienen zugleich als Sichtschutz. Durch den Einsatz eines mehrlagigen D\u00e4mmstoffs wird eine hohe W\u00e4rmed\u00e4mmung im Winter erzielt. Die \u00e4u\u00dfere Silberbeschichtung gew\u00e4hrleistet im Sommer eine hohe Sonnenreflexion und verhindert das Aufheizen des Fahrzeugs. Befestigung mit Magneten und Spannst\u00e4ben. 8-lagig.","og_url":"https:\/\/shop.bantam.ch\/de\/produkt\/thermo-innenmatte-marco-polo-mj-2014\/","og_site_name":"Bantam Camping AG","article_modified_time":"2026-04-18T19:24:40+00:00","og_image":[{"width":500,"height":326,"url":"https:\/\/shop.bantam.ch\/wp-content\/uploads\/2023\/02\/994283211.jpg","type":"image\/jpeg"}],"twitter_card":"summary_large_image","schema":{"@context":"https:\/\/schema.org","@graph":[{"@type":"WebPage","@id":"https:\/\/shop.bantam.ch\/de\/produkt\/thermo-innenmatte-marco-polo-mj-2014\/","url":"https:\/\/shop.bantam.ch\/de\/produkt\/thermo-innenmatte-marco-polo-mj-2014\/","name":"Thermo-Innenmatte Tecon Isotherm de luxe Marco Polo MJ 2014 - Bantam Camping AG","isPartOf":{"@id":"https:\/\/shop.bantam.ch\/de\/#website"},"primaryImageOfPage":{"@id":"https:\/\/shop.bantam.ch\/de\/produkt\/thermo-innenmatte-marco-polo-mj-2014\/#primaryimage"},"image":{"@id":"https:\/\/shop.bantam.ch\/de\/produkt\/thermo-innenmatte-marco-polo-mj-2014\/#primaryimage"},"thumbnailUrl":"https:\/\/shop.bantam.ch\/wp-content\/uploads\/2023\/02\/994283211.jpg","datePublished":"2023-02-28T00:58:53+00:00","dateModified":"2026-04-18T19:24:40+00:00","breadcrumb":{"@id":"https:\/\/shop.bantam.ch\/de\/produkt\/thermo-innenmatte-marco-polo-mj-2014\/#breadcrumb"},"inLanguage":"de","potentialAction":[{"@type":"ReadAction","target":["https:\/\/shop.bantam.ch\/de\/produkt\/thermo-innenmatte-marco-polo-mj-2014\/"]}]},{"@type":"ImageObject","inLanguage":"de","@id":"https:\/\/shop.bantam.ch\/de\/produkt\/thermo-innenmatte-marco-polo-mj-2014\/#primaryimage","url":"https:\/\/shop.bantam.ch\/wp-content\/uploads\/2023\/02\/994283211.jpg","contentUrl":"https:\/\/shop.bantam.ch\/wp-content\/uploads\/2023\/02\/994283211.jpg","width":500,"height":326},{"@type":"BreadcrumbList","@id":"https:\/\/shop.bantam.ch\/de\/produkt\/thermo-innenmatte-marco-polo-mj-2014\/#breadcrumb","itemListElement":[{"@type":"ListItem","position":1,"name":"Accueil","item":"https:\/\/shop.bantam.ch\/de\/"},{"@type":"ListItem","position":2,"name":"Shop","item":"https:\/\/shop.bantam.ch\/de\/shop\/"},{"@type":"ListItem","position":3,"name":"Thermo-Innenmatte Tecon Isotherm de luxe Marco Polo MJ 2014"}]},{"@type":"WebSite","@id":"https:\/\/shop.bantam.ch\/de\/#website","url":"https:\/\/shop.bantam.ch\/de\/","name":"Bantam Camping AG","description":"","publisher":{"@id":"https:\/\/shop.bantam.ch\/de\/#organization"},"inLanguage":"de"},{"@type":"Organization","@id":"https:\/\/shop.bantam.ch\/de\/#organization","name":"Bantam Camping AG","url":"https:\/\/shop.bantam.ch\/de\/","logo":{"@type":"ImageObject","inLanguage":"de","@id":"https:\/\/shop.bantam.ch\/de\/#\/schema\/logo\/image\/","url":"https:\/\/shop.bantam.ch\/wp-content\/uploads\/2022\/12\/bantam-logo.png","contentUrl":"https:\/\/shop.bantam.ch\/wp-content\/uploads\/2022\/12\/bantam-logo.png","width":320,"height":71,"caption":"Bantam Camping AG"},"image":{"@id":"https:\/\/shop.bantam.ch\/de\/#\/schema\/logo\/image\/"}}]}},"_links":{"self":[{"href":"https:\/\/shop.bantam.ch\/de\/wp-json\/wp\/v2\/product\/82453","targetHints":{"allow":["GET"]}}],"collection":[{"href":"https:\/\/shop.bantam.ch\/de\/wp-json\/wp\/v2\/product"}],"about":[{"href":"https:\/\/shop.bantam.ch\/de\/wp-json\/wp\/v2\/types\/product"}],"wp:featuredmedia":[{"embeddable":true,"href":"https:\/\/shop.bantam.ch\/de\/wp-json\/wp\/v2\/media\/82451"}],"wp:attachment":[{"href":"https:\/\/shop.bantam.ch\/de\/wp-json\/wp\/v2\/media?parent=82453"}],"wp:term":[{"taxonomy":"product_featured_cat","embeddable":true,"href":"https:\/\/shop.bantam.ch\/de\/wp-json\/wp\/v2\/product_featured_cat?post=82453"},{"taxonomy":"product_brand","embeddable":true,"href":"https:\/\/shop.bantam.ch\/de\/wp-json\/wp\/v2\/product_brand?post=82453"},{"taxonomy":"product_cat","embeddable":true,"href":"https:\/\/shop.bantam.ch\/de\/wp-json\/wp\/v2\/product_cat?post=82453"},{"taxonomy":"product_tag","embeddable":true,"href":"https:\/\/shop.bantam.ch\/de\/wp-json\/wp\/v2\/product_tag?post=82453"}],"curies":[{"name":"wp","href":"https:\/\/api.w.org\/{rel}","templated":true}]}}