{"id":82447,"date":"2023-02-28T01:58:34","date_gmt":"2023-02-28T00:58:34","guid":{"rendered":"http:\/\/shop.bantam.ch\/produit\/thermo-innenmatte-fiat-ducato-x290-ab-2014-mit-magnetbefestigung\/"},"modified":"2026-04-18T22:29:25","modified_gmt":"2026-04-18T20:29:25","slug":"thermo-innenmatte-fiat-ducato-x290-ab-2014-mit-magnetbefestigung","status":"publish","type":"product","link":"https:\/\/shop.bantam.ch\/de\/produkt\/thermo-innenmatte-fiat-ducato-x290-ab-2014-mit-magnetbefestigung\/","title":{"rendered":"Thermo-Innenmatte Fiat Ducato X290 ab 2014, mit Magnetbefestigung"},"content":{"rendered":"<p>F\u00fcr Fahrerhausfenster, sind der ideale Schutz gegen Hitze und K\u00e4lte und dienen zugleich als Sichtschutz. Durch den Einsatz eines mehrlagigen D\u00e4mmstoffs wird eine hohe W\u00e4rmed\u00e4mmung im Winter erzielt. Die \u00e4u\u00dfere Silberbeschichtung gew\u00e4hrleistet im Sommer eine hohe Sonnenreflexion und verhindert das Aufheizen des Fahrzeugs.<\/p>\n<p>Mit Magnetbesfestigung und Spannst\u00e4be, 8-lagig<\/p>\n","protected":false},"excerpt":{"rendered":"<p>F\u00fcr Fahrerhausfenster, sind der ideale Schutz gegen Hitze und K\u00e4lte und dienen zugleich als Sichtschutz. Durch den Einsatz eines mehrlagigen D\u00e4mmstoffs wird eine hohe W\u00e4rmed\u00e4mmung im Winter erzielt. Die \u00e4u\u00dfere Silberbeschichtung gew\u00e4hrleistet im Sommer eine hohe Sonnenreflexion und verhindert das Aufheizen des Fahrzeugs. Mit Magnetbesfestigung und Spannst\u00e4be, 8-lagig<\/p>\n","protected":false},"featured_media":82433,"template":"","meta":{"_acf_changed":false},"product_featured_cat":[],"product_brand":[3031],"product_cat":[4642],"product_tag":[],"class_list":{"0":"post-82447","1":"product","2":"type-product","3":"status-publish","4":"has-post-thumbnail","6":"product_brand-tecon-covercraft-de","7":"product_cat-thermomatten-vorhaenge","9":"first","10":"instock","11":"taxable","12":"shipping-taxable","13":"purchasable","14":"product-type-variable"},"acf":[],"yoast_head":"<!-- This site is optimized with the Yoast SEO plugin v27.4 - https:\/\/yoast.com\/product\/yoast-seo-wordpress\/ -->\n<title>Thermo-Innenmatte Fiat Ducato X290 ab 2014, mit Magnetbefestigung - Bantam Camping AG<\/title>\n<meta name=\"robots\" content=\"index, follow, max-snippet:-1, max-image-preview:large, max-video-preview:-1\" \/>\n<link rel=\"canonical\" href=\"https:\/\/shop.bantam.ch\/de\/produkt\/thermo-innenmatte-fiat-ducato-x290-ab-2014-mit-magnetbefestigung\/\" \/>\n<meta property=\"og:locale\" content=\"de_DE\" \/>\n<meta property=\"og:type\" content=\"article\" \/>\n<meta property=\"og:title\" content=\"Thermo-Innenmatte Fiat Ducato X290 ab 2014, mit Magnetbefestigung - Bantam Camping AG\" \/>\n<meta property=\"og:description\" content=\"F\u00fcr Fahrerhausfenster, sind der ideale Schutz gegen Hitze und K\u00e4lte und dienen zugleich als Sichtschutz. Durch den Einsatz eines mehrlagigen D\u00e4mmstoffs wird eine hohe W\u00e4rmed\u00e4mmung im Winter erzielt. Die \u00e4u\u00dfere Silberbeschichtung gew\u00e4hrleistet im Sommer eine hohe Sonnenreflexion und verhindert das Aufheizen des Fahrzeugs. Mit Magnetbesfestigung und Spannst\u00e4be, 8-lagig\" \/>\n<meta property=\"og:url\" content=\"https:\/\/shop.bantam.ch\/de\/produkt\/thermo-innenmatte-fiat-ducato-x290-ab-2014-mit-magnetbefestigung\/\" \/>\n<meta property=\"og:site_name\" content=\"Bantam Camping AG\" \/>\n<meta property=\"article:modified_time\" content=\"2026-04-18T20:29:25+00:00\" \/>\n<meta property=\"og:image\" content=\"https:\/\/shop.bantam.ch\/wp-content\/uploads\/2023\/02\/9967833-Thermovorhang_B_ab98_B-SL_01_mit_FHT_mit_Faltver-Standard-03.jpg\" \/>\n\t<meta property=\"og:image:width\" content=\"1000\" \/>\n\t<meta property=\"og:image:height\" content=\"431\" \/>\n\t<meta property=\"og:image:type\" content=\"image\/jpeg\" \/>\n<meta name=\"twitter:card\" content=\"summary_large_image\" \/>\n<script type=\"application\/ld+json\" class=\"yoast-schema-graph\">{\"@context\":\"https:\\\/\\\/schema.org\",\"@graph\":[{\"@type\":\"WebPage\",\"@id\":\"https:\\\/\\\/shop.bantam.ch\\\/de\\\/produkt\\\/thermo-innenmatte-fiat-ducato-x290-ab-2014-mit-magnetbefestigung\\\/\",\"url\":\"https:\\\/\\\/shop.bantam.ch\\\/de\\\/produkt\\\/thermo-innenmatte-fiat-ducato-x290-ab-2014-mit-magnetbefestigung\\\/\",\"name\":\"Thermo-Innenmatte Fiat Ducato X290 ab 2014, mit Magnetbefestigung - Bantam Camping AG\",\"isPartOf\":{\"@id\":\"https:\\\/\\\/shop.bantam.ch\\\/de\\\/#website\"},\"primaryImageOfPage\":{\"@id\":\"https:\\\/\\\/shop.bantam.ch\\\/de\\\/produkt\\\/thermo-innenmatte-fiat-ducato-x290-ab-2014-mit-magnetbefestigung\\\/#primaryimage\"},\"image\":{\"@id\":\"https:\\\/\\\/shop.bantam.ch\\\/de\\\/produkt\\\/thermo-innenmatte-fiat-ducato-x290-ab-2014-mit-magnetbefestigung\\\/#primaryimage\"},\"thumbnailUrl\":\"https:\\\/\\\/shop.bantam.ch\\\/wp-content\\\/uploads\\\/2023\\\/02\\\/9967833-Thermovorhang_B_ab98_B-SL_01_mit_FHT_mit_Faltver-Standard-03.jpg\",\"datePublished\":\"2023-02-28T00:58:34+00:00\",\"dateModified\":\"2026-04-18T20:29:25+00:00\",\"breadcrumb\":{\"@id\":\"https:\\\/\\\/shop.bantam.ch\\\/de\\\/produkt\\\/thermo-innenmatte-fiat-ducato-x290-ab-2014-mit-magnetbefestigung\\\/#breadcrumb\"},\"inLanguage\":\"de\",\"potentialAction\":[{\"@type\":\"ReadAction\",\"target\":[\"https:\\\/\\\/shop.bantam.ch\\\/de\\\/produkt\\\/thermo-innenmatte-fiat-ducato-x290-ab-2014-mit-magnetbefestigung\\\/\"]}]},{\"@type\":\"ImageObject\",\"inLanguage\":\"de\",\"@id\":\"https:\\\/\\\/shop.bantam.ch\\\/de\\\/produkt\\\/thermo-innenmatte-fiat-ducato-x290-ab-2014-mit-magnetbefestigung\\\/#primaryimage\",\"url\":\"https:\\\/\\\/shop.bantam.ch\\\/wp-content\\\/uploads\\\/2023\\\/02\\\/9967833-Thermovorhang_B_ab98_B-SL_01_mit_FHT_mit_Faltver-Standard-03.jpg\",\"contentUrl\":\"https:\\\/\\\/shop.bantam.ch\\\/wp-content\\\/uploads\\\/2023\\\/02\\\/9967833-Thermovorhang_B_ab98_B-SL_01_mit_FHT_mit_Faltver-Standard-03.jpg\",\"width\":1000,\"height\":431},{\"@type\":\"BreadcrumbList\",\"@id\":\"https:\\\/\\\/shop.bantam.ch\\\/de\\\/produkt\\\/thermo-innenmatte-fiat-ducato-x290-ab-2014-mit-magnetbefestigung\\\/#breadcrumb\",\"itemListElement\":[{\"@type\":\"ListItem\",\"position\":1,\"name\":\"Accueil\",\"item\":\"https:\\\/\\\/shop.bantam.ch\\\/de\\\/\"},{\"@type\":\"ListItem\",\"position\":2,\"name\":\"Shop\",\"item\":\"https:\\\/\\\/shop.bantam.ch\\\/de\\\/shop\\\/\"},{\"@type\":\"ListItem\",\"position\":3,\"name\":\"Thermo-Innenmatte Fiat Ducato X290 ab 2014, mit Magnetbefestigung\"}]},{\"@type\":\"WebSite\",\"@id\":\"https:\\\/\\\/shop.bantam.ch\\\/de\\\/#website\",\"url\":\"https:\\\/\\\/shop.bantam.ch\\\/de\\\/\",\"name\":\"Bantam Camping AG\",\"description\":\"\",\"publisher\":{\"@id\":\"https:\\\/\\\/shop.bantam.ch\\\/de\\\/#organization\"},\"inLanguage\":\"de\"},{\"@type\":\"Organization\",\"@id\":\"https:\\\/\\\/shop.bantam.ch\\\/de\\\/#organization\",\"name\":\"Bantam Camping AG\",\"url\":\"https:\\\/\\\/shop.bantam.ch\\\/de\\\/\",\"logo\":{\"@type\":\"ImageObject\",\"inLanguage\":\"de\",\"@id\":\"https:\\\/\\\/shop.bantam.ch\\\/de\\\/#\\\/schema\\\/logo\\\/image\\\/\",\"url\":\"https:\\\/\\\/shop.bantam.ch\\\/wp-content\\\/uploads\\\/2022\\\/12\\\/bantam-logo.png\",\"contentUrl\":\"https:\\\/\\\/shop.bantam.ch\\\/wp-content\\\/uploads\\\/2022\\\/12\\\/bantam-logo.png\",\"width\":320,\"height\":71,\"caption\":\"Bantam Camping AG\"},\"image\":{\"@id\":\"https:\\\/\\\/shop.bantam.ch\\\/de\\\/#\\\/schema\\\/logo\\\/image\\\/\"}}]}<\/script>\n<!-- \/ Yoast SEO plugin. -->","yoast_head_json":{"title":"Thermo-Innenmatte Fiat Ducato X290 ab 2014, mit Magnetbefestigung - Bantam Camping AG","robots":{"index":"index","follow":"follow","max-snippet":"max-snippet:-1","max-image-preview":"max-image-preview:large","max-video-preview":"max-video-preview:-1"},"canonical":"https:\/\/shop.bantam.ch\/de\/produkt\/thermo-innenmatte-fiat-ducato-x290-ab-2014-mit-magnetbefestigung\/","og_locale":"de_DE","og_type":"article","og_title":"Thermo-Innenmatte Fiat Ducato X290 ab 2014, mit Magnetbefestigung - Bantam Camping AG","og_description":"F\u00fcr Fahrerhausfenster, sind der ideale Schutz gegen Hitze und K\u00e4lte und dienen zugleich als Sichtschutz. Durch den Einsatz eines mehrlagigen D\u00e4mmstoffs wird eine hohe W\u00e4rmed\u00e4mmung im Winter erzielt. Die \u00e4u\u00dfere Silberbeschichtung gew\u00e4hrleistet im Sommer eine hohe Sonnenreflexion und verhindert das Aufheizen des Fahrzeugs. Mit Magnetbesfestigung und Spannst\u00e4be, 8-lagig","og_url":"https:\/\/shop.bantam.ch\/de\/produkt\/thermo-innenmatte-fiat-ducato-x290-ab-2014-mit-magnetbefestigung\/","og_site_name":"Bantam Camping AG","article_modified_time":"2026-04-18T20:29:25+00:00","og_image":[{"width":1000,"height":431,"url":"https:\/\/shop.bantam.ch\/wp-content\/uploads\/2023\/02\/9967833-Thermovorhang_B_ab98_B-SL_01_mit_FHT_mit_Faltver-Standard-03.jpg","type":"image\/jpeg"}],"twitter_card":"summary_large_image","schema":{"@context":"https:\/\/schema.org","@graph":[{"@type":"WebPage","@id":"https:\/\/shop.bantam.ch\/de\/produkt\/thermo-innenmatte-fiat-ducato-x290-ab-2014-mit-magnetbefestigung\/","url":"https:\/\/shop.bantam.ch\/de\/produkt\/thermo-innenmatte-fiat-ducato-x290-ab-2014-mit-magnetbefestigung\/","name":"Thermo-Innenmatte Fiat Ducato X290 ab 2014, mit Magnetbefestigung - Bantam Camping AG","isPartOf":{"@id":"https:\/\/shop.bantam.ch\/de\/#website"},"primaryImageOfPage":{"@id":"https:\/\/shop.bantam.ch\/de\/produkt\/thermo-innenmatte-fiat-ducato-x290-ab-2014-mit-magnetbefestigung\/#primaryimage"},"image":{"@id":"https:\/\/shop.bantam.ch\/de\/produkt\/thermo-innenmatte-fiat-ducato-x290-ab-2014-mit-magnetbefestigung\/#primaryimage"},"thumbnailUrl":"https:\/\/shop.bantam.ch\/wp-content\/uploads\/2023\/02\/9967833-Thermovorhang_B_ab98_B-SL_01_mit_FHT_mit_Faltver-Standard-03.jpg","datePublished":"2023-02-28T00:58:34+00:00","dateModified":"2026-04-18T20:29:25+00:00","breadcrumb":{"@id":"https:\/\/shop.bantam.ch\/de\/produkt\/thermo-innenmatte-fiat-ducato-x290-ab-2014-mit-magnetbefestigung\/#breadcrumb"},"inLanguage":"de","potentialAction":[{"@type":"ReadAction","target":["https:\/\/shop.bantam.ch\/de\/produkt\/thermo-innenmatte-fiat-ducato-x290-ab-2014-mit-magnetbefestigung\/"]}]},{"@type":"ImageObject","inLanguage":"de","@id":"https:\/\/shop.bantam.ch\/de\/produkt\/thermo-innenmatte-fiat-ducato-x290-ab-2014-mit-magnetbefestigung\/#primaryimage","url":"https:\/\/shop.bantam.ch\/wp-content\/uploads\/2023\/02\/9967833-Thermovorhang_B_ab98_B-SL_01_mit_FHT_mit_Faltver-Standard-03.jpg","contentUrl":"https:\/\/shop.bantam.ch\/wp-content\/uploads\/2023\/02\/9967833-Thermovorhang_B_ab98_B-SL_01_mit_FHT_mit_Faltver-Standard-03.jpg","width":1000,"height":431},{"@type":"BreadcrumbList","@id":"https:\/\/shop.bantam.ch\/de\/produkt\/thermo-innenmatte-fiat-ducato-x290-ab-2014-mit-magnetbefestigung\/#breadcrumb","itemListElement":[{"@type":"ListItem","position":1,"name":"Accueil","item":"https:\/\/shop.bantam.ch\/de\/"},{"@type":"ListItem","position":2,"name":"Shop","item":"https:\/\/shop.bantam.ch\/de\/shop\/"},{"@type":"ListItem","position":3,"name":"Thermo-Innenmatte Fiat Ducato X290 ab 2014, mit Magnetbefestigung"}]},{"@type":"WebSite","@id":"https:\/\/shop.bantam.ch\/de\/#website","url":"https:\/\/shop.bantam.ch\/de\/","name":"Bantam Camping AG","description":"","publisher":{"@id":"https:\/\/shop.bantam.ch\/de\/#organization"},"inLanguage":"de"},{"@type":"Organization","@id":"https:\/\/shop.bantam.ch\/de\/#organization","name":"Bantam Camping AG","url":"https:\/\/shop.bantam.ch\/de\/","logo":{"@type":"ImageObject","inLanguage":"de","@id":"https:\/\/shop.bantam.ch\/de\/#\/schema\/logo\/image\/","url":"https:\/\/shop.bantam.ch\/wp-content\/uploads\/2022\/12\/bantam-logo.png","contentUrl":"https:\/\/shop.bantam.ch\/wp-content\/uploads\/2022\/12\/bantam-logo.png","width":320,"height":71,"caption":"Bantam Camping AG"},"image":{"@id":"https:\/\/shop.bantam.ch\/de\/#\/schema\/logo\/image\/"}}]}},"_links":{"self":[{"href":"https:\/\/shop.bantam.ch\/de\/wp-json\/wp\/v2\/product\/82447","targetHints":{"allow":["GET"]}}],"collection":[{"href":"https:\/\/shop.bantam.ch\/de\/wp-json\/wp\/v2\/product"}],"about":[{"href":"https:\/\/shop.bantam.ch\/de\/wp-json\/wp\/v2\/types\/product"}],"wp:featuredmedia":[{"embeddable":true,"href":"https:\/\/shop.bantam.ch\/de\/wp-json\/wp\/v2\/media\/82433"}],"wp:attachment":[{"href":"https:\/\/shop.bantam.ch\/de\/wp-json\/wp\/v2\/media?parent=82447"}],"wp:term":[{"taxonomy":"product_featured_cat","embeddable":true,"href":"https:\/\/shop.bantam.ch\/de\/wp-json\/wp\/v2\/product_featured_cat?post=82447"},{"taxonomy":"product_brand","embeddable":true,"href":"https:\/\/shop.bantam.ch\/de\/wp-json\/wp\/v2\/product_brand?post=82447"},{"taxonomy":"product_cat","embeddable":true,"href":"https:\/\/shop.bantam.ch\/de\/wp-json\/wp\/v2\/product_cat?post=82447"},{"taxonomy":"product_tag","embeddable":true,"href":"https:\/\/shop.bantam.ch\/de\/wp-json\/wp\/v2\/product_tag?post=82447"}],"curies":[{"name":"wp","href":"https:\/\/api.w.org\/{rel}","templated":true}]}}