{"id":82205,"date":"2023-02-28T01:54:12","date_gmt":"2023-02-28T00:54:12","guid":{"rendered":"http:\/\/shop.bantam.ch\/produit\/seitenwaende-rolli-premium-classic\/"},"modified":"2026-04-18T21:24:33","modified_gmt":"2026-04-18T19:24:33","slug":"seitenwaende-rolli-premium-classic","status":"publish","type":"product","link":"https:\/\/shop.bantam.ch\/de\/produkt\/seitenwaende-rolli-premium-classic\/","title":{"rendered":"Seitenw\u00e4nde WIGO Rolli  Classi 250 cm Fb. schwarz\/grau"},"content":{"rendered":"<p>Passend zu Sackmarkise Rolli Premium Classic.<\/p>\n<p>Die Markise ergibt mit Vorderwand und Seitenw\u00e4nden eine ideale Zeltausbauversion. Einfache Montage und hervorragende Passform von Dach und Seitenw\u00e4nden. Geringes Gewicht durch den Einsatz von leichtem Airtex Gewebe.<br \/>Modulare Bauweise mit vielen Varianten und nachtr\u00e4glicher Ausbaum\u00f6glichkeit. So k\u00f6nnen z.B. die Seitenw\u00e4nde einzeln erworben werden. Das Rolli passt daher an fast alle Wohnwagentypen.<\/p>\n<p>Die Seitenw\u00e4nde sind mit Air-Vent-Fenstern und mit Gardinen ausgestattet.<\/p>\n<p>Lieferumfang:<br \/>2 x Seitenwand<\/p>\n<p>Material:<br \/>Seitenwand: Airtex (100 % Polyester (mit Acrylatbeschichtung))<br \/>Faulstreifen und Spritzwand: PVC<\/p>\n","protected":false},"excerpt":{"rendered":"<p>Passend zu Sackmarkise Rolli Premium Classic. Die Markise ergibt mit Vorderwand und Seitenw\u00e4nden eine ideale Zeltausbauversion. Einfache Montage und hervorragende Passform von Dach und Seitenw\u00e4nden. Geringes Gewicht durch den Einsatz von leichtem Airtex Gewebe.Modulare Bauweise mit vielen Varianten und nachtr\u00e4glicher Ausbaum\u00f6glichkeit. So k\u00f6nnen z.B. die Seitenw\u00e4nde einzeln erworben werden. Das Rolli passt daher an fast [&hellip;]<\/p>\n","protected":false},"featured_media":82203,"template":"","meta":{"_acf_changed":false},"product_featured_cat":[],"product_brand":[3043],"product_cat":[4222,4224],"product_tag":[],"class_list":{"0":"post-82205","1":"product","2":"type-product","3":"status-publish","4":"has-post-thumbnail","6":"product_brand-wigo-de","7":"product_cat-markisen-seitenwaende","8":"product_cat-markisen-vorzelte","10":"first","11":"instock","12":"taxable","13":"shipping-taxable","14":"purchasable","15":"product-type-simple"},"acf":[],"yoast_head":"<!-- This site is optimized with the Yoast SEO plugin v27.4 - https:\/\/yoast.com\/product\/yoast-seo-wordpress\/ -->\n<title>Seitenw\u00e4nde WIGO Rolli Classi 250 cm Fb. schwarz\/grau - Bantam Camping AG<\/title>\n<meta name=\"robots\" content=\"index, follow, max-snippet:-1, max-image-preview:large, max-video-preview:-1\" \/>\n<link rel=\"canonical\" href=\"https:\/\/shop.bantam.ch\/de\/produkt\/seitenwaende-rolli-premium-classic\/\" \/>\n<meta property=\"og:locale\" content=\"de_DE\" \/>\n<meta property=\"og:type\" content=\"article\" \/>\n<meta property=\"og:title\" content=\"Seitenw\u00e4nde WIGO Rolli Classi 250 cm Fb. schwarz\/grau - Bantam Camping AG\" \/>\n<meta property=\"og:description\" content=\"Passend zu Sackmarkise Rolli Premium Classic. Die Markise ergibt mit Vorderwand und Seitenw\u00e4nden eine ideale Zeltausbauversion. Einfache Montage und hervorragende Passform von Dach und Seitenw\u00e4nden. Geringes Gewicht durch den Einsatz von leichtem Airtex Gewebe.Modulare Bauweise mit vielen Varianten und nachtr\u00e4glicher Ausbaum\u00f6glichkeit. So k\u00f6nnen z.B. die Seitenw\u00e4nde einzeln erworben werden. Das Rolli passt daher an fast [&hellip;]\" \/>\n<meta property=\"og:url\" content=\"https:\/\/shop.bantam.ch\/de\/produkt\/seitenwaende-rolli-premium-classic\/\" \/>\n<meta property=\"og:site_name\" content=\"Bantam Camping AG\" \/>\n<meta property=\"article:modified_time\" content=\"2026-04-18T19:24:33+00:00\" \/>\n<meta property=\"og:image\" content=\"https:\/\/shop.bantam.ch\/wp-content\/uploads\/2023\/02\/995494321.jpg\" \/>\n\t<meta property=\"og:image:width\" content=\"1000\" \/>\n\t<meta property=\"og:image:height\" content=\"598\" \/>\n\t<meta property=\"og:image:type\" content=\"image\/jpeg\" \/>\n<meta name=\"twitter:card\" content=\"summary_large_image\" \/>\n<script type=\"application\/ld+json\" class=\"yoast-schema-graph\">{\"@context\":\"https:\\\/\\\/schema.org\",\"@graph\":[{\"@type\":\"WebPage\",\"@id\":\"https:\\\/\\\/shop.bantam.ch\\\/de\\\/produkt\\\/seitenwaende-rolli-premium-classic\\\/\",\"url\":\"https:\\\/\\\/shop.bantam.ch\\\/de\\\/produkt\\\/seitenwaende-rolli-premium-classic\\\/\",\"name\":\"Seitenw\u00e4nde WIGO Rolli Classi 250 cm Fb. schwarz\\\/grau - Bantam Camping AG\",\"isPartOf\":{\"@id\":\"https:\\\/\\\/shop.bantam.ch\\\/de\\\/#website\"},\"primaryImageOfPage\":{\"@id\":\"https:\\\/\\\/shop.bantam.ch\\\/de\\\/produkt\\\/seitenwaende-rolli-premium-classic\\\/#primaryimage\"},\"image\":{\"@id\":\"https:\\\/\\\/shop.bantam.ch\\\/de\\\/produkt\\\/seitenwaende-rolli-premium-classic\\\/#primaryimage\"},\"thumbnailUrl\":\"https:\\\/\\\/shop.bantam.ch\\\/wp-content\\\/uploads\\\/2023\\\/02\\\/995494321.jpg\",\"datePublished\":\"2023-02-28T00:54:12+00:00\",\"dateModified\":\"2026-04-18T19:24:33+00:00\",\"breadcrumb\":{\"@id\":\"https:\\\/\\\/shop.bantam.ch\\\/de\\\/produkt\\\/seitenwaende-rolli-premium-classic\\\/#breadcrumb\"},\"inLanguage\":\"de\",\"potentialAction\":[{\"@type\":\"ReadAction\",\"target\":[\"https:\\\/\\\/shop.bantam.ch\\\/de\\\/produkt\\\/seitenwaende-rolli-premium-classic\\\/\"]}]},{\"@type\":\"ImageObject\",\"inLanguage\":\"de\",\"@id\":\"https:\\\/\\\/shop.bantam.ch\\\/de\\\/produkt\\\/seitenwaende-rolli-premium-classic\\\/#primaryimage\",\"url\":\"https:\\\/\\\/shop.bantam.ch\\\/wp-content\\\/uploads\\\/2023\\\/02\\\/995494321.jpg\",\"contentUrl\":\"https:\\\/\\\/shop.bantam.ch\\\/wp-content\\\/uploads\\\/2023\\\/02\\\/995494321.jpg\",\"width\":1000,\"height\":598},{\"@type\":\"BreadcrumbList\",\"@id\":\"https:\\\/\\\/shop.bantam.ch\\\/de\\\/produkt\\\/seitenwaende-rolli-premium-classic\\\/#breadcrumb\",\"itemListElement\":[{\"@type\":\"ListItem\",\"position\":1,\"name\":\"Accueil\",\"item\":\"https:\\\/\\\/shop.bantam.ch\\\/de\\\/\"},{\"@type\":\"ListItem\",\"position\":2,\"name\":\"Shop\",\"item\":\"https:\\\/\\\/shop.bantam.ch\\\/de\\\/shop\\\/\"},{\"@type\":\"ListItem\",\"position\":3,\"name\":\"Seitenw\u00e4nde WIGO Rolli Classi 250 cm Fb. schwarz\\\/grau\"}]},{\"@type\":\"WebSite\",\"@id\":\"https:\\\/\\\/shop.bantam.ch\\\/de\\\/#website\",\"url\":\"https:\\\/\\\/shop.bantam.ch\\\/de\\\/\",\"name\":\"Bantam Camping AG\",\"description\":\"\",\"publisher\":{\"@id\":\"https:\\\/\\\/shop.bantam.ch\\\/de\\\/#organization\"},\"inLanguage\":\"de\"},{\"@type\":\"Organization\",\"@id\":\"https:\\\/\\\/shop.bantam.ch\\\/de\\\/#organization\",\"name\":\"Bantam Camping AG\",\"url\":\"https:\\\/\\\/shop.bantam.ch\\\/de\\\/\",\"logo\":{\"@type\":\"ImageObject\",\"inLanguage\":\"de\",\"@id\":\"https:\\\/\\\/shop.bantam.ch\\\/de\\\/#\\\/schema\\\/logo\\\/image\\\/\",\"url\":\"https:\\\/\\\/shop.bantam.ch\\\/wp-content\\\/uploads\\\/2022\\\/12\\\/bantam-logo.png\",\"contentUrl\":\"https:\\\/\\\/shop.bantam.ch\\\/wp-content\\\/uploads\\\/2022\\\/12\\\/bantam-logo.png\",\"width\":320,\"height\":71,\"caption\":\"Bantam Camping AG\"},\"image\":{\"@id\":\"https:\\\/\\\/shop.bantam.ch\\\/de\\\/#\\\/schema\\\/logo\\\/image\\\/\"}}]}<\/script>\n<!-- \/ Yoast SEO plugin. -->","yoast_head_json":{"title":"Seitenw\u00e4nde WIGO Rolli Classi 250 cm Fb. schwarz\/grau - Bantam Camping AG","robots":{"index":"index","follow":"follow","max-snippet":"max-snippet:-1","max-image-preview":"max-image-preview:large","max-video-preview":"max-video-preview:-1"},"canonical":"https:\/\/shop.bantam.ch\/de\/produkt\/seitenwaende-rolli-premium-classic\/","og_locale":"de_DE","og_type":"article","og_title":"Seitenw\u00e4nde WIGO Rolli Classi 250 cm Fb. schwarz\/grau - Bantam Camping AG","og_description":"Passend zu Sackmarkise Rolli Premium Classic. Die Markise ergibt mit Vorderwand und Seitenw\u00e4nden eine ideale Zeltausbauversion. Einfache Montage und hervorragende Passform von Dach und Seitenw\u00e4nden. Geringes Gewicht durch den Einsatz von leichtem Airtex Gewebe.Modulare Bauweise mit vielen Varianten und nachtr\u00e4glicher Ausbaum\u00f6glichkeit. So k\u00f6nnen z.B. die Seitenw\u00e4nde einzeln erworben werden. Das Rolli passt daher an fast [&hellip;]","og_url":"https:\/\/shop.bantam.ch\/de\/produkt\/seitenwaende-rolli-premium-classic\/","og_site_name":"Bantam Camping AG","article_modified_time":"2026-04-18T19:24:33+00:00","og_image":[{"width":1000,"height":598,"url":"https:\/\/shop.bantam.ch\/wp-content\/uploads\/2023\/02\/995494321.jpg","type":"image\/jpeg"}],"twitter_card":"summary_large_image","schema":{"@context":"https:\/\/schema.org","@graph":[{"@type":"WebPage","@id":"https:\/\/shop.bantam.ch\/de\/produkt\/seitenwaende-rolli-premium-classic\/","url":"https:\/\/shop.bantam.ch\/de\/produkt\/seitenwaende-rolli-premium-classic\/","name":"Seitenw\u00e4nde WIGO Rolli Classi 250 cm Fb. schwarz\/grau - Bantam Camping AG","isPartOf":{"@id":"https:\/\/shop.bantam.ch\/de\/#website"},"primaryImageOfPage":{"@id":"https:\/\/shop.bantam.ch\/de\/produkt\/seitenwaende-rolli-premium-classic\/#primaryimage"},"image":{"@id":"https:\/\/shop.bantam.ch\/de\/produkt\/seitenwaende-rolli-premium-classic\/#primaryimage"},"thumbnailUrl":"https:\/\/shop.bantam.ch\/wp-content\/uploads\/2023\/02\/995494321.jpg","datePublished":"2023-02-28T00:54:12+00:00","dateModified":"2026-04-18T19:24:33+00:00","breadcrumb":{"@id":"https:\/\/shop.bantam.ch\/de\/produkt\/seitenwaende-rolli-premium-classic\/#breadcrumb"},"inLanguage":"de","potentialAction":[{"@type":"ReadAction","target":["https:\/\/shop.bantam.ch\/de\/produkt\/seitenwaende-rolli-premium-classic\/"]}]},{"@type":"ImageObject","inLanguage":"de","@id":"https:\/\/shop.bantam.ch\/de\/produkt\/seitenwaende-rolli-premium-classic\/#primaryimage","url":"https:\/\/shop.bantam.ch\/wp-content\/uploads\/2023\/02\/995494321.jpg","contentUrl":"https:\/\/shop.bantam.ch\/wp-content\/uploads\/2023\/02\/995494321.jpg","width":1000,"height":598},{"@type":"BreadcrumbList","@id":"https:\/\/shop.bantam.ch\/de\/produkt\/seitenwaende-rolli-premium-classic\/#breadcrumb","itemListElement":[{"@type":"ListItem","position":1,"name":"Accueil","item":"https:\/\/shop.bantam.ch\/de\/"},{"@type":"ListItem","position":2,"name":"Shop","item":"https:\/\/shop.bantam.ch\/de\/shop\/"},{"@type":"ListItem","position":3,"name":"Seitenw\u00e4nde WIGO Rolli Classi 250 cm Fb. schwarz\/grau"}]},{"@type":"WebSite","@id":"https:\/\/shop.bantam.ch\/de\/#website","url":"https:\/\/shop.bantam.ch\/de\/","name":"Bantam Camping AG","description":"","publisher":{"@id":"https:\/\/shop.bantam.ch\/de\/#organization"},"inLanguage":"de"},{"@type":"Organization","@id":"https:\/\/shop.bantam.ch\/de\/#organization","name":"Bantam Camping AG","url":"https:\/\/shop.bantam.ch\/de\/","logo":{"@type":"ImageObject","inLanguage":"de","@id":"https:\/\/shop.bantam.ch\/de\/#\/schema\/logo\/image\/","url":"https:\/\/shop.bantam.ch\/wp-content\/uploads\/2022\/12\/bantam-logo.png","contentUrl":"https:\/\/shop.bantam.ch\/wp-content\/uploads\/2022\/12\/bantam-logo.png","width":320,"height":71,"caption":"Bantam Camping AG"},"image":{"@id":"https:\/\/shop.bantam.ch\/de\/#\/schema\/logo\/image\/"}}]}},"_links":{"self":[{"href":"https:\/\/shop.bantam.ch\/de\/wp-json\/wp\/v2\/product\/82205","targetHints":{"allow":["GET"]}}],"collection":[{"href":"https:\/\/shop.bantam.ch\/de\/wp-json\/wp\/v2\/product"}],"about":[{"href":"https:\/\/shop.bantam.ch\/de\/wp-json\/wp\/v2\/types\/product"}],"wp:featuredmedia":[{"embeddable":true,"href":"https:\/\/shop.bantam.ch\/de\/wp-json\/wp\/v2\/media\/82203"}],"wp:attachment":[{"href":"https:\/\/shop.bantam.ch\/de\/wp-json\/wp\/v2\/media?parent=82205"}],"wp:term":[{"taxonomy":"product_featured_cat","embeddable":true,"href":"https:\/\/shop.bantam.ch\/de\/wp-json\/wp\/v2\/product_featured_cat?post=82205"},{"taxonomy":"product_brand","embeddable":true,"href":"https:\/\/shop.bantam.ch\/de\/wp-json\/wp\/v2\/product_brand?post=82205"},{"taxonomy":"product_cat","embeddable":true,"href":"https:\/\/shop.bantam.ch\/de\/wp-json\/wp\/v2\/product_cat?post=82205"},{"taxonomy":"product_tag","embeddable":true,"href":"https:\/\/shop.bantam.ch\/de\/wp-json\/wp\/v2\/product_tag?post=82205"}],"curies":[{"name":"wp","href":"https:\/\/api.w.org\/{rel}","templated":true}]}}