{"id":82106,"date":"2023-02-28T01:51:55","date_gmt":"2023-02-28T00:51:55","guid":{"rendered":"http:\/\/shop.bantam.ch\/produit\/markisenzelt-rolli-classic\/"},"modified":"2026-04-18T22:28:44","modified_gmt":"2026-04-18T20:28:44","slug":"markisenzelt-rolli-classic","status":"publish","type":"product","link":"https:\/\/shop.bantam.ch\/de\/produkt\/markisenzelt-rolli-classic\/","title":{"rendered":"Markisenzelt Rolli Classic"},"content":{"rendered":"<p>Das Modell Rolli Premium Classic Markisenzelt vereint schnelles und einfaches Handling mit hoher Qualit\u00e4t und Stabilit\u00e4t sowie einer Vielfalt an Variationsm\u00f6glichkeiten in der Verwendung.<br \/>Es besticht vor allem durch sein schickes und zeitloses Design.<\/p>\n<p>In den Seitenw\u00e4nden sind Air-Vent-Fenster vorhanden. Der Eingang in die Vorderwand ist tauschbar.<\/p>\n<p>Lieferumfang:<br \/>Dach mit Aluminium-Profil<br \/>Dach- und Aufstellstangen aus Aluminium mit Power-Grip<br \/>Vorderwand und Seitenw\u00e4nde<br \/>Andruckpolster mit Andruckstangen<br \/>Abspannmaterialien<br \/>Montagematerial<br \/>Aufbauanleitung<\/p>\n<p>Material:<br \/>Dach: Hochreflektierende Klimatisierungsdachware mit Easy-Clean-Schmutzbremse<br \/>Vorder- und Seitenw\u00e4nde: Airtex-Spezialgewebe (100 % Polyester (mit einseitiger Acrylbeschichtung))<br \/>Faulstreifen und Spritzwand: PVC<br \/>Gest\u00e4nge: Aluminium<\/p>\n","protected":false},"excerpt":{"rendered":"<p>Das Modell Rolli Premium Classic Markisenzelt vereint schnelles und einfaches Handling mit hoher Qualit\u00e4t und Stabilit\u00e4t sowie einer Vielfalt an Variationsm\u00f6glichkeiten in der Verwendung.Es besticht vor allem durch sein schickes und zeitloses Design. In den Seitenw\u00e4nden sind Air-Vent-Fenster vorhanden. Der Eingang in die Vorderwand ist tauschbar. Lieferumfang:Dach mit Aluminium-ProfilDach- und Aufstellstangen aus Aluminium mit Power-GripVorderwand [&hellip;]<\/p>\n","protected":false},"featured_media":82071,"template":"","meta":{"_acf_changed":false},"product_featured_cat":[],"product_brand":[3043],"product_cat":[4224],"product_tag":[],"class_list":{"0":"post-82106","1":"product","2":"type-product","3":"status-publish","4":"has-post-thumbnail","6":"product_brand-wigo-de","7":"product_cat-markisen-vorzelte","9":"first","10":"instock","11":"taxable","12":"shipping-taxable","13":"purchasable","14":"product-type-variable"},"acf":[],"yoast_head":"<!-- This site is optimized with the Yoast SEO plugin v27.4 - https:\/\/yoast.com\/product\/yoast-seo-wordpress\/ -->\n<title>Markisenzelt Rolli Classic - Bantam Camping AG<\/title>\n<meta name=\"robots\" content=\"index, follow, max-snippet:-1, max-image-preview:large, max-video-preview:-1\" \/>\n<link rel=\"canonical\" href=\"https:\/\/shop.bantam.ch\/de\/produkt\/markisenzelt-rolli-classic\/\" \/>\n<meta property=\"og:locale\" content=\"de_DE\" \/>\n<meta property=\"og:type\" content=\"article\" \/>\n<meta property=\"og:title\" content=\"Markisenzelt Rolli Classic - Bantam Camping AG\" \/>\n<meta property=\"og:description\" content=\"Das Modell Rolli Premium Classic Markisenzelt vereint schnelles und einfaches Handling mit hoher Qualit\u00e4t und Stabilit\u00e4t sowie einer Vielfalt an Variationsm\u00f6glichkeiten in der Verwendung.Es besticht vor allem durch sein schickes und zeitloses Design. In den Seitenw\u00e4nden sind Air-Vent-Fenster vorhanden. Der Eingang in die Vorderwand ist tauschbar. Lieferumfang:Dach mit Aluminium-ProfilDach- und Aufstellstangen aus Aluminium mit Power-GripVorderwand [&hellip;]\" \/>\n<meta property=\"og:url\" content=\"https:\/\/shop.bantam.ch\/de\/produkt\/markisenzelt-rolli-classic\/\" \/>\n<meta property=\"og:site_name\" content=\"Bantam Camping AG\" \/>\n<meta property=\"article:modified_time\" content=\"2026-04-18T20:28:44+00:00\" \/>\n<meta property=\"og:image\" content=\"https:\/\/shop.bantam.ch\/wp-content\/uploads\/2023\/02\/995491321.jpg\" \/>\n\t<meta property=\"og:image:width\" content=\"1000\" \/>\n\t<meta property=\"og:image:height\" content=\"598\" \/>\n\t<meta property=\"og:image:type\" content=\"image\/jpeg\" \/>\n<meta name=\"twitter:card\" content=\"summary_large_image\" \/>\n<script type=\"application\/ld+json\" class=\"yoast-schema-graph\">{\"@context\":\"https:\\\/\\\/schema.org\",\"@graph\":[{\"@type\":\"WebPage\",\"@id\":\"https:\\\/\\\/shop.bantam.ch\\\/de\\\/produkt\\\/markisenzelt-rolli-classic\\\/\",\"url\":\"https:\\\/\\\/shop.bantam.ch\\\/de\\\/produkt\\\/markisenzelt-rolli-classic\\\/\",\"name\":\"Markisenzelt Rolli Classic - Bantam Camping AG\",\"isPartOf\":{\"@id\":\"https:\\\/\\\/shop.bantam.ch\\\/de\\\/#website\"},\"primaryImageOfPage\":{\"@id\":\"https:\\\/\\\/shop.bantam.ch\\\/de\\\/produkt\\\/markisenzelt-rolli-classic\\\/#primaryimage\"},\"image\":{\"@id\":\"https:\\\/\\\/shop.bantam.ch\\\/de\\\/produkt\\\/markisenzelt-rolli-classic\\\/#primaryimage\"},\"thumbnailUrl\":\"https:\\\/\\\/shop.bantam.ch\\\/wp-content\\\/uploads\\\/2023\\\/02\\\/995491321.jpg\",\"datePublished\":\"2023-02-28T00:51:55+00:00\",\"dateModified\":\"2026-04-18T20:28:44+00:00\",\"breadcrumb\":{\"@id\":\"https:\\\/\\\/shop.bantam.ch\\\/de\\\/produkt\\\/markisenzelt-rolli-classic\\\/#breadcrumb\"},\"inLanguage\":\"de\",\"potentialAction\":[{\"@type\":\"ReadAction\",\"target\":[\"https:\\\/\\\/shop.bantam.ch\\\/de\\\/produkt\\\/markisenzelt-rolli-classic\\\/\"]}]},{\"@type\":\"ImageObject\",\"inLanguage\":\"de\",\"@id\":\"https:\\\/\\\/shop.bantam.ch\\\/de\\\/produkt\\\/markisenzelt-rolli-classic\\\/#primaryimage\",\"url\":\"https:\\\/\\\/shop.bantam.ch\\\/wp-content\\\/uploads\\\/2023\\\/02\\\/995491321.jpg\",\"contentUrl\":\"https:\\\/\\\/shop.bantam.ch\\\/wp-content\\\/uploads\\\/2023\\\/02\\\/995491321.jpg\",\"width\":1000,\"height\":598},{\"@type\":\"BreadcrumbList\",\"@id\":\"https:\\\/\\\/shop.bantam.ch\\\/de\\\/produkt\\\/markisenzelt-rolli-classic\\\/#breadcrumb\",\"itemListElement\":[{\"@type\":\"ListItem\",\"position\":1,\"name\":\"Accueil\",\"item\":\"https:\\\/\\\/shop.bantam.ch\\\/de\\\/\"},{\"@type\":\"ListItem\",\"position\":2,\"name\":\"Shop\",\"item\":\"https:\\\/\\\/shop.bantam.ch\\\/de\\\/shop\\\/\"},{\"@type\":\"ListItem\",\"position\":3,\"name\":\"Markisenzelt Rolli Classic\"}]},{\"@type\":\"WebSite\",\"@id\":\"https:\\\/\\\/shop.bantam.ch\\\/de\\\/#website\",\"url\":\"https:\\\/\\\/shop.bantam.ch\\\/de\\\/\",\"name\":\"Bantam Camping AG\",\"description\":\"\",\"publisher\":{\"@id\":\"https:\\\/\\\/shop.bantam.ch\\\/de\\\/#organization\"},\"inLanguage\":\"de\"},{\"@type\":\"Organization\",\"@id\":\"https:\\\/\\\/shop.bantam.ch\\\/de\\\/#organization\",\"name\":\"Bantam Camping AG\",\"url\":\"https:\\\/\\\/shop.bantam.ch\\\/de\\\/\",\"logo\":{\"@type\":\"ImageObject\",\"inLanguage\":\"de\",\"@id\":\"https:\\\/\\\/shop.bantam.ch\\\/de\\\/#\\\/schema\\\/logo\\\/image\\\/\",\"url\":\"https:\\\/\\\/shop.bantam.ch\\\/wp-content\\\/uploads\\\/2022\\\/12\\\/bantam-logo.png\",\"contentUrl\":\"https:\\\/\\\/shop.bantam.ch\\\/wp-content\\\/uploads\\\/2022\\\/12\\\/bantam-logo.png\",\"width\":320,\"height\":71,\"caption\":\"Bantam Camping AG\"},\"image\":{\"@id\":\"https:\\\/\\\/shop.bantam.ch\\\/de\\\/#\\\/schema\\\/logo\\\/image\\\/\"}}]}<\/script>\n<!-- \/ Yoast SEO plugin. -->","yoast_head_json":{"title":"Markisenzelt Rolli Classic - Bantam Camping AG","robots":{"index":"index","follow":"follow","max-snippet":"max-snippet:-1","max-image-preview":"max-image-preview:large","max-video-preview":"max-video-preview:-1"},"canonical":"https:\/\/shop.bantam.ch\/de\/produkt\/markisenzelt-rolli-classic\/","og_locale":"de_DE","og_type":"article","og_title":"Markisenzelt Rolli Classic - Bantam Camping AG","og_description":"Das Modell Rolli Premium Classic Markisenzelt vereint schnelles und einfaches Handling mit hoher Qualit\u00e4t und Stabilit\u00e4t sowie einer Vielfalt an Variationsm\u00f6glichkeiten in der Verwendung.Es besticht vor allem durch sein schickes und zeitloses Design. In den Seitenw\u00e4nden sind Air-Vent-Fenster vorhanden. Der Eingang in die Vorderwand ist tauschbar. Lieferumfang:Dach mit Aluminium-ProfilDach- und Aufstellstangen aus Aluminium mit Power-GripVorderwand [&hellip;]","og_url":"https:\/\/shop.bantam.ch\/de\/produkt\/markisenzelt-rolli-classic\/","og_site_name":"Bantam Camping AG","article_modified_time":"2026-04-18T20:28:44+00:00","og_image":[{"width":1000,"height":598,"url":"https:\/\/shop.bantam.ch\/wp-content\/uploads\/2023\/02\/995491321.jpg","type":"image\/jpeg"}],"twitter_card":"summary_large_image","schema":{"@context":"https:\/\/schema.org","@graph":[{"@type":"WebPage","@id":"https:\/\/shop.bantam.ch\/de\/produkt\/markisenzelt-rolli-classic\/","url":"https:\/\/shop.bantam.ch\/de\/produkt\/markisenzelt-rolli-classic\/","name":"Markisenzelt Rolli Classic - Bantam Camping AG","isPartOf":{"@id":"https:\/\/shop.bantam.ch\/de\/#website"},"primaryImageOfPage":{"@id":"https:\/\/shop.bantam.ch\/de\/produkt\/markisenzelt-rolli-classic\/#primaryimage"},"image":{"@id":"https:\/\/shop.bantam.ch\/de\/produkt\/markisenzelt-rolli-classic\/#primaryimage"},"thumbnailUrl":"https:\/\/shop.bantam.ch\/wp-content\/uploads\/2023\/02\/995491321.jpg","datePublished":"2023-02-28T00:51:55+00:00","dateModified":"2026-04-18T20:28:44+00:00","breadcrumb":{"@id":"https:\/\/shop.bantam.ch\/de\/produkt\/markisenzelt-rolli-classic\/#breadcrumb"},"inLanguage":"de","potentialAction":[{"@type":"ReadAction","target":["https:\/\/shop.bantam.ch\/de\/produkt\/markisenzelt-rolli-classic\/"]}]},{"@type":"ImageObject","inLanguage":"de","@id":"https:\/\/shop.bantam.ch\/de\/produkt\/markisenzelt-rolli-classic\/#primaryimage","url":"https:\/\/shop.bantam.ch\/wp-content\/uploads\/2023\/02\/995491321.jpg","contentUrl":"https:\/\/shop.bantam.ch\/wp-content\/uploads\/2023\/02\/995491321.jpg","width":1000,"height":598},{"@type":"BreadcrumbList","@id":"https:\/\/shop.bantam.ch\/de\/produkt\/markisenzelt-rolli-classic\/#breadcrumb","itemListElement":[{"@type":"ListItem","position":1,"name":"Accueil","item":"https:\/\/shop.bantam.ch\/de\/"},{"@type":"ListItem","position":2,"name":"Shop","item":"https:\/\/shop.bantam.ch\/de\/shop\/"},{"@type":"ListItem","position":3,"name":"Markisenzelt Rolli Classic"}]},{"@type":"WebSite","@id":"https:\/\/shop.bantam.ch\/de\/#website","url":"https:\/\/shop.bantam.ch\/de\/","name":"Bantam Camping AG","description":"","publisher":{"@id":"https:\/\/shop.bantam.ch\/de\/#organization"},"inLanguage":"de"},{"@type":"Organization","@id":"https:\/\/shop.bantam.ch\/de\/#organization","name":"Bantam Camping AG","url":"https:\/\/shop.bantam.ch\/de\/","logo":{"@type":"ImageObject","inLanguage":"de","@id":"https:\/\/shop.bantam.ch\/de\/#\/schema\/logo\/image\/","url":"https:\/\/shop.bantam.ch\/wp-content\/uploads\/2022\/12\/bantam-logo.png","contentUrl":"https:\/\/shop.bantam.ch\/wp-content\/uploads\/2022\/12\/bantam-logo.png","width":320,"height":71,"caption":"Bantam Camping AG"},"image":{"@id":"https:\/\/shop.bantam.ch\/de\/#\/schema\/logo\/image\/"}}]}},"_links":{"self":[{"href":"https:\/\/shop.bantam.ch\/de\/wp-json\/wp\/v2\/product\/82106","targetHints":{"allow":["GET"]}}],"collection":[{"href":"https:\/\/shop.bantam.ch\/de\/wp-json\/wp\/v2\/product"}],"about":[{"href":"https:\/\/shop.bantam.ch\/de\/wp-json\/wp\/v2\/types\/product"}],"wp:featuredmedia":[{"embeddable":true,"href":"https:\/\/shop.bantam.ch\/de\/wp-json\/wp\/v2\/media\/82071"}],"wp:attachment":[{"href":"https:\/\/shop.bantam.ch\/de\/wp-json\/wp\/v2\/media?parent=82106"}],"wp:term":[{"taxonomy":"product_featured_cat","embeddable":true,"href":"https:\/\/shop.bantam.ch\/de\/wp-json\/wp\/v2\/product_featured_cat?post=82106"},{"taxonomy":"product_brand","embeddable":true,"href":"https:\/\/shop.bantam.ch\/de\/wp-json\/wp\/v2\/product_brand?post=82106"},{"taxonomy":"product_cat","embeddable":true,"href":"https:\/\/shop.bantam.ch\/de\/wp-json\/wp\/v2\/product_cat?post=82106"},{"taxonomy":"product_tag","embeddable":true,"href":"https:\/\/shop.bantam.ch\/de\/wp-json\/wp\/v2\/product_tag?post=82106"}],"curies":[{"name":"wp","href":"https:\/\/api.w.org\/{rel}","templated":true}]}}