{"id":80709,"date":"2023-02-28T01:37:06","date_gmt":"2023-02-28T00:37:06","guid":{"rendered":"http:\/\/shop.bantam.ch\/produit\/set-beutelverschluesse-easyfresh-10-tlg\/"},"modified":"2026-04-17T21:23:30","modified_gmt":"2026-04-17T19:23:30","slug":"set-beutelverschluesse-easyfresh-10-tlg","status":"publish","type":"product","link":"https:\/\/shop.bantam.ch\/de\/produkt\/set-beutelverschluesse-easyfresh-10-tlg\/","title":{"rendered":"Set Beutelverschl\u00fcsse Gimex EasyFresh 10-tlg."},"content":{"rendered":"<p>Die EasyFresh Beutelverschl\u00fcsse sind die perfekten, platzsparenden Begleiter mit vielen Einsatzm\u00f6glichkeiten. Sie erm\u00f6glichen ein luft- und aromadichtes Verschlie\u00dfen von Beuteln. Der Inhalt bleibt frisch, kein Geruch entweicht, Geschmack und Aroma bleiben in der T\u00fcte. Durch die Verschl\u00fcsse lassen sich angerissene Beutel platzsparend und ordentlich verstauen. Auch Einfrieren ist m\u00f6glich mit EasyFresh und sogar Fl\u00fcssigkeiten wie Suppen oder Saucen werden dicht eingeschlossen. EasyFresh Verschl\u00fcsse sind sehr einfach und platzsparend zu verstauen, einfach in die Besteckschublade einsortieren.<\/p>\n","protected":false},"excerpt":{"rendered":"<p>Die EasyFresh Beutelverschl\u00fcsse sind die perfekten, platzsparenden Begleiter mit vielen Einsatzm\u00f6glichkeiten. Sie erm\u00f6glichen ein luft- und aromadichtes Verschlie\u00dfen von Beuteln. Der Inhalt bleibt frisch, kein Geruch entweicht, Geschmack und Aroma bleiben in der T\u00fcte. Durch die Verschl\u00fcsse lassen sich angerissene Beutel platzsparend und ordentlich verstauen. Auch Einfrieren ist m\u00f6glich mit EasyFresh und sogar Fl\u00fcssigkeiten wie [&hellip;]<\/p>\n","protected":false},"featured_media":80705,"template":"","meta":{"_acf_changed":false},"product_featured_cat":[],"product_brand":[3277],"product_cat":[4286],"product_tag":[],"class_list":{"0":"post-80709","1":"product","2":"type-product","3":"status-publish","4":"has-post-thumbnail","6":"product_brand-gimex-de","7":"product_cat-kuechenhelfer","9":"first","10":"instock","11":"taxable","12":"shipping-taxable","13":"purchasable","14":"product-type-simple"},"acf":[],"yoast_head":"<!-- This site is optimized with the Yoast SEO plugin v27.4 - https:\/\/yoast.com\/product\/yoast-seo-wordpress\/ -->\n<title>Set Beutelverschl\u00fcsse Gimex EasyFresh 10-tlg. - Bantam Camping AG<\/title>\n<meta name=\"robots\" content=\"index, follow, max-snippet:-1, max-image-preview:large, max-video-preview:-1\" \/>\n<link rel=\"canonical\" href=\"https:\/\/shop.bantam.ch\/de\/produkt\/set-beutelverschluesse-easyfresh-10-tlg\/\" \/>\n<meta property=\"og:locale\" content=\"de_DE\" \/>\n<meta property=\"og:type\" content=\"article\" \/>\n<meta property=\"og:title\" content=\"Set Beutelverschl\u00fcsse Gimex EasyFresh 10-tlg. - Bantam Camping AG\" \/>\n<meta property=\"og:description\" content=\"Die EasyFresh Beutelverschl\u00fcsse sind die perfekten, platzsparenden Begleiter mit vielen Einsatzm\u00f6glichkeiten. Sie erm\u00f6glichen ein luft- und aromadichtes Verschlie\u00dfen von Beuteln. Der Inhalt bleibt frisch, kein Geruch entweicht, Geschmack und Aroma bleiben in der T\u00fcte. Durch die Verschl\u00fcsse lassen sich angerissene Beutel platzsparend und ordentlich verstauen. Auch Einfrieren ist m\u00f6glich mit EasyFresh und sogar Fl\u00fcssigkeiten wie [&hellip;]\" \/>\n<meta property=\"og:url\" content=\"https:\/\/shop.bantam.ch\/de\/produkt\/set-beutelverschluesse-easyfresh-10-tlg\/\" \/>\n<meta property=\"og:site_name\" content=\"Bantam Camping AG\" \/>\n<meta property=\"article:modified_time\" content=\"2026-04-17T19:23:30+00:00\" \/>\n<meta property=\"og:image\" content=\"https:\/\/shop.bantam.ch\/wp-content\/uploads\/2023\/02\/995475811.jpg\" \/>\n\t<meta property=\"og:image:width\" content=\"600\" \/>\n\t<meta property=\"og:image:height\" content=\"1115\" \/>\n\t<meta property=\"og:image:type\" content=\"image\/jpeg\" \/>\n<meta name=\"twitter:card\" content=\"summary_large_image\" \/>\n<script type=\"application\/ld+json\" class=\"yoast-schema-graph\">{\"@context\":\"https:\\\/\\\/schema.org\",\"@graph\":[{\"@type\":\"WebPage\",\"@id\":\"https:\\\/\\\/shop.bantam.ch\\\/de\\\/produkt\\\/set-beutelverschluesse-easyfresh-10-tlg\\\/\",\"url\":\"https:\\\/\\\/shop.bantam.ch\\\/de\\\/produkt\\\/set-beutelverschluesse-easyfresh-10-tlg\\\/\",\"name\":\"Set Beutelverschl\u00fcsse Gimex EasyFresh 10-tlg. - Bantam Camping AG\",\"isPartOf\":{\"@id\":\"https:\\\/\\\/shop.bantam.ch\\\/de\\\/#website\"},\"primaryImageOfPage\":{\"@id\":\"https:\\\/\\\/shop.bantam.ch\\\/de\\\/produkt\\\/set-beutelverschluesse-easyfresh-10-tlg\\\/#primaryimage\"},\"image\":{\"@id\":\"https:\\\/\\\/shop.bantam.ch\\\/de\\\/produkt\\\/set-beutelverschluesse-easyfresh-10-tlg\\\/#primaryimage\"},\"thumbnailUrl\":\"https:\\\/\\\/shop.bantam.ch\\\/wp-content\\\/uploads\\\/2023\\\/02\\\/995475811.jpg\",\"datePublished\":\"2023-02-28T00:37:06+00:00\",\"dateModified\":\"2026-04-17T19:23:30+00:00\",\"breadcrumb\":{\"@id\":\"https:\\\/\\\/shop.bantam.ch\\\/de\\\/produkt\\\/set-beutelverschluesse-easyfresh-10-tlg\\\/#breadcrumb\"},\"inLanguage\":\"de\",\"potentialAction\":[{\"@type\":\"ReadAction\",\"target\":[\"https:\\\/\\\/shop.bantam.ch\\\/de\\\/produkt\\\/set-beutelverschluesse-easyfresh-10-tlg\\\/\"]}]},{\"@type\":\"ImageObject\",\"inLanguage\":\"de\",\"@id\":\"https:\\\/\\\/shop.bantam.ch\\\/de\\\/produkt\\\/set-beutelverschluesse-easyfresh-10-tlg\\\/#primaryimage\",\"url\":\"https:\\\/\\\/shop.bantam.ch\\\/wp-content\\\/uploads\\\/2023\\\/02\\\/995475811.jpg\",\"contentUrl\":\"https:\\\/\\\/shop.bantam.ch\\\/wp-content\\\/uploads\\\/2023\\\/02\\\/995475811.jpg\",\"width\":600,\"height\":1115},{\"@type\":\"BreadcrumbList\",\"@id\":\"https:\\\/\\\/shop.bantam.ch\\\/de\\\/produkt\\\/set-beutelverschluesse-easyfresh-10-tlg\\\/#breadcrumb\",\"itemListElement\":[{\"@type\":\"ListItem\",\"position\":1,\"name\":\"Accueil\",\"item\":\"https:\\\/\\\/shop.bantam.ch\\\/de\\\/\"},{\"@type\":\"ListItem\",\"position\":2,\"name\":\"Shop\",\"item\":\"https:\\\/\\\/shop.bantam.ch\\\/de\\\/shop\\\/\"},{\"@type\":\"ListItem\",\"position\":3,\"name\":\"Set Beutelverschl\u00fcsse Gimex EasyFresh 10-tlg.\"}]},{\"@type\":\"WebSite\",\"@id\":\"https:\\\/\\\/shop.bantam.ch\\\/de\\\/#website\",\"url\":\"https:\\\/\\\/shop.bantam.ch\\\/de\\\/\",\"name\":\"Bantam Camping AG\",\"description\":\"\",\"publisher\":{\"@id\":\"https:\\\/\\\/shop.bantam.ch\\\/de\\\/#organization\"},\"inLanguage\":\"de\"},{\"@type\":\"Organization\",\"@id\":\"https:\\\/\\\/shop.bantam.ch\\\/de\\\/#organization\",\"name\":\"Bantam Camping AG\",\"url\":\"https:\\\/\\\/shop.bantam.ch\\\/de\\\/\",\"logo\":{\"@type\":\"ImageObject\",\"inLanguage\":\"de\",\"@id\":\"https:\\\/\\\/shop.bantam.ch\\\/de\\\/#\\\/schema\\\/logo\\\/image\\\/\",\"url\":\"https:\\\/\\\/shop.bantam.ch\\\/wp-content\\\/uploads\\\/2022\\\/12\\\/bantam-logo.png\",\"contentUrl\":\"https:\\\/\\\/shop.bantam.ch\\\/wp-content\\\/uploads\\\/2022\\\/12\\\/bantam-logo.png\",\"width\":320,\"height\":71,\"caption\":\"Bantam Camping AG\"},\"image\":{\"@id\":\"https:\\\/\\\/shop.bantam.ch\\\/de\\\/#\\\/schema\\\/logo\\\/image\\\/\"}}]}<\/script>\n<!-- \/ Yoast SEO plugin. -->","yoast_head_json":{"title":"Set Beutelverschl\u00fcsse Gimex EasyFresh 10-tlg. - Bantam Camping AG","robots":{"index":"index","follow":"follow","max-snippet":"max-snippet:-1","max-image-preview":"max-image-preview:large","max-video-preview":"max-video-preview:-1"},"canonical":"https:\/\/shop.bantam.ch\/de\/produkt\/set-beutelverschluesse-easyfresh-10-tlg\/","og_locale":"de_DE","og_type":"article","og_title":"Set Beutelverschl\u00fcsse Gimex EasyFresh 10-tlg. - Bantam Camping AG","og_description":"Die EasyFresh Beutelverschl\u00fcsse sind die perfekten, platzsparenden Begleiter mit vielen Einsatzm\u00f6glichkeiten. Sie erm\u00f6glichen ein luft- und aromadichtes Verschlie\u00dfen von Beuteln. Der Inhalt bleibt frisch, kein Geruch entweicht, Geschmack und Aroma bleiben in der T\u00fcte. Durch die Verschl\u00fcsse lassen sich angerissene Beutel platzsparend und ordentlich verstauen. Auch Einfrieren ist m\u00f6glich mit EasyFresh und sogar Fl\u00fcssigkeiten wie [&hellip;]","og_url":"https:\/\/shop.bantam.ch\/de\/produkt\/set-beutelverschluesse-easyfresh-10-tlg\/","og_site_name":"Bantam Camping AG","article_modified_time":"2026-04-17T19:23:30+00:00","og_image":[{"width":600,"height":1115,"url":"https:\/\/shop.bantam.ch\/wp-content\/uploads\/2023\/02\/995475811.jpg","type":"image\/jpeg"}],"twitter_card":"summary_large_image","schema":{"@context":"https:\/\/schema.org","@graph":[{"@type":"WebPage","@id":"https:\/\/shop.bantam.ch\/de\/produkt\/set-beutelverschluesse-easyfresh-10-tlg\/","url":"https:\/\/shop.bantam.ch\/de\/produkt\/set-beutelverschluesse-easyfresh-10-tlg\/","name":"Set Beutelverschl\u00fcsse Gimex EasyFresh 10-tlg. - Bantam Camping AG","isPartOf":{"@id":"https:\/\/shop.bantam.ch\/de\/#website"},"primaryImageOfPage":{"@id":"https:\/\/shop.bantam.ch\/de\/produkt\/set-beutelverschluesse-easyfresh-10-tlg\/#primaryimage"},"image":{"@id":"https:\/\/shop.bantam.ch\/de\/produkt\/set-beutelverschluesse-easyfresh-10-tlg\/#primaryimage"},"thumbnailUrl":"https:\/\/shop.bantam.ch\/wp-content\/uploads\/2023\/02\/995475811.jpg","datePublished":"2023-02-28T00:37:06+00:00","dateModified":"2026-04-17T19:23:30+00:00","breadcrumb":{"@id":"https:\/\/shop.bantam.ch\/de\/produkt\/set-beutelverschluesse-easyfresh-10-tlg\/#breadcrumb"},"inLanguage":"de","potentialAction":[{"@type":"ReadAction","target":["https:\/\/shop.bantam.ch\/de\/produkt\/set-beutelverschluesse-easyfresh-10-tlg\/"]}]},{"@type":"ImageObject","inLanguage":"de","@id":"https:\/\/shop.bantam.ch\/de\/produkt\/set-beutelverschluesse-easyfresh-10-tlg\/#primaryimage","url":"https:\/\/shop.bantam.ch\/wp-content\/uploads\/2023\/02\/995475811.jpg","contentUrl":"https:\/\/shop.bantam.ch\/wp-content\/uploads\/2023\/02\/995475811.jpg","width":600,"height":1115},{"@type":"BreadcrumbList","@id":"https:\/\/shop.bantam.ch\/de\/produkt\/set-beutelverschluesse-easyfresh-10-tlg\/#breadcrumb","itemListElement":[{"@type":"ListItem","position":1,"name":"Accueil","item":"https:\/\/shop.bantam.ch\/de\/"},{"@type":"ListItem","position":2,"name":"Shop","item":"https:\/\/shop.bantam.ch\/de\/shop\/"},{"@type":"ListItem","position":3,"name":"Set Beutelverschl\u00fcsse Gimex EasyFresh 10-tlg."}]},{"@type":"WebSite","@id":"https:\/\/shop.bantam.ch\/de\/#website","url":"https:\/\/shop.bantam.ch\/de\/","name":"Bantam Camping AG","description":"","publisher":{"@id":"https:\/\/shop.bantam.ch\/de\/#organization"},"inLanguage":"de"},{"@type":"Organization","@id":"https:\/\/shop.bantam.ch\/de\/#organization","name":"Bantam Camping AG","url":"https:\/\/shop.bantam.ch\/de\/","logo":{"@type":"ImageObject","inLanguage":"de","@id":"https:\/\/shop.bantam.ch\/de\/#\/schema\/logo\/image\/","url":"https:\/\/shop.bantam.ch\/wp-content\/uploads\/2022\/12\/bantam-logo.png","contentUrl":"https:\/\/shop.bantam.ch\/wp-content\/uploads\/2022\/12\/bantam-logo.png","width":320,"height":71,"caption":"Bantam Camping AG"},"image":{"@id":"https:\/\/shop.bantam.ch\/de\/#\/schema\/logo\/image\/"}}]}},"_links":{"self":[{"href":"https:\/\/shop.bantam.ch\/de\/wp-json\/wp\/v2\/product\/80709","targetHints":{"allow":["GET"]}}],"collection":[{"href":"https:\/\/shop.bantam.ch\/de\/wp-json\/wp\/v2\/product"}],"about":[{"href":"https:\/\/shop.bantam.ch\/de\/wp-json\/wp\/v2\/types\/product"}],"wp:featuredmedia":[{"embeddable":true,"href":"https:\/\/shop.bantam.ch\/de\/wp-json\/wp\/v2\/media\/80705"}],"wp:attachment":[{"href":"https:\/\/shop.bantam.ch\/de\/wp-json\/wp\/v2\/media?parent=80709"}],"wp:term":[{"taxonomy":"product_featured_cat","embeddable":true,"href":"https:\/\/shop.bantam.ch\/de\/wp-json\/wp\/v2\/product_featured_cat?post=80709"},{"taxonomy":"product_brand","embeddable":true,"href":"https:\/\/shop.bantam.ch\/de\/wp-json\/wp\/v2\/product_brand?post=80709"},{"taxonomy":"product_cat","embeddable":true,"href":"https:\/\/shop.bantam.ch\/de\/wp-json\/wp\/v2\/product_cat?post=80709"},{"taxonomy":"product_tag","embeddable":true,"href":"https:\/\/shop.bantam.ch\/de\/wp-json\/wp\/v2\/product_tag?post=80709"}],"curies":[{"name":"wp","href":"https:\/\/api.w.org\/{rel}","templated":true}]}}