{"id":80049,"date":"2023-02-28T01:26:36","date_gmt":"2023-02-28T00:26:36","guid":{"rendered":"http:\/\/shop.bantam.ch\/produit\/solarladeregler-mppt-12-24-v-smartsolar-75-15\/"},"modified":"2026-04-17T21:23:03","modified_gmt":"2026-04-17T19:23:03","slug":"solarladeregler-mppt-12-24-v-smartsolar-75-15","status":"publish","type":"product","link":"https:\/\/shop.bantam.ch\/de\/produkt\/solarladeregler-mppt-12-24-v-smartsolar-75-15\/","title":{"rendered":"Solarladeregler Victron MPPT 12\/24 V SmartSolar 75\/15"},"content":{"rendered":"<p>Ein Solar-Ladeger\u00e4t wird \u00fcber Solar-Module mit Energie versorgt und speichert diese dann in Batterien. Unter Verwendung der neusten und schnellsten Technologie maximiert das SmartSolar diese Energiegewinnung und lenkt sie auf intelligente Weise, um die Batterien in so kurzer Zeit wie m\u00f6glich voll aufzuladen. Das SmartSolar erh\u00e4lt die Funktionsf\u00e4higkeit der Batterie und verl\u00e4ngert so ihre Lebensdauer.<br \/><strong>MPPT: Ultraschnelles Maximum Power Point Tracking:<\/strong><br \/>Durch das ununterbrochene \u00dcberwachen der Spannung und des Stromausgangs Ihrer Solar(PV)-Module, stellt die Technologie des MPPT sicher, dass wirklich s\u00e4mtliche Energie, die verf\u00fcgbar ist, den Modulen entnommen und gespeichert wird. Der Vorteil hiervon macht sich am meisten bemerkbar, wenn der Himmel teilweise bedeckt ist und die Lichtintensit\u00e4t sich st\u00e4ndig \u00e4ndert.<br \/><strong>\u00dcberwachung und Steuerung aus der Ferne:<\/strong><br \/>Sie k\u00f6nnen die umfangreichen Funktionen Ihres SmartSolar MMPT-Ladeger\u00e4t aus der Ferne steuern und \u00fcberwachen, indem Sie den Bluetooth Dongle mit Ihrem Smartphone oder einem anderen Ger\u00e4t \u00fcber VictronConnect koppeln. Wenn Ihre Anlage mit dem Victron Remote Management Internet-Portal (VRM) verbunden ist, haben Sie jederzeit und von \u00fcberall vollen Zugang zu Ihrem MPPT. Beide Dienste stehen kostenlos zur Verf\u00fcgung. Bei entlegenen Anlagen &#8211; selbst, wenn keine Internet-Verbindung und kein Telefon-Netz in der N\u00e4he verf\u00fcgbar sind, k\u00f6nnen Sie Ihr MPPT per Bluetooth-Kopplung \u00fcberwachen. Verwenden Sie dazu ein LoRaWAN(Long-Range Wide Area Network) Ger\u00e4t. Dieses ist optional erh\u00e4ltlich.<br \/><strong>Lastausgang:<\/strong><br \/>Die Funktion &#8218;Intelligenter Lastausgang&#8216; verhindert Sch\u00e4den, die durch die Verwendung &#8222;leerer&#8220; Batterien verursacht werden. Sie k\u00f6nnen die Spannung konfigurieren, bei der das SmartSolar eine Last trennt &#8211; dadurch verhindern Sie eine \u00fcberm\u00e4\u00dfige Entladung Ihrer Batterien. Und hier kommt der Clou: Das SmartSolar versucht jeden Tag, die Batterie wieder auf 100 % zu laden. Ist das nicht m\u00f6glich &#8211; z. B. bei schlechtem Wetter &#8211; hebt es den Spannungswert zur Abtrennung t\u00e4glich an, bis es erfolgreich ist. Wir nennen diese Funktion BatteryLife, da sie die Funktionsweise erh\u00e4lt und die Lebensdauer Ihrer Batterie verl\u00e4ngert.<\/p>\n<ul>\n<li>Ladestrom: 15 A<\/li>\n<li>75 Voc<\/li>\n<li>Eigenverbrauch: 10 mA<\/li>\n<li>IP43<\/li>\n<\/ul>\n","protected":false},"excerpt":{"rendered":"<p>Ein Solar-Ladeger\u00e4t wird \u00fcber Solar-Module mit Energie versorgt und speichert diese dann in Batterien. Unter Verwendung der neusten und schnellsten Technologie maximiert das SmartSolar diese Energiegewinnung und lenkt sie auf intelligente Weise, um die Batterien in so kurzer Zeit wie m\u00f6glich voll aufzuladen. Das SmartSolar erh\u00e4lt die Funktionsf\u00e4higkeit der Batterie und verl\u00e4ngert so ihre Lebensdauer.MPPT: [&hellip;]<\/p>\n","protected":false},"featured_media":80047,"template":"","meta":{"_acf_changed":false},"product_featured_cat":[],"product_brand":[3321],"product_cat":[4878],"product_tag":[],"class_list":{"0":"post-80049","1":"product","2":"type-product","3":"status-publish","4":"has-post-thumbnail","6":"product_brand-phaesun-de","7":"product_cat-solar-laderegler","9":"first","10":"instock","11":"taxable","12":"shipping-taxable","13":"purchasable","14":"product-type-simple"},"acf":[],"yoast_head":"<!-- This site is optimized with the Yoast SEO plugin v27.4 - https:\/\/yoast.com\/product\/yoast-seo-wordpress\/ -->\n<title>Solarladeregler Victron MPPT 12\/24 V SmartSolar 75\/15 - Bantam Camping AG<\/title>\n<meta name=\"robots\" content=\"index, follow, max-snippet:-1, max-image-preview:large, max-video-preview:-1\" \/>\n<link rel=\"canonical\" href=\"https:\/\/shop.bantam.ch\/de\/produkt\/solarladeregler-mppt-12-24-v-smartsolar-75-15\/\" \/>\n<meta property=\"og:locale\" content=\"de_DE\" \/>\n<meta property=\"og:type\" content=\"article\" \/>\n<meta property=\"og:title\" content=\"Solarladeregler Victron MPPT 12\/24 V SmartSolar 75\/15 - Bantam Camping AG\" \/>\n<meta property=\"og:description\" content=\"Ein Solar-Ladeger\u00e4t wird \u00fcber Solar-Module mit Energie versorgt und speichert diese dann in Batterien. Unter Verwendung der neusten und schnellsten Technologie maximiert das SmartSolar diese Energiegewinnung und lenkt sie auf intelligente Weise, um die Batterien in so kurzer Zeit wie m\u00f6glich voll aufzuladen. Das SmartSolar erh\u00e4lt die Funktionsf\u00e4higkeit der Batterie und verl\u00e4ngert so ihre Lebensdauer.MPPT: [&hellip;]\" \/>\n<meta property=\"og:url\" content=\"https:\/\/shop.bantam.ch\/de\/produkt\/solarladeregler-mppt-12-24-v-smartsolar-75-15\/\" \/>\n<meta property=\"og:site_name\" content=\"Bantam Camping AG\" \/>\n<meta property=\"article:modified_time\" content=\"2026-04-17T19:23:03+00:00\" \/>\n<meta property=\"og:image\" content=\"https:\/\/shop.bantam.ch\/wp-content\/uploads\/2023\/02\/993204211.jpg\" \/>\n\t<meta property=\"og:image:width\" content=\"1000\" \/>\n\t<meta property=\"og:image:height\" content=\"878\" \/>\n\t<meta property=\"og:image:type\" content=\"image\/jpeg\" \/>\n<meta name=\"twitter:card\" content=\"summary_large_image\" \/>\n<meta name=\"twitter:label1\" content=\"Gesch\u00e4tzte Lesezeit\" \/>\n\t<meta name=\"twitter:data1\" content=\"2\u00a0Minuten\" \/>\n<script type=\"application\/ld+json\" class=\"yoast-schema-graph\">{\"@context\":\"https:\\\/\\\/schema.org\",\"@graph\":[{\"@type\":\"WebPage\",\"@id\":\"https:\\\/\\\/shop.bantam.ch\\\/de\\\/produkt\\\/solarladeregler-mppt-12-24-v-smartsolar-75-15\\\/\",\"url\":\"https:\\\/\\\/shop.bantam.ch\\\/de\\\/produkt\\\/solarladeregler-mppt-12-24-v-smartsolar-75-15\\\/\",\"name\":\"Solarladeregler Victron MPPT 12\\\/24 V SmartSolar 75\\\/15 - Bantam Camping AG\",\"isPartOf\":{\"@id\":\"https:\\\/\\\/shop.bantam.ch\\\/de\\\/#website\"},\"primaryImageOfPage\":{\"@id\":\"https:\\\/\\\/shop.bantam.ch\\\/de\\\/produkt\\\/solarladeregler-mppt-12-24-v-smartsolar-75-15\\\/#primaryimage\"},\"image\":{\"@id\":\"https:\\\/\\\/shop.bantam.ch\\\/de\\\/produkt\\\/solarladeregler-mppt-12-24-v-smartsolar-75-15\\\/#primaryimage\"},\"thumbnailUrl\":\"https:\\\/\\\/shop.bantam.ch\\\/wp-content\\\/uploads\\\/2023\\\/02\\\/993204211.jpg\",\"datePublished\":\"2023-02-28T00:26:36+00:00\",\"dateModified\":\"2026-04-17T19:23:03+00:00\",\"breadcrumb\":{\"@id\":\"https:\\\/\\\/shop.bantam.ch\\\/de\\\/produkt\\\/solarladeregler-mppt-12-24-v-smartsolar-75-15\\\/#breadcrumb\"},\"inLanguage\":\"de\",\"potentialAction\":[{\"@type\":\"ReadAction\",\"target\":[\"https:\\\/\\\/shop.bantam.ch\\\/de\\\/produkt\\\/solarladeregler-mppt-12-24-v-smartsolar-75-15\\\/\"]}]},{\"@type\":\"ImageObject\",\"inLanguage\":\"de\",\"@id\":\"https:\\\/\\\/shop.bantam.ch\\\/de\\\/produkt\\\/solarladeregler-mppt-12-24-v-smartsolar-75-15\\\/#primaryimage\",\"url\":\"https:\\\/\\\/shop.bantam.ch\\\/wp-content\\\/uploads\\\/2023\\\/02\\\/993204211.jpg\",\"contentUrl\":\"https:\\\/\\\/shop.bantam.ch\\\/wp-content\\\/uploads\\\/2023\\\/02\\\/993204211.jpg\",\"width\":1000,\"height\":878},{\"@type\":\"BreadcrumbList\",\"@id\":\"https:\\\/\\\/shop.bantam.ch\\\/de\\\/produkt\\\/solarladeregler-mppt-12-24-v-smartsolar-75-15\\\/#breadcrumb\",\"itemListElement\":[{\"@type\":\"ListItem\",\"position\":1,\"name\":\"Accueil\",\"item\":\"https:\\\/\\\/shop.bantam.ch\\\/de\\\/\"},{\"@type\":\"ListItem\",\"position\":2,\"name\":\"Shop\",\"item\":\"https:\\\/\\\/shop.bantam.ch\\\/de\\\/shop\\\/\"},{\"@type\":\"ListItem\",\"position\":3,\"name\":\"Solarladeregler Victron MPPT 12\\\/24 V SmartSolar 75\\\/15\"}]},{\"@type\":\"WebSite\",\"@id\":\"https:\\\/\\\/shop.bantam.ch\\\/de\\\/#website\",\"url\":\"https:\\\/\\\/shop.bantam.ch\\\/de\\\/\",\"name\":\"Bantam Camping AG\",\"description\":\"\",\"publisher\":{\"@id\":\"https:\\\/\\\/shop.bantam.ch\\\/de\\\/#organization\"},\"inLanguage\":\"de\"},{\"@type\":\"Organization\",\"@id\":\"https:\\\/\\\/shop.bantam.ch\\\/de\\\/#organization\",\"name\":\"Bantam Camping AG\",\"url\":\"https:\\\/\\\/shop.bantam.ch\\\/de\\\/\",\"logo\":{\"@type\":\"ImageObject\",\"inLanguage\":\"de\",\"@id\":\"https:\\\/\\\/shop.bantam.ch\\\/de\\\/#\\\/schema\\\/logo\\\/image\\\/\",\"url\":\"https:\\\/\\\/shop.bantam.ch\\\/wp-content\\\/uploads\\\/2022\\\/12\\\/bantam-logo.png\",\"contentUrl\":\"https:\\\/\\\/shop.bantam.ch\\\/wp-content\\\/uploads\\\/2022\\\/12\\\/bantam-logo.png\",\"width\":320,\"height\":71,\"caption\":\"Bantam Camping AG\"},\"image\":{\"@id\":\"https:\\\/\\\/shop.bantam.ch\\\/de\\\/#\\\/schema\\\/logo\\\/image\\\/\"}}]}<\/script>\n<!-- \/ Yoast SEO plugin. -->","yoast_head_json":{"title":"Solarladeregler Victron MPPT 12\/24 V SmartSolar 75\/15 - Bantam Camping AG","robots":{"index":"index","follow":"follow","max-snippet":"max-snippet:-1","max-image-preview":"max-image-preview:large","max-video-preview":"max-video-preview:-1"},"canonical":"https:\/\/shop.bantam.ch\/de\/produkt\/solarladeregler-mppt-12-24-v-smartsolar-75-15\/","og_locale":"de_DE","og_type":"article","og_title":"Solarladeregler Victron MPPT 12\/24 V SmartSolar 75\/15 - Bantam Camping AG","og_description":"Ein Solar-Ladeger\u00e4t wird \u00fcber Solar-Module mit Energie versorgt und speichert diese dann in Batterien. Unter Verwendung der neusten und schnellsten Technologie maximiert das SmartSolar diese Energiegewinnung und lenkt sie auf intelligente Weise, um die Batterien in so kurzer Zeit wie m\u00f6glich voll aufzuladen. Das SmartSolar erh\u00e4lt die Funktionsf\u00e4higkeit der Batterie und verl\u00e4ngert so ihre Lebensdauer.MPPT: [&hellip;]","og_url":"https:\/\/shop.bantam.ch\/de\/produkt\/solarladeregler-mppt-12-24-v-smartsolar-75-15\/","og_site_name":"Bantam Camping AG","article_modified_time":"2026-04-17T19:23:03+00:00","og_image":[{"width":1000,"height":878,"url":"https:\/\/shop.bantam.ch\/wp-content\/uploads\/2023\/02\/993204211.jpg","type":"image\/jpeg"}],"twitter_card":"summary_large_image","twitter_misc":{"Gesch\u00e4tzte Lesezeit":"2\u00a0Minuten"},"schema":{"@context":"https:\/\/schema.org","@graph":[{"@type":"WebPage","@id":"https:\/\/shop.bantam.ch\/de\/produkt\/solarladeregler-mppt-12-24-v-smartsolar-75-15\/","url":"https:\/\/shop.bantam.ch\/de\/produkt\/solarladeregler-mppt-12-24-v-smartsolar-75-15\/","name":"Solarladeregler Victron MPPT 12\/24 V SmartSolar 75\/15 - Bantam Camping AG","isPartOf":{"@id":"https:\/\/shop.bantam.ch\/de\/#website"},"primaryImageOfPage":{"@id":"https:\/\/shop.bantam.ch\/de\/produkt\/solarladeregler-mppt-12-24-v-smartsolar-75-15\/#primaryimage"},"image":{"@id":"https:\/\/shop.bantam.ch\/de\/produkt\/solarladeregler-mppt-12-24-v-smartsolar-75-15\/#primaryimage"},"thumbnailUrl":"https:\/\/shop.bantam.ch\/wp-content\/uploads\/2023\/02\/993204211.jpg","datePublished":"2023-02-28T00:26:36+00:00","dateModified":"2026-04-17T19:23:03+00:00","breadcrumb":{"@id":"https:\/\/shop.bantam.ch\/de\/produkt\/solarladeregler-mppt-12-24-v-smartsolar-75-15\/#breadcrumb"},"inLanguage":"de","potentialAction":[{"@type":"ReadAction","target":["https:\/\/shop.bantam.ch\/de\/produkt\/solarladeregler-mppt-12-24-v-smartsolar-75-15\/"]}]},{"@type":"ImageObject","inLanguage":"de","@id":"https:\/\/shop.bantam.ch\/de\/produkt\/solarladeregler-mppt-12-24-v-smartsolar-75-15\/#primaryimage","url":"https:\/\/shop.bantam.ch\/wp-content\/uploads\/2023\/02\/993204211.jpg","contentUrl":"https:\/\/shop.bantam.ch\/wp-content\/uploads\/2023\/02\/993204211.jpg","width":1000,"height":878},{"@type":"BreadcrumbList","@id":"https:\/\/shop.bantam.ch\/de\/produkt\/solarladeregler-mppt-12-24-v-smartsolar-75-15\/#breadcrumb","itemListElement":[{"@type":"ListItem","position":1,"name":"Accueil","item":"https:\/\/shop.bantam.ch\/de\/"},{"@type":"ListItem","position":2,"name":"Shop","item":"https:\/\/shop.bantam.ch\/de\/shop\/"},{"@type":"ListItem","position":3,"name":"Solarladeregler Victron MPPT 12\/24 V SmartSolar 75\/15"}]},{"@type":"WebSite","@id":"https:\/\/shop.bantam.ch\/de\/#website","url":"https:\/\/shop.bantam.ch\/de\/","name":"Bantam Camping AG","description":"","publisher":{"@id":"https:\/\/shop.bantam.ch\/de\/#organization"},"inLanguage":"de"},{"@type":"Organization","@id":"https:\/\/shop.bantam.ch\/de\/#organization","name":"Bantam Camping AG","url":"https:\/\/shop.bantam.ch\/de\/","logo":{"@type":"ImageObject","inLanguage":"de","@id":"https:\/\/shop.bantam.ch\/de\/#\/schema\/logo\/image\/","url":"https:\/\/shop.bantam.ch\/wp-content\/uploads\/2022\/12\/bantam-logo.png","contentUrl":"https:\/\/shop.bantam.ch\/wp-content\/uploads\/2022\/12\/bantam-logo.png","width":320,"height":71,"caption":"Bantam Camping AG"},"image":{"@id":"https:\/\/shop.bantam.ch\/de\/#\/schema\/logo\/image\/"}}]}},"_links":{"self":[{"href":"https:\/\/shop.bantam.ch\/de\/wp-json\/wp\/v2\/product\/80049","targetHints":{"allow":["GET"]}}],"collection":[{"href":"https:\/\/shop.bantam.ch\/de\/wp-json\/wp\/v2\/product"}],"about":[{"href":"https:\/\/shop.bantam.ch\/de\/wp-json\/wp\/v2\/types\/product"}],"wp:featuredmedia":[{"embeddable":true,"href":"https:\/\/shop.bantam.ch\/de\/wp-json\/wp\/v2\/media\/80047"}],"wp:attachment":[{"href":"https:\/\/shop.bantam.ch\/de\/wp-json\/wp\/v2\/media?parent=80049"}],"wp:term":[{"taxonomy":"product_featured_cat","embeddable":true,"href":"https:\/\/shop.bantam.ch\/de\/wp-json\/wp\/v2\/product_featured_cat?post=80049"},{"taxonomy":"product_brand","embeddable":true,"href":"https:\/\/shop.bantam.ch\/de\/wp-json\/wp\/v2\/product_brand?post=80049"},{"taxonomy":"product_cat","embeddable":true,"href":"https:\/\/shop.bantam.ch\/de\/wp-json\/wp\/v2\/product_cat?post=80049"},{"taxonomy":"product_tag","embeddable":true,"href":"https:\/\/shop.bantam.ch\/de\/wp-json\/wp\/v2\/product_tag?post=80049"}],"curies":[{"name":"wp","href":"https:\/\/api.w.org\/{rel}","templated":true}]}}