{"id":78779,"date":"2023-02-28T01:14:48","date_gmt":"2023-02-28T00:14:48","guid":{"rendered":"http:\/\/shop.bantam.ch\/produit\/einhebelmischer-modena-chrom\/"},"modified":"2026-04-18T21:23:04","modified_gmt":"2026-04-18T19:23:04","slug":"einhebelmischer-modena-chrom","status":"publish","type":"product","link":"https:\/\/shop.bantam.ch\/de\/produkt\/einhebelmischer-modena-chrom\/","title":{"rendered":"Einhebelmischer Modena chrom"},"content":{"rendered":"<p>Der Einhebelmischer MODENA ist eine moderne und hochwertige Kunststoffarmatur mit hoher Funktionalit\u00e4t. Der wahlweise verf\u00fcgbare Mikroschalter erm\u00f6glicht den Einsatz im Caravan und Reisemobil.<\/p>\n<ul>\n<li>Schwenkbarer Auslauf<\/li>\n<li>Langj\u00e4hrig bew\u00e4hrte Keramikkartusche<\/li>\n<li>Gut zu reinigende Oberfl\u00e4che<\/li>\n<li>Perlator kann mit Hilfe des mitgelieferten Schl\u00fcssels entfernt und somit einfach gereinigt werden<\/li>\n<li>Druckwasserbest\u00e4ndige Armatur bis 3 bar<\/li>\n<li>Gewindel\u00e4nge 40 mm<\/li>\n<\/ul>\n<p>\u00a0<\/p>\n","protected":false},"excerpt":{"rendered":"<p>Der Einhebelmischer MODENA ist eine moderne und hochwertige Kunststoffarmatur mit hoher Funktionalit\u00e4t. Der wahlweise verf\u00fcgbare Mikroschalter erm\u00f6glicht den Einsatz im Caravan und Reisemobil. Schwenkbarer Auslauf Langj\u00e4hrig bew\u00e4hrte Keramikkartusche Gut zu reinigende Oberfl\u00e4che Perlator kann mit Hilfe des mitgelieferten Schl\u00fcssels entfernt und somit einfach gereinigt werden Druckwasserbest\u00e4ndige Armatur bis 3 bar Gewindel\u00e4nge 40 mm \u00a0<\/p>\n","protected":false},"featured_media":78777,"template":"","meta":{"_acf_changed":false},"product_featured_cat":[],"product_brand":[3111],"product_cat":[4574],"product_tag":[],"class_list":{"0":"post-78779","1":"product","2":"type-product","3":"status-publish","4":"has-post-thumbnail","6":"product_brand-comet-de","7":"product_cat-einhebelmischer-kaltwasserhaehne","9":"first","10":"instock","11":"taxable","12":"shipping-taxable","13":"purchasable","14":"product-type-simple"},"acf":[],"yoast_head":"<!-- This site is optimized with the Yoast SEO plugin v27.4 - https:\/\/yoast.com\/product\/yoast-seo-wordpress\/ -->\n<title>Einhebelmischer Modena chrom - Bantam Camping AG<\/title>\n<meta name=\"robots\" content=\"index, follow, max-snippet:-1, max-image-preview:large, max-video-preview:-1\" \/>\n<link rel=\"canonical\" href=\"https:\/\/shop.bantam.ch\/de\/produkt\/einhebelmischer-modena-chrom\/\" \/>\n<meta property=\"og:locale\" content=\"de_DE\" \/>\n<meta property=\"og:type\" content=\"article\" \/>\n<meta property=\"og:title\" content=\"Einhebelmischer Modena chrom - Bantam Camping AG\" \/>\n<meta property=\"og:description\" content=\"Der Einhebelmischer MODENA ist eine moderne und hochwertige Kunststoffarmatur mit hoher Funktionalit\u00e4t. Der wahlweise verf\u00fcgbare Mikroschalter erm\u00f6glicht den Einsatz im Caravan und Reisemobil. Schwenkbarer Auslauf Langj\u00e4hrig bew\u00e4hrte Keramikkartusche Gut zu reinigende Oberfl\u00e4che Perlator kann mit Hilfe des mitgelieferten Schl\u00fcssels entfernt und somit einfach gereinigt werden Druckwasserbest\u00e4ndige Armatur bis 3 bar Gewindel\u00e4nge 40 mm \u00a0\" \/>\n<meta property=\"og:url\" content=\"https:\/\/shop.bantam.ch\/de\/produkt\/einhebelmischer-modena-chrom\/\" \/>\n<meta property=\"og:site_name\" content=\"Bantam Camping AG\" \/>\n<meta property=\"article:modified_time\" content=\"2026-04-18T19:23:04+00:00\" \/>\n<meta property=\"og:image\" content=\"https:\/\/shop.bantam.ch\/wp-content\/uploads\/2023\/02\/993198511.jpg\" \/>\n\t<meta property=\"og:image:width\" content=\"1000\" \/>\n\t<meta property=\"og:image:height\" content=\"1000\" \/>\n\t<meta property=\"og:image:type\" content=\"image\/jpeg\" \/>\n<meta name=\"twitter:card\" content=\"summary_large_image\" \/>\n<script type=\"application\/ld+json\" class=\"yoast-schema-graph\">{\"@context\":\"https:\\\/\\\/schema.org\",\"@graph\":[{\"@type\":\"WebPage\",\"@id\":\"https:\\\/\\\/shop.bantam.ch\\\/de\\\/produkt\\\/einhebelmischer-modena-chrom\\\/\",\"url\":\"https:\\\/\\\/shop.bantam.ch\\\/de\\\/produkt\\\/einhebelmischer-modena-chrom\\\/\",\"name\":\"Einhebelmischer Modena chrom - Bantam Camping AG\",\"isPartOf\":{\"@id\":\"https:\\\/\\\/shop.bantam.ch\\\/de\\\/#website\"},\"primaryImageOfPage\":{\"@id\":\"https:\\\/\\\/shop.bantam.ch\\\/de\\\/produkt\\\/einhebelmischer-modena-chrom\\\/#primaryimage\"},\"image\":{\"@id\":\"https:\\\/\\\/shop.bantam.ch\\\/de\\\/produkt\\\/einhebelmischer-modena-chrom\\\/#primaryimage\"},\"thumbnailUrl\":\"https:\\\/\\\/shop.bantam.ch\\\/wp-content\\\/uploads\\\/2023\\\/02\\\/993198511.jpg\",\"datePublished\":\"2023-02-28T00:14:48+00:00\",\"dateModified\":\"2026-04-18T19:23:04+00:00\",\"breadcrumb\":{\"@id\":\"https:\\\/\\\/shop.bantam.ch\\\/de\\\/produkt\\\/einhebelmischer-modena-chrom\\\/#breadcrumb\"},\"inLanguage\":\"de\",\"potentialAction\":[{\"@type\":\"ReadAction\",\"target\":[\"https:\\\/\\\/shop.bantam.ch\\\/de\\\/produkt\\\/einhebelmischer-modena-chrom\\\/\"]}]},{\"@type\":\"ImageObject\",\"inLanguage\":\"de\",\"@id\":\"https:\\\/\\\/shop.bantam.ch\\\/de\\\/produkt\\\/einhebelmischer-modena-chrom\\\/#primaryimage\",\"url\":\"https:\\\/\\\/shop.bantam.ch\\\/wp-content\\\/uploads\\\/2023\\\/02\\\/993198511.jpg\",\"contentUrl\":\"https:\\\/\\\/shop.bantam.ch\\\/wp-content\\\/uploads\\\/2023\\\/02\\\/993198511.jpg\",\"width\":1000,\"height\":1000},{\"@type\":\"BreadcrumbList\",\"@id\":\"https:\\\/\\\/shop.bantam.ch\\\/de\\\/produkt\\\/einhebelmischer-modena-chrom\\\/#breadcrumb\",\"itemListElement\":[{\"@type\":\"ListItem\",\"position\":1,\"name\":\"Accueil\",\"item\":\"https:\\\/\\\/shop.bantam.ch\\\/de\\\/\"},{\"@type\":\"ListItem\",\"position\":2,\"name\":\"Shop\",\"item\":\"https:\\\/\\\/shop.bantam.ch\\\/de\\\/shop\\\/\"},{\"@type\":\"ListItem\",\"position\":3,\"name\":\"Einhebelmischer Modena chrom\"}]},{\"@type\":\"WebSite\",\"@id\":\"https:\\\/\\\/shop.bantam.ch\\\/de\\\/#website\",\"url\":\"https:\\\/\\\/shop.bantam.ch\\\/de\\\/\",\"name\":\"Bantam Camping AG\",\"description\":\"\",\"publisher\":{\"@id\":\"https:\\\/\\\/shop.bantam.ch\\\/de\\\/#organization\"},\"inLanguage\":\"de\"},{\"@type\":\"Organization\",\"@id\":\"https:\\\/\\\/shop.bantam.ch\\\/de\\\/#organization\",\"name\":\"Bantam Camping AG\",\"url\":\"https:\\\/\\\/shop.bantam.ch\\\/de\\\/\",\"logo\":{\"@type\":\"ImageObject\",\"inLanguage\":\"de\",\"@id\":\"https:\\\/\\\/shop.bantam.ch\\\/de\\\/#\\\/schema\\\/logo\\\/image\\\/\",\"url\":\"https:\\\/\\\/shop.bantam.ch\\\/wp-content\\\/uploads\\\/2022\\\/12\\\/bantam-logo.png\",\"contentUrl\":\"https:\\\/\\\/shop.bantam.ch\\\/wp-content\\\/uploads\\\/2022\\\/12\\\/bantam-logo.png\",\"width\":320,\"height\":71,\"caption\":\"Bantam Camping AG\"},\"image\":{\"@id\":\"https:\\\/\\\/shop.bantam.ch\\\/de\\\/#\\\/schema\\\/logo\\\/image\\\/\"}}]}<\/script>\n<!-- \/ Yoast SEO plugin. -->","yoast_head_json":{"title":"Einhebelmischer Modena chrom - Bantam Camping AG","robots":{"index":"index","follow":"follow","max-snippet":"max-snippet:-1","max-image-preview":"max-image-preview:large","max-video-preview":"max-video-preview:-1"},"canonical":"https:\/\/shop.bantam.ch\/de\/produkt\/einhebelmischer-modena-chrom\/","og_locale":"de_DE","og_type":"article","og_title":"Einhebelmischer Modena chrom - Bantam Camping AG","og_description":"Der Einhebelmischer MODENA ist eine moderne und hochwertige Kunststoffarmatur mit hoher Funktionalit\u00e4t. Der wahlweise verf\u00fcgbare Mikroschalter erm\u00f6glicht den Einsatz im Caravan und Reisemobil. Schwenkbarer Auslauf Langj\u00e4hrig bew\u00e4hrte Keramikkartusche Gut zu reinigende Oberfl\u00e4che Perlator kann mit Hilfe des mitgelieferten Schl\u00fcssels entfernt und somit einfach gereinigt werden Druckwasserbest\u00e4ndige Armatur bis 3 bar Gewindel\u00e4nge 40 mm \u00a0","og_url":"https:\/\/shop.bantam.ch\/de\/produkt\/einhebelmischer-modena-chrom\/","og_site_name":"Bantam Camping AG","article_modified_time":"2026-04-18T19:23:04+00:00","og_image":[{"width":1000,"height":1000,"url":"https:\/\/shop.bantam.ch\/wp-content\/uploads\/2023\/02\/993198511.jpg","type":"image\/jpeg"}],"twitter_card":"summary_large_image","schema":{"@context":"https:\/\/schema.org","@graph":[{"@type":"WebPage","@id":"https:\/\/shop.bantam.ch\/de\/produkt\/einhebelmischer-modena-chrom\/","url":"https:\/\/shop.bantam.ch\/de\/produkt\/einhebelmischer-modena-chrom\/","name":"Einhebelmischer Modena chrom - Bantam Camping AG","isPartOf":{"@id":"https:\/\/shop.bantam.ch\/de\/#website"},"primaryImageOfPage":{"@id":"https:\/\/shop.bantam.ch\/de\/produkt\/einhebelmischer-modena-chrom\/#primaryimage"},"image":{"@id":"https:\/\/shop.bantam.ch\/de\/produkt\/einhebelmischer-modena-chrom\/#primaryimage"},"thumbnailUrl":"https:\/\/shop.bantam.ch\/wp-content\/uploads\/2023\/02\/993198511.jpg","datePublished":"2023-02-28T00:14:48+00:00","dateModified":"2026-04-18T19:23:04+00:00","breadcrumb":{"@id":"https:\/\/shop.bantam.ch\/de\/produkt\/einhebelmischer-modena-chrom\/#breadcrumb"},"inLanguage":"de","potentialAction":[{"@type":"ReadAction","target":["https:\/\/shop.bantam.ch\/de\/produkt\/einhebelmischer-modena-chrom\/"]}]},{"@type":"ImageObject","inLanguage":"de","@id":"https:\/\/shop.bantam.ch\/de\/produkt\/einhebelmischer-modena-chrom\/#primaryimage","url":"https:\/\/shop.bantam.ch\/wp-content\/uploads\/2023\/02\/993198511.jpg","contentUrl":"https:\/\/shop.bantam.ch\/wp-content\/uploads\/2023\/02\/993198511.jpg","width":1000,"height":1000},{"@type":"BreadcrumbList","@id":"https:\/\/shop.bantam.ch\/de\/produkt\/einhebelmischer-modena-chrom\/#breadcrumb","itemListElement":[{"@type":"ListItem","position":1,"name":"Accueil","item":"https:\/\/shop.bantam.ch\/de\/"},{"@type":"ListItem","position":2,"name":"Shop","item":"https:\/\/shop.bantam.ch\/de\/shop\/"},{"@type":"ListItem","position":3,"name":"Einhebelmischer Modena chrom"}]},{"@type":"WebSite","@id":"https:\/\/shop.bantam.ch\/de\/#website","url":"https:\/\/shop.bantam.ch\/de\/","name":"Bantam Camping AG","description":"","publisher":{"@id":"https:\/\/shop.bantam.ch\/de\/#organization"},"inLanguage":"de"},{"@type":"Organization","@id":"https:\/\/shop.bantam.ch\/de\/#organization","name":"Bantam Camping AG","url":"https:\/\/shop.bantam.ch\/de\/","logo":{"@type":"ImageObject","inLanguage":"de","@id":"https:\/\/shop.bantam.ch\/de\/#\/schema\/logo\/image\/","url":"https:\/\/shop.bantam.ch\/wp-content\/uploads\/2022\/12\/bantam-logo.png","contentUrl":"https:\/\/shop.bantam.ch\/wp-content\/uploads\/2022\/12\/bantam-logo.png","width":320,"height":71,"caption":"Bantam Camping AG"},"image":{"@id":"https:\/\/shop.bantam.ch\/de\/#\/schema\/logo\/image\/"}}]}},"_links":{"self":[{"href":"https:\/\/shop.bantam.ch\/de\/wp-json\/wp\/v2\/product\/78779","targetHints":{"allow":["GET"]}}],"collection":[{"href":"https:\/\/shop.bantam.ch\/de\/wp-json\/wp\/v2\/product"}],"about":[{"href":"https:\/\/shop.bantam.ch\/de\/wp-json\/wp\/v2\/types\/product"}],"wp:featuredmedia":[{"embeddable":true,"href":"https:\/\/shop.bantam.ch\/de\/wp-json\/wp\/v2\/media\/78777"}],"wp:attachment":[{"href":"https:\/\/shop.bantam.ch\/de\/wp-json\/wp\/v2\/media?parent=78779"}],"wp:term":[{"taxonomy":"product_featured_cat","embeddable":true,"href":"https:\/\/shop.bantam.ch\/de\/wp-json\/wp\/v2\/product_featured_cat?post=78779"},{"taxonomy":"product_brand","embeddable":true,"href":"https:\/\/shop.bantam.ch\/de\/wp-json\/wp\/v2\/product_brand?post=78779"},{"taxonomy":"product_cat","embeddable":true,"href":"https:\/\/shop.bantam.ch\/de\/wp-json\/wp\/v2\/product_cat?post=78779"},{"taxonomy":"product_tag","embeddable":true,"href":"https:\/\/shop.bantam.ch\/de\/wp-json\/wp\/v2\/product_tag?post=78779"}],"curies":[{"name":"wp","href":"https:\/\/api.w.org\/{rel}","templated":true}]}}