{"id":78743,"date":"2023-02-28T01:14:10","date_gmt":"2023-02-28T00:14:10","guid":{"rendered":"http:\/\/shop.bantam.ch\/produit\/umschaltstation-us-12n\/"},"modified":"2026-04-18T21:22:55","modified_gmt":"2026-04-18T19:22:55","slug":"umschaltstation-us-12n","status":"publish","type":"product","link":"https:\/\/shop.bantam.ch\/de\/produkt\/umschaltstation-us-12n\/","title":{"rendered":"Umschaltstation IVT US-12N automatische Netzumschaltung"},"content":{"rendered":"<p>Gesicherte Stromversorgung dank pr\u00e4ziser Umschaltung.<br \/>Die Umschaltstation US-12N erm\u00f6glicht es Ihnen st\u00f6rungsfrei 230 V AC Verbraucher \u00fcber zwei unterschiedliche Spannungsquellen zu versorgen, beispielsweise \u00fcber einen Wechselrichter und das \u00f6ffentliche 230 V Stromnetz. Die maximale Anschlussleistung betr\u00e4gt 2700 VA. Mit der Priorit\u00e4tenschaltung legen Sie fest, welche Spannungsquelle bevorzugt verwendet werden soll &#8211; f\u00e4llt diese Spannungsquelle aus, schaltet die Umschaltstation automatisch auf die Ersatzspannungsquelle um. So laufen Ihre Ger\u00e4te trotz Stromausfall oder ersch\u00f6pftem Akku weiter. Die hochwertigen Relais sorgen f\u00fcr eine pr\u00e4zise Umschaltschwelle. Dadurch ist Ihr Wechselrichter besonders gut vor R\u00fcckeinspeisung von Fremdspannung gesch\u00fctzt.<br \/>Einsatzempfehlung: Geeignet f\u00fcr Solar-Inselanlagen, Kfz, Service- und Nutzfahrzeuge, Wohnmobile, Caravan, Motor- und Segelboote u.v.m.<\/p>\n","protected":false},"excerpt":{"rendered":"<p>Gesicherte Stromversorgung dank pr\u00e4ziser Umschaltung.Die Umschaltstation US-12N erm\u00f6glicht es Ihnen st\u00f6rungsfrei 230 V AC Verbraucher \u00fcber zwei unterschiedliche Spannungsquellen zu versorgen, beispielsweise \u00fcber einen Wechselrichter und das \u00f6ffentliche 230 V Stromnetz. Die maximale Anschlussleistung betr\u00e4gt 2700 VA. Mit der Priorit\u00e4tenschaltung legen Sie fest, welche Spannungsquelle bevorzugt verwendet werden soll &#8211; f\u00e4llt diese Spannungsquelle aus, schaltet [&hellip;]<\/p>\n","protected":false},"featured_media":78741,"template":"","meta":{"_acf_changed":false},"product_featured_cat":[],"product_brand":[3339],"product_cat":[4170],"product_tag":[],"class_list":{"0":"post-78743","1":"product","2":"type-product","3":"status-publish","4":"has-post-thumbnail","6":"product_brand-ivt-de","7":"product_cat-wechselrichter","9":"first","10":"instock","11":"taxable","12":"shipping-taxable","13":"purchasable","14":"product-type-simple"},"acf":[],"yoast_head":"<!-- This site is optimized with the Yoast SEO plugin v27.4 - https:\/\/yoast.com\/product\/yoast-seo-wordpress\/ -->\n<title>Umschaltstation IVT US-12N automatische Netzumschaltung - Bantam Camping AG<\/title>\n<meta name=\"robots\" content=\"index, follow, max-snippet:-1, max-image-preview:large, max-video-preview:-1\" \/>\n<link rel=\"canonical\" href=\"https:\/\/shop.bantam.ch\/de\/produkt\/umschaltstation-us-12n\/\" \/>\n<meta property=\"og:locale\" content=\"de_DE\" \/>\n<meta property=\"og:type\" content=\"article\" \/>\n<meta property=\"og:title\" content=\"Umschaltstation IVT US-12N automatische Netzumschaltung - Bantam Camping AG\" \/>\n<meta property=\"og:description\" content=\"Gesicherte Stromversorgung dank pr\u00e4ziser Umschaltung.Die Umschaltstation US-12N erm\u00f6glicht es Ihnen st\u00f6rungsfrei 230 V AC Verbraucher \u00fcber zwei unterschiedliche Spannungsquellen zu versorgen, beispielsweise \u00fcber einen Wechselrichter und das \u00f6ffentliche 230 V Stromnetz. Die maximale Anschlussleistung betr\u00e4gt 2700 VA. Mit der Priorit\u00e4tenschaltung legen Sie fest, welche Spannungsquelle bevorzugt verwendet werden soll &#8211; f\u00e4llt diese Spannungsquelle aus, schaltet [&hellip;]\" \/>\n<meta property=\"og:url\" content=\"https:\/\/shop.bantam.ch\/de\/produkt\/umschaltstation-us-12n\/\" \/>\n<meta property=\"og:site_name\" content=\"Bantam Camping AG\" \/>\n<meta property=\"article:modified_time\" content=\"2026-04-18T19:22:55+00:00\" \/>\n<meta property=\"og:image\" content=\"https:\/\/shop.bantam.ch\/wp-content\/uploads\/2023\/02\/995454411.jpg\" \/>\n\t<meta property=\"og:image:width\" content=\"1000\" \/>\n\t<meta property=\"og:image:height\" content=\"977\" \/>\n\t<meta property=\"og:image:type\" content=\"image\/jpeg\" \/>\n<meta name=\"twitter:card\" content=\"summary_large_image\" \/>\n<meta name=\"twitter:label1\" content=\"Gesch\u00e4tzte Lesezeit\" \/>\n\t<meta name=\"twitter:data1\" content=\"1\u00a0Minute\" \/>\n<script type=\"application\/ld+json\" class=\"yoast-schema-graph\">{\"@context\":\"https:\\\/\\\/schema.org\",\"@graph\":[{\"@type\":\"WebPage\",\"@id\":\"https:\\\/\\\/shop.bantam.ch\\\/de\\\/produkt\\\/umschaltstation-us-12n\\\/\",\"url\":\"https:\\\/\\\/shop.bantam.ch\\\/de\\\/produkt\\\/umschaltstation-us-12n\\\/\",\"name\":\"Umschaltstation IVT US-12N automatische Netzumschaltung - Bantam Camping AG\",\"isPartOf\":{\"@id\":\"https:\\\/\\\/shop.bantam.ch\\\/de\\\/#website\"},\"primaryImageOfPage\":{\"@id\":\"https:\\\/\\\/shop.bantam.ch\\\/de\\\/produkt\\\/umschaltstation-us-12n\\\/#primaryimage\"},\"image\":{\"@id\":\"https:\\\/\\\/shop.bantam.ch\\\/de\\\/produkt\\\/umschaltstation-us-12n\\\/#primaryimage\"},\"thumbnailUrl\":\"https:\\\/\\\/shop.bantam.ch\\\/wp-content\\\/uploads\\\/2023\\\/02\\\/995454411.jpg\",\"datePublished\":\"2023-02-28T00:14:10+00:00\",\"dateModified\":\"2026-04-18T19:22:55+00:00\",\"breadcrumb\":{\"@id\":\"https:\\\/\\\/shop.bantam.ch\\\/de\\\/produkt\\\/umschaltstation-us-12n\\\/#breadcrumb\"},\"inLanguage\":\"de\",\"potentialAction\":[{\"@type\":\"ReadAction\",\"target\":[\"https:\\\/\\\/shop.bantam.ch\\\/de\\\/produkt\\\/umschaltstation-us-12n\\\/\"]}]},{\"@type\":\"ImageObject\",\"inLanguage\":\"de\",\"@id\":\"https:\\\/\\\/shop.bantam.ch\\\/de\\\/produkt\\\/umschaltstation-us-12n\\\/#primaryimage\",\"url\":\"https:\\\/\\\/shop.bantam.ch\\\/wp-content\\\/uploads\\\/2023\\\/02\\\/995454411.jpg\",\"contentUrl\":\"https:\\\/\\\/shop.bantam.ch\\\/wp-content\\\/uploads\\\/2023\\\/02\\\/995454411.jpg\",\"width\":1000,\"height\":977},{\"@type\":\"BreadcrumbList\",\"@id\":\"https:\\\/\\\/shop.bantam.ch\\\/de\\\/produkt\\\/umschaltstation-us-12n\\\/#breadcrumb\",\"itemListElement\":[{\"@type\":\"ListItem\",\"position\":1,\"name\":\"Accueil\",\"item\":\"https:\\\/\\\/shop.bantam.ch\\\/de\\\/\"},{\"@type\":\"ListItem\",\"position\":2,\"name\":\"Shop\",\"item\":\"https:\\\/\\\/shop.bantam.ch\\\/de\\\/shop\\\/\"},{\"@type\":\"ListItem\",\"position\":3,\"name\":\"Umschaltstation IVT US-12N automatische Netzumschaltung\"}]},{\"@type\":\"WebSite\",\"@id\":\"https:\\\/\\\/shop.bantam.ch\\\/de\\\/#website\",\"url\":\"https:\\\/\\\/shop.bantam.ch\\\/de\\\/\",\"name\":\"Bantam Camping AG\",\"description\":\"\",\"publisher\":{\"@id\":\"https:\\\/\\\/shop.bantam.ch\\\/de\\\/#organization\"},\"inLanguage\":\"de\"},{\"@type\":\"Organization\",\"@id\":\"https:\\\/\\\/shop.bantam.ch\\\/de\\\/#organization\",\"name\":\"Bantam Camping AG\",\"url\":\"https:\\\/\\\/shop.bantam.ch\\\/de\\\/\",\"logo\":{\"@type\":\"ImageObject\",\"inLanguage\":\"de\",\"@id\":\"https:\\\/\\\/shop.bantam.ch\\\/de\\\/#\\\/schema\\\/logo\\\/image\\\/\",\"url\":\"https:\\\/\\\/shop.bantam.ch\\\/wp-content\\\/uploads\\\/2022\\\/12\\\/bantam-logo.png\",\"contentUrl\":\"https:\\\/\\\/shop.bantam.ch\\\/wp-content\\\/uploads\\\/2022\\\/12\\\/bantam-logo.png\",\"width\":320,\"height\":71,\"caption\":\"Bantam Camping AG\"},\"image\":{\"@id\":\"https:\\\/\\\/shop.bantam.ch\\\/de\\\/#\\\/schema\\\/logo\\\/image\\\/\"}}]}<\/script>\n<!-- \/ Yoast SEO plugin. -->","yoast_head_json":{"title":"Umschaltstation IVT US-12N automatische Netzumschaltung - Bantam Camping AG","robots":{"index":"index","follow":"follow","max-snippet":"max-snippet:-1","max-image-preview":"max-image-preview:large","max-video-preview":"max-video-preview:-1"},"canonical":"https:\/\/shop.bantam.ch\/de\/produkt\/umschaltstation-us-12n\/","og_locale":"de_DE","og_type":"article","og_title":"Umschaltstation IVT US-12N automatische Netzumschaltung - Bantam Camping AG","og_description":"Gesicherte Stromversorgung dank pr\u00e4ziser Umschaltung.Die Umschaltstation US-12N erm\u00f6glicht es Ihnen st\u00f6rungsfrei 230 V AC Verbraucher \u00fcber zwei unterschiedliche Spannungsquellen zu versorgen, beispielsweise \u00fcber einen Wechselrichter und das \u00f6ffentliche 230 V Stromnetz. Die maximale Anschlussleistung betr\u00e4gt 2700 VA. Mit der Priorit\u00e4tenschaltung legen Sie fest, welche Spannungsquelle bevorzugt verwendet werden soll &#8211; f\u00e4llt diese Spannungsquelle aus, schaltet [&hellip;]","og_url":"https:\/\/shop.bantam.ch\/de\/produkt\/umschaltstation-us-12n\/","og_site_name":"Bantam Camping AG","article_modified_time":"2026-04-18T19:22:55+00:00","og_image":[{"width":1000,"height":977,"url":"https:\/\/shop.bantam.ch\/wp-content\/uploads\/2023\/02\/995454411.jpg","type":"image\/jpeg"}],"twitter_card":"summary_large_image","twitter_misc":{"Gesch\u00e4tzte Lesezeit":"1\u00a0Minute"},"schema":{"@context":"https:\/\/schema.org","@graph":[{"@type":"WebPage","@id":"https:\/\/shop.bantam.ch\/de\/produkt\/umschaltstation-us-12n\/","url":"https:\/\/shop.bantam.ch\/de\/produkt\/umschaltstation-us-12n\/","name":"Umschaltstation IVT US-12N automatische Netzumschaltung - Bantam Camping AG","isPartOf":{"@id":"https:\/\/shop.bantam.ch\/de\/#website"},"primaryImageOfPage":{"@id":"https:\/\/shop.bantam.ch\/de\/produkt\/umschaltstation-us-12n\/#primaryimage"},"image":{"@id":"https:\/\/shop.bantam.ch\/de\/produkt\/umschaltstation-us-12n\/#primaryimage"},"thumbnailUrl":"https:\/\/shop.bantam.ch\/wp-content\/uploads\/2023\/02\/995454411.jpg","datePublished":"2023-02-28T00:14:10+00:00","dateModified":"2026-04-18T19:22:55+00:00","breadcrumb":{"@id":"https:\/\/shop.bantam.ch\/de\/produkt\/umschaltstation-us-12n\/#breadcrumb"},"inLanguage":"de","potentialAction":[{"@type":"ReadAction","target":["https:\/\/shop.bantam.ch\/de\/produkt\/umschaltstation-us-12n\/"]}]},{"@type":"ImageObject","inLanguage":"de","@id":"https:\/\/shop.bantam.ch\/de\/produkt\/umschaltstation-us-12n\/#primaryimage","url":"https:\/\/shop.bantam.ch\/wp-content\/uploads\/2023\/02\/995454411.jpg","contentUrl":"https:\/\/shop.bantam.ch\/wp-content\/uploads\/2023\/02\/995454411.jpg","width":1000,"height":977},{"@type":"BreadcrumbList","@id":"https:\/\/shop.bantam.ch\/de\/produkt\/umschaltstation-us-12n\/#breadcrumb","itemListElement":[{"@type":"ListItem","position":1,"name":"Accueil","item":"https:\/\/shop.bantam.ch\/de\/"},{"@type":"ListItem","position":2,"name":"Shop","item":"https:\/\/shop.bantam.ch\/de\/shop\/"},{"@type":"ListItem","position":3,"name":"Umschaltstation IVT US-12N automatische Netzumschaltung"}]},{"@type":"WebSite","@id":"https:\/\/shop.bantam.ch\/de\/#website","url":"https:\/\/shop.bantam.ch\/de\/","name":"Bantam Camping AG","description":"","publisher":{"@id":"https:\/\/shop.bantam.ch\/de\/#organization"},"inLanguage":"de"},{"@type":"Organization","@id":"https:\/\/shop.bantam.ch\/de\/#organization","name":"Bantam Camping AG","url":"https:\/\/shop.bantam.ch\/de\/","logo":{"@type":"ImageObject","inLanguage":"de","@id":"https:\/\/shop.bantam.ch\/de\/#\/schema\/logo\/image\/","url":"https:\/\/shop.bantam.ch\/wp-content\/uploads\/2022\/12\/bantam-logo.png","contentUrl":"https:\/\/shop.bantam.ch\/wp-content\/uploads\/2022\/12\/bantam-logo.png","width":320,"height":71,"caption":"Bantam Camping AG"},"image":{"@id":"https:\/\/shop.bantam.ch\/de\/#\/schema\/logo\/image\/"}}]}},"_links":{"self":[{"href":"https:\/\/shop.bantam.ch\/de\/wp-json\/wp\/v2\/product\/78743","targetHints":{"allow":["GET"]}}],"collection":[{"href":"https:\/\/shop.bantam.ch\/de\/wp-json\/wp\/v2\/product"}],"about":[{"href":"https:\/\/shop.bantam.ch\/de\/wp-json\/wp\/v2\/types\/product"}],"wp:featuredmedia":[{"embeddable":true,"href":"https:\/\/shop.bantam.ch\/de\/wp-json\/wp\/v2\/media\/78741"}],"wp:attachment":[{"href":"https:\/\/shop.bantam.ch\/de\/wp-json\/wp\/v2\/media?parent=78743"}],"wp:term":[{"taxonomy":"product_featured_cat","embeddable":true,"href":"https:\/\/shop.bantam.ch\/de\/wp-json\/wp\/v2\/product_featured_cat?post=78743"},{"taxonomy":"product_brand","embeddable":true,"href":"https:\/\/shop.bantam.ch\/de\/wp-json\/wp\/v2\/product_brand?post=78743"},{"taxonomy":"product_cat","embeddable":true,"href":"https:\/\/shop.bantam.ch\/de\/wp-json\/wp\/v2\/product_cat?post=78743"},{"taxonomy":"product_tag","embeddable":true,"href":"https:\/\/shop.bantam.ch\/de\/wp-json\/wp\/v2\/product_tag?post=78743"}],"curies":[{"name":"wp","href":"https:\/\/api.w.org\/{rel}","templated":true}]}}